{"id":9896,"date":"2020-12-03T16:24:53","date_gmt":"2020-12-03T16:24:53","guid":{"rendered":"https:\/\/www.dinamicaballet.com\/producto\/sbarra-da-danza-fissa-a-parete-arabesque-doppia\/"},"modified":"2025-03-31T10:14:17","modified_gmt":"2025-03-31T09:14:17","slug":"sbarra-da-danza-fissa-a-parete-arabesque-doppia","status":"publish","type":"product","link":"https:\/\/new.dinamicaballet.com\/it\/producto\/sbarra-da-danza-fissa-a-parete-arabesque-doppia\/","title":{"rendered":"Sbarra da danza fissa a parete Arabesque Doppia color argento"},"content":{"rendered":"<h3><strong>Un supporto 4 in 1<\/strong><\/h3>\n<p>I supporti Arabesque Doppi sono stati disegnati per poter unire quattro sbarre, due sbarre di legno in ogni cilindro. Questo permette il montaggio di una sbarra da danza doppia continua nelle sale sfruttando tutti gli spazi e mantenendo totale stabilit\u00e1 in tutti i punti. Le sbarre di legno sono fissate al supporto con piccole impercettibili viti che non danneggiano il legno affinch\u00e9 mantenga tutte le sue propriet\u00e0 intatte.<\/p>\n<h3><strong>A prova di strattoni<\/strong><\/h3>\n<p>L&#8217;acciaio del supporto e le sbarre in legno di pino giallo hanno le caratteristiche ideali per la pratica della danza. La forza e la resistenza dell&#8217;acciaio con la flessibilit\u00e1, la presa e la piacevolezza al tatto del legno permettono di goderti appieno gli esercizi. Forniamo le viti e i tasselli Fischer necessari per l&#8217;installazione dei supporti a muro e per il fissaggio delle sbarre di legno.<\/p>\n<h3><strong>Un Arabesque Doppio \u00e9 per sempre <\/strong><\/h3>\n<p>El acero del soporte con las barras de madera de Pino Melis aportan las propiedades ideales para la pr\u00e1ctica de la danza. La fortaleza y resistencia del acero con la flexibilidad, agarre y tacto c\u00e1lido de la madera te permitir\u00e1n disfrutar al m\u00e1ximo de tus ejercicios. Te proporcionaremos los tornillos y tacos Fischer para unir cada soporte a la pared y las barras de madera. Seguro que disfrutar\u00e1s esta barra de ballet doble de pared much\u00edsimos a\u00f1os.<\/p>\n<a href=\"https:\/\/new.dinamicaballet.com\/wp-content\/uploads\/2021\/05\/FT-ARABESQUE-DOBLE-1223_compressed.pdf\" class=\"su-button su-button-style-default\" style=\"color:#006B7C;background-color:#FFF2D5;border-color:#ccc2ab;border-radius:5px\" target=\"_blank\" rel=\"noopener noreferrer\"><span style=\"color:#006B7C;padding:0px 16px;font-size:13px;line-height:26px;border-color:#fff6e2;border-radius:5px;text-shadow:none\"> Scarica la scheda tecnica completa<\/span><\/a> <a href=\"https:\/\/new.dinamicaballet.com\/wp-content\/uploads\/2021\/05\/FT-ARABESQUE-DOBLE-1223_compressed.pdf\" class=\"su-button su-button-style-default\" style=\"color:#006B7C;background-color:#FFF2D5;border-color:#ccc2ab;border-radius:5px\" target=\"_blank\" rel=\"noopener noreferrer\"><span style=\"color:#006B7C;padding:0px 16px;font-size:13px;line-height:26px;border-color:#fff6e2;border-radius:5px;text-shadow:none\"> Scarica le istruzioni di montaggio<\/span><\/a>\n<p>&nbsp;<\/p>\n<div class=\"su-youtube su-u-responsive-media-yes\"><iframe loading=\"lazy\" width=\"600\" height=\"400\" src=\"https:\/\/www.youtube.com\/embed\/sUob8h-oBwU?autohide=2&amp;autoplay=0&amp;mute=1&amp;controls=1&amp;fs=1&amp;loop=0&amp;modestbranding=0&amp;rel=1&amp;showinfo=1&amp;theme=dark&amp;wmode=&amp;playsinline=0\" frameborder=\"0\" allowfullscreen allow=\"autoplay; encrypted-media; picture-in-picture\" title=\"Sbarra da danza fissa a parete Arabesque Doppia color argento Dinamica Ballet\"><\/iframe><\/div>\n","protected":false},"excerpt":{"rendered":"<p>I supporti a parete Arabesque doppi offrono la massima resistenza alla pressione e l&#8217;unione perfetta tra le sbarre per creare spazi con tutti i metri lineari di sbarre che desideri. Prodotti in acciaio con la rifinitura color argento per sopportare due sbarre di legno, la sbarra Arabesque Doppia \u00e9 un diventata un classico per appassionati di danza e professionisti che lavorano con allievi di diverse et\u00e0.<\/p>\n<p><strong>IVA E SPEDIZIONE INCLUSI<\/strong><\/p>\n","protected":false},"featured_media":9910,"template":"","meta":{"_editorskit_title_hidden":false,"_editorskit_reading_time":0,"_editorskit_is_block_options_detached":false,"_editorskit_block_options_position":"{}","inline_featured_image":false,"_kad_blocks_custom_css":"","_kad_blocks_head_custom_js":"","_kad_blocks_body_custom_js":"","_kad_blocks_footer_custom_js":""},"product_brand":[],"product_cat":[285,288,289,208],"product_tag":[],"class_list":{"0":"post-9896","1":"product","2":"type-product","3":"status-publish","4":"has-post-thumbnail","6":"product_cat-due-sbarre","7":"product_cat-home-collection-it","8":"product_cat-profesional-it","9":"product_cat-sbarre-da-danza-fisse-a-muro","10":"post","11":"with-featured-image","13":"first","14":"instock","15":"taxable","16":"shipping-taxable","17":"purchasable","18":"product-type-variable"},"yoast_head":"<!-- This site is optimized with the Yoast SEO plugin v27.4 - https:\/\/yoast.com\/product\/yoast-seo-wordpress\/ -->\n<title>Sbarra da danza fissa a parete Arabesque Doppia | Negozio Online<\/title>\n<meta name=\"description\" content=\"La sbarra Arabesque Doppia \u00e9 un diventata un classico per appassionati di danza e professionisti che lavorano con allievi di diverse et\u00e0.\" \/>\n<meta name=\"robots\" content=\"noindex, follow, max-snippet:-1, max-image-preview:large, max-video-preview:-1\" \/>\n<meta property=\"og:locale\" content=\"it_IT\" \/>\n<meta property=\"og:type\" content=\"article\" \/>\n<meta property=\"og:title\" content=\"Sbarra da danza fissa a parete Arabesque Doppia | Negozio Online\" \/>\n<meta property=\"og:description\" content=\"La sbarra Arabesque Doppia \u00e9 un diventata un classico per appassionati di danza e professionisti che lavorano con allievi di diverse et\u00e0.\" \/>\n<meta property=\"og:url\" content=\"https:\/\/new.dinamicaballet.com\/it\/producto\/sbarra-da-danza-fissa-a-parete-arabesque-doppia\/\" \/>\n<meta property=\"og:site_name\" content=\"Dinamica Ballet\" \/>\n<meta property=\"article:publisher\" content=\"https:\/\/www.facebook.com\/dinamicaballet\" \/>\n<meta property=\"article:modified_time\" content=\"2025-03-31T09:14:17+00:00\" \/>\n<meta property=\"og:image\" content=\"https:\/\/new.dinamicaballet.com\/wp-content\/uploads\/2020\/12\/dinamica_ballet_shop_arabesque_doble_01.jpg\" \/>\n\t<meta property=\"og:image:width\" content=\"600\" \/>\n\t<meta property=\"og:image:height\" content=\"800\" \/>\n\t<meta property=\"og:image:type\" content=\"image\/jpeg\" \/>\n<meta name=\"twitter:card\" content=\"summary_large_image\" \/>\n<meta name=\"twitter:label1\" content=\"Tempo di lettura stimato\" \/>\n\t<meta name=\"twitter:data1\" content=\"2 minuti\" \/>\n<script type=\"application\/ld+json\" class=\"yoast-schema-graph\">{\"@context\":\"https:\\\/\\\/schema.org\",\"@graph\":[{\"@type\":\"WebPage\",\"@id\":\"https:\\\/\\\/new.dinamicaballet.com\\\/it\\\/producto\\\/sbarra-da-danza-fissa-a-parete-arabesque-doppia\\\/\",\"url\":\"https:\\\/\\\/new.dinamicaballet.com\\\/it\\\/producto\\\/sbarra-da-danza-fissa-a-parete-arabesque-doppia\\\/\",\"name\":\"Sbarra da danza fissa a parete Arabesque Doppia | Negozio Online\",\"isPartOf\":{\"@id\":\"https:\\\/\\\/new.dinamicaballet.com\\\/it\\\/#website\"},\"primaryImageOfPage\":{\"@id\":\"https:\\\/\\\/new.dinamicaballet.com\\\/it\\\/producto\\\/sbarra-da-danza-fissa-a-parete-arabesque-doppia\\\/#primaryimage\"},\"image\":{\"@id\":\"https:\\\/\\\/new.dinamicaballet.com\\\/it\\\/producto\\\/sbarra-da-danza-fissa-a-parete-arabesque-doppia\\\/#primaryimage\"},\"thumbnailUrl\":\"https:\\\/\\\/new.dinamicaballet.com\\\/wp-content\\\/uploads\\\/2020\\\/12\\\/dinamica_ballet_shop_arabesque_doble_01.jpg\",\"datePublished\":\"2020-12-03T16:24:53+00:00\",\"dateModified\":\"2025-03-31T09:14:17+00:00\",\"description\":\"La sbarra Arabesque Doppia \u00e9 un diventata un classico per appassionati di danza e professionisti che lavorano con allievi di diverse et\u00e0.\",\"inLanguage\":\"it-IT\",\"potentialAction\":[{\"@type\":\"ReadAction\",\"target\":[\"https:\\\/\\\/new.dinamicaballet.com\\\/it\\\/producto\\\/sbarra-da-danza-fissa-a-parete-arabesque-doppia\\\/\"]}]},{\"@type\":\"ImageObject\",\"inLanguage\":\"it-IT\",\"@id\":\"https:\\\/\\\/new.dinamicaballet.com\\\/it\\\/producto\\\/sbarra-da-danza-fissa-a-parete-arabesque-doppia\\\/#primaryimage\",\"url\":\"https:\\\/\\\/new.dinamicaballet.com\\\/wp-content\\\/uploads\\\/2020\\\/12\\\/dinamica_ballet_shop_arabesque_doble_01.jpg\",\"contentUrl\":\"https:\\\/\\\/new.dinamicaballet.com\\\/wp-content\\\/uploads\\\/2020\\\/12\\\/dinamica_ballet_shop_arabesque_doble_01.jpg\",\"width\":600,\"height\":800,\"caption\":\"Sbarra da danza fissa a parete Arabesque Doppia\"},{\"@type\":\"WebSite\",\"@id\":\"https:\\\/\\\/new.dinamicaballet.com\\\/it\\\/#website\",\"url\":\"https:\\\/\\\/new.dinamicaballet.com\\\/it\\\/\",\"name\":\"Dinamica Ballet\",\"description\":\"Especialistas en barras de ballet y espejos para la danza\",\"publisher\":{\"@id\":\"https:\\\/\\\/new.dinamicaballet.com\\\/it\\\/#organization\"},\"potentialAction\":[{\"@type\":\"SearchAction\",\"target\":{\"@type\":\"EntryPoint\",\"urlTemplate\":\"https:\\\/\\\/new.dinamicaballet.com\\\/it\\\/?s={search_term_string}\"},\"query-input\":{\"@type\":\"PropertyValueSpecification\",\"valueRequired\":true,\"valueName\":\"search_term_string\"}}],\"inLanguage\":\"it-IT\"},{\"@type\":\"Organization\",\"@id\":\"https:\\\/\\\/new.dinamicaballet.com\\\/it\\\/#organization\",\"name\":\"Dinamica Ballet\",\"url\":\"https:\\\/\\\/new.dinamicaballet.com\\\/it\\\/\",\"logo\":{\"@type\":\"ImageObject\",\"inLanguage\":\"it-IT\",\"@id\":\"https:\\\/\\\/new.dinamicaballet.com\\\/it\\\/#\\\/schema\\\/logo\\\/image\\\/\",\"url\":\"https:\\\/\\\/new.dinamicaballet.com\\\/wp-content\\\/uploads\\\/2022\\\/03\\\/logo_dinamica_ballet.svg\",\"contentUrl\":\"https:\\\/\\\/new.dinamicaballet.com\\\/wp-content\\\/uploads\\\/2022\\\/03\\\/logo_dinamica_ballet.svg\",\"width\":284,\"height\":51,\"caption\":\"Dinamica Ballet\"},\"image\":{\"@id\":\"https:\\\/\\\/new.dinamicaballet.com\\\/it\\\/#\\\/schema\\\/logo\\\/image\\\/\"},\"sameAs\":[\"https:\\\/\\\/www.facebook.com\\\/dinamicaballet\",\"https:\\\/\\\/www.instagram.com\\\/dinamicaballet\\\/\",\"http:\\\/\\\/www.linkedin.com\\\/company\\\/dinamica-ballet\",\"https:\\\/\\\/www.pinterest.com\\\/DinamicaBallet\\\/\"]}]}<\/script>\n<!-- \/ Yoast SEO plugin. -->","yoast_head_json":{"title":"Sbarra da danza fissa a parete Arabesque Doppia | Negozio Online","description":"La sbarra Arabesque Doppia \u00e9 un diventata un classico per appassionati di danza e professionisti che lavorano con allievi di diverse et\u00e0.","robots":{"index":"noindex","follow":"follow","max-snippet":"max-snippet:-1","max-image-preview":"max-image-preview:large","max-video-preview":"max-video-preview:-1"},"og_locale":"it_IT","og_type":"article","og_title":"Sbarra da danza fissa a parete Arabesque Doppia | Negozio Online","og_description":"La sbarra Arabesque Doppia \u00e9 un diventata un classico per appassionati di danza e professionisti che lavorano con allievi di diverse et\u00e0.","og_url":"https:\/\/new.dinamicaballet.com\/it\/producto\/sbarra-da-danza-fissa-a-parete-arabesque-doppia\/","og_site_name":"Dinamica Ballet","article_publisher":"https:\/\/www.facebook.com\/dinamicaballet","article_modified_time":"2025-03-31T09:14:17+00:00","og_image":[{"width":600,"height":800,"url":"https:\/\/new.dinamicaballet.com\/wp-content\/uploads\/2020\/12\/dinamica_ballet_shop_arabesque_doble_01.jpg","type":"image\/jpeg"}],"twitter_card":"summary_large_image","twitter_misc":{"Tempo di lettura stimato":"2 minuti"},"schema":{"@context":"https:\/\/schema.org","@graph":[{"@type":"WebPage","@id":"https:\/\/new.dinamicaballet.com\/it\/producto\/sbarra-da-danza-fissa-a-parete-arabesque-doppia\/","url":"https:\/\/new.dinamicaballet.com\/it\/producto\/sbarra-da-danza-fissa-a-parete-arabesque-doppia\/","name":"Sbarra da danza fissa a parete Arabesque Doppia | Negozio Online","isPartOf":{"@id":"https:\/\/new.dinamicaballet.com\/it\/#website"},"primaryImageOfPage":{"@id":"https:\/\/new.dinamicaballet.com\/it\/producto\/sbarra-da-danza-fissa-a-parete-arabesque-doppia\/#primaryimage"},"image":{"@id":"https:\/\/new.dinamicaballet.com\/it\/producto\/sbarra-da-danza-fissa-a-parete-arabesque-doppia\/#primaryimage"},"thumbnailUrl":"https:\/\/new.dinamicaballet.com\/wp-content\/uploads\/2020\/12\/dinamica_ballet_shop_arabesque_doble_01.jpg","datePublished":"2020-12-03T16:24:53+00:00","dateModified":"2025-03-31T09:14:17+00:00","description":"La sbarra Arabesque Doppia \u00e9 un diventata un classico per appassionati di danza e professionisti che lavorano con allievi di diverse et\u00e0.","inLanguage":"it-IT","potentialAction":[{"@type":"ReadAction","target":["https:\/\/new.dinamicaballet.com\/it\/producto\/sbarra-da-danza-fissa-a-parete-arabesque-doppia\/"]}]},{"@type":"ImageObject","inLanguage":"it-IT","@id":"https:\/\/new.dinamicaballet.com\/it\/producto\/sbarra-da-danza-fissa-a-parete-arabesque-doppia\/#primaryimage","url":"https:\/\/new.dinamicaballet.com\/wp-content\/uploads\/2020\/12\/dinamica_ballet_shop_arabesque_doble_01.jpg","contentUrl":"https:\/\/new.dinamicaballet.com\/wp-content\/uploads\/2020\/12\/dinamica_ballet_shop_arabesque_doble_01.jpg","width":600,"height":800,"caption":"Sbarra da danza fissa a parete Arabesque Doppia"},{"@type":"WebSite","@id":"https:\/\/new.dinamicaballet.com\/it\/#website","url":"https:\/\/new.dinamicaballet.com\/it\/","name":"Dinamica Ballet","description":"Especialistas en barras de ballet y espejos para la danza","publisher":{"@id":"https:\/\/new.dinamicaballet.com\/it\/#organization"},"potentialAction":[{"@type":"SearchAction","target":{"@type":"EntryPoint","urlTemplate":"https:\/\/new.dinamicaballet.com\/it\/?s={search_term_string}"},"query-input":{"@type":"PropertyValueSpecification","valueRequired":true,"valueName":"search_term_string"}}],"inLanguage":"it-IT"},{"@type":"Organization","@id":"https:\/\/new.dinamicaballet.com\/it\/#organization","name":"Dinamica Ballet","url":"https:\/\/new.dinamicaballet.com\/it\/","logo":{"@type":"ImageObject","inLanguage":"it-IT","@id":"https:\/\/new.dinamicaballet.com\/it\/#\/schema\/logo\/image\/","url":"https:\/\/new.dinamicaballet.com\/wp-content\/uploads\/2022\/03\/logo_dinamica_ballet.svg","contentUrl":"https:\/\/new.dinamicaballet.com\/wp-content\/uploads\/2022\/03\/logo_dinamica_ballet.svg","width":284,"height":51,"caption":"Dinamica Ballet"},"image":{"@id":"https:\/\/new.dinamicaballet.com\/it\/#\/schema\/logo\/image\/"},"sameAs":["https:\/\/www.facebook.com\/dinamicaballet","https:\/\/www.instagram.com\/dinamicaballet\/","http:\/\/www.linkedin.com\/company\/dinamica-ballet","https:\/\/www.pinterest.com\/DinamicaBallet\/"]}]}},"taxonomy_info":{"product_cat":[{"value":285,"label":"Due sbarre"},{"value":288,"label":"Home Collection"},{"value":289,"label":"Profesional"},{"value":208,"label":"Sbarre fisse a a muro"}]},"featured_image_src_large":["https:\/\/new.dinamicaballet.com\/wp-content\/uploads\/2020\/12\/dinamica_ballet_shop_arabesque_doble_01.jpg",600,800,false],"author_info":[],"comment_info":"","_links":{"self":[{"href":"https:\/\/new.dinamicaballet.com\/it\/wp-json\/wp\/v2\/product\/9896","targetHints":{"allow":["GET"]}}],"collection":[{"href":"https:\/\/new.dinamicaballet.com\/it\/wp-json\/wp\/v2\/product"}],"about":[{"href":"https:\/\/new.dinamicaballet.com\/it\/wp-json\/wp\/v2\/types\/product"}],"wp:featuredmedia":[{"embeddable":true,"href":"https:\/\/new.dinamicaballet.com\/it\/wp-json\/wp\/v2\/media\/9910"}],"wp:attachment":[{"href":"https:\/\/new.dinamicaballet.com\/it\/wp-json\/wp\/v2\/media?parent=9896"}],"wp:term":[{"taxonomy":"product_brand","embeddable":true,"href":"https:\/\/new.dinamicaballet.com\/it\/wp-json\/wp\/v2\/product_brand?post=9896"},{"taxonomy":"product_cat","embeddable":true,"href":"https:\/\/new.dinamicaballet.com\/it\/wp-json\/wp\/v2\/product_cat?post=9896"},{"taxonomy":"product_tag","embeddable":true,"href":"https:\/\/new.dinamicaballet.com\/it\/wp-json\/wp\/v2\/product_tag?post=9896"}],"curies":[{"name":"wp","href":"https:\/\/api.w.org\/{rel}","templated":true}]}}