{"id":98773,"date":"2024-06-19T15:07:52","date_gmt":"2024-06-19T14:07:52","guid":{"rendered":"https:\/\/www.dinamicaballet.com\/?post_type=product&#038;p=98773"},"modified":"2024-07-01T12:45:08","modified_gmt":"2024-07-01T11:45:08","slug":"pack-sbarra-da-danza-per-casa-prima-de-1-5m-con-tappetino-reversibile-ondine","status":"publish","type":"product","link":"https:\/\/new.dinamicaballet.com\/it\/producto\/pack-sbarra-da-danza-per-casa-prima-de-1-5m-con-tappetino-reversibile-ondine\/","title":{"rendered":"Pack sbarra da danza per casa Prima de 1.5m con tappetino reversibile Ondine"},"content":{"rendered":"<h3><strong>La sbarra da danza mobile per esercitarsi a casa<\/strong><\/h3>\n<p>La Prima \u00e8 una sbarra ideale per chi muove i primi passi nel mondo della danza e vuole praticare a casa. Le basi in acciaio, di 6kg ognuna, sono dotate di protezioni in PVC per proteggere il pavimento di casa e apportano la stabilit\u00e0 necessaria per realizzare il riscaldamento e tutti gli esercizi con precisione. Con un peso totale di 16 kg, la Prima \u00e8 la nostra sbarra mobile pi\u00f9 leggera; potrai spostarla e toglierla una volta finiti i tuoi esercizi, anche se il suo disegno elegante e le linee delicate sono state pensate per integrarsi bene con la decorazione di una casa.<\/p>\n<h3><strong>Disegno minimalista con materiali professionali<\/strong><\/h3>\n<p>La Prima \u00e8 costruita con gli stessi materiali che utilizziamo per le nostre sbarre da danza per uso professionale. Le basi e le colonne sono di acciaio rifinite con vernice epoxy color argento per maggiore protezione da colpi e graffi. La sbarra in legno di pino giallo, avvitata direttamente sulle piastre dei supporti, regala una presa e un tatto perfetto. La Prima \u00e9 la sbarra pi\u00fa economica della nostra collezione per\u00f3 vi garantiamo che potrete sfruttarla per moltissimi anni.<\/p>\n<h3><strong>La consegniamo direttamente a casa e in 5 minuti \u00e8 pronta all\u2019uso<\/strong><\/h3>\n<p>La Prima \u00e8 la nostra sbarra che in pi\u00fa case si trova. Se desideri riceverla a casa, puoi acquistarla comodamente nel nostro negozio online. Con solo un cacciavite e la chiave Allen, che troverete inclusa, potrete montare velocemente la sbarra e godervi la vostra sbarra.<\/p>\n<h3 class=\"wp-block-heading\"><strong>Ondine, due tappetini in uno per ballerini esigenti<\/strong><\/h3>\n<p>Grigio da un lato e nero dall\u2019altro, puoi combinarlo a tuo piacimento. Srotola il tappetino e utilizzalo su entrambi i lati per ridurre al minimo l\u2019usura e abbinarlo ai colori del tuo spazio. Il tappetino Ondine ha un tocco morbido e offre l\u2019ammortizzazione e l\u2019aderenza perfette per esercizi di qualsiasi disciplina della danza con o senza sbarra da ballo. I due strati in PVC antiscivolo aderiscono a tutti i tipi di pavimento e se si vuole garantire un fissaggio totale, \u00e8 possibile utilizzare del nastro biadesivo.<\/p>\n<p><strong>Peso tappettino<\/strong>:<\/p>\n<ul>\n<li>200 x 100 cm: 4,2kg<\/li>\n<li>200 x 150 cm: 6,3 kg<\/li>\n<li>200 x 195 cm: 8,4 kg<\/li>\n<\/ul>\n<a href=\"https:\/\/new.dinamicaballet.com\/wp-content\/uploads\/2021\/05\/FT-PRIMA-0521-2.pdf\" class=\"su-button su-button-style-default\" style=\"color:#006B7C;background-color:#FFF2D5;border-color:#ccc2ab;border-radius:5px\" target=\"_blank\" rel=\"noopener noreferrer\"><span style=\"color:#006B7C;padding:0px 16px;font-size:13px;line-height:26px;border-color:#fff6e2;border-radius:5px;text-shadow:none\"> Scarica la scheda tecnica della Prima<\/span><\/a> <a href=\"https:\/\/new.dinamicaballet.com\/wp-content\/uploads\/2022\/01\/Instruccions-Prima.pdf\" class=\"su-button su-button-style-default\" style=\"color:#006B7C;background-color:#FFF2D5;border-color:#ccc2ab;border-radius:5px\" target=\"_blank\" rel=\"noopener noreferrer\"><span style=\"color:#006B7C;padding:0px 16px;font-size:13px;line-height:26px;border-color:#fff6e2;border-radius:5px;text-shadow:none\"> Scarica le istruzioni di montaggio della Prima<\/span><\/a>\n<p>&nbsp;<\/p>\n","protected":false},"excerpt":{"rendered":"<p>La<strong> sbarra per la danza Prima<\/strong> \u00e8 stata disegnata in modo che sia adulti che bambini possano allenarsi nella comodit\u00e0 del proprio salotto. \u00c8 una sbarra leggera per poterla muovere con facilit\u00e0 da un ambiente all\u2019altro, per\u00f2 sufficientemente stabile da poter praticare i tuoi battement fondu in tutta tranquillit\u00e0.<\/p>\n<p><strong>Il\u00a0tappetino\u00a0da ballo Ondine<\/strong> ti offre l\u2019ammortizzazione e la stabilit\u00e0 perfette per praticare i tuoi esercizi. \u00c8 un tappeto da palcoscenico reversibile realizzato con due strati di PVC morbido e antiscivolo che ti dar\u00e0 completa sicurezza durante le curve. Puoi allenarti a casa o portarlo comodamente a prove e tour, qualunque sia la tua specialit\u00e0.\u00a0 Dalla danza classica al hip hop, passando per le danze contemporanee, jazz o anche il flamenco o il tip tap, il tappetino diventer\u00e0 il tuo perfetto alleato nelle tue prove.<\/p>\n<p>Il pack include <strong>una sbarra da danza per casa Prima da 1.5m e un <\/strong><strong>tappetino da ballo Ondine da 2m x 1m, 2m x 1.5m o 2m x 1.95m<\/strong><\/p>\n<p><strong>IVA E SPEDIZIONE INCLUSI<\/strong><\/p>\n","protected":false},"featured_media":96217,"template":"","meta":{"_editorskit_title_hidden":false,"_editorskit_reading_time":0,"_editorskit_is_block_options_detached":false,"_editorskit_block_options_position":"{}","inline_featured_image":false,"_kad_blocks_custom_css":"","_kad_blocks_head_custom_js":"","_kad_blocks_body_custom_js":"","_kad_blocks_footer_custom_js":""},"product_brand":[],"product_cat":[330,288,212,215,284],"product_tag":[286],"class_list":{"0":"post-98773","1":"product","2":"type-product","3":"status-publish","4":"has-post-thumbnail","6":"product_cat-accessori","7":"product_cat-home-collection-it","8":"product_cat-sbarre-da-danza-mobili","9":"product_cat-sbarre-da-danza-regolabili-in-altezza","10":"product_cat-una-sbarra","11":"product_tag-movil-it","12":"post","13":"with-featured-image","15":"first","16":"instock","17":"taxable","18":"shipping-taxable","19":"purchasable","20":"product-type-variable","21":"has-default-attributes"},"yoast_head":"<!-- This site is optimized with the Yoast SEO plugin v27.4 - https:\/\/yoast.com\/product\/yoast-seo-wordpress\/ -->\n<title>Pack sbarra da danza Prima de 1.5m con tappetino Ondine<\/title>\n<meta name=\"description\" content=\"La Prima \u00e8 una sbarra ideale per chi muove i primi passi nel mondo della danza. Il\u00a0tappetino Ondine ti offre l\u2019ammortizzazione perfette per la danza\" \/>\n<meta name=\"robots\" content=\"noindex, follow, max-snippet:-1, max-image-preview:large, max-video-preview:-1\" \/>\n<meta property=\"og:locale\" content=\"it_IT\" \/>\n<meta property=\"og:type\" content=\"article\" \/>\n<meta property=\"og:title\" content=\"Pack sbarra da danza Prima de 1.5m con tappetino Ondine\" \/>\n<meta property=\"og:description\" content=\"La Prima \u00e8 una sbarra ideale per chi muove i primi passi nel mondo della danza. Il\u00a0tappetino Ondine ti offre l\u2019ammortizzazione perfette per la danza\" \/>\n<meta property=\"og:url\" content=\"https:\/\/new.dinamicaballet.com\/it\/producto\/pack-sbarra-da-danza-per-casa-prima-de-1-5m-con-tappetino-reversibile-ondine\/\" \/>\n<meta property=\"og:site_name\" content=\"Dinamica Ballet\" \/>\n<meta property=\"article:publisher\" content=\"https:\/\/www.facebook.com\/dinamicaballet\" \/>\n<meta property=\"article:modified_time\" content=\"2024-07-01T11:45:08+00:00\" \/>\n<meta property=\"og:image\" content=\"https:\/\/new.dinamicaballet.com\/wp-content\/uploads\/2024\/01\/Pack-Prima-Ondine.png\" \/>\n\t<meta property=\"og:image:width\" content=\"600\" \/>\n\t<meta property=\"og:image:height\" content=\"800\" \/>\n\t<meta property=\"og:image:type\" content=\"image\/png\" \/>\n<meta name=\"twitter:card\" content=\"summary_large_image\" \/>\n<meta name=\"twitter:label1\" content=\"Tempo di lettura stimato\" \/>\n\t<meta name=\"twitter:data1\" content=\"2 minuti\" \/>\n<script type=\"application\/ld+json\" class=\"yoast-schema-graph\">{\"@context\":\"https:\\\/\\\/schema.org\",\"@graph\":[{\"@type\":\"WebPage\",\"@id\":\"https:\\\/\\\/new.dinamicaballet.com\\\/it\\\/producto\\\/pack-sbarra-da-danza-per-casa-prima-de-1-5m-con-tappetino-reversibile-ondine\\\/\",\"url\":\"https:\\\/\\\/new.dinamicaballet.com\\\/it\\\/producto\\\/pack-sbarra-da-danza-per-casa-prima-de-1-5m-con-tappetino-reversibile-ondine\\\/\",\"name\":\"Pack sbarra da danza Prima de 1.5m con tappetino Ondine\",\"isPartOf\":{\"@id\":\"https:\\\/\\\/new.dinamicaballet.com\\\/it\\\/#website\"},\"primaryImageOfPage\":{\"@id\":\"https:\\\/\\\/new.dinamicaballet.com\\\/it\\\/producto\\\/pack-sbarra-da-danza-per-casa-prima-de-1-5m-con-tappetino-reversibile-ondine\\\/#primaryimage\"},\"image\":{\"@id\":\"https:\\\/\\\/new.dinamicaballet.com\\\/it\\\/producto\\\/pack-sbarra-da-danza-per-casa-prima-de-1-5m-con-tappetino-reversibile-ondine\\\/#primaryimage\"},\"thumbnailUrl\":\"https:\\\/\\\/new.dinamicaballet.com\\\/wp-content\\\/uploads\\\/2024\\\/01\\\/Pack-Prima-Ondine.png\",\"datePublished\":\"2024-06-19T14:07:52+00:00\",\"dateModified\":\"2024-07-01T11:45:08+00:00\",\"description\":\"La Prima \u00e8 una sbarra ideale per chi muove i primi passi nel mondo della danza. Il\u00a0tappetino Ondine ti offre l\u2019ammortizzazione perfette per la danza\",\"inLanguage\":\"it-IT\",\"potentialAction\":[{\"@type\":\"ReadAction\",\"target\":[\"https:\\\/\\\/new.dinamicaballet.com\\\/it\\\/producto\\\/pack-sbarra-da-danza-per-casa-prima-de-1-5m-con-tappetino-reversibile-ondine\\\/\"]}]},{\"@type\":\"ImageObject\",\"inLanguage\":\"it-IT\",\"@id\":\"https:\\\/\\\/new.dinamicaballet.com\\\/it\\\/producto\\\/pack-sbarra-da-danza-per-casa-prima-de-1-5m-con-tappetino-reversibile-ondine\\\/#primaryimage\",\"url\":\"https:\\\/\\\/new.dinamicaballet.com\\\/wp-content\\\/uploads\\\/2024\\\/01\\\/Pack-Prima-Ondine.png\",\"contentUrl\":\"https:\\\/\\\/new.dinamicaballet.com\\\/wp-content\\\/uploads\\\/2024\\\/01\\\/Pack-Prima-Ondine.png\",\"width\":600,\"height\":800},{\"@type\":\"WebSite\",\"@id\":\"https:\\\/\\\/new.dinamicaballet.com\\\/it\\\/#website\",\"url\":\"https:\\\/\\\/new.dinamicaballet.com\\\/it\\\/\",\"name\":\"Dinamica Ballet\",\"description\":\"Especialistas en barras de ballet y espejos para la danza\",\"publisher\":{\"@id\":\"https:\\\/\\\/new.dinamicaballet.com\\\/it\\\/#organization\"},\"potentialAction\":[{\"@type\":\"SearchAction\",\"target\":{\"@type\":\"EntryPoint\",\"urlTemplate\":\"https:\\\/\\\/new.dinamicaballet.com\\\/it\\\/?s={search_term_string}\"},\"query-input\":{\"@type\":\"PropertyValueSpecification\",\"valueRequired\":true,\"valueName\":\"search_term_string\"}}],\"inLanguage\":\"it-IT\"},{\"@type\":\"Organization\",\"@id\":\"https:\\\/\\\/new.dinamicaballet.com\\\/it\\\/#organization\",\"name\":\"Dinamica Ballet\",\"url\":\"https:\\\/\\\/new.dinamicaballet.com\\\/it\\\/\",\"logo\":{\"@type\":\"ImageObject\",\"inLanguage\":\"it-IT\",\"@id\":\"https:\\\/\\\/new.dinamicaballet.com\\\/it\\\/#\\\/schema\\\/logo\\\/image\\\/\",\"url\":\"https:\\\/\\\/new.dinamicaballet.com\\\/wp-content\\\/uploads\\\/2022\\\/03\\\/logo_dinamica_ballet.svg\",\"contentUrl\":\"https:\\\/\\\/new.dinamicaballet.com\\\/wp-content\\\/uploads\\\/2022\\\/03\\\/logo_dinamica_ballet.svg\",\"width\":284,\"height\":51,\"caption\":\"Dinamica Ballet\"},\"image\":{\"@id\":\"https:\\\/\\\/new.dinamicaballet.com\\\/it\\\/#\\\/schema\\\/logo\\\/image\\\/\"},\"sameAs\":[\"https:\\\/\\\/www.facebook.com\\\/dinamicaballet\",\"https:\\\/\\\/www.instagram.com\\\/dinamicaballet\\\/\",\"http:\\\/\\\/www.linkedin.com\\\/company\\\/dinamica-ballet\",\"https:\\\/\\\/www.pinterest.com\\\/DinamicaBallet\\\/\"]}]}<\/script>\n<!-- \/ Yoast SEO plugin. -->","yoast_head_json":{"title":"Pack sbarra da danza Prima de 1.5m con tappetino Ondine","description":"La Prima \u00e8 una sbarra ideale per chi muove i primi passi nel mondo della danza. Il\u00a0tappetino Ondine ti offre l\u2019ammortizzazione perfette per la danza","robots":{"index":"noindex","follow":"follow","max-snippet":"max-snippet:-1","max-image-preview":"max-image-preview:large","max-video-preview":"max-video-preview:-1"},"og_locale":"it_IT","og_type":"article","og_title":"Pack sbarra da danza Prima de 1.5m con tappetino Ondine","og_description":"La Prima \u00e8 una sbarra ideale per chi muove i primi passi nel mondo della danza. Il\u00a0tappetino Ondine ti offre l\u2019ammortizzazione perfette per la danza","og_url":"https:\/\/new.dinamicaballet.com\/it\/producto\/pack-sbarra-da-danza-per-casa-prima-de-1-5m-con-tappetino-reversibile-ondine\/","og_site_name":"Dinamica Ballet","article_publisher":"https:\/\/www.facebook.com\/dinamicaballet","article_modified_time":"2024-07-01T11:45:08+00:00","og_image":[{"width":600,"height":800,"url":"https:\/\/new.dinamicaballet.com\/wp-content\/uploads\/2024\/01\/Pack-Prima-Ondine.png","type":"image\/png"}],"twitter_card":"summary_large_image","twitter_misc":{"Tempo di lettura stimato":"2 minuti"},"schema":{"@context":"https:\/\/schema.org","@graph":[{"@type":"WebPage","@id":"https:\/\/new.dinamicaballet.com\/it\/producto\/pack-sbarra-da-danza-per-casa-prima-de-1-5m-con-tappetino-reversibile-ondine\/","url":"https:\/\/new.dinamicaballet.com\/it\/producto\/pack-sbarra-da-danza-per-casa-prima-de-1-5m-con-tappetino-reversibile-ondine\/","name":"Pack sbarra da danza Prima de 1.5m con tappetino Ondine","isPartOf":{"@id":"https:\/\/new.dinamicaballet.com\/it\/#website"},"primaryImageOfPage":{"@id":"https:\/\/new.dinamicaballet.com\/it\/producto\/pack-sbarra-da-danza-per-casa-prima-de-1-5m-con-tappetino-reversibile-ondine\/#primaryimage"},"image":{"@id":"https:\/\/new.dinamicaballet.com\/it\/producto\/pack-sbarra-da-danza-per-casa-prima-de-1-5m-con-tappetino-reversibile-ondine\/#primaryimage"},"thumbnailUrl":"https:\/\/new.dinamicaballet.com\/wp-content\/uploads\/2024\/01\/Pack-Prima-Ondine.png","datePublished":"2024-06-19T14:07:52+00:00","dateModified":"2024-07-01T11:45:08+00:00","description":"La Prima \u00e8 una sbarra ideale per chi muove i primi passi nel mondo della danza. Il\u00a0tappetino Ondine ti offre l\u2019ammortizzazione perfette per la danza","inLanguage":"it-IT","potentialAction":[{"@type":"ReadAction","target":["https:\/\/new.dinamicaballet.com\/it\/producto\/pack-sbarra-da-danza-per-casa-prima-de-1-5m-con-tappetino-reversibile-ondine\/"]}]},{"@type":"ImageObject","inLanguage":"it-IT","@id":"https:\/\/new.dinamicaballet.com\/it\/producto\/pack-sbarra-da-danza-per-casa-prima-de-1-5m-con-tappetino-reversibile-ondine\/#primaryimage","url":"https:\/\/new.dinamicaballet.com\/wp-content\/uploads\/2024\/01\/Pack-Prima-Ondine.png","contentUrl":"https:\/\/new.dinamicaballet.com\/wp-content\/uploads\/2024\/01\/Pack-Prima-Ondine.png","width":600,"height":800},{"@type":"WebSite","@id":"https:\/\/new.dinamicaballet.com\/it\/#website","url":"https:\/\/new.dinamicaballet.com\/it\/","name":"Dinamica Ballet","description":"Especialistas en barras de ballet y espejos para la danza","publisher":{"@id":"https:\/\/new.dinamicaballet.com\/it\/#organization"},"potentialAction":[{"@type":"SearchAction","target":{"@type":"EntryPoint","urlTemplate":"https:\/\/new.dinamicaballet.com\/it\/?s={search_term_string}"},"query-input":{"@type":"PropertyValueSpecification","valueRequired":true,"valueName":"search_term_string"}}],"inLanguage":"it-IT"},{"@type":"Organization","@id":"https:\/\/new.dinamicaballet.com\/it\/#organization","name":"Dinamica Ballet","url":"https:\/\/new.dinamicaballet.com\/it\/","logo":{"@type":"ImageObject","inLanguage":"it-IT","@id":"https:\/\/new.dinamicaballet.com\/it\/#\/schema\/logo\/image\/","url":"https:\/\/new.dinamicaballet.com\/wp-content\/uploads\/2022\/03\/logo_dinamica_ballet.svg","contentUrl":"https:\/\/new.dinamicaballet.com\/wp-content\/uploads\/2022\/03\/logo_dinamica_ballet.svg","width":284,"height":51,"caption":"Dinamica Ballet"},"image":{"@id":"https:\/\/new.dinamicaballet.com\/it\/#\/schema\/logo\/image\/"},"sameAs":["https:\/\/www.facebook.com\/dinamicaballet","https:\/\/www.instagram.com\/dinamicaballet\/","http:\/\/www.linkedin.com\/company\/dinamica-ballet","https:\/\/www.pinterest.com\/DinamicaBallet\/"]}]}},"taxonomy_info":{"product_cat":[{"value":330,"label":"Accessori"},{"value":288,"label":"Home Collection"},{"value":212,"label":"Sbarre da danza mobili"},{"value":215,"label":"Sbarre regolabili in altezza"},{"value":284,"label":"Una sbarra"}],"product_tag":[{"value":286,"label":"movil"}]},"featured_image_src_large":["https:\/\/new.dinamicaballet.com\/wp-content\/uploads\/2024\/01\/Pack-Prima-Ondine.png",600,800,false],"author_info":[],"comment_info":"","_links":{"self":[{"href":"https:\/\/new.dinamicaballet.com\/it\/wp-json\/wp\/v2\/product\/98773","targetHints":{"allow":["GET"]}}],"collection":[{"href":"https:\/\/new.dinamicaballet.com\/it\/wp-json\/wp\/v2\/product"}],"about":[{"href":"https:\/\/new.dinamicaballet.com\/it\/wp-json\/wp\/v2\/types\/product"}],"wp:featuredmedia":[{"embeddable":true,"href":"https:\/\/new.dinamicaballet.com\/it\/wp-json\/wp\/v2\/media\/96217"}],"wp:attachment":[{"href":"https:\/\/new.dinamicaballet.com\/it\/wp-json\/wp\/v2\/media?parent=98773"}],"wp:term":[{"taxonomy":"product_brand","embeddable":true,"href":"https:\/\/new.dinamicaballet.com\/it\/wp-json\/wp\/v2\/product_brand?post=98773"},{"taxonomy":"product_cat","embeddable":true,"href":"https:\/\/new.dinamicaballet.com\/it\/wp-json\/wp\/v2\/product_cat?post=98773"},{"taxonomy":"product_tag","embeddable":true,"href":"https:\/\/new.dinamicaballet.com\/it\/wp-json\/wp\/v2\/product_tag?post=98773"}],"curies":[{"name":"wp","href":"https:\/\/api.w.org\/{rel}","templated":true}]}}