{"id":9864,"date":"2020-12-03T16:30:30","date_gmt":"2020-12-03T16:30:30","guid":{"rendered":"https:\/\/www.dinamicaballet.com\/producto\/sbarra-per-la-danza-premium-mobile-doppia-regolabile-in-altezza-royale\/"},"modified":"2022-03-09T10:24:54","modified_gmt":"2022-03-09T10:24:54","slug":"sbarra-per-la-danza-premium-mobile-doppia-regolabile-in-altezza-royale","status":"publish","type":"product","link":"https:\/\/new.dinamicaballet.com\/it\/producto\/sbarra-per-la-danza-premium-mobile-doppia-regolabile-in-altezza-royale\/","title":{"rendered":"Sbarra premium doppia regolabile Royale"},"content":{"rendered":"<h3><strong>La sbarra da danza regolabile in altezza pi\u00f9 stabile che troverai<\/strong><\/h3>\n<p>La Royale \u00e9 una sbarra per i professionisti della danza che cercano il massimo rendimento nelle sbarre mobili. Le basi di 30 kg ciascuna, sono fatte in ghisa e sono dotate di 4 ruote di gomma di alta densit\u00e0 che permettono ad una sola persona di spostare la sbarra da danza comodamente. Il design della base fa si che le ruote non tocchino il pavimento mentre ci si allena, raggiungendo cosi una stabilit\u00e0 ineguagliabile in una sbarra da danza mobile. Stabilit\u00e0 totale per gli alunni di tutte le et\u00e0 e mobilit\u00e0 per liberare lo spazio dopo il riscaldamento, la Royale ha tutto quello di cui hai bisogno.<\/p>\n<h3><strong>Massima flessibilit\u00e0 nelle aule con il cambio di altezza facile e veloce <\/strong><\/h3>\n<p>Il supporto doppio di Dinamica Ballet sostiene due sbarre di legno, posizionate a 19 cm di distanza l&#8217;una dall&#8217;altra. Con il sistema di regolazione di altezza potrai lavorare con un&#8217;altezza minima di 73 cm e un altezza massima di 123cm, cosi non dovrai preoccuparti per l&#8217;altezza dei ballerini della classe. In qualunque posizione la Royale mantiene un&#8217;eccellente stabilit\u00e0 e resa. Il design esclusivo dei supporti doppi di Dinamica Ballet distribuisce la pressione che esercita il ballerino sulle sbarre di legno. Questa sbarra per la danza \u00e9 disponibile con sbarre di legno di 2m e 3m.<\/p>\n<h3><strong>Ghisa, acciaio e legno di pino per decenni di pratica<\/strong><\/h3>\n<p>Le colonne di acciaio sono rifinite con vernice epoxy color argento che le protegge da colpi e graffi. Le sbarre in legno di pino giallo proveniente da boschi dalla gestione sostenibile vengono ricavate da un unico pezzo di legno e levigate attentamente per proteggere le tue mani. Il legno \u00e9 un materiale vivo che offre una gran resistenza con una leggera flessibilit\u00e0 ed una presa perfetta e piacevole al tatto. Consegniamo la colonna regolabile in altezza gi\u00e0 montata sulla base, cosi che potrai iniziare ad allenarti in pochi minuti.<\/p>\n<a href=\"https:\/\/new.dinamicaballet.com\/wp-content\/uploads\/2021\/05\/FT-ROYALE-0521-2.pdf\" class=\"su-button su-button-style-default\" style=\"color:#006B7C;background-color:#FFF2D5;border-color:#ccc2ab;border-radius:5px\" target=\"_blank\" rel=\"noopener noreferrer\"><span style=\"color:#006B7C;padding:0px 16px;font-size:13px;line-height:26px;border-color:#fff6e2;border-radius:5px;text-shadow:none\"> Scarica la scheda tecnica completa<\/span><\/a> <a href=\"https:\/\/new.dinamicaballet.com\/wp-content\/uploads\/2021\/07\/Instruccions-Royale.pdf\" class=\"su-button su-button-style-default\" style=\"color:#006B7C;background-color:#FFF2D5;border-color:#ccc2ab;border-radius:5px\" target=\"_blank\" rel=\"noopener noreferrer\"><span style=\"color:#006B7C;padding:0px 16px;font-size:13px;line-height:26px;border-color:#fff6e2;border-radius:5px;text-shadow:none\"> Scarica le istruzioni di montaggio<\/span><\/a>\n","protected":false},"excerpt":{"rendered":"<p>Se sei alla ricerca di una sbarra da danza con l&#8217;altezza regolabile e con la stabilit\u00e1 di una sbarra fissa, la Royale \u00e9 il modello che fa per te. Con un peso totale di 76 kg, i supporti doppi per due sbarre da danza e il sistema di regolazione d&#8217;altezza su 10 posizioni, la Royale \u00e8 lo strumento di lavoro perfetto per le scuole pi\u00fa esigenti.<\/p>\n<p><strong>IVA E SPEDIZIONE INCLUSI<\/strong><\/p>\n","protected":false},"featured_media":9877,"template":"","meta":{"_editorskit_title_hidden":false,"_editorskit_reading_time":0,"_editorskit_is_block_options_detached":false,"_editorskit_block_options_position":"{}","inline_featured_image":false,"_kad_blocks_custom_css":"","_kad_blocks_head_custom_js":"","_kad_blocks_body_custom_js":"","_kad_blocks_footer_custom_js":""},"product_brand":[],"product_cat":[285,290,212,215],"product_tag":[],"class_list":{"0":"post-9864","1":"product","2":"type-product","3":"status-publish","4":"has-post-thumbnail","6":"product_cat-due-sbarre","7":"product_cat-premium-it","8":"product_cat-sbarre-da-danza-mobili","9":"product_cat-sbarre-da-danza-regolabili-in-altezza","10":"post","11":"with-featured-image","13":"first","14":"instock","15":"taxable","16":"shipping-taxable","17":"purchasable","18":"product-type-variable"},"yoast_head":"<!-- This site is optimized with the Yoast SEO plugin v27.4 - https:\/\/yoast.com\/product\/yoast-seo-wordpress\/ -->\n<title>Sbarra per la danza premium regolabile in altezza Royale | Negozio online<\/title>\n<meta name=\"description\" content=\"La sbarra da danza regolabile in altezza con basi fatte in ghisa a Royale \u00e8 lo strumento di lavoro perfetto per le scuole pi\u00f9 esigenti.\" \/>\n<meta name=\"robots\" content=\"noindex, follow, max-snippet:-1, max-image-preview:large, max-video-preview:-1\" \/>\n<meta property=\"og:locale\" content=\"it_IT\" \/>\n<meta property=\"og:type\" content=\"article\" \/>\n<meta property=\"og:title\" content=\"Sbarra per la danza premium regolabile in altezza Royale | Negozio online\" \/>\n<meta property=\"og:description\" content=\"La sbarra da danza regolabile in altezza con basi fatte in ghisa a Royale \u00e8 lo strumento di lavoro perfetto per le scuole pi\u00f9 esigenti.\" \/>\n<meta property=\"og:url\" content=\"https:\/\/new.dinamicaballet.com\/it\/producto\/sbarra-per-la-danza-premium-mobile-doppia-regolabile-in-altezza-royale\/\" \/>\n<meta property=\"og:site_name\" content=\"Dinamica Ballet\" \/>\n<meta property=\"article:publisher\" content=\"https:\/\/www.facebook.com\/dinamicaballet\" \/>\n<meta property=\"article:modified_time\" content=\"2022-03-09T10:24:54+00:00\" \/>\n<meta property=\"og:image\" content=\"https:\/\/new.dinamicaballet.com\/wp-content\/uploads\/2020\/12\/dinamica_ballet_shop_royale_01.jpg\" \/>\n\t<meta property=\"og:image:width\" content=\"600\" \/>\n\t<meta property=\"og:image:height\" content=\"800\" \/>\n\t<meta property=\"og:image:type\" content=\"image\/jpeg\" \/>\n<meta name=\"twitter:card\" content=\"summary_large_image\" \/>\n<meta name=\"twitter:label1\" content=\"Tempo di lettura stimato\" \/>\n\t<meta name=\"twitter:data1\" content=\"2 minuti\" \/>\n<script type=\"application\/ld+json\" class=\"yoast-schema-graph\">{\"@context\":\"https:\\\/\\\/schema.org\",\"@graph\":[{\"@type\":\"WebPage\",\"@id\":\"https:\\\/\\\/new.dinamicaballet.com\\\/it\\\/producto\\\/sbarra-per-la-danza-premium-mobile-doppia-regolabile-in-altezza-royale\\\/\",\"url\":\"https:\\\/\\\/new.dinamicaballet.com\\\/it\\\/producto\\\/sbarra-per-la-danza-premium-mobile-doppia-regolabile-in-altezza-royale\\\/\",\"name\":\"Sbarra per la danza premium regolabile in altezza Royale | Negozio online\",\"isPartOf\":{\"@id\":\"https:\\\/\\\/new.dinamicaballet.com\\\/it\\\/#website\"},\"primaryImageOfPage\":{\"@id\":\"https:\\\/\\\/new.dinamicaballet.com\\\/it\\\/producto\\\/sbarra-per-la-danza-premium-mobile-doppia-regolabile-in-altezza-royale\\\/#primaryimage\"},\"image\":{\"@id\":\"https:\\\/\\\/new.dinamicaballet.com\\\/it\\\/producto\\\/sbarra-per-la-danza-premium-mobile-doppia-regolabile-in-altezza-royale\\\/#primaryimage\"},\"thumbnailUrl\":\"https:\\\/\\\/new.dinamicaballet.com\\\/wp-content\\\/uploads\\\/2020\\\/12\\\/dinamica_ballet_shop_royale_01.jpg\",\"datePublished\":\"2020-12-03T16:30:30+00:00\",\"dateModified\":\"2022-03-09T10:24:54+00:00\",\"description\":\"La sbarra da danza regolabile in altezza con basi fatte in ghisa a Royale \u00e8 lo strumento di lavoro perfetto per le scuole pi\u00f9 esigenti.\",\"inLanguage\":\"it-IT\",\"potentialAction\":[{\"@type\":\"ReadAction\",\"target\":[\"https:\\\/\\\/new.dinamicaballet.com\\\/it\\\/producto\\\/sbarra-per-la-danza-premium-mobile-doppia-regolabile-in-altezza-royale\\\/\"]}]},{\"@type\":\"ImageObject\",\"inLanguage\":\"it-IT\",\"@id\":\"https:\\\/\\\/new.dinamicaballet.com\\\/it\\\/producto\\\/sbarra-per-la-danza-premium-mobile-doppia-regolabile-in-altezza-royale\\\/#primaryimage\",\"url\":\"https:\\\/\\\/new.dinamicaballet.com\\\/wp-content\\\/uploads\\\/2020\\\/12\\\/dinamica_ballet_shop_royale_01.jpg\",\"contentUrl\":\"https:\\\/\\\/new.dinamicaballet.com\\\/wp-content\\\/uploads\\\/2020\\\/12\\\/dinamica_ballet_shop_royale_01.jpg\",\"width\":600,\"height\":800,\"caption\":\"Sbarra per la danza premium mobile doppia regolabile in altezza Royale\"},{\"@type\":\"WebSite\",\"@id\":\"https:\\\/\\\/new.dinamicaballet.com\\\/it\\\/#website\",\"url\":\"https:\\\/\\\/new.dinamicaballet.com\\\/it\\\/\",\"name\":\"Dinamica Ballet\",\"description\":\"Especialistas en barras de ballet y espejos para la danza\",\"publisher\":{\"@id\":\"https:\\\/\\\/new.dinamicaballet.com\\\/it\\\/#organization\"},\"potentialAction\":[{\"@type\":\"SearchAction\",\"target\":{\"@type\":\"EntryPoint\",\"urlTemplate\":\"https:\\\/\\\/new.dinamicaballet.com\\\/it\\\/?s={search_term_string}\"},\"query-input\":{\"@type\":\"PropertyValueSpecification\",\"valueRequired\":true,\"valueName\":\"search_term_string\"}}],\"inLanguage\":\"it-IT\"},{\"@type\":\"Organization\",\"@id\":\"https:\\\/\\\/new.dinamicaballet.com\\\/it\\\/#organization\",\"name\":\"Dinamica Ballet\",\"url\":\"https:\\\/\\\/new.dinamicaballet.com\\\/it\\\/\",\"logo\":{\"@type\":\"ImageObject\",\"inLanguage\":\"it-IT\",\"@id\":\"https:\\\/\\\/new.dinamicaballet.com\\\/it\\\/#\\\/schema\\\/logo\\\/image\\\/\",\"url\":\"https:\\\/\\\/new.dinamicaballet.com\\\/wp-content\\\/uploads\\\/2022\\\/03\\\/logo_dinamica_ballet.svg\",\"contentUrl\":\"https:\\\/\\\/new.dinamicaballet.com\\\/wp-content\\\/uploads\\\/2022\\\/03\\\/logo_dinamica_ballet.svg\",\"width\":284,\"height\":51,\"caption\":\"Dinamica Ballet\"},\"image\":{\"@id\":\"https:\\\/\\\/new.dinamicaballet.com\\\/it\\\/#\\\/schema\\\/logo\\\/image\\\/\"},\"sameAs\":[\"https:\\\/\\\/www.facebook.com\\\/dinamicaballet\",\"https:\\\/\\\/www.instagram.com\\\/dinamicaballet\\\/\",\"http:\\\/\\\/www.linkedin.com\\\/company\\\/dinamica-ballet\",\"https:\\\/\\\/www.pinterest.com\\\/DinamicaBallet\\\/\"]}]}<\/script>\n<!-- \/ Yoast SEO plugin. -->","yoast_head_json":{"title":"Sbarra per la danza premium regolabile in altezza Royale | Negozio online","description":"La sbarra da danza regolabile in altezza con basi fatte in ghisa a Royale \u00e8 lo strumento di lavoro perfetto per le scuole pi\u00f9 esigenti.","robots":{"index":"noindex","follow":"follow","max-snippet":"max-snippet:-1","max-image-preview":"max-image-preview:large","max-video-preview":"max-video-preview:-1"},"og_locale":"it_IT","og_type":"article","og_title":"Sbarra per la danza premium regolabile in altezza Royale | Negozio online","og_description":"La sbarra da danza regolabile in altezza con basi fatte in ghisa a Royale \u00e8 lo strumento di lavoro perfetto per le scuole pi\u00f9 esigenti.","og_url":"https:\/\/new.dinamicaballet.com\/it\/producto\/sbarra-per-la-danza-premium-mobile-doppia-regolabile-in-altezza-royale\/","og_site_name":"Dinamica Ballet","article_publisher":"https:\/\/www.facebook.com\/dinamicaballet","article_modified_time":"2022-03-09T10:24:54+00:00","og_image":[{"width":600,"height":800,"url":"https:\/\/new.dinamicaballet.com\/wp-content\/uploads\/2020\/12\/dinamica_ballet_shop_royale_01.jpg","type":"image\/jpeg"}],"twitter_card":"summary_large_image","twitter_misc":{"Tempo di lettura stimato":"2 minuti"},"schema":{"@context":"https:\/\/schema.org","@graph":[{"@type":"WebPage","@id":"https:\/\/new.dinamicaballet.com\/it\/producto\/sbarra-per-la-danza-premium-mobile-doppia-regolabile-in-altezza-royale\/","url":"https:\/\/new.dinamicaballet.com\/it\/producto\/sbarra-per-la-danza-premium-mobile-doppia-regolabile-in-altezza-royale\/","name":"Sbarra per la danza premium regolabile in altezza Royale | Negozio online","isPartOf":{"@id":"https:\/\/new.dinamicaballet.com\/it\/#website"},"primaryImageOfPage":{"@id":"https:\/\/new.dinamicaballet.com\/it\/producto\/sbarra-per-la-danza-premium-mobile-doppia-regolabile-in-altezza-royale\/#primaryimage"},"image":{"@id":"https:\/\/new.dinamicaballet.com\/it\/producto\/sbarra-per-la-danza-premium-mobile-doppia-regolabile-in-altezza-royale\/#primaryimage"},"thumbnailUrl":"https:\/\/new.dinamicaballet.com\/wp-content\/uploads\/2020\/12\/dinamica_ballet_shop_royale_01.jpg","datePublished":"2020-12-03T16:30:30+00:00","dateModified":"2022-03-09T10:24:54+00:00","description":"La sbarra da danza regolabile in altezza con basi fatte in ghisa a Royale \u00e8 lo strumento di lavoro perfetto per le scuole pi\u00f9 esigenti.","inLanguage":"it-IT","potentialAction":[{"@type":"ReadAction","target":["https:\/\/new.dinamicaballet.com\/it\/producto\/sbarra-per-la-danza-premium-mobile-doppia-regolabile-in-altezza-royale\/"]}]},{"@type":"ImageObject","inLanguage":"it-IT","@id":"https:\/\/new.dinamicaballet.com\/it\/producto\/sbarra-per-la-danza-premium-mobile-doppia-regolabile-in-altezza-royale\/#primaryimage","url":"https:\/\/new.dinamicaballet.com\/wp-content\/uploads\/2020\/12\/dinamica_ballet_shop_royale_01.jpg","contentUrl":"https:\/\/new.dinamicaballet.com\/wp-content\/uploads\/2020\/12\/dinamica_ballet_shop_royale_01.jpg","width":600,"height":800,"caption":"Sbarra per la danza premium mobile doppia regolabile in altezza Royale"},{"@type":"WebSite","@id":"https:\/\/new.dinamicaballet.com\/it\/#website","url":"https:\/\/new.dinamicaballet.com\/it\/","name":"Dinamica Ballet","description":"Especialistas en barras de ballet y espejos para la danza","publisher":{"@id":"https:\/\/new.dinamicaballet.com\/it\/#organization"},"potentialAction":[{"@type":"SearchAction","target":{"@type":"EntryPoint","urlTemplate":"https:\/\/new.dinamicaballet.com\/it\/?s={search_term_string}"},"query-input":{"@type":"PropertyValueSpecification","valueRequired":true,"valueName":"search_term_string"}}],"inLanguage":"it-IT"},{"@type":"Organization","@id":"https:\/\/new.dinamicaballet.com\/it\/#organization","name":"Dinamica Ballet","url":"https:\/\/new.dinamicaballet.com\/it\/","logo":{"@type":"ImageObject","inLanguage":"it-IT","@id":"https:\/\/new.dinamicaballet.com\/it\/#\/schema\/logo\/image\/","url":"https:\/\/new.dinamicaballet.com\/wp-content\/uploads\/2022\/03\/logo_dinamica_ballet.svg","contentUrl":"https:\/\/new.dinamicaballet.com\/wp-content\/uploads\/2022\/03\/logo_dinamica_ballet.svg","width":284,"height":51,"caption":"Dinamica Ballet"},"image":{"@id":"https:\/\/new.dinamicaballet.com\/it\/#\/schema\/logo\/image\/"},"sameAs":["https:\/\/www.facebook.com\/dinamicaballet","https:\/\/www.instagram.com\/dinamicaballet\/","http:\/\/www.linkedin.com\/company\/dinamica-ballet","https:\/\/www.pinterest.com\/DinamicaBallet\/"]}]}},"taxonomy_info":{"product_cat":[{"value":285,"label":"Due sbarre"},{"value":290,"label":"Premium"},{"value":212,"label":"Sbarre da danza mobili"},{"value":215,"label":"Sbarre regolabili in altezza"}]},"featured_image_src_large":["https:\/\/new.dinamicaballet.com\/wp-content\/uploads\/2020\/12\/dinamica_ballet_shop_royale_01.jpg",600,800,false],"author_info":[],"comment_info":"","_links":{"self":[{"href":"https:\/\/new.dinamicaballet.com\/it\/wp-json\/wp\/v2\/product\/9864","targetHints":{"allow":["GET"]}}],"collection":[{"href":"https:\/\/new.dinamicaballet.com\/it\/wp-json\/wp\/v2\/product"}],"about":[{"href":"https:\/\/new.dinamicaballet.com\/it\/wp-json\/wp\/v2\/types\/product"}],"wp:featuredmedia":[{"embeddable":true,"href":"https:\/\/new.dinamicaballet.com\/it\/wp-json\/wp\/v2\/media\/9877"}],"wp:attachment":[{"href":"https:\/\/new.dinamicaballet.com\/it\/wp-json\/wp\/v2\/media?parent=9864"}],"wp:term":[{"taxonomy":"product_brand","embeddable":true,"href":"https:\/\/new.dinamicaballet.com\/it\/wp-json\/wp\/v2\/product_brand?post=9864"},{"taxonomy":"product_cat","embeddable":true,"href":"https:\/\/new.dinamicaballet.com\/it\/wp-json\/wp\/v2\/product_cat?post=9864"},{"taxonomy":"product_tag","embeddable":true,"href":"https:\/\/new.dinamicaballet.com\/it\/wp-json\/wp\/v2\/product_tag?post=9864"}],"curies":[{"name":"wp","href":"https:\/\/api.w.org\/{rel}","templated":true}]}}