{"id":9846,"date":"2020-12-03T16:24:54","date_gmt":"2020-12-03T16:24:54","guid":{"rendered":"https:\/\/www.dinamicaballet.com\/producto\/sbarra-per-la-danza-mobile-doppia-premium-maurice\/"},"modified":"2024-09-25T13:30:33","modified_gmt":"2024-09-25T12:30:33","slug":"sbarra-per-la-danza-mobile-doppia-premium-maurice","status":"publish","type":"product","link":"https:\/\/new.dinamicaballet.com\/it\/producto\/sbarra-per-la-danza-mobile-doppia-premium-maurice\/","title":{"rendered":"Sbarra da danza doppia premium Maurice"},"content":{"rendered":"<h3><strong>Stabilit\u00e0 totale per massimi livelli di esigenza<\/strong><\/h3>\n<p>La Maurice offre una stabilit\u00e0 impressionante e che permetter\u00e0 a pi\u00f9 ballerine di realizzare esercizi intensi simultaneamente. Le basi, di 30 kg ciascuna, sono fatte in ghisa e sono dotate di 4 ruote di gomma di alta densit\u00e0 che permettono ad una sola persona di spostare la sbarra comodamente. Una volta posizionata la sbarra, il design della base fa si che le ruote non tocchino il pavimento, raggiungendo cosi una stabilit\u00e0 ineguagliabile in una sbarra da danza mobile.<\/p>\n<h3><strong>Due altezze per ballerini di differenti stature<\/strong><\/h3>\n<p>Con le due sbarre di legno situate a 83 e a 105cm da terra, ballerini di diverse et\u00e0 e stature potranno lavorare sui suoi <em>battements d\u00e9gag\u00e9s<\/em> in tutta comodit\u00e0. Supporti di acciaio esclusivi di Dinamica Ballet abbracciano la sbarra con fermezza senza danneggiarla e distribuiscono la pressione che esercita la ballerina da tutti gli angoli. La combinazione delle basi di ghisa son i supporti doppi, offrono una stabilit\u00e0 assoluta per potersi concentrare completamente sulla tua tecnica. Questa sbarra per la danza \u00e9 disponibile con sbarre di legno di 2m e 3m.<\/p>\n<h3><strong>Ghisa, acciaio e legno: i materiali della sbarra da danza eterna<\/strong><\/h3>\n<p>La sbarra Maurice, chiamata cos\u00ed in onore del coreografo francese Maurice B\u00e9jart, \u00e9 stato il primo modello che abbiamo creato. La prima Maurice tutt&#8217;ora si trova nell&#8217;<em>Institut del Teatre<\/em> di Barcellona e continua ad essere un attrezzo perfetto per gli allenamenti durante le lezioni di danza. Le colonne di acciaio di alta qualit\u00e0 sono rifinite con vernice epoxy color argento che le protegge da colpi e graffi. Le sbarre in legno di pino giallo, provenienti da boschi dalla gestione sostenibile, sono resistenti e offrono una leggera flessibilit\u00e0, ideale per gli esercizi pi\u00f9 avanzati. Il legno perfettamente levigato e senza verniciatura, dona una sensazione gradevole al tatto, presa stabile e un tocco naturale per poterti godere appieno gli esercizi. La colonna viene consegnata gi\u00e0 montata sulla base, quindi non appena ricevuta la Maurice potrai metterti al lavoro.<\/p>\n<a href=\"https:\/\/new.dinamicaballet.com\/wp-content\/uploads\/2021\/05\/FT-MAURICE-0521-2.pdf\" class=\"su-button su-button-style-default\" style=\"color:#006B7C;background-color:#FFF2D5;border-color:#ccc2ab;border-radius:5px\" target=\"_blank\" rel=\"noopener noreferrer\"><span style=\"color:#006B7C;padding:0px 16px;font-size:13px;line-height:26px;border-color:#fff6e2;border-radius:5px;text-shadow:none\"> Scarica la scheda tecnica completa<\/span><\/a> <a href=\"https:\/\/new.dinamicaballet.com\/wp-content\/uploads\/2021\/07\/Instruccions-Maurice.pdf\" class=\"su-button su-button-style-default\" style=\"color:#006B7C;background-color:#FFF2D5;border-color:#ccc2ab;border-radius:5px\" target=\"_blank\" rel=\"noopener noreferrer\"><span style=\"color:#006B7C;padding:0px 16px;font-size:13px;line-height:26px;border-color:#fff6e2;border-radius:5px;text-shadow:none\"> Scarica le istruzioni di montaggio<\/span><\/a>\n<p>&nbsp;<\/p>\n<div class=\"su-youtube su-u-responsive-media-yes\"><iframe loading=\"lazy\" width=\"600\" height=\"400\" src=\"https:\/\/www.youtube.com\/embed\/EoI79LwpzZY?autohide=2&amp;autoplay=0&amp;mute=1&amp;controls=1&amp;fs=1&amp;loop=0&amp;modestbranding=0&amp;rel=1&amp;showinfo=1&amp;theme=dark&amp;wmode=&amp;playsinline=0\" frameborder=\"0\" allowfullscreen allow=\"autoplay; encrypted-media; picture-in-picture\" title=\"Sbarra da danza doppia premium Maurice Dinamica Ballet\"><\/iframe><\/div>\n","protected":false},"excerpt":{"rendered":"<p>La Maurice \u00e8 una sbarra da danza mobile della gamma premium con supporti per due sbarre di legno e basi di ghisa. Con un peso totale di 74 kg, questa sbarra \u00e8 stata disegnata per i professionisti della danza che esigono le massime prestazioni da una sbarra per la danza mobile.<\/p>\n<p><strong>IVA E SPEDIZIONE INCLUSI<\/strong><\/p>\n","protected":false},"featured_media":9848,"template":"","meta":{"_editorskit_title_hidden":false,"_editorskit_reading_time":0,"_editorskit_is_block_options_detached":false,"_editorskit_block_options_position":"{}","inline_featured_image":false,"_kad_blocks_custom_css":"","_kad_blocks_head_custom_js":"","_kad_blocks_body_custom_js":"","_kad_blocks_footer_custom_js":""},"product_brand":[],"product_cat":[285,290,212],"product_tag":[286],"class_list":{"0":"post-9846","1":"product","2":"type-product","3":"status-publish","4":"has-post-thumbnail","6":"product_cat-due-sbarre","7":"product_cat-premium-it","8":"product_cat-sbarre-da-danza-mobili","9":"product_tag-movil-it","10":"post","11":"with-featured-image","13":"first","14":"instock","15":"taxable","16":"shipping-taxable","17":"purchasable","18":"product-type-variable"},"yoast_head":"<!-- This site is optimized with the Yoast SEO plugin v27.4 - https:\/\/yoast.com\/product\/yoast-seo-wordpress\/ -->\n<title>Sbarra per la danza mobile doppia premium Maurice | Negozio online<\/title>\n<meta name=\"description\" content=\"La Maurice \u00e8 una sbarra da danza mobile della gamma premium con supporti per due sbarre di legno e basi di ghisa.\" \/>\n<meta name=\"robots\" content=\"noindex, follow, max-snippet:-1, max-image-preview:large, max-video-preview:-1\" \/>\n<meta property=\"og:locale\" content=\"it_IT\" \/>\n<meta property=\"og:type\" content=\"article\" \/>\n<meta property=\"og:title\" content=\"Sbarra per la danza mobile doppia premium Maurice | Negozio online\" \/>\n<meta property=\"og:description\" content=\"La Maurice \u00e8 una sbarra da danza mobile della gamma premium con supporti per due sbarre di legno e basi di ghisa.\" \/>\n<meta property=\"og:url\" content=\"https:\/\/new.dinamicaballet.com\/it\/producto\/sbarra-per-la-danza-mobile-doppia-premium-maurice\/\" \/>\n<meta property=\"og:site_name\" content=\"Dinamica Ballet\" \/>\n<meta property=\"article:publisher\" content=\"https:\/\/www.facebook.com\/dinamicaballet\" \/>\n<meta property=\"article:modified_time\" content=\"2024-09-25T12:30:33+00:00\" \/>\n<meta property=\"og:image\" content=\"https:\/\/new.dinamicaballet.com\/wp-content\/uploads\/2020\/12\/dinamica_ballet_shop_maurice_02.jpg\" \/>\n\t<meta property=\"og:image:width\" content=\"600\" \/>\n\t<meta property=\"og:image:height\" content=\"800\" \/>\n\t<meta property=\"og:image:type\" content=\"image\/jpeg\" \/>\n<meta name=\"twitter:card\" content=\"summary_large_image\" \/>\n<meta name=\"twitter:label1\" content=\"Tempo di lettura stimato\" \/>\n\t<meta name=\"twitter:data1\" content=\"2 minuti\" \/>\n<script type=\"application\/ld+json\" class=\"yoast-schema-graph\">{\"@context\":\"https:\\\/\\\/schema.org\",\"@graph\":[{\"@type\":\"WebPage\",\"@id\":\"https:\\\/\\\/new.dinamicaballet.com\\\/it\\\/producto\\\/sbarra-per-la-danza-mobile-doppia-premium-maurice\\\/\",\"url\":\"https:\\\/\\\/new.dinamicaballet.com\\\/it\\\/producto\\\/sbarra-per-la-danza-mobile-doppia-premium-maurice\\\/\",\"name\":\"Sbarra per la danza mobile doppia premium Maurice | Negozio online\",\"isPartOf\":{\"@id\":\"https:\\\/\\\/new.dinamicaballet.com\\\/it\\\/#website\"},\"primaryImageOfPage\":{\"@id\":\"https:\\\/\\\/new.dinamicaballet.com\\\/it\\\/producto\\\/sbarra-per-la-danza-mobile-doppia-premium-maurice\\\/#primaryimage\"},\"image\":{\"@id\":\"https:\\\/\\\/new.dinamicaballet.com\\\/it\\\/producto\\\/sbarra-per-la-danza-mobile-doppia-premium-maurice\\\/#primaryimage\"},\"thumbnailUrl\":\"https:\\\/\\\/new.dinamicaballet.com\\\/wp-content\\\/uploads\\\/2020\\\/12\\\/dinamica_ballet_shop_maurice_02.jpg\",\"datePublished\":\"2020-12-03T16:24:54+00:00\",\"dateModified\":\"2024-09-25T12:30:33+00:00\",\"description\":\"La Maurice \u00e8 una sbarra da danza mobile della gamma premium con supporti per due sbarre di legno e basi di ghisa.\",\"inLanguage\":\"it-IT\",\"potentialAction\":[{\"@type\":\"ReadAction\",\"target\":[\"https:\\\/\\\/new.dinamicaballet.com\\\/it\\\/producto\\\/sbarra-per-la-danza-mobile-doppia-premium-maurice\\\/\"]}]},{\"@type\":\"ImageObject\",\"inLanguage\":\"it-IT\",\"@id\":\"https:\\\/\\\/new.dinamicaballet.com\\\/it\\\/producto\\\/sbarra-per-la-danza-mobile-doppia-premium-maurice\\\/#primaryimage\",\"url\":\"https:\\\/\\\/new.dinamicaballet.com\\\/wp-content\\\/uploads\\\/2020\\\/12\\\/dinamica_ballet_shop_maurice_02.jpg\",\"contentUrl\":\"https:\\\/\\\/new.dinamicaballet.com\\\/wp-content\\\/uploads\\\/2020\\\/12\\\/dinamica_ballet_shop_maurice_02.jpg\",\"width\":600,\"height\":800,\"caption\":\"Sbarra per la danza mobile doppia premium Maurice\"},{\"@type\":\"WebSite\",\"@id\":\"https:\\\/\\\/new.dinamicaballet.com\\\/it\\\/#website\",\"url\":\"https:\\\/\\\/new.dinamicaballet.com\\\/it\\\/\",\"name\":\"Dinamica Ballet\",\"description\":\"Especialistas en barras de ballet y espejos para la danza\",\"publisher\":{\"@id\":\"https:\\\/\\\/new.dinamicaballet.com\\\/it\\\/#organization\"},\"potentialAction\":[{\"@type\":\"SearchAction\",\"target\":{\"@type\":\"EntryPoint\",\"urlTemplate\":\"https:\\\/\\\/new.dinamicaballet.com\\\/it\\\/?s={search_term_string}\"},\"query-input\":{\"@type\":\"PropertyValueSpecification\",\"valueRequired\":true,\"valueName\":\"search_term_string\"}}],\"inLanguage\":\"it-IT\"},{\"@type\":\"Organization\",\"@id\":\"https:\\\/\\\/new.dinamicaballet.com\\\/it\\\/#organization\",\"name\":\"Dinamica Ballet\",\"url\":\"https:\\\/\\\/new.dinamicaballet.com\\\/it\\\/\",\"logo\":{\"@type\":\"ImageObject\",\"inLanguage\":\"it-IT\",\"@id\":\"https:\\\/\\\/new.dinamicaballet.com\\\/it\\\/#\\\/schema\\\/logo\\\/image\\\/\",\"url\":\"https:\\\/\\\/new.dinamicaballet.com\\\/wp-content\\\/uploads\\\/2022\\\/03\\\/logo_dinamica_ballet.svg\",\"contentUrl\":\"https:\\\/\\\/new.dinamicaballet.com\\\/wp-content\\\/uploads\\\/2022\\\/03\\\/logo_dinamica_ballet.svg\",\"width\":284,\"height\":51,\"caption\":\"Dinamica Ballet\"},\"image\":{\"@id\":\"https:\\\/\\\/new.dinamicaballet.com\\\/it\\\/#\\\/schema\\\/logo\\\/image\\\/\"},\"sameAs\":[\"https:\\\/\\\/www.facebook.com\\\/dinamicaballet\",\"https:\\\/\\\/www.instagram.com\\\/dinamicaballet\\\/\",\"http:\\\/\\\/www.linkedin.com\\\/company\\\/dinamica-ballet\",\"https:\\\/\\\/www.pinterest.com\\\/DinamicaBallet\\\/\"]}]}<\/script>\n<!-- \/ Yoast SEO plugin. -->","yoast_head_json":{"title":"Sbarra per la danza mobile doppia premium Maurice | Negozio online","description":"La Maurice \u00e8 una sbarra da danza mobile della gamma premium con supporti per due sbarre di legno e basi di ghisa.","robots":{"index":"noindex","follow":"follow","max-snippet":"max-snippet:-1","max-image-preview":"max-image-preview:large","max-video-preview":"max-video-preview:-1"},"og_locale":"it_IT","og_type":"article","og_title":"Sbarra per la danza mobile doppia premium Maurice | Negozio online","og_description":"La Maurice \u00e8 una sbarra da danza mobile della gamma premium con supporti per due sbarre di legno e basi di ghisa.","og_url":"https:\/\/new.dinamicaballet.com\/it\/producto\/sbarra-per-la-danza-mobile-doppia-premium-maurice\/","og_site_name":"Dinamica Ballet","article_publisher":"https:\/\/www.facebook.com\/dinamicaballet","article_modified_time":"2024-09-25T12:30:33+00:00","og_image":[{"width":600,"height":800,"url":"https:\/\/new.dinamicaballet.com\/wp-content\/uploads\/2020\/12\/dinamica_ballet_shop_maurice_02.jpg","type":"image\/jpeg"}],"twitter_card":"summary_large_image","twitter_misc":{"Tempo di lettura stimato":"2 minuti"},"schema":{"@context":"https:\/\/schema.org","@graph":[{"@type":"WebPage","@id":"https:\/\/new.dinamicaballet.com\/it\/producto\/sbarra-per-la-danza-mobile-doppia-premium-maurice\/","url":"https:\/\/new.dinamicaballet.com\/it\/producto\/sbarra-per-la-danza-mobile-doppia-premium-maurice\/","name":"Sbarra per la danza mobile doppia premium Maurice | Negozio online","isPartOf":{"@id":"https:\/\/new.dinamicaballet.com\/it\/#website"},"primaryImageOfPage":{"@id":"https:\/\/new.dinamicaballet.com\/it\/producto\/sbarra-per-la-danza-mobile-doppia-premium-maurice\/#primaryimage"},"image":{"@id":"https:\/\/new.dinamicaballet.com\/it\/producto\/sbarra-per-la-danza-mobile-doppia-premium-maurice\/#primaryimage"},"thumbnailUrl":"https:\/\/new.dinamicaballet.com\/wp-content\/uploads\/2020\/12\/dinamica_ballet_shop_maurice_02.jpg","datePublished":"2020-12-03T16:24:54+00:00","dateModified":"2024-09-25T12:30:33+00:00","description":"La Maurice \u00e8 una sbarra da danza mobile della gamma premium con supporti per due sbarre di legno e basi di ghisa.","inLanguage":"it-IT","potentialAction":[{"@type":"ReadAction","target":["https:\/\/new.dinamicaballet.com\/it\/producto\/sbarra-per-la-danza-mobile-doppia-premium-maurice\/"]}]},{"@type":"ImageObject","inLanguage":"it-IT","@id":"https:\/\/new.dinamicaballet.com\/it\/producto\/sbarra-per-la-danza-mobile-doppia-premium-maurice\/#primaryimage","url":"https:\/\/new.dinamicaballet.com\/wp-content\/uploads\/2020\/12\/dinamica_ballet_shop_maurice_02.jpg","contentUrl":"https:\/\/new.dinamicaballet.com\/wp-content\/uploads\/2020\/12\/dinamica_ballet_shop_maurice_02.jpg","width":600,"height":800,"caption":"Sbarra per la danza mobile doppia premium Maurice"},{"@type":"WebSite","@id":"https:\/\/new.dinamicaballet.com\/it\/#website","url":"https:\/\/new.dinamicaballet.com\/it\/","name":"Dinamica Ballet","description":"Especialistas en barras de ballet y espejos para la danza","publisher":{"@id":"https:\/\/new.dinamicaballet.com\/it\/#organization"},"potentialAction":[{"@type":"SearchAction","target":{"@type":"EntryPoint","urlTemplate":"https:\/\/new.dinamicaballet.com\/it\/?s={search_term_string}"},"query-input":{"@type":"PropertyValueSpecification","valueRequired":true,"valueName":"search_term_string"}}],"inLanguage":"it-IT"},{"@type":"Organization","@id":"https:\/\/new.dinamicaballet.com\/it\/#organization","name":"Dinamica Ballet","url":"https:\/\/new.dinamicaballet.com\/it\/","logo":{"@type":"ImageObject","inLanguage":"it-IT","@id":"https:\/\/new.dinamicaballet.com\/it\/#\/schema\/logo\/image\/","url":"https:\/\/new.dinamicaballet.com\/wp-content\/uploads\/2022\/03\/logo_dinamica_ballet.svg","contentUrl":"https:\/\/new.dinamicaballet.com\/wp-content\/uploads\/2022\/03\/logo_dinamica_ballet.svg","width":284,"height":51,"caption":"Dinamica Ballet"},"image":{"@id":"https:\/\/new.dinamicaballet.com\/it\/#\/schema\/logo\/image\/"},"sameAs":["https:\/\/www.facebook.com\/dinamicaballet","https:\/\/www.instagram.com\/dinamicaballet\/","http:\/\/www.linkedin.com\/company\/dinamica-ballet","https:\/\/www.pinterest.com\/DinamicaBallet\/"]}]}},"taxonomy_info":{"product_cat":[{"value":285,"label":"Due sbarre"},{"value":290,"label":"Premium"},{"value":212,"label":"Sbarre da danza mobili"}],"product_tag":[{"value":286,"label":"movil"}]},"featured_image_src_large":["https:\/\/new.dinamicaballet.com\/wp-content\/uploads\/2020\/12\/dinamica_ballet_shop_maurice_02.jpg",600,800,false],"author_info":[],"comment_info":"","_links":{"self":[{"href":"https:\/\/new.dinamicaballet.com\/it\/wp-json\/wp\/v2\/product\/9846","targetHints":{"allow":["GET"]}}],"collection":[{"href":"https:\/\/new.dinamicaballet.com\/it\/wp-json\/wp\/v2\/product"}],"about":[{"href":"https:\/\/new.dinamicaballet.com\/it\/wp-json\/wp\/v2\/types\/product"}],"wp:featuredmedia":[{"embeddable":true,"href":"https:\/\/new.dinamicaballet.com\/it\/wp-json\/wp\/v2\/media\/9848"}],"wp:attachment":[{"href":"https:\/\/new.dinamicaballet.com\/it\/wp-json\/wp\/v2\/media?parent=9846"}],"wp:term":[{"taxonomy":"product_brand","embeddable":true,"href":"https:\/\/new.dinamicaballet.com\/it\/wp-json\/wp\/v2\/product_brand?post=9846"},{"taxonomy":"product_cat","embeddable":true,"href":"https:\/\/new.dinamicaballet.com\/it\/wp-json\/wp\/v2\/product_cat?post=9846"},{"taxonomy":"product_tag","embeddable":true,"href":"https:\/\/new.dinamicaballet.com\/it\/wp-json\/wp\/v2\/product_tag?post=9846"}],"curies":[{"name":"wp","href":"https:\/\/api.w.org\/{rel}","templated":true}]}}