{"id":9821,"date":"2020-12-03T16:24:55","date_gmt":"2020-12-03T16:24:55","guid":{"rendered":"https:\/\/www.dinamicaballet.com\/producto\/sbarra-da-danza-mobile-doppia-regolabile-in-altezza-giselle\/"},"modified":"2024-09-25T12:55:57","modified_gmt":"2024-09-25T11:55:57","slug":"sbarra-da-danza-mobile-doppia-regolabile-in-altezza-giselle","status":"publish","type":"product","link":"https:\/\/new.dinamicaballet.com\/it\/producto\/sbarra-da-danza-mobile-doppia-regolabile-in-altezza-giselle\/","title":{"rendered":"Sbarra per i professionisti doppia regolabile Giselle"},"content":{"rendered":"<h3><strong>20 altezze diverse cos\u00ec tutti possono partecipare<\/strong><\/h3>\n<p>Con due sbarre posizionate a 19cm di distanza tra di loro e 10 posizioni regolabili, la Giselle \u00e9 una sbarra dalla grande versatilit\u00e0. La altezza del modello Giselle, si regola con gran facilit\u00e1, cosi da poter cambiare altezza della sbarra velocemente e adattarsi a vari tipi di esercizi e di atleti. In ognuna delle sue posizioni la Giselle mantiene la sua stabilit\u00e1 e rendimento.<br \/>\nIl design esclusivo dei supporti doppi di Dinamica Ballet distribuisce la pressione che esercita il ballerino sulle sbarre di legno. La grande stabilit\u00e1 dell&#8217;insieme permette a ballerine di et\u00e0 e stature diverse di esercitarsi allo stesso tempo. Questa sbarra per la danza \u00e9 disponibile con sbarre di legno di 2m e 3m.<\/p>\n<h3><strong>Base piatta o base con ruote, due opzioni per il massimo rendimento<\/strong><\/h3>\n<p>La Giselle fa parte della nostra gamma di sbarre da danza mobili ad uso professionale. Ti proponiamo due tipi di basi di acciaio: una con due ruote e un peso di 20kg e l&#8217;altra piatta, senza ruote, dal peso di 10 kg. La base con ruote di gomma di alta densit\u00e0 ti offre una grande stabilit\u00e0 e ti permetter\u00e0 di spostare la sbarra senza sforzo inclinandola di 45 gradi dalla sua posizione centrale.<br \/>\nLa base piatta \u00e8 progettata in modo da poter spostare la sbarra sollevando tutto l&#8217;insieme senza appoggiarlo a terra. In entrambi i casi, le basi sono dotate di protezioni di PVC per evitare ogni possibile danno sui pavimenti. Se hai bisogno di spostare la sbarra spesso, ti consigliamo la base con le ruote, se invece pensi che la sposterai solo occasionalmente o con l&#8217;aiuto di un&#8217;altra persona, allora le basi piatte<br \/>\npotrebbero fare per te. Il peso totale dell&#8217;insieme con le basi con ruote, con una sbarra di legno di 2m<br \/>\n\u00e9 di 53 kg. Il peso dell&#8217;insieme con le basi piatte senza ruote \u00e9 di 34 kg.<\/p>\n<h3><strong>Costruita con i migliori materiali per un rendimento che dura nel tempo<\/strong><\/h3>\n<p>resistenti e offrono una leggera flessibilit\u00e0, ideale per gli esercizi pi\u00f9 avanzati. Il legno perfettamente levigato e senza verniciatura, dona una sensazione gradevole al tatto, presa stabile e un tocco naturale per poterti godere appieno gli esercizi. I supporti di acciaio abbracciano la sbarra con fermezza senza bisogno di perforare il legno garantendo cosi tantissime ore di rendimento e un montaggio semplice e veloce.<br \/>\nAbbiamo realizzato diversi test nel laboratorio di elasticit\u00e0 e resistenza dei materiali dell&#8217;Universit\u00e0 Politecnica della Catalogna che hanno provato di resistere a forze di quasi 400kg. Le basi e le colonne sono prodotte con acciaio di prima qualit\u00e0 e rifinite con vernice epoxy color argento che offre una gran resistenza a colpi e graffi.<\/p>\n<a href=\"https:\/\/new.dinamicaballet.com\/wp-content\/uploads\/2021\/05\/FT-GISELLE-0421-3.pdf\" class=\"su-button su-button-style-default\" style=\"color:#006B7C;background-color:#FFF2D5;border-color:#ccc2ab;border-radius:5px\" target=\"_blank\" rel=\"noopener noreferrer\"><span style=\"color:#006B7C;padding:0px 16px;font-size:13px;line-height:26px;border-color:#fff6e2;border-radius:5px;text-shadow:none\"> Scarica la scheda tecnica completa<\/span><\/a> <a href=\"https:\/\/new.dinamicaballet.com\/wp-content\/uploads\/2021\/07\/Instruccions-Giselle.pdf\" class=\"su-button su-button-style-default\" style=\"color:#006B7C;background-color:#FFF2D5;border-color:#ccc2ab;border-radius:5px\" target=\"_blank\" rel=\"noopener noreferrer\"><span style=\"color:#006B7C;padding:0px 16px;font-size:13px;line-height:26px;border-color:#fff6e2;border-radius:5px;text-shadow:none\"> Scarica le istruzioni di montaggio<\/span><\/a>\n<div class=\"su-youtube su-u-responsive-media-yes\"><iframe loading=\"lazy\" width=\"600\" height=\"400\" src=\"https:\/\/www.youtube.com\/embed\/HhkzgvJWXHY?autohide=2&amp;autoplay=0&amp;mute=1&amp;controls=1&amp;fs=1&amp;loop=0&amp;modestbranding=0&amp;rel=1&amp;showinfo=1&amp;theme=dark&amp;wmode=&amp;playsinline=0\" frameborder=\"0\" allowfullscreen allow=\"autoplay; encrypted-media; picture-in-picture\" title=\"Sbarra per i professionisti doppia regolabile Giselle Dinamica Ballet\"><\/iframe><\/div>\n","protected":false},"excerpt":{"rendered":"<p>La Giselle \u00e8 una sbarra da danza professionale con supporti per due sbarre de legno e il meccanismo di regolazione d&#8217;altezza che ti permetter\u00e1 di eseguire esercizi su altezze che vanno dai 70 ai 120 centimetri. Abbiamo disegnato la sbarra un modo tale che ne possano fare un uso professionale intensivo ballerini e sportivi di tutte le et\u00e0 e stature. Potete scegliere tra due tipi di basi, con ruote o piatta, e in entrambi i casi si potr\u00e0 spostare la sbarra tra le sale con grande facilit\u00e0.<\/p>\n<p><strong>IVA E SPEDIZIONE INCLUSI<\/strong><\/p>\n","protected":false},"featured_media":9839,"template":"","meta":{"_editorskit_title_hidden":false,"_editorskit_reading_time":0,"_editorskit_is_block_options_detached":false,"_editorskit_block_options_position":"{}","inline_featured_image":false,"_kad_blocks_custom_css":"","_kad_blocks_head_custom_js":"","_kad_blocks_body_custom_js":"","_kad_blocks_footer_custom_js":""},"product_brand":[],"product_cat":[285,289,212,215],"product_tag":[286],"class_list":{"0":"post-9821","1":"product","2":"type-product","3":"status-publish","4":"has-post-thumbnail","6":"product_cat-due-sbarre","7":"product_cat-profesional-it","8":"product_cat-sbarre-da-danza-mobili","9":"product_cat-sbarre-da-danza-regolabili-in-altezza","10":"product_tag-movil-it","11":"post","12":"with-featured-image","14":"first","15":"instock","16":"taxable","17":"shipping-taxable","18":"purchasable","19":"product-type-variable"},"yoast_head":"<!-- This site is optimized with the Yoast SEO plugin v27.4 - https:\/\/yoast.com\/product\/yoast-seo-wordpress\/ -->\n<title>Sbarra da danza mobile doppia regolabile Giselle | Negozio online<\/title>\n<meta name=\"description\" content=\"La Giselle \u00e8 una sbarra da danza professionale con supporti per due sbarre de legno e il meccanismo di regolazione d\u2019altezza.\" \/>\n<meta name=\"robots\" content=\"noindex, follow, max-snippet:-1, max-image-preview:large, max-video-preview:-1\" \/>\n<meta property=\"og:locale\" content=\"it_IT\" \/>\n<meta property=\"og:type\" content=\"article\" \/>\n<meta property=\"og:title\" content=\"Sbarra da danza mobile doppia regolabile Giselle | Negozio online\" \/>\n<meta property=\"og:description\" content=\"La Giselle \u00e8 una sbarra da danza professionale con supporti per due sbarre de legno e il meccanismo di regolazione d\u2019altezza.\" \/>\n<meta property=\"og:url\" content=\"https:\/\/new.dinamicaballet.com\/it\/producto\/sbarra-da-danza-mobile-doppia-regolabile-in-altezza-giselle\/\" \/>\n<meta property=\"og:site_name\" content=\"Dinamica Ballet\" \/>\n<meta property=\"article:publisher\" content=\"https:\/\/www.facebook.com\/dinamicaballet\" \/>\n<meta property=\"article:modified_time\" content=\"2024-09-25T11:55:57+00:00\" \/>\n<meta property=\"og:image\" content=\"https:\/\/new.dinamicaballet.com\/wp-content\/uploads\/2020\/12\/dinamica_ballet_shop_giselle_01.jpg\" \/>\n\t<meta property=\"og:image:width\" content=\"600\" \/>\n\t<meta property=\"og:image:height\" content=\"800\" \/>\n\t<meta property=\"og:image:type\" content=\"image\/jpeg\" \/>\n<meta name=\"twitter:card\" content=\"summary_large_image\" \/>\n<meta name=\"twitter:label1\" content=\"Tempo di lettura stimato\" \/>\n\t<meta name=\"twitter:data1\" content=\"3 minuti\" \/>\n<script type=\"application\/ld+json\" class=\"yoast-schema-graph\">{\"@context\":\"https:\\\/\\\/schema.org\",\"@graph\":[{\"@type\":\"WebPage\",\"@id\":\"https:\\\/\\\/new.dinamicaballet.com\\\/it\\\/producto\\\/sbarra-da-danza-mobile-doppia-regolabile-in-altezza-giselle\\\/\",\"url\":\"https:\\\/\\\/new.dinamicaballet.com\\\/it\\\/producto\\\/sbarra-da-danza-mobile-doppia-regolabile-in-altezza-giselle\\\/\",\"name\":\"Sbarra da danza mobile doppia regolabile Giselle | Negozio online\",\"isPartOf\":{\"@id\":\"https:\\\/\\\/new.dinamicaballet.com\\\/it\\\/#website\"},\"primaryImageOfPage\":{\"@id\":\"https:\\\/\\\/new.dinamicaballet.com\\\/it\\\/producto\\\/sbarra-da-danza-mobile-doppia-regolabile-in-altezza-giselle\\\/#primaryimage\"},\"image\":{\"@id\":\"https:\\\/\\\/new.dinamicaballet.com\\\/it\\\/producto\\\/sbarra-da-danza-mobile-doppia-regolabile-in-altezza-giselle\\\/#primaryimage\"},\"thumbnailUrl\":\"https:\\\/\\\/new.dinamicaballet.com\\\/wp-content\\\/uploads\\\/2020\\\/12\\\/dinamica_ballet_shop_giselle_01.jpg\",\"datePublished\":\"2020-12-03T16:24:55+00:00\",\"dateModified\":\"2024-09-25T11:55:57+00:00\",\"description\":\"La Giselle \u00e8 una sbarra da danza professionale con supporti per due sbarre de legno e il meccanismo di regolazione d\u2019altezza.\",\"inLanguage\":\"it-IT\",\"potentialAction\":[{\"@type\":\"ReadAction\",\"target\":[\"https:\\\/\\\/new.dinamicaballet.com\\\/it\\\/producto\\\/sbarra-da-danza-mobile-doppia-regolabile-in-altezza-giselle\\\/\"]}]},{\"@type\":\"ImageObject\",\"inLanguage\":\"it-IT\",\"@id\":\"https:\\\/\\\/new.dinamicaballet.com\\\/it\\\/producto\\\/sbarra-da-danza-mobile-doppia-regolabile-in-altezza-giselle\\\/#primaryimage\",\"url\":\"https:\\\/\\\/new.dinamicaballet.com\\\/wp-content\\\/uploads\\\/2020\\\/12\\\/dinamica_ballet_shop_giselle_01.jpg\",\"contentUrl\":\"https:\\\/\\\/new.dinamicaballet.com\\\/wp-content\\\/uploads\\\/2020\\\/12\\\/dinamica_ballet_shop_giselle_01.jpg\",\"width\":600,\"height\":800,\"caption\":\"Sbarra da danza mobile doppia regolabile in altezza Giselle\"},{\"@type\":\"WebSite\",\"@id\":\"https:\\\/\\\/new.dinamicaballet.com\\\/it\\\/#website\",\"url\":\"https:\\\/\\\/new.dinamicaballet.com\\\/it\\\/\",\"name\":\"Dinamica Ballet\",\"description\":\"Especialistas en barras de ballet y espejos para la danza\",\"publisher\":{\"@id\":\"https:\\\/\\\/new.dinamicaballet.com\\\/it\\\/#organization\"},\"potentialAction\":[{\"@type\":\"SearchAction\",\"target\":{\"@type\":\"EntryPoint\",\"urlTemplate\":\"https:\\\/\\\/new.dinamicaballet.com\\\/it\\\/?s={search_term_string}\"},\"query-input\":{\"@type\":\"PropertyValueSpecification\",\"valueRequired\":true,\"valueName\":\"search_term_string\"}}],\"inLanguage\":\"it-IT\"},{\"@type\":\"Organization\",\"@id\":\"https:\\\/\\\/new.dinamicaballet.com\\\/it\\\/#organization\",\"name\":\"Dinamica Ballet\",\"url\":\"https:\\\/\\\/new.dinamicaballet.com\\\/it\\\/\",\"logo\":{\"@type\":\"ImageObject\",\"inLanguage\":\"it-IT\",\"@id\":\"https:\\\/\\\/new.dinamicaballet.com\\\/it\\\/#\\\/schema\\\/logo\\\/image\\\/\",\"url\":\"https:\\\/\\\/new.dinamicaballet.com\\\/wp-content\\\/uploads\\\/2022\\\/03\\\/logo_dinamica_ballet.svg\",\"contentUrl\":\"https:\\\/\\\/new.dinamicaballet.com\\\/wp-content\\\/uploads\\\/2022\\\/03\\\/logo_dinamica_ballet.svg\",\"width\":284,\"height\":51,\"caption\":\"Dinamica Ballet\"},\"image\":{\"@id\":\"https:\\\/\\\/new.dinamicaballet.com\\\/it\\\/#\\\/schema\\\/logo\\\/image\\\/\"},\"sameAs\":[\"https:\\\/\\\/www.facebook.com\\\/dinamicaballet\",\"https:\\\/\\\/www.instagram.com\\\/dinamicaballet\\\/\",\"http:\\\/\\\/www.linkedin.com\\\/company\\\/dinamica-ballet\",\"https:\\\/\\\/www.pinterest.com\\\/DinamicaBallet\\\/\"]}]}<\/script>\n<!-- \/ Yoast SEO plugin. -->","yoast_head_json":{"title":"Sbarra da danza mobile doppia regolabile Giselle | Negozio online","description":"La Giselle \u00e8 una sbarra da danza professionale con supporti per due sbarre de legno e il meccanismo di regolazione d\u2019altezza.","robots":{"index":"noindex","follow":"follow","max-snippet":"max-snippet:-1","max-image-preview":"max-image-preview:large","max-video-preview":"max-video-preview:-1"},"og_locale":"it_IT","og_type":"article","og_title":"Sbarra da danza mobile doppia regolabile Giselle | Negozio online","og_description":"La Giselle \u00e8 una sbarra da danza professionale con supporti per due sbarre de legno e il meccanismo di regolazione d\u2019altezza.","og_url":"https:\/\/new.dinamicaballet.com\/it\/producto\/sbarra-da-danza-mobile-doppia-regolabile-in-altezza-giselle\/","og_site_name":"Dinamica Ballet","article_publisher":"https:\/\/www.facebook.com\/dinamicaballet","article_modified_time":"2024-09-25T11:55:57+00:00","og_image":[{"width":600,"height":800,"url":"https:\/\/new.dinamicaballet.com\/wp-content\/uploads\/2020\/12\/dinamica_ballet_shop_giselle_01.jpg","type":"image\/jpeg"}],"twitter_card":"summary_large_image","twitter_misc":{"Tempo di lettura stimato":"3 minuti"},"schema":{"@context":"https:\/\/schema.org","@graph":[{"@type":"WebPage","@id":"https:\/\/new.dinamicaballet.com\/it\/producto\/sbarra-da-danza-mobile-doppia-regolabile-in-altezza-giselle\/","url":"https:\/\/new.dinamicaballet.com\/it\/producto\/sbarra-da-danza-mobile-doppia-regolabile-in-altezza-giselle\/","name":"Sbarra da danza mobile doppia regolabile Giselle | Negozio online","isPartOf":{"@id":"https:\/\/new.dinamicaballet.com\/it\/#website"},"primaryImageOfPage":{"@id":"https:\/\/new.dinamicaballet.com\/it\/producto\/sbarra-da-danza-mobile-doppia-regolabile-in-altezza-giselle\/#primaryimage"},"image":{"@id":"https:\/\/new.dinamicaballet.com\/it\/producto\/sbarra-da-danza-mobile-doppia-regolabile-in-altezza-giselle\/#primaryimage"},"thumbnailUrl":"https:\/\/new.dinamicaballet.com\/wp-content\/uploads\/2020\/12\/dinamica_ballet_shop_giselle_01.jpg","datePublished":"2020-12-03T16:24:55+00:00","dateModified":"2024-09-25T11:55:57+00:00","description":"La Giselle \u00e8 una sbarra da danza professionale con supporti per due sbarre de legno e il meccanismo di regolazione d\u2019altezza.","inLanguage":"it-IT","potentialAction":[{"@type":"ReadAction","target":["https:\/\/new.dinamicaballet.com\/it\/producto\/sbarra-da-danza-mobile-doppia-regolabile-in-altezza-giselle\/"]}]},{"@type":"ImageObject","inLanguage":"it-IT","@id":"https:\/\/new.dinamicaballet.com\/it\/producto\/sbarra-da-danza-mobile-doppia-regolabile-in-altezza-giselle\/#primaryimage","url":"https:\/\/new.dinamicaballet.com\/wp-content\/uploads\/2020\/12\/dinamica_ballet_shop_giselle_01.jpg","contentUrl":"https:\/\/new.dinamicaballet.com\/wp-content\/uploads\/2020\/12\/dinamica_ballet_shop_giselle_01.jpg","width":600,"height":800,"caption":"Sbarra da danza mobile doppia regolabile in altezza Giselle"},{"@type":"WebSite","@id":"https:\/\/new.dinamicaballet.com\/it\/#website","url":"https:\/\/new.dinamicaballet.com\/it\/","name":"Dinamica Ballet","description":"Especialistas en barras de ballet y espejos para la danza","publisher":{"@id":"https:\/\/new.dinamicaballet.com\/it\/#organization"},"potentialAction":[{"@type":"SearchAction","target":{"@type":"EntryPoint","urlTemplate":"https:\/\/new.dinamicaballet.com\/it\/?s={search_term_string}"},"query-input":{"@type":"PropertyValueSpecification","valueRequired":true,"valueName":"search_term_string"}}],"inLanguage":"it-IT"},{"@type":"Organization","@id":"https:\/\/new.dinamicaballet.com\/it\/#organization","name":"Dinamica Ballet","url":"https:\/\/new.dinamicaballet.com\/it\/","logo":{"@type":"ImageObject","inLanguage":"it-IT","@id":"https:\/\/new.dinamicaballet.com\/it\/#\/schema\/logo\/image\/","url":"https:\/\/new.dinamicaballet.com\/wp-content\/uploads\/2022\/03\/logo_dinamica_ballet.svg","contentUrl":"https:\/\/new.dinamicaballet.com\/wp-content\/uploads\/2022\/03\/logo_dinamica_ballet.svg","width":284,"height":51,"caption":"Dinamica Ballet"},"image":{"@id":"https:\/\/new.dinamicaballet.com\/it\/#\/schema\/logo\/image\/"},"sameAs":["https:\/\/www.facebook.com\/dinamicaballet","https:\/\/www.instagram.com\/dinamicaballet\/","http:\/\/www.linkedin.com\/company\/dinamica-ballet","https:\/\/www.pinterest.com\/DinamicaBallet\/"]}]}},"taxonomy_info":{"product_cat":[{"value":285,"label":"Due sbarre"},{"value":289,"label":"Profesional"},{"value":212,"label":"Sbarre da danza mobili"},{"value":215,"label":"Sbarre regolabili in altezza"}],"product_tag":[{"value":286,"label":"movil"}]},"featured_image_src_large":["https:\/\/new.dinamicaballet.com\/wp-content\/uploads\/2020\/12\/dinamica_ballet_shop_giselle_01.jpg",600,800,false],"author_info":[],"comment_info":"","_links":{"self":[{"href":"https:\/\/new.dinamicaballet.com\/it\/wp-json\/wp\/v2\/product\/9821","targetHints":{"allow":["GET"]}}],"collection":[{"href":"https:\/\/new.dinamicaballet.com\/it\/wp-json\/wp\/v2\/product"}],"about":[{"href":"https:\/\/new.dinamicaballet.com\/it\/wp-json\/wp\/v2\/types\/product"}],"wp:featuredmedia":[{"embeddable":true,"href":"https:\/\/new.dinamicaballet.com\/it\/wp-json\/wp\/v2\/media\/9839"}],"wp:attachment":[{"href":"https:\/\/new.dinamicaballet.com\/it\/wp-json\/wp\/v2\/media?parent=9821"}],"wp:term":[{"taxonomy":"product_brand","embeddable":true,"href":"https:\/\/new.dinamicaballet.com\/it\/wp-json\/wp\/v2\/product_brand?post=9821"},{"taxonomy":"product_cat","embeddable":true,"href":"https:\/\/new.dinamicaballet.com\/it\/wp-json\/wp\/v2\/product_cat?post=9821"},{"taxonomy":"product_tag","embeddable":true,"href":"https:\/\/new.dinamicaballet.com\/it\/wp-json\/wp\/v2\/product_tag?post=9821"}],"curies":[{"name":"wp","href":"https:\/\/api.w.org\/{rel}","templated":true}]}}