{"id":9801,"date":"2020-12-03T16:24:53","date_gmt":"2020-12-03T16:24:53","guid":{"rendered":"https:\/\/www.dinamicaballet.com\/producto\/sbarra-da-danza-doppia-mobile-pina\/"},"modified":"2024-09-25T11:28:36","modified_gmt":"2024-09-25T10:28:36","slug":"sbarra-da-danza-doppia-mobile-pina","status":"publish","type":"product","link":"https:\/\/new.dinamicaballet.com\/it\/producto\/sbarra-da-danza-doppia-mobile-pina\/","title":{"rendered":"Sbarra per i professionisti doppia Pina"},"content":{"rendered":"<h3><strong>Una sbarra pensata per corsi con ballerini di diverse et\u00e0<\/strong><\/h3>\n<p>Le due sbarre di legno, posizionate a 19 cm di distanza l&#8217;una dall&#8217;altra, permettono che due alunni di statura diversa possano esercitarsi allo stesso tempo e che si possa lavorare in aula con gruppi di diverse et\u00e0. Il design esclusivo dei supporti doppi di Dinamica Ballet distribuisce la pressione che si esercita sulle sbarre di legno, abbiamo realizzato diversi test nel laboratorio di elasticit\u00e0 e resistenza dei materiali dell&#8217;Universit\u00e0 Politecnica della Catalogna che hanno provato di resistere a forze di quasi 400kg.<\/p>\n<h3><strong>Base con ruote e base piatta; flessibilit\u00e0 per il tuo spazio di lavoro <\/strong><\/h3>\n<p>La Pina fa parte della nostra gamma di sbarre da danza mobili ad uso professionale. Ti proponiamo due tipi di basi di acciaio: una con due ruote e un peso di 20kg e l&#8217;altra piatta, senza ruote dal peso di 10 kg. La base con ruote di gomma di alta densit\u00e0 ti offre una grande stabilit\u00e0 e ti permetter\u00e0 di spostare la sbarra senza sforzo inclinandola di 45 gradi dalla sua posizione centrale. La base piatta \u00e8 progettata in modo da poter spostare la sbarra sollevando tutto l&#8217;insieme senza appoggiarlo a terra. In entrambi i casi, le basi sono dotate di protezioni di PVC per evitare ogni possibile danno anche sui pavimenti pi\u00f9 delicati.<\/p>\n<p>Se hai bisogno di spostare la sbarra spesso, ti consigliamo la base con le ruote, se invece pensi che la sposterai solo occasionalmente o con l&#8217;aiuto di un&#8217;altra persona, allora le basi piatte potrebbero fare per te. Il peso totale dell&#8217;insieme con le basi con ruote, con una sbarra di legno di 2m, \u00e9 di 52 kg. Il peso dell&#8217;insieme con le basi piatte senza ruote \u00e9 di 36 kg.<\/p>\n<h3><strong>Acciaio e legno: la combinazione perfetta per creare l&#8217;eccellenza delle sbarre per la danza<\/strong><\/h3>\n<p>Le nostre sbarre in legno di pino giallo, provenienti da boschi dalla gestione sostenibile, sono resistenti e offrono una leggera flessibilit\u00e0, ideale per gli esercizi pi\u00f9 avanzati. Il legno perfettamente levigato e senza verniciatura, dona una sensazione gradevole al tatto, presa stabile e un tocco naturale per poterti godere appieno gli esercizi. I supporti di acciaio abbracciano la sbarra con fermezza senza bisogno di perforare il legno garantendo cosi tantissime ore di rendimento e un montaggio semplice e veloce. Le basi e le colonne sono prodotte con acciaio di prima qualit\u00e0 e rifinite con vernice epoxy color argento che offre una gran resistenza a colpi e graffi. La Pina \u00e9 disponibile con sbarre di legno di 2m e 3m.<\/p>\n<a href=\"https:\/\/new.dinamicaballet.com\/wp-content\/uploads\/2021\/05\/FT-PINA-0421-4.pdf\" class=\"su-button su-button-style-default\" style=\"color:#006B7C;background-color:#FFF2D5;border-color:#ccc2ab;border-radius:5px\" target=\"_blank\" rel=\"noopener noreferrer\"><span style=\"color:#006B7C;padding:0px 16px;font-size:13px;line-height:26px;border-color:#fff6e2;border-radius:5px;text-shadow:none\"> Scarica la scheda tecnica completa<\/span><\/a> <a href=\"https:\/\/new.dinamicaballet.com\/wp-content\/uploads\/2021\/07\/Instruccions-Pina.pdf\" class=\"su-button su-button-style-default\" style=\"color:#006B7C;background-color:#FFF2D5;border-color:#ccc2ab;border-radius:5px\" target=\"_blank\" rel=\"noopener noreferrer\"><span style=\"color:#006B7C;padding:0px 16px;font-size:13px;line-height:26px;border-color:#fff6e2;border-radius:5px;text-shadow:none\"> Scarica le istruzioni di montaggio<\/span><\/a>\n<p>&nbsp;<\/p>\n<div class=\"su-youtube su-u-responsive-media-yes\"><iframe loading=\"lazy\" width=\"600\" height=\"400\" src=\"https:\/\/www.youtube.com\/embed\/CsouGLn98YY?autohide=2&amp;autoplay=0&amp;mute=1&amp;controls=1&amp;fs=1&amp;loop=0&amp;modestbranding=0&amp;rel=1&amp;showinfo=1&amp;theme=dark&amp;wmode=&amp;playsinline=0\" frameborder=\"0\" allowfullscreen allow=\"autoplay; encrypted-media; picture-in-picture\" title=\"Sbarra per i professionisti doppia Pina Dinamica Ballet\"><\/iframe><\/div>\n","protected":false},"excerpt":{"rendered":"<p>La Pina \u00e8 una sbarra da danza mobile della gamma ad uso professionale con supporti per due sbarre di legno fissate a due altezze differenti: 102 e 79,5 centimetri. Dopo pi\u00f9 di 10 anni sul mercato, la Pina continua ad essere uno dei modelli pi\u00f9 usati nelle scuole di danza di tutto il mondo, frequentate da ballerini di tutte le et\u00e0 e stature. I due tipi di basi disponibili ti danno la possibilit\u00e0 di adattare al meglio il prodotto alle necessit\u00e0 delle tue lezioni.<\/p>\n<p><strong>IVA E SPEDIZIONE INCLUSI<\/strong><\/p>\n","protected":false},"featured_media":9814,"template":"","meta":{"_editorskit_title_hidden":false,"_editorskit_reading_time":0,"_editorskit_is_block_options_detached":false,"_editorskit_block_options_position":"{}","inline_featured_image":false,"_kad_blocks_custom_css":"","_kad_blocks_head_custom_js":"","_kad_blocks_body_custom_js":"","_kad_blocks_footer_custom_js":""},"product_brand":[],"product_cat":[285,289,212],"product_tag":[286],"class_list":{"0":"post-9801","1":"product","2":"type-product","3":"status-publish","4":"has-post-thumbnail","6":"product_cat-due-sbarre","7":"product_cat-profesional-it","8":"product_cat-sbarre-da-danza-mobili","9":"product_tag-movil-it","10":"post","11":"with-featured-image","13":"first","14":"instock","15":"taxable","16":"shipping-taxable","17":"purchasable","18":"product-type-variable"},"yoast_head":"<!-- This site is optimized with the Yoast SEO plugin v27.4 - https:\/\/yoast.com\/product\/yoast-seo-wordpress\/ -->\n<title>Barra de ballet profesional m\u00f3vil doble Pina | Dinamica Ballet shop<\/title>\n<meta name=\"description\" content=\"La Pina es una barra de ballet port\u00e1til de gama profesional con soportes para dos barras de madera fijadas a dos alturas diferentes.\" \/>\n<meta name=\"robots\" content=\"noindex, follow, max-snippet:-1, max-image-preview:large, max-video-preview:-1\" \/>\n<meta property=\"og:locale\" content=\"it_IT\" \/>\n<meta property=\"og:type\" content=\"article\" \/>\n<meta property=\"og:title\" content=\"Barra de ballet profesional m\u00f3vil doble Pina | Dinamica Ballet shop\" \/>\n<meta property=\"og:description\" content=\"La Pina es una barra de ballet port\u00e1til de gama profesional con soportes para dos barras de madera fijadas a dos alturas diferentes.\" \/>\n<meta property=\"og:url\" content=\"https:\/\/new.dinamicaballet.com\/it\/producto\/sbarra-da-danza-doppia-mobile-pina\/\" \/>\n<meta property=\"og:site_name\" content=\"Dinamica Ballet\" \/>\n<meta property=\"article:publisher\" content=\"https:\/\/www.facebook.com\/dinamicaballet\" \/>\n<meta property=\"article:modified_time\" content=\"2024-09-25T10:28:36+00:00\" \/>\n<meta property=\"og:image\" content=\"https:\/\/new.dinamicaballet.com\/wp-content\/uploads\/2020\/12\/dinamica_ballet_shop_pinamovil_01.jpg\" \/>\n\t<meta property=\"og:image:width\" content=\"600\" \/>\n\t<meta property=\"og:image:height\" content=\"800\" \/>\n\t<meta property=\"og:image:type\" content=\"image\/jpeg\" \/>\n<meta name=\"twitter:card\" content=\"summary_large_image\" \/>\n<meta name=\"twitter:label1\" content=\"Tempo di lettura stimato\" \/>\n\t<meta name=\"twitter:data1\" content=\"3 minuti\" \/>\n<script type=\"application\/ld+json\" class=\"yoast-schema-graph\">{\"@context\":\"https:\\\/\\\/schema.org\",\"@graph\":[{\"@type\":\"WebPage\",\"@id\":\"https:\\\/\\\/new.dinamicaballet.com\\\/it\\\/producto\\\/sbarra-da-danza-doppia-mobile-pina\\\/\",\"url\":\"https:\\\/\\\/new.dinamicaballet.com\\\/it\\\/producto\\\/sbarra-da-danza-doppia-mobile-pina\\\/\",\"name\":\"Barra de ballet profesional m\u00f3vil doble Pina | Dinamica Ballet shop\",\"isPartOf\":{\"@id\":\"https:\\\/\\\/new.dinamicaballet.com\\\/it\\\/#website\"},\"primaryImageOfPage\":{\"@id\":\"https:\\\/\\\/new.dinamicaballet.com\\\/it\\\/producto\\\/sbarra-da-danza-doppia-mobile-pina\\\/#primaryimage\"},\"image\":{\"@id\":\"https:\\\/\\\/new.dinamicaballet.com\\\/it\\\/producto\\\/sbarra-da-danza-doppia-mobile-pina\\\/#primaryimage\"},\"thumbnailUrl\":\"https:\\\/\\\/new.dinamicaballet.com\\\/wp-content\\\/uploads\\\/2020\\\/12\\\/dinamica_ballet_shop_pinamovil_01.jpg\",\"datePublished\":\"2020-12-03T16:24:53+00:00\",\"dateModified\":\"2024-09-25T10:28:36+00:00\",\"description\":\"La Pina es una barra de ballet port\u00e1til de gama profesional con soportes para dos barras de madera fijadas a dos alturas diferentes.\",\"inLanguage\":\"it-IT\",\"potentialAction\":[{\"@type\":\"ReadAction\",\"target\":[\"https:\\\/\\\/new.dinamicaballet.com\\\/it\\\/producto\\\/sbarra-da-danza-doppia-mobile-pina\\\/\"]}]},{\"@type\":\"ImageObject\",\"inLanguage\":\"it-IT\",\"@id\":\"https:\\\/\\\/new.dinamicaballet.com\\\/it\\\/producto\\\/sbarra-da-danza-doppia-mobile-pina\\\/#primaryimage\",\"url\":\"https:\\\/\\\/new.dinamicaballet.com\\\/wp-content\\\/uploads\\\/2020\\\/12\\\/dinamica_ballet_shop_pinamovil_01.jpg\",\"contentUrl\":\"https:\\\/\\\/new.dinamicaballet.com\\\/wp-content\\\/uploads\\\/2020\\\/12\\\/dinamica_ballet_shop_pinamovil_01.jpg\",\"width\":600,\"height\":800,\"caption\":\"Sbarra da danza doppia mobile Pina\"},{\"@type\":\"WebSite\",\"@id\":\"https:\\\/\\\/new.dinamicaballet.com\\\/it\\\/#website\",\"url\":\"https:\\\/\\\/new.dinamicaballet.com\\\/it\\\/\",\"name\":\"Dinamica Ballet\",\"description\":\"Especialistas en barras de ballet y espejos para la danza\",\"publisher\":{\"@id\":\"https:\\\/\\\/new.dinamicaballet.com\\\/it\\\/#organization\"},\"potentialAction\":[{\"@type\":\"SearchAction\",\"target\":{\"@type\":\"EntryPoint\",\"urlTemplate\":\"https:\\\/\\\/new.dinamicaballet.com\\\/it\\\/?s={search_term_string}\"},\"query-input\":{\"@type\":\"PropertyValueSpecification\",\"valueRequired\":true,\"valueName\":\"search_term_string\"}}],\"inLanguage\":\"it-IT\"},{\"@type\":\"Organization\",\"@id\":\"https:\\\/\\\/new.dinamicaballet.com\\\/it\\\/#organization\",\"name\":\"Dinamica Ballet\",\"url\":\"https:\\\/\\\/new.dinamicaballet.com\\\/it\\\/\",\"logo\":{\"@type\":\"ImageObject\",\"inLanguage\":\"it-IT\",\"@id\":\"https:\\\/\\\/new.dinamicaballet.com\\\/it\\\/#\\\/schema\\\/logo\\\/image\\\/\",\"url\":\"https:\\\/\\\/new.dinamicaballet.com\\\/wp-content\\\/uploads\\\/2022\\\/03\\\/logo_dinamica_ballet.svg\",\"contentUrl\":\"https:\\\/\\\/new.dinamicaballet.com\\\/wp-content\\\/uploads\\\/2022\\\/03\\\/logo_dinamica_ballet.svg\",\"width\":284,\"height\":51,\"caption\":\"Dinamica Ballet\"},\"image\":{\"@id\":\"https:\\\/\\\/new.dinamicaballet.com\\\/it\\\/#\\\/schema\\\/logo\\\/image\\\/\"},\"sameAs\":[\"https:\\\/\\\/www.facebook.com\\\/dinamicaballet\",\"https:\\\/\\\/www.instagram.com\\\/dinamicaballet\\\/\",\"http:\\\/\\\/www.linkedin.com\\\/company\\\/dinamica-ballet\",\"https:\\\/\\\/www.pinterest.com\\\/DinamicaBallet\\\/\"]}]}<\/script>\n<!-- \/ Yoast SEO plugin. -->","yoast_head_json":{"title":"Barra de ballet profesional m\u00f3vil doble Pina | Dinamica Ballet shop","description":"La Pina es una barra de ballet port\u00e1til de gama profesional con soportes para dos barras de madera fijadas a dos alturas diferentes.","robots":{"index":"noindex","follow":"follow","max-snippet":"max-snippet:-1","max-image-preview":"max-image-preview:large","max-video-preview":"max-video-preview:-1"},"og_locale":"it_IT","og_type":"article","og_title":"Barra de ballet profesional m\u00f3vil doble Pina | Dinamica Ballet shop","og_description":"La Pina es una barra de ballet port\u00e1til de gama profesional con soportes para dos barras de madera fijadas a dos alturas diferentes.","og_url":"https:\/\/new.dinamicaballet.com\/it\/producto\/sbarra-da-danza-doppia-mobile-pina\/","og_site_name":"Dinamica Ballet","article_publisher":"https:\/\/www.facebook.com\/dinamicaballet","article_modified_time":"2024-09-25T10:28:36+00:00","og_image":[{"width":600,"height":800,"url":"https:\/\/new.dinamicaballet.com\/wp-content\/uploads\/2020\/12\/dinamica_ballet_shop_pinamovil_01.jpg","type":"image\/jpeg"}],"twitter_card":"summary_large_image","twitter_misc":{"Tempo di lettura stimato":"3 minuti"},"schema":{"@context":"https:\/\/schema.org","@graph":[{"@type":"WebPage","@id":"https:\/\/new.dinamicaballet.com\/it\/producto\/sbarra-da-danza-doppia-mobile-pina\/","url":"https:\/\/new.dinamicaballet.com\/it\/producto\/sbarra-da-danza-doppia-mobile-pina\/","name":"Barra de ballet profesional m\u00f3vil doble Pina | Dinamica Ballet shop","isPartOf":{"@id":"https:\/\/new.dinamicaballet.com\/it\/#website"},"primaryImageOfPage":{"@id":"https:\/\/new.dinamicaballet.com\/it\/producto\/sbarra-da-danza-doppia-mobile-pina\/#primaryimage"},"image":{"@id":"https:\/\/new.dinamicaballet.com\/it\/producto\/sbarra-da-danza-doppia-mobile-pina\/#primaryimage"},"thumbnailUrl":"https:\/\/new.dinamicaballet.com\/wp-content\/uploads\/2020\/12\/dinamica_ballet_shop_pinamovil_01.jpg","datePublished":"2020-12-03T16:24:53+00:00","dateModified":"2024-09-25T10:28:36+00:00","description":"La Pina es una barra de ballet port\u00e1til de gama profesional con soportes para dos barras de madera fijadas a dos alturas diferentes.","inLanguage":"it-IT","potentialAction":[{"@type":"ReadAction","target":["https:\/\/new.dinamicaballet.com\/it\/producto\/sbarra-da-danza-doppia-mobile-pina\/"]}]},{"@type":"ImageObject","inLanguage":"it-IT","@id":"https:\/\/new.dinamicaballet.com\/it\/producto\/sbarra-da-danza-doppia-mobile-pina\/#primaryimage","url":"https:\/\/new.dinamicaballet.com\/wp-content\/uploads\/2020\/12\/dinamica_ballet_shop_pinamovil_01.jpg","contentUrl":"https:\/\/new.dinamicaballet.com\/wp-content\/uploads\/2020\/12\/dinamica_ballet_shop_pinamovil_01.jpg","width":600,"height":800,"caption":"Sbarra da danza doppia mobile Pina"},{"@type":"WebSite","@id":"https:\/\/new.dinamicaballet.com\/it\/#website","url":"https:\/\/new.dinamicaballet.com\/it\/","name":"Dinamica Ballet","description":"Especialistas en barras de ballet y espejos para la danza","publisher":{"@id":"https:\/\/new.dinamicaballet.com\/it\/#organization"},"potentialAction":[{"@type":"SearchAction","target":{"@type":"EntryPoint","urlTemplate":"https:\/\/new.dinamicaballet.com\/it\/?s={search_term_string}"},"query-input":{"@type":"PropertyValueSpecification","valueRequired":true,"valueName":"search_term_string"}}],"inLanguage":"it-IT"},{"@type":"Organization","@id":"https:\/\/new.dinamicaballet.com\/it\/#organization","name":"Dinamica Ballet","url":"https:\/\/new.dinamicaballet.com\/it\/","logo":{"@type":"ImageObject","inLanguage":"it-IT","@id":"https:\/\/new.dinamicaballet.com\/it\/#\/schema\/logo\/image\/","url":"https:\/\/new.dinamicaballet.com\/wp-content\/uploads\/2022\/03\/logo_dinamica_ballet.svg","contentUrl":"https:\/\/new.dinamicaballet.com\/wp-content\/uploads\/2022\/03\/logo_dinamica_ballet.svg","width":284,"height":51,"caption":"Dinamica Ballet"},"image":{"@id":"https:\/\/new.dinamicaballet.com\/it\/#\/schema\/logo\/image\/"},"sameAs":["https:\/\/www.facebook.com\/dinamicaballet","https:\/\/www.instagram.com\/dinamicaballet\/","http:\/\/www.linkedin.com\/company\/dinamica-ballet","https:\/\/www.pinterest.com\/DinamicaBallet\/"]}]}},"taxonomy_info":{"product_cat":[{"value":285,"label":"Due sbarre"},{"value":289,"label":"Profesional"},{"value":212,"label":"Sbarre da danza mobili"}],"product_tag":[{"value":286,"label":"movil"}]},"featured_image_src_large":["https:\/\/new.dinamicaballet.com\/wp-content\/uploads\/2020\/12\/dinamica_ballet_shop_pinamovil_01.jpg",600,800,false],"author_info":[],"comment_info":"","_links":{"self":[{"href":"https:\/\/new.dinamicaballet.com\/it\/wp-json\/wp\/v2\/product\/9801","targetHints":{"allow":["GET"]}}],"collection":[{"href":"https:\/\/new.dinamicaballet.com\/it\/wp-json\/wp\/v2\/product"}],"about":[{"href":"https:\/\/new.dinamicaballet.com\/it\/wp-json\/wp\/v2\/types\/product"}],"wp:featuredmedia":[{"embeddable":true,"href":"https:\/\/new.dinamicaballet.com\/it\/wp-json\/wp\/v2\/media\/9814"}],"wp:attachment":[{"href":"https:\/\/new.dinamicaballet.com\/it\/wp-json\/wp\/v2\/media?parent=9801"}],"wp:term":[{"taxonomy":"product_brand","embeddable":true,"href":"https:\/\/new.dinamicaballet.com\/it\/wp-json\/wp\/v2\/product_brand?post=9801"},{"taxonomy":"product_cat","embeddable":true,"href":"https:\/\/new.dinamicaballet.com\/it\/wp-json\/wp\/v2\/product_cat?post=9801"},{"taxonomy":"product_tag","embeddable":true,"href":"https:\/\/new.dinamicaballet.com\/it\/wp-json\/wp\/v2\/product_tag?post=9801"}],"curies":[{"name":"wp","href":"https:\/\/api.w.org\/{rel}","templated":true}]}}