{"id":9777,"date":"2020-12-03T16:24:53","date_gmt":"2020-12-03T16:24:53","guid":{"rendered":"https:\/\/www.dinamicaballet.com\/producto\/sbarra-da-danza-mobile-professionale-regolabile-in-altezza-isa\/"},"modified":"2023-02-16T00:01:47","modified_gmt":"2023-02-15T23:01:47","slug":"sbarra-da-danza-mobile-professionale-regolabile-in-altezza-isa","status":"publish","type":"product","link":"https:\/\/new.dinamicaballet.com\/it\/producto\/sbarra-da-danza-mobile-professionale-regolabile-in-altezza-isa\/","title":{"rendered":"Sbarra per i professionisti regolabile Isa"},"content":{"rendered":"<h3><strong>Una sbarra per ballerini di qualunque livello e statura<\/strong><\/h3>\n<p>La sbarra Isa la si pu\u00f2 trovare tanto nelle scuole di danza quanto nelle case dei ballerini. Con i suoi 39cm di altezza regolabile e l&#8217;eccellente stabilit\u00e0 delle basi in acciaio, offre un&#8217;ottimo rendimento per ballerini di tutte le et\u00e0, stature e peso. Potrai scegliere una delle 14 altezze disponibili e fissare la sbarra Isa con un meccanismo facile e veloce da regolare. I supporti di acciaio esclusivi della gamma professionale DInamica Ballet abbracciano la sbarra con fermezza senza bisogno di perforare il legno garantendo cosi tantissime ore di allenamento.<\/p>\n<h3><strong>Base piatta o base con ruote, scegli qual \u00e8 pi\u00fa adatta a te <\/strong><\/h3>\n<p>La Isa forma parte della nostra gamma di sbarre per la danza mobili ad uso professionale. Ti proponiamo due tipi di basi di acciaio: una con due ruote e un peso di 20kg e l&#8217;altra piatta, senza ruote, dal peso di 10 kg. La base con ruote di gomma di alta densit\u00e0 ti offre una grande stabilit\u00e0 e ti permetter\u00e0 di spostare la sbarra senza sforzo inclinandola di 45 gradi dalla sua posizione centrale. La base piatta \u00e9 pensata per poter muovere tutto l&#8217;insieme senza appoggiarlo sul pavimento.<\/p>\n<p>In entrambi i casi, le basi sono dotate di protezioni di PVC per evitare ogni possibile danno anche sui pavimenti pi\u00f9 delicati. Se devi portare la tua sbarra Isa in tourn\u00e9e o hai bisogno di spostarla spesso, ti consigliamo la base con le ruote, se invece pensi che la sposterai solo occasionalmente o con l&#8217;aiuto di un&#8217;altra persona, allora le basi piatte potrebbero fare per te. Il peso totale dell&#8217;insieme con le basi con ruote, con una sbarra di legno di 2m, \u00e9 di 50 kg. Il peso dell&#8217;insieme con le basi piatte senza ruote \u00e9 di 31 kg.<\/p>\n<h3><strong>Acciaio e legno: una combinazione ancestrale di materiali perfetti per la danza<\/strong><\/h3>\n<p>Crediamo che le sbarre per la danza perfette dovrebbero essere in legno. Le nostre sbarre in legno di pino giallo, provenienti da boschi dalla gestione sostenibile, sono resistenti e offrono una leggera flessibilit\u00e0, ideale per gli esercizi di tutti i tipi. Il nostro legno perfettamente levigato e senza verniciatura, dona una sensazione gradevole al tatto, presa stabile e un tocco naturale per poter perfezionare i tuoi grand rond de jambe. Combinate con nostri supporti esclusivi e con le basi di acciaio, abbiamo creato un prodotto al quale si affidano ballerini professionisti e appassionati di tutto il mondo.<\/p>\n<a href=\"https:\/\/new.dinamicaballet.com\/wp-content\/uploads\/2021\/05\/FT-ISA-0421-3.pdf\" class=\"su-button su-button-style-default\" style=\"color:#006B7C;background-color:#FFF2D5;border-color:#ccc2ab;border-radius:5px\" target=\"_blank\" rel=\"noopener noreferrer\"><span style=\"color:#006B7C;padding:0px 16px;font-size:13px;line-height:26px;border-color:#fff6e2;border-radius:5px;text-shadow:none\"> Scarica la scheda tecnica completa<\/span><\/a> <a href=\"https:\/\/new.dinamicaballet.com\/wp-content\/uploads\/2021\/05\/FT-ISA-0421-3.pdf\" class=\"su-button su-button-style-default\" style=\"color:#006B7C;background-color:#FFF2D5;border-color:#ccc2ab;border-radius:5px\" target=\"_blank\" rel=\"noopener noreferrer\"><span style=\"color:#006B7C;padding:0px 16px;font-size:13px;line-height:26px;border-color:#fff6e2;border-radius:5px;text-shadow:none\"> Scarica le istruzioni di montaggio<\/span><\/a>\n","protected":false},"excerpt":{"rendered":"<p>La Isa \u00e9 la sbarra mobile regolabile in altezza ad uso professionale pi\u00fa popolare di Dinamica Ballet. Con due tipo di basi disponibili, con ruote e piatte, e 14 diverse altezze, la sbarra Isa si \u00e9 guadagnata la fiducia di ballerini professionisti e appassionati della danza di tutto il mondo.<\/p>\n<p>IVA E SPEDIZIONE INCLUSI<\/p>\n","protected":false},"featured_media":9794,"template":"","meta":{"_editorskit_title_hidden":false,"_editorskit_reading_time":0,"_editorskit_is_block_options_detached":false,"_editorskit_block_options_position":"{}","inline_featured_image":false,"_kad_blocks_custom_css":"","_kad_blocks_head_custom_js":"","_kad_blocks_body_custom_js":"","_kad_blocks_footer_custom_js":""},"product_brand":[],"product_cat":[289,212,215],"product_tag":[286],"class_list":{"0":"post-9777","1":"product","2":"type-product","3":"status-publish","4":"has-post-thumbnail","6":"product_cat-profesional-it","7":"product_cat-sbarre-da-danza-mobili","8":"product_cat-sbarre-da-danza-regolabili-in-altezza","9":"product_tag-movil-it","10":"post","11":"with-featured-image","13":"first","14":"instock","15":"taxable","16":"shipping-taxable","17":"purchasable","18":"product-type-variable"},"yoast_head":"<!-- This site is optimized with the Yoast SEO plugin v27.4 - https:\/\/yoast.com\/product\/yoast-seo-wordpress\/ -->\n<title>Sbarra da danza mobile regolabile in altezza Isa | Negozio online<\/title>\n<meta name=\"description\" content=\"Con due tipo di basi disponibili e 14 diverse altezze, la sbarra Isa si \u00e9 guadagnata la fiducia di ballerini professionisti e appassionati.\" \/>\n<meta name=\"robots\" content=\"noindex, follow, max-snippet:-1, max-image-preview:large, max-video-preview:-1\" \/>\n<meta property=\"og:locale\" content=\"it_IT\" \/>\n<meta property=\"og:type\" content=\"article\" \/>\n<meta property=\"og:title\" content=\"Sbarra da danza mobile regolabile in altezza Isa | Negozio online\" \/>\n<meta property=\"og:description\" content=\"Con due tipo di basi disponibili e 14 diverse altezze, la sbarra Isa si \u00e9 guadagnata la fiducia di ballerini professionisti e appassionati.\" \/>\n<meta property=\"og:url\" content=\"https:\/\/new.dinamicaballet.com\/it\/producto\/sbarra-da-danza-mobile-professionale-regolabile-in-altezza-isa\/\" \/>\n<meta property=\"og:site_name\" content=\"Dinamica Ballet\" \/>\n<meta property=\"article:publisher\" content=\"https:\/\/www.facebook.com\/dinamicaballet\" \/>\n<meta property=\"article:modified_time\" content=\"2023-02-15T23:01:47+00:00\" \/>\n<meta property=\"og:image\" content=\"https:\/\/new.dinamicaballet.com\/wp-content\/uploads\/2020\/12\/dinamica_ballet_shop_isa_01.jpg\" \/>\n\t<meta property=\"og:image:width\" content=\"600\" \/>\n\t<meta property=\"og:image:height\" content=\"800\" \/>\n\t<meta property=\"og:image:type\" content=\"image\/jpeg\" \/>\n<meta name=\"twitter:card\" content=\"summary_large_image\" \/>\n<meta name=\"twitter:label1\" content=\"Tempo di lettura stimato\" \/>\n\t<meta name=\"twitter:data1\" content=\"2 minuti\" \/>\n<script type=\"application\/ld+json\" class=\"yoast-schema-graph\">{\"@context\":\"https:\\\/\\\/schema.org\",\"@graph\":[{\"@type\":\"WebPage\",\"@id\":\"https:\\\/\\\/new.dinamicaballet.com\\\/it\\\/producto\\\/sbarra-da-danza-mobile-professionale-regolabile-in-altezza-isa\\\/\",\"url\":\"https:\\\/\\\/new.dinamicaballet.com\\\/it\\\/producto\\\/sbarra-da-danza-mobile-professionale-regolabile-in-altezza-isa\\\/\",\"name\":\"Sbarra da danza mobile regolabile in altezza Isa | Negozio online\",\"isPartOf\":{\"@id\":\"https:\\\/\\\/new.dinamicaballet.com\\\/it\\\/#website\"},\"primaryImageOfPage\":{\"@id\":\"https:\\\/\\\/new.dinamicaballet.com\\\/it\\\/producto\\\/sbarra-da-danza-mobile-professionale-regolabile-in-altezza-isa\\\/#primaryimage\"},\"image\":{\"@id\":\"https:\\\/\\\/new.dinamicaballet.com\\\/it\\\/producto\\\/sbarra-da-danza-mobile-professionale-regolabile-in-altezza-isa\\\/#primaryimage\"},\"thumbnailUrl\":\"https:\\\/\\\/new.dinamicaballet.com\\\/wp-content\\\/uploads\\\/2020\\\/12\\\/dinamica_ballet_shop_isa_01.jpg\",\"datePublished\":\"2020-12-03T16:24:53+00:00\",\"dateModified\":\"2023-02-15T23:01:47+00:00\",\"description\":\"Con due tipo di basi disponibili e 14 diverse altezze, la sbarra Isa si \u00e9 guadagnata la fiducia di ballerini professionisti e appassionati.\",\"inLanguage\":\"it-IT\",\"potentialAction\":[{\"@type\":\"ReadAction\",\"target\":[\"https:\\\/\\\/new.dinamicaballet.com\\\/it\\\/producto\\\/sbarra-da-danza-mobile-professionale-regolabile-in-altezza-isa\\\/\"]}]},{\"@type\":\"ImageObject\",\"inLanguage\":\"it-IT\",\"@id\":\"https:\\\/\\\/new.dinamicaballet.com\\\/it\\\/producto\\\/sbarra-da-danza-mobile-professionale-regolabile-in-altezza-isa\\\/#primaryimage\",\"url\":\"https:\\\/\\\/new.dinamicaballet.com\\\/wp-content\\\/uploads\\\/2020\\\/12\\\/dinamica_ballet_shop_isa_01.jpg\",\"contentUrl\":\"https:\\\/\\\/new.dinamicaballet.com\\\/wp-content\\\/uploads\\\/2020\\\/12\\\/dinamica_ballet_shop_isa_01.jpg\",\"width\":600,\"height\":800,\"caption\":\"Sbarra da danza mobile professionale regolabile in altezza Isa\"},{\"@type\":\"WebSite\",\"@id\":\"https:\\\/\\\/new.dinamicaballet.com\\\/it\\\/#website\",\"url\":\"https:\\\/\\\/new.dinamicaballet.com\\\/it\\\/\",\"name\":\"Dinamica Ballet\",\"description\":\"Especialistas en barras de ballet y espejos para la danza\",\"publisher\":{\"@id\":\"https:\\\/\\\/new.dinamicaballet.com\\\/it\\\/#organization\"},\"potentialAction\":[{\"@type\":\"SearchAction\",\"target\":{\"@type\":\"EntryPoint\",\"urlTemplate\":\"https:\\\/\\\/new.dinamicaballet.com\\\/it\\\/?s={search_term_string}\"},\"query-input\":{\"@type\":\"PropertyValueSpecification\",\"valueRequired\":true,\"valueName\":\"search_term_string\"}}],\"inLanguage\":\"it-IT\"},{\"@type\":\"Organization\",\"@id\":\"https:\\\/\\\/new.dinamicaballet.com\\\/it\\\/#organization\",\"name\":\"Dinamica Ballet\",\"url\":\"https:\\\/\\\/new.dinamicaballet.com\\\/it\\\/\",\"logo\":{\"@type\":\"ImageObject\",\"inLanguage\":\"it-IT\",\"@id\":\"https:\\\/\\\/new.dinamicaballet.com\\\/it\\\/#\\\/schema\\\/logo\\\/image\\\/\",\"url\":\"https:\\\/\\\/new.dinamicaballet.com\\\/wp-content\\\/uploads\\\/2022\\\/03\\\/logo_dinamica_ballet.svg\",\"contentUrl\":\"https:\\\/\\\/new.dinamicaballet.com\\\/wp-content\\\/uploads\\\/2022\\\/03\\\/logo_dinamica_ballet.svg\",\"width\":284,\"height\":51,\"caption\":\"Dinamica Ballet\"},\"image\":{\"@id\":\"https:\\\/\\\/new.dinamicaballet.com\\\/it\\\/#\\\/schema\\\/logo\\\/image\\\/\"},\"sameAs\":[\"https:\\\/\\\/www.facebook.com\\\/dinamicaballet\",\"https:\\\/\\\/www.instagram.com\\\/dinamicaballet\\\/\",\"http:\\\/\\\/www.linkedin.com\\\/company\\\/dinamica-ballet\",\"https:\\\/\\\/www.pinterest.com\\\/DinamicaBallet\\\/\"]}]}<\/script>\n<!-- \/ Yoast SEO plugin. -->","yoast_head_json":{"title":"Sbarra da danza mobile regolabile in altezza Isa | Negozio online","description":"Con due tipo di basi disponibili e 14 diverse altezze, la sbarra Isa si \u00e9 guadagnata la fiducia di ballerini professionisti e appassionati.","robots":{"index":"noindex","follow":"follow","max-snippet":"max-snippet:-1","max-image-preview":"max-image-preview:large","max-video-preview":"max-video-preview:-1"},"og_locale":"it_IT","og_type":"article","og_title":"Sbarra da danza mobile regolabile in altezza Isa | Negozio online","og_description":"Con due tipo di basi disponibili e 14 diverse altezze, la sbarra Isa si \u00e9 guadagnata la fiducia di ballerini professionisti e appassionati.","og_url":"https:\/\/new.dinamicaballet.com\/it\/producto\/sbarra-da-danza-mobile-professionale-regolabile-in-altezza-isa\/","og_site_name":"Dinamica Ballet","article_publisher":"https:\/\/www.facebook.com\/dinamicaballet","article_modified_time":"2023-02-15T23:01:47+00:00","og_image":[{"width":600,"height":800,"url":"https:\/\/new.dinamicaballet.com\/wp-content\/uploads\/2020\/12\/dinamica_ballet_shop_isa_01.jpg","type":"image\/jpeg"}],"twitter_card":"summary_large_image","twitter_misc":{"Tempo di lettura stimato":"2 minuti"},"schema":{"@context":"https:\/\/schema.org","@graph":[{"@type":"WebPage","@id":"https:\/\/new.dinamicaballet.com\/it\/producto\/sbarra-da-danza-mobile-professionale-regolabile-in-altezza-isa\/","url":"https:\/\/new.dinamicaballet.com\/it\/producto\/sbarra-da-danza-mobile-professionale-regolabile-in-altezza-isa\/","name":"Sbarra da danza mobile regolabile in altezza Isa | Negozio online","isPartOf":{"@id":"https:\/\/new.dinamicaballet.com\/it\/#website"},"primaryImageOfPage":{"@id":"https:\/\/new.dinamicaballet.com\/it\/producto\/sbarra-da-danza-mobile-professionale-regolabile-in-altezza-isa\/#primaryimage"},"image":{"@id":"https:\/\/new.dinamicaballet.com\/it\/producto\/sbarra-da-danza-mobile-professionale-regolabile-in-altezza-isa\/#primaryimage"},"thumbnailUrl":"https:\/\/new.dinamicaballet.com\/wp-content\/uploads\/2020\/12\/dinamica_ballet_shop_isa_01.jpg","datePublished":"2020-12-03T16:24:53+00:00","dateModified":"2023-02-15T23:01:47+00:00","description":"Con due tipo di basi disponibili e 14 diverse altezze, la sbarra Isa si \u00e9 guadagnata la fiducia di ballerini professionisti e appassionati.","inLanguage":"it-IT","potentialAction":[{"@type":"ReadAction","target":["https:\/\/new.dinamicaballet.com\/it\/producto\/sbarra-da-danza-mobile-professionale-regolabile-in-altezza-isa\/"]}]},{"@type":"ImageObject","inLanguage":"it-IT","@id":"https:\/\/new.dinamicaballet.com\/it\/producto\/sbarra-da-danza-mobile-professionale-regolabile-in-altezza-isa\/#primaryimage","url":"https:\/\/new.dinamicaballet.com\/wp-content\/uploads\/2020\/12\/dinamica_ballet_shop_isa_01.jpg","contentUrl":"https:\/\/new.dinamicaballet.com\/wp-content\/uploads\/2020\/12\/dinamica_ballet_shop_isa_01.jpg","width":600,"height":800,"caption":"Sbarra da danza mobile professionale regolabile in altezza Isa"},{"@type":"WebSite","@id":"https:\/\/new.dinamicaballet.com\/it\/#website","url":"https:\/\/new.dinamicaballet.com\/it\/","name":"Dinamica Ballet","description":"Especialistas en barras de ballet y espejos para la danza","publisher":{"@id":"https:\/\/new.dinamicaballet.com\/it\/#organization"},"potentialAction":[{"@type":"SearchAction","target":{"@type":"EntryPoint","urlTemplate":"https:\/\/new.dinamicaballet.com\/it\/?s={search_term_string}"},"query-input":{"@type":"PropertyValueSpecification","valueRequired":true,"valueName":"search_term_string"}}],"inLanguage":"it-IT"},{"@type":"Organization","@id":"https:\/\/new.dinamicaballet.com\/it\/#organization","name":"Dinamica Ballet","url":"https:\/\/new.dinamicaballet.com\/it\/","logo":{"@type":"ImageObject","inLanguage":"it-IT","@id":"https:\/\/new.dinamicaballet.com\/it\/#\/schema\/logo\/image\/","url":"https:\/\/new.dinamicaballet.com\/wp-content\/uploads\/2022\/03\/logo_dinamica_ballet.svg","contentUrl":"https:\/\/new.dinamicaballet.com\/wp-content\/uploads\/2022\/03\/logo_dinamica_ballet.svg","width":284,"height":51,"caption":"Dinamica Ballet"},"image":{"@id":"https:\/\/new.dinamicaballet.com\/it\/#\/schema\/logo\/image\/"},"sameAs":["https:\/\/www.facebook.com\/dinamicaballet","https:\/\/www.instagram.com\/dinamicaballet\/","http:\/\/www.linkedin.com\/company\/dinamica-ballet","https:\/\/www.pinterest.com\/DinamicaBallet\/"]}]}},"taxonomy_info":{"product_cat":[{"value":289,"label":"Profesional"},{"value":212,"label":"Sbarre da danza mobili"},{"value":215,"label":"Sbarre regolabili in altezza"}],"product_tag":[{"value":286,"label":"movil"}]},"featured_image_src_large":["https:\/\/new.dinamicaballet.com\/wp-content\/uploads\/2020\/12\/dinamica_ballet_shop_isa_01.jpg",600,800,false],"author_info":[],"comment_info":"","_links":{"self":[{"href":"https:\/\/new.dinamicaballet.com\/it\/wp-json\/wp\/v2\/product\/9777","targetHints":{"allow":["GET"]}}],"collection":[{"href":"https:\/\/new.dinamicaballet.com\/it\/wp-json\/wp\/v2\/product"}],"about":[{"href":"https:\/\/new.dinamicaballet.com\/it\/wp-json\/wp\/v2\/types\/product"}],"wp:featuredmedia":[{"embeddable":true,"href":"https:\/\/new.dinamicaballet.com\/it\/wp-json\/wp\/v2\/media\/9794"}],"wp:attachment":[{"href":"https:\/\/new.dinamicaballet.com\/it\/wp-json\/wp\/v2\/media?parent=9777"}],"wp:term":[{"taxonomy":"product_brand","embeddable":true,"href":"https:\/\/new.dinamicaballet.com\/it\/wp-json\/wp\/v2\/product_brand?post=9777"},{"taxonomy":"product_cat","embeddable":true,"href":"https:\/\/new.dinamicaballet.com\/it\/wp-json\/wp\/v2\/product_cat?post=9777"},{"taxonomy":"product_tag","embeddable":true,"href":"https:\/\/new.dinamicaballet.com\/it\/wp-json\/wp\/v2\/product_tag?post=9777"}],"curies":[{"name":"wp","href":"https:\/\/api.w.org\/{rel}","templated":true}]}}