{"id":9753,"date":"2020-12-03T16:24:54","date_gmt":"2020-12-03T16:24:54","guid":{"rendered":"https:\/\/www.dinamicaballet.com\/producto\/sbarra-da-danza-mobile-per-i-professionisti-avant\/"},"modified":"2025-05-16T11:09:12","modified_gmt":"2025-05-16T10:09:12","slug":"sbarra-da-danza-mobile-per-i-professionisti-avant","status":"publish","type":"product","link":"https:\/\/new.dinamicaballet.com\/it\/producto\/sbarra-da-danza-mobile-per-i-professionisti-avant\/","title":{"rendered":"Sbarra per i professionisti Avant"},"content":{"rendered":"<h3><strong>Stabilit\u00e1 e resistenza di livello professionale <\/strong><\/h3>\n<p>Il disegno esclusivo dei supporti della nostra gamma professionale distribuisce la pressione che esercita la ballerina sulla sbarra e le basi di acciaio donano una gran stabilit\u00e1 all&#8217;insieme. Abbiamo realizzato diversi test nel laboratorio di elasticit\u00e0 dei materiali dell&#8217;Universit\u00e0 Politecnica della Catalogna che hanno provato di resistere a forze di quasi 400kg. La Avant si \u00e9 convertita in una sbarra apprezzata tanto dai professionisti che cercano un alto rendimento in aula quanto dai appassionati della danza che cercano una buona stabilit\u00e1 per gli esercizi pi\u00fa esigenti in casa.<\/p>\n<h3><strong>Base con ruote e base piatta; la mobilit\u00e1 che si adatta a te<\/strong><\/h3>\n<p>La Avant fa parte della nostra gamma di sbarre mobili professionali. Ti proponiamo due tipi di base in acciaio: una con due ruote e un peso di 20kg e l&#8217;altra piatta senza ruote, pi\u00fa leggera, di 10 kg ognuna. La base con ruote di gomma di alta densit\u00e0 ti offre una grande stabilit\u00e0 e ti permetter\u00e0 di spostare la sbarra senza sforzo inclinandola di 45 gradi dalla sua posizione centrale. La base piatta \u00e8 pensata per poter muovere tutto l&#8217;insieme senza appoggiarlo sul pavimento.<br \/>\nIn entrambi i casi, le basi sono dotate di protezioni di PVC per evitare ogni possibile danno anche sui pavimenti pi\u00f9 delicati. Se devi portare la tua sbarra Avant in tourn\u00e9e o hai bisogno di spostarla spesso, ti consigliamo la base con le ruote, se invece pensi che la sposterai solo occasionalmente o con l&#8217;aiuto di un&#8217;altra persona, allora le basi piatte potrebbero fare per te. Il peso totale dell&#8217;insieme con le basi con ruote, con una sbarra di legno di 2m, \u00e9 di 48 kg. Il peso dell&#8217;insieme con le basi piatte senza ruote \u00e9 di 32 kg.<\/p>\n<h3><strong>Goditi l&#8217;impareggiabile sensazione del legno<\/strong><\/h3>\n<p>Le nostre sbarre in legno di pino giallo, provenienti da boschi dalla gestione sostenibile, sono resistenti e offrono una leggera flessibilit\u00e0, ideale per gli esercizi pi\u00f9 avanzati. Il legno perfettamente levigato e senza verniciatura, dona una sensazione gradevole al tatto, presa stabile e un tocco naturale per poterti godere al massimo gli allenamenti. La Avant \u00e9 disponibile con sbarre di legno di 1,5m, 2m e 3m.<\/p>\n<a href=\"https:\/\/new.dinamicaballet.com\/wp-content\/uploads\/2021\/05\/FT-AVANT-0421-3.pdf\" class=\"su-button su-button-style-default\" style=\"color:#006B7C;background-color:#FFF2D5;border-color:#ccc2ab;border-radius:5px\" target=\"_blank\" rel=\"noopener noreferrer\"><span style=\"color:#006B7C;padding:0px 16px;font-size:13px;line-height:26px;border-color:#fff6e2;border-radius:5px;text-shadow:none\"> Scarica la scheda tecnica completa<\/span><\/a> <a href=\"https:\/\/new.dinamicaballet.com\/wp-content\/uploads\/2021\/07\/Instruccions-Avant.pdf\" class=\"su-button su-button-style-default\" style=\"color:#006B7C;background-color:#FFF2D5;border-color:#ccc2ab;border-radius:5px\" target=\"_blank\" rel=\"noopener noreferrer\"><span style=\"color:#006B7C;padding:0px 16px;font-size:13px;line-height:26px;border-color:#fff6e2;border-radius:5px;text-shadow:none\"> Scarica le istruzioni di montaggio<\/span><\/a>\n<p>&nbsp;<\/p>\n<div class=\"su-youtube su-u-responsive-media-yes\"><iframe loading=\"lazy\" width=\"600\" height=\"400\" src=\"https:\/\/www.youtube.com\/embed\/GpvSn3xFP98?autohide=2&amp;autoplay=0&amp;mute=1&amp;controls=1&amp;fs=1&amp;loop=0&amp;modestbranding=0&amp;rel=1&amp;showinfo=1&amp;theme=dark&amp;wmode=&amp;playsinline=0\" frameborder=\"0\" allowfullscreen allow=\"autoplay; encrypted-media; picture-in-picture\" title=\"Sbarra per i professionisti Avant Dinamica Ballet\"><\/iframe><\/div>\n","protected":false},"excerpt":{"rendered":"<p>La Avant \u00e9 una sbarra da danza classica ad uso professionale con una sbarra in legno e due tipi di basi disponibili. Con un&#8217;altezza fissa di 103 centimetri, \u00e8 un modello che ha un ottimo rendimento sia per lo studio nelle accademie di danza sia per realizzare esercizi in casa.<\/p>\n<p><strong>IVA E SPEDIZIONE INCLUSI<\/strong><\/p>\n","protected":false},"featured_media":9770,"template":"","meta":{"_editorskit_title_hidden":false,"_editorskit_reading_time":0,"_editorskit_is_block_options_detached":false,"_editorskit_block_options_position":"{}","inline_featured_image":false,"_kad_blocks_custom_css":"","_kad_blocks_head_custom_js":"","_kad_blocks_body_custom_js":"","_kad_blocks_footer_custom_js":""},"product_brand":[],"product_cat":[289,212,284],"product_tag":[286],"class_list":{"0":"post-9753","1":"product","2":"type-product","3":"status-publish","4":"has-post-thumbnail","6":"product_cat-profesional-it","7":"product_cat-sbarre-da-danza-mobili","8":"product_cat-una-sbarra","9":"product_tag-movil-it","10":"post","11":"with-featured-image","13":"first","14":"instock","15":"taxable","16":"shipping-taxable","17":"purchasable","18":"product-type-variable"},"yoast_head":"<!-- This site is optimized with the Yoast SEO plugin v27.4 - https:\/\/yoast.com\/product\/yoast-seo-wordpress\/ -->\n<title>Barra de ballet m\u00f3vil profesional Avant | Dinamica Ballet shop<\/title>\n<meta name=\"description\" content=\"Compra la nueva barra de ballet m\u00f3vil Avant, con una sola barra de madera fijada a una altura. Su dise\u00f1o ofrece estabilidad y resistencia.\" \/>\n<meta name=\"robots\" content=\"noindex, follow, max-snippet:-1, max-image-preview:large, max-video-preview:-1\" \/>\n<meta property=\"og:locale\" content=\"it_IT\" \/>\n<meta property=\"og:type\" content=\"article\" \/>\n<meta property=\"og:title\" content=\"Barra de ballet m\u00f3vil profesional Avant | Dinamica Ballet shop\" \/>\n<meta property=\"og:description\" content=\"Compra la nueva barra de ballet m\u00f3vil Avant, con una sola barra de madera fijada a una altura. Su dise\u00f1o ofrece estabilidad y resistencia.\" \/>\n<meta property=\"og:url\" content=\"https:\/\/new.dinamicaballet.com\/it\/producto\/sbarra-da-danza-mobile-per-i-professionisti-avant\/\" \/>\n<meta property=\"og:site_name\" content=\"Dinamica Ballet\" \/>\n<meta property=\"article:publisher\" content=\"https:\/\/www.facebook.com\/dinamicaballet\" \/>\n<meta property=\"article:modified_time\" content=\"2025-05-16T10:09:12+00:00\" \/>\n<meta property=\"og:image\" content=\"https:\/\/new.dinamicaballet.com\/wp-content\/uploads\/2020\/12\/dinamica_ballet_shop_avant_01.jpg\" \/>\n\t<meta property=\"og:image:width\" content=\"600\" \/>\n\t<meta property=\"og:image:height\" content=\"800\" \/>\n\t<meta property=\"og:image:type\" content=\"image\/jpeg\" \/>\n<meta name=\"twitter:card\" content=\"summary_large_image\" \/>\n<meta name=\"twitter:label1\" content=\"Tempo di lettura stimato\" \/>\n\t<meta name=\"twitter:data1\" content=\"2 minuti\" \/>\n<script type=\"application\/ld+json\" class=\"yoast-schema-graph\">{\"@context\":\"https:\\\/\\\/schema.org\",\"@graph\":[{\"@type\":\"WebPage\",\"@id\":\"https:\\\/\\\/new.dinamicaballet.com\\\/it\\\/producto\\\/sbarra-da-danza-mobile-per-i-professionisti-avant\\\/\",\"url\":\"https:\\\/\\\/new.dinamicaballet.com\\\/it\\\/producto\\\/sbarra-da-danza-mobile-per-i-professionisti-avant\\\/\",\"name\":\"Barra de ballet m\u00f3vil profesional Avant | Dinamica Ballet shop\",\"isPartOf\":{\"@id\":\"https:\\\/\\\/new.dinamicaballet.com\\\/it\\\/#website\"},\"primaryImageOfPage\":{\"@id\":\"https:\\\/\\\/new.dinamicaballet.com\\\/it\\\/producto\\\/sbarra-da-danza-mobile-per-i-professionisti-avant\\\/#primaryimage\"},\"image\":{\"@id\":\"https:\\\/\\\/new.dinamicaballet.com\\\/it\\\/producto\\\/sbarra-da-danza-mobile-per-i-professionisti-avant\\\/#primaryimage\"},\"thumbnailUrl\":\"https:\\\/\\\/new.dinamicaballet.com\\\/wp-content\\\/uploads\\\/2020\\\/12\\\/dinamica_ballet_shop_avant_01.jpg\",\"datePublished\":\"2020-12-03T16:24:54+00:00\",\"dateModified\":\"2025-05-16T10:09:12+00:00\",\"description\":\"Compra la nueva barra de ballet m\u00f3vil Avant, con una sola barra de madera fijada a una altura. Su dise\u00f1o ofrece estabilidad y resistencia.\",\"inLanguage\":\"it-IT\",\"potentialAction\":[{\"@type\":\"ReadAction\",\"target\":[\"https:\\\/\\\/new.dinamicaballet.com\\\/it\\\/producto\\\/sbarra-da-danza-mobile-per-i-professionisti-avant\\\/\"]}]},{\"@type\":\"ImageObject\",\"inLanguage\":\"it-IT\",\"@id\":\"https:\\\/\\\/new.dinamicaballet.com\\\/it\\\/producto\\\/sbarra-da-danza-mobile-per-i-professionisti-avant\\\/#primaryimage\",\"url\":\"https:\\\/\\\/new.dinamicaballet.com\\\/wp-content\\\/uploads\\\/2020\\\/12\\\/dinamica_ballet_shop_avant_01.jpg\",\"contentUrl\":\"https:\\\/\\\/new.dinamicaballet.com\\\/wp-content\\\/uploads\\\/2020\\\/12\\\/dinamica_ballet_shop_avant_01.jpg\",\"width\":600,\"height\":800,\"caption\":\"Sbarra da danza mobile per i professionisti Avant\"},{\"@type\":\"WebSite\",\"@id\":\"https:\\\/\\\/new.dinamicaballet.com\\\/it\\\/#website\",\"url\":\"https:\\\/\\\/new.dinamicaballet.com\\\/it\\\/\",\"name\":\"Dinamica Ballet\",\"description\":\"Especialistas en barras de ballet y espejos para la danza\",\"publisher\":{\"@id\":\"https:\\\/\\\/new.dinamicaballet.com\\\/it\\\/#organization\"},\"potentialAction\":[{\"@type\":\"SearchAction\",\"target\":{\"@type\":\"EntryPoint\",\"urlTemplate\":\"https:\\\/\\\/new.dinamicaballet.com\\\/it\\\/?s={search_term_string}\"},\"query-input\":{\"@type\":\"PropertyValueSpecification\",\"valueRequired\":true,\"valueName\":\"search_term_string\"}}],\"inLanguage\":\"it-IT\"},{\"@type\":\"Organization\",\"@id\":\"https:\\\/\\\/new.dinamicaballet.com\\\/it\\\/#organization\",\"name\":\"Dinamica Ballet\",\"url\":\"https:\\\/\\\/new.dinamicaballet.com\\\/it\\\/\",\"logo\":{\"@type\":\"ImageObject\",\"inLanguage\":\"it-IT\",\"@id\":\"https:\\\/\\\/new.dinamicaballet.com\\\/it\\\/#\\\/schema\\\/logo\\\/image\\\/\",\"url\":\"https:\\\/\\\/new.dinamicaballet.com\\\/wp-content\\\/uploads\\\/2022\\\/03\\\/logo_dinamica_ballet.svg\",\"contentUrl\":\"https:\\\/\\\/new.dinamicaballet.com\\\/wp-content\\\/uploads\\\/2022\\\/03\\\/logo_dinamica_ballet.svg\",\"width\":284,\"height\":51,\"caption\":\"Dinamica Ballet\"},\"image\":{\"@id\":\"https:\\\/\\\/new.dinamicaballet.com\\\/it\\\/#\\\/schema\\\/logo\\\/image\\\/\"},\"sameAs\":[\"https:\\\/\\\/www.facebook.com\\\/dinamicaballet\",\"https:\\\/\\\/www.instagram.com\\\/dinamicaballet\\\/\",\"http:\\\/\\\/www.linkedin.com\\\/company\\\/dinamica-ballet\",\"https:\\\/\\\/www.pinterest.com\\\/DinamicaBallet\\\/\"]}]}<\/script>\n<!-- \/ Yoast SEO plugin. -->","yoast_head_json":{"title":"Barra de ballet m\u00f3vil profesional Avant | Dinamica Ballet shop","description":"Compra la nueva barra de ballet m\u00f3vil Avant, con una sola barra de madera fijada a una altura. Su dise\u00f1o ofrece estabilidad y resistencia.","robots":{"index":"noindex","follow":"follow","max-snippet":"max-snippet:-1","max-image-preview":"max-image-preview:large","max-video-preview":"max-video-preview:-1"},"og_locale":"it_IT","og_type":"article","og_title":"Barra de ballet m\u00f3vil profesional Avant | Dinamica Ballet shop","og_description":"Compra la nueva barra de ballet m\u00f3vil Avant, con una sola barra de madera fijada a una altura. Su dise\u00f1o ofrece estabilidad y resistencia.","og_url":"https:\/\/new.dinamicaballet.com\/it\/producto\/sbarra-da-danza-mobile-per-i-professionisti-avant\/","og_site_name":"Dinamica Ballet","article_publisher":"https:\/\/www.facebook.com\/dinamicaballet","article_modified_time":"2025-05-16T10:09:12+00:00","og_image":[{"width":600,"height":800,"url":"https:\/\/new.dinamicaballet.com\/wp-content\/uploads\/2020\/12\/dinamica_ballet_shop_avant_01.jpg","type":"image\/jpeg"}],"twitter_card":"summary_large_image","twitter_misc":{"Tempo di lettura stimato":"2 minuti"},"schema":{"@context":"https:\/\/schema.org","@graph":[{"@type":"WebPage","@id":"https:\/\/new.dinamicaballet.com\/it\/producto\/sbarra-da-danza-mobile-per-i-professionisti-avant\/","url":"https:\/\/new.dinamicaballet.com\/it\/producto\/sbarra-da-danza-mobile-per-i-professionisti-avant\/","name":"Barra de ballet m\u00f3vil profesional Avant | Dinamica Ballet shop","isPartOf":{"@id":"https:\/\/new.dinamicaballet.com\/it\/#website"},"primaryImageOfPage":{"@id":"https:\/\/new.dinamicaballet.com\/it\/producto\/sbarra-da-danza-mobile-per-i-professionisti-avant\/#primaryimage"},"image":{"@id":"https:\/\/new.dinamicaballet.com\/it\/producto\/sbarra-da-danza-mobile-per-i-professionisti-avant\/#primaryimage"},"thumbnailUrl":"https:\/\/new.dinamicaballet.com\/wp-content\/uploads\/2020\/12\/dinamica_ballet_shop_avant_01.jpg","datePublished":"2020-12-03T16:24:54+00:00","dateModified":"2025-05-16T10:09:12+00:00","description":"Compra la nueva barra de ballet m\u00f3vil Avant, con una sola barra de madera fijada a una altura. Su dise\u00f1o ofrece estabilidad y resistencia.","inLanguage":"it-IT","potentialAction":[{"@type":"ReadAction","target":["https:\/\/new.dinamicaballet.com\/it\/producto\/sbarra-da-danza-mobile-per-i-professionisti-avant\/"]}]},{"@type":"ImageObject","inLanguage":"it-IT","@id":"https:\/\/new.dinamicaballet.com\/it\/producto\/sbarra-da-danza-mobile-per-i-professionisti-avant\/#primaryimage","url":"https:\/\/new.dinamicaballet.com\/wp-content\/uploads\/2020\/12\/dinamica_ballet_shop_avant_01.jpg","contentUrl":"https:\/\/new.dinamicaballet.com\/wp-content\/uploads\/2020\/12\/dinamica_ballet_shop_avant_01.jpg","width":600,"height":800,"caption":"Sbarra da danza mobile per i professionisti Avant"},{"@type":"WebSite","@id":"https:\/\/new.dinamicaballet.com\/it\/#website","url":"https:\/\/new.dinamicaballet.com\/it\/","name":"Dinamica Ballet","description":"Especialistas en barras de ballet y espejos para la danza","publisher":{"@id":"https:\/\/new.dinamicaballet.com\/it\/#organization"},"potentialAction":[{"@type":"SearchAction","target":{"@type":"EntryPoint","urlTemplate":"https:\/\/new.dinamicaballet.com\/it\/?s={search_term_string}"},"query-input":{"@type":"PropertyValueSpecification","valueRequired":true,"valueName":"search_term_string"}}],"inLanguage":"it-IT"},{"@type":"Organization","@id":"https:\/\/new.dinamicaballet.com\/it\/#organization","name":"Dinamica Ballet","url":"https:\/\/new.dinamicaballet.com\/it\/","logo":{"@type":"ImageObject","inLanguage":"it-IT","@id":"https:\/\/new.dinamicaballet.com\/it\/#\/schema\/logo\/image\/","url":"https:\/\/new.dinamicaballet.com\/wp-content\/uploads\/2022\/03\/logo_dinamica_ballet.svg","contentUrl":"https:\/\/new.dinamicaballet.com\/wp-content\/uploads\/2022\/03\/logo_dinamica_ballet.svg","width":284,"height":51,"caption":"Dinamica Ballet"},"image":{"@id":"https:\/\/new.dinamicaballet.com\/it\/#\/schema\/logo\/image\/"},"sameAs":["https:\/\/www.facebook.com\/dinamicaballet","https:\/\/www.instagram.com\/dinamicaballet\/","http:\/\/www.linkedin.com\/company\/dinamica-ballet","https:\/\/www.pinterest.com\/DinamicaBallet\/"]}]}},"taxonomy_info":{"product_cat":[{"value":289,"label":"Profesional"},{"value":212,"label":"Sbarre da danza mobili"},{"value":284,"label":"Una sbarra"}],"product_tag":[{"value":286,"label":"movil"}]},"featured_image_src_large":["https:\/\/new.dinamicaballet.com\/wp-content\/uploads\/2020\/12\/dinamica_ballet_shop_avant_01.jpg",600,800,false],"author_info":[],"comment_info":"","_links":{"self":[{"href":"https:\/\/new.dinamicaballet.com\/it\/wp-json\/wp\/v2\/product\/9753","targetHints":{"allow":["GET"]}}],"collection":[{"href":"https:\/\/new.dinamicaballet.com\/it\/wp-json\/wp\/v2\/product"}],"about":[{"href":"https:\/\/new.dinamicaballet.com\/it\/wp-json\/wp\/v2\/types\/product"}],"wp:featuredmedia":[{"embeddable":true,"href":"https:\/\/new.dinamicaballet.com\/it\/wp-json\/wp\/v2\/media\/9770"}],"wp:attachment":[{"href":"https:\/\/new.dinamicaballet.com\/it\/wp-json\/wp\/v2\/media?parent=9753"}],"wp:term":[{"taxonomy":"product_brand","embeddable":true,"href":"https:\/\/new.dinamicaballet.com\/it\/wp-json\/wp\/v2\/product_brand?post=9753"},{"taxonomy":"product_cat","embeddable":true,"href":"https:\/\/new.dinamicaballet.com\/it\/wp-json\/wp\/v2\/product_cat?post=9753"},{"taxonomy":"product_tag","embeddable":true,"href":"https:\/\/new.dinamicaballet.com\/it\/wp-json\/wp\/v2\/product_tag?post=9753"}],"curies":[{"name":"wp","href":"https:\/\/api.w.org\/{rel}","templated":true}]}}