{"id":9742,"date":"2020-12-03T16:30:31","date_gmt":"2020-12-03T16:30:31","guid":{"rendered":"https:\/\/www.dinamicaballet.com\/producto\/sbarra-da-danza-per-principianti-regolabile-in-altezza-juliette\/"},"modified":"2024-09-20T10:28:34","modified_gmt":"2024-09-20T09:28:34","slug":"sbarra-da-danza-per-principianti-regolabile-in-altezza-juliette","status":"publish","type":"product","link":"https:\/\/new.dinamicaballet.com\/it\/producto\/sbarra-da-danza-per-principianti-regolabile-in-altezza-juliette\/","title":{"rendered":"Sbarra da danza per casa regolabile Juliette"},"content":{"rendered":"<h3><strong>La sbarra da danza disegnata per far ballare in casa tutta la famiglia<\/strong><\/h3>\n<p>La sbarra da danza Juliette si pu\u00f2 regolare in modo semplice e veloce a 12 diverse altezze, con un totale di 33 centimetri tra l&#8217;altezza massima e la minima. Progettata per muovere i primi passi nel balletto, la Juliette si adatter\u00e1 perfettamente ai piccoli e grandi della casa. Le sue basi in acciaio, di 6kg ognuna, apportano la stabilit\u00e1 sufficiente per poter realizzare esercici semplici in piena sicurezza, inoltre sono dotate di protezioni in PVC che garantiscono aderenza e no danneggiano il pavimento.<\/p>\n<h3><strong>La gradevole morbidezza al tatto del legno del pino giallo<\/strong><\/h3>\n<p>In Dinamica Ballet lavoriamo solo con i legni pi\u00fa adatti alla pratica della danza classica. La Juliette \u00e9 disponibile con sbarre di 1m, 1,5m e 2m in legno di pino giallo proveniente da boschi dalla gestione sostenibile certificata. Il legno \u00e9 un materiale vivo che offre una combinazione di ottima resistenza alla pressione con una leggera flessibilit\u00e1 ed una presa perfetta.<\/p>\n<h3><b>Il tempo di un caff\u00e8 e la tua Juliette \u00e9 pronta all&#8217;uso<\/b><\/h3>\n<p>Quando disegniamo i nostri prodotti, studiamo come possiamo utilizzare il minor numero di componenti possibili con due obbiettivi in mente: massimizzare la durevolezza dei nostri prodotti ed ottenere un montaggio facile e veloce. Seguendo le istruzioni che ti forniremo, potrai montare la Juliette in pochi minuti con l&#8217;unico aiuto di un cacciavite e la chiave Allen inclusa. Potrai acquistare la Juliette nel nostro negozio online e la invieremo direttamente a casa tua.<\/p>\n<a href=\"https:\/\/new.dinamicaballet.com\/wp-content\/uploads\/2021\/05\/FT-JULIETTE-0521-2.pdf\" class=\"su-button su-button-style-default\" style=\"color:#006B7C;background-color:#FFF2D5;border-color:#ccc2ab;border-radius:5px\" target=\"_blank\" rel=\"noopener noreferrer\"><span style=\"color:#006B7C;padding:0px 16px;font-size:13px;line-height:26px;border-color:#fff6e2;border-radius:5px;text-shadow:none\"> Scarica la scheda tecnica completa<\/span><\/a> <a href=\"https:\/\/new.dinamicaballet.com\/wp-content\/uploads\/2021\/03\/Instruccions-Juliette-1.pdf\" class=\"su-button su-button-style-default\" style=\"color:#006B7C;background-color:#FFF2D5;border-color:#ccc2ab;border-radius:5px\" target=\"_blank\" rel=\"noopener noreferrer\"><span style=\"color:#006B7C;padding:0px 16px;font-size:13px;line-height:26px;border-color:#fff6e2;border-radius:5px;text-shadow:none\"> Scarica le istruzioni di montaggio<\/span><\/a>\n<p>&nbsp;<\/p>\n<div class=\"su-youtube su-u-responsive-media-yes\"><iframe loading=\"lazy\" width=\"600\" height=\"400\" src=\"https:\/\/www.youtube.com\/embed\/HPNgsyrm8BE?autohide=2&amp;autoplay=0&amp;mute=1&amp;controls=1&amp;fs=1&amp;loop=0&amp;modestbranding=0&amp;rel=1&amp;showinfo=1&amp;theme=dark&amp;wmode=&amp;playsinline=0\" frameborder=\"0\" allowfullscreen allow=\"autoplay; encrypted-media; picture-in-picture\" title=\"Sbarra da danza per casa regolabile Juliette | Dinamica Ballet\"><\/iframe><\/div>\n","protected":false},"excerpt":{"rendered":"<p>La Juliette \u00e9 una sbarra da danza regolabile in altezza disegnata per gli esercizi in casa. \u00c8 una sbarra leggera che potrai spostare con facilit\u00e0 ma che allo stesso tempo mantiene un buon grado di stabilit\u00e0 per poter realizzare gli esercizi di riscaldamento in tutta tranquillit\u00e0. La Juliette pu\u00f2 essere posizionata su 12 altezze diverse adattandosi alla crescita dei piccoli ballerini e ballerine della famiglia.<\/p>\n<p><strong>IVA E SPEDIZIONE INCLUSI<\/strong><\/p>\n<p>&nbsp;<\/p>\n","protected":false},"featured_media":9749,"template":"","meta":{"_editorskit_title_hidden":false,"_editorskit_reading_time":0,"_editorskit_is_block_options_detached":false,"_editorskit_block_options_position":"{}","inline_featured_image":false,"_kad_blocks_custom_css":"","_kad_blocks_head_custom_js":"","_kad_blocks_body_custom_js":"","_kad_blocks_footer_custom_js":""},"product_brand":[],"product_cat":[288,212,215,284],"product_tag":[286],"class_list":{"0":"post-9742","1":"product","2":"type-product","3":"status-publish","4":"has-post-thumbnail","6":"product_cat-home-collection-it","7":"product_cat-sbarre-da-danza-mobili","8":"product_cat-sbarre-da-danza-regolabili-in-altezza","9":"product_cat-una-sbarra","10":"product_tag-movil-it","11":"post","12":"with-featured-image","14":"first","15":"instock","16":"taxable","17":"shipping-taxable","18":"purchasable","19":"product-type-variable"},"yoast_head":"<!-- This site is optimized with the Yoast SEO plugin v27.4 - https:\/\/yoast.com\/product\/yoast-seo-wordpress\/ -->\n<title>Sbarra da danza per principianti regolabile in altezza Juliette<\/title>\n<meta name=\"description\" content=\"La Juliette pu\u00f2 essere posizionata su 12 altezze diverse adattandosi alla crescita dei piccoli ballerini e ballerine della famiglia.\" \/>\n<meta name=\"robots\" content=\"noindex, follow, max-snippet:-1, max-image-preview:large, max-video-preview:-1\" \/>\n<meta property=\"og:locale\" content=\"it_IT\" \/>\n<meta property=\"og:type\" content=\"article\" \/>\n<meta property=\"og:title\" content=\"Sbarra da danza per principianti regolabile in altezza Juliette\" \/>\n<meta property=\"og:description\" content=\"La Juliette pu\u00f2 essere posizionata su 12 altezze diverse adattandosi alla crescita dei piccoli ballerini e ballerine della famiglia.\" \/>\n<meta property=\"og:url\" content=\"https:\/\/new.dinamicaballet.com\/it\/producto\/sbarra-da-danza-per-principianti-regolabile-in-altezza-juliette\/\" \/>\n<meta property=\"og:site_name\" content=\"Dinamica Ballet\" \/>\n<meta property=\"article:publisher\" content=\"https:\/\/www.facebook.com\/dinamicaballet\" \/>\n<meta property=\"article:modified_time\" content=\"2024-09-20T09:28:34+00:00\" \/>\n<meta property=\"og:image\" content=\"https:\/\/new.dinamicaballet.com\/wp-content\/uploads\/2020\/12\/dinamica_ballet_shop_juliette_01.jpg\" \/>\n\t<meta property=\"og:image:width\" content=\"600\" \/>\n\t<meta property=\"og:image:height\" content=\"800\" \/>\n\t<meta property=\"og:image:type\" content=\"image\/jpeg\" \/>\n<meta name=\"twitter:card\" content=\"summary_large_image\" \/>\n<meta name=\"twitter:label1\" content=\"Tempo di lettura stimato\" \/>\n\t<meta name=\"twitter:data1\" content=\"2 minuti\" \/>\n<script type=\"application\/ld+json\" class=\"yoast-schema-graph\">{\"@context\":\"https:\\\/\\\/schema.org\",\"@graph\":[{\"@type\":\"WebPage\",\"@id\":\"https:\\\/\\\/new.dinamicaballet.com\\\/it\\\/producto\\\/sbarra-da-danza-per-principianti-regolabile-in-altezza-juliette\\\/\",\"url\":\"https:\\\/\\\/new.dinamicaballet.com\\\/it\\\/producto\\\/sbarra-da-danza-per-principianti-regolabile-in-altezza-juliette\\\/\",\"name\":\"Sbarra da danza per principianti regolabile in altezza Juliette\",\"isPartOf\":{\"@id\":\"https:\\\/\\\/new.dinamicaballet.com\\\/it\\\/#website\"},\"primaryImageOfPage\":{\"@id\":\"https:\\\/\\\/new.dinamicaballet.com\\\/it\\\/producto\\\/sbarra-da-danza-per-principianti-regolabile-in-altezza-juliette\\\/#primaryimage\"},\"image\":{\"@id\":\"https:\\\/\\\/new.dinamicaballet.com\\\/it\\\/producto\\\/sbarra-da-danza-per-principianti-regolabile-in-altezza-juliette\\\/#primaryimage\"},\"thumbnailUrl\":\"https:\\\/\\\/new.dinamicaballet.com\\\/wp-content\\\/uploads\\\/2020\\\/12\\\/dinamica_ballet_shop_juliette_01.jpg\",\"datePublished\":\"2020-12-03T16:30:31+00:00\",\"dateModified\":\"2024-09-20T09:28:34+00:00\",\"description\":\"La Juliette pu\u00f2 essere posizionata su 12 altezze diverse adattandosi alla crescita dei piccoli ballerini e ballerine della famiglia.\",\"inLanguage\":\"it-IT\",\"potentialAction\":[{\"@type\":\"ReadAction\",\"target\":[\"https:\\\/\\\/new.dinamicaballet.com\\\/it\\\/producto\\\/sbarra-da-danza-per-principianti-regolabile-in-altezza-juliette\\\/\"]}]},{\"@type\":\"ImageObject\",\"inLanguage\":\"it-IT\",\"@id\":\"https:\\\/\\\/new.dinamicaballet.com\\\/it\\\/producto\\\/sbarra-da-danza-per-principianti-regolabile-in-altezza-juliette\\\/#primaryimage\",\"url\":\"https:\\\/\\\/new.dinamicaballet.com\\\/wp-content\\\/uploads\\\/2020\\\/12\\\/dinamica_ballet_shop_juliette_01.jpg\",\"contentUrl\":\"https:\\\/\\\/new.dinamicaballet.com\\\/wp-content\\\/uploads\\\/2020\\\/12\\\/dinamica_ballet_shop_juliette_01.jpg\",\"width\":600,\"height\":800,\"caption\":\"Sbarra da danza per principianti regolabile in altezza Juliette\"},{\"@type\":\"WebSite\",\"@id\":\"https:\\\/\\\/new.dinamicaballet.com\\\/it\\\/#website\",\"url\":\"https:\\\/\\\/new.dinamicaballet.com\\\/it\\\/\",\"name\":\"Dinamica Ballet\",\"description\":\"Especialistas en barras de ballet y espejos para la danza\",\"publisher\":{\"@id\":\"https:\\\/\\\/new.dinamicaballet.com\\\/it\\\/#organization\"},\"potentialAction\":[{\"@type\":\"SearchAction\",\"target\":{\"@type\":\"EntryPoint\",\"urlTemplate\":\"https:\\\/\\\/new.dinamicaballet.com\\\/it\\\/?s={search_term_string}\"},\"query-input\":{\"@type\":\"PropertyValueSpecification\",\"valueRequired\":true,\"valueName\":\"search_term_string\"}}],\"inLanguage\":\"it-IT\"},{\"@type\":\"Organization\",\"@id\":\"https:\\\/\\\/new.dinamicaballet.com\\\/it\\\/#organization\",\"name\":\"Dinamica Ballet\",\"url\":\"https:\\\/\\\/new.dinamicaballet.com\\\/it\\\/\",\"logo\":{\"@type\":\"ImageObject\",\"inLanguage\":\"it-IT\",\"@id\":\"https:\\\/\\\/new.dinamicaballet.com\\\/it\\\/#\\\/schema\\\/logo\\\/image\\\/\",\"url\":\"https:\\\/\\\/new.dinamicaballet.com\\\/wp-content\\\/uploads\\\/2022\\\/03\\\/logo_dinamica_ballet.svg\",\"contentUrl\":\"https:\\\/\\\/new.dinamicaballet.com\\\/wp-content\\\/uploads\\\/2022\\\/03\\\/logo_dinamica_ballet.svg\",\"width\":284,\"height\":51,\"caption\":\"Dinamica Ballet\"},\"image\":{\"@id\":\"https:\\\/\\\/new.dinamicaballet.com\\\/it\\\/#\\\/schema\\\/logo\\\/image\\\/\"},\"sameAs\":[\"https:\\\/\\\/www.facebook.com\\\/dinamicaballet\",\"https:\\\/\\\/www.instagram.com\\\/dinamicaballet\\\/\",\"http:\\\/\\\/www.linkedin.com\\\/company\\\/dinamica-ballet\",\"https:\\\/\\\/www.pinterest.com\\\/DinamicaBallet\\\/\"]}]}<\/script>\n<!-- \/ Yoast SEO plugin. -->","yoast_head_json":{"title":"Sbarra da danza per principianti regolabile in altezza Juliette","description":"La Juliette pu\u00f2 essere posizionata su 12 altezze diverse adattandosi alla crescita dei piccoli ballerini e ballerine della famiglia.","robots":{"index":"noindex","follow":"follow","max-snippet":"max-snippet:-1","max-image-preview":"max-image-preview:large","max-video-preview":"max-video-preview:-1"},"og_locale":"it_IT","og_type":"article","og_title":"Sbarra da danza per principianti regolabile in altezza Juliette","og_description":"La Juliette pu\u00f2 essere posizionata su 12 altezze diverse adattandosi alla crescita dei piccoli ballerini e ballerine della famiglia.","og_url":"https:\/\/new.dinamicaballet.com\/it\/producto\/sbarra-da-danza-per-principianti-regolabile-in-altezza-juliette\/","og_site_name":"Dinamica Ballet","article_publisher":"https:\/\/www.facebook.com\/dinamicaballet","article_modified_time":"2024-09-20T09:28:34+00:00","og_image":[{"width":600,"height":800,"url":"https:\/\/new.dinamicaballet.com\/wp-content\/uploads\/2020\/12\/dinamica_ballet_shop_juliette_01.jpg","type":"image\/jpeg"}],"twitter_card":"summary_large_image","twitter_misc":{"Tempo di lettura stimato":"2 minuti"},"schema":{"@context":"https:\/\/schema.org","@graph":[{"@type":"WebPage","@id":"https:\/\/new.dinamicaballet.com\/it\/producto\/sbarra-da-danza-per-principianti-regolabile-in-altezza-juliette\/","url":"https:\/\/new.dinamicaballet.com\/it\/producto\/sbarra-da-danza-per-principianti-regolabile-in-altezza-juliette\/","name":"Sbarra da danza per principianti regolabile in altezza Juliette","isPartOf":{"@id":"https:\/\/new.dinamicaballet.com\/it\/#website"},"primaryImageOfPage":{"@id":"https:\/\/new.dinamicaballet.com\/it\/producto\/sbarra-da-danza-per-principianti-regolabile-in-altezza-juliette\/#primaryimage"},"image":{"@id":"https:\/\/new.dinamicaballet.com\/it\/producto\/sbarra-da-danza-per-principianti-regolabile-in-altezza-juliette\/#primaryimage"},"thumbnailUrl":"https:\/\/new.dinamicaballet.com\/wp-content\/uploads\/2020\/12\/dinamica_ballet_shop_juliette_01.jpg","datePublished":"2020-12-03T16:30:31+00:00","dateModified":"2024-09-20T09:28:34+00:00","description":"La Juliette pu\u00f2 essere posizionata su 12 altezze diverse adattandosi alla crescita dei piccoli ballerini e ballerine della famiglia.","inLanguage":"it-IT","potentialAction":[{"@type":"ReadAction","target":["https:\/\/new.dinamicaballet.com\/it\/producto\/sbarra-da-danza-per-principianti-regolabile-in-altezza-juliette\/"]}]},{"@type":"ImageObject","inLanguage":"it-IT","@id":"https:\/\/new.dinamicaballet.com\/it\/producto\/sbarra-da-danza-per-principianti-regolabile-in-altezza-juliette\/#primaryimage","url":"https:\/\/new.dinamicaballet.com\/wp-content\/uploads\/2020\/12\/dinamica_ballet_shop_juliette_01.jpg","contentUrl":"https:\/\/new.dinamicaballet.com\/wp-content\/uploads\/2020\/12\/dinamica_ballet_shop_juliette_01.jpg","width":600,"height":800,"caption":"Sbarra da danza per principianti regolabile in altezza Juliette"},{"@type":"WebSite","@id":"https:\/\/new.dinamicaballet.com\/it\/#website","url":"https:\/\/new.dinamicaballet.com\/it\/","name":"Dinamica Ballet","description":"Especialistas en barras de ballet y espejos para la danza","publisher":{"@id":"https:\/\/new.dinamicaballet.com\/it\/#organization"},"potentialAction":[{"@type":"SearchAction","target":{"@type":"EntryPoint","urlTemplate":"https:\/\/new.dinamicaballet.com\/it\/?s={search_term_string}"},"query-input":{"@type":"PropertyValueSpecification","valueRequired":true,"valueName":"search_term_string"}}],"inLanguage":"it-IT"},{"@type":"Organization","@id":"https:\/\/new.dinamicaballet.com\/it\/#organization","name":"Dinamica Ballet","url":"https:\/\/new.dinamicaballet.com\/it\/","logo":{"@type":"ImageObject","inLanguage":"it-IT","@id":"https:\/\/new.dinamicaballet.com\/it\/#\/schema\/logo\/image\/","url":"https:\/\/new.dinamicaballet.com\/wp-content\/uploads\/2022\/03\/logo_dinamica_ballet.svg","contentUrl":"https:\/\/new.dinamicaballet.com\/wp-content\/uploads\/2022\/03\/logo_dinamica_ballet.svg","width":284,"height":51,"caption":"Dinamica Ballet"},"image":{"@id":"https:\/\/new.dinamicaballet.com\/it\/#\/schema\/logo\/image\/"},"sameAs":["https:\/\/www.facebook.com\/dinamicaballet","https:\/\/www.instagram.com\/dinamicaballet\/","http:\/\/www.linkedin.com\/company\/dinamica-ballet","https:\/\/www.pinterest.com\/DinamicaBallet\/"]}]}},"taxonomy_info":{"product_cat":[{"value":288,"label":"Home Collection"},{"value":212,"label":"Sbarre da danza mobili"},{"value":215,"label":"Sbarre regolabili in altezza"},{"value":284,"label":"Una sbarra"}],"product_tag":[{"value":286,"label":"movil"}]},"featured_image_src_large":["https:\/\/new.dinamicaballet.com\/wp-content\/uploads\/2020\/12\/dinamica_ballet_shop_juliette_01.jpg",600,800,false],"author_info":[],"comment_info":"","_links":{"self":[{"href":"https:\/\/new.dinamicaballet.com\/it\/wp-json\/wp\/v2\/product\/9742","targetHints":{"allow":["GET"]}}],"collection":[{"href":"https:\/\/new.dinamicaballet.com\/it\/wp-json\/wp\/v2\/product"}],"about":[{"href":"https:\/\/new.dinamicaballet.com\/it\/wp-json\/wp\/v2\/types\/product"}],"wp:featuredmedia":[{"embeddable":true,"href":"https:\/\/new.dinamicaballet.com\/it\/wp-json\/wp\/v2\/media\/9749"}],"wp:attachment":[{"href":"https:\/\/new.dinamicaballet.com\/it\/wp-json\/wp\/v2\/media?parent=9742"}],"wp:term":[{"taxonomy":"product_brand","embeddable":true,"href":"https:\/\/new.dinamicaballet.com\/it\/wp-json\/wp\/v2\/product_brand?post=9742"},{"taxonomy":"product_cat","embeddable":true,"href":"https:\/\/new.dinamicaballet.com\/it\/wp-json\/wp\/v2\/product_cat?post=9742"},{"taxonomy":"product_tag","embeddable":true,"href":"https:\/\/new.dinamicaballet.com\/it\/wp-json\/wp\/v2\/product_tag?post=9742"}],"curies":[{"name":"wp","href":"https:\/\/api.w.org\/{rel}","templated":true}]}}