{"id":94208,"date":"2024-01-15T13:29:06","date_gmt":"2024-01-15T12:29:06","guid":{"rendered":"https:\/\/www.dinamicaballet.com\/?post_type=product&#038;p=94208"},"modified":"2024-02-01T13:52:53","modified_gmt":"2024-02-01T12:52:53","slug":"pack-sbarra-da-danza-regolabile-juliette-e-tappetino-da-ballo-ondine","status":"publish","type":"product","link":"https:\/\/new.dinamicaballet.com\/it\/producto\/pack-sbarra-da-danza-regolabile-juliette-e-tappetino-da-ballo-ondine\/","title":{"rendered":"Pack sbarra da danza regolabile Juliette de 1.5m con tappetino reversibile de 2m x 1.5m"},"content":{"rendered":"<h3><strong>Julliette, la sbarra da danza disegnata per far ballare in casa tutta la famiglia<\/strong><\/h3>\n<p>La sbarra da danza Juliette si pu\u00f2 regolare in modo semplice e veloce a 12 diverse altezze, con un totale di 33 centimetri tra l&#8217;altezza massima e la minima. Progettata per muovere i primi passi nel balletto, la Juliette si adatter\u00e1 perfettamente ai piccoli e grandi della casa. Le sue basi in acciaio, di 6kg ognuna, apportano la stabilit\u00e1 sufficiente per poter realizzare esercici semplici in piena sicurezza, inoltre sono dotate di protezioni in PVC che garantiscono aderenza e no danneggiano il pavimento.<\/p>\n<h3><strong>La gradevole morbidezza al tatto del legno del pino giallo<\/strong><\/h3>\n<p>In Dinamica Ballet lavoriamo solo con i legni pi\u00fa adatti alla pratica della danza classica. La Juliette una sbarra in legno di pino giallo proveniente da boschi dalla gestione sostenibile certificata. Il legno \u00e9 un materiale vivo che offre una combinazione di ottima resistenza alla pressione con una leggera flessibilit\u00e1 ed una presa perfetta.<\/p>\n<h3><b>Il tempo di un caff\u00e8 e la tua Juliette \u00e9 pronta all&#8217;uso<\/b><\/h3>\n<p>Quando disegniamo i nostri prodotti, studiamo come possiamo utilizzare il minor numero di componenti possibili con due obbiettivi in mente: massimizzare la durevolezza dei nostri prodotti ed ottenere un montaggio facile e veloce. Seguendo le istruzioni che ti forniremo, potrai montare la Juliette in pochi minuti con l&#8217;unico aiuto di un cacciavite e la chiave Allen inclusa. Potrai acquistare la Juliette nel nostro negozio online e la invieremo direttamente a casa tua.<\/p>\n<h3 class=\"wp-block-heading\"><strong>Ondine, due tappetini in uno per ballerini esigenti<\/strong><\/h3>\n<p>Grigio da un lato e nero dall\u2019altro, puoi combinarlo a tuo piacimento.\u00a0Srotola il tappetino e utilizzalo su entrambi i lati per ridurre al minimo l\u2019usura e abbinarlo ai colori del tuo spazio.<\/p>\n<p>Il tappetino Ondine ha un tocco morbido e offre l\u2019ammortizzazione e l\u2019aderenza perfette per esercizi di qualsiasi disciplina della danza con o senza sbarra da ballo. I due strati in PVC antiscivolo aderiscono a tutti i tipi di pavimento e se si vuole garantire un fissaggio totale, \u00e8 possibile utilizzare del nastro biadesivo.<\/p>\n<p><strong>Peso tappettino<\/strong>: 6.3 kg<\/p>\n<a href=\"https:\/\/new.dinamicaballet.com\/wp-content\/uploads\/2021\/05\/FT-JULIETTE-0521-2.pdf\" class=\"su-button su-button-style-default\" style=\"color:#006B7C;background-color:#FFF2D5;border-color:#ccc2ab;border-radius:5px\" target=\"_blank\" rel=\"noopener noreferrer\"><span style=\"color:#006B7C;padding:0px 16px;font-size:13px;line-height:26px;border-color:#fff6e2;border-radius:5px;text-shadow:none\"> Scarica la scheda tecnica della Juliette<\/span><\/a> <a href=\"https:\/\/new.dinamicaballet.com\/wp-content\/uploads\/2021\/03\/Instruccions-Juliette-1.pdf\" class=\"su-button su-button-style-default\" style=\"color:#006B7C;background-color:#FFF2D5;border-color:#ccc2ab;border-radius:5px\" target=\"_blank\" rel=\"noopener noreferrer\"><span style=\"color:#006B7C;padding:0px 16px;font-size:13px;line-height:26px;border-color:#fff6e2;border-radius:5px;text-shadow:none\"> Scarica le istruzioni di montaggio della Juliette<\/span><\/a>\n<p>&nbsp;<\/p>\n","protected":false},"excerpt":{"rendered":"<p>La<strong> Juliette \u00e9 una sbarra da danza regolabile<\/strong> in altezza disegnata per gli esercizi in casa. \u00c8 una sbarra leggera che potrai spostare con facilit\u00e0 ma che allo stesso tempo mantiene un buon grado di stabilit\u00e0 per poter realizzare gli esercizi di riscaldamento in tutta tranquillit\u00e0. La Juliette pu\u00f2 essere posizionata su 12 altezze diverse adattandosi alla crescita dei piccoli ballerini e ballerine della famiglia.<\/p>\n<p><strong>Il\u00a0tappetino\u00a0da ballo Ondine<\/strong> ti offre l\u2019ammortizzazione e la stabilit\u00e0 perfette per praticare i tuoi esercizi. \u00c8 un tappeto da palcoscenico reversibile realizzato con due strati di PVC morbido e antiscivolo che ti dar\u00e0 completa sicurezza durante le curve. Puoi allenarti a casa o portarlo comodamente a prove e tour, qualunque sia la tua specialit\u00e0.\u00a0 Dalla danza classica al hip hop, passando per le danze contemporanee, jazz o anche il flamenco o il tip tap, il tappetino diventer\u00e0 il tuo perfetto alleato nelle tue prove.<\/p>\n<p>Il pack include:<\/p>\n<ul>\n<li><strong>Una sbarra da danza Juliette da 1.5m<\/strong><\/li>\n<li><strong>tappetino da ballo Ondine da 2m x 1.5m<\/strong><\/li>\n<\/ul>\n<p><strong>IVA E SPEDIZIONE INCLUSI<\/strong><\/p>\n","protected":false},"featured_media":94221,"template":"","meta":{"_editorskit_title_hidden":false,"_editorskit_reading_time":0,"_editorskit_is_block_options_detached":false,"_editorskit_block_options_position":"{}","inline_featured_image":false,"_kad_blocks_custom_css":"","_kad_blocks_head_custom_js":"","_kad_blocks_body_custom_js":"","_kad_blocks_footer_custom_js":""},"product_brand":[],"product_cat":[330,288,212,215,284],"product_tag":[286],"class_list":{"0":"post-94208","1":"product","2":"type-product","3":"status-publish","4":"has-post-thumbnail","6":"product_cat-accessori","7":"product_cat-home-collection-it","8":"product_cat-sbarre-da-danza-mobili","9":"product_cat-sbarre-da-danza-regolabili-in-altezza","10":"product_cat-una-sbarra","11":"product_tag-movil-it","12":"post","13":"with-featured-image","15":"first","16":"instock","17":"taxable","18":"shipping-taxable","19":"purchasable","20":"product-type-simple"},"yoast_head":"<!-- This site is optimized with the Yoast SEO plugin v27.4 - https:\/\/yoast.com\/product\/yoast-seo-wordpress\/ -->\n<title>Pack sbarra da danza regolabile Juliette e tappetino Ondine<\/title>\n<meta name=\"description\" content=\"La Juliette pu\u00f2 essere posizionata su 12 altezze diverse. Il\u00a0tappetino\u00a0da ballo Ondine ti offre l\u2019ammortizzazione e la stabilit\u00e0 perfette.\" \/>\n<meta name=\"robots\" content=\"noindex, follow, max-snippet:-1, max-image-preview:large, max-video-preview:-1\" \/>\n<meta property=\"og:locale\" content=\"it_IT\" \/>\n<meta property=\"og:type\" content=\"article\" \/>\n<meta property=\"og:title\" content=\"Pack sbarra da danza regolabile Juliette e tappetino Ondine\" \/>\n<meta property=\"og:description\" content=\"La Juliette pu\u00f2 essere posizionata su 12 altezze diverse. Il\u00a0tappetino\u00a0da ballo Ondine ti offre l\u2019ammortizzazione e la stabilit\u00e0 perfette.\" \/>\n<meta property=\"og:url\" content=\"https:\/\/new.dinamicaballet.com\/it\/producto\/pack-sbarra-da-danza-regolabile-juliette-e-tappetino-da-ballo-ondine\/\" \/>\n<meta property=\"og:site_name\" content=\"Dinamica Ballet\" \/>\n<meta property=\"article:publisher\" content=\"https:\/\/www.facebook.com\/dinamicaballet\" \/>\n<meta property=\"article:modified_time\" content=\"2024-02-01T12:52:53+00:00\" \/>\n<meta property=\"og:image\" content=\"https:\/\/new.dinamicaballet.com\/wp-content\/uploads\/2024\/01\/1.png\" \/>\n\t<meta property=\"og:image:width\" content=\"600\" \/>\n\t<meta property=\"og:image:height\" content=\"800\" \/>\n\t<meta property=\"og:image:type\" content=\"image\/png\" \/>\n<meta name=\"twitter:card\" content=\"summary_large_image\" \/>\n<meta name=\"twitter:label1\" content=\"Tempo di lettura stimato\" \/>\n\t<meta name=\"twitter:data1\" content=\"2 minuti\" \/>\n<script type=\"application\/ld+json\" class=\"yoast-schema-graph\">{\"@context\":\"https:\\\/\\\/schema.org\",\"@graph\":[{\"@type\":\"WebPage\",\"@id\":\"https:\\\/\\\/new.dinamicaballet.com\\\/it\\\/producto\\\/pack-sbarra-da-danza-regolabile-juliette-e-tappetino-da-ballo-ondine\\\/\",\"url\":\"https:\\\/\\\/new.dinamicaballet.com\\\/it\\\/producto\\\/pack-sbarra-da-danza-regolabile-juliette-e-tappetino-da-ballo-ondine\\\/\",\"name\":\"Pack sbarra da danza regolabile Juliette e tappetino Ondine\",\"isPartOf\":{\"@id\":\"https:\\\/\\\/new.dinamicaballet.com\\\/it\\\/#website\"},\"primaryImageOfPage\":{\"@id\":\"https:\\\/\\\/new.dinamicaballet.com\\\/it\\\/producto\\\/pack-sbarra-da-danza-regolabile-juliette-e-tappetino-da-ballo-ondine\\\/#primaryimage\"},\"image\":{\"@id\":\"https:\\\/\\\/new.dinamicaballet.com\\\/it\\\/producto\\\/pack-sbarra-da-danza-regolabile-juliette-e-tappetino-da-ballo-ondine\\\/#primaryimage\"},\"thumbnailUrl\":\"https:\\\/\\\/new.dinamicaballet.com\\\/wp-content\\\/uploads\\\/2024\\\/01\\\/1.png\",\"datePublished\":\"2024-01-15T12:29:06+00:00\",\"dateModified\":\"2024-02-01T12:52:53+00:00\",\"description\":\"La Juliette pu\u00f2 essere posizionata su 12 altezze diverse. Il\u00a0tappetino\u00a0da ballo Ondine ti offre l\u2019ammortizzazione e la stabilit\u00e0 perfette.\",\"inLanguage\":\"it-IT\",\"potentialAction\":[{\"@type\":\"ReadAction\",\"target\":[\"https:\\\/\\\/new.dinamicaballet.com\\\/it\\\/producto\\\/pack-sbarra-da-danza-regolabile-juliette-e-tappetino-da-ballo-ondine\\\/\"]}]},{\"@type\":\"ImageObject\",\"inLanguage\":\"it-IT\",\"@id\":\"https:\\\/\\\/new.dinamicaballet.com\\\/it\\\/producto\\\/pack-sbarra-da-danza-regolabile-juliette-e-tappetino-da-ballo-ondine\\\/#primaryimage\",\"url\":\"https:\\\/\\\/new.dinamicaballet.com\\\/wp-content\\\/uploads\\\/2024\\\/01\\\/1.png\",\"contentUrl\":\"https:\\\/\\\/new.dinamicaballet.com\\\/wp-content\\\/uploads\\\/2024\\\/01\\\/1.png\",\"width\":600,\"height\":800},{\"@type\":\"WebSite\",\"@id\":\"https:\\\/\\\/new.dinamicaballet.com\\\/it\\\/#website\",\"url\":\"https:\\\/\\\/new.dinamicaballet.com\\\/it\\\/\",\"name\":\"Dinamica Ballet\",\"description\":\"Especialistas en barras de ballet y espejos para la danza\",\"publisher\":{\"@id\":\"https:\\\/\\\/new.dinamicaballet.com\\\/it\\\/#organization\"},\"potentialAction\":[{\"@type\":\"SearchAction\",\"target\":{\"@type\":\"EntryPoint\",\"urlTemplate\":\"https:\\\/\\\/new.dinamicaballet.com\\\/it\\\/?s={search_term_string}\"},\"query-input\":{\"@type\":\"PropertyValueSpecification\",\"valueRequired\":true,\"valueName\":\"search_term_string\"}}],\"inLanguage\":\"it-IT\"},{\"@type\":\"Organization\",\"@id\":\"https:\\\/\\\/new.dinamicaballet.com\\\/it\\\/#organization\",\"name\":\"Dinamica Ballet\",\"url\":\"https:\\\/\\\/new.dinamicaballet.com\\\/it\\\/\",\"logo\":{\"@type\":\"ImageObject\",\"inLanguage\":\"it-IT\",\"@id\":\"https:\\\/\\\/new.dinamicaballet.com\\\/it\\\/#\\\/schema\\\/logo\\\/image\\\/\",\"url\":\"https:\\\/\\\/new.dinamicaballet.com\\\/wp-content\\\/uploads\\\/2022\\\/03\\\/logo_dinamica_ballet.svg\",\"contentUrl\":\"https:\\\/\\\/new.dinamicaballet.com\\\/wp-content\\\/uploads\\\/2022\\\/03\\\/logo_dinamica_ballet.svg\",\"width\":284,\"height\":51,\"caption\":\"Dinamica Ballet\"},\"image\":{\"@id\":\"https:\\\/\\\/new.dinamicaballet.com\\\/it\\\/#\\\/schema\\\/logo\\\/image\\\/\"},\"sameAs\":[\"https:\\\/\\\/www.facebook.com\\\/dinamicaballet\",\"https:\\\/\\\/www.instagram.com\\\/dinamicaballet\\\/\",\"http:\\\/\\\/www.linkedin.com\\\/company\\\/dinamica-ballet\",\"https:\\\/\\\/www.pinterest.com\\\/DinamicaBallet\\\/\"]}]}<\/script>\n<!-- \/ Yoast SEO plugin. -->","yoast_head_json":{"title":"Pack sbarra da danza regolabile Juliette e tappetino Ondine","description":"La Juliette pu\u00f2 essere posizionata su 12 altezze diverse. Il\u00a0tappetino\u00a0da ballo Ondine ti offre l\u2019ammortizzazione e la stabilit\u00e0 perfette.","robots":{"index":"noindex","follow":"follow","max-snippet":"max-snippet:-1","max-image-preview":"max-image-preview:large","max-video-preview":"max-video-preview:-1"},"og_locale":"it_IT","og_type":"article","og_title":"Pack sbarra da danza regolabile Juliette e tappetino Ondine","og_description":"La Juliette pu\u00f2 essere posizionata su 12 altezze diverse. Il\u00a0tappetino\u00a0da ballo Ondine ti offre l\u2019ammortizzazione e la stabilit\u00e0 perfette.","og_url":"https:\/\/new.dinamicaballet.com\/it\/producto\/pack-sbarra-da-danza-regolabile-juliette-e-tappetino-da-ballo-ondine\/","og_site_name":"Dinamica Ballet","article_publisher":"https:\/\/www.facebook.com\/dinamicaballet","article_modified_time":"2024-02-01T12:52:53+00:00","og_image":[{"width":600,"height":800,"url":"https:\/\/new.dinamicaballet.com\/wp-content\/uploads\/2024\/01\/1.png","type":"image\/png"}],"twitter_card":"summary_large_image","twitter_misc":{"Tempo di lettura stimato":"2 minuti"},"schema":{"@context":"https:\/\/schema.org","@graph":[{"@type":"WebPage","@id":"https:\/\/new.dinamicaballet.com\/it\/producto\/pack-sbarra-da-danza-regolabile-juliette-e-tappetino-da-ballo-ondine\/","url":"https:\/\/new.dinamicaballet.com\/it\/producto\/pack-sbarra-da-danza-regolabile-juliette-e-tappetino-da-ballo-ondine\/","name":"Pack sbarra da danza regolabile Juliette e tappetino Ondine","isPartOf":{"@id":"https:\/\/new.dinamicaballet.com\/it\/#website"},"primaryImageOfPage":{"@id":"https:\/\/new.dinamicaballet.com\/it\/producto\/pack-sbarra-da-danza-regolabile-juliette-e-tappetino-da-ballo-ondine\/#primaryimage"},"image":{"@id":"https:\/\/new.dinamicaballet.com\/it\/producto\/pack-sbarra-da-danza-regolabile-juliette-e-tappetino-da-ballo-ondine\/#primaryimage"},"thumbnailUrl":"https:\/\/new.dinamicaballet.com\/wp-content\/uploads\/2024\/01\/1.png","datePublished":"2024-01-15T12:29:06+00:00","dateModified":"2024-02-01T12:52:53+00:00","description":"La Juliette pu\u00f2 essere posizionata su 12 altezze diverse. Il\u00a0tappetino\u00a0da ballo Ondine ti offre l\u2019ammortizzazione e la stabilit\u00e0 perfette.","inLanguage":"it-IT","potentialAction":[{"@type":"ReadAction","target":["https:\/\/new.dinamicaballet.com\/it\/producto\/pack-sbarra-da-danza-regolabile-juliette-e-tappetino-da-ballo-ondine\/"]}]},{"@type":"ImageObject","inLanguage":"it-IT","@id":"https:\/\/new.dinamicaballet.com\/it\/producto\/pack-sbarra-da-danza-regolabile-juliette-e-tappetino-da-ballo-ondine\/#primaryimage","url":"https:\/\/new.dinamicaballet.com\/wp-content\/uploads\/2024\/01\/1.png","contentUrl":"https:\/\/new.dinamicaballet.com\/wp-content\/uploads\/2024\/01\/1.png","width":600,"height":800},{"@type":"WebSite","@id":"https:\/\/new.dinamicaballet.com\/it\/#website","url":"https:\/\/new.dinamicaballet.com\/it\/","name":"Dinamica Ballet","description":"Especialistas en barras de ballet y espejos para la danza","publisher":{"@id":"https:\/\/new.dinamicaballet.com\/it\/#organization"},"potentialAction":[{"@type":"SearchAction","target":{"@type":"EntryPoint","urlTemplate":"https:\/\/new.dinamicaballet.com\/it\/?s={search_term_string}"},"query-input":{"@type":"PropertyValueSpecification","valueRequired":true,"valueName":"search_term_string"}}],"inLanguage":"it-IT"},{"@type":"Organization","@id":"https:\/\/new.dinamicaballet.com\/it\/#organization","name":"Dinamica Ballet","url":"https:\/\/new.dinamicaballet.com\/it\/","logo":{"@type":"ImageObject","inLanguage":"it-IT","@id":"https:\/\/new.dinamicaballet.com\/it\/#\/schema\/logo\/image\/","url":"https:\/\/new.dinamicaballet.com\/wp-content\/uploads\/2022\/03\/logo_dinamica_ballet.svg","contentUrl":"https:\/\/new.dinamicaballet.com\/wp-content\/uploads\/2022\/03\/logo_dinamica_ballet.svg","width":284,"height":51,"caption":"Dinamica Ballet"},"image":{"@id":"https:\/\/new.dinamicaballet.com\/it\/#\/schema\/logo\/image\/"},"sameAs":["https:\/\/www.facebook.com\/dinamicaballet","https:\/\/www.instagram.com\/dinamicaballet\/","http:\/\/www.linkedin.com\/company\/dinamica-ballet","https:\/\/www.pinterest.com\/DinamicaBallet\/"]}]}},"taxonomy_info":{"product_cat":[{"value":330,"label":"Accessori"},{"value":288,"label":"Home Collection"},{"value":212,"label":"Sbarre da danza mobili"},{"value":215,"label":"Sbarre regolabili in altezza"},{"value":284,"label":"Una sbarra"}],"product_tag":[{"value":286,"label":"movil"}]},"featured_image_src_large":["https:\/\/new.dinamicaballet.com\/wp-content\/uploads\/2024\/01\/1.png",600,800,false],"author_info":[],"comment_info":"","_links":{"self":[{"href":"https:\/\/new.dinamicaballet.com\/it\/wp-json\/wp\/v2\/product\/94208","targetHints":{"allow":["GET"]}}],"collection":[{"href":"https:\/\/new.dinamicaballet.com\/it\/wp-json\/wp\/v2\/product"}],"about":[{"href":"https:\/\/new.dinamicaballet.com\/it\/wp-json\/wp\/v2\/types\/product"}],"wp:featuredmedia":[{"embeddable":true,"href":"https:\/\/new.dinamicaballet.com\/it\/wp-json\/wp\/v2\/media\/94221"}],"wp:attachment":[{"href":"https:\/\/new.dinamicaballet.com\/it\/wp-json\/wp\/v2\/media?parent=94208"}],"wp:term":[{"taxonomy":"product_brand","embeddable":true,"href":"https:\/\/new.dinamicaballet.com\/it\/wp-json\/wp\/v2\/product_brand?post=94208"},{"taxonomy":"product_cat","embeddable":true,"href":"https:\/\/new.dinamicaballet.com\/it\/wp-json\/wp\/v2\/product_cat?post=94208"},{"taxonomy":"product_tag","embeddable":true,"href":"https:\/\/new.dinamicaballet.com\/it\/wp-json\/wp\/v2\/product_tag?post=94208"}],"curies":[{"name":"wp","href":"https:\/\/api.w.org\/{rel}","templated":true}]}}