{"id":69158,"date":"2023-02-07T17:06:07","date_gmt":"2023-02-07T16:06:07","guid":{"rendered":"https:\/\/www.dinamicaballet.com\/?post_type=product&#038;p=69158"},"modified":"2024-09-25T13:44:49","modified_gmt":"2024-09-25T12:44:49","slug":"set-2-specchi-per-con-route-billy","status":"publish","type":"product","link":"https:\/\/new.dinamicaballet.com\/it\/producto\/set-2-specchi-per-con-route-billy\/","title":{"rendered":"Set 2 specchi con route Billy"},"content":{"rendered":"<h3><strong>L&#8217;immagine desiderata per perfezionare la tecnica artistica<\/strong><\/h3>\n<p>Per migliorare la tecnica in qualunque disciplina artistica o sportiva, uno specchio di alta qualit\u00e1 \u00e9 fondamentale. Lo specchio per professionisti Billy, di 4mm di spessore e materiali di prima qualit\u00e0, forma un angolo retto col il pavimento con tutta la sua superficie, assicurando cosi un riflesso perfetto e senza deformazioni. L&#8217;alunno, situato a qualunque distanza dallo specchio, potr\u00e0 osservarsi mentre pratica la sua disciplina e controllare in modo preciso i suoi movimenti.<\/p>\n<h3><strong>Libert\u00e0 di movimento<\/strong><\/h3>\n<p>Le quattro ruote giratorie offrono la libert\u00e0 di muovere il Billy senza sforzo. Le basi di ferro dalla forma concava distribuiscono il peso dello specchio su tutta la sua struttura massimizzando l&#8217;ergonomia e la comodit\u00e0 nel movimento.<br \/>\nUsa la maniglia laterale per muovere il Billy cosi da non macchiare lo specchio e, una volta posizionato, usa i freni delle ruote per assicurarlo nella posizione desiderata. Le ruote di gomma di alta densit\u00e0 sono disegnate per prendersi cura dei pavimenti dei vostri studio. Con 47kg di peso totale, il Billy \u00e8 uno specchio stabile e robusto che non dannegger\u00e0 il pavimento, anche se di legno.<\/p>\n<h3><strong>Sicurezza e flessibilit\u00e0 in aula<\/strong><\/h3>\n<p>Lo spessore dello specchio, le basi di ferro, la cornice di legno e la protezione sulla parte posteriore donano al Billy robustezza e un&#8217;alta resistenza alle rotture. Nonostante tutto, se si verifica un forte impatto sul vetro, lo specchio potrebbe rompersi, per questo usiamo una pellicola di protezione che evita che i frammenti di vetro si disperdano nell&#8217;ambiente e feriscano qualcuno. La grandezza e la forma della base di ferro sono state progettate in modo tale da evitare che lo specchio si possa ribaltare accidentalmente.<br \/>\nSe hai bisogno di unire vari specchi per poter creare una superficie ampia e lavorare in gruppo, lo puoi fare grazie all&#8217;elemento di unione nella parte superiore e inferiore dello specchio. Potrai spostare gli specchi anche uniti tra di loro. Se cerchi uno specchio mobile di massima sicurezza, il Billy \u00e8 un punto di riferimento nella pratica delle arti sceniche da molti anni.<\/p>\n<a href=\"https:\/\/new.dinamicaballet.com\/wp-content\/uploads\/2021\/07\/FT-BILLY-0925.pdf\" class=\"su-button su-button-style-default\" style=\"color:#006B7C;background-color:#FFF2D5;border-color:#ccc2ab;border-radius:5px\" target=\"_blank\" rel=\"noopener noreferrer\"><span style=\"color:#006B7C;padding:0px 16px;font-size:13px;line-height:26px;border-color:#fff6e2;border-radius:5px;text-shadow:none\"> Scarica la scheda tecnica completa<\/span><\/a> <a href=\"https:\/\/new.dinamicaballet.com\/wp-content\/uploads\/2021\/07\/Instruccions-Billy-4.pdf\" class=\"su-button su-button-style-default\" style=\"color:#006B7C;background-color:#FFF2D5;border-color:#ccc2ab;border-radius:5px\" target=\"_blank\" rel=\"noopener noreferrer\"><span style=\"color:#006B7C;padding:0px 16px;font-size:13px;line-height:26px;border-color:#fff6e2;border-radius:5px;text-shadow:none\"> Scarica le istruzioni di montaggio<\/span><\/a>\n<p>&nbsp;<\/p>\n<div class=\"su-youtube su-u-responsive-media-yes\"><iframe loading=\"lazy\" width=\"600\" height=\"400\" src=\"https:\/\/www.youtube.com\/embed\/jOn_DdhVB7g?autohide=2&amp;autoplay=0&amp;mute=1&amp;controls=1&amp;fs=1&amp;loop=0&amp;modestbranding=0&amp;rel=1&amp;showinfo=1&amp;theme=dark&amp;wmode=&amp;playsinline=0\" frameborder=\"0\" allowfullscreen allow=\"autoplay; encrypted-media; picture-in-picture\" title=\"Billy Dinamica Ballet\"><\/iframe><\/div>\n","protected":false},"excerpt":{"rendered":"<p>Il Billy \u00e8 uno specchio di 180x100cm per professionisti della danza e tutte le arti sceniche che offre una gran flessibilit\u00e0 alle sale prova. Offre un riflesso perfetto da ogni angolo per poter perfezionare con precisione la tecnica artistica. La forma della base e le ruote girevoli con freni con sistema di blocco permettono di muovere lo specchio con facilit\u00e0. Il telaio in legno dona resistenza alla struttura e un&#8217;estetica squisita.<\/p>\n<p><strong>IVA E SPEDIZIONE INCLUSI<\/strong><\/p>\n<p>&nbsp;<\/p>\n<p>&nbsp;<\/p>\n","protected":false},"featured_media":69164,"template":"","meta":{"_editorskit_title_hidden":false,"_editorskit_reading_time":0,"_editorskit_is_block_options_detached":false,"_editorskit_block_options_position":"{}","inline_featured_image":false,"_kad_blocks_custom_css":"","_kad_blocks_head_custom_js":"","_kad_blocks_body_custom_js":"","_kad_blocks_footer_custom_js":""},"product_brand":[],"product_cat":[218],"product_tag":[],"class_list":{"0":"post-69158","1":"product","2":"type-product","3":"status-publish","4":"has-post-thumbnail","6":"product_cat-specchi-da-danza-professionali","7":"post","8":"with-featured-image","10":"first","11":"instock","12":"sold-individually","13":"taxable","14":"shipping-taxable","15":"purchasable","16":"product-type-simple"},"yoast_head":"<!-- This site is optimized with the Yoast SEO plugin v27.4 - https:\/\/yoast.com\/product\/yoast-seo-wordpress\/ -->\n<title>Set 2 specchi con route Billy | Negozio online<\/title>\n<meta name=\"description\" content=\"Il specchio per professionisti Billy offre un riflesso perfetto da ogni angolo per poter perfezionare con precisione la tecnica artistica.\" \/>\n<meta name=\"robots\" content=\"noindex, follow, max-snippet:-1, max-image-preview:large, max-video-preview:-1\" \/>\n<meta property=\"og:locale\" content=\"it_IT\" \/>\n<meta property=\"og:type\" content=\"article\" \/>\n<meta property=\"og:title\" content=\"Set 2 specchi con route Billy | Negozio online\" \/>\n<meta property=\"og:description\" content=\"Il specchio per professionisti Billy offre un riflesso perfetto da ogni angolo per poter perfezionare con precisione la tecnica artistica.\" \/>\n<meta property=\"og:url\" content=\"https:\/\/new.dinamicaballet.com\/it\/producto\/set-2-specchi-per-con-route-billy\/\" \/>\n<meta property=\"og:site_name\" content=\"Dinamica Ballet\" \/>\n<meta property=\"article:publisher\" content=\"https:\/\/www.facebook.com\/dinamicaballet\" \/>\n<meta property=\"article:modified_time\" content=\"2024-09-25T12:44:49+00:00\" \/>\n<meta property=\"og:image\" content=\"https:\/\/new.dinamicaballet.com\/wp-content\/uploads\/2023\/02\/Pack-2-Billy.png\" \/>\n\t<meta property=\"og:image:width\" content=\"600\" \/>\n\t<meta property=\"og:image:height\" content=\"800\" \/>\n\t<meta property=\"og:image:type\" content=\"image\/png\" \/>\n<meta name=\"twitter:card\" content=\"summary_large_image\" \/>\n<meta name=\"twitter:label1\" content=\"Tempo di lettura stimato\" \/>\n\t<meta name=\"twitter:data1\" content=\"2 minuti\" \/>\n<script type=\"application\/ld+json\" class=\"yoast-schema-graph\">{\"@context\":\"https:\\\/\\\/schema.org\",\"@graph\":[{\"@type\":\"WebPage\",\"@id\":\"https:\\\/\\\/new.dinamicaballet.com\\\/it\\\/producto\\\/set-2-specchi-per-con-route-billy\\\/\",\"url\":\"https:\\\/\\\/new.dinamicaballet.com\\\/it\\\/producto\\\/set-2-specchi-per-con-route-billy\\\/\",\"name\":\"Set 2 specchi con route Billy | Negozio online\",\"isPartOf\":{\"@id\":\"https:\\\/\\\/new.dinamicaballet.com\\\/it\\\/#website\"},\"primaryImageOfPage\":{\"@id\":\"https:\\\/\\\/new.dinamicaballet.com\\\/it\\\/producto\\\/set-2-specchi-per-con-route-billy\\\/#primaryimage\"},\"image\":{\"@id\":\"https:\\\/\\\/new.dinamicaballet.com\\\/it\\\/producto\\\/set-2-specchi-per-con-route-billy\\\/#primaryimage\"},\"thumbnailUrl\":\"https:\\\/\\\/new.dinamicaballet.com\\\/wp-content\\\/uploads\\\/2023\\\/02\\\/Pack-2-Billy.png\",\"datePublished\":\"2023-02-07T16:06:07+00:00\",\"dateModified\":\"2024-09-25T12:44:49+00:00\",\"description\":\"Il specchio per professionisti Billy offre un riflesso perfetto da ogni angolo per poter perfezionare con precisione la tecnica artistica.\",\"inLanguage\":\"it-IT\",\"potentialAction\":[{\"@type\":\"ReadAction\",\"target\":[\"https:\\\/\\\/new.dinamicaballet.com\\\/it\\\/producto\\\/set-2-specchi-per-con-route-billy\\\/\"]}]},{\"@type\":\"ImageObject\",\"inLanguage\":\"it-IT\",\"@id\":\"https:\\\/\\\/new.dinamicaballet.com\\\/it\\\/producto\\\/set-2-specchi-per-con-route-billy\\\/#primaryimage\",\"url\":\"https:\\\/\\\/new.dinamicaballet.com\\\/wp-content\\\/uploads\\\/2023\\\/02\\\/Pack-2-Billy.png\",\"contentUrl\":\"https:\\\/\\\/new.dinamicaballet.com\\\/wp-content\\\/uploads\\\/2023\\\/02\\\/Pack-2-Billy.png\",\"width\":600,\"height\":800},{\"@type\":\"WebSite\",\"@id\":\"https:\\\/\\\/new.dinamicaballet.com\\\/it\\\/#website\",\"url\":\"https:\\\/\\\/new.dinamicaballet.com\\\/it\\\/\",\"name\":\"Dinamica Ballet\",\"description\":\"Especialistas en barras de ballet y espejos para la danza\",\"publisher\":{\"@id\":\"https:\\\/\\\/new.dinamicaballet.com\\\/it\\\/#organization\"},\"potentialAction\":[{\"@type\":\"SearchAction\",\"target\":{\"@type\":\"EntryPoint\",\"urlTemplate\":\"https:\\\/\\\/new.dinamicaballet.com\\\/it\\\/?s={search_term_string}\"},\"query-input\":{\"@type\":\"PropertyValueSpecification\",\"valueRequired\":true,\"valueName\":\"search_term_string\"}}],\"inLanguage\":\"it-IT\"},{\"@type\":\"Organization\",\"@id\":\"https:\\\/\\\/new.dinamicaballet.com\\\/it\\\/#organization\",\"name\":\"Dinamica Ballet\",\"url\":\"https:\\\/\\\/new.dinamicaballet.com\\\/it\\\/\",\"logo\":{\"@type\":\"ImageObject\",\"inLanguage\":\"it-IT\",\"@id\":\"https:\\\/\\\/new.dinamicaballet.com\\\/it\\\/#\\\/schema\\\/logo\\\/image\\\/\",\"url\":\"https:\\\/\\\/new.dinamicaballet.com\\\/wp-content\\\/uploads\\\/2022\\\/03\\\/logo_dinamica_ballet.svg\",\"contentUrl\":\"https:\\\/\\\/new.dinamicaballet.com\\\/wp-content\\\/uploads\\\/2022\\\/03\\\/logo_dinamica_ballet.svg\",\"width\":284,\"height\":51,\"caption\":\"Dinamica Ballet\"},\"image\":{\"@id\":\"https:\\\/\\\/new.dinamicaballet.com\\\/it\\\/#\\\/schema\\\/logo\\\/image\\\/\"},\"sameAs\":[\"https:\\\/\\\/www.facebook.com\\\/dinamicaballet\",\"https:\\\/\\\/www.instagram.com\\\/dinamicaballet\\\/\",\"http:\\\/\\\/www.linkedin.com\\\/company\\\/dinamica-ballet\",\"https:\\\/\\\/www.pinterest.com\\\/DinamicaBallet\\\/\"]}]}<\/script>\n<!-- \/ Yoast SEO plugin. -->","yoast_head_json":{"title":"Set 2 specchi con route Billy | Negozio online","description":"Il specchio per professionisti Billy offre un riflesso perfetto da ogni angolo per poter perfezionare con precisione la tecnica artistica.","robots":{"index":"noindex","follow":"follow","max-snippet":"max-snippet:-1","max-image-preview":"max-image-preview:large","max-video-preview":"max-video-preview:-1"},"og_locale":"it_IT","og_type":"article","og_title":"Set 2 specchi con route Billy | Negozio online","og_description":"Il specchio per professionisti Billy offre un riflesso perfetto da ogni angolo per poter perfezionare con precisione la tecnica artistica.","og_url":"https:\/\/new.dinamicaballet.com\/it\/producto\/set-2-specchi-per-con-route-billy\/","og_site_name":"Dinamica Ballet","article_publisher":"https:\/\/www.facebook.com\/dinamicaballet","article_modified_time":"2024-09-25T12:44:49+00:00","og_image":[{"width":600,"height":800,"url":"https:\/\/new.dinamicaballet.com\/wp-content\/uploads\/2023\/02\/Pack-2-Billy.png","type":"image\/png"}],"twitter_card":"summary_large_image","twitter_misc":{"Tempo di lettura stimato":"2 minuti"},"schema":{"@context":"https:\/\/schema.org","@graph":[{"@type":"WebPage","@id":"https:\/\/new.dinamicaballet.com\/it\/producto\/set-2-specchi-per-con-route-billy\/","url":"https:\/\/new.dinamicaballet.com\/it\/producto\/set-2-specchi-per-con-route-billy\/","name":"Set 2 specchi con route Billy | Negozio online","isPartOf":{"@id":"https:\/\/new.dinamicaballet.com\/it\/#website"},"primaryImageOfPage":{"@id":"https:\/\/new.dinamicaballet.com\/it\/producto\/set-2-specchi-per-con-route-billy\/#primaryimage"},"image":{"@id":"https:\/\/new.dinamicaballet.com\/it\/producto\/set-2-specchi-per-con-route-billy\/#primaryimage"},"thumbnailUrl":"https:\/\/new.dinamicaballet.com\/wp-content\/uploads\/2023\/02\/Pack-2-Billy.png","datePublished":"2023-02-07T16:06:07+00:00","dateModified":"2024-09-25T12:44:49+00:00","description":"Il specchio per professionisti Billy offre un riflesso perfetto da ogni angolo per poter perfezionare con precisione la tecnica artistica.","inLanguage":"it-IT","potentialAction":[{"@type":"ReadAction","target":["https:\/\/new.dinamicaballet.com\/it\/producto\/set-2-specchi-per-con-route-billy\/"]}]},{"@type":"ImageObject","inLanguage":"it-IT","@id":"https:\/\/new.dinamicaballet.com\/it\/producto\/set-2-specchi-per-con-route-billy\/#primaryimage","url":"https:\/\/new.dinamicaballet.com\/wp-content\/uploads\/2023\/02\/Pack-2-Billy.png","contentUrl":"https:\/\/new.dinamicaballet.com\/wp-content\/uploads\/2023\/02\/Pack-2-Billy.png","width":600,"height":800},{"@type":"WebSite","@id":"https:\/\/new.dinamicaballet.com\/it\/#website","url":"https:\/\/new.dinamicaballet.com\/it\/","name":"Dinamica Ballet","description":"Especialistas en barras de ballet y espejos para la danza","publisher":{"@id":"https:\/\/new.dinamicaballet.com\/it\/#organization"},"potentialAction":[{"@type":"SearchAction","target":{"@type":"EntryPoint","urlTemplate":"https:\/\/new.dinamicaballet.com\/it\/?s={search_term_string}"},"query-input":{"@type":"PropertyValueSpecification","valueRequired":true,"valueName":"search_term_string"}}],"inLanguage":"it-IT"},{"@type":"Organization","@id":"https:\/\/new.dinamicaballet.com\/it\/#organization","name":"Dinamica Ballet","url":"https:\/\/new.dinamicaballet.com\/it\/","logo":{"@type":"ImageObject","inLanguage":"it-IT","@id":"https:\/\/new.dinamicaballet.com\/it\/#\/schema\/logo\/image\/","url":"https:\/\/new.dinamicaballet.com\/wp-content\/uploads\/2022\/03\/logo_dinamica_ballet.svg","contentUrl":"https:\/\/new.dinamicaballet.com\/wp-content\/uploads\/2022\/03\/logo_dinamica_ballet.svg","width":284,"height":51,"caption":"Dinamica Ballet"},"image":{"@id":"https:\/\/new.dinamicaballet.com\/it\/#\/schema\/logo\/image\/"},"sameAs":["https:\/\/www.facebook.com\/dinamicaballet","https:\/\/www.instagram.com\/dinamicaballet\/","http:\/\/www.linkedin.com\/company\/dinamica-ballet","https:\/\/www.pinterest.com\/DinamicaBallet\/"]}]}},"taxonomy_info":{"product_cat":[{"value":218,"label":"Specchi da danza professionali"}]},"featured_image_src_large":["https:\/\/new.dinamicaballet.com\/wp-content\/uploads\/2023\/02\/Pack-2-Billy.png",600,800,false],"author_info":[],"comment_info":"","_links":{"self":[{"href":"https:\/\/new.dinamicaballet.com\/it\/wp-json\/wp\/v2\/product\/69158","targetHints":{"allow":["GET"]}}],"collection":[{"href":"https:\/\/new.dinamicaballet.com\/it\/wp-json\/wp\/v2\/product"}],"about":[{"href":"https:\/\/new.dinamicaballet.com\/it\/wp-json\/wp\/v2\/types\/product"}],"wp:featuredmedia":[{"embeddable":true,"href":"https:\/\/new.dinamicaballet.com\/it\/wp-json\/wp\/v2\/media\/69164"}],"wp:attachment":[{"href":"https:\/\/new.dinamicaballet.com\/it\/wp-json\/wp\/v2\/media?parent=69158"}],"wp:term":[{"taxonomy":"product_brand","embeddable":true,"href":"https:\/\/new.dinamicaballet.com\/it\/wp-json\/wp\/v2\/product_brand?post=69158"},{"taxonomy":"product_cat","embeddable":true,"href":"https:\/\/new.dinamicaballet.com\/it\/wp-json\/wp\/v2\/product_cat?post=69158"},{"taxonomy":"product_tag","embeddable":true,"href":"https:\/\/new.dinamicaballet.com\/it\/wp-json\/wp\/v2\/product_tag?post=69158"}],"curies":[{"name":"wp","href":"https:\/\/api.w.org\/{rel}","templated":true}]}}