{"id":68573,"date":"2023-01-19T17:08:39","date_gmt":"2023-01-19T16:08:39","guid":{"rendered":"https:\/\/www.dinamicaballet.com\/?post_type=product&#038;p=68573"},"modified":"2025-09-05T04:48:03","modified_gmt":"2025-09-05T03:48:03","slug":"set-3-specchi-da-danza-figaro","status":"publish","type":"product","link":"https:\/\/new.dinamicaballet.com\/it\/producto\/set-3-specchi-da-danza-figaro\/","title":{"rendered":"Set 3 specchi da parete per i professionisti Figaro"},"content":{"rendered":"<h3>Un indispensabile strumento di lavoro<\/h3>\n<p>Per migliorare la tecnica in qualunque disciplina artistica o sportiva, uno specchio di alta qualit\u00e0 \u00e9 fondamentale. Lo specchio professionale Figaro d 4mm di spessore \u00e8 fabbricato con materiali di prima qualit\u00e0. Gli alunni potranno lavorare con precisione posizionati a qualunque distanza dallo specchio grazie al riflesso senza deformazioni su tutta la superficie. Le attaccaglie di acciaio galvanizzato garantiscono una fissazione perfetta alla parete e senza nessuna inclinazione. La cornice di alluminio protegge lo specchio e permette l&#8217;unione sicura e precisa di diverse unit\u00e0.<\/p>\n<h3>Massima sicurezza per la tranquillit\u00e0 di tutti<\/h3>\n<p>Lo spessore dello specchio, la protezione della cornice di alluminio e il sistema di montaggio donano al Figaro una gran resistenza e un altro livello di protezione dalle rotture. Nonostante tutto, se si verifica un forte impatto sul vetro, lo specchio potrebbe rompersi, per questo usiamo una pellicola di protezione che evita che i frammenti di vetro si disperdano nell&#8217;ambiente e feriscano qualcuno. Le attaccaglie installate sulla parete sono disegnate in modo da fissare lo specchio appendendolo sulle aperture che si trovano nella cornice dello specchio. Il peso si riparte su tutta la superficie e l&#8217;appoggio totale sulla parete dona la perfetta stabilit\u00e0. L&#8217;acciaio galvanizzato del supporto evita la ruggine.<\/p>\n<h3>L&#8217;adattabilit\u00e0 di uno specchio fisso unico<\/h3>\n<p>Le due attaccaglie di acciaio galvanizzato antiruggine si fissano alla parete con due viti e due tasselli. La cornice di alluminio, che protegge tutto lo specchio, \u00e8 dotata di aperture attraverso le quali si appender\u00e0 lo specchio. Questo sistema offre non solo sicurezza ma anche flessibilit\u00e0, se avrai bisogno di installare gli specchi in un&#8217;altra sala, potrai muoverli facilmente. Appoggiato sul battiscopa, lo specchio rimarr\u00e0 perfettamente aderito alla parete ripartendo cosi il peso su tutta la superficie e permettendo l&#8217;allineamento perfetta e totale stabilit\u00e0 in tutta l&#8217;installazione, qualunque sia il numero di specchi in sala. Abbina il Figaro con le nostre sbarre da danza fisse a terra per ottimizzare lo spazio e creare lo studio perfetto.<\/p>\n<a href=\"https:\/\/new.dinamicaballet.com\/wp-content\/uploads\/2021\/07\/FT-FIGARO-0925-1.pdf\" class=\"su-button su-button-style-default\" style=\"color:#006B7C;background-color:#FFF2D5;border-color:#ccc2ab;border-radius:5px\" target=\"_blank\" rel=\"noopener noreferrer\"><span style=\"color:#006B7C;padding:0px 16px;font-size:13px;line-height:26px;border-color:#fff6e2;border-radius:5px;text-shadow:none\"> Scarica la scheda tecnica completa<\/span><\/a> <a href=\"https:\/\/new.dinamicaballet.com\/wp-content\/uploads\/2021\/07\/Instruccions-Figaro-5_compressed.pdf\" class=\"su-button su-button-style-default\" style=\"color:#006B7C;background-color:#FFF2D5;border-color:#ccc2ab;border-radius:5px\" target=\"_blank\" rel=\"noopener noreferrer\"><span style=\"color:#006B7C;padding:0px 16px;font-size:13px;line-height:26px;border-color:#fff6e2;border-radius:5px;text-shadow:none\"> Scarica le istruzioni di montaggio<\/span><\/a>\n<p>&nbsp;<\/p>\n<div class=\"su-youtube su-u-responsive-media-yes\"><iframe loading=\"lazy\" width=\"600\" height=\"400\" src=\"https:\/\/www.youtube.com\/embed\/DfpTaPErv48?autohide=2&amp;autoplay=0&amp;mute=1&amp;controls=1&amp;fs=1&amp;loop=0&amp;modestbranding=0&amp;rel=1&amp;showinfo=1&amp;theme=dark&amp;wmode=&amp;playsinline=0\" frameborder=\"0\" allowfullscreen allow=\"autoplay; encrypted-media; picture-in-picture\" title=\"Figaro Dinamica Ballet\"><\/iframe><\/div>\n","protected":false},"excerpt":{"rendered":"<p>Il Figaro \u00e8 uno specchio per i professionisti delle arti sceniche e dello sport. Offre un riflessio perfetto, senza nessuna deformazione a qualunque distanza, per poter studiare con precisione la tecnica del ballerino, musicista o attore. \u00c8 stato disegnato per poter unire tante unit\u00e0 di quante ce n&#8217;\u00e8 bisogno e creare cosi uno spazio continuo con una gran sensazione di ampiezza ed eleganza in sala. Il Figaro \u00e8 uno specchio di sicurezza grazie al suo sistema di fissaggio alla parete e alla pellicola di sicurezza che evita che i frammenti si disperdano nell&#8217;ambiente se si produce un forte impatto.<\/p>\n<p><strong>IVA E SPEDIZIONE INCLUSI\u00a0 <\/strong><\/p>\n<p>&nbsp;<\/p>\n","protected":false},"featured_media":68580,"template":"","meta":{"_editorskit_title_hidden":false,"_editorskit_reading_time":0,"_editorskit_is_block_options_detached":false,"_editorskit_block_options_position":"{}","inline_featured_image":false,"_kad_blocks_custom_css":"","_kad_blocks_head_custom_js":"","_kad_blocks_body_custom_js":"","_kad_blocks_footer_custom_js":""},"product_brand":[],"product_cat":[218],"product_tag":[],"class_list":{"0":"post-68573","1":"product","2":"type-product","3":"status-publish","4":"has-post-thumbnail","6":"product_cat-specchi-da-danza-professionali","7":"post","8":"with-featured-image","10":"first","11":"instock","12":"sold-individually","13":"taxable","14":"shipping-taxable","15":"purchasable","16":"product-type-variable"},"yoast_head":"<!-- This site is optimized with the Yoast SEO plugin v27.4 - https:\/\/yoast.com\/product\/yoast-seo-wordpress\/ -->\n<title>Set 3 specchi da parete per i professionisti Figaro | Negozio Online<\/title>\n<meta name=\"description\" content=\"Il specchio offre un riflessio perfetto a qualunque distanza, per poter studiare con precisione la tecnica del ballerino, musicista o attore\" \/>\n<meta name=\"robots\" content=\"noindex, follow, max-snippet:-1, max-image-preview:large, max-video-preview:-1\" \/>\n<meta property=\"og:locale\" content=\"it_IT\" \/>\n<meta property=\"og:type\" content=\"article\" \/>\n<meta property=\"og:title\" content=\"Set 3 specchi da parete per i professionisti Figaro | Negozio Online\" \/>\n<meta property=\"og:description\" content=\"Il specchio offre un riflessio perfetto a qualunque distanza, per poter studiare con precisione la tecnica del ballerino, musicista o attore\" \/>\n<meta property=\"og:url\" content=\"https:\/\/new.dinamicaballet.com\/it\/producto\/set-3-specchi-da-danza-figaro\/\" \/>\n<meta property=\"og:site_name\" content=\"Dinamica Ballet\" \/>\n<meta property=\"article:publisher\" content=\"https:\/\/www.facebook.com\/dinamicaballet\" \/>\n<meta property=\"article:modified_time\" content=\"2025-09-05T03:48:03+00:00\" \/>\n<meta property=\"og:image\" content=\"https:\/\/new.dinamicaballet.com\/wp-content\/uploads\/2023\/01\/Pack-3-Figaro.png\" \/>\n\t<meta property=\"og:image:width\" content=\"600\" \/>\n\t<meta property=\"og:image:height\" content=\"800\" \/>\n\t<meta property=\"og:image:type\" content=\"image\/png\" \/>\n<meta name=\"twitter:card\" content=\"summary_large_image\" \/>\n<meta name=\"twitter:label1\" content=\"Tempo di lettura stimato\" \/>\n\t<meta name=\"twitter:data1\" content=\"2 minuti\" \/>\n<script type=\"application\/ld+json\" class=\"yoast-schema-graph\">{\"@context\":\"https:\\\/\\\/schema.org\",\"@graph\":[{\"@type\":\"WebPage\",\"@id\":\"https:\\\/\\\/new.dinamicaballet.com\\\/it\\\/producto\\\/set-3-specchi-da-danza-figaro\\\/\",\"url\":\"https:\\\/\\\/new.dinamicaballet.com\\\/it\\\/producto\\\/set-3-specchi-da-danza-figaro\\\/\",\"name\":\"Set 3 specchi da parete per i professionisti Figaro | Negozio Online\",\"isPartOf\":{\"@id\":\"https:\\\/\\\/new.dinamicaballet.com\\\/it\\\/#website\"},\"primaryImageOfPage\":{\"@id\":\"https:\\\/\\\/new.dinamicaballet.com\\\/it\\\/producto\\\/set-3-specchi-da-danza-figaro\\\/#primaryimage\"},\"image\":{\"@id\":\"https:\\\/\\\/new.dinamicaballet.com\\\/it\\\/producto\\\/set-3-specchi-da-danza-figaro\\\/#primaryimage\"},\"thumbnailUrl\":\"https:\\\/\\\/new.dinamicaballet.com\\\/wp-content\\\/uploads\\\/2023\\\/01\\\/Pack-3-Figaro.png\",\"datePublished\":\"2023-01-19T16:08:39+00:00\",\"dateModified\":\"2025-09-05T03:48:03+00:00\",\"description\":\"Il specchio offre un riflessio perfetto a qualunque distanza, per poter studiare con precisione la tecnica del ballerino, musicista o attore\",\"inLanguage\":\"it-IT\",\"potentialAction\":[{\"@type\":\"ReadAction\",\"target\":[\"https:\\\/\\\/new.dinamicaballet.com\\\/it\\\/producto\\\/set-3-specchi-da-danza-figaro\\\/\"]}]},{\"@type\":\"ImageObject\",\"inLanguage\":\"it-IT\",\"@id\":\"https:\\\/\\\/new.dinamicaballet.com\\\/it\\\/producto\\\/set-3-specchi-da-danza-figaro\\\/#primaryimage\",\"url\":\"https:\\\/\\\/new.dinamicaballet.com\\\/wp-content\\\/uploads\\\/2023\\\/01\\\/Pack-3-Figaro.png\",\"contentUrl\":\"https:\\\/\\\/new.dinamicaballet.com\\\/wp-content\\\/uploads\\\/2023\\\/01\\\/Pack-3-Figaro.png\",\"width\":600,\"height\":800},{\"@type\":\"WebSite\",\"@id\":\"https:\\\/\\\/new.dinamicaballet.com\\\/it\\\/#website\",\"url\":\"https:\\\/\\\/new.dinamicaballet.com\\\/it\\\/\",\"name\":\"Dinamica Ballet\",\"description\":\"Especialistas en barras de ballet y espejos para la danza\",\"publisher\":{\"@id\":\"https:\\\/\\\/new.dinamicaballet.com\\\/it\\\/#organization\"},\"potentialAction\":[{\"@type\":\"SearchAction\",\"target\":{\"@type\":\"EntryPoint\",\"urlTemplate\":\"https:\\\/\\\/new.dinamicaballet.com\\\/it\\\/?s={search_term_string}\"},\"query-input\":{\"@type\":\"PropertyValueSpecification\",\"valueRequired\":true,\"valueName\":\"search_term_string\"}}],\"inLanguage\":\"it-IT\"},{\"@type\":\"Organization\",\"@id\":\"https:\\\/\\\/new.dinamicaballet.com\\\/it\\\/#organization\",\"name\":\"Dinamica Ballet\",\"url\":\"https:\\\/\\\/new.dinamicaballet.com\\\/it\\\/\",\"logo\":{\"@type\":\"ImageObject\",\"inLanguage\":\"it-IT\",\"@id\":\"https:\\\/\\\/new.dinamicaballet.com\\\/it\\\/#\\\/schema\\\/logo\\\/image\\\/\",\"url\":\"https:\\\/\\\/new.dinamicaballet.com\\\/wp-content\\\/uploads\\\/2022\\\/03\\\/logo_dinamica_ballet.svg\",\"contentUrl\":\"https:\\\/\\\/new.dinamicaballet.com\\\/wp-content\\\/uploads\\\/2022\\\/03\\\/logo_dinamica_ballet.svg\",\"width\":284,\"height\":51,\"caption\":\"Dinamica Ballet\"},\"image\":{\"@id\":\"https:\\\/\\\/new.dinamicaballet.com\\\/it\\\/#\\\/schema\\\/logo\\\/image\\\/\"},\"sameAs\":[\"https:\\\/\\\/www.facebook.com\\\/dinamicaballet\",\"https:\\\/\\\/www.instagram.com\\\/dinamicaballet\\\/\",\"http:\\\/\\\/www.linkedin.com\\\/company\\\/dinamica-ballet\",\"https:\\\/\\\/www.pinterest.com\\\/DinamicaBallet\\\/\"]}]}<\/script>\n<!-- \/ Yoast SEO plugin. -->","yoast_head_json":{"title":"Set 3 specchi da parete per i professionisti Figaro | Negozio Online","description":"Il specchio offre un riflessio perfetto a qualunque distanza, per poter studiare con precisione la tecnica del ballerino, musicista o attore","robots":{"index":"noindex","follow":"follow","max-snippet":"max-snippet:-1","max-image-preview":"max-image-preview:large","max-video-preview":"max-video-preview:-1"},"og_locale":"it_IT","og_type":"article","og_title":"Set 3 specchi da parete per i professionisti Figaro | Negozio Online","og_description":"Il specchio offre un riflessio perfetto a qualunque distanza, per poter studiare con precisione la tecnica del ballerino, musicista o attore","og_url":"https:\/\/new.dinamicaballet.com\/it\/producto\/set-3-specchi-da-danza-figaro\/","og_site_name":"Dinamica Ballet","article_publisher":"https:\/\/www.facebook.com\/dinamicaballet","article_modified_time":"2025-09-05T03:48:03+00:00","og_image":[{"width":600,"height":800,"url":"https:\/\/new.dinamicaballet.com\/wp-content\/uploads\/2023\/01\/Pack-3-Figaro.png","type":"image\/png"}],"twitter_card":"summary_large_image","twitter_misc":{"Tempo di lettura stimato":"2 minuti"},"schema":{"@context":"https:\/\/schema.org","@graph":[{"@type":"WebPage","@id":"https:\/\/new.dinamicaballet.com\/it\/producto\/set-3-specchi-da-danza-figaro\/","url":"https:\/\/new.dinamicaballet.com\/it\/producto\/set-3-specchi-da-danza-figaro\/","name":"Set 3 specchi da parete per i professionisti Figaro | Negozio Online","isPartOf":{"@id":"https:\/\/new.dinamicaballet.com\/it\/#website"},"primaryImageOfPage":{"@id":"https:\/\/new.dinamicaballet.com\/it\/producto\/set-3-specchi-da-danza-figaro\/#primaryimage"},"image":{"@id":"https:\/\/new.dinamicaballet.com\/it\/producto\/set-3-specchi-da-danza-figaro\/#primaryimage"},"thumbnailUrl":"https:\/\/new.dinamicaballet.com\/wp-content\/uploads\/2023\/01\/Pack-3-Figaro.png","datePublished":"2023-01-19T16:08:39+00:00","dateModified":"2025-09-05T03:48:03+00:00","description":"Il specchio offre un riflessio perfetto a qualunque distanza, per poter studiare con precisione la tecnica del ballerino, musicista o attore","inLanguage":"it-IT","potentialAction":[{"@type":"ReadAction","target":["https:\/\/new.dinamicaballet.com\/it\/producto\/set-3-specchi-da-danza-figaro\/"]}]},{"@type":"ImageObject","inLanguage":"it-IT","@id":"https:\/\/new.dinamicaballet.com\/it\/producto\/set-3-specchi-da-danza-figaro\/#primaryimage","url":"https:\/\/new.dinamicaballet.com\/wp-content\/uploads\/2023\/01\/Pack-3-Figaro.png","contentUrl":"https:\/\/new.dinamicaballet.com\/wp-content\/uploads\/2023\/01\/Pack-3-Figaro.png","width":600,"height":800},{"@type":"WebSite","@id":"https:\/\/new.dinamicaballet.com\/it\/#website","url":"https:\/\/new.dinamicaballet.com\/it\/","name":"Dinamica Ballet","description":"Especialistas en barras de ballet y espejos para la danza","publisher":{"@id":"https:\/\/new.dinamicaballet.com\/it\/#organization"},"potentialAction":[{"@type":"SearchAction","target":{"@type":"EntryPoint","urlTemplate":"https:\/\/new.dinamicaballet.com\/it\/?s={search_term_string}"},"query-input":{"@type":"PropertyValueSpecification","valueRequired":true,"valueName":"search_term_string"}}],"inLanguage":"it-IT"},{"@type":"Organization","@id":"https:\/\/new.dinamicaballet.com\/it\/#organization","name":"Dinamica Ballet","url":"https:\/\/new.dinamicaballet.com\/it\/","logo":{"@type":"ImageObject","inLanguage":"it-IT","@id":"https:\/\/new.dinamicaballet.com\/it\/#\/schema\/logo\/image\/","url":"https:\/\/new.dinamicaballet.com\/wp-content\/uploads\/2022\/03\/logo_dinamica_ballet.svg","contentUrl":"https:\/\/new.dinamicaballet.com\/wp-content\/uploads\/2022\/03\/logo_dinamica_ballet.svg","width":284,"height":51,"caption":"Dinamica Ballet"},"image":{"@id":"https:\/\/new.dinamicaballet.com\/it\/#\/schema\/logo\/image\/"},"sameAs":["https:\/\/www.facebook.com\/dinamicaballet","https:\/\/www.instagram.com\/dinamicaballet\/","http:\/\/www.linkedin.com\/company\/dinamica-ballet","https:\/\/www.pinterest.com\/DinamicaBallet\/"]}]}},"taxonomy_info":{"product_cat":[{"value":218,"label":"Specchi da danza professionali"}]},"featured_image_src_large":["https:\/\/new.dinamicaballet.com\/wp-content\/uploads\/2023\/01\/Pack-3-Figaro.png",600,800,false],"author_info":[],"comment_info":"","_links":{"self":[{"href":"https:\/\/new.dinamicaballet.com\/it\/wp-json\/wp\/v2\/product\/68573","targetHints":{"allow":["GET"]}}],"collection":[{"href":"https:\/\/new.dinamicaballet.com\/it\/wp-json\/wp\/v2\/product"}],"about":[{"href":"https:\/\/new.dinamicaballet.com\/it\/wp-json\/wp\/v2\/types\/product"}],"wp:featuredmedia":[{"embeddable":true,"href":"https:\/\/new.dinamicaballet.com\/it\/wp-json\/wp\/v2\/media\/68580"}],"wp:attachment":[{"href":"https:\/\/new.dinamicaballet.com\/it\/wp-json\/wp\/v2\/media?parent=68573"}],"wp:term":[{"taxonomy":"product_brand","embeddable":true,"href":"https:\/\/new.dinamicaballet.com\/it\/wp-json\/wp\/v2\/product_brand?post=68573"},{"taxonomy":"product_cat","embeddable":true,"href":"https:\/\/new.dinamicaballet.com\/it\/wp-json\/wp\/v2\/product_cat?post=68573"},{"taxonomy":"product_tag","embeddable":true,"href":"https:\/\/new.dinamicaballet.com\/it\/wp-json\/wp\/v2\/product_tag?post=68573"}],"curies":[{"name":"wp","href":"https:\/\/api.w.org\/{rel}","templated":true}]}}