{"id":11098,"date":"2022-02-11T09:07:12","date_gmt":"2022-02-11T09:07:12","guid":{"rendered":"https:\/\/www.dinamicaballet.com\/producto\/tappetino-reversibile-duo\/"},"modified":"2025-01-30T15:01:00","modified_gmt":"2025-01-30T14:01:00","slug":"tappetino-reversibile","status":"publish","type":"product","link":"https:\/\/new.dinamicaballet.com\/it\/producto\/tappetino-reversibile\/","title":{"rendered":"Tappetino da danza reversibile"},"content":{"rendered":"<h3>Due tappetini in uno per ballerine esigenti<\/h3>\n<p>Grigio da un lato e nero dall\u2019altro, puoi combinarlo a tuo piacimento. Srotola il tappetino e utilizzalo su entrambi i lati per ridurre al minimo l\u2019usura e abbinarlo ai colori della tua sala. Il tappetino Ondine \u00e8 morbido al tatto e offre l\u2019ammortizzazione e l\u2019aderenza perfette per esercizi di qualsiasi disciplina della danza con o senza sbarra da ballo. I due strati in PVC antiscivolo aderiscono a tutti i tipi di pavimento e se si vuole garantire un fissaggio totale, \u00e8 possibile utilizzare del nastro biadesivo. Il tappetino Ondine \u00e8 disponibile in tre misure in caso avessi bisogno di abbinarlo a sbarre di diverse dimensioni:<\/p>\n<ul>\n<li>200 cm x 100 cm: 4,2 kg<\/li>\n<li>200 cm x 150 cm: 6,3 kg<\/li>\n<li>200 cm x 195 cm: 8,4 kg<\/li>\n<\/ul>\n<a href=\"https:\/\/new.dinamicaballet.com\" class=\"su-button su-button-style-default\" style=\"color:#006B7C;background-color:#FFF2D5;border-color:#ccc2ab;border-radius:5px\" target=\"_blank\" rel=\"noopener noreferrer\"><span style=\"color:#006B7C;padding:0px 16px;font-size:13px;line-height:26px;border-color:#fff6e2;border-radius:5px;text-shadow:none\"> Scarica la scheda tecnica<\/span><\/a>\n","protected":false},"excerpt":{"rendered":"<p>Il<i data-stringify-type=\"italic\">\u00a0tappetino\u00a0<\/i>da danza Ondine ti offre l\u2019ammortizzazione e la stabilit\u00e0 perfette per i tuoi esercizi. \u00c8 un tappetino da palcoscenico reversibile realizzato con due strati di PVC morbido e antiscivolo che ti dar\u00e0 completa sicurezza anche mentre fai le pirouette. Disponibile in 3 diverse misure, puoi allenarti a casa o portarlo comodamente alle prove e ai saggi, qualunque sia la tua specialit\u00e0. Dalla danza classica all\u2019hip hop, passando per le danze contemporanee, jazz o anche il flamenco o il tip tap, il tappetino diventer\u00e0 il tuo perfetto alleato.<\/p>\n<p><strong>IVA E SPEDIZIONE INCLUSI<\/strong><\/p>\n","protected":false},"featured_media":62086,"template":"","meta":{"_editorskit_title_hidden":false,"_editorskit_reading_time":0,"_editorskit_is_block_options_detached":false,"_editorskit_block_options_position":"{}","inline_featured_image":false,"_kad_blocks_custom_css":"","_kad_blocks_head_custom_js":"","_kad_blocks_body_custom_js":"","_kad_blocks_footer_custom_js":""},"product_brand":[],"product_cat":[330,288],"product_tag":[],"class_list":{"0":"post-11098","1":"product","2":"type-product","3":"status-publish","4":"has-post-thumbnail","6":"product_cat-accessori","7":"product_cat-home-collection-it","8":"post","9":"with-featured-image","11":"first","12":"instock","13":"taxable","14":"shipping-taxable","15":"purchasable","16":"product-type-variable"},"yoast_head":"<!-- This site is optimized with the Yoast SEO plugin v27.4 - https:\/\/yoast.com\/product\/yoast-seo-wordpress\/ -->\n<title>Tappetino da danza reversibile | Dinamica Ballet<\/title>\n<meta name=\"description\" content=\"Il tappetino da ballo ti offre l&#039;ammortizzazione e la stabilit\u00e0 perfette per praticare i tuoi esercizi. \u00c8 un tappeto che ti dar\u00e0 completa sicurezza\" \/>\n<meta name=\"robots\" content=\"noindex, follow, max-snippet:-1, max-image-preview:large, max-video-preview:-1\" \/>\n<meta property=\"og:locale\" content=\"it_IT\" \/>\n<meta property=\"og:type\" content=\"article\" \/>\n<meta property=\"og:title\" content=\"Tappetino da danza reversibile | Dinamica Ballet\" \/>\n<meta property=\"og:description\" content=\"Il tappetino da ballo ti offre l&#039;ammortizzazione e la stabilit\u00e0 perfette per praticare i tuoi esercizi. \u00c8 un tappeto che ti dar\u00e0 completa sicurezza\" \/>\n<meta property=\"og:url\" content=\"https:\/\/new.dinamicaballet.com\/it\/producto\/tappetino-reversibile\/\" \/>\n<meta property=\"og:site_name\" content=\"Dinamica Ballet\" \/>\n<meta property=\"article:publisher\" content=\"https:\/\/www.facebook.com\/dinamicaballet\" \/>\n<meta property=\"article:modified_time\" content=\"2025-01-30T14:01:00+00:00\" \/>\n<meta property=\"og:image\" content=\"https:\/\/new.dinamicaballet.com\/wp-content\/uploads\/2022\/02\/esterilla_dinamica_ballet.jpg\" \/>\n\t<meta property=\"og:image:width\" content=\"600\" \/>\n\t<meta property=\"og:image:height\" content=\"800\" \/>\n\t<meta property=\"og:image:type\" content=\"image\/jpeg\" \/>\n<meta name=\"twitter:card\" content=\"summary_large_image\" \/>\n<meta name=\"twitter:label1\" content=\"Tempo di lettura stimato\" \/>\n\t<meta name=\"twitter:data1\" content=\"1 minuto\" \/>\n<script type=\"application\/ld+json\" class=\"yoast-schema-graph\">{\"@context\":\"https:\\\/\\\/schema.org\",\"@graph\":[{\"@type\":\"WebPage\",\"@id\":\"https:\\\/\\\/new.dinamicaballet.com\\\/it\\\/producto\\\/tappetino-reversibile\\\/\",\"url\":\"https:\\\/\\\/new.dinamicaballet.com\\\/it\\\/producto\\\/tappetino-reversibile\\\/\",\"name\":\"Tappetino da danza reversibile | Dinamica Ballet\",\"isPartOf\":{\"@id\":\"https:\\\/\\\/new.dinamicaballet.com\\\/it\\\/#website\"},\"primaryImageOfPage\":{\"@id\":\"https:\\\/\\\/new.dinamicaballet.com\\\/it\\\/producto\\\/tappetino-reversibile\\\/#primaryimage\"},\"image\":{\"@id\":\"https:\\\/\\\/new.dinamicaballet.com\\\/it\\\/producto\\\/tappetino-reversibile\\\/#primaryimage\"},\"thumbnailUrl\":\"https:\\\/\\\/new.dinamicaballet.com\\\/wp-content\\\/uploads\\\/2022\\\/02\\\/esterilla_dinamica_ballet.jpg\",\"datePublished\":\"2022-02-11T09:07:12+00:00\",\"dateModified\":\"2025-01-30T14:01:00+00:00\",\"description\":\"Il tappetino da ballo ti offre l'ammortizzazione e la stabilit\u00e0 perfette per praticare i tuoi esercizi. \u00c8 un tappeto che ti dar\u00e0 completa sicurezza\",\"inLanguage\":\"it-IT\",\"potentialAction\":[{\"@type\":\"ReadAction\",\"target\":[\"https:\\\/\\\/new.dinamicaballet.com\\\/it\\\/producto\\\/tappetino-reversibile\\\/\"]}]},{\"@type\":\"ImageObject\",\"inLanguage\":\"it-IT\",\"@id\":\"https:\\\/\\\/new.dinamicaballet.com\\\/it\\\/producto\\\/tappetino-reversibile\\\/#primaryimage\",\"url\":\"https:\\\/\\\/new.dinamicaballet.com\\\/wp-content\\\/uploads\\\/2022\\\/02\\\/esterilla_dinamica_ballet.jpg\",\"contentUrl\":\"https:\\\/\\\/new.dinamicaballet.com\\\/wp-content\\\/uploads\\\/2022\\\/02\\\/esterilla_dinamica_ballet.jpg\",\"width\":600,\"height\":800,\"caption\":\"Mat de danza reversible Duo\"},{\"@type\":\"WebSite\",\"@id\":\"https:\\\/\\\/new.dinamicaballet.com\\\/it\\\/#website\",\"url\":\"https:\\\/\\\/new.dinamicaballet.com\\\/it\\\/\",\"name\":\"Dinamica Ballet\",\"description\":\"Especialistas en barras de ballet y espejos para la danza\",\"publisher\":{\"@id\":\"https:\\\/\\\/new.dinamicaballet.com\\\/it\\\/#organization\"},\"potentialAction\":[{\"@type\":\"SearchAction\",\"target\":{\"@type\":\"EntryPoint\",\"urlTemplate\":\"https:\\\/\\\/new.dinamicaballet.com\\\/it\\\/?s={search_term_string}\"},\"query-input\":{\"@type\":\"PropertyValueSpecification\",\"valueRequired\":true,\"valueName\":\"search_term_string\"}}],\"inLanguage\":\"it-IT\"},{\"@type\":\"Organization\",\"@id\":\"https:\\\/\\\/new.dinamicaballet.com\\\/it\\\/#organization\",\"name\":\"Dinamica Ballet\",\"url\":\"https:\\\/\\\/new.dinamicaballet.com\\\/it\\\/\",\"logo\":{\"@type\":\"ImageObject\",\"inLanguage\":\"it-IT\",\"@id\":\"https:\\\/\\\/new.dinamicaballet.com\\\/it\\\/#\\\/schema\\\/logo\\\/image\\\/\",\"url\":\"https:\\\/\\\/new.dinamicaballet.com\\\/wp-content\\\/uploads\\\/2022\\\/03\\\/logo_dinamica_ballet.svg\",\"contentUrl\":\"https:\\\/\\\/new.dinamicaballet.com\\\/wp-content\\\/uploads\\\/2022\\\/03\\\/logo_dinamica_ballet.svg\",\"width\":284,\"height\":51,\"caption\":\"Dinamica Ballet\"},\"image\":{\"@id\":\"https:\\\/\\\/new.dinamicaballet.com\\\/it\\\/#\\\/schema\\\/logo\\\/image\\\/\"},\"sameAs\":[\"https:\\\/\\\/www.facebook.com\\\/dinamicaballet\",\"https:\\\/\\\/www.instagram.com\\\/dinamicaballet\\\/\",\"http:\\\/\\\/www.linkedin.com\\\/company\\\/dinamica-ballet\",\"https:\\\/\\\/www.pinterest.com\\\/DinamicaBallet\\\/\"]}]}<\/script>\n<!-- \/ Yoast SEO plugin. -->","yoast_head_json":{"title":"Tappetino da danza reversibile | Dinamica Ballet","description":"Il tappetino da ballo ti offre l'ammortizzazione e la stabilit\u00e0 perfette per praticare i tuoi esercizi. \u00c8 un tappeto che ti dar\u00e0 completa sicurezza","robots":{"index":"noindex","follow":"follow","max-snippet":"max-snippet:-1","max-image-preview":"max-image-preview:large","max-video-preview":"max-video-preview:-1"},"og_locale":"it_IT","og_type":"article","og_title":"Tappetino da danza reversibile | Dinamica Ballet","og_description":"Il tappetino da ballo ti offre l'ammortizzazione e la stabilit\u00e0 perfette per praticare i tuoi esercizi. \u00c8 un tappeto che ti dar\u00e0 completa sicurezza","og_url":"https:\/\/new.dinamicaballet.com\/it\/producto\/tappetino-reversibile\/","og_site_name":"Dinamica Ballet","article_publisher":"https:\/\/www.facebook.com\/dinamicaballet","article_modified_time":"2025-01-30T14:01:00+00:00","og_image":[{"width":600,"height":800,"url":"https:\/\/new.dinamicaballet.com\/wp-content\/uploads\/2022\/02\/esterilla_dinamica_ballet.jpg","type":"image\/jpeg"}],"twitter_card":"summary_large_image","twitter_misc":{"Tempo di lettura stimato":"1 minuto"},"schema":{"@context":"https:\/\/schema.org","@graph":[{"@type":"WebPage","@id":"https:\/\/new.dinamicaballet.com\/it\/producto\/tappetino-reversibile\/","url":"https:\/\/new.dinamicaballet.com\/it\/producto\/tappetino-reversibile\/","name":"Tappetino da danza reversibile | Dinamica Ballet","isPartOf":{"@id":"https:\/\/new.dinamicaballet.com\/it\/#website"},"primaryImageOfPage":{"@id":"https:\/\/new.dinamicaballet.com\/it\/producto\/tappetino-reversibile\/#primaryimage"},"image":{"@id":"https:\/\/new.dinamicaballet.com\/it\/producto\/tappetino-reversibile\/#primaryimage"},"thumbnailUrl":"https:\/\/new.dinamicaballet.com\/wp-content\/uploads\/2022\/02\/esterilla_dinamica_ballet.jpg","datePublished":"2022-02-11T09:07:12+00:00","dateModified":"2025-01-30T14:01:00+00:00","description":"Il tappetino da ballo ti offre l'ammortizzazione e la stabilit\u00e0 perfette per praticare i tuoi esercizi. \u00c8 un tappeto che ti dar\u00e0 completa sicurezza","inLanguage":"it-IT","potentialAction":[{"@type":"ReadAction","target":["https:\/\/new.dinamicaballet.com\/it\/producto\/tappetino-reversibile\/"]}]},{"@type":"ImageObject","inLanguage":"it-IT","@id":"https:\/\/new.dinamicaballet.com\/it\/producto\/tappetino-reversibile\/#primaryimage","url":"https:\/\/new.dinamicaballet.com\/wp-content\/uploads\/2022\/02\/esterilla_dinamica_ballet.jpg","contentUrl":"https:\/\/new.dinamicaballet.com\/wp-content\/uploads\/2022\/02\/esterilla_dinamica_ballet.jpg","width":600,"height":800,"caption":"Mat de danza reversible Duo"},{"@type":"WebSite","@id":"https:\/\/new.dinamicaballet.com\/it\/#website","url":"https:\/\/new.dinamicaballet.com\/it\/","name":"Dinamica Ballet","description":"Especialistas en barras de ballet y espejos para la danza","publisher":{"@id":"https:\/\/new.dinamicaballet.com\/it\/#organization"},"potentialAction":[{"@type":"SearchAction","target":{"@type":"EntryPoint","urlTemplate":"https:\/\/new.dinamicaballet.com\/it\/?s={search_term_string}"},"query-input":{"@type":"PropertyValueSpecification","valueRequired":true,"valueName":"search_term_string"}}],"inLanguage":"it-IT"},{"@type":"Organization","@id":"https:\/\/new.dinamicaballet.com\/it\/#organization","name":"Dinamica Ballet","url":"https:\/\/new.dinamicaballet.com\/it\/","logo":{"@type":"ImageObject","inLanguage":"it-IT","@id":"https:\/\/new.dinamicaballet.com\/it\/#\/schema\/logo\/image\/","url":"https:\/\/new.dinamicaballet.com\/wp-content\/uploads\/2022\/03\/logo_dinamica_ballet.svg","contentUrl":"https:\/\/new.dinamicaballet.com\/wp-content\/uploads\/2022\/03\/logo_dinamica_ballet.svg","width":284,"height":51,"caption":"Dinamica Ballet"},"image":{"@id":"https:\/\/new.dinamicaballet.com\/it\/#\/schema\/logo\/image\/"},"sameAs":["https:\/\/www.facebook.com\/dinamicaballet","https:\/\/www.instagram.com\/dinamicaballet\/","http:\/\/www.linkedin.com\/company\/dinamica-ballet","https:\/\/www.pinterest.com\/DinamicaBallet\/"]}]}},"taxonomy_info":{"product_cat":[{"value":330,"label":"Accessori"},{"value":288,"label":"Home Collection"}]},"featured_image_src_large":["https:\/\/new.dinamicaballet.com\/wp-content\/uploads\/2022\/02\/esterilla_dinamica_ballet.jpg",600,800,false],"author_info":[],"comment_info":"","_links":{"self":[{"href":"https:\/\/new.dinamicaballet.com\/it\/wp-json\/wp\/v2\/product\/11098","targetHints":{"allow":["GET"]}}],"collection":[{"href":"https:\/\/new.dinamicaballet.com\/it\/wp-json\/wp\/v2\/product"}],"about":[{"href":"https:\/\/new.dinamicaballet.com\/it\/wp-json\/wp\/v2\/types\/product"}],"wp:featuredmedia":[{"embeddable":true,"href":"https:\/\/new.dinamicaballet.com\/it\/wp-json\/wp\/v2\/media\/62086"}],"wp:attachment":[{"href":"https:\/\/new.dinamicaballet.com\/it\/wp-json\/wp\/v2\/media?parent=11098"}],"wp:term":[{"taxonomy":"product_brand","embeddable":true,"href":"https:\/\/new.dinamicaballet.com\/it\/wp-json\/wp\/v2\/product_brand?post=11098"},{"taxonomy":"product_cat","embeddable":true,"href":"https:\/\/new.dinamicaballet.com\/it\/wp-json\/wp\/v2\/product_cat?post=11098"},{"taxonomy":"product_tag","embeddable":true,"href":"https:\/\/new.dinamicaballet.com\/it\/wp-json\/wp\/v2\/product_tag?post=11098"}],"curies":[{"name":"wp","href":"https:\/\/api.w.org\/{rel}","templated":true}]}}