{"id":11229,"date":"2022-02-14T10:44:13","date_gmt":"2022-02-14T10:44:13","guid":{"rendered":"https:\/\/www.dinamicaballet.com\/?page_id=11229"},"modified":"2022-02-14T16:07:25","modified_gmt":"2022-02-14T16:07:25","slug":"avviso-legale","status":"publish","type":"page","link":"https:\/\/new.dinamicaballet.com\/it\/avviso-legale\/","title":{"rendered":"Avviso Legale"},"content":{"rendered":"\n<h3 class=\"wp-block-heading\">Dati identificativi<\/h3>\n\n\n\n<p>L\u2019azienda titolare di <a href=\"https:\/\/new.dinamicaballet.com\">www.dinamicaballet.com<\/a> \u00e9 Dinamica Complements SL., con sede sociale a C.\/ Llull, 51-53 5\u00ba 3<sup>a&nbsp;&nbsp; <\/sup>a Barcellona, in Spagna, con C.I.F (ES) B63387237<\/p>\n\n\n\n<h3 class=\"wp-block-heading\">Propriet\u00e0 intellettuale del sito web<\/h3>\n\n\n\n<p>Tutti i diritti della propriet\u00e0 intellettuale del contenuto della pagina web, il disegno grafico, i codici di fonte, sono di titolarit\u00e0 esclusiva di Dinamica Complements S.L, e ci corrisponde l\u2019esercizio esclusivo dei diritti di sfruttamento di essi. Per tanto qualsiasi riproduzione, distribuzione, comunicazione pubblica, trasformazione parziale o totale senza l\u2019autorizzazione esplicita di Dinamica Complements S.L sar\u00e0 proibita. In ogni caso, tutti i nomi commerciali, marchi, segni distinti di qualsiasi classe contenuta in questo sito web sono protetti dalla legge.<\/p>\n\n\n\n<h3 class=\"wp-block-heading\">Contenuto della web e link<\/h3>\n\n\n\n<p>Dinamica Complements S.L. non si assume le responsabilit\u00e0 del mal uso che potrebbe essere fatto dei contenuti della nostra pagina web, essendo di esclusiva responsabilit\u00e0 delle persone che vi accedono e ne fanno male uso. Inoltre non ci assumiamo nessuna responsabilit\u00e0 per le informazioni contenute nelle pagine web di terzi alla quale si potrebbe accedere per collegamento o ricerche dalla pagina web <a href=\"https:\/\/new.dinamicaballet.com\">www.dinamicaballet.com<\/a>.<\/p>\n\n\n\n<h3 class=\"wp-block-heading\">Scambio e divulgazione dell\u2019informazione<\/h3>\n\n\n\n<p>Dinamica Complements S.L si sottrae da qualsiasi responsabilit\u00e0 che possa derivare dallo scambio di informazione tra utenti in relazione a Dinamica Ballet. In particolare modo non ci riteniamo responsabili dell\u2019uso che ne possano fare i minori in caso in cui i contenuti ai quali si acceda possano ferire la sensibilit\u00e0 di essi.<\/p>\n\n\n\n<h3 class=\"wp-block-heading\">Aggiornamento e modifiche della pagina web<\/h3>\n\n\n\n<p>Dinamica Complements S.L., si riserva tutti i diritti di aggiornamento, modifica o eliminazione dell\u2019informazione contenuta nel suo sito web e la configurazione e presentazione di esso, in qualsiasi momento, senza un avviso previo e senza assumersi responsabilit\u00e0 per esso.<\/p>\n\n\n\n<h3 class=\"wp-block-heading\">Indicazioni su aspetti tecnici<\/h3>\n\n\n\n<p>Dinamica Complements S.L. non si assume nessuna responsabilit\u00e0 che possa derivare da problemi tecnici o errori dei sistemi informatici non imputabili alla nostra societ\u00e0 che possano prodursi per la connessione alla rete internet cos\u00ec come danni che possano essere causati da terzi attraverso interferenze illegittime che Dinamica Ballet non pu\u00f3 controllare.<\/p>\n\n\n\n<p>Dinamica Complements S.L garantisce la sicurezza e la riservatezza dei dati forniti. In questo modo siete impegnati all\u2019obbligo di riservatezza dei dati di carattere personale e all\u2019adozione delle misure necessarie per evitare la loro alterazione, perdita, trattamento o uso inappropriato. Per tanto tutte le informazioni sui nostri clienti nono sar\u00e0 ceduta a terzi.<\/p>\n\n\n\n<p>I clienti di Dinamica Ballet S.L. possono ad ogni modo esercitare i diritti di accesso, rettificazione, cancellazione e opposizione comunicandolo per iscritto al nostro indirizzo di posta elettronica:&nbsp;<a href=\"mailto:export@dinamicaballet.com\">export@dinamicaballet.com.<\/a><\/p>\n\n\n\n<h3 class=\"wp-block-heading\">Limitazione di responsabilit\u00e0<\/h3>\n\n\n\n<p>Praticare danza, ballo e attivit\u00e0 simili pu\u00f2 produrre lesioni. \u00c9 di responsabilit\u00e0 del cliente avere le capacit\u00e0 necessarie per il corretto utilizzo del materiale distribuito da Dinamica Ballet.<\/p>\n\n\n\n<h3 class=\"wp-block-heading\">Legislazione e giurisdizione<\/h3>\n\n\n\n<p>Le seguenti condizioni generali sono da interpretare conformemente alla legislazione vigente in Spagna in materia, che si applicher\u00e0 in subordine a tutto ci\u00f3 che non \u00e9 stato previsto in esse (Ley 34\/2002 del 11 Luglio dei Servizi dell\u2019Informazione e del Commercio elettronico). Gli utenti della nostra web sono coscienti di tutto ci\u00f3 che \u00e9 esposto e lo accettano volontariamente. Per qualsiasi commento o suggerimento possono inviarci una e-mail alla nostra posta elettronica.<\/p>\n\n\n\n<h3 class=\"wp-block-heading\">PROTEZIONE DEI DATI<\/h3>\n\n\n\n<p>Protezione dei dati personali: In conformit\u00e0 a ci\u00f3 che \u00e9 stabilito dalla Ley Org\u00e1nica 15\/1999, del 13 di Dicembre, sulla Protezione dei Dati di Carattere Personale, vi informiamo che tutti i dati personali forniti saranno archiviati automaticamente come dati di carattere personale in una cartella, creata e mantenuta sotto la responsabilit\u00e0 di Dinamica Ballet S.L. La finalit\u00e0 di questa cartella \u00e9 quella di facilitare la trasmissione degli ordini e, nel caso in cui voi ci abbiate autorizzato esplicitamente nella casella corrispondente, di inviarvi anche comunicazioni commerciali su prodotti e servizi che possano risultare di vostro interesse, tali dati saranno comunicati anche ad altre aziende del settore per questo fine. I clienti di Dinamica Ballet S.L. possono ad ogni modo esercitare i diritti di accesso, rettificazione, cancellazione e opposizione comunicandolo per iscritto al nostro indirizzo di posta elettronica: export@dinamicaballet.com<\/p>\n","protected":false},"excerpt":{"rendered":"<p>Dati identificativi L\u2019azienda titolare di www.dinamicaballet.com \u00e9 Dinamica Complements SL., con sede sociale a C.\/ Llull, 51-53 5\u00ba 3a&nbsp;&nbsp; a Barcellona, in Spagna, con C.I.F (ES) B63387237 Propriet\u00e0 intellettuale del sito web Tutti i diritti della propriet\u00e0 intellettuale del contenuto della pagina web, il disegno grafico, i codici di fonte, sono di titolarit\u00e0 esclusiva di &hellip;<\/p>\n","protected":false},"author":1,"featured_media":0,"parent":0,"menu_order":51,"comment_status":"closed","ping_status":"closed","template":"","meta":{"_editorskit_title_hidden":false,"_editorskit_reading_time":0,"_editorskit_is_block_options_detached":false,"_editorskit_block_options_position":"{}","inline_featured_image":false,"_kad_blocks_custom_css":"","_kad_blocks_head_custom_js":"","_kad_blocks_body_custom_js":"","_kad_blocks_footer_custom_js":"","footnotes":""},"class_list":["post-11229","page","type-page","status-publish","hentry","post","without-featured-image"],"yoast_head":"<!-- This site is optimized with the Yoast SEO plugin v27.4 - https:\/\/yoast.com\/product\/yoast-seo-wordpress\/ -->\n<title>Avviso Legale - Dinamica Ballet<\/title>\n<meta name=\"robots\" content=\"noindex, follow, max-snippet:-1, max-image-preview:large, max-video-preview:-1\" \/>\n<meta property=\"og:locale\" content=\"it_IT\" \/>\n<meta property=\"og:type\" content=\"article\" \/>\n<meta property=\"og:title\" content=\"Avviso Legale - Dinamica Ballet\" \/>\n<meta property=\"og:description\" content=\"Dati identificativi L\u2019azienda titolare di www.dinamicaballet.com \u00e9 Dinamica Complements SL., con sede sociale a C.\/ Llull, 51-53 5\u00ba 3a&nbsp;&nbsp; a Barcellona, in Spagna, con C.I.F (ES) B63387237 Propriet\u00e0 intellettuale del sito web Tutti i diritti della propriet\u00e0 intellettuale del contenuto della pagina web, il disegno grafico, i codici di fonte, sono di titolarit\u00e0 esclusiva di &hellip;\" \/>\n<meta property=\"og:url\" content=\"https:\/\/new.dinamicaballet.com\/it\/avviso-legale\/\" \/>\n<meta property=\"og:site_name\" content=\"Dinamica Ballet\" \/>\n<meta property=\"article:publisher\" content=\"https:\/\/www.facebook.com\/dinamicaballet\" \/>\n<meta property=\"article:modified_time\" content=\"2022-02-14T16:07:25+00:00\" \/>\n<meta name=\"twitter:card\" content=\"summary_large_image\" \/>\n<meta name=\"twitter:label1\" content=\"Tempo di lettura stimato\" \/>\n\t<meta name=\"twitter:data1\" content=\"3 minuti\" \/>\n<script type=\"application\/ld+json\" class=\"yoast-schema-graph\">{\"@context\":\"https:\\\/\\\/schema.org\",\"@graph\":[{\"@type\":\"WebPage\",\"@id\":\"https:\\\/\\\/new.dinamicaballet.com\\\/it\\\/avviso-legale\\\/\",\"url\":\"https:\\\/\\\/new.dinamicaballet.com\\\/it\\\/avviso-legale\\\/\",\"name\":\"Avviso Legale - Dinamica Ballet\",\"isPartOf\":{\"@id\":\"https:\\\/\\\/new.dinamicaballet.com\\\/it\\\/#website\"},\"datePublished\":\"2022-02-14T10:44:13+00:00\",\"dateModified\":\"2022-02-14T16:07:25+00:00\",\"inLanguage\":\"it-IT\",\"potentialAction\":[{\"@type\":\"ReadAction\",\"target\":[\"https:\\\/\\\/new.dinamicaballet.com\\\/it\\\/avviso-legale\\\/\"]}]},{\"@type\":\"WebSite\",\"@id\":\"https:\\\/\\\/new.dinamicaballet.com\\\/it\\\/#website\",\"url\":\"https:\\\/\\\/new.dinamicaballet.com\\\/it\\\/\",\"name\":\"Dinamica Ballet\",\"description\":\"Especialistas en barras de ballet y espejos para la danza\",\"publisher\":{\"@id\":\"https:\\\/\\\/new.dinamicaballet.com\\\/it\\\/#organization\"},\"potentialAction\":[{\"@type\":\"SearchAction\",\"target\":{\"@type\":\"EntryPoint\",\"urlTemplate\":\"https:\\\/\\\/new.dinamicaballet.com\\\/it\\\/?s={search_term_string}\"},\"query-input\":{\"@type\":\"PropertyValueSpecification\",\"valueRequired\":true,\"valueName\":\"search_term_string\"}}],\"inLanguage\":\"it-IT\"},{\"@type\":\"Organization\",\"@id\":\"https:\\\/\\\/new.dinamicaballet.com\\\/it\\\/#organization\",\"name\":\"Dinamica Ballet\",\"url\":\"https:\\\/\\\/new.dinamicaballet.com\\\/it\\\/\",\"logo\":{\"@type\":\"ImageObject\",\"inLanguage\":\"it-IT\",\"@id\":\"https:\\\/\\\/new.dinamicaballet.com\\\/it\\\/#\\\/schema\\\/logo\\\/image\\\/\",\"url\":\"https:\\\/\\\/new.dinamicaballet.com\\\/wp-content\\\/uploads\\\/2022\\\/03\\\/logo_dinamica_ballet.svg\",\"contentUrl\":\"https:\\\/\\\/new.dinamicaballet.com\\\/wp-content\\\/uploads\\\/2022\\\/03\\\/logo_dinamica_ballet.svg\",\"width\":284,\"height\":51,\"caption\":\"Dinamica Ballet\"},\"image\":{\"@id\":\"https:\\\/\\\/new.dinamicaballet.com\\\/it\\\/#\\\/schema\\\/logo\\\/image\\\/\"},\"sameAs\":[\"https:\\\/\\\/www.facebook.com\\\/dinamicaballet\",\"https:\\\/\\\/www.instagram.com\\\/dinamicaballet\\\/\",\"http:\\\/\\\/www.linkedin.com\\\/company\\\/dinamica-ballet\",\"https:\\\/\\\/www.pinterest.com\\\/DinamicaBallet\\\/\"]}]}<\/script>\n<!-- \/ Yoast SEO plugin. -->","yoast_head_json":{"title":"Avviso Legale - Dinamica Ballet","robots":{"index":"noindex","follow":"follow","max-snippet":"max-snippet:-1","max-image-preview":"max-image-preview:large","max-video-preview":"max-video-preview:-1"},"og_locale":"it_IT","og_type":"article","og_title":"Avviso Legale - Dinamica Ballet","og_description":"Dati identificativi L\u2019azienda titolare di www.dinamicaballet.com \u00e9 Dinamica Complements SL., con sede sociale a C.\/ Llull, 51-53 5\u00ba 3a&nbsp;&nbsp; a Barcellona, in Spagna, con C.I.F (ES) B63387237 Propriet\u00e0 intellettuale del sito web Tutti i diritti della propriet\u00e0 intellettuale del contenuto della pagina web, il disegno grafico, i codici di fonte, sono di titolarit\u00e0 esclusiva di &hellip;","og_url":"https:\/\/new.dinamicaballet.com\/it\/avviso-legale\/","og_site_name":"Dinamica Ballet","article_publisher":"https:\/\/www.facebook.com\/dinamicaballet","article_modified_time":"2022-02-14T16:07:25+00:00","twitter_card":"summary_large_image","twitter_misc":{"Tempo di lettura stimato":"3 minuti"},"schema":{"@context":"https:\/\/schema.org","@graph":[{"@type":"WebPage","@id":"https:\/\/new.dinamicaballet.com\/it\/avviso-legale\/","url":"https:\/\/new.dinamicaballet.com\/it\/avviso-legale\/","name":"Avviso Legale - Dinamica Ballet","isPartOf":{"@id":"https:\/\/new.dinamicaballet.com\/it\/#website"},"datePublished":"2022-02-14T10:44:13+00:00","dateModified":"2022-02-14T16:07:25+00:00","inLanguage":"it-IT","potentialAction":[{"@type":"ReadAction","target":["https:\/\/new.dinamicaballet.com\/it\/avviso-legale\/"]}]},{"@type":"WebSite","@id":"https:\/\/new.dinamicaballet.com\/it\/#website","url":"https:\/\/new.dinamicaballet.com\/it\/","name":"Dinamica Ballet","description":"Especialistas en barras de ballet y espejos para la danza","publisher":{"@id":"https:\/\/new.dinamicaballet.com\/it\/#organization"},"potentialAction":[{"@type":"SearchAction","target":{"@type":"EntryPoint","urlTemplate":"https:\/\/new.dinamicaballet.com\/it\/?s={search_term_string}"},"query-input":{"@type":"PropertyValueSpecification","valueRequired":true,"valueName":"search_term_string"}}],"inLanguage":"it-IT"},{"@type":"Organization","@id":"https:\/\/new.dinamicaballet.com\/it\/#organization","name":"Dinamica Ballet","url":"https:\/\/new.dinamicaballet.com\/it\/","logo":{"@type":"ImageObject","inLanguage":"it-IT","@id":"https:\/\/new.dinamicaballet.com\/it\/#\/schema\/logo\/image\/","url":"https:\/\/new.dinamicaballet.com\/wp-content\/uploads\/2022\/03\/logo_dinamica_ballet.svg","contentUrl":"https:\/\/new.dinamicaballet.com\/wp-content\/uploads\/2022\/03\/logo_dinamica_ballet.svg","width":284,"height":51,"caption":"Dinamica Ballet"},"image":{"@id":"https:\/\/new.dinamicaballet.com\/it\/#\/schema\/logo\/image\/"},"sameAs":["https:\/\/www.facebook.com\/dinamicaballet","https:\/\/www.instagram.com\/dinamicaballet\/","http:\/\/www.linkedin.com\/company\/dinamica-ballet","https:\/\/www.pinterest.com\/DinamicaBallet\/"]}]}},"taxonomy_info":[],"featured_image_src_large":false,"author_info":{"display_name":false,"author_link":"https:\/\/new.dinamicaballet.com\/it\/author\/ideadmin\/"},"comment_info":0,"featured_image_src":null,"featured_image_src_square":null,"_links":{"self":[{"href":"https:\/\/new.dinamicaballet.com\/it\/wp-json\/wp\/v2\/pages\/11229","targetHints":{"allow":["GET"]}}],"collection":[{"href":"https:\/\/new.dinamicaballet.com\/it\/wp-json\/wp\/v2\/pages"}],"about":[{"href":"https:\/\/new.dinamicaballet.com\/it\/wp-json\/wp\/v2\/types\/page"}],"author":[{"embeddable":true,"href":"https:\/\/new.dinamicaballet.com\/it\/wp-json\/wp\/v2\/users\/1"}],"replies":[{"embeddable":true,"href":"https:\/\/new.dinamicaballet.com\/it\/wp-json\/wp\/v2\/comments?post=11229"}],"version-history":[{"count":2,"href":"https:\/\/new.dinamicaballet.com\/it\/wp-json\/wp\/v2\/pages\/11229\/revisions"}],"predecessor-version":[{"id":11313,"href":"https:\/\/new.dinamicaballet.com\/it\/wp-json\/wp\/v2\/pages\/11229\/revisions\/11313"}],"wp:attachment":[{"href":"https:\/\/new.dinamicaballet.com\/it\/wp-json\/wp\/v2\/media?parent=11229"}],"curies":[{"name":"wp","href":"https:\/\/api.w.org\/{rel}","templated":true}]}}