{"id":98772,"date":"2024-06-19T15:07:52","date_gmt":"2024-06-19T14:07:52","guid":{"rendered":"https:\/\/www.dinamicaballet.com\/?post_type=product&#038;p=98772"},"modified":"2024-07-01T12:35:20","modified_gmt":"2024-07-01T11:35:20","slug":"pack-barre-de-danse-prima-de-1-5m-avec-tapis-de-danse-ondine","status":"publish","type":"product","link":"https:\/\/new.dinamicaballet.com\/fr\/producto\/pack-barre-de-danse-prima-de-1-5m-avec-tapis-de-danse-ondine\/","title":{"rendered":"Pack barre de danse pour d\u00e9butants Prima de 1.5m avec tapis de danse Ondine"},"content":{"rendered":"<h3><strong>Prima, la barre mobile pour s\u2019entra\u00eener chez soi<\/strong><\/h3>\n<p>La Prima est une barre id\u00e9ale pour les d\u00e9butants qui veulent progresser. Les socles en acier, de 6 kilos chacun, sont \u00e9quip\u00e9s de patins en PVC pour prot\u00e9ger le sol et apportent la stabilit\u00e9 suffisante pour r\u00e9aliser avec pr\u00e9cision l\u2019\u00e9chauffement et les exercices. Avec un poids total de 16 kg, la Prima est notre barre mobile la plus l\u00e9g\u00e8re. Vous pouvez la ranger lorsque vous terminez votre entra\u00eenement ou la laisser en place car, gr\u00e2ce son design \u00e9l\u00e9gant, elle peut se fondre dans la d\u00e9coration.<\/p>\n<h3><strong>Design minimaliste et mat\u00e9riaux professionnels<\/strong><\/h3>\n<p>La Prima est fabriqu\u00e9e avec les m\u00eames mat\u00e9riaux que ceux que nous utilisons pour nos barres professionnelles. Les socles et les poteaux sont en acier avec une finition en \u00e9poxy de couleur argent pour une meilleure protection contre les chocs et les rayures. La barre en bois de pin jaune, viss\u00e9e directement sur les supports, offre une sensation agr\u00e9able au toucher et une excellente prise en main. La Prima est la barre mobile la plus abordable de notre collection mais nous vous garantissons que sa qualit\u00e9 vous impressionnera et qu\u2019elle vous accompagnera de nombreuses ann\u00e9es.<\/p>\n<h3><strong>Livraison chez vous et installation en moins de 5 minutes<\/strong><\/h3>\n<p>La Prima est notre barre la plus populaire. Si vous souhaitez la recevoir directement chez vous, il vous suffit de l\u2019acheter sur notre boutique en ligne. Elle est livr\u00e9e avec un tournevis et une cl\u00e9 Allen qui vous permettent de l\u2019installer et de l\u2019utiliser en un temps record.<\/p>\n<h3><strong>Ondine, deux tapis en un pour satisfaire les danseuses les plus exigeantes<\/strong><\/h3>\n<p>C\u2019est un tapis r\u00e9versible gris d\u2019un c\u00f4t\u00e9 et noir de l\u2019autre. D\u00e9roulez-le et utilisez-le des deux c\u00f4t\u00e9s afin de minimiser son usure et de l\u2019assortir aux couleurs de votre espace. Avec sa douceur, son amorti et son adh\u00e9rence, il est parfait pour r\u00e9aliser des exercices de n\u2019importe quelle discipline, avec ou sans barre de danse. Les deux couches de PVC antid\u00e9rapant adh\u00e8rent \u00e0 tous les types de sols. Si vous voulez une fixation totale, vous pouvez utiliser un ruban adh\u00e9sif simple face.<\/p>\n<p>Poids tapis Ondine:<\/p>\n<ul>\n<li>2m x 1m: 4,2 kg<\/li>\n<li>2m x 1,5m: 6,3 kg<\/li>\n<li>2m x 2m: 8,4 kg<\/li>\n<\/ul>\n<a href=\"https:\/\/dinamicaballet.com\/wp-content\/uploads\/2021\/05\/FT-PRIMA-0521-2.pdf\" class=\"su-button su-button-style-default\" style=\"color:#006B7C;background-color:#FFF2D5;border-color:#ccc2ab;border-radius:5px\" target=\"_blank\" rel=\"noopener noreferrer\"><span style=\"color:#006B7C;padding:0px 16px;font-size:13px;line-height:26px;border-color:#fff6e2;border-radius:5px;text-shadow:none\"> T\u00e9l\u00e9chargez la fiche technique de la Prima<\/span><\/a> <a href=\"https:\/\/dinamicaballet.com\/wp-content\/uploads\/2021\/05\/FT-PRIMA-0521-2.pdf\" class=\"su-button su-button-style-default\" style=\"color:#006B7C;background-color:#FFF2D5;border-color:#ccc2ab;border-radius:5px\" target=\"_blank\" rel=\"noopener noreferrer\"><span style=\"color:#006B7C;padding:0px 16px;font-size:13px;line-height:26px;border-color:#fff6e2;border-radius:5px;text-shadow:none\"> T\u00e9l\u00e9chargez la notice de montage de la Juliette <\/span><\/a>\n","protected":false},"excerpt":{"rendered":"<p>La <strong>barre Prima<\/strong> est con\u00e7ue pour que tout le monde puisse s\u2019entra\u00eener chez soi et convient aussi bien aux enfants qu\u2019aux adultes. C\u2019est une barre l\u00e9g\u00e8re que vous pouvez d\u00e9placer facilement d\u2019une pi\u00e8ce \u00e0 une autre et suffisamment stable pour que vous puissiez pratiquer sereinement vos fondus.<\/p>\n<p><strong>Le tapis de danse Ondine<\/strong> vous offre un amorti et une stabilit\u00e9 parfaite pour pratiquer vos exercices. Il s\u2019agit d\u2019un tapis r\u00e9versible compos\u00e9 de deux couches de PVC souples et antid\u00e9rapantes qui vous permet d\u2019\u00eatre en toute confiance lorsque vous effectuez des mouvements avec des tours. Vous pouvez l\u2019utiliser pour vous entra\u00eener chez vous ou l\u2019emporter pour des r\u00e9p\u00e9titions et des tourn\u00e9es, quelle que soit votre sp\u00e9cialit\u00e9. De la danse classique au hip hop, en passant par la danse contemporaine, le modern jazz ou m\u00eame les danses comme le flamenco ou les claquettes, le tapis deviendra votre meilleur alli\u00e9 lors de vos r\u00e9p\u00e9titions<\/p>\n<p><strong>Le pack comprend u<\/strong><strong>ne barre de danse Prima de 1.5m et u<\/strong><strong>n tapis r\u00e9versible Ondine de 2m x 1m, 2m x 1.5m ou 2m x 1,95m<\/strong><\/p>\n<p><strong>LIVRAISON ET TVA INCLUSES<\/strong><\/p>\n","protected":false},"featured_media":96215,"template":"","meta":{"_editorskit_title_hidden":false,"_editorskit_reading_time":0,"_editorskit_is_block_options_detached":false,"_editorskit_block_options_position":"{}","inline_featured_image":false,"_kad_blocks_custom_css":"","_kad_blocks_head_custom_js":"","_kad_blocks_body_custom_js":"","_kad_blocks_footer_custom_js":""},"product_brand":[],"product_cat":[328,211,214,263,262],"product_tag":[264],"class_list":{"0":"post-98772","1":"product","2":"type-product","3":"status-publish","4":"has-post-thumbnail","6":"product_cat-accessoires-de-danse","7":"product_cat-barres-de-danse-classique-mobiles","8":"product_cat-barres-de-ballet-ajustable-en-hauteur","9":"product_cat-collection-home","10":"product_cat-une-barre","11":"product_tag-movil-fr","12":"post","13":"with-featured-image","15":"first","16":"instock","17":"taxable","18":"shipping-taxable","19":"purchasable","20":"product-type-variable","21":"has-default-attributes"},"yoast_head":"<!-- This site is optimized with the Yoast SEO plugin v27.4 - https:\/\/yoast.com\/product\/yoast-seo-wordpress\/ -->\n<title>Pack barre de danse pour d\u00e9butants avec tapis de danse Ondine<\/title>\n<meta name=\"description\" content=\"La barra de danse Prima est une barre l\u00e9g\u00e8re que vous pouvez d\u00e9placer facilement. Le tapis de danse vous offre une stabilit\u00e9 parfaite pour pratiquer\" \/>\n<meta name=\"robots\" content=\"noindex, follow, max-snippet:-1, max-image-preview:large, max-video-preview:-1\" \/>\n<meta property=\"og:locale\" content=\"fr_FR\" \/>\n<meta property=\"og:type\" content=\"article\" \/>\n<meta property=\"og:title\" content=\"Pack barre de danse pour d\u00e9butants avec tapis de danse Ondine\" \/>\n<meta property=\"og:description\" content=\"La barra de danse Prima est une barre l\u00e9g\u00e8re que vous pouvez d\u00e9placer facilement. Le tapis de danse vous offre une stabilit\u00e9 parfaite pour pratiquer\" \/>\n<meta property=\"og:url\" content=\"https:\/\/new.dinamicaballet.com\/fr\/producto\/pack-barre-de-danse-prima-de-1-5m-avec-tapis-de-danse-ondine\/\" \/>\n<meta property=\"og:site_name\" content=\"Dinamica Ballet\" \/>\n<meta property=\"article:publisher\" content=\"https:\/\/www.facebook.com\/dinamicaballet\" \/>\n<meta property=\"article:modified_time\" content=\"2024-07-01T11:35:20+00:00\" \/>\n<meta property=\"og:image\" content=\"https:\/\/new.dinamicaballet.com\/wp-content\/uploads\/2024\/01\/Pack-Prima-Ondine.png\" \/>\n\t<meta property=\"og:image:width\" content=\"600\" \/>\n\t<meta property=\"og:image:height\" content=\"800\" \/>\n\t<meta property=\"og:image:type\" content=\"image\/png\" \/>\n<meta name=\"twitter:card\" content=\"summary_large_image\" \/>\n<meta name=\"twitter:label1\" content=\"Dur\u00e9e de lecture estim\u00e9e\" \/>\n\t<meta name=\"twitter:data1\" content=\"2 minutes\" \/>\n<script type=\"application\/ld+json\" class=\"yoast-schema-graph\">{\"@context\":\"https:\\\/\\\/schema.org\",\"@graph\":[{\"@type\":\"WebPage\",\"@id\":\"https:\\\/\\\/new.dinamicaballet.com\\\/fr\\\/producto\\\/pack-barre-de-danse-prima-de-1-5m-avec-tapis-de-danse-ondine\\\/\",\"url\":\"https:\\\/\\\/new.dinamicaballet.com\\\/fr\\\/producto\\\/pack-barre-de-danse-prima-de-1-5m-avec-tapis-de-danse-ondine\\\/\",\"name\":\"Pack barre de danse pour d\u00e9butants avec tapis de danse Ondine\",\"isPartOf\":{\"@id\":\"https:\\\/\\\/new.dinamicaballet.com\\\/fr\\\/#website\"},\"primaryImageOfPage\":{\"@id\":\"https:\\\/\\\/new.dinamicaballet.com\\\/fr\\\/producto\\\/pack-barre-de-danse-prima-de-1-5m-avec-tapis-de-danse-ondine\\\/#primaryimage\"},\"image\":{\"@id\":\"https:\\\/\\\/new.dinamicaballet.com\\\/fr\\\/producto\\\/pack-barre-de-danse-prima-de-1-5m-avec-tapis-de-danse-ondine\\\/#primaryimage\"},\"thumbnailUrl\":\"https:\\\/\\\/new.dinamicaballet.com\\\/wp-content\\\/uploads\\\/2024\\\/01\\\/Pack-Prima-Ondine.png\",\"datePublished\":\"2024-06-19T14:07:52+00:00\",\"dateModified\":\"2024-07-01T11:35:20+00:00\",\"description\":\"La barra de danse Prima est une barre l\u00e9g\u00e8re que vous pouvez d\u00e9placer facilement. Le tapis de danse vous offre une stabilit\u00e9 parfaite pour pratiquer\",\"inLanguage\":\"fr-FR\",\"potentialAction\":[{\"@type\":\"ReadAction\",\"target\":[\"https:\\\/\\\/new.dinamicaballet.com\\\/fr\\\/producto\\\/pack-barre-de-danse-prima-de-1-5m-avec-tapis-de-danse-ondine\\\/\"]}]},{\"@type\":\"ImageObject\",\"inLanguage\":\"fr-FR\",\"@id\":\"https:\\\/\\\/new.dinamicaballet.com\\\/fr\\\/producto\\\/pack-barre-de-danse-prima-de-1-5m-avec-tapis-de-danse-ondine\\\/#primaryimage\",\"url\":\"https:\\\/\\\/new.dinamicaballet.com\\\/wp-content\\\/uploads\\\/2024\\\/01\\\/Pack-Prima-Ondine.png\",\"contentUrl\":\"https:\\\/\\\/new.dinamicaballet.com\\\/wp-content\\\/uploads\\\/2024\\\/01\\\/Pack-Prima-Ondine.png\",\"width\":600,\"height\":800},{\"@type\":\"WebSite\",\"@id\":\"https:\\\/\\\/new.dinamicaballet.com\\\/fr\\\/#website\",\"url\":\"https:\\\/\\\/new.dinamicaballet.com\\\/fr\\\/\",\"name\":\"Dinamica Ballet\",\"description\":\"Especialistas en barras de ballet y espejos para la danza\",\"publisher\":{\"@id\":\"https:\\\/\\\/new.dinamicaballet.com\\\/fr\\\/#organization\"},\"potentialAction\":[{\"@type\":\"SearchAction\",\"target\":{\"@type\":\"EntryPoint\",\"urlTemplate\":\"https:\\\/\\\/new.dinamicaballet.com\\\/fr\\\/?s={search_term_string}\"},\"query-input\":{\"@type\":\"PropertyValueSpecification\",\"valueRequired\":true,\"valueName\":\"search_term_string\"}}],\"inLanguage\":\"fr-FR\"},{\"@type\":\"Organization\",\"@id\":\"https:\\\/\\\/new.dinamicaballet.com\\\/fr\\\/#organization\",\"name\":\"Dinamica Ballet\",\"url\":\"https:\\\/\\\/new.dinamicaballet.com\\\/fr\\\/\",\"logo\":{\"@type\":\"ImageObject\",\"inLanguage\":\"fr-FR\",\"@id\":\"https:\\\/\\\/new.dinamicaballet.com\\\/fr\\\/#\\\/schema\\\/logo\\\/image\\\/\",\"url\":\"https:\\\/\\\/new.dinamicaballet.com\\\/wp-content\\\/uploads\\\/2022\\\/03\\\/logo_dinamica_ballet.svg\",\"contentUrl\":\"https:\\\/\\\/new.dinamicaballet.com\\\/wp-content\\\/uploads\\\/2022\\\/03\\\/logo_dinamica_ballet.svg\",\"width\":284,\"height\":51,\"caption\":\"Dinamica Ballet\"},\"image\":{\"@id\":\"https:\\\/\\\/new.dinamicaballet.com\\\/fr\\\/#\\\/schema\\\/logo\\\/image\\\/\"},\"sameAs\":[\"https:\\\/\\\/www.facebook.com\\\/dinamicaballet\",\"https:\\\/\\\/www.instagram.com\\\/dinamicaballet\\\/\",\"http:\\\/\\\/www.linkedin.com\\\/company\\\/dinamica-ballet\",\"https:\\\/\\\/www.pinterest.com\\\/DinamicaBallet\\\/\"]}]}<\/script>\n<!-- \/ Yoast SEO plugin. -->","yoast_head_json":{"title":"Pack barre de danse pour d\u00e9butants avec tapis de danse Ondine","description":"La barra de danse Prima est une barre l\u00e9g\u00e8re que vous pouvez d\u00e9placer facilement. Le tapis de danse vous offre une stabilit\u00e9 parfaite pour pratiquer","robots":{"index":"noindex","follow":"follow","max-snippet":"max-snippet:-1","max-image-preview":"max-image-preview:large","max-video-preview":"max-video-preview:-1"},"og_locale":"fr_FR","og_type":"article","og_title":"Pack barre de danse pour d\u00e9butants avec tapis de danse Ondine","og_description":"La barra de danse Prima est une barre l\u00e9g\u00e8re que vous pouvez d\u00e9placer facilement. Le tapis de danse vous offre une stabilit\u00e9 parfaite pour pratiquer","og_url":"https:\/\/new.dinamicaballet.com\/fr\/producto\/pack-barre-de-danse-prima-de-1-5m-avec-tapis-de-danse-ondine\/","og_site_name":"Dinamica Ballet","article_publisher":"https:\/\/www.facebook.com\/dinamicaballet","article_modified_time":"2024-07-01T11:35:20+00:00","og_image":[{"width":600,"height":800,"url":"https:\/\/new.dinamicaballet.com\/wp-content\/uploads\/2024\/01\/Pack-Prima-Ondine.png","type":"image\/png"}],"twitter_card":"summary_large_image","twitter_misc":{"Dur\u00e9e de lecture estim\u00e9e":"2 minutes"},"schema":{"@context":"https:\/\/schema.org","@graph":[{"@type":"WebPage","@id":"https:\/\/new.dinamicaballet.com\/fr\/producto\/pack-barre-de-danse-prima-de-1-5m-avec-tapis-de-danse-ondine\/","url":"https:\/\/new.dinamicaballet.com\/fr\/producto\/pack-barre-de-danse-prima-de-1-5m-avec-tapis-de-danse-ondine\/","name":"Pack barre de danse pour d\u00e9butants avec tapis de danse Ondine","isPartOf":{"@id":"https:\/\/new.dinamicaballet.com\/fr\/#website"},"primaryImageOfPage":{"@id":"https:\/\/new.dinamicaballet.com\/fr\/producto\/pack-barre-de-danse-prima-de-1-5m-avec-tapis-de-danse-ondine\/#primaryimage"},"image":{"@id":"https:\/\/new.dinamicaballet.com\/fr\/producto\/pack-barre-de-danse-prima-de-1-5m-avec-tapis-de-danse-ondine\/#primaryimage"},"thumbnailUrl":"https:\/\/new.dinamicaballet.com\/wp-content\/uploads\/2024\/01\/Pack-Prima-Ondine.png","datePublished":"2024-06-19T14:07:52+00:00","dateModified":"2024-07-01T11:35:20+00:00","description":"La barra de danse Prima est une barre l\u00e9g\u00e8re que vous pouvez d\u00e9placer facilement. Le tapis de danse vous offre une stabilit\u00e9 parfaite pour pratiquer","inLanguage":"fr-FR","potentialAction":[{"@type":"ReadAction","target":["https:\/\/new.dinamicaballet.com\/fr\/producto\/pack-barre-de-danse-prima-de-1-5m-avec-tapis-de-danse-ondine\/"]}]},{"@type":"ImageObject","inLanguage":"fr-FR","@id":"https:\/\/new.dinamicaballet.com\/fr\/producto\/pack-barre-de-danse-prima-de-1-5m-avec-tapis-de-danse-ondine\/#primaryimage","url":"https:\/\/new.dinamicaballet.com\/wp-content\/uploads\/2024\/01\/Pack-Prima-Ondine.png","contentUrl":"https:\/\/new.dinamicaballet.com\/wp-content\/uploads\/2024\/01\/Pack-Prima-Ondine.png","width":600,"height":800},{"@type":"WebSite","@id":"https:\/\/new.dinamicaballet.com\/fr\/#website","url":"https:\/\/new.dinamicaballet.com\/fr\/","name":"Dinamica Ballet","description":"Especialistas en barras de ballet y espejos para la danza","publisher":{"@id":"https:\/\/new.dinamicaballet.com\/fr\/#organization"},"potentialAction":[{"@type":"SearchAction","target":{"@type":"EntryPoint","urlTemplate":"https:\/\/new.dinamicaballet.com\/fr\/?s={search_term_string}"},"query-input":{"@type":"PropertyValueSpecification","valueRequired":true,"valueName":"search_term_string"}}],"inLanguage":"fr-FR"},{"@type":"Organization","@id":"https:\/\/new.dinamicaballet.com\/fr\/#organization","name":"Dinamica Ballet","url":"https:\/\/new.dinamicaballet.com\/fr\/","logo":{"@type":"ImageObject","inLanguage":"fr-FR","@id":"https:\/\/new.dinamicaballet.com\/fr\/#\/schema\/logo\/image\/","url":"https:\/\/new.dinamicaballet.com\/wp-content\/uploads\/2022\/03\/logo_dinamica_ballet.svg","contentUrl":"https:\/\/new.dinamicaballet.com\/wp-content\/uploads\/2022\/03\/logo_dinamica_ballet.svg","width":284,"height":51,"caption":"Dinamica Ballet"},"image":{"@id":"https:\/\/new.dinamicaballet.com\/fr\/#\/schema\/logo\/image\/"},"sameAs":["https:\/\/www.facebook.com\/dinamicaballet","https:\/\/www.instagram.com\/dinamicaballet\/","http:\/\/www.linkedin.com\/company\/dinamica-ballet","https:\/\/www.pinterest.com\/DinamicaBallet\/"]}]}},"taxonomy_info":{"product_cat":[{"value":328,"label":"Accessoires de danse"},{"value":211,"label":"Barres mobiles"},{"value":214,"label":"Barres r\u00e9glables"},{"value":263,"label":"Collection Home"},{"value":262,"label":"Une barre"}],"product_tag":[{"value":264,"label":"movil"}]},"featured_image_src_large":["https:\/\/new.dinamicaballet.com\/wp-content\/uploads\/2024\/01\/Pack-Prima-Ondine.png",600,800,false],"author_info":[],"comment_info":"","_links":{"self":[{"href":"https:\/\/new.dinamicaballet.com\/fr\/wp-json\/wp\/v2\/product\/98772","targetHints":{"allow":["GET"]}}],"collection":[{"href":"https:\/\/new.dinamicaballet.com\/fr\/wp-json\/wp\/v2\/product"}],"about":[{"href":"https:\/\/new.dinamicaballet.com\/fr\/wp-json\/wp\/v2\/types\/product"}],"wp:featuredmedia":[{"embeddable":true,"href":"https:\/\/new.dinamicaballet.com\/fr\/wp-json\/wp\/v2\/media\/96215"}],"wp:attachment":[{"href":"https:\/\/new.dinamicaballet.com\/fr\/wp-json\/wp\/v2\/media?parent=98772"}],"wp:term":[{"taxonomy":"product_brand","embeddable":true,"href":"https:\/\/new.dinamicaballet.com\/fr\/wp-json\/wp\/v2\/product_brand?post=98772"},{"taxonomy":"product_cat","embeddable":true,"href":"https:\/\/new.dinamicaballet.com\/fr\/wp-json\/wp\/v2\/product_cat?post=98772"},{"taxonomy":"product_tag","embeddable":true,"href":"https:\/\/new.dinamicaballet.com\/fr\/wp-json\/wp\/v2\/product_tag?post=98772"}],"curies":[{"name":"wp","href":"https:\/\/api.w.org\/{rel}","templated":true}]}}