{"id":94204,"date":"2024-01-15T13:29:06","date_gmt":"2024-01-15T12:29:06","guid":{"rendered":"https:\/\/www.dinamicaballet.com\/?post_type=product&#038;p=94204"},"modified":"2024-02-01T13:45:50","modified_gmt":"2024-02-01T12:45:50","slug":"pack-barre-de-danse-juliette-avec-tapis-ondine","status":"publish","type":"product","link":"https:\/\/new.dinamicaballet.com\/fr\/producto\/pack-barre-de-danse-juliette-avec-tapis-ondine\/","title":{"rendered":"Pack barre de danse r\u00e9glable Juliette de 1.5m avec tapis de danse de 2m x 1.5m"},"content":{"rendered":"<h3><strong>Juliette, la barre con\u00e7ue pour toute la famille<\/strong><\/h3>\n<p>La barre de danse Juliette se r\u00e8gle facilement et rapidement sur 12 positions diff\u00e9rentes, avec une diff\u00e9rence de 33 centim\u00e8tres entre la hauteur maximum et la hauteur minimum. Con\u00e7ue pour les d\u00e9butants en danse classique, elle s&rsquo;adapte parfaitement aux petits comme aux grands. Ses socles en acier de 6 kg chacun offrent suffisamment de stabilit\u00e9 pour pouvoir effectuer des exercices simples en toute s\u00e9curit\u00e9 et sont \u00e9quip\u00e9s de patins en PVC qui am\u00e9liorent l&rsquo;adh\u00e9rence \u00e9vitent les marques sur le sol.<\/p>\n<h3><strong>La sensation naturelle, d\u00e9licate et agr\u00e9able du bois de pin jaune<\/strong><\/h3>\n<p>Chez Dinamica Ballet, nous travaillons uniquement avec les bois les plus adapt\u00e9s \u00e0 la pratique de la danse classique. La Juliette utilise une barre en pin jaune issu de for\u00eats certifi\u00e9es pour leur gestion durable. Le bois est un mat\u00e9riau vivant qui offre une grande r\u00e9sistance \u00e0 la pression, une l\u00e9g\u00e8re flexibilit\u00e9 et une prise en main parfaite.<\/p>\n<h3><strong>La Juliette s&rsquo;installe en un temps record<\/strong><\/h3>\n<p>Lorsque nous concevons nos produits, nous \u00e9tudions comment utiliser le moins de pi\u00e8ces possible avec deux objectifs en t\u00eate : maximiser la durabilit\u00e9 de nos produits et garantir une installation facile et rapide. En suivant nos instructions, vous pourrez monter la barre Juliette en quelques minutes avec, pour seuls outils, un tournevis et la cl\u00e9 Allen que nous fournissons. Vous pouvez acheter la Juliette sur notre boutique en ligne et nous la livrons chez vous.<\/p>\n<h3><strong>Ondine, deux tapis en un pour satisfaire les danseuses les plus exigeantes<\/strong><\/h3>\n<p>C\u2019est un tapis r\u00e9versible gris d\u2019un c\u00f4t\u00e9 et noir de l\u2019autre. D\u00e9roulez-le et utilisez-le des deux c\u00f4t\u00e9s afin de minimiser son usure et de l\u2019assortir aux couleurs de votre espace. Avec sa douceur, son amorti et son adh\u00e9rence, il est parfait pour r\u00e9aliser des exercices de n\u2019importe quelle discipline, avec ou sans barre de danse. Les deux couches de PVC antid\u00e9rapant adh\u00e8rent \u00e0 tous les types de sols. Si vous voulez une fixation totale, vous pouvez utiliser un ruban adh\u00e9sif simple face.<\/p>\n<p><strong>Poids tapis<\/strong>: 6,3 kg<\/p>\n<a href=\"https:\/\/new.dinamicaballet.com\/wp-content\/uploads\/2021\/05\/FT-JULIETTE-0521-2.pdf\" class=\"su-button su-button-style-default\" style=\"color:#006B7C;background-color:#FFF2D5;border-color:#ccc2ab;border-radius:5px\" target=\"_blank\" rel=\"noopener noreferrer\"><span style=\"color:#006B7C;padding:0px 16px;font-size:13px;line-height:26px;border-color:#fff6e2;border-radius:5px;text-shadow:none\"> T\u00e9l\u00e9chargez la fiche technique de la Juliette<\/span><\/a> <a href=\"https:\/\/new.dinamicaballet.com\/wp-content\/uploads\/2021\/03\/Instruccions-Juliette-1.pdf\" class=\"su-button su-button-style-default\" style=\"color:#006B7C;background-color:#FFF2D5;border-color:#ccc2ab;border-radius:5px\" target=\"_blank\" rel=\"noopener noreferrer\"><span style=\"color:#006B7C;padding:0px 16px;font-size:13px;line-height:26px;border-color:#fff6e2;border-radius:5px;text-shadow:none\"> T\u00e9l\u00e9chargez la notice de montage de la Juliette <\/span><\/a>\n","protected":false},"excerpt":{"rendered":"<p>La <strong>Juliette est une barre de danse \u00e0 hauteur r\u00e9glable<\/strong> con\u00e7ue pour que vous puissiez vous entra\u00eener chez vous. Il s&rsquo;agit d&rsquo;une barre l\u00e9g\u00e8re qui est facile \u00e0 transporter mais offre une grande stabilit\u00e9 afin de vous \u00e9chauffer en toute s\u00e9r\u00e9nit\u00e9. Le mod\u00e8le Juliette est r\u00e9glable sur 12 hauteurs diff\u00e9rentes et s&rsquo;adapte donc facilement aux enfants et aux adultes de toute taille.<\/p>\n<p><strong>Le tapis de danse Ondine<\/strong> vous offre un amorti et une stabilit\u00e9 parfaite pour pratiquer vos exercices. Il s\u2019agit d\u2019un tapis r\u00e9versible compos\u00e9 de deux couches de PVC souples et antid\u00e9rapantes qui vous permet d\u2019\u00eatre en toute confiance lorsque vous effectuez des mouvements avec des tours. Vous pouvez l\u2019utiliser pour vous entra\u00eener chez vous ou l\u2019emporter pour des r\u00e9p\u00e9titions et des tourn\u00e9es, quelle que soit votre sp\u00e9cialit\u00e9. De la danse classique au hip hop, en passant par la danse contemporaine, le modern jazz ou m\u00eame les danses comme le flamenco ou les claquettes, le tapis deviendra votre meilleur alli\u00e9 lors de vos r\u00e9p\u00e9titions<\/p>\n<p><strong>Le pack comprend :<\/strong><\/p>\n<ul>\n<li><strong>\u00a0Un barre danse Juliette de 1.5m<\/strong><\/li>\n<li><strong>Un tapis r\u00e9versible Ondine de 2m x 1.5m<\/strong><\/li>\n<\/ul>\n<p><strong>LIVRAISON ET TVA INCLUSES<\/strong><\/p>\n","protected":false},"featured_media":94219,"template":"","meta":{"_editorskit_title_hidden":false,"_editorskit_reading_time":0,"_editorskit_is_block_options_detached":false,"_editorskit_block_options_position":"{}","inline_featured_image":false,"_kad_blocks_custom_css":"","_kad_blocks_head_custom_js":"","_kad_blocks_body_custom_js":"","_kad_blocks_footer_custom_js":""},"product_brand":[],"product_cat":[328,211,214,263,262],"product_tag":[264],"class_list":{"0":"post-94204","1":"product","2":"type-product","3":"status-publish","4":"has-post-thumbnail","6":"product_cat-accessoires-de-danse","7":"product_cat-barres-de-danse-classique-mobiles","8":"product_cat-barres-de-ballet-ajustable-en-hauteur","9":"product_cat-collection-home","10":"product_cat-une-barre","11":"product_tag-movil-fr","12":"post","13":"with-featured-image","15":"first","16":"instock","17":"taxable","18":"shipping-taxable","19":"purchasable","20":"product-type-simple"},"yoast_head":"<!-- This site is optimized with the Yoast SEO plugin v27.4 - https:\/\/yoast.com\/product\/yoast-seo-wordpress\/ -->\n<title>Pack barre de danse r\u00e9glable Juliette avec tapis de danse Ondine<\/title>\n<meta name=\"description\" content=\"La barra de danse Juliette est r\u00e9glable sur 12 hauteurs diff\u00e9rentes. Le tapis de danse Ondine vous offre une stabilit\u00e9 parfaite pour pratiquer vos exercice.\" \/>\n<meta name=\"robots\" content=\"noindex, follow, max-snippet:-1, max-image-preview:large, max-video-preview:-1\" \/>\n<meta property=\"og:locale\" content=\"fr_FR\" \/>\n<meta property=\"og:type\" content=\"article\" \/>\n<meta property=\"og:title\" content=\"Pack barre de danse r\u00e9glable Juliette avec tapis de danse Ondine\" \/>\n<meta property=\"og:description\" content=\"La barra de danse Juliette est r\u00e9glable sur 12 hauteurs diff\u00e9rentes. Le tapis de danse Ondine vous offre une stabilit\u00e9 parfaite pour pratiquer vos exercice.\" \/>\n<meta property=\"og:url\" content=\"https:\/\/new.dinamicaballet.com\/fr\/producto\/pack-barre-de-danse-juliette-avec-tapis-ondine\/\" \/>\n<meta property=\"og:site_name\" content=\"Dinamica Ballet\" \/>\n<meta property=\"article:publisher\" content=\"https:\/\/www.facebook.com\/dinamicaballet\" \/>\n<meta property=\"article:modified_time\" content=\"2024-02-01T12:45:50+00:00\" \/>\n<meta property=\"og:image\" content=\"https:\/\/new.dinamicaballet.com\/wp-content\/uploads\/2024\/01\/1.png\" \/>\n\t<meta property=\"og:image:width\" content=\"600\" \/>\n\t<meta property=\"og:image:height\" content=\"800\" \/>\n\t<meta property=\"og:image:type\" content=\"image\/png\" \/>\n<meta name=\"twitter:card\" content=\"summary_large_image\" \/>\n<meta name=\"twitter:label1\" content=\"Dur\u00e9e de lecture estim\u00e9e\" \/>\n\t<meta name=\"twitter:data1\" content=\"2 minutes\" \/>\n<script type=\"application\/ld+json\" class=\"yoast-schema-graph\">{\"@context\":\"https:\\\/\\\/schema.org\",\"@graph\":[{\"@type\":\"WebPage\",\"@id\":\"https:\\\/\\\/new.dinamicaballet.com\\\/fr\\\/producto\\\/pack-barre-de-danse-juliette-avec-tapis-ondine\\\/\",\"url\":\"https:\\\/\\\/new.dinamicaballet.com\\\/fr\\\/producto\\\/pack-barre-de-danse-juliette-avec-tapis-ondine\\\/\",\"name\":\"Pack barre de danse r\u00e9glable Juliette avec tapis de danse Ondine\",\"isPartOf\":{\"@id\":\"https:\\\/\\\/new.dinamicaballet.com\\\/fr\\\/#website\"},\"primaryImageOfPage\":{\"@id\":\"https:\\\/\\\/new.dinamicaballet.com\\\/fr\\\/producto\\\/pack-barre-de-danse-juliette-avec-tapis-ondine\\\/#primaryimage\"},\"image\":{\"@id\":\"https:\\\/\\\/new.dinamicaballet.com\\\/fr\\\/producto\\\/pack-barre-de-danse-juliette-avec-tapis-ondine\\\/#primaryimage\"},\"thumbnailUrl\":\"https:\\\/\\\/new.dinamicaballet.com\\\/wp-content\\\/uploads\\\/2024\\\/01\\\/1.png\",\"datePublished\":\"2024-01-15T12:29:06+00:00\",\"dateModified\":\"2024-02-01T12:45:50+00:00\",\"description\":\"La barra de danse Juliette est r\u00e9glable sur 12 hauteurs diff\u00e9rentes. Le tapis de danse Ondine vous offre une stabilit\u00e9 parfaite pour pratiquer vos exercice.\",\"inLanguage\":\"fr-FR\",\"potentialAction\":[{\"@type\":\"ReadAction\",\"target\":[\"https:\\\/\\\/new.dinamicaballet.com\\\/fr\\\/producto\\\/pack-barre-de-danse-juliette-avec-tapis-ondine\\\/\"]}]},{\"@type\":\"ImageObject\",\"inLanguage\":\"fr-FR\",\"@id\":\"https:\\\/\\\/new.dinamicaballet.com\\\/fr\\\/producto\\\/pack-barre-de-danse-juliette-avec-tapis-ondine\\\/#primaryimage\",\"url\":\"https:\\\/\\\/new.dinamicaballet.com\\\/wp-content\\\/uploads\\\/2024\\\/01\\\/1.png\",\"contentUrl\":\"https:\\\/\\\/new.dinamicaballet.com\\\/wp-content\\\/uploads\\\/2024\\\/01\\\/1.png\",\"width\":600,\"height\":800},{\"@type\":\"WebSite\",\"@id\":\"https:\\\/\\\/new.dinamicaballet.com\\\/fr\\\/#website\",\"url\":\"https:\\\/\\\/new.dinamicaballet.com\\\/fr\\\/\",\"name\":\"Dinamica Ballet\",\"description\":\"Especialistas en barras de ballet y espejos para la danza\",\"publisher\":{\"@id\":\"https:\\\/\\\/new.dinamicaballet.com\\\/fr\\\/#organization\"},\"potentialAction\":[{\"@type\":\"SearchAction\",\"target\":{\"@type\":\"EntryPoint\",\"urlTemplate\":\"https:\\\/\\\/new.dinamicaballet.com\\\/fr\\\/?s={search_term_string}\"},\"query-input\":{\"@type\":\"PropertyValueSpecification\",\"valueRequired\":true,\"valueName\":\"search_term_string\"}}],\"inLanguage\":\"fr-FR\"},{\"@type\":\"Organization\",\"@id\":\"https:\\\/\\\/new.dinamicaballet.com\\\/fr\\\/#organization\",\"name\":\"Dinamica Ballet\",\"url\":\"https:\\\/\\\/new.dinamicaballet.com\\\/fr\\\/\",\"logo\":{\"@type\":\"ImageObject\",\"inLanguage\":\"fr-FR\",\"@id\":\"https:\\\/\\\/new.dinamicaballet.com\\\/fr\\\/#\\\/schema\\\/logo\\\/image\\\/\",\"url\":\"https:\\\/\\\/new.dinamicaballet.com\\\/wp-content\\\/uploads\\\/2022\\\/03\\\/logo_dinamica_ballet.svg\",\"contentUrl\":\"https:\\\/\\\/new.dinamicaballet.com\\\/wp-content\\\/uploads\\\/2022\\\/03\\\/logo_dinamica_ballet.svg\",\"width\":284,\"height\":51,\"caption\":\"Dinamica Ballet\"},\"image\":{\"@id\":\"https:\\\/\\\/new.dinamicaballet.com\\\/fr\\\/#\\\/schema\\\/logo\\\/image\\\/\"},\"sameAs\":[\"https:\\\/\\\/www.facebook.com\\\/dinamicaballet\",\"https:\\\/\\\/www.instagram.com\\\/dinamicaballet\\\/\",\"http:\\\/\\\/www.linkedin.com\\\/company\\\/dinamica-ballet\",\"https:\\\/\\\/www.pinterest.com\\\/DinamicaBallet\\\/\"]}]}<\/script>\n<!-- \/ Yoast SEO plugin. -->","yoast_head_json":{"title":"Pack barre de danse r\u00e9glable Juliette avec tapis de danse Ondine","description":"La barra de danse Juliette est r\u00e9glable sur 12 hauteurs diff\u00e9rentes. Le tapis de danse Ondine vous offre une stabilit\u00e9 parfaite pour pratiquer vos exercice.","robots":{"index":"noindex","follow":"follow","max-snippet":"max-snippet:-1","max-image-preview":"max-image-preview:large","max-video-preview":"max-video-preview:-1"},"og_locale":"fr_FR","og_type":"article","og_title":"Pack barre de danse r\u00e9glable Juliette avec tapis de danse Ondine","og_description":"La barra de danse Juliette est r\u00e9glable sur 12 hauteurs diff\u00e9rentes. Le tapis de danse Ondine vous offre une stabilit\u00e9 parfaite pour pratiquer vos exercice.","og_url":"https:\/\/new.dinamicaballet.com\/fr\/producto\/pack-barre-de-danse-juliette-avec-tapis-ondine\/","og_site_name":"Dinamica Ballet","article_publisher":"https:\/\/www.facebook.com\/dinamicaballet","article_modified_time":"2024-02-01T12:45:50+00:00","og_image":[{"width":600,"height":800,"url":"https:\/\/new.dinamicaballet.com\/wp-content\/uploads\/2024\/01\/1.png","type":"image\/png"}],"twitter_card":"summary_large_image","twitter_misc":{"Dur\u00e9e de lecture estim\u00e9e":"2 minutes"},"schema":{"@context":"https:\/\/schema.org","@graph":[{"@type":"WebPage","@id":"https:\/\/new.dinamicaballet.com\/fr\/producto\/pack-barre-de-danse-juliette-avec-tapis-ondine\/","url":"https:\/\/new.dinamicaballet.com\/fr\/producto\/pack-barre-de-danse-juliette-avec-tapis-ondine\/","name":"Pack barre de danse r\u00e9glable Juliette avec tapis de danse Ondine","isPartOf":{"@id":"https:\/\/new.dinamicaballet.com\/fr\/#website"},"primaryImageOfPage":{"@id":"https:\/\/new.dinamicaballet.com\/fr\/producto\/pack-barre-de-danse-juliette-avec-tapis-ondine\/#primaryimage"},"image":{"@id":"https:\/\/new.dinamicaballet.com\/fr\/producto\/pack-barre-de-danse-juliette-avec-tapis-ondine\/#primaryimage"},"thumbnailUrl":"https:\/\/new.dinamicaballet.com\/wp-content\/uploads\/2024\/01\/1.png","datePublished":"2024-01-15T12:29:06+00:00","dateModified":"2024-02-01T12:45:50+00:00","description":"La barra de danse Juliette est r\u00e9glable sur 12 hauteurs diff\u00e9rentes. Le tapis de danse Ondine vous offre une stabilit\u00e9 parfaite pour pratiquer vos exercice.","inLanguage":"fr-FR","potentialAction":[{"@type":"ReadAction","target":["https:\/\/new.dinamicaballet.com\/fr\/producto\/pack-barre-de-danse-juliette-avec-tapis-ondine\/"]}]},{"@type":"ImageObject","inLanguage":"fr-FR","@id":"https:\/\/new.dinamicaballet.com\/fr\/producto\/pack-barre-de-danse-juliette-avec-tapis-ondine\/#primaryimage","url":"https:\/\/new.dinamicaballet.com\/wp-content\/uploads\/2024\/01\/1.png","contentUrl":"https:\/\/new.dinamicaballet.com\/wp-content\/uploads\/2024\/01\/1.png","width":600,"height":800},{"@type":"WebSite","@id":"https:\/\/new.dinamicaballet.com\/fr\/#website","url":"https:\/\/new.dinamicaballet.com\/fr\/","name":"Dinamica Ballet","description":"Especialistas en barras de ballet y espejos para la danza","publisher":{"@id":"https:\/\/new.dinamicaballet.com\/fr\/#organization"},"potentialAction":[{"@type":"SearchAction","target":{"@type":"EntryPoint","urlTemplate":"https:\/\/new.dinamicaballet.com\/fr\/?s={search_term_string}"},"query-input":{"@type":"PropertyValueSpecification","valueRequired":true,"valueName":"search_term_string"}}],"inLanguage":"fr-FR"},{"@type":"Organization","@id":"https:\/\/new.dinamicaballet.com\/fr\/#organization","name":"Dinamica Ballet","url":"https:\/\/new.dinamicaballet.com\/fr\/","logo":{"@type":"ImageObject","inLanguage":"fr-FR","@id":"https:\/\/new.dinamicaballet.com\/fr\/#\/schema\/logo\/image\/","url":"https:\/\/new.dinamicaballet.com\/wp-content\/uploads\/2022\/03\/logo_dinamica_ballet.svg","contentUrl":"https:\/\/new.dinamicaballet.com\/wp-content\/uploads\/2022\/03\/logo_dinamica_ballet.svg","width":284,"height":51,"caption":"Dinamica Ballet"},"image":{"@id":"https:\/\/new.dinamicaballet.com\/fr\/#\/schema\/logo\/image\/"},"sameAs":["https:\/\/www.facebook.com\/dinamicaballet","https:\/\/www.instagram.com\/dinamicaballet\/","http:\/\/www.linkedin.com\/company\/dinamica-ballet","https:\/\/www.pinterest.com\/DinamicaBallet\/"]}]}},"taxonomy_info":{"product_cat":[{"value":328,"label":"Accessoires de danse"},{"value":211,"label":"Barres mobiles"},{"value":214,"label":"Barres r\u00e9glables"},{"value":263,"label":"Collection Home"},{"value":262,"label":"Une barre"}],"product_tag":[{"value":264,"label":"movil"}]},"featured_image_src_large":["https:\/\/new.dinamicaballet.com\/wp-content\/uploads\/2024\/01\/1.png",600,800,false],"author_info":[],"comment_info":"","_links":{"self":[{"href":"https:\/\/new.dinamicaballet.com\/fr\/wp-json\/wp\/v2\/product\/94204","targetHints":{"allow":["GET"]}}],"collection":[{"href":"https:\/\/new.dinamicaballet.com\/fr\/wp-json\/wp\/v2\/product"}],"about":[{"href":"https:\/\/new.dinamicaballet.com\/fr\/wp-json\/wp\/v2\/types\/product"}],"wp:featuredmedia":[{"embeddable":true,"href":"https:\/\/new.dinamicaballet.com\/fr\/wp-json\/wp\/v2\/media\/94219"}],"wp:attachment":[{"href":"https:\/\/new.dinamicaballet.com\/fr\/wp-json\/wp\/v2\/media?parent=94204"}],"wp:term":[{"taxonomy":"product_brand","embeddable":true,"href":"https:\/\/new.dinamicaballet.com\/fr\/wp-json\/wp\/v2\/product_brand?post=94204"},{"taxonomy":"product_cat","embeddable":true,"href":"https:\/\/new.dinamicaballet.com\/fr\/wp-json\/wp\/v2\/product_cat?post=94204"},{"taxonomy":"product_tag","embeddable":true,"href":"https:\/\/new.dinamicaballet.com\/fr\/wp-json\/wp\/v2\/product_tag?post=94204"}],"curies":[{"name":"wp","href":"https:\/\/api.w.org\/{rel}","templated":true}]}}