{"id":8979,"date":"2020-12-03T16:30:30","date_gmt":"2020-12-03T16:30:30","guid":{"rendered":"https:\/\/www.dinamicaballet.com\/producto\/double-barre-premium-a-hauteur-reglable-royale\/"},"modified":"2023-03-09T11:35:34","modified_gmt":"2023-03-09T10:35:34","slug":"double-barre-premium-a-hauteur-reglable-royale","status":"publish","type":"product","link":"https:\/\/new.dinamicaballet.com\/fr\/producto\/double-barre-premium-a-hauteur-reglable-royale\/","title":{"rendered":"Double barre premium r\u00e9glable Royale"},"content":{"rendered":"<h3><strong>La barre \u00e0 hauteur r\u00e9glable la plus stable que vous trouverez<\/strong><\/h3>\n<p>La Royale est une barre destin\u00e9e aux professionnels de la danse qui recherchent des mod\u00e8les mobiles aux performances maximales. Les socles, qui p\u00e8sent 30 kg chacun, sont fabriqu\u00e9s en fonte et \u00e9quip\u00e9s de 4 roulettes en caoutchouc haute densit\u00e9. Ainsi, la barre peut facilement \u00eatre d\u00e9plac\u00e9e par une seule personne. Les socles sont con\u00e7us de mani\u00e8re \u00e0 ce que les roulettes ne touchent pas le sol lorsque la barre est pos\u00e9e, garantissant une fermet\u00e9 in\u00e9gal\u00e9e dans un mod\u00e8le portable. Une stabilit\u00e9 totale pour les \u00e9l\u00e8ves de tous \u00e2ges et la mobilit\u00e9 pour d\u00e9gager votre espace apr\u00e8s les \u00e9chauffements, la barre Royale r\u00e9pond \u00e0 tous vos besoins.<\/p>\n<h3><strong>R\u00e9glages rapides de la hauteur pour une flexibilit\u00e9 maximale <\/strong><\/h3>\n<p>Le double support de ballet Dinamica contient deux barres en bois \u00e9cart\u00e9es de 19 centim\u00e8tres. Gr\u00e2ce au dispositif de r\u00e9glage de la hauteur, vous pouvez travailler avec une hauteur minimale de 73 cm et une hauteur maximale de 123 cm, de sorte que vous n&rsquo;avez pas \u00e0 vous pr\u00e9occuper de la taille des danseurs dans vos cours. Quelle que soit la position que vous choisissez, la barre Royale conserve une stabilit\u00e9 et des performances exceptionnelles. Le design exclusif des doubles supports de Dinamica Ballet r\u00e9partit la pression que le danseur exerce sur les barres. Cette barre est disponible avec des barres en bois de 2 et 3 m\u00e8tres.<\/p>\n<h3><strong>Fonte, acier et bois de pin, des mat\u00e9riaux garantissant des d\u00e9cennies d&rsquo;utilisation<\/strong><\/h3>\n<p>Les poteaux en acier ont une finition en \u00e9poxy couleur argent qui les prot\u00e8ge des coups et des rayures. Les barres en bois de pin jaune issu de for\u00eats durables sont fabriqu\u00e9es \u00e0 partir d&rsquo;un seul morceau de bois et sont polies soigneusement pour prot\u00e9ger vos mains. Le bois est un mat\u00e9riau vivant qui offre une grande r\u00e9sistance, une l\u00e9g\u00e8re flexibilit\u00e9, un support optimal et une sensation agr\u00e9able de douceur et de chaleur. Nous livrons les poteaux avec le syst\u00e8me de r\u00e9glage de la hauteur et les socles d\u00e9j\u00e0 install\u00e9s. Ainsi, vous pourrez commencer \u00e0 l&rsquo;utiliser apr\u00e8s seulement quelques minutes.<\/p>\n<a href=\"https:\/\/new.dinamicaballet.com\/wp-content\/uploads\/2021\/05\/FT-ROYALE-0521-2.pdf\" class=\"su-button su-button-style-default\" style=\"color:#006B7C;background-color:#FFF2D5;border-color:#ccc2ab;border-radius:5px\" target=\"_blank\" rel=\"noopener noreferrer\"><span style=\"color:#006B7C;padding:0px 16px;font-size:13px;line-height:26px;border-color:#fff6e2;border-radius:5px;text-shadow:none\"> T\u00e9l\u00e9chargez la fiche technique<\/span><\/a> <a href=\"https:\/\/new.dinamicaballet.com\/wp-content\/uploads\/2021\/07\/Instruccions-Royale.pdf\" class=\"su-button su-button-style-default\" style=\"color:#006B7C;background-color:#FFF2D5;border-color:#ccc2ab;border-radius:5px\" target=\"_blank\" rel=\"noopener noreferrer\"><span style=\"color:#006B7C;padding:0px 16px;font-size:13px;line-height:26px;border-color:#fff6e2;border-radius:5px;text-shadow:none\"> T\u00e9l\u00e9chargez la notice de montage<\/span><\/a>\n","protected":false},"excerpt":{"rendered":"<p>Si vous cherchez une barre mobile \u00e0 hauteur r\u00e9glable ayant la stabilit\u00e9 d&rsquo;une barre fixe, le mod\u00e8le Royale est fait pour vous. Avec un poids total de 76 kg, des supports pour deux barres et 10 hauteurs possibles, la barre Royale est un indispensable pour les \u00e9coles de danse les plus exigeantes.<\/p>\n<p><strong>LIVRAISON ET TVA INCLUSES<\/strong><\/p>\n","protected":false},"featured_media":8992,"template":"","meta":{"_editorskit_title_hidden":false,"_editorskit_reading_time":0,"_editorskit_is_block_options_detached":false,"_editorskit_block_options_position":"{}","inline_featured_image":false,"_kad_blocks_custom_css":"","_kad_blocks_head_custom_js":"","_kad_blocks_body_custom_js":"","_kad_blocks_footer_custom_js":""},"product_brand":[],"product_cat":[211,214,274,267],"product_tag":[],"class_list":{"0":"post-8979","1":"product","2":"type-product","3":"status-publish","4":"has-post-thumbnail","6":"product_cat-barres-de-danse-classique-mobiles","7":"product_cat-barres-de-ballet-ajustable-en-hauteur","8":"product_cat-collection-premium","9":"product_cat-deux-barres","10":"post","11":"with-featured-image","13":"first","14":"instock","15":"taxable","16":"shipping-taxable","17":"purchasable","18":"product-type-variable"},"yoast_head":"<!-- This site is optimized with the Yoast SEO plugin v27.4 - https:\/\/yoast.com\/product\/yoast-seo-wordpress\/ -->\n<title>Double barre de danse premium \u00e0 hauteur r\u00e9glable Royale<\/title>\n<meta name=\"description\" content=\"La barre de danse \u00e0 hauteur r\u00e9glable Royale avec socles en font est un indispensable pour les \u00e9coles de danse les plus exigeantes.\" \/>\n<meta name=\"robots\" content=\"noindex, follow, max-snippet:-1, max-image-preview:large, max-video-preview:-1\" \/>\n<meta property=\"og:locale\" content=\"fr_FR\" \/>\n<meta property=\"og:type\" content=\"article\" \/>\n<meta property=\"og:title\" content=\"Double barre de danse premium \u00e0 hauteur r\u00e9glable Royale\" \/>\n<meta property=\"og:description\" content=\"La barre de danse \u00e0 hauteur r\u00e9glable Royale avec socles en font est un indispensable pour les \u00e9coles de danse les plus exigeantes.\" \/>\n<meta property=\"og:url\" content=\"https:\/\/new.dinamicaballet.com\/fr\/producto\/double-barre-premium-a-hauteur-reglable-royale\/\" \/>\n<meta property=\"og:site_name\" content=\"Dinamica Ballet\" \/>\n<meta property=\"article:publisher\" content=\"https:\/\/www.facebook.com\/dinamicaballet\" \/>\n<meta property=\"article:modified_time\" content=\"2023-03-09T10:35:34+00:00\" \/>\n<meta property=\"og:image\" content=\"https:\/\/new.dinamicaballet.com\/wp-content\/uploads\/2020\/12\/dinamica_ballet_shop_royale_01.jpg\" \/>\n\t<meta property=\"og:image:width\" content=\"600\" \/>\n\t<meta property=\"og:image:height\" content=\"800\" \/>\n\t<meta property=\"og:image:type\" content=\"image\/jpeg\" \/>\n<meta name=\"twitter:card\" content=\"summary_large_image\" \/>\n<meta name=\"twitter:label1\" content=\"Dur\u00e9e de lecture estim\u00e9e\" \/>\n\t<meta name=\"twitter:data1\" content=\"2 minutes\" \/>\n<script type=\"application\/ld+json\" class=\"yoast-schema-graph\">{\"@context\":\"https:\\\/\\\/schema.org\",\"@graph\":[{\"@type\":\"WebPage\",\"@id\":\"https:\\\/\\\/new.dinamicaballet.com\\\/fr\\\/producto\\\/double-barre-premium-a-hauteur-reglable-royale\\\/\",\"url\":\"https:\\\/\\\/new.dinamicaballet.com\\\/fr\\\/producto\\\/double-barre-premium-a-hauteur-reglable-royale\\\/\",\"name\":\"Double barre de danse premium \u00e0 hauteur r\u00e9glable Royale\",\"isPartOf\":{\"@id\":\"https:\\\/\\\/new.dinamicaballet.com\\\/fr\\\/#website\"},\"primaryImageOfPage\":{\"@id\":\"https:\\\/\\\/new.dinamicaballet.com\\\/fr\\\/producto\\\/double-barre-premium-a-hauteur-reglable-royale\\\/#primaryimage\"},\"image\":{\"@id\":\"https:\\\/\\\/new.dinamicaballet.com\\\/fr\\\/producto\\\/double-barre-premium-a-hauteur-reglable-royale\\\/#primaryimage\"},\"thumbnailUrl\":\"https:\\\/\\\/new.dinamicaballet.com\\\/wp-content\\\/uploads\\\/2020\\\/12\\\/dinamica_ballet_shop_royale_01.jpg\",\"datePublished\":\"2020-12-03T16:30:30+00:00\",\"dateModified\":\"2023-03-09T10:35:34+00:00\",\"description\":\"La barre de danse \u00e0 hauteur r\u00e9glable Royale avec socles en font est un indispensable pour les \u00e9coles de danse les plus exigeantes.\",\"inLanguage\":\"fr-FR\",\"potentialAction\":[{\"@type\":\"ReadAction\",\"target\":[\"https:\\\/\\\/new.dinamicaballet.com\\\/fr\\\/producto\\\/double-barre-premium-a-hauteur-reglable-royale\\\/\"]}]},{\"@type\":\"ImageObject\",\"inLanguage\":\"fr-FR\",\"@id\":\"https:\\\/\\\/new.dinamicaballet.com\\\/fr\\\/producto\\\/double-barre-premium-a-hauteur-reglable-royale\\\/#primaryimage\",\"url\":\"https:\\\/\\\/new.dinamicaballet.com\\\/wp-content\\\/uploads\\\/2020\\\/12\\\/dinamica_ballet_shop_royale_01.jpg\",\"contentUrl\":\"https:\\\/\\\/new.dinamicaballet.com\\\/wp-content\\\/uploads\\\/2020\\\/12\\\/dinamica_ballet_shop_royale_01.jpg\",\"width\":600,\"height\":800,\"caption\":\"Double barre premium \u00e0 hauteur r\u00e9glable Royale\"},{\"@type\":\"WebSite\",\"@id\":\"https:\\\/\\\/new.dinamicaballet.com\\\/fr\\\/#website\",\"url\":\"https:\\\/\\\/new.dinamicaballet.com\\\/fr\\\/\",\"name\":\"Dinamica Ballet\",\"description\":\"Especialistas en barras de ballet y espejos para la danza\",\"publisher\":{\"@id\":\"https:\\\/\\\/new.dinamicaballet.com\\\/fr\\\/#organization\"},\"potentialAction\":[{\"@type\":\"SearchAction\",\"target\":{\"@type\":\"EntryPoint\",\"urlTemplate\":\"https:\\\/\\\/new.dinamicaballet.com\\\/fr\\\/?s={search_term_string}\"},\"query-input\":{\"@type\":\"PropertyValueSpecification\",\"valueRequired\":true,\"valueName\":\"search_term_string\"}}],\"inLanguage\":\"fr-FR\"},{\"@type\":\"Organization\",\"@id\":\"https:\\\/\\\/new.dinamicaballet.com\\\/fr\\\/#organization\",\"name\":\"Dinamica Ballet\",\"url\":\"https:\\\/\\\/new.dinamicaballet.com\\\/fr\\\/\",\"logo\":{\"@type\":\"ImageObject\",\"inLanguage\":\"fr-FR\",\"@id\":\"https:\\\/\\\/new.dinamicaballet.com\\\/fr\\\/#\\\/schema\\\/logo\\\/image\\\/\",\"url\":\"https:\\\/\\\/new.dinamicaballet.com\\\/wp-content\\\/uploads\\\/2022\\\/03\\\/logo_dinamica_ballet.svg\",\"contentUrl\":\"https:\\\/\\\/new.dinamicaballet.com\\\/wp-content\\\/uploads\\\/2022\\\/03\\\/logo_dinamica_ballet.svg\",\"width\":284,\"height\":51,\"caption\":\"Dinamica Ballet\"},\"image\":{\"@id\":\"https:\\\/\\\/new.dinamicaballet.com\\\/fr\\\/#\\\/schema\\\/logo\\\/image\\\/\"},\"sameAs\":[\"https:\\\/\\\/www.facebook.com\\\/dinamicaballet\",\"https:\\\/\\\/www.instagram.com\\\/dinamicaballet\\\/\",\"http:\\\/\\\/www.linkedin.com\\\/company\\\/dinamica-ballet\",\"https:\\\/\\\/www.pinterest.com\\\/DinamicaBallet\\\/\"]}]}<\/script>\n<!-- \/ Yoast SEO plugin. -->","yoast_head_json":{"title":"Double barre de danse premium \u00e0 hauteur r\u00e9glable Royale","description":"La barre de danse \u00e0 hauteur r\u00e9glable Royale avec socles en font est un indispensable pour les \u00e9coles de danse les plus exigeantes.","robots":{"index":"noindex","follow":"follow","max-snippet":"max-snippet:-1","max-image-preview":"max-image-preview:large","max-video-preview":"max-video-preview:-1"},"og_locale":"fr_FR","og_type":"article","og_title":"Double barre de danse premium \u00e0 hauteur r\u00e9glable Royale","og_description":"La barre de danse \u00e0 hauteur r\u00e9glable Royale avec socles en font est un indispensable pour les \u00e9coles de danse les plus exigeantes.","og_url":"https:\/\/new.dinamicaballet.com\/fr\/producto\/double-barre-premium-a-hauteur-reglable-royale\/","og_site_name":"Dinamica Ballet","article_publisher":"https:\/\/www.facebook.com\/dinamicaballet","article_modified_time":"2023-03-09T10:35:34+00:00","og_image":[{"width":600,"height":800,"url":"https:\/\/new.dinamicaballet.com\/wp-content\/uploads\/2020\/12\/dinamica_ballet_shop_royale_01.jpg","type":"image\/jpeg"}],"twitter_card":"summary_large_image","twitter_misc":{"Dur\u00e9e de lecture estim\u00e9e":"2 minutes"},"schema":{"@context":"https:\/\/schema.org","@graph":[{"@type":"WebPage","@id":"https:\/\/new.dinamicaballet.com\/fr\/producto\/double-barre-premium-a-hauteur-reglable-royale\/","url":"https:\/\/new.dinamicaballet.com\/fr\/producto\/double-barre-premium-a-hauteur-reglable-royale\/","name":"Double barre de danse premium \u00e0 hauteur r\u00e9glable Royale","isPartOf":{"@id":"https:\/\/new.dinamicaballet.com\/fr\/#website"},"primaryImageOfPage":{"@id":"https:\/\/new.dinamicaballet.com\/fr\/producto\/double-barre-premium-a-hauteur-reglable-royale\/#primaryimage"},"image":{"@id":"https:\/\/new.dinamicaballet.com\/fr\/producto\/double-barre-premium-a-hauteur-reglable-royale\/#primaryimage"},"thumbnailUrl":"https:\/\/new.dinamicaballet.com\/wp-content\/uploads\/2020\/12\/dinamica_ballet_shop_royale_01.jpg","datePublished":"2020-12-03T16:30:30+00:00","dateModified":"2023-03-09T10:35:34+00:00","description":"La barre de danse \u00e0 hauteur r\u00e9glable Royale avec socles en font est un indispensable pour les \u00e9coles de danse les plus exigeantes.","inLanguage":"fr-FR","potentialAction":[{"@type":"ReadAction","target":["https:\/\/new.dinamicaballet.com\/fr\/producto\/double-barre-premium-a-hauteur-reglable-royale\/"]}]},{"@type":"ImageObject","inLanguage":"fr-FR","@id":"https:\/\/new.dinamicaballet.com\/fr\/producto\/double-barre-premium-a-hauteur-reglable-royale\/#primaryimage","url":"https:\/\/new.dinamicaballet.com\/wp-content\/uploads\/2020\/12\/dinamica_ballet_shop_royale_01.jpg","contentUrl":"https:\/\/new.dinamicaballet.com\/wp-content\/uploads\/2020\/12\/dinamica_ballet_shop_royale_01.jpg","width":600,"height":800,"caption":"Double barre premium \u00e0 hauteur r\u00e9glable Royale"},{"@type":"WebSite","@id":"https:\/\/new.dinamicaballet.com\/fr\/#website","url":"https:\/\/new.dinamicaballet.com\/fr\/","name":"Dinamica Ballet","description":"Especialistas en barras de ballet y espejos para la danza","publisher":{"@id":"https:\/\/new.dinamicaballet.com\/fr\/#organization"},"potentialAction":[{"@type":"SearchAction","target":{"@type":"EntryPoint","urlTemplate":"https:\/\/new.dinamicaballet.com\/fr\/?s={search_term_string}"},"query-input":{"@type":"PropertyValueSpecification","valueRequired":true,"valueName":"search_term_string"}}],"inLanguage":"fr-FR"},{"@type":"Organization","@id":"https:\/\/new.dinamicaballet.com\/fr\/#organization","name":"Dinamica Ballet","url":"https:\/\/new.dinamicaballet.com\/fr\/","logo":{"@type":"ImageObject","inLanguage":"fr-FR","@id":"https:\/\/new.dinamicaballet.com\/fr\/#\/schema\/logo\/image\/","url":"https:\/\/new.dinamicaballet.com\/wp-content\/uploads\/2022\/03\/logo_dinamica_ballet.svg","contentUrl":"https:\/\/new.dinamicaballet.com\/wp-content\/uploads\/2022\/03\/logo_dinamica_ballet.svg","width":284,"height":51,"caption":"Dinamica Ballet"},"image":{"@id":"https:\/\/new.dinamicaballet.com\/fr\/#\/schema\/logo\/image\/"},"sameAs":["https:\/\/www.facebook.com\/dinamicaballet","https:\/\/www.instagram.com\/dinamicaballet\/","http:\/\/www.linkedin.com\/company\/dinamica-ballet","https:\/\/www.pinterest.com\/DinamicaBallet\/"]}]}},"taxonomy_info":{"product_cat":[{"value":211,"label":"Barres mobiles"},{"value":214,"label":"Barres r\u00e9glables"},{"value":274,"label":"Collection Premium"},{"value":267,"label":"Deux barres"}]},"featured_image_src_large":["https:\/\/new.dinamicaballet.com\/wp-content\/uploads\/2020\/12\/dinamica_ballet_shop_royale_01.jpg",600,800,false],"author_info":[],"comment_info":"","_links":{"self":[{"href":"https:\/\/new.dinamicaballet.com\/fr\/wp-json\/wp\/v2\/product\/8979","targetHints":{"allow":["GET"]}}],"collection":[{"href":"https:\/\/new.dinamicaballet.com\/fr\/wp-json\/wp\/v2\/product"}],"about":[{"href":"https:\/\/new.dinamicaballet.com\/fr\/wp-json\/wp\/v2\/types\/product"}],"wp:featuredmedia":[{"embeddable":true,"href":"https:\/\/new.dinamicaballet.com\/fr\/wp-json\/wp\/v2\/media\/8992"}],"wp:attachment":[{"href":"https:\/\/new.dinamicaballet.com\/fr\/wp-json\/wp\/v2\/media?parent=8979"}],"wp:term":[{"taxonomy":"product_brand","embeddable":true,"href":"https:\/\/new.dinamicaballet.com\/fr\/wp-json\/wp\/v2\/product_brand?post=8979"},{"taxonomy":"product_cat","embeddable":true,"href":"https:\/\/new.dinamicaballet.com\/fr\/wp-json\/wp\/v2\/product_cat?post=8979"},{"taxonomy":"product_tag","embeddable":true,"href":"https:\/\/new.dinamicaballet.com\/fr\/wp-json\/wp\/v2\/product_tag?post=8979"}],"curies":[{"name":"wp","href":"https:\/\/api.w.org\/{rel}","templated":true}]}}