{"id":8961,"date":"2020-12-03T16:24:54","date_gmt":"2020-12-03T16:24:54","guid":{"rendered":"https:\/\/www.dinamicaballet.com\/producto\/double-barre-mobile-premium-maurice\/"},"modified":"2024-09-25T13:28:09","modified_gmt":"2024-09-25T12:28:09","slug":"double-barre-mobile-premium-maurice","status":"publish","type":"product","link":"https:\/\/new.dinamicaballet.com\/fr\/producto\/double-barre-mobile-premium-maurice\/","title":{"rendered":"Double barre premium Maurice"},"content":{"rendered":"<h3><strong>Stabilit\u00e9 totale pour satisfaire les plus exigeants<\/strong><\/h3>\n<p>La Maurice offre une stabilit\u00e9 impressionnante qui permet \u00e0 plusieurs danseuses de r\u00e9aliser des exercices intenses simultan\u00e9ment. Les socles, qui p\u00e8sent 30 kg chacun, sont fabriqu\u00e9s en fonte et \u00e9quip\u00e9s de 4 roulettes en caoutchouc haute densit\u00e9. Ainsi, la barre peut facilement \u00eatre d\u00e9plac\u00e9e par une seule personne. Une fois la barre pos\u00e9e, le socle est con\u00e7u de mani\u00e8re \u00e0 ce que les roulettes ne touchent pas le sol, garantissant une fermet\u00e9 in\u00e9gal\u00e9e dans un mod\u00e8le portable.<\/p>\n<h3><strong>Deux hauteurs pour les danseuses de diff\u00e9rentes tailles<\/strong><\/h3>\n<p>Gr\u00e2ce aux deux barres en bois plac\u00e9es \u00e0 83 et 105 cm du sol, les danseuses de diff\u00e9rents \u00e2ges et tailles peuvent travailler confortablement leurs battements et leurs d\u00e9gag\u00e9s. Les supports exclusifs de Dinamica Ballet maintiennent la barre en bois sans l&rsquo;ab\u00eemer et r\u00e9partissent la tension exerc\u00e9e par la danseuse depuis n&rsquo;importe quel angle. L&rsquo;association des socles en fonte et des doubles supports apporte une stabilit\u00e9 absolue qui vous permet de vous concentrer pleinement sur votre technique. Cette barre est disponible avec des barres en bois de 2 et 3 m\u00e8tres.<\/p>\n<h3><strong>Fonte, acier et bois de pin, les mat\u00e9riaux pour une barre inusable<\/strong><\/h3>\n<p>La barre Maurice, baptis\u00e9e en l&rsquo;honneur du chor\u00e9graphe fran\u00e7ais Maurice B\u00e9jart, est le premier mod\u00e8le que nous avons cr\u00e9\u00e9. La premi\u00e8re Maurice se trouve toujours \u00e0 l&rsquo;Institut del Teatre \u00e0 Barcelone, o\u00f9 elle est encore utilis\u00e9e dans les cours de danse. Les poteaux en acier de haute qualit\u00e9 ont une finition en \u00e9poxy couleur argent qui les prot\u00e8ge des coups et des rayures. Les barres en bois de pin jaune issu de for\u00eats durables sont r\u00e9sistantes et l\u00e9g\u00e8rement flexibles, ce qui est id\u00e9al pour r\u00e9aliser des exercices de niveau avanc\u00e9. Le bois parfaitement poli et non verni offre une sensation agr\u00e9able et chaude ainsi qu&rsquo;une bonne prise en main. Nous livrons la barre Maurice avec les poteaux et les socles d\u00e9j\u00e0 install\u00e9s. Vous pouvez donc vous mettre au travail d\u00e8s que vous la recevez.<\/p>\n<a href=\"https:\/\/new.dinamicaballet.com\/wp-content\/uploads\/2021\/05\/FT-MAURICE-0521-2.pdf\" class=\"su-button su-button-style-default\" style=\"color:#006B7C;background-color:#FFF2D5;border-color:#ccc2ab;border-radius:5px\" target=\"_blank\" rel=\"noopener noreferrer\"><span style=\"color:#006B7C;padding:0px 16px;font-size:13px;line-height:26px;border-color:#fff6e2;border-radius:5px;text-shadow:none\"> T\u00e9l\u00e9chargez la fiche technique<\/span><\/a> <a href=\"https:\/\/new.dinamicaballet.com\/wp-content\/uploads\/2021\/07\/Instruccions-Maurice.pdf\" class=\"su-button su-button-style-default\" style=\"color:#006B7C;background-color:#FFF2D5;border-color:#ccc2ab;border-radius:5px\" target=\"_blank\" rel=\"noopener noreferrer\"><span style=\"color:#006B7C;padding:0px 16px;font-size:13px;line-height:26px;border-color:#fff6e2;border-radius:5px;text-shadow:none\"> T\u00e9l\u00e9chargez la notice de montage<\/span><\/a>\n<p>&nbsp;<\/p>\n<div class=\"su-youtube su-u-responsive-media-yes\"><iframe loading=\"lazy\" width=\"600\" height=\"400\" src=\"https:\/\/www.youtube.com\/embed\/EoI79LwpzZY?autohide=2&amp;autoplay=0&amp;mute=1&amp;controls=1&amp;fs=1&amp;loop=0&amp;modestbranding=0&amp;rel=1&amp;showinfo=1&amp;theme=dark&amp;wmode=&amp;playsinline=0\" frameborder=\"0\" allowfullscreen allow=\"autoplay; encrypted-media; picture-in-picture\" title=\"Double barre premium Maurice Dinamica Ballet\"><\/iframe><\/div>\n","protected":false},"excerpt":{"rendered":"<p>La Maurice est une barre mobile premium compos\u00e9e de deux barres et de socles en fonte. Avec un poids total de 74 kg, elle est con\u00e7ue pour les sp\u00e9cialistes de la danse qui recherchent l&rsquo;excellence dans une barre mobile.<\/p>\n<p><strong>LIVRAISON ET TVA INCLUSES<\/strong><\/p>\n","protected":false},"featured_media":8963,"template":"","meta":{"_editorskit_title_hidden":false,"_editorskit_reading_time":0,"_editorskit_is_block_options_detached":false,"_editorskit_block_options_position":"{}","inline_featured_image":false,"_kad_blocks_custom_css":"","_kad_blocks_head_custom_js":"","_kad_blocks_body_custom_js":"","_kad_blocks_footer_custom_js":""},"product_brand":[],"product_cat":[211,274,267],"product_tag":[264],"class_list":{"0":"post-8961","1":"product","2":"type-product","3":"status-publish","4":"has-post-thumbnail","6":"product_cat-barres-de-danse-classique-mobiles","7":"product_cat-collection-premium","8":"product_cat-deux-barres","9":"product_tag-movil-fr","10":"post","11":"with-featured-image","13":"first","14":"instock","15":"taxable","16":"shipping-taxable","17":"purchasable","18":"product-type-variable"},"yoast_head":"<!-- This site is optimized with the Yoast SEO plugin v27.4 - https:\/\/yoast.com\/product\/yoast-seo-wordpress\/ -->\n<title>Double barre de danse mobile premium Maurice| Boutique en ligne<\/title>\n<meta name=\"description\" content=\"La Maurice est une barre compos\u00e9e de deux barres et de socles en fonte con\u00e7ue pour les sp\u00e9cialistes de la danse qui recherchent l\u2019excellence.\" \/>\n<meta name=\"robots\" content=\"noindex, follow, max-snippet:-1, max-image-preview:large, max-video-preview:-1\" \/>\n<meta property=\"og:locale\" content=\"fr_FR\" \/>\n<meta property=\"og:type\" content=\"article\" \/>\n<meta property=\"og:title\" content=\"Double barre de danse mobile premium Maurice| Boutique en ligne\" \/>\n<meta property=\"og:description\" content=\"La Maurice est une barre compos\u00e9e de deux barres et de socles en fonte con\u00e7ue pour les sp\u00e9cialistes de la danse qui recherchent l\u2019excellence.\" \/>\n<meta property=\"og:url\" content=\"https:\/\/new.dinamicaballet.com\/fr\/producto\/double-barre-mobile-premium-maurice\/\" \/>\n<meta property=\"og:site_name\" content=\"Dinamica Ballet\" \/>\n<meta property=\"article:publisher\" content=\"https:\/\/www.facebook.com\/dinamicaballet\" \/>\n<meta property=\"article:modified_time\" content=\"2024-09-25T12:28:09+00:00\" \/>\n<meta property=\"og:image\" content=\"https:\/\/new.dinamicaballet.com\/wp-content\/uploads\/2020\/12\/dinamica_ballet_shop_maurice_02.jpg\" \/>\n\t<meta property=\"og:image:width\" content=\"600\" \/>\n\t<meta property=\"og:image:height\" content=\"800\" \/>\n\t<meta property=\"og:image:type\" content=\"image\/jpeg\" \/>\n<meta name=\"twitter:card\" content=\"summary_large_image\" \/>\n<meta name=\"twitter:label1\" content=\"Dur\u00e9e de lecture estim\u00e9e\" \/>\n\t<meta name=\"twitter:data1\" content=\"2 minutes\" \/>\n<script type=\"application\/ld+json\" class=\"yoast-schema-graph\">{\"@context\":\"https:\\\/\\\/schema.org\",\"@graph\":[{\"@type\":\"WebPage\",\"@id\":\"https:\\\/\\\/new.dinamicaballet.com\\\/fr\\\/producto\\\/double-barre-mobile-premium-maurice\\\/\",\"url\":\"https:\\\/\\\/new.dinamicaballet.com\\\/fr\\\/producto\\\/double-barre-mobile-premium-maurice\\\/\",\"name\":\"Double barre de danse mobile premium Maurice| Boutique en ligne\",\"isPartOf\":{\"@id\":\"https:\\\/\\\/new.dinamicaballet.com\\\/fr\\\/#website\"},\"primaryImageOfPage\":{\"@id\":\"https:\\\/\\\/new.dinamicaballet.com\\\/fr\\\/producto\\\/double-barre-mobile-premium-maurice\\\/#primaryimage\"},\"image\":{\"@id\":\"https:\\\/\\\/new.dinamicaballet.com\\\/fr\\\/producto\\\/double-barre-mobile-premium-maurice\\\/#primaryimage\"},\"thumbnailUrl\":\"https:\\\/\\\/new.dinamicaballet.com\\\/wp-content\\\/uploads\\\/2020\\\/12\\\/dinamica_ballet_shop_maurice_02.jpg\",\"datePublished\":\"2020-12-03T16:24:54+00:00\",\"dateModified\":\"2024-09-25T12:28:09+00:00\",\"description\":\"La Maurice est une barre compos\u00e9e de deux barres et de socles en fonte con\u00e7ue pour les sp\u00e9cialistes de la danse qui recherchent l\u2019excellence.\",\"inLanguage\":\"fr-FR\",\"potentialAction\":[{\"@type\":\"ReadAction\",\"target\":[\"https:\\\/\\\/new.dinamicaballet.com\\\/fr\\\/producto\\\/double-barre-mobile-premium-maurice\\\/\"]}]},{\"@type\":\"ImageObject\",\"inLanguage\":\"fr-FR\",\"@id\":\"https:\\\/\\\/new.dinamicaballet.com\\\/fr\\\/producto\\\/double-barre-mobile-premium-maurice\\\/#primaryimage\",\"url\":\"https:\\\/\\\/new.dinamicaballet.com\\\/wp-content\\\/uploads\\\/2020\\\/12\\\/dinamica_ballet_shop_maurice_02.jpg\",\"contentUrl\":\"https:\\\/\\\/new.dinamicaballet.com\\\/wp-content\\\/uploads\\\/2020\\\/12\\\/dinamica_ballet_shop_maurice_02.jpg\",\"width\":600,\"height\":800,\"caption\":\"Double barre mobile premium Maurice\"},{\"@type\":\"WebSite\",\"@id\":\"https:\\\/\\\/new.dinamicaballet.com\\\/fr\\\/#website\",\"url\":\"https:\\\/\\\/new.dinamicaballet.com\\\/fr\\\/\",\"name\":\"Dinamica Ballet\",\"description\":\"Especialistas en barras de ballet y espejos para la danza\",\"publisher\":{\"@id\":\"https:\\\/\\\/new.dinamicaballet.com\\\/fr\\\/#organization\"},\"potentialAction\":[{\"@type\":\"SearchAction\",\"target\":{\"@type\":\"EntryPoint\",\"urlTemplate\":\"https:\\\/\\\/new.dinamicaballet.com\\\/fr\\\/?s={search_term_string}\"},\"query-input\":{\"@type\":\"PropertyValueSpecification\",\"valueRequired\":true,\"valueName\":\"search_term_string\"}}],\"inLanguage\":\"fr-FR\"},{\"@type\":\"Organization\",\"@id\":\"https:\\\/\\\/new.dinamicaballet.com\\\/fr\\\/#organization\",\"name\":\"Dinamica Ballet\",\"url\":\"https:\\\/\\\/new.dinamicaballet.com\\\/fr\\\/\",\"logo\":{\"@type\":\"ImageObject\",\"inLanguage\":\"fr-FR\",\"@id\":\"https:\\\/\\\/new.dinamicaballet.com\\\/fr\\\/#\\\/schema\\\/logo\\\/image\\\/\",\"url\":\"https:\\\/\\\/new.dinamicaballet.com\\\/wp-content\\\/uploads\\\/2022\\\/03\\\/logo_dinamica_ballet.svg\",\"contentUrl\":\"https:\\\/\\\/new.dinamicaballet.com\\\/wp-content\\\/uploads\\\/2022\\\/03\\\/logo_dinamica_ballet.svg\",\"width\":284,\"height\":51,\"caption\":\"Dinamica Ballet\"},\"image\":{\"@id\":\"https:\\\/\\\/new.dinamicaballet.com\\\/fr\\\/#\\\/schema\\\/logo\\\/image\\\/\"},\"sameAs\":[\"https:\\\/\\\/www.facebook.com\\\/dinamicaballet\",\"https:\\\/\\\/www.instagram.com\\\/dinamicaballet\\\/\",\"http:\\\/\\\/www.linkedin.com\\\/company\\\/dinamica-ballet\",\"https:\\\/\\\/www.pinterest.com\\\/DinamicaBallet\\\/\"]}]}<\/script>\n<!-- \/ Yoast SEO plugin. -->","yoast_head_json":{"title":"Double barre de danse mobile premium Maurice| Boutique en ligne","description":"La Maurice est une barre compos\u00e9e de deux barres et de socles en fonte con\u00e7ue pour les sp\u00e9cialistes de la danse qui recherchent l\u2019excellence.","robots":{"index":"noindex","follow":"follow","max-snippet":"max-snippet:-1","max-image-preview":"max-image-preview:large","max-video-preview":"max-video-preview:-1"},"og_locale":"fr_FR","og_type":"article","og_title":"Double barre de danse mobile premium Maurice| Boutique en ligne","og_description":"La Maurice est une barre compos\u00e9e de deux barres et de socles en fonte con\u00e7ue pour les sp\u00e9cialistes de la danse qui recherchent l\u2019excellence.","og_url":"https:\/\/new.dinamicaballet.com\/fr\/producto\/double-barre-mobile-premium-maurice\/","og_site_name":"Dinamica Ballet","article_publisher":"https:\/\/www.facebook.com\/dinamicaballet","article_modified_time":"2024-09-25T12:28:09+00:00","og_image":[{"width":600,"height":800,"url":"https:\/\/new.dinamicaballet.com\/wp-content\/uploads\/2020\/12\/dinamica_ballet_shop_maurice_02.jpg","type":"image\/jpeg"}],"twitter_card":"summary_large_image","twitter_misc":{"Dur\u00e9e de lecture estim\u00e9e":"2 minutes"},"schema":{"@context":"https:\/\/schema.org","@graph":[{"@type":"WebPage","@id":"https:\/\/new.dinamicaballet.com\/fr\/producto\/double-barre-mobile-premium-maurice\/","url":"https:\/\/new.dinamicaballet.com\/fr\/producto\/double-barre-mobile-premium-maurice\/","name":"Double barre de danse mobile premium Maurice| Boutique en ligne","isPartOf":{"@id":"https:\/\/new.dinamicaballet.com\/fr\/#website"},"primaryImageOfPage":{"@id":"https:\/\/new.dinamicaballet.com\/fr\/producto\/double-barre-mobile-premium-maurice\/#primaryimage"},"image":{"@id":"https:\/\/new.dinamicaballet.com\/fr\/producto\/double-barre-mobile-premium-maurice\/#primaryimage"},"thumbnailUrl":"https:\/\/new.dinamicaballet.com\/wp-content\/uploads\/2020\/12\/dinamica_ballet_shop_maurice_02.jpg","datePublished":"2020-12-03T16:24:54+00:00","dateModified":"2024-09-25T12:28:09+00:00","description":"La Maurice est une barre compos\u00e9e de deux barres et de socles en fonte con\u00e7ue pour les sp\u00e9cialistes de la danse qui recherchent l\u2019excellence.","inLanguage":"fr-FR","potentialAction":[{"@type":"ReadAction","target":["https:\/\/new.dinamicaballet.com\/fr\/producto\/double-barre-mobile-premium-maurice\/"]}]},{"@type":"ImageObject","inLanguage":"fr-FR","@id":"https:\/\/new.dinamicaballet.com\/fr\/producto\/double-barre-mobile-premium-maurice\/#primaryimage","url":"https:\/\/new.dinamicaballet.com\/wp-content\/uploads\/2020\/12\/dinamica_ballet_shop_maurice_02.jpg","contentUrl":"https:\/\/new.dinamicaballet.com\/wp-content\/uploads\/2020\/12\/dinamica_ballet_shop_maurice_02.jpg","width":600,"height":800,"caption":"Double barre mobile premium Maurice"},{"@type":"WebSite","@id":"https:\/\/new.dinamicaballet.com\/fr\/#website","url":"https:\/\/new.dinamicaballet.com\/fr\/","name":"Dinamica Ballet","description":"Especialistas en barras de ballet y espejos para la danza","publisher":{"@id":"https:\/\/new.dinamicaballet.com\/fr\/#organization"},"potentialAction":[{"@type":"SearchAction","target":{"@type":"EntryPoint","urlTemplate":"https:\/\/new.dinamicaballet.com\/fr\/?s={search_term_string}"},"query-input":{"@type":"PropertyValueSpecification","valueRequired":true,"valueName":"search_term_string"}}],"inLanguage":"fr-FR"},{"@type":"Organization","@id":"https:\/\/new.dinamicaballet.com\/fr\/#organization","name":"Dinamica Ballet","url":"https:\/\/new.dinamicaballet.com\/fr\/","logo":{"@type":"ImageObject","inLanguage":"fr-FR","@id":"https:\/\/new.dinamicaballet.com\/fr\/#\/schema\/logo\/image\/","url":"https:\/\/new.dinamicaballet.com\/wp-content\/uploads\/2022\/03\/logo_dinamica_ballet.svg","contentUrl":"https:\/\/new.dinamicaballet.com\/wp-content\/uploads\/2022\/03\/logo_dinamica_ballet.svg","width":284,"height":51,"caption":"Dinamica Ballet"},"image":{"@id":"https:\/\/new.dinamicaballet.com\/fr\/#\/schema\/logo\/image\/"},"sameAs":["https:\/\/www.facebook.com\/dinamicaballet","https:\/\/www.instagram.com\/dinamicaballet\/","http:\/\/www.linkedin.com\/company\/dinamica-ballet","https:\/\/www.pinterest.com\/DinamicaBallet\/"]}]}},"taxonomy_info":{"product_cat":[{"value":211,"label":"Barres mobiles"},{"value":274,"label":"Collection Premium"},{"value":267,"label":"Deux barres"}],"product_tag":[{"value":264,"label":"movil"}]},"featured_image_src_large":["https:\/\/new.dinamicaballet.com\/wp-content\/uploads\/2020\/12\/dinamica_ballet_shop_maurice_02.jpg",600,800,false],"author_info":[],"comment_info":"","_links":{"self":[{"href":"https:\/\/new.dinamicaballet.com\/fr\/wp-json\/wp\/v2\/product\/8961","targetHints":{"allow":["GET"]}}],"collection":[{"href":"https:\/\/new.dinamicaballet.com\/fr\/wp-json\/wp\/v2\/product"}],"about":[{"href":"https:\/\/new.dinamicaballet.com\/fr\/wp-json\/wp\/v2\/types\/product"}],"wp:featuredmedia":[{"embeddable":true,"href":"https:\/\/new.dinamicaballet.com\/fr\/wp-json\/wp\/v2\/media\/8963"}],"wp:attachment":[{"href":"https:\/\/new.dinamicaballet.com\/fr\/wp-json\/wp\/v2\/media?parent=8961"}],"wp:term":[{"taxonomy":"product_brand","embeddable":true,"href":"https:\/\/new.dinamicaballet.com\/fr\/wp-json\/wp\/v2\/product_brand?post=8961"},{"taxonomy":"product_cat","embeddable":true,"href":"https:\/\/new.dinamicaballet.com\/fr\/wp-json\/wp\/v2\/product_cat?post=8961"},{"taxonomy":"product_tag","embeddable":true,"href":"https:\/\/new.dinamicaballet.com\/fr\/wp-json\/wp\/v2\/product_tag?post=8961"}],"curies":[{"name":"wp","href":"https:\/\/api.w.org\/{rel}","templated":true}]}}