{"id":8936,"date":"2020-12-03T16:24:55","date_gmt":"2020-12-03T16:24:55","guid":{"rendered":"https:\/\/www.dinamicaballet.com\/producto\/double-barre-mobile-a-hauteur-reglable-giselle\/"},"modified":"2024-09-25T12:55:14","modified_gmt":"2024-09-25T11:55:14","slug":"double-barre-mobile-a-hauteur-reglable-giselle","status":"publish","type":"product","link":"https:\/\/new.dinamicaballet.com\/fr\/producto\/double-barre-mobile-a-hauteur-reglable-giselle\/","title":{"rendered":"Double barre professionnelle r\u00e9glable Giselle"},"content":{"rendered":"<h3><strong>20 hauteurs diff\u00e9rentes pour convenir \u00e0 tout le monde<\/strong><\/h3>\n<p>Avec deux barres \u00e9cart\u00e9es de 19 cm et 10 positions r\u00e9glables, la Giselle offre de nombreuses possibilit\u00e9s. Sa hauteur se r\u00e8gle tr\u00e8s facilement, ce qui permet de la changer rapidement pour s&rsquo;adapter aux diff\u00e9rentes personnes et aux exercices.<\/p>\n<p>Le design exclusif des doubles supports de Dinamica Ballet r\u00e9partit la pression que le danseur exerce sur les barres. La grande stabilit\u00e9 permet aux danseuses de tous les \u00e2ges et de toutes les tailles de travailler en m\u00eame temps. Cette barre est disponible avec des barres en bois de 2 et 3 m\u00e8tres.<\/p>\n<h3><strong>Socles avec ou sans roulettes, deux options pour encore plus d&rsquo;adaptation<\/strong><\/h3>\n<p>Le mod\u00e8le Giselle fait partie de notre gamme de barres mobiles professionnelles. Nous proposons deux types de socles en acier : un socle avec deux roulettes qui p\u00e8se 20 kg et un socle plat sans roulettes, qui p\u00e8se 10 kg. Le socle avec roulettes en caoutchouc haute densit\u00e9 offre une grande stabilit\u00e9 et vous permet de d\u00e9placer la barre sans effort en l&rsquo;inclinant de 45 degr\u00e9s.<\/p>\n<p>Le socle plat est con\u00e7u pour que vous puissiez d\u00e9placer la barre en la soulevant et sans qu&rsquo;elle touche le sol. Dans les deux cas, les socles sont \u00e9quip\u00e9s de patins en PVC pour ne pas ab\u00eemer le sol. Si vous devez d\u00e9placer la barre souvent, nous vous conseillons le mod\u00e8le \u00e0 roulettes. Si vous ne pr\u00e9voyez de la d\u00e9placer qu&rsquo;occasionnellement ou que vous \u00eates deux pour le faire, optez plut\u00f4t pour le socle sans roulette.<br \/>\nLe poids total avec les socles \u00e0 roulettes et la barre en bois de 2 m\u00e8tres est de 53 kg.<br \/>\nLe poids de l&rsquo;ensemble avec les socles sans roulettes est de 34 kg.<\/p>\n<h3><strong> Fabrication avec les meilleurs mat\u00e9riaux pour une durabilit\u00e9 garantie<\/strong><\/h3>\n<p>Nos barres en bois de pin jaune issu de for\u00eats durables sont r\u00e9sistantes et l\u00e9g\u00e8rement flexibles, ce qui est id\u00e9al pour r\u00e9aliser des exercices de niveau avanc\u00e9. Le bois parfaitement poli et non verni offre une sensation agr\u00e9able, une bonne prise en main et une beaut\u00e9 naturelle. Les supports entourent fermement les barres sans qu&rsquo;il soit n\u00e9cessaire de percer des trous dans le bois, ce qui garantit des milliers d&rsquo;heures d&rsquo;utilisation et une grande facilit\u00e9 d&rsquo;installation.<\/p>\n<p>Nous avons r\u00e9alis\u00e9 des \u00e9tudes dans le laboratoire d&rsquo;\u00e9lasticit\u00e9 et de r\u00e9sistance des mat\u00e9riaux de l&rsquo;Universit\u00e9 polytechnique de Barcelone qui prouvent que la barre r\u00e9siste \u00e0 des forces de pr\u00e8s de 400 kg. Les socles et les supports sont fabriqu\u00e9s en acier de haute qualit\u00e9 avec une finition \u00e9poxy argent\u00e9e qui offre une grande r\u00e9sistance aux chocs et aux rayures.<\/p>\n<a href=\"https:\/\/new.dinamicaballet.com\/wp-content\/uploads\/2021\/05\/FT-GISELLE-0421-3.pdf\" class=\"su-button su-button-style-default\" style=\"color:#006B7C;background-color:#FFF2D5;border-color:#ccc2ab;border-radius:5px\" target=\"_blank\" rel=\"noopener noreferrer\"><span style=\"color:#006B7C;padding:0px 16px;font-size:13px;line-height:26px;border-color:#fff6e2;border-radius:5px;text-shadow:none\"> T\u00e9l\u00e9chargez la fiche technique<\/span><\/a> <a href=\"https:\/\/new.dinamicaballet.com\/wp-content\/uploads\/2021\/07\/Instruccions-Giselle.pdf\" class=\"su-button su-button-style-default\" style=\"color:#006B7C;background-color:#FFF2D5;border-color:#ccc2ab;border-radius:5px\" target=\"_blank\" rel=\"noopener noreferrer\"><span style=\"color:#006B7C;padding:0px 16px;font-size:13px;line-height:26px;border-color:#fff6e2;border-radius:5px;text-shadow:none\"> T\u00e9l\u00e9chargez la notice de montage<\/span><\/a>\n<div class=\"su-youtube su-u-responsive-media-yes\"><iframe loading=\"lazy\" width=\"600\" height=\"400\" src=\"https:\/\/www.youtube.com\/embed\/HhkzgvJWXHY?autohide=2&amp;autoplay=0&amp;mute=1&amp;controls=1&amp;fs=1&amp;loop=0&amp;modestbranding=0&amp;rel=1&amp;showinfo=1&amp;theme=dark&amp;wmode=&amp;playsinline=0\" frameborder=\"0\" allowfullscreen allow=\"autoplay; encrypted-media; picture-in-picture\" title=\"Double barre professionnelle r\u00e9glable Giselle Dinamica Ballet\"><\/iframe><\/div>\n","protected":false},"excerpt":{"rendered":"<p>La Giselle est une barre professionnelle avec des supports pour deux barres en bois et un m\u00e9canisme qui vous permet de r\u00e9gler la hauteur entre 70 et 120 centim\u00e8tres. Nous l&rsquo;avons con\u00e7ue pour une utilisation professionnelle intensive par des danseuses et des sportifs de tout \u00e2ge et de toute taille. Vous pouvez choisir un des deux types de socle, avec ou sans roulettes, pour transporter facilement la barre entre les cours.<\/p>\n<p><strong>LIVRAISON ET TVA INCLUSES<\/strong><\/p>\n","protected":false},"featured_media":8954,"template":"","meta":{"_editorskit_title_hidden":false,"_editorskit_reading_time":0,"_editorskit_is_block_options_detached":false,"_editorskit_block_options_position":"{}","inline_featured_image":false,"_kad_blocks_custom_css":"","_kad_blocks_head_custom_js":"","_kad_blocks_body_custom_js":"","_kad_blocks_footer_custom_js":""},"product_brand":[],"product_cat":[211,214,266,267],"product_tag":[264],"class_list":{"0":"post-8936","1":"product","2":"type-product","3":"status-publish","4":"has-post-thumbnail","6":"product_cat-barres-de-danse-classique-mobiles","7":"product_cat-barres-de-ballet-ajustable-en-hauteur","8":"product_cat-collection-pro","9":"product_cat-deux-barres","10":"product_tag-movil-fr","11":"post","12":"with-featured-image","14":"first","15":"instock","16":"taxable","17":"shipping-taxable","18":"purchasable","19":"product-type-variable"},"yoast_head":"<!-- This site is optimized with the Yoast SEO plugin v27.4 - https:\/\/yoast.com\/product\/yoast-seo-wordpress\/ -->\n<title>Double barre de danse classique professionnelle \u00e0 hauteur r\u00e9glable Giselle<\/title>\n<meta name=\"description\" content=\"La Giselle est une barre professionnelle avec des supports pour deux barres en bois et un m\u00e9canisme qui vous permet de r\u00e9gler la hauteur.\" \/>\n<meta name=\"robots\" content=\"noindex, follow, max-snippet:-1, max-image-preview:large, max-video-preview:-1\" \/>\n<meta property=\"og:locale\" content=\"fr_FR\" \/>\n<meta property=\"og:type\" content=\"article\" \/>\n<meta property=\"og:title\" content=\"Double barre de danse classique professionnelle \u00e0 hauteur r\u00e9glable Giselle\" \/>\n<meta property=\"og:description\" content=\"La Giselle est une barre professionnelle avec des supports pour deux barres en bois et un m\u00e9canisme qui vous permet de r\u00e9gler la hauteur.\" \/>\n<meta property=\"og:url\" content=\"https:\/\/new.dinamicaballet.com\/fr\/producto\/double-barre-mobile-a-hauteur-reglable-giselle\/\" \/>\n<meta property=\"og:site_name\" content=\"Dinamica Ballet\" \/>\n<meta property=\"article:publisher\" content=\"https:\/\/www.facebook.com\/dinamicaballet\" \/>\n<meta property=\"article:modified_time\" content=\"2024-09-25T11:55:14+00:00\" \/>\n<meta property=\"og:image\" content=\"https:\/\/new.dinamicaballet.com\/wp-content\/uploads\/2020\/12\/dinamica_ballet_shop_giselle_01.jpg\" \/>\n\t<meta property=\"og:image:width\" content=\"600\" \/>\n\t<meta property=\"og:image:height\" content=\"800\" \/>\n\t<meta property=\"og:image:type\" content=\"image\/jpeg\" \/>\n<meta name=\"twitter:card\" content=\"summary_large_image\" \/>\n<meta name=\"twitter:label1\" content=\"Dur\u00e9e de lecture estim\u00e9e\" \/>\n\t<meta name=\"twitter:data1\" content=\"3 minutes\" \/>\n<script type=\"application\/ld+json\" class=\"yoast-schema-graph\">{\"@context\":\"https:\\\/\\\/schema.org\",\"@graph\":[{\"@type\":\"WebPage\",\"@id\":\"https:\\\/\\\/new.dinamicaballet.com\\\/fr\\\/producto\\\/double-barre-mobile-a-hauteur-reglable-giselle\\\/\",\"url\":\"https:\\\/\\\/new.dinamicaballet.com\\\/fr\\\/producto\\\/double-barre-mobile-a-hauteur-reglable-giselle\\\/\",\"name\":\"Double barre de danse classique professionnelle \u00e0 hauteur r\u00e9glable Giselle\",\"isPartOf\":{\"@id\":\"https:\\\/\\\/new.dinamicaballet.com\\\/fr\\\/#website\"},\"primaryImageOfPage\":{\"@id\":\"https:\\\/\\\/new.dinamicaballet.com\\\/fr\\\/producto\\\/double-barre-mobile-a-hauteur-reglable-giselle\\\/#primaryimage\"},\"image\":{\"@id\":\"https:\\\/\\\/new.dinamicaballet.com\\\/fr\\\/producto\\\/double-barre-mobile-a-hauteur-reglable-giselle\\\/#primaryimage\"},\"thumbnailUrl\":\"https:\\\/\\\/new.dinamicaballet.com\\\/wp-content\\\/uploads\\\/2020\\\/12\\\/dinamica_ballet_shop_giselle_01.jpg\",\"datePublished\":\"2020-12-03T16:24:55+00:00\",\"dateModified\":\"2024-09-25T11:55:14+00:00\",\"description\":\"La Giselle est une barre professionnelle avec des supports pour deux barres en bois et un m\u00e9canisme qui vous permet de r\u00e9gler la hauteur.\",\"inLanguage\":\"fr-FR\",\"potentialAction\":[{\"@type\":\"ReadAction\",\"target\":[\"https:\\\/\\\/new.dinamicaballet.com\\\/fr\\\/producto\\\/double-barre-mobile-a-hauteur-reglable-giselle\\\/\"]}]},{\"@type\":\"ImageObject\",\"inLanguage\":\"fr-FR\",\"@id\":\"https:\\\/\\\/new.dinamicaballet.com\\\/fr\\\/producto\\\/double-barre-mobile-a-hauteur-reglable-giselle\\\/#primaryimage\",\"url\":\"https:\\\/\\\/new.dinamicaballet.com\\\/wp-content\\\/uploads\\\/2020\\\/12\\\/dinamica_ballet_shop_giselle_01.jpg\",\"contentUrl\":\"https:\\\/\\\/new.dinamicaballet.com\\\/wp-content\\\/uploads\\\/2020\\\/12\\\/dinamica_ballet_shop_giselle_01.jpg\",\"width\":600,\"height\":800,\"caption\":\"Double barre mobile \u00e0 hauteur r\u00e9glable Giselle\"},{\"@type\":\"WebSite\",\"@id\":\"https:\\\/\\\/new.dinamicaballet.com\\\/fr\\\/#website\",\"url\":\"https:\\\/\\\/new.dinamicaballet.com\\\/fr\\\/\",\"name\":\"Dinamica Ballet\",\"description\":\"Especialistas en barras de ballet y espejos para la danza\",\"publisher\":{\"@id\":\"https:\\\/\\\/new.dinamicaballet.com\\\/fr\\\/#organization\"},\"potentialAction\":[{\"@type\":\"SearchAction\",\"target\":{\"@type\":\"EntryPoint\",\"urlTemplate\":\"https:\\\/\\\/new.dinamicaballet.com\\\/fr\\\/?s={search_term_string}\"},\"query-input\":{\"@type\":\"PropertyValueSpecification\",\"valueRequired\":true,\"valueName\":\"search_term_string\"}}],\"inLanguage\":\"fr-FR\"},{\"@type\":\"Organization\",\"@id\":\"https:\\\/\\\/new.dinamicaballet.com\\\/fr\\\/#organization\",\"name\":\"Dinamica Ballet\",\"url\":\"https:\\\/\\\/new.dinamicaballet.com\\\/fr\\\/\",\"logo\":{\"@type\":\"ImageObject\",\"inLanguage\":\"fr-FR\",\"@id\":\"https:\\\/\\\/new.dinamicaballet.com\\\/fr\\\/#\\\/schema\\\/logo\\\/image\\\/\",\"url\":\"https:\\\/\\\/new.dinamicaballet.com\\\/wp-content\\\/uploads\\\/2022\\\/03\\\/logo_dinamica_ballet.svg\",\"contentUrl\":\"https:\\\/\\\/new.dinamicaballet.com\\\/wp-content\\\/uploads\\\/2022\\\/03\\\/logo_dinamica_ballet.svg\",\"width\":284,\"height\":51,\"caption\":\"Dinamica Ballet\"},\"image\":{\"@id\":\"https:\\\/\\\/new.dinamicaballet.com\\\/fr\\\/#\\\/schema\\\/logo\\\/image\\\/\"},\"sameAs\":[\"https:\\\/\\\/www.facebook.com\\\/dinamicaballet\",\"https:\\\/\\\/www.instagram.com\\\/dinamicaballet\\\/\",\"http:\\\/\\\/www.linkedin.com\\\/company\\\/dinamica-ballet\",\"https:\\\/\\\/www.pinterest.com\\\/DinamicaBallet\\\/\"]}]}<\/script>\n<!-- \/ Yoast SEO plugin. -->","yoast_head_json":{"title":"Double barre de danse classique professionnelle \u00e0 hauteur r\u00e9glable Giselle","description":"La Giselle est une barre professionnelle avec des supports pour deux barres en bois et un m\u00e9canisme qui vous permet de r\u00e9gler la hauteur.","robots":{"index":"noindex","follow":"follow","max-snippet":"max-snippet:-1","max-image-preview":"max-image-preview:large","max-video-preview":"max-video-preview:-1"},"og_locale":"fr_FR","og_type":"article","og_title":"Double barre de danse classique professionnelle \u00e0 hauteur r\u00e9glable Giselle","og_description":"La Giselle est une barre professionnelle avec des supports pour deux barres en bois et un m\u00e9canisme qui vous permet de r\u00e9gler la hauteur.","og_url":"https:\/\/new.dinamicaballet.com\/fr\/producto\/double-barre-mobile-a-hauteur-reglable-giselle\/","og_site_name":"Dinamica Ballet","article_publisher":"https:\/\/www.facebook.com\/dinamicaballet","article_modified_time":"2024-09-25T11:55:14+00:00","og_image":[{"width":600,"height":800,"url":"https:\/\/new.dinamicaballet.com\/wp-content\/uploads\/2020\/12\/dinamica_ballet_shop_giselle_01.jpg","type":"image\/jpeg"}],"twitter_card":"summary_large_image","twitter_misc":{"Dur\u00e9e de lecture estim\u00e9e":"3 minutes"},"schema":{"@context":"https:\/\/schema.org","@graph":[{"@type":"WebPage","@id":"https:\/\/new.dinamicaballet.com\/fr\/producto\/double-barre-mobile-a-hauteur-reglable-giselle\/","url":"https:\/\/new.dinamicaballet.com\/fr\/producto\/double-barre-mobile-a-hauteur-reglable-giselle\/","name":"Double barre de danse classique professionnelle \u00e0 hauteur r\u00e9glable Giselle","isPartOf":{"@id":"https:\/\/new.dinamicaballet.com\/fr\/#website"},"primaryImageOfPage":{"@id":"https:\/\/new.dinamicaballet.com\/fr\/producto\/double-barre-mobile-a-hauteur-reglable-giselle\/#primaryimage"},"image":{"@id":"https:\/\/new.dinamicaballet.com\/fr\/producto\/double-barre-mobile-a-hauteur-reglable-giselle\/#primaryimage"},"thumbnailUrl":"https:\/\/new.dinamicaballet.com\/wp-content\/uploads\/2020\/12\/dinamica_ballet_shop_giselle_01.jpg","datePublished":"2020-12-03T16:24:55+00:00","dateModified":"2024-09-25T11:55:14+00:00","description":"La Giselle est une barre professionnelle avec des supports pour deux barres en bois et un m\u00e9canisme qui vous permet de r\u00e9gler la hauteur.","inLanguage":"fr-FR","potentialAction":[{"@type":"ReadAction","target":["https:\/\/new.dinamicaballet.com\/fr\/producto\/double-barre-mobile-a-hauteur-reglable-giselle\/"]}]},{"@type":"ImageObject","inLanguage":"fr-FR","@id":"https:\/\/new.dinamicaballet.com\/fr\/producto\/double-barre-mobile-a-hauteur-reglable-giselle\/#primaryimage","url":"https:\/\/new.dinamicaballet.com\/wp-content\/uploads\/2020\/12\/dinamica_ballet_shop_giselle_01.jpg","contentUrl":"https:\/\/new.dinamicaballet.com\/wp-content\/uploads\/2020\/12\/dinamica_ballet_shop_giselle_01.jpg","width":600,"height":800,"caption":"Double barre mobile \u00e0 hauteur r\u00e9glable Giselle"},{"@type":"WebSite","@id":"https:\/\/new.dinamicaballet.com\/fr\/#website","url":"https:\/\/new.dinamicaballet.com\/fr\/","name":"Dinamica Ballet","description":"Especialistas en barras de ballet y espejos para la danza","publisher":{"@id":"https:\/\/new.dinamicaballet.com\/fr\/#organization"},"potentialAction":[{"@type":"SearchAction","target":{"@type":"EntryPoint","urlTemplate":"https:\/\/new.dinamicaballet.com\/fr\/?s={search_term_string}"},"query-input":{"@type":"PropertyValueSpecification","valueRequired":true,"valueName":"search_term_string"}}],"inLanguage":"fr-FR"},{"@type":"Organization","@id":"https:\/\/new.dinamicaballet.com\/fr\/#organization","name":"Dinamica Ballet","url":"https:\/\/new.dinamicaballet.com\/fr\/","logo":{"@type":"ImageObject","inLanguage":"fr-FR","@id":"https:\/\/new.dinamicaballet.com\/fr\/#\/schema\/logo\/image\/","url":"https:\/\/new.dinamicaballet.com\/wp-content\/uploads\/2022\/03\/logo_dinamica_ballet.svg","contentUrl":"https:\/\/new.dinamicaballet.com\/wp-content\/uploads\/2022\/03\/logo_dinamica_ballet.svg","width":284,"height":51,"caption":"Dinamica Ballet"},"image":{"@id":"https:\/\/new.dinamicaballet.com\/fr\/#\/schema\/logo\/image\/"},"sameAs":["https:\/\/www.facebook.com\/dinamicaballet","https:\/\/www.instagram.com\/dinamicaballet\/","http:\/\/www.linkedin.com\/company\/dinamica-ballet","https:\/\/www.pinterest.com\/DinamicaBallet\/"]}]}},"taxonomy_info":{"product_cat":[{"value":211,"label":"Barres mobiles"},{"value":214,"label":"Barres r\u00e9glables"},{"value":266,"label":"Collection Pro"},{"value":267,"label":"Deux barres"}],"product_tag":[{"value":264,"label":"movil"}]},"featured_image_src_large":["https:\/\/new.dinamicaballet.com\/wp-content\/uploads\/2020\/12\/dinamica_ballet_shop_giselle_01.jpg",600,800,false],"author_info":[],"comment_info":"","_links":{"self":[{"href":"https:\/\/new.dinamicaballet.com\/fr\/wp-json\/wp\/v2\/product\/8936","targetHints":{"allow":["GET"]}}],"collection":[{"href":"https:\/\/new.dinamicaballet.com\/fr\/wp-json\/wp\/v2\/product"}],"about":[{"href":"https:\/\/new.dinamicaballet.com\/fr\/wp-json\/wp\/v2\/types\/product"}],"wp:featuredmedia":[{"embeddable":true,"href":"https:\/\/new.dinamicaballet.com\/fr\/wp-json\/wp\/v2\/media\/8954"}],"wp:attachment":[{"href":"https:\/\/new.dinamicaballet.com\/fr\/wp-json\/wp\/v2\/media?parent=8936"}],"wp:term":[{"taxonomy":"product_brand","embeddable":true,"href":"https:\/\/new.dinamicaballet.com\/fr\/wp-json\/wp\/v2\/product_brand?post=8936"},{"taxonomy":"product_cat","embeddable":true,"href":"https:\/\/new.dinamicaballet.com\/fr\/wp-json\/wp\/v2\/product_cat?post=8936"},{"taxonomy":"product_tag","embeddable":true,"href":"https:\/\/new.dinamicaballet.com\/fr\/wp-json\/wp\/v2\/product_tag?post=8936"}],"curies":[{"name":"wp","href":"https:\/\/api.w.org\/{rel}","templated":true}]}}