{"id":8868,"date":"2020-12-03T16:24:54","date_gmt":"2020-12-03T16:24:54","guid":{"rendered":"https:\/\/www.dinamicaballet.com\/producto\/barre-mobile-professionnelle-avant\/"},"modified":"2025-05-16T11:08:27","modified_gmt":"2025-05-16T10:08:27","slug":"barre-mobile-professionnelle-avant","status":"publish","type":"product","link":"https:\/\/new.dinamicaballet.com\/fr\/producto\/barre-mobile-professionnelle-avant\/","title":{"rendered":"Barre de danse professionnelle Avant"},"content":{"rendered":"<h3><strong>Stabilit\u00e9 et r\u00e9sistance exceptionnelles <\/strong><\/h3>\n<p>Le design exclusif des supports de notre gamme professionnelle r\u00e9partit la pression que la danseuse exerce sur la barre et les socles en acier offrent une grande stabilit\u00e9. Nous avons r\u00e9alis\u00e9 des \u00e9tudes dans le laboratoire d&rsquo;\u00e9lasticit\u00e9 des mat\u00e9riaux de l&rsquo;Universit\u00e9 polytechnique de Catalogne qui prouvent que la barre r\u00e9siste \u00e0 des forces de pr\u00e8s de 400 kg. La barre Avant est reconnue \u00e0 la fois par les professionnels qui recherchent des performances \u00e9lev\u00e9es et par les amateurs en qu\u00eate de stabilit\u00e9 pour les r\u00e9aliser les exercices les plus exigeants chez eux.<\/p>\n<h3><strong>Socle avec ou sans roulettes pour s&rsquo;adapter \u00e0 vos besoins<\/strong><\/h3>\n<p>Le mod\u00e8le Avant fait partie de notre gamme de barres mobiles professionnelles. Nous proposons deux types de socles en acier : un socle avec deux roulettes qui p\u00e8se 20 kg et un socle plat sans roulettes, qui p\u00e8se 10 kg. Le socle avec roulettes en caoutchouc haute densit\u00e9 offre une grande stabilit\u00e9 et vous permet de d\u00e9placer la barre sans effort en l&rsquo;inclinant de 45 degr\u00e9s. Le socle plat est con\u00e7u pour que vous puissiez d\u00e9placer la barre sans qu&rsquo;elle touche le sol.<br \/>\nDans les deux cas, les socles sont \u00e9quip\u00e9s de patins en PVC pour prot\u00e9ger le sol, m\u00eame s&rsquo;il est en bois. Si vous comptez amenez la barre Avant en tourn\u00e9e ou si vous devez la d\u00e9placer souvent, nous vous conseillons le mod\u00e8le \u00e0 roulettes. Si vous ne pr\u00e9voyez de la d\u00e9placer qu&rsquo;occasionnellement ou que vous \u00eates deux pour le faire, le socle plat est plus indiqu\u00e9. Le poids total avec les socles \u00e0 roulettes et la barre en bois de 2 m\u00e8tres est de 48 kg. Le poids de l&rsquo;ensemble avec les socles sans roulettes est de 32 kg.<\/p>\n<h3><strong>Appr\u00e9ciez la sensation inimitable du bois<\/strong><\/h3>\n<p>Nos barres en bois de pin jaune issu de for\u00eats durables sont r\u00e9sistantes et l\u00e9g\u00e8rement flexibles, ce qui est id\u00e9al pour r\u00e9aliser des exercices de niveau avanc\u00e9. Le bois parfaitement poli et non verni offre une sensation agr\u00e9able, une bonne prise en main et une beaut\u00e9 naturelle. Le mod\u00e8le Avant est disponible avec des barres en bois de 1,5 m\u00e8tre, 2 m\u00e8tres et 3 m\u00e8tres.<\/p>\n<a href=\"https:\/\/new.dinamicaballet.com\/wp-content\/uploads\/2021\/05\/FT-AVANT-0421-3.pdf\" class=\"su-button su-button-style-default\" style=\"color:#006B7C;background-color:#FFF2D5;border-color:#ccc2ab;border-radius:5px\" target=\"_blank\" rel=\"noopener noreferrer\"><span style=\"color:#006B7C;padding:0px 16px;font-size:13px;line-height:26px;border-color:#fff6e2;border-radius:5px;text-shadow:none\"> T\u00e9l\u00e9charger la fiche technique<\/span><\/a> <a href=\"https:\/\/new.dinamicaballet.com\/wp-content\/uploads\/2021\/07\/Instruccions-Avant.pdf\" class=\"su-button su-button-style-default\" style=\"color:#006B7C;background-color:#FFF2D5;border-color:#ccc2ab;border-radius:5px\" target=\"_blank\" rel=\"noopener noreferrer\"><span style=\"color:#006B7C;padding:0px 16px;font-size:13px;line-height:26px;border-color:#fff6e2;border-radius:5px;text-shadow:none\"> T\u00e9l\u00e9charger les instructions<\/span><\/a>\n<p>&nbsp;<\/p>\n<div class=\"su-youtube su-u-responsive-media-yes\"><iframe loading=\"lazy\" width=\"600\" height=\"400\" src=\"https:\/\/www.youtube.com\/embed\/GpvSn3xFP98?autohide=2&amp;autoplay=0&amp;mute=1&amp;controls=1&amp;fs=1&amp;loop=0&amp;modestbranding=0&amp;rel=1&amp;showinfo=1&amp;theme=dark&amp;wmode=&amp;playsinline=0\" frameborder=\"0\" allowfullscreen allow=\"autoplay; encrypted-media; picture-in-picture\" title=\"Barre de danse professionnelle Avant Dinamica Ballet\"><\/iframe><\/div>\n","protected":false},"excerpt":{"rendered":"<p>La barre Avant est un mod\u00e8le professionnel avec deux types de socles disponibles. Avec une hauteur de 103 centim\u00e8tres, c&rsquo;est une barre id\u00e9ale pour s&rsquo;entra\u00eener efficacement \u00e0 l&rsquo;\u00e9cole de danse ou chez soi.<\/p>\n<p><strong>LIVRAISON ET TVA INCLUSES<\/strong><\/p>\n","protected":false},"featured_media":8885,"template":"","meta":{"_editorskit_title_hidden":false,"_editorskit_reading_time":0,"_editorskit_is_block_options_detached":false,"_editorskit_block_options_position":"{}","inline_featured_image":false,"_kad_blocks_custom_css":"","_kad_blocks_head_custom_js":"","_kad_blocks_body_custom_js":"","_kad_blocks_footer_custom_js":""},"product_brand":[],"product_cat":[211,266,262],"product_tag":[264],"class_list":{"0":"post-8868","1":"product","2":"type-product","3":"status-publish","4":"has-post-thumbnail","6":"product_cat-barres-de-danse-classique-mobiles","7":"product_cat-collection-pro","8":"product_cat-une-barre","9":"product_tag-movil-fr","10":"post","11":"with-featured-image","13":"first","14":"instock","15":"taxable","16":"shipping-taxable","17":"purchasable","18":"product-type-variable"},"yoast_head":"<!-- This site is optimized with the Yoast SEO plugin v27.4 - https:\/\/yoast.com\/product\/yoast-seo-wordpress\/ -->\n<title>Barre de danse mobile professionnelle Avant | Boutique en ligne<\/title>\n<meta name=\"description\" content=\"Avec une hauteur de 103 centim\u00e8tres, c\u2019est une barre de danse id\u00e9ale pour s\u2019entra\u00eener efficacement \u00e0 l\u2019\u00e9cole de danse ou chez soi.\" \/>\n<meta name=\"robots\" content=\"noindex, follow, max-snippet:-1, max-image-preview:large, max-video-preview:-1\" \/>\n<meta property=\"og:locale\" content=\"fr_FR\" \/>\n<meta property=\"og:type\" content=\"article\" \/>\n<meta property=\"og:title\" content=\"Barre de danse mobile professionnelle Avant | Boutique en ligne\" \/>\n<meta property=\"og:description\" content=\"Avec une hauteur de 103 centim\u00e8tres, c\u2019est une barre de danse id\u00e9ale pour s\u2019entra\u00eener efficacement \u00e0 l\u2019\u00e9cole de danse ou chez soi.\" \/>\n<meta property=\"og:url\" content=\"https:\/\/new.dinamicaballet.com\/fr\/producto\/barre-mobile-professionnelle-avant\/\" \/>\n<meta property=\"og:site_name\" content=\"Dinamica Ballet\" \/>\n<meta property=\"article:publisher\" content=\"https:\/\/www.facebook.com\/dinamicaballet\" \/>\n<meta property=\"article:modified_time\" content=\"2025-05-16T10:08:27+00:00\" \/>\n<meta property=\"og:image\" content=\"https:\/\/new.dinamicaballet.com\/wp-content\/uploads\/2020\/12\/dinamica_ballet_shop_avant_01.jpg\" \/>\n\t<meta property=\"og:image:width\" content=\"600\" \/>\n\t<meta property=\"og:image:height\" content=\"800\" \/>\n\t<meta property=\"og:image:type\" content=\"image\/jpeg\" \/>\n<meta name=\"twitter:card\" content=\"summary_large_image\" \/>\n<meta name=\"twitter:label1\" content=\"Dur\u00e9e de lecture estim\u00e9e\" \/>\n\t<meta name=\"twitter:data1\" content=\"2 minutes\" \/>\n<script type=\"application\/ld+json\" class=\"yoast-schema-graph\">{\"@context\":\"https:\\\/\\\/schema.org\",\"@graph\":[{\"@type\":\"WebPage\",\"@id\":\"https:\\\/\\\/new.dinamicaballet.com\\\/fr\\\/producto\\\/barre-mobile-professionnelle-avant\\\/\",\"url\":\"https:\\\/\\\/new.dinamicaballet.com\\\/fr\\\/producto\\\/barre-mobile-professionnelle-avant\\\/\",\"name\":\"Barre de danse mobile professionnelle Avant | Boutique en ligne\",\"isPartOf\":{\"@id\":\"https:\\\/\\\/new.dinamicaballet.com\\\/fr\\\/#website\"},\"primaryImageOfPage\":{\"@id\":\"https:\\\/\\\/new.dinamicaballet.com\\\/fr\\\/producto\\\/barre-mobile-professionnelle-avant\\\/#primaryimage\"},\"image\":{\"@id\":\"https:\\\/\\\/new.dinamicaballet.com\\\/fr\\\/producto\\\/barre-mobile-professionnelle-avant\\\/#primaryimage\"},\"thumbnailUrl\":\"https:\\\/\\\/new.dinamicaballet.com\\\/wp-content\\\/uploads\\\/2020\\\/12\\\/dinamica_ballet_shop_avant_01.jpg\",\"datePublished\":\"2020-12-03T16:24:54+00:00\",\"dateModified\":\"2025-05-16T10:08:27+00:00\",\"description\":\"Avec une hauteur de 103 centim\u00e8tres, c\u2019est une barre de danse id\u00e9ale pour s\u2019entra\u00eener efficacement \u00e0 l\u2019\u00e9cole de danse ou chez soi.\",\"inLanguage\":\"fr-FR\",\"potentialAction\":[{\"@type\":\"ReadAction\",\"target\":[\"https:\\\/\\\/new.dinamicaballet.com\\\/fr\\\/producto\\\/barre-mobile-professionnelle-avant\\\/\"]}]},{\"@type\":\"ImageObject\",\"inLanguage\":\"fr-FR\",\"@id\":\"https:\\\/\\\/new.dinamicaballet.com\\\/fr\\\/producto\\\/barre-mobile-professionnelle-avant\\\/#primaryimage\",\"url\":\"https:\\\/\\\/new.dinamicaballet.com\\\/wp-content\\\/uploads\\\/2020\\\/12\\\/dinamica_ballet_shop_avant_01.jpg\",\"contentUrl\":\"https:\\\/\\\/new.dinamicaballet.com\\\/wp-content\\\/uploads\\\/2020\\\/12\\\/dinamica_ballet_shop_avant_01.jpg\",\"width\":600,\"height\":800,\"caption\":\"Barre mobile professionnelle Avant\"},{\"@type\":\"WebSite\",\"@id\":\"https:\\\/\\\/new.dinamicaballet.com\\\/fr\\\/#website\",\"url\":\"https:\\\/\\\/new.dinamicaballet.com\\\/fr\\\/\",\"name\":\"Dinamica Ballet\",\"description\":\"Especialistas en barras de ballet y espejos para la danza\",\"publisher\":{\"@id\":\"https:\\\/\\\/new.dinamicaballet.com\\\/fr\\\/#organization\"},\"potentialAction\":[{\"@type\":\"SearchAction\",\"target\":{\"@type\":\"EntryPoint\",\"urlTemplate\":\"https:\\\/\\\/new.dinamicaballet.com\\\/fr\\\/?s={search_term_string}\"},\"query-input\":{\"@type\":\"PropertyValueSpecification\",\"valueRequired\":true,\"valueName\":\"search_term_string\"}}],\"inLanguage\":\"fr-FR\"},{\"@type\":\"Organization\",\"@id\":\"https:\\\/\\\/new.dinamicaballet.com\\\/fr\\\/#organization\",\"name\":\"Dinamica Ballet\",\"url\":\"https:\\\/\\\/new.dinamicaballet.com\\\/fr\\\/\",\"logo\":{\"@type\":\"ImageObject\",\"inLanguage\":\"fr-FR\",\"@id\":\"https:\\\/\\\/new.dinamicaballet.com\\\/fr\\\/#\\\/schema\\\/logo\\\/image\\\/\",\"url\":\"https:\\\/\\\/new.dinamicaballet.com\\\/wp-content\\\/uploads\\\/2022\\\/03\\\/logo_dinamica_ballet.svg\",\"contentUrl\":\"https:\\\/\\\/new.dinamicaballet.com\\\/wp-content\\\/uploads\\\/2022\\\/03\\\/logo_dinamica_ballet.svg\",\"width\":284,\"height\":51,\"caption\":\"Dinamica Ballet\"},\"image\":{\"@id\":\"https:\\\/\\\/new.dinamicaballet.com\\\/fr\\\/#\\\/schema\\\/logo\\\/image\\\/\"},\"sameAs\":[\"https:\\\/\\\/www.facebook.com\\\/dinamicaballet\",\"https:\\\/\\\/www.instagram.com\\\/dinamicaballet\\\/\",\"http:\\\/\\\/www.linkedin.com\\\/company\\\/dinamica-ballet\",\"https:\\\/\\\/www.pinterest.com\\\/DinamicaBallet\\\/\"]}]}<\/script>\n<!-- \/ Yoast SEO plugin. -->","yoast_head_json":{"title":"Barre de danse mobile professionnelle Avant | Boutique en ligne","description":"Avec une hauteur de 103 centim\u00e8tres, c\u2019est une barre de danse id\u00e9ale pour s\u2019entra\u00eener efficacement \u00e0 l\u2019\u00e9cole de danse ou chez soi.","robots":{"index":"noindex","follow":"follow","max-snippet":"max-snippet:-1","max-image-preview":"max-image-preview:large","max-video-preview":"max-video-preview:-1"},"og_locale":"fr_FR","og_type":"article","og_title":"Barre de danse mobile professionnelle Avant | Boutique en ligne","og_description":"Avec une hauteur de 103 centim\u00e8tres, c\u2019est une barre de danse id\u00e9ale pour s\u2019entra\u00eener efficacement \u00e0 l\u2019\u00e9cole de danse ou chez soi.","og_url":"https:\/\/new.dinamicaballet.com\/fr\/producto\/barre-mobile-professionnelle-avant\/","og_site_name":"Dinamica Ballet","article_publisher":"https:\/\/www.facebook.com\/dinamicaballet","article_modified_time":"2025-05-16T10:08:27+00:00","og_image":[{"width":600,"height":800,"url":"https:\/\/new.dinamicaballet.com\/wp-content\/uploads\/2020\/12\/dinamica_ballet_shop_avant_01.jpg","type":"image\/jpeg"}],"twitter_card":"summary_large_image","twitter_misc":{"Dur\u00e9e de lecture estim\u00e9e":"2 minutes"},"schema":{"@context":"https:\/\/schema.org","@graph":[{"@type":"WebPage","@id":"https:\/\/new.dinamicaballet.com\/fr\/producto\/barre-mobile-professionnelle-avant\/","url":"https:\/\/new.dinamicaballet.com\/fr\/producto\/barre-mobile-professionnelle-avant\/","name":"Barre de danse mobile professionnelle Avant | Boutique en ligne","isPartOf":{"@id":"https:\/\/new.dinamicaballet.com\/fr\/#website"},"primaryImageOfPage":{"@id":"https:\/\/new.dinamicaballet.com\/fr\/producto\/barre-mobile-professionnelle-avant\/#primaryimage"},"image":{"@id":"https:\/\/new.dinamicaballet.com\/fr\/producto\/barre-mobile-professionnelle-avant\/#primaryimage"},"thumbnailUrl":"https:\/\/new.dinamicaballet.com\/wp-content\/uploads\/2020\/12\/dinamica_ballet_shop_avant_01.jpg","datePublished":"2020-12-03T16:24:54+00:00","dateModified":"2025-05-16T10:08:27+00:00","description":"Avec une hauteur de 103 centim\u00e8tres, c\u2019est une barre de danse id\u00e9ale pour s\u2019entra\u00eener efficacement \u00e0 l\u2019\u00e9cole de danse ou chez soi.","inLanguage":"fr-FR","potentialAction":[{"@type":"ReadAction","target":["https:\/\/new.dinamicaballet.com\/fr\/producto\/barre-mobile-professionnelle-avant\/"]}]},{"@type":"ImageObject","inLanguage":"fr-FR","@id":"https:\/\/new.dinamicaballet.com\/fr\/producto\/barre-mobile-professionnelle-avant\/#primaryimage","url":"https:\/\/new.dinamicaballet.com\/wp-content\/uploads\/2020\/12\/dinamica_ballet_shop_avant_01.jpg","contentUrl":"https:\/\/new.dinamicaballet.com\/wp-content\/uploads\/2020\/12\/dinamica_ballet_shop_avant_01.jpg","width":600,"height":800,"caption":"Barre mobile professionnelle Avant"},{"@type":"WebSite","@id":"https:\/\/new.dinamicaballet.com\/fr\/#website","url":"https:\/\/new.dinamicaballet.com\/fr\/","name":"Dinamica Ballet","description":"Especialistas en barras de ballet y espejos para la danza","publisher":{"@id":"https:\/\/new.dinamicaballet.com\/fr\/#organization"},"potentialAction":[{"@type":"SearchAction","target":{"@type":"EntryPoint","urlTemplate":"https:\/\/new.dinamicaballet.com\/fr\/?s={search_term_string}"},"query-input":{"@type":"PropertyValueSpecification","valueRequired":true,"valueName":"search_term_string"}}],"inLanguage":"fr-FR"},{"@type":"Organization","@id":"https:\/\/new.dinamicaballet.com\/fr\/#organization","name":"Dinamica Ballet","url":"https:\/\/new.dinamicaballet.com\/fr\/","logo":{"@type":"ImageObject","inLanguage":"fr-FR","@id":"https:\/\/new.dinamicaballet.com\/fr\/#\/schema\/logo\/image\/","url":"https:\/\/new.dinamicaballet.com\/wp-content\/uploads\/2022\/03\/logo_dinamica_ballet.svg","contentUrl":"https:\/\/new.dinamicaballet.com\/wp-content\/uploads\/2022\/03\/logo_dinamica_ballet.svg","width":284,"height":51,"caption":"Dinamica Ballet"},"image":{"@id":"https:\/\/new.dinamicaballet.com\/fr\/#\/schema\/logo\/image\/"},"sameAs":["https:\/\/www.facebook.com\/dinamicaballet","https:\/\/www.instagram.com\/dinamicaballet\/","http:\/\/www.linkedin.com\/company\/dinamica-ballet","https:\/\/www.pinterest.com\/DinamicaBallet\/"]}]}},"taxonomy_info":{"product_cat":[{"value":211,"label":"Barres mobiles"},{"value":266,"label":"Collection Pro"},{"value":262,"label":"Une barre"}],"product_tag":[{"value":264,"label":"movil"}]},"featured_image_src_large":["https:\/\/new.dinamicaballet.com\/wp-content\/uploads\/2020\/12\/dinamica_ballet_shop_avant_01.jpg",600,800,false],"author_info":[],"comment_info":"","_links":{"self":[{"href":"https:\/\/new.dinamicaballet.com\/fr\/wp-json\/wp\/v2\/product\/8868","targetHints":{"allow":["GET"]}}],"collection":[{"href":"https:\/\/new.dinamicaballet.com\/fr\/wp-json\/wp\/v2\/product"}],"about":[{"href":"https:\/\/new.dinamicaballet.com\/fr\/wp-json\/wp\/v2\/types\/product"}],"wp:featuredmedia":[{"embeddable":true,"href":"https:\/\/new.dinamicaballet.com\/fr\/wp-json\/wp\/v2\/media\/8885"}],"wp:attachment":[{"href":"https:\/\/new.dinamicaballet.com\/fr\/wp-json\/wp\/v2\/media?parent=8868"}],"wp:term":[{"taxonomy":"product_brand","embeddable":true,"href":"https:\/\/new.dinamicaballet.com\/fr\/wp-json\/wp\/v2\/product_brand?post=8868"},{"taxonomy":"product_cat","embeddable":true,"href":"https:\/\/new.dinamicaballet.com\/fr\/wp-json\/wp\/v2\/product_cat?post=8868"},{"taxonomy":"product_tag","embeddable":true,"href":"https:\/\/new.dinamicaballet.com\/fr\/wp-json\/wp\/v2\/product_tag?post=8868"}],"curies":[{"name":"wp","href":"https:\/\/api.w.org\/{rel}","templated":true}]}}