{"id":8808,"date":"2020-12-03T16:24:53","date_gmt":"2020-12-03T16:24:53","guid":{"rendered":"https:\/\/www.dinamicaballet.com\/producto\/barre-fixee-au-mur-arabesque\/"},"modified":"2024-09-20T13:25:25","modified_gmt":"2024-09-20T12:25:25","slug":"barre-fixee-au-mur-arabesque","status":"publish","type":"product","link":"https:\/\/new.dinamicaballet.com\/fr\/producto\/barre-fixee-au-mur-arabesque\/","title":{"rendered":"Barre fix\u00e9e au mur Arabesque couleur argent"},"content":{"rendered":"<h3><strong>L&rsquo;union fait la force<\/strong><\/h3>\n<p>Les consoles du mod\u00e8le Arabesque permettent d&rsquo;assembler deux barres en bois \u00e0 l&rsquo;int\u00e9rieur de chacune. Gr\u00e2ce \u00e0 ce syst\u00e8me, vous pouvez installer une barre continue dans votre studio en garantissant une stabilit\u00e9 totale en tous points. Les barres en bois sont assembl\u00e9es au centre de la console \u00e0 l&rsquo;aide de petites vis invisibles qui n&rsquo;endommagent pas le bois. Elles conservent ainsi toutes leurs propri\u00e9t\u00e9s.<\/p>\n<h3><strong>R\u00e9siste \u00e0 la pression depuis n&rsquo;importe quel angle<\/strong><\/h3>\n<p>Les dimensions du socle mural en acier sont calcul\u00e9es pour garantir une stabilit\u00e9 totale. Le support cylindrique qui entoure la barre en bois r\u00e9partit la pression exerc\u00e9e par les danseuses. Des \u00e9l\u00e8ves s&rsquo;\u00e9tirent pendant que d&rsquo;autres font leurs exercices ? Aucune inqui\u00e9tude, la console Arabesque r\u00e9siste aux forces provenant de n&rsquo;importe quel angle et ne bougera pas d&rsquo;un millim\u00e8tre.<\/p>\n<h3><strong>Mat\u00e9riaux extr\u00eamement r\u00e9sistants<\/strong><\/h3>\n<p>L&rsquo;acier est un alliage de fer avec un petit pourcentage naturel de carbone qui apporte la duret\u00e9 et la r\u00e9sistance aux chocs, aux variations de temp\u00e9rature et \u00e0 la corrosion n\u00e9cessaires pour une console de danse utilis\u00e9e de fa\u00e7on intensive.<br \/>\nLa robustesse et la r\u00e9sistance de l&rsquo;acier alli\u00e9es \u00e0 la flexibilit\u00e9, la prise en main et la chaleur du bois vous permettront d&rsquo;appr\u00e9cier pleinement vos \u00e9chauffements, exercices et \u00e9tirements. Nous fournissons quatre vis et quatre chevilles Fischer pour fixer chaque console au mur et assembler les barres en bois. Nous garantissons que vous pourrez utiliser la barre fix\u00e9e au mur Arabesque pendant de nombreuses ann\u00e9es.<\/p>\n<a href=\"https:\/\/new.dinamicaballet.com\/wp-content\/uploads\/2021\/05\/FT-ARABESQUE-SIMPLE-1223_compressed.pdf\" class=\"su-button su-button-style-default\" style=\"color:#006B7C;background-color:#FFF2D5;border-color:#ccc2ab;border-radius:5px\" target=\"_blank\" rel=\"noopener noreferrer\"><span style=\"color:#006B7C;padding:0px 16px;font-size:13px;line-height:26px;border-color:#fff6e2;border-radius:5px;text-shadow:none\"> T\u00e9l\u00e9chargez la fiche technique<\/span><\/a> <a href=\"https:\/\/new.dinamicaballet.com\/wp-content\/uploads\/2021\/07\/Instruccions-Arabesque.pdf\" class=\"su-button su-button-style-default\" style=\"color:#006B7C;background-color:#FFF2D5;border-color:#ccc2ab;border-radius:5px\" target=\"_blank\" rel=\"noopener noreferrer\"><span style=\"color:#006B7C;padding:0px 16px;font-size:13px;line-height:26px;border-color:#fff6e2;border-radius:5px;text-shadow:none\"> T\u00e9l\u00e9chargez la notice de montage<\/span><\/a>\n<p>&nbsp;<\/p>\n<div class=\"su-youtube su-u-responsive-media-yes\"><iframe loading=\"lazy\" width=\"600\" height=\"400\" src=\"https:\/\/www.youtube.com\/embed\/qzBwWuUF0fc?autohide=2&amp;autoplay=0&amp;mute=1&amp;controls=1&amp;fs=1&amp;loop=0&amp;modestbranding=0&amp;rel=1&amp;showinfo=1&amp;theme=dark&amp;wmode=&amp;playsinline=0\" frameborder=\"0\" allowfullscreen allow=\"autoplay; encrypted-media; picture-in-picture\" title=\"Barre fix\u00e9e au mur Arabesque Dinamica Ballet\"><\/iframe><\/div>\n","protected":false},"excerpt":{"rendered":"<p>Le design des consoles murales Arabesque offre une r\u00e9sistance maximale \u00e0 la pression et un assemblage parfait entre les barres permettant de cr\u00e9er des configurations avec autant de barres en continu que vous le souhaitez. Cette console est fabriqu\u00e9e en acier avec des finitions de couleur argent et con\u00e7ue pour soutenir une seule barre en bois de 40 mm de diam\u00e8tre. Tr\u00e8s populaire, elle se trouve dans des \u00e9coles de danse du monde entier ainsi qu&rsquo;au domicile de nombreux particuliers.<\/p>\n<p><strong>LIVRAISON ET TVA INCLUSES<\/strong><\/p>\n","protected":false},"featured_media":8820,"template":"","meta":{"_editorskit_title_hidden":false,"_editorskit_reading_time":0,"_editorskit_is_block_options_detached":false,"_editorskit_block_options_position":"{}","inline_featured_image":false,"_kad_blocks_custom_css":"","_kad_blocks_head_custom_js":"","_kad_blocks_body_custom_js":"","_kad_blocks_footer_custom_js":""},"product_brand":[],"product_cat":[209,263,266,262],"product_tag":[],"class_list":{"0":"post-8808","1":"product","2":"type-product","3":"status-publish","4":"has-post-thumbnail","6":"product_cat-barres-de-danse-classique-fixes-murales","7":"product_cat-collection-home","8":"product_cat-collection-pro","9":"product_cat-une-barre","10":"post","11":"with-featured-image","13":"first","14":"instock","15":"taxable","16":"shipping-taxable","17":"purchasable","18":"product-type-variable"},"yoast_head":"<!-- This site is optimized with the Yoast SEO plugin v27.4 - https:\/\/yoast.com\/product\/yoast-seo-wordpress\/ -->\n<title>Barre de danse fix\u00e9e au mur Arabesque | Boutique en ligne<\/title>\n<meta name=\"description\" content=\"La barre de danse fix\u00e9e au mur Arabesque se trouve dans des \u00e9coles de danse du monde entier ainsi qu\u2019au domicile de nombreux particuliers.\" \/>\n<meta name=\"robots\" content=\"noindex, follow, max-snippet:-1, max-image-preview:large, max-video-preview:-1\" \/>\n<meta property=\"og:locale\" content=\"fr_FR\" \/>\n<meta property=\"og:type\" content=\"article\" \/>\n<meta property=\"og:title\" content=\"Barre de danse fix\u00e9e au mur Arabesque | Boutique en ligne\" \/>\n<meta property=\"og:description\" content=\"La barre de danse fix\u00e9e au mur Arabesque se trouve dans des \u00e9coles de danse du monde entier ainsi qu\u2019au domicile de nombreux particuliers.\" \/>\n<meta property=\"og:url\" content=\"https:\/\/new.dinamicaballet.com\/fr\/producto\/barre-fixee-au-mur-arabesque\/\" \/>\n<meta property=\"og:site_name\" content=\"Dinamica Ballet\" \/>\n<meta property=\"article:publisher\" content=\"https:\/\/www.facebook.com\/dinamicaballet\" \/>\n<meta property=\"article:modified_time\" content=\"2024-09-20T12:25:25+00:00\" \/>\n<meta property=\"og:image\" content=\"https:\/\/new.dinamicaballet.com\/wp-content\/uploads\/2020\/12\/dinamica_ballet_shop_arabesque_simple_01.jpg\" \/>\n\t<meta property=\"og:image:width\" content=\"600\" \/>\n\t<meta property=\"og:image:height\" content=\"800\" \/>\n\t<meta property=\"og:image:type\" content=\"image\/jpeg\" \/>\n<meta name=\"twitter:card\" content=\"summary_large_image\" \/>\n<meta name=\"twitter:label1\" content=\"Dur\u00e9e de lecture estim\u00e9e\" \/>\n\t<meta name=\"twitter:data1\" content=\"2 minutes\" \/>\n<script type=\"application\/ld+json\" class=\"yoast-schema-graph\">{\"@context\":\"https:\\\/\\\/schema.org\",\"@graph\":[{\"@type\":\"WebPage\",\"@id\":\"https:\\\/\\\/new.dinamicaballet.com\\\/fr\\\/producto\\\/barre-fixee-au-mur-arabesque\\\/\",\"url\":\"https:\\\/\\\/new.dinamicaballet.com\\\/fr\\\/producto\\\/barre-fixee-au-mur-arabesque\\\/\",\"name\":\"Barre de danse fix\u00e9e au mur Arabesque | Boutique en ligne\",\"isPartOf\":{\"@id\":\"https:\\\/\\\/new.dinamicaballet.com\\\/fr\\\/#website\"},\"primaryImageOfPage\":{\"@id\":\"https:\\\/\\\/new.dinamicaballet.com\\\/fr\\\/producto\\\/barre-fixee-au-mur-arabesque\\\/#primaryimage\"},\"image\":{\"@id\":\"https:\\\/\\\/new.dinamicaballet.com\\\/fr\\\/producto\\\/barre-fixee-au-mur-arabesque\\\/#primaryimage\"},\"thumbnailUrl\":\"https:\\\/\\\/new.dinamicaballet.com\\\/wp-content\\\/uploads\\\/2020\\\/12\\\/dinamica_ballet_shop_arabesque_simple_01.jpg\",\"datePublished\":\"2020-12-03T16:24:53+00:00\",\"dateModified\":\"2024-09-20T12:25:25+00:00\",\"description\":\"La barre de danse fix\u00e9e au mur Arabesque se trouve dans des \u00e9coles de danse du monde entier ainsi qu\u2019au domicile de nombreux particuliers.\",\"inLanguage\":\"fr-FR\",\"potentialAction\":[{\"@type\":\"ReadAction\",\"target\":[\"https:\\\/\\\/new.dinamicaballet.com\\\/fr\\\/producto\\\/barre-fixee-au-mur-arabesque\\\/\"]}]},{\"@type\":\"ImageObject\",\"inLanguage\":\"fr-FR\",\"@id\":\"https:\\\/\\\/new.dinamicaballet.com\\\/fr\\\/producto\\\/barre-fixee-au-mur-arabesque\\\/#primaryimage\",\"url\":\"https:\\\/\\\/new.dinamicaballet.com\\\/wp-content\\\/uploads\\\/2020\\\/12\\\/dinamica_ballet_shop_arabesque_simple_01.jpg\",\"contentUrl\":\"https:\\\/\\\/new.dinamicaballet.com\\\/wp-content\\\/uploads\\\/2020\\\/12\\\/dinamica_ballet_shop_arabesque_simple_01.jpg\",\"width\":600,\"height\":800,\"caption\":\"Barre fix\u00e9e au mur Arabesque\"},{\"@type\":\"WebSite\",\"@id\":\"https:\\\/\\\/new.dinamicaballet.com\\\/fr\\\/#website\",\"url\":\"https:\\\/\\\/new.dinamicaballet.com\\\/fr\\\/\",\"name\":\"Dinamica Ballet\",\"description\":\"Especialistas en barras de ballet y espejos para la danza\",\"publisher\":{\"@id\":\"https:\\\/\\\/new.dinamicaballet.com\\\/fr\\\/#organization\"},\"potentialAction\":[{\"@type\":\"SearchAction\",\"target\":{\"@type\":\"EntryPoint\",\"urlTemplate\":\"https:\\\/\\\/new.dinamicaballet.com\\\/fr\\\/?s={search_term_string}\"},\"query-input\":{\"@type\":\"PropertyValueSpecification\",\"valueRequired\":true,\"valueName\":\"search_term_string\"}}],\"inLanguage\":\"fr-FR\"},{\"@type\":\"Organization\",\"@id\":\"https:\\\/\\\/new.dinamicaballet.com\\\/fr\\\/#organization\",\"name\":\"Dinamica Ballet\",\"url\":\"https:\\\/\\\/new.dinamicaballet.com\\\/fr\\\/\",\"logo\":{\"@type\":\"ImageObject\",\"inLanguage\":\"fr-FR\",\"@id\":\"https:\\\/\\\/new.dinamicaballet.com\\\/fr\\\/#\\\/schema\\\/logo\\\/image\\\/\",\"url\":\"https:\\\/\\\/new.dinamicaballet.com\\\/wp-content\\\/uploads\\\/2022\\\/03\\\/logo_dinamica_ballet.svg\",\"contentUrl\":\"https:\\\/\\\/new.dinamicaballet.com\\\/wp-content\\\/uploads\\\/2022\\\/03\\\/logo_dinamica_ballet.svg\",\"width\":284,\"height\":51,\"caption\":\"Dinamica Ballet\"},\"image\":{\"@id\":\"https:\\\/\\\/new.dinamicaballet.com\\\/fr\\\/#\\\/schema\\\/logo\\\/image\\\/\"},\"sameAs\":[\"https:\\\/\\\/www.facebook.com\\\/dinamicaballet\",\"https:\\\/\\\/www.instagram.com\\\/dinamicaballet\\\/\",\"http:\\\/\\\/www.linkedin.com\\\/company\\\/dinamica-ballet\",\"https:\\\/\\\/www.pinterest.com\\\/DinamicaBallet\\\/\"]}]}<\/script>\n<!-- \/ Yoast SEO plugin. -->","yoast_head_json":{"title":"Barre de danse fix\u00e9e au mur Arabesque | Boutique en ligne","description":"La barre de danse fix\u00e9e au mur Arabesque se trouve dans des \u00e9coles de danse du monde entier ainsi qu\u2019au domicile de nombreux particuliers.","robots":{"index":"noindex","follow":"follow","max-snippet":"max-snippet:-1","max-image-preview":"max-image-preview:large","max-video-preview":"max-video-preview:-1"},"og_locale":"fr_FR","og_type":"article","og_title":"Barre de danse fix\u00e9e au mur Arabesque | Boutique en ligne","og_description":"La barre de danse fix\u00e9e au mur Arabesque se trouve dans des \u00e9coles de danse du monde entier ainsi qu\u2019au domicile de nombreux particuliers.","og_url":"https:\/\/new.dinamicaballet.com\/fr\/producto\/barre-fixee-au-mur-arabesque\/","og_site_name":"Dinamica Ballet","article_publisher":"https:\/\/www.facebook.com\/dinamicaballet","article_modified_time":"2024-09-20T12:25:25+00:00","og_image":[{"width":600,"height":800,"url":"https:\/\/new.dinamicaballet.com\/wp-content\/uploads\/2020\/12\/dinamica_ballet_shop_arabesque_simple_01.jpg","type":"image\/jpeg"}],"twitter_card":"summary_large_image","twitter_misc":{"Dur\u00e9e de lecture estim\u00e9e":"2 minutes"},"schema":{"@context":"https:\/\/schema.org","@graph":[{"@type":"WebPage","@id":"https:\/\/new.dinamicaballet.com\/fr\/producto\/barre-fixee-au-mur-arabesque\/","url":"https:\/\/new.dinamicaballet.com\/fr\/producto\/barre-fixee-au-mur-arabesque\/","name":"Barre de danse fix\u00e9e au mur Arabesque | Boutique en ligne","isPartOf":{"@id":"https:\/\/new.dinamicaballet.com\/fr\/#website"},"primaryImageOfPage":{"@id":"https:\/\/new.dinamicaballet.com\/fr\/producto\/barre-fixee-au-mur-arabesque\/#primaryimage"},"image":{"@id":"https:\/\/new.dinamicaballet.com\/fr\/producto\/barre-fixee-au-mur-arabesque\/#primaryimage"},"thumbnailUrl":"https:\/\/new.dinamicaballet.com\/wp-content\/uploads\/2020\/12\/dinamica_ballet_shop_arabesque_simple_01.jpg","datePublished":"2020-12-03T16:24:53+00:00","dateModified":"2024-09-20T12:25:25+00:00","description":"La barre de danse fix\u00e9e au mur Arabesque se trouve dans des \u00e9coles de danse du monde entier ainsi qu\u2019au domicile de nombreux particuliers.","inLanguage":"fr-FR","potentialAction":[{"@type":"ReadAction","target":["https:\/\/new.dinamicaballet.com\/fr\/producto\/barre-fixee-au-mur-arabesque\/"]}]},{"@type":"ImageObject","inLanguage":"fr-FR","@id":"https:\/\/new.dinamicaballet.com\/fr\/producto\/barre-fixee-au-mur-arabesque\/#primaryimage","url":"https:\/\/new.dinamicaballet.com\/wp-content\/uploads\/2020\/12\/dinamica_ballet_shop_arabesque_simple_01.jpg","contentUrl":"https:\/\/new.dinamicaballet.com\/wp-content\/uploads\/2020\/12\/dinamica_ballet_shop_arabesque_simple_01.jpg","width":600,"height":800,"caption":"Barre fix\u00e9e au mur Arabesque"},{"@type":"WebSite","@id":"https:\/\/new.dinamicaballet.com\/fr\/#website","url":"https:\/\/new.dinamicaballet.com\/fr\/","name":"Dinamica Ballet","description":"Especialistas en barras de ballet y espejos para la danza","publisher":{"@id":"https:\/\/new.dinamicaballet.com\/fr\/#organization"},"potentialAction":[{"@type":"SearchAction","target":{"@type":"EntryPoint","urlTemplate":"https:\/\/new.dinamicaballet.com\/fr\/?s={search_term_string}"},"query-input":{"@type":"PropertyValueSpecification","valueRequired":true,"valueName":"search_term_string"}}],"inLanguage":"fr-FR"},{"@type":"Organization","@id":"https:\/\/new.dinamicaballet.com\/fr\/#organization","name":"Dinamica Ballet","url":"https:\/\/new.dinamicaballet.com\/fr\/","logo":{"@type":"ImageObject","inLanguage":"fr-FR","@id":"https:\/\/new.dinamicaballet.com\/fr\/#\/schema\/logo\/image\/","url":"https:\/\/new.dinamicaballet.com\/wp-content\/uploads\/2022\/03\/logo_dinamica_ballet.svg","contentUrl":"https:\/\/new.dinamicaballet.com\/wp-content\/uploads\/2022\/03\/logo_dinamica_ballet.svg","width":284,"height":51,"caption":"Dinamica Ballet"},"image":{"@id":"https:\/\/new.dinamicaballet.com\/fr\/#\/schema\/logo\/image\/"},"sameAs":["https:\/\/www.facebook.com\/dinamicaballet","https:\/\/www.instagram.com\/dinamicaballet\/","http:\/\/www.linkedin.com\/company\/dinamica-ballet","https:\/\/www.pinterest.com\/DinamicaBallet\/"]}]}},"taxonomy_info":{"product_cat":[{"value":209,"label":"Barres fixes murales"},{"value":263,"label":"Collection Home"},{"value":266,"label":"Collection Pro"},{"value":262,"label":"Une barre"}]},"featured_image_src_large":["https:\/\/new.dinamicaballet.com\/wp-content\/uploads\/2020\/12\/dinamica_ballet_shop_arabesque_simple_01.jpg",600,800,false],"author_info":[],"comment_info":"","_links":{"self":[{"href":"https:\/\/new.dinamicaballet.com\/fr\/wp-json\/wp\/v2\/product\/8808","targetHints":{"allow":["GET"]}}],"collection":[{"href":"https:\/\/new.dinamicaballet.com\/fr\/wp-json\/wp\/v2\/product"}],"about":[{"href":"https:\/\/new.dinamicaballet.com\/fr\/wp-json\/wp\/v2\/types\/product"}],"wp:featuredmedia":[{"embeddable":true,"href":"https:\/\/new.dinamicaballet.com\/fr\/wp-json\/wp\/v2\/media\/8820"}],"wp:attachment":[{"href":"https:\/\/new.dinamicaballet.com\/fr\/wp-json\/wp\/v2\/media?parent=8808"}],"wp:term":[{"taxonomy":"product_brand","embeddable":true,"href":"https:\/\/new.dinamicaballet.com\/fr\/wp-json\/wp\/v2\/product_brand?post=8808"},{"taxonomy":"product_cat","embeddable":true,"href":"https:\/\/new.dinamicaballet.com\/fr\/wp-json\/wp\/v2\/product_cat?post=8808"},{"taxonomy":"product_tag","embeddable":true,"href":"https:\/\/new.dinamicaballet.com\/fr\/wp-json\/wp\/v2\/product_tag?post=8808"}],"curies":[{"name":"wp","href":"https:\/\/api.w.org\/{rel}","templated":true}]}}