{"id":8797,"date":"2020-12-03T16:30:31","date_gmt":"2020-12-03T16:30:31","guid":{"rendered":"https:\/\/www.dinamicaballet.com\/producto\/barre-de-danse-a-hauteur-reglable-pour-debutants-juliette\/"},"modified":"2024-09-20T10:27:43","modified_gmt":"2024-09-20T09:27:43","slug":"barre-de-danse-a-hauteur-reglable-pour-debutants-juliette","status":"publish","type":"product","link":"https:\/\/new.dinamicaballet.com\/fr\/producto\/barre-de-danse-a-hauteur-reglable-pour-debutants-juliette\/","title":{"rendered":"Barre de danse r\u00e9glable pour d\u00e9butants Juliette"},"content":{"rendered":"<h3><strong>La barre con\u00e7ue pour toute la famille<\/strong><\/h3>\n<p>La barre de danse Juliette se r\u00e8gle facilement et rapidement sur 12 positions diff\u00e9rentes, avec une diff\u00e9rence de 33 centim\u00e8tres entre la hauteur maximum et la hauteur minimum. Con\u00e7ue pour les d\u00e9butants en danse classique, elle s&rsquo;adapte parfaitement aux petits comme aux grands. Ses socles en acier de 6 kg chacun offrent suffisamment de stabilit\u00e9 pour pouvoir effectuer des exercices simples en toute s\u00e9curit\u00e9 et sont \u00e9quip\u00e9s de patins en PVC qui am\u00e9liorent l&rsquo;adh\u00e9rence \u00e9vitent les marques sur le sol.<\/p>\n<h3><strong>La sensation naturelle, d\u00e9licate et agr\u00e9able du bois de pin jaune<\/strong><\/h3>\n<p>Chez Dinamica Ballet, nous travaillons uniquement avec les bois les plus adapt\u00e9s \u00e0 la pratique de la danse classique. La Juliette peut \u00eatre utilis\u00e9e avec des barres de 1 m, 1,5 m et 2 m en pin jaune issu de for\u00eats certifi\u00e9es pour leur gestion durable. Le bois est un mat\u00e9riau vivant qui offre une grande r\u00e9sistance \u00e0 la pression, une l\u00e9g\u00e8re flexibilit\u00e9 et une prise en main parfaite.<\/p>\n<h3><strong>La Juliette s&rsquo;installe en un temps record<\/strong><\/h3>\n<p>Lorsque nous concevons nos produits, nous \u00e9tudions comment utiliser le moins de pi\u00e8ces possible avec deux objectifs en t\u00eate : maximiser la durabilit\u00e9 de nos produits et garantir une installation facile et rapide. En suivant nos instructions, vous pourrez monter la barre Juliette en quelques minutes avec, pour seuls outils, un tournevis et la cl\u00e9 Allen que nous fournissons. Vous pouvez acheter la Juliette sur notre boutique en ligne et nous la livrons chez vous.<\/p>\n<a href=\"https:\/\/new.dinamicaballet.com\/wp-content\/uploads\/2021\/05\/FT-JULIETTE-0521-2.pdf\" class=\"su-button su-button-style-default\" style=\"color:#006B7C;background-color:#FFF2D5;border-color:#ccc2ab;border-radius:5px\" target=\"_blank\" rel=\"noopener noreferrer\"><span style=\"color:#006B7C;padding:0px 16px;font-size:13px;line-height:26px;border-color:#fff6e2;border-radius:5px;text-shadow:none\"> T\u00e9l\u00e9chargez la fiche technique<\/span><\/a> <a href=\"\" class=\"su-button su-button-style-default\" style=\"color:#006B7C;background-color:#FFF2D5;border-color:#ccc2ab;border-radius:5px\" target=\"_blank\" rel=\"noopener noreferrer\"><span style=\"color:#006B7C;padding:0px 16px;font-size:13px;line-height:26px;border-color:#fff6e2;border-radius:5px;text-shadow:none\"> T\u00e9l\u00e9chargez la notice de montage<\/span><\/a>\n<p>&nbsp;<\/p>\n<div class=\"su-youtube su-u-responsive-media-yes\"><iframe loading=\"lazy\" width=\"600\" height=\"400\" src=\"https:\/\/www.youtube.com\/embed\/HPNgsyrm8BE?autohide=2&amp;autoplay=0&amp;mute=1&amp;controls=1&amp;fs=1&amp;loop=0&amp;modestbranding=0&amp;rel=1&amp;showinfo=1&amp;theme=dark&amp;wmode=&amp;playsinline=0\" frameborder=\"0\" allowfullscreen allow=\"autoplay; encrypted-media; picture-in-picture\" title=\"Barre de danse r\u00e9glable pour d\u00e9butants Juliette | Dinamica Ballet\"><\/iframe><\/div>\n","protected":false},"excerpt":{"rendered":"<p>La Juliette est une barre de danse \u00e0 hauteur r\u00e9glable con\u00e7ue pour que vous puissiez vous entra\u00eener chez vous. Il s&rsquo;agit d&rsquo;une barre l\u00e9g\u00e8re qui est facile \u00e0 transporter mais offre une grande stabilit\u00e9 afin de vous \u00e9chauffer en toute s\u00e9r\u00e9nit\u00e9. Le mod\u00e8le Juliette est r\u00e9glable sur 12 hauteurs diff\u00e9rentes et s&rsquo;adapte donc facilement aux enfants et aux adultes de toute taille.<\/p>\n<p><strong>LIVRAISON ET TVA INCLUSES<\/strong><\/p>\n","protected":false},"featured_media":8804,"template":"","meta":{"_editorskit_title_hidden":false,"_editorskit_reading_time":0,"_editorskit_is_block_options_detached":false,"_editorskit_block_options_position":"{}","inline_featured_image":false,"_kad_blocks_custom_css":"","_kad_blocks_head_custom_js":"","_kad_blocks_body_custom_js":"","_kad_blocks_footer_custom_js":""},"product_brand":[],"product_cat":[211,214,263,262],"product_tag":[264],"class_list":{"0":"post-8797","1":"product","2":"type-product","3":"status-publish","4":"has-post-thumbnail","6":"product_cat-barres-de-danse-classique-mobiles","7":"product_cat-barres-de-ballet-ajustable-en-hauteur","8":"product_cat-collection-home","9":"product_cat-une-barre","10":"product_tag-movil-fr","11":"post","12":"with-featured-image","14":"first","15":"instock","16":"taxable","17":"shipping-taxable","18":"purchasable","19":"product-type-variable"},"yoast_head":"<!-- This site is optimized with the Yoast SEO plugin v27.4 - https:\/\/yoast.com\/product\/yoast-seo-wordpress\/ -->\n<title>Barre de danse \u00e0 hauteur r\u00e9glable Juliette | Boutique en ligne<\/title>\n<meta name=\"description\" content=\"La barra de danse Juliette est r\u00e9glable sur 12 hauteurs diff\u00e9rentes et s\u2019adapte donc facilement aux enfants et aux adultes de toute taille.\" \/>\n<meta name=\"robots\" content=\"noindex, follow, max-snippet:-1, max-image-preview:large, max-video-preview:-1\" \/>\n<meta property=\"og:locale\" content=\"fr_FR\" \/>\n<meta property=\"og:type\" content=\"article\" \/>\n<meta property=\"og:title\" content=\"Barre de danse \u00e0 hauteur r\u00e9glable Juliette | Boutique en ligne\" \/>\n<meta property=\"og:description\" content=\"La barra de danse Juliette est r\u00e9glable sur 12 hauteurs diff\u00e9rentes et s\u2019adapte donc facilement aux enfants et aux adultes de toute taille.\" \/>\n<meta property=\"og:url\" content=\"https:\/\/new.dinamicaballet.com\/fr\/producto\/barre-de-danse-a-hauteur-reglable-pour-debutants-juliette\/\" \/>\n<meta property=\"og:site_name\" content=\"Dinamica Ballet\" \/>\n<meta property=\"article:publisher\" content=\"https:\/\/www.facebook.com\/dinamicaballet\" \/>\n<meta property=\"article:modified_time\" content=\"2024-09-20T09:27:43+00:00\" \/>\n<meta property=\"og:image\" content=\"https:\/\/new.dinamicaballet.com\/wp-content\/uploads\/2020\/12\/dinamica_ballet_shop_juliette_01.jpg\" \/>\n\t<meta property=\"og:image:width\" content=\"600\" \/>\n\t<meta property=\"og:image:height\" content=\"800\" \/>\n\t<meta property=\"og:image:type\" content=\"image\/jpeg\" \/>\n<meta name=\"twitter:card\" content=\"summary_large_image\" \/>\n<meta name=\"twitter:label1\" content=\"Dur\u00e9e de lecture estim\u00e9e\" \/>\n\t<meta name=\"twitter:data1\" content=\"2 minutes\" \/>\n<script type=\"application\/ld+json\" class=\"yoast-schema-graph\">{\"@context\":\"https:\\\/\\\/schema.org\",\"@graph\":[{\"@type\":\"WebPage\",\"@id\":\"https:\\\/\\\/new.dinamicaballet.com\\\/fr\\\/producto\\\/barre-de-danse-a-hauteur-reglable-pour-debutants-juliette\\\/\",\"url\":\"https:\\\/\\\/new.dinamicaballet.com\\\/fr\\\/producto\\\/barre-de-danse-a-hauteur-reglable-pour-debutants-juliette\\\/\",\"name\":\"Barre de danse \u00e0 hauteur r\u00e9glable Juliette | Boutique en ligne\",\"isPartOf\":{\"@id\":\"https:\\\/\\\/new.dinamicaballet.com\\\/fr\\\/#website\"},\"primaryImageOfPage\":{\"@id\":\"https:\\\/\\\/new.dinamicaballet.com\\\/fr\\\/producto\\\/barre-de-danse-a-hauteur-reglable-pour-debutants-juliette\\\/#primaryimage\"},\"image\":{\"@id\":\"https:\\\/\\\/new.dinamicaballet.com\\\/fr\\\/producto\\\/barre-de-danse-a-hauteur-reglable-pour-debutants-juliette\\\/#primaryimage\"},\"thumbnailUrl\":\"https:\\\/\\\/new.dinamicaballet.com\\\/wp-content\\\/uploads\\\/2020\\\/12\\\/dinamica_ballet_shop_juliette_01.jpg\",\"datePublished\":\"2020-12-03T16:30:31+00:00\",\"dateModified\":\"2024-09-20T09:27:43+00:00\",\"description\":\"La barra de danse Juliette est r\u00e9glable sur 12 hauteurs diff\u00e9rentes et s\u2019adapte donc facilement aux enfants et aux adultes de toute taille.\",\"inLanguage\":\"fr-FR\",\"potentialAction\":[{\"@type\":\"ReadAction\",\"target\":[\"https:\\\/\\\/new.dinamicaballet.com\\\/fr\\\/producto\\\/barre-de-danse-a-hauteur-reglable-pour-debutants-juliette\\\/\"]}]},{\"@type\":\"ImageObject\",\"inLanguage\":\"fr-FR\",\"@id\":\"https:\\\/\\\/new.dinamicaballet.com\\\/fr\\\/producto\\\/barre-de-danse-a-hauteur-reglable-pour-debutants-juliette\\\/#primaryimage\",\"url\":\"https:\\\/\\\/new.dinamicaballet.com\\\/wp-content\\\/uploads\\\/2020\\\/12\\\/dinamica_ballet_shop_juliette_01.jpg\",\"contentUrl\":\"https:\\\/\\\/new.dinamicaballet.com\\\/wp-content\\\/uploads\\\/2020\\\/12\\\/dinamica_ballet_shop_juliette_01.jpg\",\"width\":600,\"height\":800,\"caption\":\"Barre de danse \u00e0 hauteur r\u00e9glable pour d\u00e9butants Juliette\"},{\"@type\":\"WebSite\",\"@id\":\"https:\\\/\\\/new.dinamicaballet.com\\\/fr\\\/#website\",\"url\":\"https:\\\/\\\/new.dinamicaballet.com\\\/fr\\\/\",\"name\":\"Dinamica Ballet\",\"description\":\"Especialistas en barras de ballet y espejos para la danza\",\"publisher\":{\"@id\":\"https:\\\/\\\/new.dinamicaballet.com\\\/fr\\\/#organization\"},\"potentialAction\":[{\"@type\":\"SearchAction\",\"target\":{\"@type\":\"EntryPoint\",\"urlTemplate\":\"https:\\\/\\\/new.dinamicaballet.com\\\/fr\\\/?s={search_term_string}\"},\"query-input\":{\"@type\":\"PropertyValueSpecification\",\"valueRequired\":true,\"valueName\":\"search_term_string\"}}],\"inLanguage\":\"fr-FR\"},{\"@type\":\"Organization\",\"@id\":\"https:\\\/\\\/new.dinamicaballet.com\\\/fr\\\/#organization\",\"name\":\"Dinamica Ballet\",\"url\":\"https:\\\/\\\/new.dinamicaballet.com\\\/fr\\\/\",\"logo\":{\"@type\":\"ImageObject\",\"inLanguage\":\"fr-FR\",\"@id\":\"https:\\\/\\\/new.dinamicaballet.com\\\/fr\\\/#\\\/schema\\\/logo\\\/image\\\/\",\"url\":\"https:\\\/\\\/new.dinamicaballet.com\\\/wp-content\\\/uploads\\\/2022\\\/03\\\/logo_dinamica_ballet.svg\",\"contentUrl\":\"https:\\\/\\\/new.dinamicaballet.com\\\/wp-content\\\/uploads\\\/2022\\\/03\\\/logo_dinamica_ballet.svg\",\"width\":284,\"height\":51,\"caption\":\"Dinamica Ballet\"},\"image\":{\"@id\":\"https:\\\/\\\/new.dinamicaballet.com\\\/fr\\\/#\\\/schema\\\/logo\\\/image\\\/\"},\"sameAs\":[\"https:\\\/\\\/www.facebook.com\\\/dinamicaballet\",\"https:\\\/\\\/www.instagram.com\\\/dinamicaballet\\\/\",\"http:\\\/\\\/www.linkedin.com\\\/company\\\/dinamica-ballet\",\"https:\\\/\\\/www.pinterest.com\\\/DinamicaBallet\\\/\"]}]}<\/script>\n<!-- \/ Yoast SEO plugin. -->","yoast_head_json":{"title":"Barre de danse \u00e0 hauteur r\u00e9glable Juliette | Boutique en ligne","description":"La barra de danse Juliette est r\u00e9glable sur 12 hauteurs diff\u00e9rentes et s\u2019adapte donc facilement aux enfants et aux adultes de toute taille.","robots":{"index":"noindex","follow":"follow","max-snippet":"max-snippet:-1","max-image-preview":"max-image-preview:large","max-video-preview":"max-video-preview:-1"},"og_locale":"fr_FR","og_type":"article","og_title":"Barre de danse \u00e0 hauteur r\u00e9glable Juliette | Boutique en ligne","og_description":"La barra de danse Juliette est r\u00e9glable sur 12 hauteurs diff\u00e9rentes et s\u2019adapte donc facilement aux enfants et aux adultes de toute taille.","og_url":"https:\/\/new.dinamicaballet.com\/fr\/producto\/barre-de-danse-a-hauteur-reglable-pour-debutants-juliette\/","og_site_name":"Dinamica Ballet","article_publisher":"https:\/\/www.facebook.com\/dinamicaballet","article_modified_time":"2024-09-20T09:27:43+00:00","og_image":[{"width":600,"height":800,"url":"https:\/\/new.dinamicaballet.com\/wp-content\/uploads\/2020\/12\/dinamica_ballet_shop_juliette_01.jpg","type":"image\/jpeg"}],"twitter_card":"summary_large_image","twitter_misc":{"Dur\u00e9e de lecture estim\u00e9e":"2 minutes"},"schema":{"@context":"https:\/\/schema.org","@graph":[{"@type":"WebPage","@id":"https:\/\/new.dinamicaballet.com\/fr\/producto\/barre-de-danse-a-hauteur-reglable-pour-debutants-juliette\/","url":"https:\/\/new.dinamicaballet.com\/fr\/producto\/barre-de-danse-a-hauteur-reglable-pour-debutants-juliette\/","name":"Barre de danse \u00e0 hauteur r\u00e9glable Juliette | Boutique en ligne","isPartOf":{"@id":"https:\/\/new.dinamicaballet.com\/fr\/#website"},"primaryImageOfPage":{"@id":"https:\/\/new.dinamicaballet.com\/fr\/producto\/barre-de-danse-a-hauteur-reglable-pour-debutants-juliette\/#primaryimage"},"image":{"@id":"https:\/\/new.dinamicaballet.com\/fr\/producto\/barre-de-danse-a-hauteur-reglable-pour-debutants-juliette\/#primaryimage"},"thumbnailUrl":"https:\/\/new.dinamicaballet.com\/wp-content\/uploads\/2020\/12\/dinamica_ballet_shop_juliette_01.jpg","datePublished":"2020-12-03T16:30:31+00:00","dateModified":"2024-09-20T09:27:43+00:00","description":"La barra de danse Juliette est r\u00e9glable sur 12 hauteurs diff\u00e9rentes et s\u2019adapte donc facilement aux enfants et aux adultes de toute taille.","inLanguage":"fr-FR","potentialAction":[{"@type":"ReadAction","target":["https:\/\/new.dinamicaballet.com\/fr\/producto\/barre-de-danse-a-hauteur-reglable-pour-debutants-juliette\/"]}]},{"@type":"ImageObject","inLanguage":"fr-FR","@id":"https:\/\/new.dinamicaballet.com\/fr\/producto\/barre-de-danse-a-hauteur-reglable-pour-debutants-juliette\/#primaryimage","url":"https:\/\/new.dinamicaballet.com\/wp-content\/uploads\/2020\/12\/dinamica_ballet_shop_juliette_01.jpg","contentUrl":"https:\/\/new.dinamicaballet.com\/wp-content\/uploads\/2020\/12\/dinamica_ballet_shop_juliette_01.jpg","width":600,"height":800,"caption":"Barre de danse \u00e0 hauteur r\u00e9glable pour d\u00e9butants Juliette"},{"@type":"WebSite","@id":"https:\/\/new.dinamicaballet.com\/fr\/#website","url":"https:\/\/new.dinamicaballet.com\/fr\/","name":"Dinamica Ballet","description":"Especialistas en barras de ballet y espejos para la danza","publisher":{"@id":"https:\/\/new.dinamicaballet.com\/fr\/#organization"},"potentialAction":[{"@type":"SearchAction","target":{"@type":"EntryPoint","urlTemplate":"https:\/\/new.dinamicaballet.com\/fr\/?s={search_term_string}"},"query-input":{"@type":"PropertyValueSpecification","valueRequired":true,"valueName":"search_term_string"}}],"inLanguage":"fr-FR"},{"@type":"Organization","@id":"https:\/\/new.dinamicaballet.com\/fr\/#organization","name":"Dinamica Ballet","url":"https:\/\/new.dinamicaballet.com\/fr\/","logo":{"@type":"ImageObject","inLanguage":"fr-FR","@id":"https:\/\/new.dinamicaballet.com\/fr\/#\/schema\/logo\/image\/","url":"https:\/\/new.dinamicaballet.com\/wp-content\/uploads\/2022\/03\/logo_dinamica_ballet.svg","contentUrl":"https:\/\/new.dinamicaballet.com\/wp-content\/uploads\/2022\/03\/logo_dinamica_ballet.svg","width":284,"height":51,"caption":"Dinamica Ballet"},"image":{"@id":"https:\/\/new.dinamicaballet.com\/fr\/#\/schema\/logo\/image\/"},"sameAs":["https:\/\/www.facebook.com\/dinamicaballet","https:\/\/www.instagram.com\/dinamicaballet\/","http:\/\/www.linkedin.com\/company\/dinamica-ballet","https:\/\/www.pinterest.com\/DinamicaBallet\/"]}]}},"taxonomy_info":{"product_cat":[{"value":211,"label":"Barres mobiles"},{"value":214,"label":"Barres r\u00e9glables"},{"value":263,"label":"Collection Home"},{"value":262,"label":"Une barre"}],"product_tag":[{"value":264,"label":"movil"}]},"featured_image_src_large":["https:\/\/new.dinamicaballet.com\/wp-content\/uploads\/2020\/12\/dinamica_ballet_shop_juliette_01.jpg",600,800,false],"author_info":[],"comment_info":"","_links":{"self":[{"href":"https:\/\/new.dinamicaballet.com\/fr\/wp-json\/wp\/v2\/product\/8797","targetHints":{"allow":["GET"]}}],"collection":[{"href":"https:\/\/new.dinamicaballet.com\/fr\/wp-json\/wp\/v2\/product"}],"about":[{"href":"https:\/\/new.dinamicaballet.com\/fr\/wp-json\/wp\/v2\/types\/product"}],"wp:featuredmedia":[{"embeddable":true,"href":"https:\/\/new.dinamicaballet.com\/fr\/wp-json\/wp\/v2\/media\/8804"}],"wp:attachment":[{"href":"https:\/\/new.dinamicaballet.com\/fr\/wp-json\/wp\/v2\/media?parent=8797"}],"wp:term":[{"taxonomy":"product_brand","embeddable":true,"href":"https:\/\/new.dinamicaballet.com\/fr\/wp-json\/wp\/v2\/product_brand?post=8797"},{"taxonomy":"product_cat","embeddable":true,"href":"https:\/\/new.dinamicaballet.com\/fr\/wp-json\/wp\/v2\/product_cat?post=8797"},{"taxonomy":"product_tag","embeddable":true,"href":"https:\/\/new.dinamicaballet.com\/fr\/wp-json\/wp\/v2\/product_tag?post=8797"}],"curies":[{"name":"wp","href":"https:\/\/api.w.org\/{rel}","templated":true}]}}