{"id":8782,"date":"2020-12-03T16:24:53","date_gmt":"2020-12-03T16:24:53","guid":{"rendered":"https:\/\/www.dinamicaballet.com\/producto\/barre-de-danse-pour-debutants-prima\/"},"modified":"2024-09-20T10:20:04","modified_gmt":"2024-09-20T09:20:04","slug":"barre-de-danse-pour-debutants-prima","status":"publish","type":"product","link":"https:\/\/new.dinamicaballet.com\/fr\/producto\/barre-de-danse-pour-debutants-prima\/","title":{"rendered":"Barre de danse pour d\u00e9butants Prima"},"content":{"rendered":"<h3>La barre mobile pour s&rsquo;entra\u00eener chez soi<\/h3>\n<p>La Prima est une barre id\u00e9ale pour les d\u00e9butants qui veulent progresser. Les socles en acier, de 6 kilos chacun, sont \u00e9quip\u00e9s de patins en PVC pour prot\u00e9ger le sol et apportent la stabilit\u00e9 suffisante pour r\u00e9aliser avec pr\u00e9cision l&rsquo;\u00e9chauffement et les exercices.<\/p>\n<p>Avec un poids total de 17 kg, la Prima est notre barre mobile la plus l\u00e9g\u00e8re. Vous pouvez la ranger lorsque vous terminez votre entra\u00eenement ou la laisser en place car, gr\u00e2ce son design \u00e9l\u00e9gant, elle peut se fondre dans la d\u00e9coration.<\/p>\n<h3>Design minimaliste et mat\u00e9riaux professionnels<\/h3>\n<p>La Prima est fabriqu\u00e9e avec les m\u00eames mat\u00e9riaux que ceux que nous utilisons pour nos barres professionnelles. Les socles et les poteaux sont en acier avec une finition en \u00e9poxy de couleur argent pour une meilleure protection contre les chocs et les rayures.<\/p>\n<p>La barre en bois de pin jaune, viss\u00e9e directement sur les supports, offre une sensation agr\u00e9able au toucher et une excellente prise en main. La Prima est la barre mobile la plus abordable de notre collection mais nous vous garantissons que sa qualit\u00e9 vous impressionnera et qu&rsquo;elle vous accompagnera de nombreuses ann\u00e9es. Trois dimensions sont disponibles : 1 m\u00e8tre, 1,5 m\u00e8tre et 2 m\u00e8tres.<\/p>\n<h3>Livraison chez vous et installation en moins de 5 minutes<\/h3>\n<p>La Prima est notre barre la plus populaire. Si vous souhaitez la recevoir directement chez vous, il vous suffit de l&rsquo;acheter sur notre boutique en ligne. Elle est livr\u00e9e avec un tournevis et une cl\u00e9 Allen qui vous permettent de l&rsquo;installer et de l&rsquo;utiliser en un temps record.<\/p>\n<a href=\"https:\/\/new.dinamicaballet.com\/wp-content\/uploads\/2021\/05\/FT-PRIMA-0521-2.pdf\" class=\"su-button su-button-style-default\" style=\"color:#006B7C;background-color:#FFF2D5;border-color:#ccc2ab;border-radius:5px\" target=\"_blank\" rel=\"noopener noreferrer\"><span style=\"color:#006B7C;padding:0px 16px;font-size:13px;line-height:26px;border-color:#fff6e2;border-radius:5px;text-shadow:none\"> T\u00e9l\u00e9chargez la fiche technique<\/span><\/a> <a href=\"https:\/\/new.dinamicaballet.com\/wp-content\/uploads\/2022\/01\/Instruccions-Prima.pdf\" class=\"su-button su-button-style-default\" style=\"color:#006B7C;background-color:#FFF2D5;border-color:#ccc2ab;border-radius:5px\" target=\"_blank\" rel=\"noopener noreferrer\"><span style=\"color:#006B7C;padding:0px 16px;font-size:13px;line-height:26px;border-color:#fff6e2;border-radius:5px;text-shadow:none\"> T\u00e9l\u00e9chargez la notice de montage<\/span><\/a>\n<p>&nbsp;<\/p>\n<div class=\"su-youtube su-u-responsive-media-yes\"><iframe loading=\"lazy\" width=\"600\" height=\"400\" src=\"https:\/\/www.youtube.com\/embed\/IvazRLqA2Uk?autohide=2&amp;autoplay=0&amp;mute=1&amp;controls=1&amp;fs=1&amp;loop=0&amp;modestbranding=0&amp;rel=1&amp;showinfo=1&amp;theme=dark&amp;wmode=&amp;playsinline=0\" frameborder=\"0\" allowfullscreen allow=\"autoplay; encrypted-media; picture-in-picture\" title=\"\"><\/iframe><\/div>\n","protected":false},"excerpt":{"rendered":"<p>La barre Prima est con\u00e7ue pour que tout le monde puisse s&rsquo;entra\u00eener chez soi et convient aussi bien aux enfants qu&rsquo;aux adultes. C&rsquo;est une barre l\u00e9g\u00e8re que vous pouvez d\u00e9placer facilement d&rsquo;une pi\u00e8ce \u00e0 une autre et suffisamment stable pour que vous puissiez pratiquer sereinement vos fondus.<\/p>\n<p><strong>LIVRAISON ET TVA INCLUSES<\/strong><\/p>\n","protected":false},"featured_media":8793,"template":"","meta":{"_editorskit_title_hidden":false,"_editorskit_reading_time":0,"_editorskit_is_block_options_detached":false,"_editorskit_block_options_position":"{}","inline_featured_image":false,"_kad_blocks_custom_css":"","_kad_blocks_head_custom_js":"","_kad_blocks_body_custom_js":"","_kad_blocks_footer_custom_js":""},"product_brand":[],"product_cat":[211,263,262],"product_tag":[264,265],"class_list":{"0":"post-8782","1":"product","2":"type-product","3":"status-publish","4":"has-post-thumbnail","6":"product_cat-barres-de-danse-classique-mobiles","7":"product_cat-collection-home","8":"product_cat-une-barre","9":"product_tag-movil-fr","10":"product_tag-prima-fr","11":"post","12":"with-featured-image","14":"first","15":"instock","16":"taxable","17":"shipping-taxable","18":"purchasable","19":"product-type-variable"},"yoast_head":"<!-- This site is optimized with the Yoast SEO plugin v27.4 - https:\/\/yoast.com\/product\/yoast-seo-wordpress\/ -->\n<title>Barre de danse pour d\u00e9butants Prima |\u00a0 Boutique en ligne<\/title>\n<meta name=\"description\" content=\"La barre Prima est con\u00e7ue pour que tout le monde puisse s\u2019entra\u00eener chez soi et convient aussi bien aux enfants qu\u2019aux adulte.\" \/>\n<meta name=\"robots\" content=\"noindex, follow, max-snippet:-1, max-image-preview:large, max-video-preview:-1\" \/>\n<meta property=\"og:locale\" content=\"fr_FR\" \/>\n<meta property=\"og:type\" content=\"article\" \/>\n<meta property=\"og:title\" content=\"Barre de danse pour d\u00e9butants Prima |\u00a0 Boutique en ligne\" \/>\n<meta property=\"og:description\" content=\"La barre Prima est con\u00e7ue pour que tout le monde puisse s\u2019entra\u00eener chez soi et convient aussi bien aux enfants qu\u2019aux adulte.\" \/>\n<meta property=\"og:url\" content=\"https:\/\/new.dinamicaballet.com\/fr\/producto\/barre-de-danse-pour-debutants-prima\/\" \/>\n<meta property=\"og:site_name\" content=\"Dinamica Ballet\" \/>\n<meta property=\"article:publisher\" content=\"https:\/\/www.facebook.com\/dinamicaballet\" \/>\n<meta property=\"article:modified_time\" content=\"2024-09-20T09:20:04+00:00\" \/>\n<meta property=\"og:image\" content=\"https:\/\/new.dinamicaballet.com\/wp-content\/uploads\/2020\/12\/dinamica_ballet_shop_prima_01.jpg\" \/>\n\t<meta property=\"og:image:width\" content=\"600\" \/>\n\t<meta property=\"og:image:height\" content=\"800\" \/>\n\t<meta property=\"og:image:type\" content=\"image\/jpeg\" \/>\n<meta name=\"twitter:card\" content=\"summary_large_image\" \/>\n<meta name=\"twitter:label1\" content=\"Dur\u00e9e de lecture estim\u00e9e\" \/>\n\t<meta name=\"twitter:data1\" content=\"2 minutes\" \/>\n<script type=\"application\/ld+json\" class=\"yoast-schema-graph\">{\"@context\":\"https:\\\/\\\/schema.org\",\"@graph\":[{\"@type\":\"WebPage\",\"@id\":\"https:\\\/\\\/new.dinamicaballet.com\\\/fr\\\/producto\\\/barre-de-danse-pour-debutants-prima\\\/\",\"url\":\"https:\\\/\\\/new.dinamicaballet.com\\\/fr\\\/producto\\\/barre-de-danse-pour-debutants-prima\\\/\",\"name\":\"Barre de danse pour d\u00e9butants Prima |\u00a0 Boutique en ligne\",\"isPartOf\":{\"@id\":\"https:\\\/\\\/new.dinamicaballet.com\\\/fr\\\/#website\"},\"primaryImageOfPage\":{\"@id\":\"https:\\\/\\\/new.dinamicaballet.com\\\/fr\\\/producto\\\/barre-de-danse-pour-debutants-prima\\\/#primaryimage\"},\"image\":{\"@id\":\"https:\\\/\\\/new.dinamicaballet.com\\\/fr\\\/producto\\\/barre-de-danse-pour-debutants-prima\\\/#primaryimage\"},\"thumbnailUrl\":\"https:\\\/\\\/new.dinamicaballet.com\\\/wp-content\\\/uploads\\\/2020\\\/12\\\/dinamica_ballet_shop_prima_01.jpg\",\"datePublished\":\"2020-12-03T16:24:53+00:00\",\"dateModified\":\"2024-09-20T09:20:04+00:00\",\"description\":\"La barre Prima est con\u00e7ue pour que tout le monde puisse s\u2019entra\u00eener chez soi et convient aussi bien aux enfants qu\u2019aux adulte.\",\"inLanguage\":\"fr-FR\",\"potentialAction\":[{\"@type\":\"ReadAction\",\"target\":[\"https:\\\/\\\/new.dinamicaballet.com\\\/fr\\\/producto\\\/barre-de-danse-pour-debutants-prima\\\/\"]}]},{\"@type\":\"ImageObject\",\"inLanguage\":\"fr-FR\",\"@id\":\"https:\\\/\\\/new.dinamicaballet.com\\\/fr\\\/producto\\\/barre-de-danse-pour-debutants-prima\\\/#primaryimage\",\"url\":\"https:\\\/\\\/new.dinamicaballet.com\\\/wp-content\\\/uploads\\\/2020\\\/12\\\/dinamica_ballet_shop_prima_01.jpg\",\"contentUrl\":\"https:\\\/\\\/new.dinamicaballet.com\\\/wp-content\\\/uploads\\\/2020\\\/12\\\/dinamica_ballet_shop_prima_01.jpg\",\"width\":600,\"height\":800,\"caption\":\"Barre de danse pour d\u00e9butants Prima\"},{\"@type\":\"WebSite\",\"@id\":\"https:\\\/\\\/new.dinamicaballet.com\\\/fr\\\/#website\",\"url\":\"https:\\\/\\\/new.dinamicaballet.com\\\/fr\\\/\",\"name\":\"Dinamica Ballet\",\"description\":\"Especialistas en barras de ballet y espejos para la danza\",\"publisher\":{\"@id\":\"https:\\\/\\\/new.dinamicaballet.com\\\/fr\\\/#organization\"},\"potentialAction\":[{\"@type\":\"SearchAction\",\"target\":{\"@type\":\"EntryPoint\",\"urlTemplate\":\"https:\\\/\\\/new.dinamicaballet.com\\\/fr\\\/?s={search_term_string}\"},\"query-input\":{\"@type\":\"PropertyValueSpecification\",\"valueRequired\":true,\"valueName\":\"search_term_string\"}}],\"inLanguage\":\"fr-FR\"},{\"@type\":\"Organization\",\"@id\":\"https:\\\/\\\/new.dinamicaballet.com\\\/fr\\\/#organization\",\"name\":\"Dinamica Ballet\",\"url\":\"https:\\\/\\\/new.dinamicaballet.com\\\/fr\\\/\",\"logo\":{\"@type\":\"ImageObject\",\"inLanguage\":\"fr-FR\",\"@id\":\"https:\\\/\\\/new.dinamicaballet.com\\\/fr\\\/#\\\/schema\\\/logo\\\/image\\\/\",\"url\":\"https:\\\/\\\/new.dinamicaballet.com\\\/wp-content\\\/uploads\\\/2022\\\/03\\\/logo_dinamica_ballet.svg\",\"contentUrl\":\"https:\\\/\\\/new.dinamicaballet.com\\\/wp-content\\\/uploads\\\/2022\\\/03\\\/logo_dinamica_ballet.svg\",\"width\":284,\"height\":51,\"caption\":\"Dinamica Ballet\"},\"image\":{\"@id\":\"https:\\\/\\\/new.dinamicaballet.com\\\/fr\\\/#\\\/schema\\\/logo\\\/image\\\/\"},\"sameAs\":[\"https:\\\/\\\/www.facebook.com\\\/dinamicaballet\",\"https:\\\/\\\/www.instagram.com\\\/dinamicaballet\\\/\",\"http:\\\/\\\/www.linkedin.com\\\/company\\\/dinamica-ballet\",\"https:\\\/\\\/www.pinterest.com\\\/DinamicaBallet\\\/\"]}]}<\/script>\n<!-- \/ Yoast SEO plugin. -->","yoast_head_json":{"title":"Barre de danse pour d\u00e9butants Prima |\u00a0 Boutique en ligne","description":"La barre Prima est con\u00e7ue pour que tout le monde puisse s\u2019entra\u00eener chez soi et convient aussi bien aux enfants qu\u2019aux adulte.","robots":{"index":"noindex","follow":"follow","max-snippet":"max-snippet:-1","max-image-preview":"max-image-preview:large","max-video-preview":"max-video-preview:-1"},"og_locale":"fr_FR","og_type":"article","og_title":"Barre de danse pour d\u00e9butants Prima |\u00a0 Boutique en ligne","og_description":"La barre Prima est con\u00e7ue pour que tout le monde puisse s\u2019entra\u00eener chez soi et convient aussi bien aux enfants qu\u2019aux adulte.","og_url":"https:\/\/new.dinamicaballet.com\/fr\/producto\/barre-de-danse-pour-debutants-prima\/","og_site_name":"Dinamica Ballet","article_publisher":"https:\/\/www.facebook.com\/dinamicaballet","article_modified_time":"2024-09-20T09:20:04+00:00","og_image":[{"width":600,"height":800,"url":"https:\/\/new.dinamicaballet.com\/wp-content\/uploads\/2020\/12\/dinamica_ballet_shop_prima_01.jpg","type":"image\/jpeg"}],"twitter_card":"summary_large_image","twitter_misc":{"Dur\u00e9e de lecture estim\u00e9e":"2 minutes"},"schema":{"@context":"https:\/\/schema.org","@graph":[{"@type":"WebPage","@id":"https:\/\/new.dinamicaballet.com\/fr\/producto\/barre-de-danse-pour-debutants-prima\/","url":"https:\/\/new.dinamicaballet.com\/fr\/producto\/barre-de-danse-pour-debutants-prima\/","name":"Barre de danse pour d\u00e9butants Prima |\u00a0 Boutique en ligne","isPartOf":{"@id":"https:\/\/new.dinamicaballet.com\/fr\/#website"},"primaryImageOfPage":{"@id":"https:\/\/new.dinamicaballet.com\/fr\/producto\/barre-de-danse-pour-debutants-prima\/#primaryimage"},"image":{"@id":"https:\/\/new.dinamicaballet.com\/fr\/producto\/barre-de-danse-pour-debutants-prima\/#primaryimage"},"thumbnailUrl":"https:\/\/new.dinamicaballet.com\/wp-content\/uploads\/2020\/12\/dinamica_ballet_shop_prima_01.jpg","datePublished":"2020-12-03T16:24:53+00:00","dateModified":"2024-09-20T09:20:04+00:00","description":"La barre Prima est con\u00e7ue pour que tout le monde puisse s\u2019entra\u00eener chez soi et convient aussi bien aux enfants qu\u2019aux adulte.","inLanguage":"fr-FR","potentialAction":[{"@type":"ReadAction","target":["https:\/\/new.dinamicaballet.com\/fr\/producto\/barre-de-danse-pour-debutants-prima\/"]}]},{"@type":"ImageObject","inLanguage":"fr-FR","@id":"https:\/\/new.dinamicaballet.com\/fr\/producto\/barre-de-danse-pour-debutants-prima\/#primaryimage","url":"https:\/\/new.dinamicaballet.com\/wp-content\/uploads\/2020\/12\/dinamica_ballet_shop_prima_01.jpg","contentUrl":"https:\/\/new.dinamicaballet.com\/wp-content\/uploads\/2020\/12\/dinamica_ballet_shop_prima_01.jpg","width":600,"height":800,"caption":"Barre de danse pour d\u00e9butants Prima"},{"@type":"WebSite","@id":"https:\/\/new.dinamicaballet.com\/fr\/#website","url":"https:\/\/new.dinamicaballet.com\/fr\/","name":"Dinamica Ballet","description":"Especialistas en barras de ballet y espejos para la danza","publisher":{"@id":"https:\/\/new.dinamicaballet.com\/fr\/#organization"},"potentialAction":[{"@type":"SearchAction","target":{"@type":"EntryPoint","urlTemplate":"https:\/\/new.dinamicaballet.com\/fr\/?s={search_term_string}"},"query-input":{"@type":"PropertyValueSpecification","valueRequired":true,"valueName":"search_term_string"}}],"inLanguage":"fr-FR"},{"@type":"Organization","@id":"https:\/\/new.dinamicaballet.com\/fr\/#organization","name":"Dinamica Ballet","url":"https:\/\/new.dinamicaballet.com\/fr\/","logo":{"@type":"ImageObject","inLanguage":"fr-FR","@id":"https:\/\/new.dinamicaballet.com\/fr\/#\/schema\/logo\/image\/","url":"https:\/\/new.dinamicaballet.com\/wp-content\/uploads\/2022\/03\/logo_dinamica_ballet.svg","contentUrl":"https:\/\/new.dinamicaballet.com\/wp-content\/uploads\/2022\/03\/logo_dinamica_ballet.svg","width":284,"height":51,"caption":"Dinamica Ballet"},"image":{"@id":"https:\/\/new.dinamicaballet.com\/fr\/#\/schema\/logo\/image\/"},"sameAs":["https:\/\/www.facebook.com\/dinamicaballet","https:\/\/www.instagram.com\/dinamicaballet\/","http:\/\/www.linkedin.com\/company\/dinamica-ballet","https:\/\/www.pinterest.com\/DinamicaBallet\/"]}]}},"taxonomy_info":{"product_cat":[{"value":211,"label":"Barres mobiles"},{"value":263,"label":"Collection Home"},{"value":262,"label":"Une barre"}],"product_tag":[{"value":264,"label":"movil"},{"value":265,"label":"prima"}]},"featured_image_src_large":["https:\/\/new.dinamicaballet.com\/wp-content\/uploads\/2020\/12\/dinamica_ballet_shop_prima_01.jpg",600,800,false],"author_info":[],"comment_info":"","_links":{"self":[{"href":"https:\/\/new.dinamicaballet.com\/fr\/wp-json\/wp\/v2\/product\/8782","targetHints":{"allow":["GET"]}}],"collection":[{"href":"https:\/\/new.dinamicaballet.com\/fr\/wp-json\/wp\/v2\/product"}],"about":[{"href":"https:\/\/new.dinamicaballet.com\/fr\/wp-json\/wp\/v2\/types\/product"}],"wp:featuredmedia":[{"embeddable":true,"href":"https:\/\/new.dinamicaballet.com\/fr\/wp-json\/wp\/v2\/media\/8793"}],"wp:attachment":[{"href":"https:\/\/new.dinamicaballet.com\/fr\/wp-json\/wp\/v2\/media?parent=8782"}],"wp:term":[{"taxonomy":"product_brand","embeddable":true,"href":"https:\/\/new.dinamicaballet.com\/fr\/wp-json\/wp\/v2\/product_brand?post=8782"},{"taxonomy":"product_cat","embeddable":true,"href":"https:\/\/new.dinamicaballet.com\/fr\/wp-json\/wp\/v2\/product_cat?post=8782"},{"taxonomy":"product_tag","embeddable":true,"href":"https:\/\/new.dinamicaballet.com\/fr\/wp-json\/wp\/v2\/product_tag?post=8782"}],"curies":[{"name":"wp","href":"https:\/\/api.w.org\/{rel}","templated":true}]}}