{"id":69490,"date":"2023-03-07T12:52:04","date_gmt":"2023-03-07T11:52:04","guid":{"rendered":"https:\/\/www.dinamicaballet.com\/?post_type=product&#038;p=69490"},"modified":"2025-09-10T08:36:07","modified_gmt":"2025-09-10T07:36:07","slug":"set-de-3-miroirs-muraux-et-barres-murales-doubles-de-3m","status":"publish","type":"product","link":"https:\/\/new.dinamicaballet.com\/fr\/producto\/set-de-3-miroirs-muraux-et-barres-murales-doubles-de-3m\/","title":{"rendered":"Set de 3 miroirs muraux  et barres murales Arabesque Double de 3m"},"content":{"rendered":"<h3><strong>Meilleur am\u00e9nagement de votre espace<\/strong><\/h3>\n<p>Nous avons d\u00e9velopp\u00e9 la solution id\u00e9ale pour associer efficacement les miroirs et les barres de danse. Nos \u00e9quipes de conception et de fabrication ont cr\u00e9\u00e9 un miroir avec une ouverture encadr\u00e9e qui n\u2019affaiblit pas l\u2019int\u00e9grit\u00e9 de l\u2019ensemble de la structure. Gr\u00e2ce \u00e0 l\u2019espace de 20 x 10 centim\u00e8tres, les consoles Arabesque se fixent directement au mur sans ajouter de pression suppl\u00e9mentaire sur le miroir, garantissant une installation s\u00fbre. Le verre de 4 millim\u00e8tres d\u2019\u00e9paisseur du miroir professionnel Amadeus est de la plus haute qualit\u00e9. Il permet \u00e0 plusieurs \u00e9l\u00e8ves situ\u00e9s \u00e0 diff\u00e9rentes distances de se voir sans distorsion et de travailler avec pr\u00e9cision.<\/p>\n<h3><\/h3>\n<h3><strong>Un miroir haute s\u00e9curit\u00e9<\/strong><\/h3>\n<p>L\u2019\u00e9paisseur du miroir, la protection des cadres en aluminium et le syst\u00e8me de fixation apportent \u00e0 l\u2019Amadeus une grande robustesse et un degr\u00e9 de protection tr\u00e8s \u00e9lev\u00e9 face \u00e0 la casse. Toutefois, en cas de choc violent sur le miroir, celui-ci pourrait se briser. C\u2019est pourquoi nous appliquons un film de s\u00e9curit\u00e9 qui \u00e9vite que des fragments de verre se d\u00e9tachent et heurtent quiconque.<\/p>\n<h3><\/h3>\n<h3><strong>Des d\u00e9tails qui font la diff\u00e9rence<\/strong><\/h3>\n<p>Les supports en acier galvanis\u00e9 viss\u00e9s au mur sont con\u00e7us pour pouvoir accrocher le miroir \u00e0 l\u2019aide des encoches qui se trouvent dans le cadre. Une fois accroch\u00e9 aux supports, le miroir repose compl\u00e8tement \u00e0 plat sur le mur. Ce syst\u00e8me permet de r\u00e9partir le poids sur toute la surface et de garantir un alignement parfait et une stabilit\u00e9 totale de l\u2019ensemble de l\u2019installation, quel que soit le nombre de miroirs. Les cadres en aluminium et l\u2019ouverture prot\u00e8gent le miroir et permettent d\u2019en assembler plusieurs en toute s\u00e9curit\u00e9 et sans d\u00e9viation.<\/p>\n<h3><span style=\"font-size: 20px;\"><a href=\"https:\/\/new.dinamicaballet.com\/wp-content\/uploads\/2021\/07\/FT-AMADEUS-0925.pdf\" class=\"su-button su-button-style-default\" style=\"color:#006B7C;background-color:#FFF2D5;border-color:#ccc2ab;border-radius:5px\" target=\"_blank\" rel=\"noopener noreferrer\"><span style=\"color:#006B7C;padding:0px 16px;font-size:13px;line-height:26px;border-color:#fff6e2;border-radius:5px;text-shadow:none\"> T\u00e9l\u00e9charger la fiche technique<\/span><\/a> <a href=\"https:\/\/new.dinamicaballet.com\/wp-content\/uploads\/2021\/07\/Instruccions-Amadeus.pdf\" class=\"su-button su-button-style-default\" style=\"color:#006B7C;background-color:#FFF2D5;border-color:#ccc2ab;border-radius:5px\" target=\"_blank\" rel=\"noopener noreferrer\"><span style=\"color:#006B7C;padding:0px 16px;font-size:13px;line-height:26px;border-color:#fff6e2;border-radius:5px;text-shadow:none\"> T\u00e9l\u00e9charger les instructions<\/span><\/a><\/span><\/h3>\n<p>&nbsp;<\/p>\n<div class=\"su-youtube su-u-responsive-media-yes\"><iframe loading=\"lazy\" width=\"600\" height=\"400\" src=\"https:\/\/www.youtube.com\/embed\/wjAG0Slm6Zg?\" frameborder=\"0\" allowfullscreen allow=\"autoplay; encrypted-media; picture-in-picture\" title=\"\"><\/iframe><\/div>\n<p>&nbsp;<\/p>\n","protected":false},"excerpt":{"rendered":"<p>L\u2019Amadeus est un miroir professionnel con\u00e7u pour \u00eatre utilis\u00e9 en harmonie avec nos barres de danse fix\u00e9es au mur. Gr\u00e2ce \u00e0 une ouverture sp\u00e9cialement con\u00e7ue \u00e0 travers le verre et le support, l\u2019Amadeus peut \u00eatre install\u00e9 avec nos consoles murales Arabesque. Ce miroir au reflet parfait est un outil id\u00e9al pour perfectionner votre technique et tirer le meilleur parti de votre espace.<\/p>\n<p>Le set comprend:<\/p>\n<p>&#8211; 2 miroirs muraux avec ouverture Amadeus de 200 x100 cm<br \/>\n&#8211; 1 miroir mural Figaro de 200 x 100 cm<br \/>\n&#8211; 2 consoles murales Arabesque Double<br \/>\n&#8211; 2 barres en bois de 3m<\/p>\n<p><strong>LIVRAISON ET TVA INCLUSES<\/strong><\/p>\n","protected":false},"featured_media":69507,"template":"","meta":{"_editorskit_title_hidden":false,"_editorskit_reading_time":0,"_editorskit_is_block_options_detached":false,"_editorskit_block_options_position":"{}","inline_featured_image":false,"_kad_blocks_custom_css":"","_kad_blocks_head_custom_js":"","_kad_blocks_body_custom_js":"","_kad_blocks_footer_custom_js":""},"product_brand":[],"product_cat":[209,274,217],"product_tag":[],"class_list":{"0":"post-69490","1":"product","2":"type-product","3":"status-publish","4":"has-post-thumbnail","6":"product_cat-barres-de-danse-classique-fixes-murales","7":"product_cat-collection-premium","8":"product_cat-miroirs-de-danse-professionnels","9":"post","10":"with-featured-image","12":"first","13":"instock","14":"sold-individually","15":"taxable","16":"shipping-taxable","17":"purchasable","18":"product-type-simple"},"yoast_head":"<!-- This site is optimized with the Yoast SEO plugin v27.4 - https:\/\/yoast.com\/product\/yoast-seo-wordpress\/ -->\n<title>Set de 3 miroirs muraux avec barres fix\u00e9es doubles de 3m<\/title>\n<meta name=\"description\" content=\"Gr\u00e2ce \u00e0 l\u2019espace de 20 x 10 centim\u00e8tres, les consoles Arabesque se fixent directement au mur sans ajouter de pression suppl\u00e9mentaire sur le miroir\" \/>\n<meta name=\"robots\" content=\"noindex, follow, max-snippet:-1, max-image-preview:large, max-video-preview:-1\" \/>\n<meta property=\"og:locale\" content=\"fr_FR\" \/>\n<meta property=\"og:type\" content=\"article\" \/>\n<meta property=\"og:title\" content=\"Set de 3 miroirs muraux avec barres fix\u00e9es doubles de 3m\" \/>\n<meta property=\"og:description\" content=\"Gr\u00e2ce \u00e0 l\u2019espace de 20 x 10 centim\u00e8tres, les consoles Arabesque se fixent directement au mur sans ajouter de pression suppl\u00e9mentaire sur le miroir\" \/>\n<meta property=\"og:url\" content=\"https:\/\/new.dinamicaballet.com\/fr\/producto\/set-de-3-miroirs-muraux-et-barres-murales-doubles-de-3m\/\" \/>\n<meta property=\"og:site_name\" content=\"Dinamica Ballet\" \/>\n<meta property=\"article:publisher\" content=\"https:\/\/www.facebook.com\/dinamicaballet\" \/>\n<meta property=\"article:modified_time\" content=\"2025-09-10T07:36:07+00:00\" \/>\n<meta property=\"og:image\" content=\"https:\/\/new.dinamicaballet.com\/wp-content\/uploads\/2023\/03\/Set-3-Amadeus-shop.png\" \/>\n\t<meta property=\"og:image:width\" content=\"600\" \/>\n\t<meta property=\"og:image:height\" content=\"800\" \/>\n\t<meta property=\"og:image:type\" content=\"image\/png\" \/>\n<meta name=\"twitter:card\" content=\"summary_large_image\" \/>\n<meta name=\"twitter:label1\" content=\"Dur\u00e9e de lecture estim\u00e9e\" \/>\n\t<meta name=\"twitter:data1\" content=\"2 minutes\" \/>\n<script type=\"application\/ld+json\" class=\"yoast-schema-graph\">{\"@context\":\"https:\\\/\\\/schema.org\",\"@graph\":[{\"@type\":\"WebPage\",\"@id\":\"https:\\\/\\\/new.dinamicaballet.com\\\/fr\\\/producto\\\/set-de-3-miroirs-muraux-et-barres-murales-doubles-de-3m\\\/\",\"url\":\"https:\\\/\\\/new.dinamicaballet.com\\\/fr\\\/producto\\\/set-de-3-miroirs-muraux-et-barres-murales-doubles-de-3m\\\/\",\"name\":\"Set de 3 miroirs muraux avec barres fix\u00e9es doubles de 3m\",\"isPartOf\":{\"@id\":\"https:\\\/\\\/new.dinamicaballet.com\\\/fr\\\/#website\"},\"primaryImageOfPage\":{\"@id\":\"https:\\\/\\\/new.dinamicaballet.com\\\/fr\\\/producto\\\/set-de-3-miroirs-muraux-et-barres-murales-doubles-de-3m\\\/#primaryimage\"},\"image\":{\"@id\":\"https:\\\/\\\/new.dinamicaballet.com\\\/fr\\\/producto\\\/set-de-3-miroirs-muraux-et-barres-murales-doubles-de-3m\\\/#primaryimage\"},\"thumbnailUrl\":\"https:\\\/\\\/new.dinamicaballet.com\\\/wp-content\\\/uploads\\\/2023\\\/03\\\/Set-3-Amadeus-shop.png\",\"datePublished\":\"2023-03-07T11:52:04+00:00\",\"dateModified\":\"2025-09-10T07:36:07+00:00\",\"description\":\"Gr\u00e2ce \u00e0 l\u2019espace de 20 x 10 centim\u00e8tres, les consoles Arabesque se fixent directement au mur sans ajouter de pression suppl\u00e9mentaire sur le miroir\",\"inLanguage\":\"fr-FR\",\"potentialAction\":[{\"@type\":\"ReadAction\",\"target\":[\"https:\\\/\\\/new.dinamicaballet.com\\\/fr\\\/producto\\\/set-de-3-miroirs-muraux-et-barres-murales-doubles-de-3m\\\/\"]}]},{\"@type\":\"ImageObject\",\"inLanguage\":\"fr-FR\",\"@id\":\"https:\\\/\\\/new.dinamicaballet.com\\\/fr\\\/producto\\\/set-de-3-miroirs-muraux-et-barres-murales-doubles-de-3m\\\/#primaryimage\",\"url\":\"https:\\\/\\\/new.dinamicaballet.com\\\/wp-content\\\/uploads\\\/2023\\\/03\\\/Set-3-Amadeus-shop.png\",\"contentUrl\":\"https:\\\/\\\/new.dinamicaballet.com\\\/wp-content\\\/uploads\\\/2023\\\/03\\\/Set-3-Amadeus-shop.png\",\"width\":600,\"height\":800},{\"@type\":\"WebSite\",\"@id\":\"https:\\\/\\\/new.dinamicaballet.com\\\/fr\\\/#website\",\"url\":\"https:\\\/\\\/new.dinamicaballet.com\\\/fr\\\/\",\"name\":\"Dinamica Ballet\",\"description\":\"Especialistas en barras de ballet y espejos para la danza\",\"publisher\":{\"@id\":\"https:\\\/\\\/new.dinamicaballet.com\\\/fr\\\/#organization\"},\"potentialAction\":[{\"@type\":\"SearchAction\",\"target\":{\"@type\":\"EntryPoint\",\"urlTemplate\":\"https:\\\/\\\/new.dinamicaballet.com\\\/fr\\\/?s={search_term_string}\"},\"query-input\":{\"@type\":\"PropertyValueSpecification\",\"valueRequired\":true,\"valueName\":\"search_term_string\"}}],\"inLanguage\":\"fr-FR\"},{\"@type\":\"Organization\",\"@id\":\"https:\\\/\\\/new.dinamicaballet.com\\\/fr\\\/#organization\",\"name\":\"Dinamica Ballet\",\"url\":\"https:\\\/\\\/new.dinamicaballet.com\\\/fr\\\/\",\"logo\":{\"@type\":\"ImageObject\",\"inLanguage\":\"fr-FR\",\"@id\":\"https:\\\/\\\/new.dinamicaballet.com\\\/fr\\\/#\\\/schema\\\/logo\\\/image\\\/\",\"url\":\"https:\\\/\\\/new.dinamicaballet.com\\\/wp-content\\\/uploads\\\/2022\\\/03\\\/logo_dinamica_ballet.svg\",\"contentUrl\":\"https:\\\/\\\/new.dinamicaballet.com\\\/wp-content\\\/uploads\\\/2022\\\/03\\\/logo_dinamica_ballet.svg\",\"width\":284,\"height\":51,\"caption\":\"Dinamica Ballet\"},\"image\":{\"@id\":\"https:\\\/\\\/new.dinamicaballet.com\\\/fr\\\/#\\\/schema\\\/logo\\\/image\\\/\"},\"sameAs\":[\"https:\\\/\\\/www.facebook.com\\\/dinamicaballet\",\"https:\\\/\\\/www.instagram.com\\\/dinamicaballet\\\/\",\"http:\\\/\\\/www.linkedin.com\\\/company\\\/dinamica-ballet\",\"https:\\\/\\\/www.pinterest.com\\\/DinamicaBallet\\\/\"]}]}<\/script>\n<!-- \/ Yoast SEO plugin. -->","yoast_head_json":{"title":"Set de 3 miroirs muraux avec barres fix\u00e9es doubles de 3m","description":"Gr\u00e2ce \u00e0 l\u2019espace de 20 x 10 centim\u00e8tres, les consoles Arabesque se fixent directement au mur sans ajouter de pression suppl\u00e9mentaire sur le miroir","robots":{"index":"noindex","follow":"follow","max-snippet":"max-snippet:-1","max-image-preview":"max-image-preview:large","max-video-preview":"max-video-preview:-1"},"og_locale":"fr_FR","og_type":"article","og_title":"Set de 3 miroirs muraux avec barres fix\u00e9es doubles de 3m","og_description":"Gr\u00e2ce \u00e0 l\u2019espace de 20 x 10 centim\u00e8tres, les consoles Arabesque se fixent directement au mur sans ajouter de pression suppl\u00e9mentaire sur le miroir","og_url":"https:\/\/new.dinamicaballet.com\/fr\/producto\/set-de-3-miroirs-muraux-et-barres-murales-doubles-de-3m\/","og_site_name":"Dinamica Ballet","article_publisher":"https:\/\/www.facebook.com\/dinamicaballet","article_modified_time":"2025-09-10T07:36:07+00:00","og_image":[{"width":600,"height":800,"url":"https:\/\/new.dinamicaballet.com\/wp-content\/uploads\/2023\/03\/Set-3-Amadeus-shop.png","type":"image\/png"}],"twitter_card":"summary_large_image","twitter_misc":{"Dur\u00e9e de lecture estim\u00e9e":"2 minutes"},"schema":{"@context":"https:\/\/schema.org","@graph":[{"@type":"WebPage","@id":"https:\/\/new.dinamicaballet.com\/fr\/producto\/set-de-3-miroirs-muraux-et-barres-murales-doubles-de-3m\/","url":"https:\/\/new.dinamicaballet.com\/fr\/producto\/set-de-3-miroirs-muraux-et-barres-murales-doubles-de-3m\/","name":"Set de 3 miroirs muraux avec barres fix\u00e9es doubles de 3m","isPartOf":{"@id":"https:\/\/new.dinamicaballet.com\/fr\/#website"},"primaryImageOfPage":{"@id":"https:\/\/new.dinamicaballet.com\/fr\/producto\/set-de-3-miroirs-muraux-et-barres-murales-doubles-de-3m\/#primaryimage"},"image":{"@id":"https:\/\/new.dinamicaballet.com\/fr\/producto\/set-de-3-miroirs-muraux-et-barres-murales-doubles-de-3m\/#primaryimage"},"thumbnailUrl":"https:\/\/new.dinamicaballet.com\/wp-content\/uploads\/2023\/03\/Set-3-Amadeus-shop.png","datePublished":"2023-03-07T11:52:04+00:00","dateModified":"2025-09-10T07:36:07+00:00","description":"Gr\u00e2ce \u00e0 l\u2019espace de 20 x 10 centim\u00e8tres, les consoles Arabesque se fixent directement au mur sans ajouter de pression suppl\u00e9mentaire sur le miroir","inLanguage":"fr-FR","potentialAction":[{"@type":"ReadAction","target":["https:\/\/new.dinamicaballet.com\/fr\/producto\/set-de-3-miroirs-muraux-et-barres-murales-doubles-de-3m\/"]}]},{"@type":"ImageObject","inLanguage":"fr-FR","@id":"https:\/\/new.dinamicaballet.com\/fr\/producto\/set-de-3-miroirs-muraux-et-barres-murales-doubles-de-3m\/#primaryimage","url":"https:\/\/new.dinamicaballet.com\/wp-content\/uploads\/2023\/03\/Set-3-Amadeus-shop.png","contentUrl":"https:\/\/new.dinamicaballet.com\/wp-content\/uploads\/2023\/03\/Set-3-Amadeus-shop.png","width":600,"height":800},{"@type":"WebSite","@id":"https:\/\/new.dinamicaballet.com\/fr\/#website","url":"https:\/\/new.dinamicaballet.com\/fr\/","name":"Dinamica Ballet","description":"Especialistas en barras de ballet y espejos para la danza","publisher":{"@id":"https:\/\/new.dinamicaballet.com\/fr\/#organization"},"potentialAction":[{"@type":"SearchAction","target":{"@type":"EntryPoint","urlTemplate":"https:\/\/new.dinamicaballet.com\/fr\/?s={search_term_string}"},"query-input":{"@type":"PropertyValueSpecification","valueRequired":true,"valueName":"search_term_string"}}],"inLanguage":"fr-FR"},{"@type":"Organization","@id":"https:\/\/new.dinamicaballet.com\/fr\/#organization","name":"Dinamica Ballet","url":"https:\/\/new.dinamicaballet.com\/fr\/","logo":{"@type":"ImageObject","inLanguage":"fr-FR","@id":"https:\/\/new.dinamicaballet.com\/fr\/#\/schema\/logo\/image\/","url":"https:\/\/new.dinamicaballet.com\/wp-content\/uploads\/2022\/03\/logo_dinamica_ballet.svg","contentUrl":"https:\/\/new.dinamicaballet.com\/wp-content\/uploads\/2022\/03\/logo_dinamica_ballet.svg","width":284,"height":51,"caption":"Dinamica Ballet"},"image":{"@id":"https:\/\/new.dinamicaballet.com\/fr\/#\/schema\/logo\/image\/"},"sameAs":["https:\/\/www.facebook.com\/dinamicaballet","https:\/\/www.instagram.com\/dinamicaballet\/","http:\/\/www.linkedin.com\/company\/dinamica-ballet","https:\/\/www.pinterest.com\/DinamicaBallet\/"]}]}},"taxonomy_info":{"product_cat":[{"value":209,"label":"Barres fixes murales"},{"value":274,"label":"Collection Premium"},{"value":217,"label":"Miroirs de danse"}]},"featured_image_src_large":["https:\/\/new.dinamicaballet.com\/wp-content\/uploads\/2023\/03\/Set-3-Amadeus-shop.png",600,800,false],"author_info":[],"comment_info":"","_links":{"self":[{"href":"https:\/\/new.dinamicaballet.com\/fr\/wp-json\/wp\/v2\/product\/69490","targetHints":{"allow":["GET"]}}],"collection":[{"href":"https:\/\/new.dinamicaballet.com\/fr\/wp-json\/wp\/v2\/product"}],"about":[{"href":"https:\/\/new.dinamicaballet.com\/fr\/wp-json\/wp\/v2\/types\/product"}],"wp:featuredmedia":[{"embeddable":true,"href":"https:\/\/new.dinamicaballet.com\/fr\/wp-json\/wp\/v2\/media\/69507"}],"wp:attachment":[{"href":"https:\/\/new.dinamicaballet.com\/fr\/wp-json\/wp\/v2\/media?parent=69490"}],"wp:term":[{"taxonomy":"product_brand","embeddable":true,"href":"https:\/\/new.dinamicaballet.com\/fr\/wp-json\/wp\/v2\/product_brand?post=69490"},{"taxonomy":"product_cat","embeddable":true,"href":"https:\/\/new.dinamicaballet.com\/fr\/wp-json\/wp\/v2\/product_cat?post=69490"},{"taxonomy":"product_tag","embeddable":true,"href":"https:\/\/new.dinamicaballet.com\/fr\/wp-json\/wp\/v2\/product_tag?post=69490"}],"curies":[{"name":"wp","href":"https:\/\/api.w.org\/{rel}","templated":true}]}}