{"id":69157,"date":"2023-02-07T17:06:07","date_gmt":"2023-02-07T16:06:07","guid":{"rendered":"https:\/\/www.dinamicaballet.com\/?post_type=product&#038;p=69157"},"modified":"2024-09-25T13:44:08","modified_gmt":"2024-09-25T12:44:08","slug":"set-2miroirs-professionnel-avec-roulettes-billy","status":"publish","type":"product","link":"https:\/\/new.dinamicaballet.com\/fr\/producto\/set-2miroirs-professionnel-avec-roulettes-billy\/","title":{"rendered":"Set 2 miroirs avec roulettes Billy"},"content":{"rendered":"<h3><strong>Un bon reflet pour une meilleure technique<\/strong><\/h3>\n<p>Pour am\u00e9liorer sa technique dans toute discipline artistique ou sportive, un miroir de haute pr\u00e9cision est indispensable. \u00c9pais de 4 mm et fabriqu\u00e9 avec des mat\u00e9riaux de la plus haute qualit\u00e9, le miroir pour professionnels Billy forme un angle droit exact avec le sol sur toute sa surface, ce qui garantit un reflet parfait, sans d\u00e9formation. Quelle que soit la distance \u00e0 laquelle l&rsquo;\u00e9l\u00e8ve se situe du miroir, il peut se voir et contr\u00f4ler en d\u00e9tail ses mouvements.<\/p>\n<h3><strong>Libert\u00e9 de mouvement<\/strong><\/h3>\n<p>Les 4 roulettes vous permettent de d\u00e9placer le miroir Billy sans effort. La base en fer de forme concave r\u00e9partit le poids du miroir sur toute sa structure pour une excellente ergonomie et une v\u00e9ritable facilit\u00e9 de d\u00e9placement.<\/p>\n<p>Utilisez la poign\u00e9e sur le c\u00f4t\u00e9 lorsque vous d\u00e9placez le Billy pour \u00e9viter de le salir et, une fois dans la position de votre choix, utilisez les freins de blocage pour le stabiliser. Les roues en caoutchouc haute densit\u00e9 sont con\u00e7ues pour ne pas ab\u00eemer le sol de votre studio. Avec un poids total de 47 kilogrammes, le Billy est un miroir stable et solide qui ne fera aucune rayure ou marque sur votre sol, m\u00eame s&rsquo;il s&rsquo;agit de parquet.<\/p>\n<h3><strong>S\u00e9curit\u00e9 et flexibilit\u00e9<\/strong><\/h3>\n<p>L&rsquo;\u00e9paisseur du miroir, la base en fer, le cadre en bois et la protection \u00e0 l&rsquo;arri\u00e8re apportent au Billy une grande robustesse et un degr\u00e9 de protection tr\u00e8s \u00e9lev\u00e9 face \u00e0 la casse. Toutefois, en cas de choc violent sur le miroir, celui-ci pourrait se briser. C&rsquo;est pourquoi nous appliquons un film de s\u00e9curit\u00e9 pour \u00e9viter que des fragments de verre se d\u00e9tachent et heurtent quiconque. La taille et la forme de la base en fer sont con\u00e7ues pour emp\u00eacher le miroir de se renverser accidentellement.<\/p>\n<p>Si vous souhaitez cr\u00e9er une grande surface de miroirs pour travailler avec des groupes, vous pouvez assembler plusieurs miroirs avec une pi\u00e8ce de raccord en haut et en bas. Dans ce cas, vous pourrez d\u00e9placer les miroirs en les laissant attach\u00e9s. Si vous cherchez un miroir mobile de haute qualit\u00e9, le Billy est une r\u00e9f\u00e9rence dans les arts de la sc\u00e8ne depuis de nombreuses ann\u00e9es.<\/p>\n<a href=\"https:\/\/new.dinamicaballet.com\/wp-content\/uploads\/2021\/07\/FT-BILLY-0925.pdf\" class=\"su-button su-button-style-default\" style=\"color:#006B7C;background-color:#FFF2D5;border-color:#ccc2ab;border-radius:5px\" target=\"_blank\" rel=\"noopener noreferrer\"><span style=\"color:#006B7C;padding:0px 16px;font-size:13px;line-height:26px;border-color:#fff6e2;border-radius:5px;text-shadow:none\"> T\u00e9l\u00e9chargez la fiche technique<\/span><\/a> <a href=\"https:\/\/new.dinamicaballet.com\/wp-content\/uploads\/2021\/07\/Instruccions-Billy-4.pdf\" class=\"su-button su-button-style-default\" style=\"color:#006B7C;background-color:#FFF2D5;border-color:#ccc2ab;border-radius:5px\" target=\"_blank\" rel=\"noopener noreferrer\"><span style=\"color:#006B7C;padding:0px 16px;font-size:13px;line-height:26px;border-color:#fff6e2;border-radius:5px;text-shadow:none\"> T\u00e9l\u00e9chargez la notice de montage<\/span><\/a>\n<p>&nbsp;<\/p>\n<div class=\"su-youtube su-u-responsive-media-yes\"><iframe loading=\"lazy\" width=\"600\" height=\"400\" src=\"https:\/\/www.youtube.com\/embed\/jOn_DdhVB7g?autohide=2&amp;autoplay=0&amp;mute=1&amp;controls=1&amp;fs=1&amp;loop=0&amp;modestbranding=0&amp;rel=1&amp;showinfo=1&amp;theme=dark&amp;wmode=&amp;playsinline=0\" frameborder=\"0\" allowfullscreen allow=\"autoplay; encrypted-media; picture-in-picture\" title=\"Billy Dinamica Ballet\"><\/iframe><\/div>\n<p>&nbsp;<\/p>\n<p>&nbsp;<\/p>\n","protected":false},"excerpt":{"rendered":"<p>Le Billy est un miroir de 180 x 100 cm pour les professionnels de la danse et d&rsquo;autres arts de la sc\u00e8ne qui permet une grande flexibilit\u00e9 dans l&rsquo;am\u00e9nagement des salles. Il offre un reflet parfait depuis n&rsquo;importe quel angle qui permet de travailler sa technique artistique avec pr\u00e9cision. Gr\u00e2ce \u00e0 sa base concave et ses roulettes avec freins de blocage, vous pouvez le d\u00e9placer facilement. Le cadre en bois s\u00e9curise la structure et ajoute \u00e0 l&rsquo;esth\u00e9tique de ce mod\u00e8le.<\/p>\n<p><strong>LIVRAISON ET TVA INCLUSES<\/strong><\/p>\n<p>&nbsp;<\/p>\n<p>&nbsp;<\/p>\n","protected":false},"featured_media":69162,"template":"","meta":{"_editorskit_title_hidden":false,"_editorskit_reading_time":0,"_editorskit_is_block_options_detached":false,"_editorskit_block_options_position":"{}","inline_featured_image":false,"_kad_blocks_custom_css":"","_kad_blocks_head_custom_js":"","_kad_blocks_body_custom_js":"","_kad_blocks_footer_custom_js":""},"product_brand":[],"product_cat":[217],"product_tag":[],"class_list":{"0":"post-69157","1":"product","2":"type-product","3":"status-publish","4":"has-post-thumbnail","6":"product_cat-miroirs-de-danse-professionnels","7":"post","8":"with-featured-image","10":"first","11":"instock","12":"sold-individually","13":"taxable","14":"shipping-taxable","15":"purchasable","16":"product-type-simple"},"yoast_head":"<!-- This site is optimized with the Yoast SEO plugin v27.4 - https:\/\/yoast.com\/product\/yoast-seo-wordpress\/ -->\n<title>Set 2 miroirs avec roulettes Billy | Boutique en ligne<\/title>\n<meta name=\"description\" content=\"Ce miroir avec roulettes offre un reflet parfait depuis n\u2019importe quel angle qui permet de travailler sa technique artistique avec pr\u00e9cision.\" \/>\n<meta name=\"robots\" content=\"noindex, follow, max-snippet:-1, max-image-preview:large, max-video-preview:-1\" \/>\n<meta property=\"og:locale\" content=\"fr_FR\" \/>\n<meta property=\"og:type\" content=\"article\" \/>\n<meta property=\"og:title\" content=\"Set 2 miroirs avec roulettes Billy | Boutique en ligne\" \/>\n<meta property=\"og:description\" content=\"Ce miroir avec roulettes offre un reflet parfait depuis n\u2019importe quel angle qui permet de travailler sa technique artistique avec pr\u00e9cision.\" \/>\n<meta property=\"og:url\" content=\"https:\/\/new.dinamicaballet.com\/fr\/producto\/set-2miroirs-professionnel-avec-roulettes-billy\/\" \/>\n<meta property=\"og:site_name\" content=\"Dinamica Ballet\" \/>\n<meta property=\"article:publisher\" content=\"https:\/\/www.facebook.com\/dinamicaballet\" \/>\n<meta property=\"article:modified_time\" content=\"2024-09-25T12:44:08+00:00\" \/>\n<meta property=\"og:image\" content=\"https:\/\/new.dinamicaballet.com\/wp-content\/uploads\/2023\/02\/Pack-2-Billy.png\" \/>\n\t<meta property=\"og:image:width\" content=\"600\" \/>\n\t<meta property=\"og:image:height\" content=\"800\" \/>\n\t<meta property=\"og:image:type\" content=\"image\/png\" \/>\n<meta name=\"twitter:card\" content=\"summary_large_image\" \/>\n<meta name=\"twitter:label1\" content=\"Dur\u00e9e de lecture estim\u00e9e\" \/>\n\t<meta name=\"twitter:data1\" content=\"2 minutes\" \/>\n<script type=\"application\/ld+json\" class=\"yoast-schema-graph\">{\"@context\":\"https:\\\/\\\/schema.org\",\"@graph\":[{\"@type\":\"WebPage\",\"@id\":\"https:\\\/\\\/new.dinamicaballet.com\\\/fr\\\/producto\\\/set-2miroirs-professionnel-avec-roulettes-billy\\\/\",\"url\":\"https:\\\/\\\/new.dinamicaballet.com\\\/fr\\\/producto\\\/set-2miroirs-professionnel-avec-roulettes-billy\\\/\",\"name\":\"Set 2 miroirs avec roulettes Billy | Boutique en ligne\",\"isPartOf\":{\"@id\":\"https:\\\/\\\/new.dinamicaballet.com\\\/fr\\\/#website\"},\"primaryImageOfPage\":{\"@id\":\"https:\\\/\\\/new.dinamicaballet.com\\\/fr\\\/producto\\\/set-2miroirs-professionnel-avec-roulettes-billy\\\/#primaryimage\"},\"image\":{\"@id\":\"https:\\\/\\\/new.dinamicaballet.com\\\/fr\\\/producto\\\/set-2miroirs-professionnel-avec-roulettes-billy\\\/#primaryimage\"},\"thumbnailUrl\":\"https:\\\/\\\/new.dinamicaballet.com\\\/wp-content\\\/uploads\\\/2023\\\/02\\\/Pack-2-Billy.png\",\"datePublished\":\"2023-02-07T16:06:07+00:00\",\"dateModified\":\"2024-09-25T12:44:08+00:00\",\"description\":\"Ce miroir avec roulettes offre un reflet parfait depuis n\u2019importe quel angle qui permet de travailler sa technique artistique avec pr\u00e9cision.\",\"inLanguage\":\"fr-FR\",\"potentialAction\":[{\"@type\":\"ReadAction\",\"target\":[\"https:\\\/\\\/new.dinamicaballet.com\\\/fr\\\/producto\\\/set-2miroirs-professionnel-avec-roulettes-billy\\\/\"]}]},{\"@type\":\"ImageObject\",\"inLanguage\":\"fr-FR\",\"@id\":\"https:\\\/\\\/new.dinamicaballet.com\\\/fr\\\/producto\\\/set-2miroirs-professionnel-avec-roulettes-billy\\\/#primaryimage\",\"url\":\"https:\\\/\\\/new.dinamicaballet.com\\\/wp-content\\\/uploads\\\/2023\\\/02\\\/Pack-2-Billy.png\",\"contentUrl\":\"https:\\\/\\\/new.dinamicaballet.com\\\/wp-content\\\/uploads\\\/2023\\\/02\\\/Pack-2-Billy.png\",\"width\":600,\"height\":800},{\"@type\":\"WebSite\",\"@id\":\"https:\\\/\\\/new.dinamicaballet.com\\\/fr\\\/#website\",\"url\":\"https:\\\/\\\/new.dinamicaballet.com\\\/fr\\\/\",\"name\":\"Dinamica Ballet\",\"description\":\"Especialistas en barras de ballet y espejos para la danza\",\"publisher\":{\"@id\":\"https:\\\/\\\/new.dinamicaballet.com\\\/fr\\\/#organization\"},\"potentialAction\":[{\"@type\":\"SearchAction\",\"target\":{\"@type\":\"EntryPoint\",\"urlTemplate\":\"https:\\\/\\\/new.dinamicaballet.com\\\/fr\\\/?s={search_term_string}\"},\"query-input\":{\"@type\":\"PropertyValueSpecification\",\"valueRequired\":true,\"valueName\":\"search_term_string\"}}],\"inLanguage\":\"fr-FR\"},{\"@type\":\"Organization\",\"@id\":\"https:\\\/\\\/new.dinamicaballet.com\\\/fr\\\/#organization\",\"name\":\"Dinamica Ballet\",\"url\":\"https:\\\/\\\/new.dinamicaballet.com\\\/fr\\\/\",\"logo\":{\"@type\":\"ImageObject\",\"inLanguage\":\"fr-FR\",\"@id\":\"https:\\\/\\\/new.dinamicaballet.com\\\/fr\\\/#\\\/schema\\\/logo\\\/image\\\/\",\"url\":\"https:\\\/\\\/new.dinamicaballet.com\\\/wp-content\\\/uploads\\\/2022\\\/03\\\/logo_dinamica_ballet.svg\",\"contentUrl\":\"https:\\\/\\\/new.dinamicaballet.com\\\/wp-content\\\/uploads\\\/2022\\\/03\\\/logo_dinamica_ballet.svg\",\"width\":284,\"height\":51,\"caption\":\"Dinamica Ballet\"},\"image\":{\"@id\":\"https:\\\/\\\/new.dinamicaballet.com\\\/fr\\\/#\\\/schema\\\/logo\\\/image\\\/\"},\"sameAs\":[\"https:\\\/\\\/www.facebook.com\\\/dinamicaballet\",\"https:\\\/\\\/www.instagram.com\\\/dinamicaballet\\\/\",\"http:\\\/\\\/www.linkedin.com\\\/company\\\/dinamica-ballet\",\"https:\\\/\\\/www.pinterest.com\\\/DinamicaBallet\\\/\"]}]}<\/script>\n<!-- \/ Yoast SEO plugin. -->","yoast_head_json":{"title":"Set 2 miroirs avec roulettes Billy | Boutique en ligne","description":"Ce miroir avec roulettes offre un reflet parfait depuis n\u2019importe quel angle qui permet de travailler sa technique artistique avec pr\u00e9cision.","robots":{"index":"noindex","follow":"follow","max-snippet":"max-snippet:-1","max-image-preview":"max-image-preview:large","max-video-preview":"max-video-preview:-1"},"og_locale":"fr_FR","og_type":"article","og_title":"Set 2 miroirs avec roulettes Billy | Boutique en ligne","og_description":"Ce miroir avec roulettes offre un reflet parfait depuis n\u2019importe quel angle qui permet de travailler sa technique artistique avec pr\u00e9cision.","og_url":"https:\/\/new.dinamicaballet.com\/fr\/producto\/set-2miroirs-professionnel-avec-roulettes-billy\/","og_site_name":"Dinamica Ballet","article_publisher":"https:\/\/www.facebook.com\/dinamicaballet","article_modified_time":"2024-09-25T12:44:08+00:00","og_image":[{"width":600,"height":800,"url":"https:\/\/new.dinamicaballet.com\/wp-content\/uploads\/2023\/02\/Pack-2-Billy.png","type":"image\/png"}],"twitter_card":"summary_large_image","twitter_misc":{"Dur\u00e9e de lecture estim\u00e9e":"2 minutes"},"schema":{"@context":"https:\/\/schema.org","@graph":[{"@type":"WebPage","@id":"https:\/\/new.dinamicaballet.com\/fr\/producto\/set-2miroirs-professionnel-avec-roulettes-billy\/","url":"https:\/\/new.dinamicaballet.com\/fr\/producto\/set-2miroirs-professionnel-avec-roulettes-billy\/","name":"Set 2 miroirs avec roulettes Billy | Boutique en ligne","isPartOf":{"@id":"https:\/\/new.dinamicaballet.com\/fr\/#website"},"primaryImageOfPage":{"@id":"https:\/\/new.dinamicaballet.com\/fr\/producto\/set-2miroirs-professionnel-avec-roulettes-billy\/#primaryimage"},"image":{"@id":"https:\/\/new.dinamicaballet.com\/fr\/producto\/set-2miroirs-professionnel-avec-roulettes-billy\/#primaryimage"},"thumbnailUrl":"https:\/\/new.dinamicaballet.com\/wp-content\/uploads\/2023\/02\/Pack-2-Billy.png","datePublished":"2023-02-07T16:06:07+00:00","dateModified":"2024-09-25T12:44:08+00:00","description":"Ce miroir avec roulettes offre un reflet parfait depuis n\u2019importe quel angle qui permet de travailler sa technique artistique avec pr\u00e9cision.","inLanguage":"fr-FR","potentialAction":[{"@type":"ReadAction","target":["https:\/\/new.dinamicaballet.com\/fr\/producto\/set-2miroirs-professionnel-avec-roulettes-billy\/"]}]},{"@type":"ImageObject","inLanguage":"fr-FR","@id":"https:\/\/new.dinamicaballet.com\/fr\/producto\/set-2miroirs-professionnel-avec-roulettes-billy\/#primaryimage","url":"https:\/\/new.dinamicaballet.com\/wp-content\/uploads\/2023\/02\/Pack-2-Billy.png","contentUrl":"https:\/\/new.dinamicaballet.com\/wp-content\/uploads\/2023\/02\/Pack-2-Billy.png","width":600,"height":800},{"@type":"WebSite","@id":"https:\/\/new.dinamicaballet.com\/fr\/#website","url":"https:\/\/new.dinamicaballet.com\/fr\/","name":"Dinamica Ballet","description":"Especialistas en barras de ballet y espejos para la danza","publisher":{"@id":"https:\/\/new.dinamicaballet.com\/fr\/#organization"},"potentialAction":[{"@type":"SearchAction","target":{"@type":"EntryPoint","urlTemplate":"https:\/\/new.dinamicaballet.com\/fr\/?s={search_term_string}"},"query-input":{"@type":"PropertyValueSpecification","valueRequired":true,"valueName":"search_term_string"}}],"inLanguage":"fr-FR"},{"@type":"Organization","@id":"https:\/\/new.dinamicaballet.com\/fr\/#organization","name":"Dinamica Ballet","url":"https:\/\/new.dinamicaballet.com\/fr\/","logo":{"@type":"ImageObject","inLanguage":"fr-FR","@id":"https:\/\/new.dinamicaballet.com\/fr\/#\/schema\/logo\/image\/","url":"https:\/\/new.dinamicaballet.com\/wp-content\/uploads\/2022\/03\/logo_dinamica_ballet.svg","contentUrl":"https:\/\/new.dinamicaballet.com\/wp-content\/uploads\/2022\/03\/logo_dinamica_ballet.svg","width":284,"height":51,"caption":"Dinamica Ballet"},"image":{"@id":"https:\/\/new.dinamicaballet.com\/fr\/#\/schema\/logo\/image\/"},"sameAs":["https:\/\/www.facebook.com\/dinamicaballet","https:\/\/www.instagram.com\/dinamicaballet\/","http:\/\/www.linkedin.com\/company\/dinamica-ballet","https:\/\/www.pinterest.com\/DinamicaBallet\/"]}]}},"taxonomy_info":{"product_cat":[{"value":217,"label":"Miroirs de danse"}]},"featured_image_src_large":["https:\/\/new.dinamicaballet.com\/wp-content\/uploads\/2023\/02\/Pack-2-Billy.png",600,800,false],"author_info":[],"comment_info":"","_links":{"self":[{"href":"https:\/\/new.dinamicaballet.com\/fr\/wp-json\/wp\/v2\/product\/69157","targetHints":{"allow":["GET"]}}],"collection":[{"href":"https:\/\/new.dinamicaballet.com\/fr\/wp-json\/wp\/v2\/product"}],"about":[{"href":"https:\/\/new.dinamicaballet.com\/fr\/wp-json\/wp\/v2\/types\/product"}],"wp:featuredmedia":[{"embeddable":true,"href":"https:\/\/new.dinamicaballet.com\/fr\/wp-json\/wp\/v2\/media\/69162"}],"wp:attachment":[{"href":"https:\/\/new.dinamicaballet.com\/fr\/wp-json\/wp\/v2\/media?parent=69157"}],"wp:term":[{"taxonomy":"product_brand","embeddable":true,"href":"https:\/\/new.dinamicaballet.com\/fr\/wp-json\/wp\/v2\/product_brand?post=69157"},{"taxonomy":"product_cat","embeddable":true,"href":"https:\/\/new.dinamicaballet.com\/fr\/wp-json\/wp\/v2\/product_cat?post=69157"},{"taxonomy":"product_tag","embeddable":true,"href":"https:\/\/new.dinamicaballet.com\/fr\/wp-json\/wp\/v2\/product_tag?post=69157"}],"curies":[{"name":"wp","href":"https:\/\/api.w.org\/{rel}","templated":true}]}}