{"id":68550,"date":"2023-01-19T16:18:39","date_gmt":"2023-01-19T15:18:39","guid":{"rendered":"https:\/\/www.dinamicaballet.com\/?post_type=product&#038;p=68550"},"modified":"2025-09-05T04:41:01","modified_gmt":"2025-09-05T03:41:01","slug":"set-2-miroirs-murax-figaro","status":"publish","type":"product","link":"https:\/\/new.dinamicaballet.com\/fr\/producto\/set-2-miroirs-murax-figaro\/","title":{"rendered":"Set 2 miroirs muraux Figaro"},"content":{"rendered":"<h3>Un outil de travail incontournable<\/h3>\n<p>Pour am\u00e9liorer sa technique dans toute discipline artistique ou sportive, un miroir de haute pr\u00e9cision est indispensable. Le verre de 4 millim\u00e8tres d&rsquo;\u00e9paisseur du miroir professionnel Figaro est de la plus haute qualit\u00e9. Il permet \u00e0 plusieurs \u00e9l\u00e8ves situ\u00e9s \u00e0 diff\u00e9rentes distances de se voir sans distorsion et de travailler avec pr\u00e9cision. Les supports en acier galvanis\u00e9 garantissent une fixation parfaite au mur et une surface plane et sans inclinaison. Les cadres en aluminium prot\u00e8gent le miroir et permettent de relier les diff\u00e9rentes unit\u00e9s en toute s\u00e9curit\u00e9 et sans d\u00e9viation.<\/p>\n<h3>Une s\u00e9curit\u00e9 maximale pour la tranquillit\u00e9 de tous<\/h3>\n<p>L&rsquo;\u00e9paisseur du miroir, la protection des cadres en aluminium et le syst\u00e8me de fixation apportent au Figaro une grande robustesse et un degr\u00e9 de protection tr\u00e8s \u00e9lev\u00e9 face \u00e0 la casse. Toutefois, en cas de choc violent sur le miroir, celui-ci pourrait se briser. C&rsquo;est pourquoi nous appliquons un film protecteur de s\u00e9curit\u00e9 pour \u00e9viter que des fragments de verre se d\u00e9tachent et heurtent quiconque. Les supports viss\u00e9s au mur sont con\u00e7us pour pouvoir accrocher le miroir \u00e0 l&rsquo;aide des encoches qui se trouvent dans le cadre. Le poids est r\u00e9parti sur toute la surface et le fait qu&rsquo;il soit compl\u00e8tement en appui sur le mur assure une stabilit\u00e9 parfaite. L&rsquo;acier galvanis\u00e9 du support \u00e9vite l&rsquo;oxydation.<\/p>\n<h3>La flexibilit\u00e9 d&rsquo;un miroir fixe unique<\/h3>\n<p>Les deux petits supports en acier galvanis\u00e9 antirouille sont fix\u00e9s au mur \u00e0 l&rsquo;aide de deux vis. Le cadre en aluminium, qui entoure l&rsquo;ensemble du miroir, comporte deux encoches permettant d&rsquo;accrocher le miroir. Ce syst\u00e8me apporte une s\u00e9curit\u00e9 et une flexibilit\u00e9, car si vous devez un jour installer les miroirs dans une autre pi\u00e8ce, vous pouvez les d\u00e9placer facilement. Une fois accroch\u00e9 aux supports, le miroir repose compl\u00e8tement \u00e0 plat sur le mur. Ce syst\u00e8me permet de r\u00e9partir le poids sur toute la surface et de garantir un alignement parfait et une stabilit\u00e9 totale de l&rsquo;ensemble de l&rsquo;installation, quel que soit le nombre de miroirs. Vous pouvez associer le Figaro \u00e0 nos barres fix\u00e9es au sol pour optimiser l&rsquo;espace et cr\u00e9er votre studio de danse id\u00e9al.<\/p>\n<a href=\"https:\/\/new.dinamicaballet.com\/wp-content\/uploads\/2021\/07\/FT-FIGARO-0925-1.pdf\" class=\"su-button su-button-style-default\" style=\"color:#006B7C;background-color:#FFF2D5;border-color:#ccc2ab;border-radius:5px\" target=\"_blank\" rel=\"noopener noreferrer\"><span style=\"color:#006B7C;padding:0px 16px;font-size:13px;line-height:26px;border-color:#fff6e2;border-radius:5px;text-shadow:none\"> T\u00e9l\u00e9chargez la fiche technique<\/span><\/a> <a href=\"https:\/\/new.dinamicaballet.com\/wp-content\/uploads\/2021\/07\/Instruccions-Figaro-5_compressed.pdf\" class=\"su-button su-button-style-default\" style=\"color:#006B7C;background-color:#FFF2D5;border-color:#ccc2ab;border-radius:5px\" target=\"_blank\" rel=\"noopener noreferrer\"><span style=\"color:#006B7C;padding:0px 16px;font-size:13px;line-height:26px;border-color:#fff6e2;border-radius:5px;text-shadow:none\"> T\u00e9l\u00e9chargez la notice de montage<\/span><\/a>\n<p>&nbsp;<\/p>\n<div class=\"su-youtube su-u-responsive-media-yes\"><iframe loading=\"lazy\" width=\"600\" height=\"400\" src=\"https:\/\/www.youtube.com\/embed\/DfpTaPErv48?autohide=2&amp;autoplay=0&amp;mute=1&amp;controls=1&amp;fs=1&amp;loop=0&amp;modestbranding=0&amp;rel=1&amp;showinfo=1&amp;theme=dark&amp;wmode=&amp;playsinline=0\" frameborder=\"0\" allowfullscreen allow=\"autoplay; encrypted-media; picture-in-picture\" title=\"Figaro Dinamica Ballet\"><\/iframe><\/div>\n","protected":false},"excerpt":{"rendered":"<p>Le Figaro est un miroir pour les professionnels des arts de la sc\u00e8ne et du sport. Il offre un reflet parfait, sans aucune d\u00e9formation quelle que soit la distance, de sorte que le danseur, le musicien ou l&rsquo;athl\u00e8te peut travailler sa technique avec pr\u00e9cision. Il a \u00e9t\u00e9 con\u00e7u de mani\u00e8re \u00e0 ce qu&rsquo;il soit possible d&rsquo;assembler autant d&rsquo;unit\u00e9s que n\u00e9cessaire pour cr\u00e9er un espace continu avec une sensation d&rsquo;amplitude et d&rsquo;\u00e9l\u00e9gance. Le Figaro est un miroir haute s\u00e9curit\u00e9 gr\u00e2ce \u00e0 son syst\u00e8me de fixation murale et au film anti-\u00e9clat qui emp\u00eache les fragments de se d\u00e9tacher en cas de choc violent.<\/p>\n<p><strong>LIVRAISON ET TVA INCLUSES<\/strong><\/p>\n<p>&nbsp;<\/p>\n","protected":false},"featured_media":68564,"template":"","meta":{"_editorskit_title_hidden":false,"_editorskit_reading_time":0,"_editorskit_is_block_options_detached":false,"_editorskit_block_options_position":"{}","inline_featured_image":false,"_kad_blocks_custom_css":"","_kad_blocks_head_custom_js":"","_kad_blocks_body_custom_js":"","_kad_blocks_footer_custom_js":""},"product_brand":[],"product_cat":[217],"product_tag":[],"class_list":{"0":"post-68550","1":"product","2":"type-product","3":"status-publish","4":"has-post-thumbnail","6":"product_cat-miroirs-de-danse-professionnels","7":"post","8":"with-featured-image","10":"first","11":"instock","12":"sold-individually","13":"taxable","14":"shipping-taxable","15":"purchasable","16":"product-type-variable"},"yoast_head":"<!-- This site is optimized with the Yoast SEO plugin v27.4 - https:\/\/yoast.com\/product\/yoast-seo-wordpress\/ -->\n<title>Set 2 miroirs muraux Figaro | Dinamica Balle<\/title>\n<meta name=\"description\" content=\"Ce miroir offre un reflet parfait, sans aucune d\u00e9formation, de sorte que le danseur ou l&#039;athl\u00e8te peut travailler sa technique avec pr\u00e9cision.\" \/>\n<meta name=\"robots\" content=\"noindex, follow, max-snippet:-1, max-image-preview:large, max-video-preview:-1\" \/>\n<meta property=\"og:locale\" content=\"fr_FR\" \/>\n<meta property=\"og:type\" content=\"article\" \/>\n<meta property=\"og:title\" content=\"Set 2 miroirs muraux Figaro | Dinamica Balle\" \/>\n<meta property=\"og:description\" content=\"Ce miroir offre un reflet parfait, sans aucune d\u00e9formation, de sorte que le danseur ou l&#039;athl\u00e8te peut travailler sa technique avec pr\u00e9cision.\" \/>\n<meta property=\"og:url\" content=\"https:\/\/new.dinamicaballet.com\/fr\/producto\/set-2-miroirs-murax-figaro\/\" \/>\n<meta property=\"og:site_name\" content=\"Dinamica Ballet\" \/>\n<meta property=\"article:publisher\" content=\"https:\/\/www.facebook.com\/dinamicaballet\" \/>\n<meta property=\"article:modified_time\" content=\"2025-09-05T03:41:01+00:00\" \/>\n<meta property=\"og:image\" content=\"https:\/\/new.dinamicaballet.com\/wp-content\/uploads\/2023\/01\/Pack-2-espejos-Figaro.png\" \/>\n\t<meta property=\"og:image:width\" content=\"600\" \/>\n\t<meta property=\"og:image:height\" content=\"800\" \/>\n\t<meta property=\"og:image:type\" content=\"image\/png\" \/>\n<meta name=\"twitter:card\" content=\"summary_large_image\" \/>\n<meta name=\"twitter:label1\" content=\"Dur\u00e9e de lecture estim\u00e9e\" \/>\n\t<meta name=\"twitter:data1\" content=\"2 minutes\" \/>\n<script type=\"application\/ld+json\" class=\"yoast-schema-graph\">{\"@context\":\"https:\\\/\\\/schema.org\",\"@graph\":[{\"@type\":\"WebPage\",\"@id\":\"https:\\\/\\\/new.dinamicaballet.com\\\/fr\\\/producto\\\/set-2-miroirs-murax-figaro\\\/\",\"url\":\"https:\\\/\\\/new.dinamicaballet.com\\\/fr\\\/producto\\\/set-2-miroirs-murax-figaro\\\/\",\"name\":\"Set 2 miroirs muraux Figaro | Dinamica Balle\",\"isPartOf\":{\"@id\":\"https:\\\/\\\/new.dinamicaballet.com\\\/fr\\\/#website\"},\"primaryImageOfPage\":{\"@id\":\"https:\\\/\\\/new.dinamicaballet.com\\\/fr\\\/producto\\\/set-2-miroirs-murax-figaro\\\/#primaryimage\"},\"image\":{\"@id\":\"https:\\\/\\\/new.dinamicaballet.com\\\/fr\\\/producto\\\/set-2-miroirs-murax-figaro\\\/#primaryimage\"},\"thumbnailUrl\":\"https:\\\/\\\/new.dinamicaballet.com\\\/wp-content\\\/uploads\\\/2023\\\/01\\\/Pack-2-espejos-Figaro.png\",\"datePublished\":\"2023-01-19T15:18:39+00:00\",\"dateModified\":\"2025-09-05T03:41:01+00:00\",\"description\":\"Ce miroir offre un reflet parfait, sans aucune d\u00e9formation, de sorte que le danseur ou l'athl\u00e8te peut travailler sa technique avec pr\u00e9cision.\",\"inLanguage\":\"fr-FR\",\"potentialAction\":[{\"@type\":\"ReadAction\",\"target\":[\"https:\\\/\\\/new.dinamicaballet.com\\\/fr\\\/producto\\\/set-2-miroirs-murax-figaro\\\/\"]}]},{\"@type\":\"ImageObject\",\"inLanguage\":\"fr-FR\",\"@id\":\"https:\\\/\\\/new.dinamicaballet.com\\\/fr\\\/producto\\\/set-2-miroirs-murax-figaro\\\/#primaryimage\",\"url\":\"https:\\\/\\\/new.dinamicaballet.com\\\/wp-content\\\/uploads\\\/2023\\\/01\\\/Pack-2-espejos-Figaro.png\",\"contentUrl\":\"https:\\\/\\\/new.dinamicaballet.com\\\/wp-content\\\/uploads\\\/2023\\\/01\\\/Pack-2-espejos-Figaro.png\",\"width\":600,\"height\":800},{\"@type\":\"WebSite\",\"@id\":\"https:\\\/\\\/new.dinamicaballet.com\\\/fr\\\/#website\",\"url\":\"https:\\\/\\\/new.dinamicaballet.com\\\/fr\\\/\",\"name\":\"Dinamica Ballet\",\"description\":\"Especialistas en barras de ballet y espejos para la danza\",\"publisher\":{\"@id\":\"https:\\\/\\\/new.dinamicaballet.com\\\/fr\\\/#organization\"},\"potentialAction\":[{\"@type\":\"SearchAction\",\"target\":{\"@type\":\"EntryPoint\",\"urlTemplate\":\"https:\\\/\\\/new.dinamicaballet.com\\\/fr\\\/?s={search_term_string}\"},\"query-input\":{\"@type\":\"PropertyValueSpecification\",\"valueRequired\":true,\"valueName\":\"search_term_string\"}}],\"inLanguage\":\"fr-FR\"},{\"@type\":\"Organization\",\"@id\":\"https:\\\/\\\/new.dinamicaballet.com\\\/fr\\\/#organization\",\"name\":\"Dinamica Ballet\",\"url\":\"https:\\\/\\\/new.dinamicaballet.com\\\/fr\\\/\",\"logo\":{\"@type\":\"ImageObject\",\"inLanguage\":\"fr-FR\",\"@id\":\"https:\\\/\\\/new.dinamicaballet.com\\\/fr\\\/#\\\/schema\\\/logo\\\/image\\\/\",\"url\":\"https:\\\/\\\/new.dinamicaballet.com\\\/wp-content\\\/uploads\\\/2022\\\/03\\\/logo_dinamica_ballet.svg\",\"contentUrl\":\"https:\\\/\\\/new.dinamicaballet.com\\\/wp-content\\\/uploads\\\/2022\\\/03\\\/logo_dinamica_ballet.svg\",\"width\":284,\"height\":51,\"caption\":\"Dinamica Ballet\"},\"image\":{\"@id\":\"https:\\\/\\\/new.dinamicaballet.com\\\/fr\\\/#\\\/schema\\\/logo\\\/image\\\/\"},\"sameAs\":[\"https:\\\/\\\/www.facebook.com\\\/dinamicaballet\",\"https:\\\/\\\/www.instagram.com\\\/dinamicaballet\\\/\",\"http:\\\/\\\/www.linkedin.com\\\/company\\\/dinamica-ballet\",\"https:\\\/\\\/www.pinterest.com\\\/DinamicaBallet\\\/\"]}]}<\/script>\n<!-- \/ Yoast SEO plugin. -->","yoast_head_json":{"title":"Set 2 miroirs muraux Figaro | Dinamica Balle","description":"Ce miroir offre un reflet parfait, sans aucune d\u00e9formation, de sorte que le danseur ou l'athl\u00e8te peut travailler sa technique avec pr\u00e9cision.","robots":{"index":"noindex","follow":"follow","max-snippet":"max-snippet:-1","max-image-preview":"max-image-preview:large","max-video-preview":"max-video-preview:-1"},"og_locale":"fr_FR","og_type":"article","og_title":"Set 2 miroirs muraux Figaro | Dinamica Balle","og_description":"Ce miroir offre un reflet parfait, sans aucune d\u00e9formation, de sorte que le danseur ou l'athl\u00e8te peut travailler sa technique avec pr\u00e9cision.","og_url":"https:\/\/new.dinamicaballet.com\/fr\/producto\/set-2-miroirs-murax-figaro\/","og_site_name":"Dinamica Ballet","article_publisher":"https:\/\/www.facebook.com\/dinamicaballet","article_modified_time":"2025-09-05T03:41:01+00:00","og_image":[{"width":600,"height":800,"url":"https:\/\/new.dinamicaballet.com\/wp-content\/uploads\/2023\/01\/Pack-2-espejos-Figaro.png","type":"image\/png"}],"twitter_card":"summary_large_image","twitter_misc":{"Dur\u00e9e de lecture estim\u00e9e":"2 minutes"},"schema":{"@context":"https:\/\/schema.org","@graph":[{"@type":"WebPage","@id":"https:\/\/new.dinamicaballet.com\/fr\/producto\/set-2-miroirs-murax-figaro\/","url":"https:\/\/new.dinamicaballet.com\/fr\/producto\/set-2-miroirs-murax-figaro\/","name":"Set 2 miroirs muraux Figaro | Dinamica Balle","isPartOf":{"@id":"https:\/\/new.dinamicaballet.com\/fr\/#website"},"primaryImageOfPage":{"@id":"https:\/\/new.dinamicaballet.com\/fr\/producto\/set-2-miroirs-murax-figaro\/#primaryimage"},"image":{"@id":"https:\/\/new.dinamicaballet.com\/fr\/producto\/set-2-miroirs-murax-figaro\/#primaryimage"},"thumbnailUrl":"https:\/\/new.dinamicaballet.com\/wp-content\/uploads\/2023\/01\/Pack-2-espejos-Figaro.png","datePublished":"2023-01-19T15:18:39+00:00","dateModified":"2025-09-05T03:41:01+00:00","description":"Ce miroir offre un reflet parfait, sans aucune d\u00e9formation, de sorte que le danseur ou l'athl\u00e8te peut travailler sa technique avec pr\u00e9cision.","inLanguage":"fr-FR","potentialAction":[{"@type":"ReadAction","target":["https:\/\/new.dinamicaballet.com\/fr\/producto\/set-2-miroirs-murax-figaro\/"]}]},{"@type":"ImageObject","inLanguage":"fr-FR","@id":"https:\/\/new.dinamicaballet.com\/fr\/producto\/set-2-miroirs-murax-figaro\/#primaryimage","url":"https:\/\/new.dinamicaballet.com\/wp-content\/uploads\/2023\/01\/Pack-2-espejos-Figaro.png","contentUrl":"https:\/\/new.dinamicaballet.com\/wp-content\/uploads\/2023\/01\/Pack-2-espejos-Figaro.png","width":600,"height":800},{"@type":"WebSite","@id":"https:\/\/new.dinamicaballet.com\/fr\/#website","url":"https:\/\/new.dinamicaballet.com\/fr\/","name":"Dinamica Ballet","description":"Especialistas en barras de ballet y espejos para la danza","publisher":{"@id":"https:\/\/new.dinamicaballet.com\/fr\/#organization"},"potentialAction":[{"@type":"SearchAction","target":{"@type":"EntryPoint","urlTemplate":"https:\/\/new.dinamicaballet.com\/fr\/?s={search_term_string}"},"query-input":{"@type":"PropertyValueSpecification","valueRequired":true,"valueName":"search_term_string"}}],"inLanguage":"fr-FR"},{"@type":"Organization","@id":"https:\/\/new.dinamicaballet.com\/fr\/#organization","name":"Dinamica Ballet","url":"https:\/\/new.dinamicaballet.com\/fr\/","logo":{"@type":"ImageObject","inLanguage":"fr-FR","@id":"https:\/\/new.dinamicaballet.com\/fr\/#\/schema\/logo\/image\/","url":"https:\/\/new.dinamicaballet.com\/wp-content\/uploads\/2022\/03\/logo_dinamica_ballet.svg","contentUrl":"https:\/\/new.dinamicaballet.com\/wp-content\/uploads\/2022\/03\/logo_dinamica_ballet.svg","width":284,"height":51,"caption":"Dinamica Ballet"},"image":{"@id":"https:\/\/new.dinamicaballet.com\/fr\/#\/schema\/logo\/image\/"},"sameAs":["https:\/\/www.facebook.com\/dinamicaballet","https:\/\/www.instagram.com\/dinamicaballet\/","http:\/\/www.linkedin.com\/company\/dinamica-ballet","https:\/\/www.pinterest.com\/DinamicaBallet\/"]}]}},"taxonomy_info":{"product_cat":[{"value":217,"label":"Miroirs de danse"}]},"featured_image_src_large":["https:\/\/new.dinamicaballet.com\/wp-content\/uploads\/2023\/01\/Pack-2-espejos-Figaro.png",600,800,false],"author_info":[],"comment_info":"","_links":{"self":[{"href":"https:\/\/new.dinamicaballet.com\/fr\/wp-json\/wp\/v2\/product\/68550","targetHints":{"allow":["GET"]}}],"collection":[{"href":"https:\/\/new.dinamicaballet.com\/fr\/wp-json\/wp\/v2\/product"}],"about":[{"href":"https:\/\/new.dinamicaballet.com\/fr\/wp-json\/wp\/v2\/types\/product"}],"wp:featuredmedia":[{"embeddable":true,"href":"https:\/\/new.dinamicaballet.com\/fr\/wp-json\/wp\/v2\/media\/68564"}],"wp:attachment":[{"href":"https:\/\/new.dinamicaballet.com\/fr\/wp-json\/wp\/v2\/media?parent=68550"}],"wp:term":[{"taxonomy":"product_brand","embeddable":true,"href":"https:\/\/new.dinamicaballet.com\/fr\/wp-json\/wp\/v2\/product_brand?post=68550"},{"taxonomy":"product_cat","embeddable":true,"href":"https:\/\/new.dinamicaballet.com\/fr\/wp-json\/wp\/v2\/product_cat?post=68550"},{"taxonomy":"product_tag","embeddable":true,"href":"https:\/\/new.dinamicaballet.com\/fr\/wp-json\/wp\/v2\/product_tag?post=68550"}],"curies":[{"name":"wp","href":"https:\/\/api.w.org\/{rel}","templated":true}]}}