{"id":11224,"date":"2022-02-14T10:38:29","date_gmt":"2022-02-14T10:38:29","guid":{"rendered":"https:\/\/www.dinamicaballet.com\/?page_id=11224"},"modified":"2022-02-14T16:03:27","modified_gmt":"2022-02-14T16:03:27","slug":"conditions-legales","status":"publish","type":"page","link":"https:\/\/new.dinamicaballet.com\/fr\/conditions-legales\/","title":{"rendered":"Conditions l\u00e9gales"},"content":{"rendered":"\n<h3 class=\"wp-block-heading\">Propiedad<\/h3>\n\n\n\n<p>La empresa titular de <a href=\"https:\/\/new.dinamicaballet.com\">www.dinamicaballet.com<\/a> es Dinamica Complements SL., con domicilio social en la C.\/ Llull, 51-53 5o 3\u00aa de Barcelona, Espa\u00f1a, con C.I.F (ES) B63387237<\/p>\n\n\n\n<h3 class=\"wp-block-heading\">Propiedad intelectual de la web:<\/h3>\n\n\n\n<p>Todos los derechos de propiedad intelectual del contenido de esta p\u00e1gina web, su dise\u00f1o gr\u00e1fico y sus c\u00f3digos fuente, son titularidad exclusiva de Din\u00e1mica Complements S.L, correspondi\u00e9ndonos el ejercicio exclusivo de los derechos de explotaci\u00f3n de los mismos. Por tanto queda prohibida su reproducci\u00f3n, distribuci\u00f3n, comunicaci\u00f3n p\u00fablica y transformaci\u00f3n, total o parcial, sin la autorizaci\u00f3n expresa de Din\u00e1mica Complements S.L . Igualmente, todos los nombres comerciales, marcas o signos distintos de cualquier clase contenidos en este web site est\u00e1n protegidos por ley.<\/p>\n\n\n\n<h3 class=\"wp-block-heading\">Contenido de la web y enlaces:<\/h3>\n\n\n\n<p>En Dinamica Complements S.L. no nos responsabilizamos del mal uso que se realice de los contenidos de nuestra p\u00e1gina web, siendo exclusiva responsabilidad de la persona que accede a ellos o los utiliza. Tampoco asumimos ninguna responsabilidad por la informaci\u00f3n contenida en las p\u00e1ginas web de terceros a las que se pueda acceder por enlaces o buscadores desde la p\u00e1gina web <a href=\"https:\/\/new.dinamicaballet.com\">www.dinamicaballet.com<\/a>.<\/p>\n\n\n\n<h3 class=\"wp-block-heading\">Intercambio o difusi\u00f3n de informaci\u00f3n:<\/h3>\n\n\n\n<p>Dinamica Complements S.L declina toda responsabilidad que se derive del intercambio de informaci\u00f3n entre usuarios en relaci\u00f3n a Din\u00e1mica Ballet. Especialmente no nos hacemos responsables del uso que los menores puedan hacer de la misma en caso de que los contenidos a que se acceda puedan herir la sensibilidad de los mismos.<\/p>\n\n\n\n<h3 class=\"wp-block-heading\">Actualizaci\u00f3n y modificaci\u00f3n de la p\u00e1gina web:<\/h3>\n\n\n\n<p>Dinamica Complements S.L. se reserva el derecho a actualizar, modificar o eliminar la informaci\u00f3n contenida en su web site, y la configuraci\u00f3n o presentaci\u00f3n del mismo, en cualquier momento, sin previo aviso, y sin asumir responsabilidad alguna por ello.<\/p>\n\n\n\n<h3 class=\"wp-block-heading\">Indicaciones sobre aspectos t\u00e9cnicos:<\/h3>\n\n\n\n<p>En Dinamica Complements S.L. no asumimos ninguna responsabilidad que se pueda derivar de problemas t\u00e9cnicos o fallos en los equipos inform\u00e1ticos, no imputables a nuestra Sociedad, que se produzcan durante la conexi\u00f3n a la red de Internet , as\u00ed como de da\u00f1os que pudieran ser causados por terceras personas mediante intromisiones ileg\u00edtimas fuera del control de Dinamica Complements S.L. Tambi\u00e9n quedamos exonerados de toda responsabilidad ante posibles da\u00f1os o perjuicios que pueda sufrir el usuario a consecuencia de errores, defectos u omisiones en la informaci\u00f3n que facilitemos cuando proceda de fuentes ajenas a nosotros.<\/p>\n\n\n\n<p>Dinamica Complements S.L garantiza la seguridad y confidencialidad de los datos facilitados. De este modo, se compromete al cumplimiento de su obligaci\u00f3n de secreto de los datos de car\u00e1cter personal y de su deber de guardarlos y adoptar todas las medidas necesarias para evitar su alteraci\u00f3n, p\u00e9rdida, tratamiento o uso no autorizado. Por lo tanto, toda la informaci\u00f3n sobre nuestros clientes no ser\u00e1 cedida a terceros.<\/p>\n\n\n\n<p>Los clientes de Dinamica Complements S.L. podr\u00e1n en todo momento ejercitar los derechos de acceso, rectificaci\u00f3n, cancelaci\u00f3n y oposici\u00f3n, comunic\u00e1ndolo por escrito a nuestra direcci\u00f3n de correo electr\u00f3nico :&nbsp;<a href=\"mailto:comercial@dinamicaballet.com\">comercial@dinamicaballet.com<\/a><\/p>\n\n\n\n<h3 class=\"wp-block-heading\">Limitaci\u00f3n de responsabilidad:<\/h3>\n\n\n\n<p>La pr\u00e1ctica de la danza, el baile y actividades similares puede producir lesiones. Es responsabilidad del cliente estar t\u00e9cnicamente capacitado para utilizar los materiales que Dinamica Ballet distribuye.<\/p>\n\n\n\n<h3 class=\"wp-block-heading\">Legislaci\u00f3n y jurisdicci\u00f3n:<\/h3>\n\n\n\n<p>Las presentes condiciones generales se interpretar\u00e1n conforme a la legislaci\u00f3n vigente en Espa\u00f1a en la materia , que se aplicar\u00e1 subsidiariamente en todo lo que no se haya previsto en las mismas. (B\u00e1sicamente Ley 34\/2002 de 11 de julio de servicios de la informaci\u00f3n y comercio electr\u00f3nico). Los usuarios de nuestra web son conscientes de todo lo expuesto y lo aceptan voluntariamente. Si quiere hacer alg\u00fan comentario o sugerencia, puede enviarnos un correo electr\u00f3nico.<\/p>\n\n\n\n<h2 class=\"wp-block-heading\">PROTECCI\u00d3N DE DATOS<\/h2>\n\n\n\n<h3 class=\"wp-block-heading\">Pol\u00edtica Protecci\u00f3n de datos personales:<\/h3>\n\n\n\n<p><strong>I.INFORMACI\u00d3N B\u00c1SICA.<\/strong><\/p>\n\n\n\n<p>Informaci\u00f3n B\u00e1sica sobre la protecci\u00f3n de datos<\/p>\n\n\n\n<p><strong>Responsable<\/strong>: Dinamica Complements SL., con domicilio social en la C.\/ Llull, 51-53 5o 3\u00aa de Barcelona, Espa\u00f1a y C.I.F (ES) B63387237<\/p>\n\n\n\n<p><strong>Categor\u00eda de datos<\/strong><br>Datos de contacto y de car\u00e1cter identificativo y otros datos que usted nos proporcione.<\/p>\n\n\n\n<p><strong>Finalidad<\/strong><br>Comunicaci\u00f3n de informaci\u00f3n sobre actividades, noticias relevantes, eventos, promociones y ofertas a trav\u00e9s del bolet\u00edn digital de&nbsp;Dinamica Ballet.<\/p>\n\n\n\n<p><strong>Legitimaci\u00f3n<br><\/strong>Consentimiento del interesado.<\/p>\n\n\n\n<p><strong>Destinatarios<\/strong><br>No se efect\u00faan cesiones de datos a terceros, ni \u00e9stos se transfieren internacionalmente. Sin perjuicio de lo anterior, los datos personales ser\u00e1n accedidos por proveedores de servicios.<\/p>\n\n\n\n<p><strong>Derechos<br><\/strong>Puede ejercitar sus derechos de acceso, rectificaci\u00f3n, supresi\u00f3n, portabilidad y limitaci\u00f3n del tratamiento ante el responsable del tratamiento. Asimismo, podr\u00e1 revocar su consentimiento en cualquier momento mediante comunicaci\u00f3n dirigi\u00e9ndose a&nbsp;Dinamica Complemens SL.&nbsp;con direcci\u00f3n en la C.\/ Llull, 51-53 5o 3\u00aa de Barcelona y mediante correo electr\u00f3nico a la siguiente direcci\u00f3n:&nbsp;<a href=\"mailto:hi@ideamatic.net\">dinamicaballet@dinamicaballet.com<\/a><\/p>\n\n\n\n<p><strong>Procedencia<\/strong><br>Solo tratamos los datos personales que Usted nos facilite.<\/p>\n\n\n\n<p><strong>Informaci\u00f3n adicional<\/strong><br>Puede encontrar m\u00e1s informaci\u00f3n a continuaci\u00f3n:<\/p>\n\n\n\n<p><strong>II.INFORMACI\u00d3N DETALLADA<\/strong><\/p>\n\n\n\n<p>La presente pol\u00edtica de privacidad describe la forma en que&nbsp;Dinamica Complements S.L con domicilio social en la C.\/ Llull, 51-53 5o 3\u00aa de Barcelona tratar\u00e1 los datos de car\u00e1cter personal que Usted nos proporcione, y que en su caso recabemos sobre Usted.<\/p>\n\n\n\n<p><strong>Datos personales que tratamos<\/strong><\/p>\n\n\n\n<p>Nosotros tratamos los datos personales de car\u00e1cter identificativo y profesional que Usted nos proporciona a trav\u00e9s de la web&nbsp;<a href=\"https:\/\/new.dinamicaballet.com\">www.dinamicaballet.com<\/a>.<\/p>\n\n\n\n<p>Tenga en cuenta que la informaci\u00f3n se\u00f1alada como obligatoria por ejemplo mediante el empleo de un (*) que acompa\u00f1e aquellos campos obligatorios es imprescindible para poder ponernos en contacto con Usted y facilitarle informaci\u00f3n relativa a Dinamica Complements S.L. que pudiera ser de su inter\u00e9s, por lo que, de no facilitarla, no ser\u00e1 posible mantenerle informado al respecto.<\/p>\n\n\n\n<p>Nosotros podremos tratar las siguientes categor\u00edas de datos personales proporcionadas por Usted al estar en nuestro bolet\u00edn o formulario de contacto a trav\u00e9s de la Web:<\/p>\n\n\n\n<ul class=\"wp-block-list\"><li>datos de car\u00e1cter identificativo, como nombre, apellidos, tel\u00e9fono, correo electr\u00f3nico.<\/li><li>datos de car\u00e1cter profesional, como empresa, cargo en la empresa y datos de contacto.<\/li><\/ul>\n\n\n\n<p><strong>C\u00f3mo y con qu\u00e9 base tratamos sus datos personales<\/strong><\/p>\n\n\n\n<p>Sus datos personales ser\u00e1n tratados para las finalidades y con las bases legitimadoras que se indican a continuaci\u00f3n:<br>Enviarle de comunicaciones comerciales y noticias, en relaci\u00f3n a actividades, noticias relevantes, eventos, sorteos promociones y ofertas que puedan ser de su inter\u00e9s a trav\u00e9s de la newsletter digital de Ideamatic Digital Experiences S.L. , en aquellos casos en que hubiera otorgado su consentimiento al respecto.<\/p>\n\n\n\n<p><strong>III. SUS DERECHOS<\/strong><\/p>\n\n\n\n<p>Usted tiene derecho a que&nbsp;Dinamica Complements S.L le confirme si se est\u00e1n tratando o no sus datos personales y, en su caso, a solicitar el acceso a los datos personales y a determinada informaci\u00f3n sobre el tratamiento (fines, categor\u00edas de datos tratados y destinatarios, entre otros aspectos) (derecho de acceso).<\/p>\n\n\n\n<p>Asimismo, tiene derecho a solicitar la rectificaci\u00f3n de los datos inexactos (derecho de rectificaci\u00f3n), as\u00ed como la supresi\u00f3n de los mismos cuando, entre otros motivos, \u00e9stos ya no sean necesarios para los fines para los que fueron recogidos (derecho de supresi\u00f3n). En determinadas circunstancias (por ejemplo, en caso de que el interesado impugne la exactitud de sus datos, mientras se verifica la exactitud de los mismos), Usted podr\u00e1 solicitar que se limite el tratamiento de sus datos personales, siendo estos \u00fanicamente tratados para el ejercicio o la defensa de reclamaciones (derecho a la limitaci\u00f3n del tratamiento). Finalmente, tiene Usted la posibilidad de ejercer su derecho a la portabilidad de los datos, es decir, a recibir los datos personales en un formato estructurado, de uso com\u00fan y lectura mec\u00e1nica, y a transmitirlos a otro responsable del tratamiento sin que el responsable al que se los hubiera facilitado se lo impida, en los supuestos legalmente previstos a estos efectos (derecho a la portabilidad de los datos).<\/p>\n\n\n\n<p>Usted podr\u00e1 ejercer sus derechos o revocar sus consentimientos prestados en la presente Pol\u00edtica en cualquier momento dirigi\u00e9ndose a&nbsp;Dinamica Complements SL., con domicilio social en la C.\/ Llull, 51-53 5o 3\u00aa de Barcelona o mediante correo electr\u00f3nico a la siguiente direcci\u00f3n:&nbsp;<a href=\"mailto:dinamicaballet@dinamicaballet.com\">dinamicaballet@dinamicaballet.com<\/a><\/p>\n\n\n\n<p>Tambi\u00e9n tendr\u00e1 derecho a presentar una reclamaci\u00f3n ante la Agencia Espa\u00f1ola de Protecci\u00f3n de Datos, especialmente cuando no haya recibido satisfacci\u00f3n en el ejercicio de sus derechos.<\/p>\n\n\n\n<p><strong>IV. DESTINATARIOS DE SUS DATOS PERSONALES<\/strong><\/p>\n\n\n\n<p>Nosotros no cedemos sus datos personales a ning\u00fan tercero, ni los transferimos internacionalmente. Sin perjuicio de lo anterior, sus datos ser\u00e1n accedidos por los siguientes prestadores de servicios profesionales que se requieren para llevar a cabo los tratamientos de datos que se recogen en el apartado segundo de esta Pol\u00edtica, entre otros:<\/p>\n\n\n\n<p>MAILCHIMP, Servicios de Mensajer\u00eda y env\u00edo de boletines. The Rocket Science Group LLC d\/b\/a MailChimp, a State of Georgia limited liability company y Mailjet SAS con sede en 13-13 bis, rue de&nbsp;l\u2019Aubrac&nbsp;\u2013 75012 Par\u00eds<\/p>\n\n\n\n<p><strong>V. CONSERVACI\u00d3N DE SUS DATOS PERSONALES<\/strong><\/p>\n\n\n\n<p>Conservaremos sus datos personales mientras no revoque su consentimiento para el env\u00edo de la newsletter digital de&nbsp;Dinamica Ballet SL., y en su caso por el tiempo que resulte necesario para poder cumplir cualquier obligaci\u00f3n legal que se derive del tratamiento de los mismos. Transcurrido dicho plazo, sus datos ser\u00e1n suprimidos.<\/p>\n\n\n\n<h3 class=\"wp-block-heading\">Pol\u00edtica de Cookies:<\/h3>\n\n\n\n<p>Dinamicaballet.com utiliza \u00ab\u00a0cookies\u00a0\u00bb con el \u00fanico fin de ofrecer un mejor servicio, m\u00e1s personalizado y ayudar a que la navegaci\u00f3n por sus p\u00e1ginas resulte m\u00e1s f\u00e1cil y ajustada a las preferencias de sus usuarios. Una \u00ab\u00a0cookie\u00a0\u00bb es un peque\u00f1o fichero de texto que un servidor de p\u00e1ginas Web almacena en la unidad de disco duro del usuario. Las \u00ab\u00a0cookies\u00a0\u00bb no pueden por s\u00ed mismas identificar a una persona ya que no hacen referencia a ning\u00fan dato de car\u00e1cter personal y no se pueden ejecutar como c\u00f3digo o contener virus.<\/p>\n\n\n\n<p>Dinamicaballet.com utiliza dos tipos de cookies las propias o t\u00e9cnicas, necesarias para el correcto funcionamiento de la p\u00e1gina y la prestaci\u00f3n de servicios de Dinamicaballet.com y las de terceros como las anal\u00edticas, necesarias para el seguimiento y an\u00e1lisis estad\u00edstico de los usuarios que acceden a Dinamicaballet.com, o las de redes sociales. Usamos la herramienta Google Analytics para hacer el seguimiento y an\u00e1lisis estad\u00edstico de los usuarios que acceden a nuestras p\u00e1ginas. Estas cookies no identifican al usuario ni guardan sus datos privados, sino que \u00fanicamente recogen informaci\u00f3n de la navegaci\u00f3n que hacen los usuarios de forma an\u00f3nima por Dinamicaballet.com para hacer un seguimiento estad\u00edstico de la misma.<\/p>\n\n\n\n<div style=\"height:100px\" aria-hidden=\"true\" class=\"wp-block-spacer\"><\/div>\n","protected":false},"excerpt":{"rendered":"<p>Propiedad La empresa titular de www.dinamicaballet.com es Dinamica Complements SL., con domicilio social en la C.\/ Llull, 51-53 5o 3\u00aa de Barcelona, Espa\u00f1a, con C.I.F (ES) B63387237 Propiedad intelectual de la web: Todos los derechos de propiedad intelectual del contenido de esta p\u00e1gina web, su dise\u00f1o gr\u00e1fico y sus c\u00f3digos fuente, son titularidad exclusiva de &hellip;<\/p>\n","protected":false},"author":1,"featured_media":0,"parent":0,"menu_order":53,"comment_status":"closed","ping_status":"closed","template":"","meta":{"_editorskit_title_hidden":false,"_editorskit_reading_time":0,"_editorskit_is_block_options_detached":false,"_editorskit_block_options_position":"{}","inline_featured_image":false,"_kad_blocks_custom_css":"","_kad_blocks_head_custom_js":"","_kad_blocks_body_custom_js":"","_kad_blocks_footer_custom_js":"","footnotes":""},"class_list":["post-11224","page","type-page","status-publish","hentry","post","without-featured-image"],"yoast_head":"<!-- This site is optimized with the Yoast SEO plugin v27.4 - https:\/\/yoast.com\/product\/yoast-seo-wordpress\/ -->\n<title>Conditions l\u00e9gales - Dinamica Ballet<\/title>\n<meta name=\"robots\" content=\"noindex, follow, max-snippet:-1, max-image-preview:large, max-video-preview:-1\" \/>\n<meta property=\"og:locale\" content=\"fr_FR\" \/>\n<meta property=\"og:type\" content=\"article\" \/>\n<meta property=\"og:title\" content=\"Conditions l\u00e9gales - Dinamica Ballet\" \/>\n<meta property=\"og:description\" content=\"Propiedad La empresa titular de www.dinamicaballet.com es Dinamica Complements SL., con domicilio social en la C.\/ Llull, 51-53 5o 3\u00aa de Barcelona, Espa\u00f1a, con C.I.F (ES) B63387237 Propiedad intelectual de la web: Todos los derechos de propiedad intelectual del contenido de esta p\u00e1gina web, su dise\u00f1o gr\u00e1fico y sus c\u00f3digos fuente, son titularidad exclusiva de &hellip;\" \/>\n<meta property=\"og:url\" content=\"https:\/\/new.dinamicaballet.com\/fr\/conditions-legales\/\" \/>\n<meta property=\"og:site_name\" content=\"Dinamica Ballet\" \/>\n<meta property=\"article:publisher\" content=\"https:\/\/www.facebook.com\/dinamicaballet\" \/>\n<meta property=\"article:modified_time\" content=\"2022-02-14T16:03:27+00:00\" \/>\n<meta name=\"twitter:card\" content=\"summary_large_image\" \/>\n<meta name=\"twitter:label1\" content=\"Dur\u00e9e de lecture estim\u00e9e\" \/>\n\t<meta name=\"twitter:data1\" content=\"8 minutes\" \/>\n<script type=\"application\/ld+json\" class=\"yoast-schema-graph\">{\"@context\":\"https:\\\/\\\/schema.org\",\"@graph\":[{\"@type\":\"WebPage\",\"@id\":\"https:\\\/\\\/new.dinamicaballet.com\\\/fr\\\/conditions-legales\\\/\",\"url\":\"https:\\\/\\\/new.dinamicaballet.com\\\/fr\\\/conditions-legales\\\/\",\"name\":\"Conditions l\u00e9gales - Dinamica Ballet\",\"isPartOf\":{\"@id\":\"https:\\\/\\\/new.dinamicaballet.com\\\/fr\\\/#website\"},\"datePublished\":\"2022-02-14T10:38:29+00:00\",\"dateModified\":\"2022-02-14T16:03:27+00:00\",\"inLanguage\":\"fr-FR\",\"potentialAction\":[{\"@type\":\"ReadAction\",\"target\":[\"https:\\\/\\\/new.dinamicaballet.com\\\/fr\\\/conditions-legales\\\/\"]}]},{\"@type\":\"WebSite\",\"@id\":\"https:\\\/\\\/new.dinamicaballet.com\\\/fr\\\/#website\",\"url\":\"https:\\\/\\\/new.dinamicaballet.com\\\/fr\\\/\",\"name\":\"Dinamica Ballet\",\"description\":\"Especialistas en barras de ballet y espejos para la danza\",\"publisher\":{\"@id\":\"https:\\\/\\\/new.dinamicaballet.com\\\/fr\\\/#organization\"},\"potentialAction\":[{\"@type\":\"SearchAction\",\"target\":{\"@type\":\"EntryPoint\",\"urlTemplate\":\"https:\\\/\\\/new.dinamicaballet.com\\\/fr\\\/?s={search_term_string}\"},\"query-input\":{\"@type\":\"PropertyValueSpecification\",\"valueRequired\":true,\"valueName\":\"search_term_string\"}}],\"inLanguage\":\"fr-FR\"},{\"@type\":\"Organization\",\"@id\":\"https:\\\/\\\/new.dinamicaballet.com\\\/fr\\\/#organization\",\"name\":\"Dinamica Ballet\",\"url\":\"https:\\\/\\\/new.dinamicaballet.com\\\/fr\\\/\",\"logo\":{\"@type\":\"ImageObject\",\"inLanguage\":\"fr-FR\",\"@id\":\"https:\\\/\\\/new.dinamicaballet.com\\\/fr\\\/#\\\/schema\\\/logo\\\/image\\\/\",\"url\":\"https:\\\/\\\/new.dinamicaballet.com\\\/wp-content\\\/uploads\\\/2022\\\/03\\\/logo_dinamica_ballet.svg\",\"contentUrl\":\"https:\\\/\\\/new.dinamicaballet.com\\\/wp-content\\\/uploads\\\/2022\\\/03\\\/logo_dinamica_ballet.svg\",\"width\":284,\"height\":51,\"caption\":\"Dinamica Ballet\"},\"image\":{\"@id\":\"https:\\\/\\\/new.dinamicaballet.com\\\/fr\\\/#\\\/schema\\\/logo\\\/image\\\/\"},\"sameAs\":[\"https:\\\/\\\/www.facebook.com\\\/dinamicaballet\",\"https:\\\/\\\/www.instagram.com\\\/dinamicaballet\\\/\",\"http:\\\/\\\/www.linkedin.com\\\/company\\\/dinamica-ballet\",\"https:\\\/\\\/www.pinterest.com\\\/DinamicaBallet\\\/\"]}]}<\/script>\n<!-- \/ Yoast SEO plugin. -->","yoast_head_json":{"title":"Conditions l\u00e9gales - Dinamica Ballet","robots":{"index":"noindex","follow":"follow","max-snippet":"max-snippet:-1","max-image-preview":"max-image-preview:large","max-video-preview":"max-video-preview:-1"},"og_locale":"fr_FR","og_type":"article","og_title":"Conditions l\u00e9gales - Dinamica Ballet","og_description":"Propiedad La empresa titular de www.dinamicaballet.com es Dinamica Complements SL., con domicilio social en la C.\/ Llull, 51-53 5o 3\u00aa de Barcelona, Espa\u00f1a, con C.I.F (ES) B63387237 Propiedad intelectual de la web: Todos los derechos de propiedad intelectual del contenido de esta p\u00e1gina web, su dise\u00f1o gr\u00e1fico y sus c\u00f3digos fuente, son titularidad exclusiva de &hellip;","og_url":"https:\/\/new.dinamicaballet.com\/fr\/conditions-legales\/","og_site_name":"Dinamica Ballet","article_publisher":"https:\/\/www.facebook.com\/dinamicaballet","article_modified_time":"2022-02-14T16:03:27+00:00","twitter_card":"summary_large_image","twitter_misc":{"Dur\u00e9e de lecture estim\u00e9e":"8 minutes"},"schema":{"@context":"https:\/\/schema.org","@graph":[{"@type":"WebPage","@id":"https:\/\/new.dinamicaballet.com\/fr\/conditions-legales\/","url":"https:\/\/new.dinamicaballet.com\/fr\/conditions-legales\/","name":"Conditions l\u00e9gales - Dinamica Ballet","isPartOf":{"@id":"https:\/\/new.dinamicaballet.com\/fr\/#website"},"datePublished":"2022-02-14T10:38:29+00:00","dateModified":"2022-02-14T16:03:27+00:00","inLanguage":"fr-FR","potentialAction":[{"@type":"ReadAction","target":["https:\/\/new.dinamicaballet.com\/fr\/conditions-legales\/"]}]},{"@type":"WebSite","@id":"https:\/\/new.dinamicaballet.com\/fr\/#website","url":"https:\/\/new.dinamicaballet.com\/fr\/","name":"Dinamica Ballet","description":"Especialistas en barras de ballet y espejos para la danza","publisher":{"@id":"https:\/\/new.dinamicaballet.com\/fr\/#organization"},"potentialAction":[{"@type":"SearchAction","target":{"@type":"EntryPoint","urlTemplate":"https:\/\/new.dinamicaballet.com\/fr\/?s={search_term_string}"},"query-input":{"@type":"PropertyValueSpecification","valueRequired":true,"valueName":"search_term_string"}}],"inLanguage":"fr-FR"},{"@type":"Organization","@id":"https:\/\/new.dinamicaballet.com\/fr\/#organization","name":"Dinamica Ballet","url":"https:\/\/new.dinamicaballet.com\/fr\/","logo":{"@type":"ImageObject","inLanguage":"fr-FR","@id":"https:\/\/new.dinamicaballet.com\/fr\/#\/schema\/logo\/image\/","url":"https:\/\/new.dinamicaballet.com\/wp-content\/uploads\/2022\/03\/logo_dinamica_ballet.svg","contentUrl":"https:\/\/new.dinamicaballet.com\/wp-content\/uploads\/2022\/03\/logo_dinamica_ballet.svg","width":284,"height":51,"caption":"Dinamica Ballet"},"image":{"@id":"https:\/\/new.dinamicaballet.com\/fr\/#\/schema\/logo\/image\/"},"sameAs":["https:\/\/www.facebook.com\/dinamicaballet","https:\/\/www.instagram.com\/dinamicaballet\/","http:\/\/www.linkedin.com\/company\/dinamica-ballet","https:\/\/www.pinterest.com\/DinamicaBallet\/"]}]}},"taxonomy_info":[],"featured_image_src_large":false,"author_info":{"display_name":false,"author_link":"https:\/\/new.dinamicaballet.com\/fr\/author\/ideadmin\/"},"comment_info":0,"featured_image_src":null,"featured_image_src_square":null,"_links":{"self":[{"href":"https:\/\/new.dinamicaballet.com\/fr\/wp-json\/wp\/v2\/pages\/11224","targetHints":{"allow":["GET"]}}],"collection":[{"href":"https:\/\/new.dinamicaballet.com\/fr\/wp-json\/wp\/v2\/pages"}],"about":[{"href":"https:\/\/new.dinamicaballet.com\/fr\/wp-json\/wp\/v2\/types\/page"}],"author":[{"embeddable":true,"href":"https:\/\/new.dinamicaballet.com\/fr\/wp-json\/wp\/v2\/users\/1"}],"replies":[{"embeddable":true,"href":"https:\/\/new.dinamicaballet.com\/fr\/wp-json\/wp\/v2\/comments?post=11224"}],"version-history":[{"count":4,"href":"https:\/\/new.dinamicaballet.com\/fr\/wp-json\/wp\/v2\/pages\/11224\/revisions"}],"predecessor-version":[{"id":11310,"href":"https:\/\/new.dinamicaballet.com\/fr\/wp-json\/wp\/v2\/pages\/11224\/revisions\/11310"}],"wp:attachment":[{"href":"https:\/\/new.dinamicaballet.com\/fr\/wp-json\/wp\/v2\/media?parent=11224"}],"curies":[{"name":"wp","href":"https:\/\/api.w.org\/{rel}","templated":true}]}}