{"id":8124,"date":"2020-12-03T16:24:54","date_gmt":"2020-12-03T16:24:54","guid":{"rendered":"https:\/\/www.dinamicaballet.com\/producto\/figaro-der-professionelle-wandspiegel\/"},"modified":"2025-09-05T04:35:18","modified_gmt":"2025-09-05T03:35:18","slug":"figaro-der-professionelle-wandspiegel","status":"publish","type":"product","link":"https:\/\/new.dinamicaballet.com\/de\/producto\/figaro-der-professionelle-wandspiegel\/","title":{"rendered":"Professionelle Wandspiegel Figaro"},"content":{"rendered":"<h3><strong>Ein unverzichtbares Element<\/strong><\/h3>\n<p>Spiegel spielen bei der Perfektionierung sportlicher, t\u00e4nzerischer und szenischer Techniken eine Schl\u00fcsselrolle. Der 4 mm starke Figaro erf\u00fcllt alle Erwartungen. Frei im Raum positionierte Akteure k\u00f6nnen das Gesamtbild ihrer Darbietung mit diesem Spiegel genau und verzerrungsfrei beobachten. Die aus rostfreiem Stahl gefertigte Wandaufh\u00e4ngung sorgt f\u00fcr sicheren Halt und die perfekte, ebenm\u00e4\u00dfige Ausrichtung aller Spiegel. Die Aluminiumrahmen bieten den Spiegelwandsegmenten Schutz und erm\u00f6glichen deren sichere, einheitliche Verbindung.<\/p>\n<h3><strong>Maximale Sicherheit f\u00fcr ein unbeschwertes Training<\/strong><\/h3>\n<p>Die St\u00e4rke des Glases, der sch\u00fctzende Aluminiumrahmen und die sichere Wandaufh\u00e4ngung verleihen dem Figaro seine au\u00dfergew\u00f6hnliche Bruchfestigkeit. Damit es selbst bei erheblichen Schlagwirkungen nicht zu Verletzungen kommt, ist der Figaro mit einem Schutzfilm ausger\u00fcstet, der verhindert, dass sich bei einem Aufprall Splitter l\u00f6sen und die Anwesenden in Gefahr bringen. Wandaufh\u00e4ngung und Spiegelrahmen erg\u00e4nzen einander zu einem montagefreundlichen System, mit dem sich der Spiegel einfach und sicher einh\u00e4ngen l\u00e4sst. Dar\u00fcber hinaus dient diese L\u00f6sung zur gleichm\u00e4\u00dfigen Verteilung des Gewichts des Spiegels und bietet hervorragende Stabilit\u00e4t.<\/p>\n<h3><strong>Spiegelw\u00e4nde f\u00fcr umfassende Flexibilit\u00e4t<\/strong><\/h3>\n<p>Die rostfreien Stahlverankerungen zur Befestigung des Spiegels werden mittels zweier Schrauben an der Wand angebracht. Der den gesamten Spiegel umfassende Aluminiumrahmen verf\u00fcgt \u00fcber zwei Rillen, in die sich die Wandaufh\u00e4ngung einf\u00fcgt. Diese L\u00f6sung verleiht dem Spiegel sicheren Halt an der Wand und erm\u00f6glicht bei Bedarf den unkomplizierten und raschen Standortwechsel. Bei der Montage oberhalb der Fu\u00dfleiste liegt die gesamte Spiegelr\u00fcckseite an der Wand auf, wodurch sich das Gewicht gleichm\u00e4\u00dfig verteilt und der einheitlichen Ausrichtung beliebig vieler Spiegel zur Kreation durchgehender Spiegelw\u00e4nde nichts im Wege steht. In Kombination mit den bodenmontierten Ballettstangen von Dinamica Ballet lassen sich mit dem Figaro atemberaubende Ballettr\u00e4ume schaffen<\/p>\n<a href=\"https:\/\/new.dinamicaballet.com\/wp-content\/uploads\/2021\/07\/FT-FIGARO-0925-1.pdf\" class=\"su-button su-button-style-default\" style=\"color:#006B7C;background-color:#FFF2D5;border-color:#ccc2ab;border-radius:5px\" target=\"_blank\" rel=\"noopener noreferrer\"><span style=\"color:#006B7C;padding:0px 16px;font-size:13px;line-height:26px;border-color:#fff6e2;border-radius:5px;text-shadow:none\"> Technische Details zum Download<\/span><\/a> <a href=\"https:\/\/new.dinamicaballet.com\/wp-content\/uploads\/2021\/07\/Instruccions-Figaro-5_compressed.pdf\" class=\"su-button su-button-style-default\" style=\"color:#006B7C;background-color:#FFF2D5;border-color:#ccc2ab;border-radius:5px\" target=\"_blank\" rel=\"noopener noreferrer\"><span style=\"color:#006B7C;padding:0px 16px;font-size:13px;line-height:26px;border-color:#fff6e2;border-radius:5px;text-shadow:none\"> Download der Montageanleitung<\/span><\/a>\n<p>&nbsp;<\/p>\n<div class=\"su-youtube su-u-responsive-media-yes\"><iframe loading=\"lazy\" width=\"600\" height=\"400\" src=\"https:\/\/www.youtube.com\/embed\/DfpTaPErv48?autohide=2&amp;autoplay=0&amp;mute=1&amp;controls=1&amp;fs=1&amp;loop=0&amp;modestbranding=0&amp;rel=1&amp;showinfo=1&amp;theme=dark&amp;wmode=&amp;playsinline=0\" frameborder=\"0\" allowfullscreen allow=\"autoplay; encrypted-media; picture-in-picture\" title=\"Professionelle Wandspiegel Figaro Dinamica Ballet\"><\/iframe><\/div>\n<p>&nbsp;<\/p>\n<p>&nbsp;<\/p>\n","protected":false},"excerpt":{"rendered":"<p>Der Figaro ist der professionelle Wandspiegel f\u00fcr R\u00e4ume, die von T\u00e4nzern, Sportlern und Schauspielern genutzt werden. Er gew\u00e4hrleistet ein klares, aus jeder beliebigen Distanz verzerrungsfreies Spiegelbild, mit dem das Training pr\u00e4zise \u00fcberwacht und beobachtet werden kann. Mit dem Figaro lassen sich Spiegelw\u00e4nde schaffen, die dem Raum Eleganz und Weite verleihen. Dank der sicheren Wandaufh\u00e4ngung und des Schutzfilms, der im Falle eines Spiegelbruchs vermeidet, dass Scherben herabfallen, ist der Figaro der Wandspiegel der ersten Wahl.<\/p>\n<p><strong>VERSANDKOSTEN UND STEUERN INBEGRIFFEN<\/strong><\/p>\n<p>&nbsp;<\/p>\n","protected":false},"featured_media":8133,"template":"","meta":{"_editorskit_title_hidden":false,"_editorskit_reading_time":0,"_editorskit_is_block_options_detached":false,"_editorskit_block_options_position":"{}","inline_featured_image":false,"_kad_blocks_custom_css":"","_kad_blocks_head_custom_js":"","_kad_blocks_body_custom_js":"","_kad_blocks_footer_custom_js":""},"product_brand":[],"product_cat":[199],"product_tag":[],"class_list":{"0":"post-8124","1":"product","2":"type-product","3":"status-publish","4":"has-post-thumbnail","6":"product_cat-tanzspiegel","7":"post","8":"with-featured-image","10":"first","11":"instock","12":"sold-individually","13":"taxable","14":"shipping-taxable","15":"purchasable","16":"product-type-variable"},"yoast_head":"<!-- This site is optimized with the Yoast SEO plugin v27.4 - https:\/\/yoast.com\/product\/yoast-seo-wordpress\/ -->\n<title>Figaro, der professionelle Wandspiegel | Online-Shop<\/title>\n<meta name=\"description\" content=\"Der Figaro ist der professionelle Wandspiegel f\u00fcr R\u00e4ume, die von T\u00e4nzern, Sportlern und Schauspielern genutzt werden.\" \/>\n<meta name=\"robots\" content=\"noindex, follow, max-snippet:-1, max-image-preview:large, max-video-preview:-1\" \/>\n<meta property=\"og:locale\" content=\"de_DE\" \/>\n<meta property=\"og:type\" content=\"article\" \/>\n<meta property=\"og:title\" content=\"Figaro, der professionelle Wandspiegel | Online-Shop\" \/>\n<meta property=\"og:description\" content=\"Der Figaro ist der professionelle Wandspiegel f\u00fcr R\u00e4ume, die von T\u00e4nzern, Sportlern und Schauspielern genutzt werden.\" \/>\n<meta property=\"og:url\" content=\"https:\/\/new.dinamicaballet.com\/de\/producto\/figaro-der-professionelle-wandspiegel\/\" \/>\n<meta property=\"og:site_name\" content=\"Dinamica Ballet\" \/>\n<meta property=\"article:publisher\" content=\"https:\/\/www.facebook.com\/dinamicaballet\" \/>\n<meta property=\"article:modified_time\" content=\"2025-09-05T03:35:18+00:00\" \/>\n<meta property=\"og:image\" content=\"https:\/\/new.dinamicaballet.com\/wp-content\/uploads\/2020\/12\/dinamica_ballet_shop_figaro_01.jpg\" \/>\n\t<meta property=\"og:image:width\" content=\"600\" \/>\n\t<meta property=\"og:image:height\" content=\"800\" \/>\n\t<meta property=\"og:image:type\" content=\"image\/jpeg\" \/>\n<meta name=\"twitter:card\" content=\"summary_large_image\" \/>\n<meta name=\"twitter:label1\" content=\"Gesch\u00e4tzte Lesezeit\" \/>\n\t<meta name=\"twitter:data1\" content=\"2\u00a0Minuten\" \/>\n<script type=\"application\/ld+json\" class=\"yoast-schema-graph\">{\"@context\":\"https:\\\/\\\/schema.org\",\"@graph\":[{\"@type\":\"WebPage\",\"@id\":\"https:\\\/\\\/new.dinamicaballet.com\\\/de\\\/producto\\\/figaro-der-professionelle-wandspiegel\\\/\",\"url\":\"https:\\\/\\\/new.dinamicaballet.com\\\/de\\\/producto\\\/figaro-der-professionelle-wandspiegel\\\/\",\"name\":\"Figaro, der professionelle Wandspiegel | Online-Shop\",\"isPartOf\":{\"@id\":\"https:\\\/\\\/new.dinamicaballet.com\\\/de\\\/#website\"},\"primaryImageOfPage\":{\"@id\":\"https:\\\/\\\/new.dinamicaballet.com\\\/de\\\/producto\\\/figaro-der-professionelle-wandspiegel\\\/#primaryimage\"},\"image\":{\"@id\":\"https:\\\/\\\/new.dinamicaballet.com\\\/de\\\/producto\\\/figaro-der-professionelle-wandspiegel\\\/#primaryimage\"},\"thumbnailUrl\":\"https:\\\/\\\/new.dinamicaballet.com\\\/wp-content\\\/uploads\\\/2020\\\/12\\\/dinamica_ballet_shop_figaro_01.jpg\",\"datePublished\":\"2020-12-03T16:24:54+00:00\",\"dateModified\":\"2025-09-05T03:35:18+00:00\",\"description\":\"Der Figaro ist der professionelle Wandspiegel f\u00fcr R\u00e4ume, die von T\u00e4nzern, Sportlern und Schauspielern genutzt werden.\",\"inLanguage\":\"de\",\"potentialAction\":[{\"@type\":\"ReadAction\",\"target\":[\"https:\\\/\\\/new.dinamicaballet.com\\\/de\\\/producto\\\/figaro-der-professionelle-wandspiegel\\\/\"]}]},{\"@type\":\"ImageObject\",\"inLanguage\":\"de\",\"@id\":\"https:\\\/\\\/new.dinamicaballet.com\\\/de\\\/producto\\\/figaro-der-professionelle-wandspiegel\\\/#primaryimage\",\"url\":\"https:\\\/\\\/new.dinamicaballet.com\\\/wp-content\\\/uploads\\\/2020\\\/12\\\/dinamica_ballet_shop_figaro_01.jpg\",\"contentUrl\":\"https:\\\/\\\/new.dinamicaballet.com\\\/wp-content\\\/uploads\\\/2020\\\/12\\\/dinamica_ballet_shop_figaro_01.jpg\",\"width\":600,\"height\":800,\"caption\":\"Figaro, der professionelle Wandspiegel\"},{\"@type\":\"WebSite\",\"@id\":\"https:\\\/\\\/new.dinamicaballet.com\\\/de\\\/#website\",\"url\":\"https:\\\/\\\/new.dinamicaballet.com\\\/de\\\/\",\"name\":\"Dinamica Ballet\",\"description\":\"Especialistas en barras de ballet y espejos para la danza\",\"publisher\":{\"@id\":\"https:\\\/\\\/new.dinamicaballet.com\\\/de\\\/#organization\"},\"potentialAction\":[{\"@type\":\"SearchAction\",\"target\":{\"@type\":\"EntryPoint\",\"urlTemplate\":\"https:\\\/\\\/new.dinamicaballet.com\\\/de\\\/?s={search_term_string}\"},\"query-input\":{\"@type\":\"PropertyValueSpecification\",\"valueRequired\":true,\"valueName\":\"search_term_string\"}}],\"inLanguage\":\"de\"},{\"@type\":\"Organization\",\"@id\":\"https:\\\/\\\/new.dinamicaballet.com\\\/de\\\/#organization\",\"name\":\"Dinamica Ballet\",\"url\":\"https:\\\/\\\/new.dinamicaballet.com\\\/de\\\/\",\"logo\":{\"@type\":\"ImageObject\",\"inLanguage\":\"de\",\"@id\":\"https:\\\/\\\/new.dinamicaballet.com\\\/de\\\/#\\\/schema\\\/logo\\\/image\\\/\",\"url\":\"https:\\\/\\\/new.dinamicaballet.com\\\/wp-content\\\/uploads\\\/2022\\\/03\\\/logo_dinamica_ballet.svg\",\"contentUrl\":\"https:\\\/\\\/new.dinamicaballet.com\\\/wp-content\\\/uploads\\\/2022\\\/03\\\/logo_dinamica_ballet.svg\",\"width\":284,\"height\":51,\"caption\":\"Dinamica Ballet\"},\"image\":{\"@id\":\"https:\\\/\\\/new.dinamicaballet.com\\\/de\\\/#\\\/schema\\\/logo\\\/image\\\/\"},\"sameAs\":[\"https:\\\/\\\/www.facebook.com\\\/dinamicaballet\",\"https:\\\/\\\/www.instagram.com\\\/dinamicaballet\\\/\",\"http:\\\/\\\/www.linkedin.com\\\/company\\\/dinamica-ballet\",\"https:\\\/\\\/www.pinterest.com\\\/DinamicaBallet\\\/\"]}]}<\/script>\n<!-- \/ Yoast SEO plugin. -->","yoast_head_json":{"title":"Figaro, der professionelle Wandspiegel | Online-Shop","description":"Der Figaro ist der professionelle Wandspiegel f\u00fcr R\u00e4ume, die von T\u00e4nzern, Sportlern und Schauspielern genutzt werden.","robots":{"index":"noindex","follow":"follow","max-snippet":"max-snippet:-1","max-image-preview":"max-image-preview:large","max-video-preview":"max-video-preview:-1"},"og_locale":"de_DE","og_type":"article","og_title":"Figaro, der professionelle Wandspiegel | Online-Shop","og_description":"Der Figaro ist der professionelle Wandspiegel f\u00fcr R\u00e4ume, die von T\u00e4nzern, Sportlern und Schauspielern genutzt werden.","og_url":"https:\/\/new.dinamicaballet.com\/de\/producto\/figaro-der-professionelle-wandspiegel\/","og_site_name":"Dinamica Ballet","article_publisher":"https:\/\/www.facebook.com\/dinamicaballet","article_modified_time":"2025-09-05T03:35:18+00:00","og_image":[{"width":600,"height":800,"url":"https:\/\/new.dinamicaballet.com\/wp-content\/uploads\/2020\/12\/dinamica_ballet_shop_figaro_01.jpg","type":"image\/jpeg"}],"twitter_card":"summary_large_image","twitter_misc":{"Gesch\u00e4tzte Lesezeit":"2\u00a0Minuten"},"schema":{"@context":"https:\/\/schema.org","@graph":[{"@type":"WebPage","@id":"https:\/\/new.dinamicaballet.com\/de\/producto\/figaro-der-professionelle-wandspiegel\/","url":"https:\/\/new.dinamicaballet.com\/de\/producto\/figaro-der-professionelle-wandspiegel\/","name":"Figaro, der professionelle Wandspiegel | Online-Shop","isPartOf":{"@id":"https:\/\/new.dinamicaballet.com\/de\/#website"},"primaryImageOfPage":{"@id":"https:\/\/new.dinamicaballet.com\/de\/producto\/figaro-der-professionelle-wandspiegel\/#primaryimage"},"image":{"@id":"https:\/\/new.dinamicaballet.com\/de\/producto\/figaro-der-professionelle-wandspiegel\/#primaryimage"},"thumbnailUrl":"https:\/\/new.dinamicaballet.com\/wp-content\/uploads\/2020\/12\/dinamica_ballet_shop_figaro_01.jpg","datePublished":"2020-12-03T16:24:54+00:00","dateModified":"2025-09-05T03:35:18+00:00","description":"Der Figaro ist der professionelle Wandspiegel f\u00fcr R\u00e4ume, die von T\u00e4nzern, Sportlern und Schauspielern genutzt werden.","inLanguage":"de","potentialAction":[{"@type":"ReadAction","target":["https:\/\/new.dinamicaballet.com\/de\/producto\/figaro-der-professionelle-wandspiegel\/"]}]},{"@type":"ImageObject","inLanguage":"de","@id":"https:\/\/new.dinamicaballet.com\/de\/producto\/figaro-der-professionelle-wandspiegel\/#primaryimage","url":"https:\/\/new.dinamicaballet.com\/wp-content\/uploads\/2020\/12\/dinamica_ballet_shop_figaro_01.jpg","contentUrl":"https:\/\/new.dinamicaballet.com\/wp-content\/uploads\/2020\/12\/dinamica_ballet_shop_figaro_01.jpg","width":600,"height":800,"caption":"Figaro, der professionelle Wandspiegel"},{"@type":"WebSite","@id":"https:\/\/new.dinamicaballet.com\/de\/#website","url":"https:\/\/new.dinamicaballet.com\/de\/","name":"Dinamica Ballet","description":"Especialistas en barras de ballet y espejos para la danza","publisher":{"@id":"https:\/\/new.dinamicaballet.com\/de\/#organization"},"potentialAction":[{"@type":"SearchAction","target":{"@type":"EntryPoint","urlTemplate":"https:\/\/new.dinamicaballet.com\/de\/?s={search_term_string}"},"query-input":{"@type":"PropertyValueSpecification","valueRequired":true,"valueName":"search_term_string"}}],"inLanguage":"de"},{"@type":"Organization","@id":"https:\/\/new.dinamicaballet.com\/de\/#organization","name":"Dinamica Ballet","url":"https:\/\/new.dinamicaballet.com\/de\/","logo":{"@type":"ImageObject","inLanguage":"de","@id":"https:\/\/new.dinamicaballet.com\/de\/#\/schema\/logo\/image\/","url":"https:\/\/new.dinamicaballet.com\/wp-content\/uploads\/2022\/03\/logo_dinamica_ballet.svg","contentUrl":"https:\/\/new.dinamicaballet.com\/wp-content\/uploads\/2022\/03\/logo_dinamica_ballet.svg","width":284,"height":51,"caption":"Dinamica Ballet"},"image":{"@id":"https:\/\/new.dinamicaballet.com\/de\/#\/schema\/logo\/image\/"},"sameAs":["https:\/\/www.facebook.com\/dinamicaballet","https:\/\/www.instagram.com\/dinamicaballet\/","http:\/\/www.linkedin.com\/company\/dinamica-ballet","https:\/\/www.pinterest.com\/DinamicaBallet\/"]}]}},"taxonomy_info":{"product_cat":[{"value":199,"label":"Tanz und Studiospiegel"}]},"featured_image_src_large":["https:\/\/new.dinamicaballet.com\/wp-content\/uploads\/2020\/12\/dinamica_ballet_shop_figaro_01.jpg",600,800,false],"author_info":[],"comment_info":"","_links":{"self":[{"href":"https:\/\/new.dinamicaballet.com\/de\/wp-json\/wp\/v2\/product\/8124","targetHints":{"allow":["GET"]}}],"collection":[{"href":"https:\/\/new.dinamicaballet.com\/de\/wp-json\/wp\/v2\/product"}],"about":[{"href":"https:\/\/new.dinamicaballet.com\/de\/wp-json\/wp\/v2\/types\/product"}],"wp:featuredmedia":[{"embeddable":true,"href":"https:\/\/new.dinamicaballet.com\/de\/wp-json\/wp\/v2\/media\/8133"}],"wp:attachment":[{"href":"https:\/\/new.dinamicaballet.com\/de\/wp-json\/wp\/v2\/media?parent=8124"}],"wp:term":[{"taxonomy":"product_brand","embeddable":true,"href":"https:\/\/new.dinamicaballet.com\/de\/wp-json\/wp\/v2\/product_brand?post=8124"},{"taxonomy":"product_cat","embeddable":true,"href":"https:\/\/new.dinamicaballet.com\/de\/wp-json\/wp\/v2\/product_cat?post=8124"},{"taxonomy":"product_tag","embeddable":true,"href":"https:\/\/new.dinamicaballet.com\/de\/wp-json\/wp\/v2\/product_tag?post=8124"}],"curies":[{"name":"wp","href":"https:\/\/api.w.org\/{rel}","templated":true}]}}