{"id":8111,"date":"2020-12-03T16:30:32","date_gmt":"2020-12-03T16:30:32","guid":{"rendered":"https:\/\/www.dinamicaballet.com\/producto\/espejo-profesional-con-ruedas-billy\/"},"modified":"2024-09-25T13:43:08","modified_gmt":"2024-09-25T12:43:08","slug":"billy-der-mobile-tanzspiegel","status":"publish","type":"product","link":"https:\/\/new.dinamicaballet.com\/de\/producto\/billy-der-mobile-tanzspiegel\/","title":{"rendered":"Tanzspiegel mit Rollen Billy"},"content":{"rendered":"<h3><strong>Ein klares Bild zur Perfektionierung aller Details<\/strong><\/h3>\n<p>Spiegel spielen bei der Perfektionierung sportlicher, t\u00e4nzerischer und szenischer Techniken eine Schl\u00fcsselrolle. Der 4 mm starke, professionelle Tanzspiegel Billy ist aus Glas h\u00f6chster G\u00fcte gefertigt. Die entlang der gesamten Spiegelfl\u00e4che zum Boden exakt rechtwinkelige Ausrichtung gew\u00e4hrleistet ein perfektes, deformationsfreies Spiegelbild. Ganz gleich, wie gro\u00df der Abstand zwischen Spiegel und Betrachter ist, das klare und deutlich Spiegelbild erm\u00f6glicht die genaue \u00dcberwachung aller Bewegungen und Gesten.<\/p>\n<p><strong>\u00a0<\/strong><\/p>\n<h3><strong>Bewegungsfreiheit<\/strong><\/h3>\n<p>Dank der vier Schwenkrollen l\u00e4sst sich Billy an jedem beliebigen Ort platzieren. Die konkav geformte Eisenbasis verteilt das Gewicht des Spiegels gleichm\u00e4\u00dfig und sorgt f\u00fcr maximale Ergonomie und absoluten Komfort beim Bewegen des Spiegels.<\/p>\n<p>Die seitlichen Griffe dienen zum Verschieben und Ausrichten des Spiegels, die Stellbremsen gew\u00e4hrleisten den sicheren Stand in der gew\u00fcnschten Position. Die Rollen aus hochdichtem Gummi sch\u00fctzen den Boden Ihres Studios. Mit einem Gesamtgewicht von 47 kg ist der Billy ein stabiler und robuster Spiegel, der selbst auf Holzparkett keine Abdr\u00fccke hinterl\u00e4sst.<\/p>\n<p><strong>\u00a0<\/strong><strong>\u00a0<\/strong><\/p>\n<h3><strong>Sicherheit und Flexibilit\u00e4t im Ballettsaal<\/strong><\/h3>\n<p>Die St\u00e4rke des Glases, die Eisenbasis, der Holzrahmen und die Sicherheitsstruktur auf der Spiegelr\u00fcckseite machen den Billy zu einem robusten Tanzspiegel mit hervorragender Bruchsicherheit. Damit es selbst bei erheblichen Schlagwirkungen nicht zu Verletzungen kommt, ist der Billy mit einem Schutzfilm versehen, der verhindert, dass sich bei einem Aufprall Splitter l\u00f6sen und die Anwesenden in Gefahr bringen. Die Form und Gr\u00f6\u00dfe der aus Eisen gefertigten Basis verhindern ein Umkippen des Spiegels.<\/p>\n<p>Dar\u00fcber hinaus lassen sich mehrere Spiegel zu einer mobilen Spiegelwand kombinieren und mit Verbindungst\u00fccken an der oberen und unteren Spiegelkante verbinden. Auf diese Weise erstellte mobile Spiegelw\u00e4nde lassen sich sogar als Ganzes im Raum bewegen. Billy ist ein sicherer, mobiler Tanzspiegel, der in Balletts\u00e4len und Prober\u00e4umen seit vielen Jahren zur Referenz geworden ist.<\/p>\n<p>&nbsp;<\/p>\n<a href=\"https:\/\/new.dinamicaballet.com\/wp-content\/uploads\/2021\/07\/FT-BILLY-0925.pdf\" class=\"su-button su-button-style-default\" style=\"color:#006B7C;background-color:#FFF2D5;border-color:#ccc2ab;border-radius:5px\" target=\"_blank\" rel=\"noopener noreferrer\"><span style=\"color:#006B7C;padding:0px 16px;font-size:13px;line-height:26px;border-color:#fff6e2;border-radius:5px;text-shadow:none\"> Technische Details zum Download<\/span><\/a> <a href=\"https:\/\/new.dinamicaballet.com\/wp-content\/uploads\/2021\/07\/Instruccions-Billy-4.pdf\" class=\"su-button su-button-style-default\" style=\"color:#006B7C;background-color:#FFF2D5;border-color:#ccc2ab;border-radius:5px\" target=\"_blank\" rel=\"noopener noreferrer\"><span style=\"color:#006B7C;padding:0px 16px;font-size:13px;line-height:26px;border-color:#fff6e2;border-radius:5px;text-shadow:none\"> Download der Montageanleitung<\/span><\/a>\n<p>&nbsp;<\/p>\n<div class=\"su-youtube su-u-responsive-media-yes\"><iframe loading=\"lazy\" width=\"600\" height=\"400\" src=\"https:\/\/www.youtube.com\/embed\/jOn_DdhVB7g?autohide=2&amp;autoplay=0&amp;mute=1&amp;controls=1&amp;fs=1&amp;loop=0&amp;modestbranding=0&amp;rel=1&amp;showinfo=1&amp;theme=dark&amp;wmode=&amp;playsinline=0\" frameborder=\"0\" allowfullscreen allow=\"autoplay; encrypted-media; picture-in-picture\" title=\"Billy Dinamica Ballet\"><\/iframe><\/div>\n","protected":false},"excerpt":{"rendered":"<p>Mit einer Fl\u00e4che von 180 x 100 cm bietet Billy Tanz- und B\u00fchnenprofis h\u00f6chste Flexibilit\u00e4t im Trainings- und Proberaum. Er gew\u00e4hrleistet ein klares, aus jeder beliebigen Distanz verzerrungsfreies Spiegelbild zur genauen Beobachtung aller Details. Die konkave Basis und die schwenkbaren Rollen mit Feststellbremse erm\u00f6glichen die Platzierung an jedem beliebigen Ort. Der Holzrahmen sorgt f\u00fcr Sicherheit und verleiht der Struktur exquisite Eleganz.<\/p>\n<p><strong>VERSANDKOSTEN UND STEUERN INBEGRIFFEN<\/strong><\/p>\n<p>&nbsp;<\/p>\n","protected":false},"featured_media":8123,"template":"","meta":{"_editorskit_title_hidden":false,"_editorskit_reading_time":0,"_editorskit_is_block_options_detached":false,"_editorskit_block_options_position":"{}","inline_featured_image":false,"_kad_blocks_custom_css":"","_kad_blocks_head_custom_js":"","_kad_blocks_body_custom_js":"","_kad_blocks_footer_custom_js":""},"product_brand":[],"product_cat":[199],"product_tag":[],"class_list":{"0":"post-8111","1":"product","2":"type-product","3":"status-publish","4":"has-post-thumbnail","6":"product_cat-tanzspiegel","7":"post","8":"with-featured-image","10":"first","11":"instock","12":"sold-individually","13":"taxable","14":"shipping-taxable","15":"purchasable","16":"product-type-simple"},"yoast_head":"<!-- This site is optimized with the Yoast SEO plugin v27.4 - https:\/\/yoast.com\/product\/yoast-seo-wordpress\/ -->\n<title>Mobile Tanzspiegel mit Rollen Billy | Dinamica Ballet Shop<\/title>\n<meta name=\"description\" content=\"Er gew\u00e4hrleistet ein klares, aus jeder beliebigen Distanz verzerrungsfreies Spiegelbild zur genauen Beobachtung aller Details.\" \/>\n<meta name=\"robots\" content=\"noindex, follow, max-snippet:-1, max-image-preview:large, max-video-preview:-1\" \/>\n<meta property=\"og:locale\" content=\"de_DE\" \/>\n<meta property=\"og:type\" content=\"article\" \/>\n<meta property=\"og:title\" content=\"Mobile Tanzspiegel mit Rollen Billy | Dinamica Ballet Shop\" \/>\n<meta property=\"og:description\" content=\"Er gew\u00e4hrleistet ein klares, aus jeder beliebigen Distanz verzerrungsfreies Spiegelbild zur genauen Beobachtung aller Details.\" \/>\n<meta property=\"og:url\" content=\"https:\/\/new.dinamicaballet.com\/de\/producto\/billy-der-mobile-tanzspiegel\/\" \/>\n<meta property=\"og:site_name\" content=\"Dinamica Ballet\" \/>\n<meta property=\"article:publisher\" content=\"https:\/\/www.facebook.com\/dinamicaballet\" \/>\n<meta property=\"article:modified_time\" content=\"2024-09-25T12:43:08+00:00\" \/>\n<meta property=\"og:image\" content=\"https:\/\/new.dinamicaballet.com\/wp-content\/uploads\/2020\/12\/dinamica_ballet_shop_billy_01.jpg\" \/>\n\t<meta property=\"og:image:width\" content=\"600\" \/>\n\t<meta property=\"og:image:height\" content=\"800\" \/>\n\t<meta property=\"og:image:type\" content=\"image\/jpeg\" \/>\n<meta name=\"twitter:card\" content=\"summary_large_image\" \/>\n<meta name=\"twitter:label1\" content=\"Gesch\u00e4tzte Lesezeit\" \/>\n\t<meta name=\"twitter:data1\" content=\"2\u00a0Minuten\" \/>\n<script type=\"application\/ld+json\" class=\"yoast-schema-graph\">{\"@context\":\"https:\\\/\\\/schema.org\",\"@graph\":[{\"@type\":\"WebPage\",\"@id\":\"https:\\\/\\\/new.dinamicaballet.com\\\/de\\\/producto\\\/billy-der-mobile-tanzspiegel\\\/\",\"url\":\"https:\\\/\\\/new.dinamicaballet.com\\\/de\\\/producto\\\/billy-der-mobile-tanzspiegel\\\/\",\"name\":\"Mobile Tanzspiegel mit Rollen Billy | Dinamica Ballet Shop\",\"isPartOf\":{\"@id\":\"https:\\\/\\\/new.dinamicaballet.com\\\/de\\\/#website\"},\"primaryImageOfPage\":{\"@id\":\"https:\\\/\\\/new.dinamicaballet.com\\\/de\\\/producto\\\/billy-der-mobile-tanzspiegel\\\/#primaryimage\"},\"image\":{\"@id\":\"https:\\\/\\\/new.dinamicaballet.com\\\/de\\\/producto\\\/billy-der-mobile-tanzspiegel\\\/#primaryimage\"},\"thumbnailUrl\":\"https:\\\/\\\/new.dinamicaballet.com\\\/wp-content\\\/uploads\\\/2020\\\/12\\\/dinamica_ballet_shop_billy_01.jpg\",\"datePublished\":\"2020-12-03T16:30:32+00:00\",\"dateModified\":\"2024-09-25T12:43:08+00:00\",\"description\":\"Er gew\u00e4hrleistet ein klares, aus jeder beliebigen Distanz verzerrungsfreies Spiegelbild zur genauen Beobachtung aller Details.\",\"inLanguage\":\"de\",\"potentialAction\":[{\"@type\":\"ReadAction\",\"target\":[\"https:\\\/\\\/new.dinamicaballet.com\\\/de\\\/producto\\\/billy-der-mobile-tanzspiegel\\\/\"]}]},{\"@type\":\"ImageObject\",\"inLanguage\":\"de\",\"@id\":\"https:\\\/\\\/new.dinamicaballet.com\\\/de\\\/producto\\\/billy-der-mobile-tanzspiegel\\\/#primaryimage\",\"url\":\"https:\\\/\\\/new.dinamicaballet.com\\\/wp-content\\\/uploads\\\/2020\\\/12\\\/dinamica_ballet_shop_billy_01.jpg\",\"contentUrl\":\"https:\\\/\\\/new.dinamicaballet.com\\\/wp-content\\\/uploads\\\/2020\\\/12\\\/dinamica_ballet_shop_billy_01.jpg\",\"width\":600,\"height\":800,\"caption\":\"Dinamica Ballet - Billy, der mobile Tanzspiegel\"},{\"@type\":\"WebSite\",\"@id\":\"https:\\\/\\\/new.dinamicaballet.com\\\/de\\\/#website\",\"url\":\"https:\\\/\\\/new.dinamicaballet.com\\\/de\\\/\",\"name\":\"Dinamica Ballet\",\"description\":\"Especialistas en barras de ballet y espejos para la danza\",\"publisher\":{\"@id\":\"https:\\\/\\\/new.dinamicaballet.com\\\/de\\\/#organization\"},\"potentialAction\":[{\"@type\":\"SearchAction\",\"target\":{\"@type\":\"EntryPoint\",\"urlTemplate\":\"https:\\\/\\\/new.dinamicaballet.com\\\/de\\\/?s={search_term_string}\"},\"query-input\":{\"@type\":\"PropertyValueSpecification\",\"valueRequired\":true,\"valueName\":\"search_term_string\"}}],\"inLanguage\":\"de\"},{\"@type\":\"Organization\",\"@id\":\"https:\\\/\\\/new.dinamicaballet.com\\\/de\\\/#organization\",\"name\":\"Dinamica Ballet\",\"url\":\"https:\\\/\\\/new.dinamicaballet.com\\\/de\\\/\",\"logo\":{\"@type\":\"ImageObject\",\"inLanguage\":\"de\",\"@id\":\"https:\\\/\\\/new.dinamicaballet.com\\\/de\\\/#\\\/schema\\\/logo\\\/image\\\/\",\"url\":\"https:\\\/\\\/new.dinamicaballet.com\\\/wp-content\\\/uploads\\\/2022\\\/03\\\/logo_dinamica_ballet.svg\",\"contentUrl\":\"https:\\\/\\\/new.dinamicaballet.com\\\/wp-content\\\/uploads\\\/2022\\\/03\\\/logo_dinamica_ballet.svg\",\"width\":284,\"height\":51,\"caption\":\"Dinamica Ballet\"},\"image\":{\"@id\":\"https:\\\/\\\/new.dinamicaballet.com\\\/de\\\/#\\\/schema\\\/logo\\\/image\\\/\"},\"sameAs\":[\"https:\\\/\\\/www.facebook.com\\\/dinamicaballet\",\"https:\\\/\\\/www.instagram.com\\\/dinamicaballet\\\/\",\"http:\\\/\\\/www.linkedin.com\\\/company\\\/dinamica-ballet\",\"https:\\\/\\\/www.pinterest.com\\\/DinamicaBallet\\\/\"]}]}<\/script>\n<!-- \/ Yoast SEO plugin. -->","yoast_head_json":{"title":"Mobile Tanzspiegel mit Rollen Billy | Dinamica Ballet Shop","description":"Er gew\u00e4hrleistet ein klares, aus jeder beliebigen Distanz verzerrungsfreies Spiegelbild zur genauen Beobachtung aller Details.","robots":{"index":"noindex","follow":"follow","max-snippet":"max-snippet:-1","max-image-preview":"max-image-preview:large","max-video-preview":"max-video-preview:-1"},"og_locale":"de_DE","og_type":"article","og_title":"Mobile Tanzspiegel mit Rollen Billy | Dinamica Ballet Shop","og_description":"Er gew\u00e4hrleistet ein klares, aus jeder beliebigen Distanz verzerrungsfreies Spiegelbild zur genauen Beobachtung aller Details.","og_url":"https:\/\/new.dinamicaballet.com\/de\/producto\/billy-der-mobile-tanzspiegel\/","og_site_name":"Dinamica Ballet","article_publisher":"https:\/\/www.facebook.com\/dinamicaballet","article_modified_time":"2024-09-25T12:43:08+00:00","og_image":[{"width":600,"height":800,"url":"https:\/\/new.dinamicaballet.com\/wp-content\/uploads\/2020\/12\/dinamica_ballet_shop_billy_01.jpg","type":"image\/jpeg"}],"twitter_card":"summary_large_image","twitter_misc":{"Gesch\u00e4tzte Lesezeit":"2\u00a0Minuten"},"schema":{"@context":"https:\/\/schema.org","@graph":[{"@type":"WebPage","@id":"https:\/\/new.dinamicaballet.com\/de\/producto\/billy-der-mobile-tanzspiegel\/","url":"https:\/\/new.dinamicaballet.com\/de\/producto\/billy-der-mobile-tanzspiegel\/","name":"Mobile Tanzspiegel mit Rollen Billy | Dinamica Ballet Shop","isPartOf":{"@id":"https:\/\/new.dinamicaballet.com\/de\/#website"},"primaryImageOfPage":{"@id":"https:\/\/new.dinamicaballet.com\/de\/producto\/billy-der-mobile-tanzspiegel\/#primaryimage"},"image":{"@id":"https:\/\/new.dinamicaballet.com\/de\/producto\/billy-der-mobile-tanzspiegel\/#primaryimage"},"thumbnailUrl":"https:\/\/new.dinamicaballet.com\/wp-content\/uploads\/2020\/12\/dinamica_ballet_shop_billy_01.jpg","datePublished":"2020-12-03T16:30:32+00:00","dateModified":"2024-09-25T12:43:08+00:00","description":"Er gew\u00e4hrleistet ein klares, aus jeder beliebigen Distanz verzerrungsfreies Spiegelbild zur genauen Beobachtung aller Details.","inLanguage":"de","potentialAction":[{"@type":"ReadAction","target":["https:\/\/new.dinamicaballet.com\/de\/producto\/billy-der-mobile-tanzspiegel\/"]}]},{"@type":"ImageObject","inLanguage":"de","@id":"https:\/\/new.dinamicaballet.com\/de\/producto\/billy-der-mobile-tanzspiegel\/#primaryimage","url":"https:\/\/new.dinamicaballet.com\/wp-content\/uploads\/2020\/12\/dinamica_ballet_shop_billy_01.jpg","contentUrl":"https:\/\/new.dinamicaballet.com\/wp-content\/uploads\/2020\/12\/dinamica_ballet_shop_billy_01.jpg","width":600,"height":800,"caption":"Dinamica Ballet - Billy, der mobile Tanzspiegel"},{"@type":"WebSite","@id":"https:\/\/new.dinamicaballet.com\/de\/#website","url":"https:\/\/new.dinamicaballet.com\/de\/","name":"Dinamica Ballet","description":"Especialistas en barras de ballet y espejos para la danza","publisher":{"@id":"https:\/\/new.dinamicaballet.com\/de\/#organization"},"potentialAction":[{"@type":"SearchAction","target":{"@type":"EntryPoint","urlTemplate":"https:\/\/new.dinamicaballet.com\/de\/?s={search_term_string}"},"query-input":{"@type":"PropertyValueSpecification","valueRequired":true,"valueName":"search_term_string"}}],"inLanguage":"de"},{"@type":"Organization","@id":"https:\/\/new.dinamicaballet.com\/de\/#organization","name":"Dinamica Ballet","url":"https:\/\/new.dinamicaballet.com\/de\/","logo":{"@type":"ImageObject","inLanguage":"de","@id":"https:\/\/new.dinamicaballet.com\/de\/#\/schema\/logo\/image\/","url":"https:\/\/new.dinamicaballet.com\/wp-content\/uploads\/2022\/03\/logo_dinamica_ballet.svg","contentUrl":"https:\/\/new.dinamicaballet.com\/wp-content\/uploads\/2022\/03\/logo_dinamica_ballet.svg","width":284,"height":51,"caption":"Dinamica Ballet"},"image":{"@id":"https:\/\/new.dinamicaballet.com\/de\/#\/schema\/logo\/image\/"},"sameAs":["https:\/\/www.facebook.com\/dinamicaballet","https:\/\/www.instagram.com\/dinamicaballet\/","http:\/\/www.linkedin.com\/company\/dinamica-ballet","https:\/\/www.pinterest.com\/DinamicaBallet\/"]}]}},"taxonomy_info":{"product_cat":[{"value":199,"label":"Tanz und Studiospiegel"}]},"featured_image_src_large":["https:\/\/new.dinamicaballet.com\/wp-content\/uploads\/2020\/12\/dinamica_ballet_shop_billy_01.jpg",600,800,false],"author_info":[],"comment_info":"","_links":{"self":[{"href":"https:\/\/new.dinamicaballet.com\/de\/wp-json\/wp\/v2\/product\/8111","targetHints":{"allow":["GET"]}}],"collection":[{"href":"https:\/\/new.dinamicaballet.com\/de\/wp-json\/wp\/v2\/product"}],"about":[{"href":"https:\/\/new.dinamicaballet.com\/de\/wp-json\/wp\/v2\/types\/product"}],"wp:featuredmedia":[{"embeddable":true,"href":"https:\/\/new.dinamicaballet.com\/de\/wp-json\/wp\/v2\/media\/8123"}],"wp:attachment":[{"href":"https:\/\/new.dinamicaballet.com\/de\/wp-json\/wp\/v2\/media?parent=8111"}],"wp:term":[{"taxonomy":"product_brand","embeddable":true,"href":"https:\/\/new.dinamicaballet.com\/de\/wp-json\/wp\/v2\/product_brand?post=8111"},{"taxonomy":"product_cat","embeddable":true,"href":"https:\/\/new.dinamicaballet.com\/de\/wp-json\/wp\/v2\/product_cat?post=8111"},{"taxonomy":"product_tag","embeddable":true,"href":"https:\/\/new.dinamicaballet.com\/de\/wp-json\/wp\/v2\/product_tag?post=8111"}],"curies":[{"name":"wp","href":"https:\/\/api.w.org\/{rel}","templated":true}]}}