{"id":8095,"date":"2020-12-03T16:30:30","date_gmt":"2020-12-03T16:30:30","guid":{"rendered":"https:\/\/www.dinamicaballet.com\/producto\/royale-die-hohenverstellbare-premium-doppelstange\/"},"modified":"2022-03-09T11:19:52","modified_gmt":"2022-03-09T11:19:52","slug":"royale-die-hohenverstellbare-premium-doppelstange","status":"publish","type":"product","link":"https:\/\/new.dinamicaballet.com\/de\/producto\/royale-die-hohenverstellbare-premium-doppelstange\/","title":{"rendered":"H\u00f6henverstellbare Premium-Doppelstange Royale"},"content":{"rendered":"<h3><strong>Die stabilste h\u00f6henverstellbare Ballettstange auf dem Markt<\/strong><\/h3>\n<p>Die Royale ist eine Ballettstange f\u00fcr Tanzprofis mit h\u00f6chsten Anspr\u00fcchen an die Leistungsf\u00e4higkeit ihrer Ballettanlage. Jeder der beiden aus Gusseisen gefertigten Sockel verf\u00fcgt \u00fcber ein Gewicht von 30 kg und ist mit vier Rollen aus hochdichtem Gummi ausgestattet. Auf diese Weise l\u00e4sst sich die Ballettstange einfach und ohne Hilfe am gew\u00fcnschten Ort platzieren. W\u00e4hrend der Nutzung gew\u00e4hrleistet der Aufbau der Sockel einen Sicherheitsabstand zwischen den Rollen und den Boden und verleiht der Ballettstange ihre au\u00dfergew\u00f6hnliche Standfestigkeit. Absolute Stabilit\u00e4t f\u00fcr T\u00e4nzer aller Altersstufen und Flexibilit\u00e4t zur freien Raumnutzung nach dem Aufw\u00e4rmen: die Royale kann einfach alles.<\/p>\n<h3><strong>Rasche H\u00f6henanpassung f\u00fcr maximale Flexibilit\u00e4t im Ballettsaal <\/strong><\/h3>\n<p>Die Doppelballettstangen von Dinamica Ballet umfassen zwei aus Holz gefertigte Ballettstangen, die im Abstand von 19 cm zueinander angeordnet sind. Zur Ber\u00fccksichtigung der individuellen Bed\u00fcrfnisse der T\u00e4nzerinnen und T\u00e4nzer erm\u00f6glichen die handlichen Schraubgriffe die m\u00fchelose Anpassung der Stangenh\u00f6he zwischen 73 cm und 123 cm. Ganz gleich, welche H\u00f6heneinstellung gew\u00e4hlt wird, die Royale bietet auf jeden Fall maximale Standfestigkeit. Der Aufbau der zylindrischen Stangenfassungen von Dinamica Ballet sorgt daf\u00fcr, dass sich die auf die Stange einwirkenden Kr\u00e4fte gleichm\u00e4\u00dfig auf die gesamte Anlage verteilen. Bei dieser Doppelballettstange stehen Stangen mit einer L\u00e4nge von 2 m und 3 m zur Auswahl.<\/p>\n<h3><strong>Gusseisen, Stahl und Kiefernholz f\u00fcr jahrzehntelanges Training<\/strong><\/h3>\n<p>Zum Schutz vor Kratzern verf\u00fcgen die aus Stahl gefertigten Standbeine \u00fcber eine pflegeleichte, silberfarbene EP-Beschichtung. Die Stangen sind aus dem Holz der Terpentin-Kiefer gefertigt, einem nat\u00fcrlichen, lebendigen und widerstandsf\u00e4higen Holz mit optimalem Griff und einer angenehm warmen Note. Der Rohstoff f\u00fcr die nutzungsfertig polierten, griffigen Massivholzstangen stammt aus kontrollierter und nachhaltiger Forstwirtschaft. Die Sockel, die Standbeine und die H\u00f6hneinstellung der Royale werden im vormontierten Zustand geliefert. Die Ballettstange ist so bereits wenige Minuten nach der Lieferung einsatzbereit.<\/p>\n<a href=\"https:\/\/new.dinamicaballet.com\/wp-content\/uploads\/2021\/05\/FT-ROYALE-0521-2.pdf\" class=\"su-button su-button-style-default\" style=\"color:#006B7C;background-color:#FFF2D5;border-color:#ccc2ab;border-radius:5px\" target=\"_blank\" rel=\"noopener noreferrer\"><span style=\"color:#006B7C;padding:0px 16px;font-size:13px;line-height:26px;border-color:#fff6e2;border-radius:5px;text-shadow:none\"> Technische Details zum Download<\/span><\/a> <a href=\"https:\/\/new.dinamicaballet.com\/wp-content\/uploads\/2021\/07\/Instruccions-Royale.pdf\" class=\"su-button su-button-style-default\" style=\"color:#006B7C;background-color:#FFF2D5;border-color:#ccc2ab;border-radius:5px\" target=\"_blank\" rel=\"noopener noreferrer\"><span style=\"color:#006B7C;padding:0px 16px;font-size:13px;line-height:26px;border-color:#fff6e2;border-radius:5px;text-shadow:none\"> Download der Montageanleitung<\/span><\/a>\n","protected":false},"excerpt":{"rendered":"<p>Gibt es eine h\u00f6henverstellbare Ballettstange, die es in Sachen Stabilit\u00e4t mit jeder festen Anlage aufnehmen kann? Nat\u00fcrlich, die Royale! Mit einem Gesamtgewicht von 76 kg, zylindrischen Stangenfassungen f\u00fcr zwei parallele Holzstangen und zehn H\u00f6henpositionen ist die Royale die erste Wahl f\u00fcr Tanzschulen von h\u00f6chstem Niveau.<\/p>\n<p><strong>VERSANDKOSTEN UND STEUERN INBEGRIFFEN<\/strong><\/p>\n","protected":false},"featured_media":8108,"template":"","meta":{"_editorskit_title_hidden":false,"_editorskit_reading_time":0,"_editorskit_is_block_options_detached":false,"_editorskit_block_options_position":"{}","inline_featured_image":false,"_kad_blocks_custom_css":"","_kad_blocks_head_custom_js":"","_kad_blocks_body_custom_js":"","_kad_blocks_footer_custom_js":""},"product_brand":[],"product_cat":[182,174,196,186],"product_tag":[],"class_list":{"0":"post-8095","1":"product","2":"type-product","3":"status-publish","4":"has-post-thumbnail","6":"product_cat-hoehenverstellbaren-ballettstangen","7":"product_cat-mobile-ballettstangen","8":"product_cat-premium-ballettstangen-de","9":"product_cat-zwei-holzstangen","10":"post","11":"with-featured-image","13":"first","14":"instock","15":"taxable","16":"shipping-taxable","17":"purchasable","18":"product-type-variable"},"yoast_head":"<!-- This site is optimized with the Yoast SEO plugin v27.4 - https:\/\/yoast.com\/product\/yoast-seo-wordpress\/ -->\n<title>H\u00f6henverstellbare Premium-Doppelstange Royale | Online-Shop<\/title>\n<meta name=\"description\" content=\"Gibt es eine h\u00f6henverstellbare Ballettstange, die es in Sachen Stabilit\u00e4t mit jeder festen Anlage aufnehmen kann? Nat\u00fcrlich, die Royale.\" \/>\n<meta name=\"robots\" content=\"noindex, follow, max-snippet:-1, max-image-preview:large, max-video-preview:-1\" \/>\n<meta property=\"og:locale\" content=\"de_DE\" \/>\n<meta property=\"og:type\" content=\"article\" \/>\n<meta property=\"og:title\" content=\"H\u00f6henverstellbare Premium-Doppelstange Royale | Online-Shop\" \/>\n<meta property=\"og:description\" content=\"Gibt es eine h\u00f6henverstellbare Ballettstange, die es in Sachen Stabilit\u00e4t mit jeder festen Anlage aufnehmen kann? Nat\u00fcrlich, die Royale.\" \/>\n<meta property=\"og:url\" content=\"https:\/\/new.dinamicaballet.com\/de\/producto\/royale-die-hohenverstellbare-premium-doppelstange\/\" \/>\n<meta property=\"og:site_name\" content=\"Dinamica Ballet\" \/>\n<meta property=\"article:publisher\" content=\"https:\/\/www.facebook.com\/dinamicaballet\" \/>\n<meta property=\"article:modified_time\" content=\"2022-03-09T11:19:52+00:00\" \/>\n<meta property=\"og:image\" content=\"https:\/\/new.dinamicaballet.com\/wp-content\/uploads\/2020\/12\/dinamica_ballet_shop_royale_01.jpg\" \/>\n\t<meta property=\"og:image:width\" content=\"600\" \/>\n\t<meta property=\"og:image:height\" content=\"800\" \/>\n\t<meta property=\"og:image:type\" content=\"image\/jpeg\" \/>\n<meta name=\"twitter:card\" content=\"summary_large_image\" \/>\n<meta name=\"twitter:label1\" content=\"Gesch\u00e4tzte Lesezeit\" \/>\n\t<meta name=\"twitter:data1\" content=\"2\u00a0Minuten\" \/>\n<script type=\"application\/ld+json\" class=\"yoast-schema-graph\">{\"@context\":\"https:\\\/\\\/schema.org\",\"@graph\":[{\"@type\":\"WebPage\",\"@id\":\"https:\\\/\\\/new.dinamicaballet.com\\\/de\\\/producto\\\/royale-die-hohenverstellbare-premium-doppelstange\\\/\",\"url\":\"https:\\\/\\\/new.dinamicaballet.com\\\/de\\\/producto\\\/royale-die-hohenverstellbare-premium-doppelstange\\\/\",\"name\":\"H\u00f6henverstellbare Premium-Doppelstange Royale | Online-Shop\",\"isPartOf\":{\"@id\":\"https:\\\/\\\/new.dinamicaballet.com\\\/de\\\/#website\"},\"primaryImageOfPage\":{\"@id\":\"https:\\\/\\\/new.dinamicaballet.com\\\/de\\\/producto\\\/royale-die-hohenverstellbare-premium-doppelstange\\\/#primaryimage\"},\"image\":{\"@id\":\"https:\\\/\\\/new.dinamicaballet.com\\\/de\\\/producto\\\/royale-die-hohenverstellbare-premium-doppelstange\\\/#primaryimage\"},\"thumbnailUrl\":\"https:\\\/\\\/new.dinamicaballet.com\\\/wp-content\\\/uploads\\\/2020\\\/12\\\/dinamica_ballet_shop_royale_01.jpg\",\"datePublished\":\"2020-12-03T16:30:30+00:00\",\"dateModified\":\"2022-03-09T11:19:52+00:00\",\"description\":\"Gibt es eine h\u00f6henverstellbare Ballettstange, die es in Sachen Stabilit\u00e4t mit jeder festen Anlage aufnehmen kann? Nat\u00fcrlich, die Royale.\",\"inLanguage\":\"de\",\"potentialAction\":[{\"@type\":\"ReadAction\",\"target\":[\"https:\\\/\\\/new.dinamicaballet.com\\\/de\\\/producto\\\/royale-die-hohenverstellbare-premium-doppelstange\\\/\"]}]},{\"@type\":\"ImageObject\",\"inLanguage\":\"de\",\"@id\":\"https:\\\/\\\/new.dinamicaballet.com\\\/de\\\/producto\\\/royale-die-hohenverstellbare-premium-doppelstange\\\/#primaryimage\",\"url\":\"https:\\\/\\\/new.dinamicaballet.com\\\/wp-content\\\/uploads\\\/2020\\\/12\\\/dinamica_ballet_shop_royale_01.jpg\",\"contentUrl\":\"https:\\\/\\\/new.dinamicaballet.com\\\/wp-content\\\/uploads\\\/2020\\\/12\\\/dinamica_ballet_shop_royale_01.jpg\",\"width\":600,\"height\":800,\"caption\":\"Royale, die h\u00f6henverstellbare Premium-Doppelstange\"},{\"@type\":\"WebSite\",\"@id\":\"https:\\\/\\\/new.dinamicaballet.com\\\/de\\\/#website\",\"url\":\"https:\\\/\\\/new.dinamicaballet.com\\\/de\\\/\",\"name\":\"Dinamica Ballet\",\"description\":\"Especialistas en barras de ballet y espejos para la danza\",\"publisher\":{\"@id\":\"https:\\\/\\\/new.dinamicaballet.com\\\/de\\\/#organization\"},\"potentialAction\":[{\"@type\":\"SearchAction\",\"target\":{\"@type\":\"EntryPoint\",\"urlTemplate\":\"https:\\\/\\\/new.dinamicaballet.com\\\/de\\\/?s={search_term_string}\"},\"query-input\":{\"@type\":\"PropertyValueSpecification\",\"valueRequired\":true,\"valueName\":\"search_term_string\"}}],\"inLanguage\":\"de\"},{\"@type\":\"Organization\",\"@id\":\"https:\\\/\\\/new.dinamicaballet.com\\\/de\\\/#organization\",\"name\":\"Dinamica Ballet\",\"url\":\"https:\\\/\\\/new.dinamicaballet.com\\\/de\\\/\",\"logo\":{\"@type\":\"ImageObject\",\"inLanguage\":\"de\",\"@id\":\"https:\\\/\\\/new.dinamicaballet.com\\\/de\\\/#\\\/schema\\\/logo\\\/image\\\/\",\"url\":\"https:\\\/\\\/new.dinamicaballet.com\\\/wp-content\\\/uploads\\\/2022\\\/03\\\/logo_dinamica_ballet.svg\",\"contentUrl\":\"https:\\\/\\\/new.dinamicaballet.com\\\/wp-content\\\/uploads\\\/2022\\\/03\\\/logo_dinamica_ballet.svg\",\"width\":284,\"height\":51,\"caption\":\"Dinamica Ballet\"},\"image\":{\"@id\":\"https:\\\/\\\/new.dinamicaballet.com\\\/de\\\/#\\\/schema\\\/logo\\\/image\\\/\"},\"sameAs\":[\"https:\\\/\\\/www.facebook.com\\\/dinamicaballet\",\"https:\\\/\\\/www.instagram.com\\\/dinamicaballet\\\/\",\"http:\\\/\\\/www.linkedin.com\\\/company\\\/dinamica-ballet\",\"https:\\\/\\\/www.pinterest.com\\\/DinamicaBallet\\\/\"]}]}<\/script>\n<!-- \/ Yoast SEO plugin. -->","yoast_head_json":{"title":"H\u00f6henverstellbare Premium-Doppelstange Royale | Online-Shop","description":"Gibt es eine h\u00f6henverstellbare Ballettstange, die es in Sachen Stabilit\u00e4t mit jeder festen Anlage aufnehmen kann? Nat\u00fcrlich, die Royale.","robots":{"index":"noindex","follow":"follow","max-snippet":"max-snippet:-1","max-image-preview":"max-image-preview:large","max-video-preview":"max-video-preview:-1"},"og_locale":"de_DE","og_type":"article","og_title":"H\u00f6henverstellbare Premium-Doppelstange Royale | Online-Shop","og_description":"Gibt es eine h\u00f6henverstellbare Ballettstange, die es in Sachen Stabilit\u00e4t mit jeder festen Anlage aufnehmen kann? Nat\u00fcrlich, die Royale.","og_url":"https:\/\/new.dinamicaballet.com\/de\/producto\/royale-die-hohenverstellbare-premium-doppelstange\/","og_site_name":"Dinamica Ballet","article_publisher":"https:\/\/www.facebook.com\/dinamicaballet","article_modified_time":"2022-03-09T11:19:52+00:00","og_image":[{"width":600,"height":800,"url":"https:\/\/new.dinamicaballet.com\/wp-content\/uploads\/2020\/12\/dinamica_ballet_shop_royale_01.jpg","type":"image\/jpeg"}],"twitter_card":"summary_large_image","twitter_misc":{"Gesch\u00e4tzte Lesezeit":"2\u00a0Minuten"},"schema":{"@context":"https:\/\/schema.org","@graph":[{"@type":"WebPage","@id":"https:\/\/new.dinamicaballet.com\/de\/producto\/royale-die-hohenverstellbare-premium-doppelstange\/","url":"https:\/\/new.dinamicaballet.com\/de\/producto\/royale-die-hohenverstellbare-premium-doppelstange\/","name":"H\u00f6henverstellbare Premium-Doppelstange Royale | Online-Shop","isPartOf":{"@id":"https:\/\/new.dinamicaballet.com\/de\/#website"},"primaryImageOfPage":{"@id":"https:\/\/new.dinamicaballet.com\/de\/producto\/royale-die-hohenverstellbare-premium-doppelstange\/#primaryimage"},"image":{"@id":"https:\/\/new.dinamicaballet.com\/de\/producto\/royale-die-hohenverstellbare-premium-doppelstange\/#primaryimage"},"thumbnailUrl":"https:\/\/new.dinamicaballet.com\/wp-content\/uploads\/2020\/12\/dinamica_ballet_shop_royale_01.jpg","datePublished":"2020-12-03T16:30:30+00:00","dateModified":"2022-03-09T11:19:52+00:00","description":"Gibt es eine h\u00f6henverstellbare Ballettstange, die es in Sachen Stabilit\u00e4t mit jeder festen Anlage aufnehmen kann? Nat\u00fcrlich, die Royale.","inLanguage":"de","potentialAction":[{"@type":"ReadAction","target":["https:\/\/new.dinamicaballet.com\/de\/producto\/royale-die-hohenverstellbare-premium-doppelstange\/"]}]},{"@type":"ImageObject","inLanguage":"de","@id":"https:\/\/new.dinamicaballet.com\/de\/producto\/royale-die-hohenverstellbare-premium-doppelstange\/#primaryimage","url":"https:\/\/new.dinamicaballet.com\/wp-content\/uploads\/2020\/12\/dinamica_ballet_shop_royale_01.jpg","contentUrl":"https:\/\/new.dinamicaballet.com\/wp-content\/uploads\/2020\/12\/dinamica_ballet_shop_royale_01.jpg","width":600,"height":800,"caption":"Royale, die h\u00f6henverstellbare Premium-Doppelstange"},{"@type":"WebSite","@id":"https:\/\/new.dinamicaballet.com\/de\/#website","url":"https:\/\/new.dinamicaballet.com\/de\/","name":"Dinamica Ballet","description":"Especialistas en barras de ballet y espejos para la danza","publisher":{"@id":"https:\/\/new.dinamicaballet.com\/de\/#organization"},"potentialAction":[{"@type":"SearchAction","target":{"@type":"EntryPoint","urlTemplate":"https:\/\/new.dinamicaballet.com\/de\/?s={search_term_string}"},"query-input":{"@type":"PropertyValueSpecification","valueRequired":true,"valueName":"search_term_string"}}],"inLanguage":"de"},{"@type":"Organization","@id":"https:\/\/new.dinamicaballet.com\/de\/#organization","name":"Dinamica Ballet","url":"https:\/\/new.dinamicaballet.com\/de\/","logo":{"@type":"ImageObject","inLanguage":"de","@id":"https:\/\/new.dinamicaballet.com\/de\/#\/schema\/logo\/image\/","url":"https:\/\/new.dinamicaballet.com\/wp-content\/uploads\/2022\/03\/logo_dinamica_ballet.svg","contentUrl":"https:\/\/new.dinamicaballet.com\/wp-content\/uploads\/2022\/03\/logo_dinamica_ballet.svg","width":284,"height":51,"caption":"Dinamica Ballet"},"image":{"@id":"https:\/\/new.dinamicaballet.com\/de\/#\/schema\/logo\/image\/"},"sameAs":["https:\/\/www.facebook.com\/dinamicaballet","https:\/\/www.instagram.com\/dinamicaballet\/","http:\/\/www.linkedin.com\/company\/dinamica-ballet","https:\/\/www.pinterest.com\/DinamicaBallet\/"]}]}},"taxonomy_info":{"product_cat":[{"value":182,"label":"H\u00f6henverstellbaren Ballettstangen"},{"value":174,"label":"Mobile Ballettstangen"},{"value":196,"label":"Premium-Ballettstangen"},{"value":186,"label":"Zwei Holzstangen"}]},"featured_image_src_large":["https:\/\/new.dinamicaballet.com\/wp-content\/uploads\/2020\/12\/dinamica_ballet_shop_royale_01.jpg",600,800,false],"author_info":[],"comment_info":"","_links":{"self":[{"href":"https:\/\/new.dinamicaballet.com\/de\/wp-json\/wp\/v2\/product\/8095","targetHints":{"allow":["GET"]}}],"collection":[{"href":"https:\/\/new.dinamicaballet.com\/de\/wp-json\/wp\/v2\/product"}],"about":[{"href":"https:\/\/new.dinamicaballet.com\/de\/wp-json\/wp\/v2\/types\/product"}],"wp:featuredmedia":[{"embeddable":true,"href":"https:\/\/new.dinamicaballet.com\/de\/wp-json\/wp\/v2\/media\/8108"}],"wp:attachment":[{"href":"https:\/\/new.dinamicaballet.com\/de\/wp-json\/wp\/v2\/media?parent=8095"}],"wp:term":[{"taxonomy":"product_brand","embeddable":true,"href":"https:\/\/new.dinamicaballet.com\/de\/wp-json\/wp\/v2\/product_brand?post=8095"},{"taxonomy":"product_cat","embeddable":true,"href":"https:\/\/new.dinamicaballet.com\/de\/wp-json\/wp\/v2\/product_cat?post=8095"},{"taxonomy":"product_tag","embeddable":true,"href":"https:\/\/new.dinamicaballet.com\/de\/wp-json\/wp\/v2\/product_tag?post=8095"}],"curies":[{"name":"wp","href":"https:\/\/api.w.org\/{rel}","templated":true}]}}