{"id":8077,"date":"2020-12-03T16:24:54","date_gmt":"2020-12-03T16:24:54","guid":{"rendered":"https:\/\/www.dinamicaballet.com\/producto\/maurice-die-mobile-premium-doppelstange\/"},"modified":"2024-09-25T13:30:09","modified_gmt":"2024-09-25T12:30:09","slug":"maurice-die-mobile-premium-doppelstange","status":"publish","type":"product","link":"https:\/\/new.dinamicaballet.com\/de\/producto\/maurice-die-mobile-premium-doppelstange\/","title":{"rendered":"Premium-Doppelstange Maurice"},"content":{"rendered":"<h3><strong>Absolute Stabilit\u00e4t f\u00fcr h\u00f6chste Anspr\u00fcche<\/strong><\/h3>\n<p>Die Maurice gl\u00e4nzt mit beeindruckender Standfestigkeit und erm\u00f6glicht damit mehreren T\u00e4nzerinnen und T\u00e4nzern die gleichzeitige, intensive Arbeit \u00e0 la barre. Jeder der beiden aus Gusseisen gefertigten Sockel verf\u00fcgt \u00fcber ein Gewicht von 30 kg und ist mit vier Rollen aus hochdichtem Gummi ausgestattet. Auf diese Weise l\u00e4sst sich die Anlage einfach und ohne Hilfe am gew\u00fcnschten Ort platzieren. W\u00e4hrend der Nutzung gew\u00e4hrleistet der Aufbau der Sockel einen Sicherheitsabstand zwischen den Rollen und den Boden und das verleiht der Ballettstange ihre au\u00dfergew\u00f6hnliche Standfestigkeit.<\/p>\n<h3><strong>Zwei Stangenh\u00f6hen f\u00fcr unterschiedliche K\u00f6pergr\u00f6\u00dfen<\/strong><\/h3>\n<p>Dank der beiden Holzstangen mit einer H\u00f6he von 83 und 105 cm \u00fcber dem Boden k\u00f6nnen an der Maurice T\u00e4nzerinnen und T\u00e4nzer unterschiedlicher Altersstufen und Statur ungehindert und bequem an ihren battements d\u00e9gag\u00e9s feilen.Die exklusiven Stangenfassungen von Dinamica Ballet umschlie\u00dfen die Stange fest und schadenfrei, sie verteilen die bei der Arbeit aus den unterschiedlichen Winkeln auf die Stange einwirkenden Kr\u00e4fte auf gleichm\u00e4\u00dfige Weise. Die Kombination aus Gusseisensockeln und zylindrischen Stangenfassungen gew\u00e4hrleistet absolute Stabilit\u00e4t, damit Sie sich voll und ganz auf die Perfektionierung Ihrer Technik konzentrieren k\u00f6nnen. F\u00fcr die Maurice stehen Stangen mit einer L\u00e4nge von 2 m und 3 m zur Auswahl.<\/p>\n<h3><strong>Eine Ballettstange f\u00fcr die Ewigkeit: aus Gusseisen, Stahl und Kiefernholz<\/strong><\/h3>\n<p>Die Maurice ist das Ursprungsmodell von Dinamica Ballet und nach dem franz\u00f6sischen Choreografen Maurice B\u00e9jart benannt. Die erste Maurice befindet sich bis heute im Institut del Teatre de Barcelona, wo sie im Rahmen des professionellen Tanzunterrichts Tag f\u00fcr Tag zum Einsatz kommt. Zum Schutz vor Kratzern verf\u00fcgen die aus hochwertigem Stahl gefertigten Standbeine \u00fcber eine pflegeleichte, silberfarbene EP-Beschichtung. Die Stangen von Dinamica Ballet sind aus dem Holz der Terpentin-Kiefer gefertigt, einem wertvollen Rohstoff aus nachhaltiger Forstwirtschaft, der \u00fcber eine hohe Dichte verf\u00fcgt. Sie sind \u00e4u\u00dferst belastbar und bieten die f\u00fcr fortgeschrittene \u00dcbungen erforderliche Elastizit\u00e4t. Bei diesen gr\u00fcndlichen polierten Ballettstangen wird auf eine Lackierung zugunsten hervorragender Griffigkeit und festem Halt verzichtet. Die Sockel und Standbeine der Maurice werden im vormontierten Zustand geliefert. So kann die Arbeit an der Stange bereits wenige Minuten nach der Lieferung beginnen.<\/p>\n<a href=\"https:\/\/new.dinamicaballet.com\/wp-content\/uploads\/2021\/05\/FT-MAURICE-0521-2.pdf\" class=\"su-button su-button-style-default\" style=\"color:#006B7C;background-color:#FFF2D5;border-color:#ccc2ab;border-radius:5px\" target=\"_blank\" rel=\"noopener noreferrer\"><span style=\"color:#006B7C;padding:0px 16px;font-size:13px;line-height:26px;border-color:#fff6e2;border-radius:5px;text-shadow:none\"> Technische Details zum Download<\/span><\/a> <a href=\"https:\/\/new.dinamicaballet.com\/wp-content\/uploads\/2021\/07\/Instruccions-Maurice.pdf\" class=\"su-button su-button-style-default\" style=\"color:#006B7C;background-color:#FFF2D5;border-color:#ccc2ab;border-radius:5px\" target=\"_blank\" rel=\"noopener noreferrer\"><span style=\"color:#006B7C;padding:0px 16px;font-size:13px;line-height:26px;border-color:#fff6e2;border-radius:5px;text-shadow:none\"> Download der Montageanleitung<\/span><\/a>\n<p>&nbsp;<\/p>\n<div class=\"su-youtube su-u-responsive-media-yes\"><iframe loading=\"lazy\" width=\"600\" height=\"400\" src=\"https:\/\/www.youtube.com\/embed\/EoI79LwpzZY?autohide=2&amp;autoplay=0&amp;mute=1&amp;controls=1&amp;fs=1&amp;loop=0&amp;modestbranding=0&amp;rel=1&amp;showinfo=1&amp;theme=dark&amp;wmode=&amp;playsinline=0\" frameborder=\"0\" allowfullscreen allow=\"autoplay; encrypted-media; picture-in-picture\" title=\"Premium-Doppelstange Maurice Dinamica Ballet\"><\/iframe><\/div>\n","protected":false},"excerpt":{"rendered":"<p>Die Maurice ist eine mobile Doppelballettstange des Premiumsegments. Dieses mit Sockeln aus Gusseisen ausgestattete Modell verf\u00fcgt \u00fcber ein Gesamtgewicht von 74 kg. Die Maurice wurde f\u00fcr Spezialisten entwickelt, die sich und ihrer mobilen Ballettstange das Maximum abverlangen.<\/p>\n<p><strong>VERSANDKOSTEN UND STEUERN INBEGRIFFEN<\/strong><\/p>\n","protected":false},"featured_media":8079,"template":"","meta":{"_editorskit_title_hidden":false,"_editorskit_reading_time":0,"_editorskit_is_block_options_detached":false,"_editorskit_block_options_position":"{}","inline_featured_image":false,"_kad_blocks_custom_css":"","_kad_blocks_head_custom_js":"","_kad_blocks_body_custom_js":"","_kad_blocks_footer_custom_js":""},"product_brand":[],"product_cat":[174,196,186],"product_tag":[177],"class_list":{"0":"post-8077","1":"product","2":"type-product","3":"status-publish","4":"has-post-thumbnail","6":"product_cat-mobile-ballettstangen","7":"product_cat-premium-ballettstangen-de","8":"product_cat-zwei-holzstangen","9":"product_tag-movil-de","10":"post","11":"with-featured-image","13":"first","14":"instock","15":"taxable","16":"shipping-taxable","17":"purchasable","18":"product-type-variable"},"yoast_head":"<!-- This site is optimized with the Yoast SEO plugin v27.4 - https:\/\/yoast.com\/product\/yoast-seo-wordpress\/ -->\n<title>Mobile Premium-Doppelstange Maurice | Online-Shop<\/title>\n<meta name=\"description\" content=\"Die Maurice ist eine mobile Doppel Ballettstange mit Sockeln aus Gusseisen f\u00fcr Spezialisten entwickelt.\" \/>\n<meta name=\"robots\" content=\"noindex, follow, max-snippet:-1, max-image-preview:large, max-video-preview:-1\" \/>\n<meta property=\"og:locale\" content=\"de_DE\" \/>\n<meta property=\"og:type\" content=\"article\" \/>\n<meta property=\"og:title\" content=\"Mobile Premium-Doppelstange Maurice | Online-Shop\" \/>\n<meta property=\"og:description\" content=\"Die Maurice ist eine mobile Doppel Ballettstange mit Sockeln aus Gusseisen f\u00fcr Spezialisten entwickelt.\" \/>\n<meta property=\"og:url\" content=\"https:\/\/new.dinamicaballet.com\/de\/producto\/maurice-die-mobile-premium-doppelstange\/\" \/>\n<meta property=\"og:site_name\" content=\"Dinamica Ballet\" \/>\n<meta property=\"article:publisher\" content=\"https:\/\/www.facebook.com\/dinamicaballet\" \/>\n<meta property=\"article:modified_time\" content=\"2024-09-25T12:30:09+00:00\" \/>\n<meta property=\"og:image\" content=\"https:\/\/new.dinamicaballet.com\/wp-content\/uploads\/2020\/12\/dinamica_ballet_shop_maurice_02.jpg\" \/>\n\t<meta property=\"og:image:width\" content=\"600\" \/>\n\t<meta property=\"og:image:height\" content=\"800\" \/>\n\t<meta property=\"og:image:type\" content=\"image\/jpeg\" \/>\n<meta name=\"twitter:card\" content=\"summary_large_image\" \/>\n<meta name=\"twitter:label1\" content=\"Gesch\u00e4tzte Lesezeit\" \/>\n\t<meta name=\"twitter:data1\" content=\"2\u00a0Minuten\" \/>\n<script type=\"application\/ld+json\" class=\"yoast-schema-graph\">{\"@context\":\"https:\\\/\\\/schema.org\",\"@graph\":[{\"@type\":\"WebPage\",\"@id\":\"https:\\\/\\\/new.dinamicaballet.com\\\/de\\\/producto\\\/maurice-die-mobile-premium-doppelstange\\\/\",\"url\":\"https:\\\/\\\/new.dinamicaballet.com\\\/de\\\/producto\\\/maurice-die-mobile-premium-doppelstange\\\/\",\"name\":\"Mobile Premium-Doppelstange Maurice | Online-Shop\",\"isPartOf\":{\"@id\":\"https:\\\/\\\/new.dinamicaballet.com\\\/de\\\/#website\"},\"primaryImageOfPage\":{\"@id\":\"https:\\\/\\\/new.dinamicaballet.com\\\/de\\\/producto\\\/maurice-die-mobile-premium-doppelstange\\\/#primaryimage\"},\"image\":{\"@id\":\"https:\\\/\\\/new.dinamicaballet.com\\\/de\\\/producto\\\/maurice-die-mobile-premium-doppelstange\\\/#primaryimage\"},\"thumbnailUrl\":\"https:\\\/\\\/new.dinamicaballet.com\\\/wp-content\\\/uploads\\\/2020\\\/12\\\/dinamica_ballet_shop_maurice_02.jpg\",\"datePublished\":\"2020-12-03T16:24:54+00:00\",\"dateModified\":\"2024-09-25T12:30:09+00:00\",\"description\":\"Die Maurice ist eine mobile Doppel Ballettstange mit Sockeln aus Gusseisen f\u00fcr Spezialisten entwickelt.\",\"inLanguage\":\"de\",\"potentialAction\":[{\"@type\":\"ReadAction\",\"target\":[\"https:\\\/\\\/new.dinamicaballet.com\\\/de\\\/producto\\\/maurice-die-mobile-premium-doppelstange\\\/\"]}]},{\"@type\":\"ImageObject\",\"inLanguage\":\"de\",\"@id\":\"https:\\\/\\\/new.dinamicaballet.com\\\/de\\\/producto\\\/maurice-die-mobile-premium-doppelstange\\\/#primaryimage\",\"url\":\"https:\\\/\\\/new.dinamicaballet.com\\\/wp-content\\\/uploads\\\/2020\\\/12\\\/dinamica_ballet_shop_maurice_02.jpg\",\"contentUrl\":\"https:\\\/\\\/new.dinamicaballet.com\\\/wp-content\\\/uploads\\\/2020\\\/12\\\/dinamica_ballet_shop_maurice_02.jpg\",\"width\":600,\"height\":800,\"caption\":\"Maurice, die mobile Premium-Doppelstange\"},{\"@type\":\"WebSite\",\"@id\":\"https:\\\/\\\/new.dinamicaballet.com\\\/de\\\/#website\",\"url\":\"https:\\\/\\\/new.dinamicaballet.com\\\/de\\\/\",\"name\":\"Dinamica Ballet\",\"description\":\"Especialistas en barras de ballet y espejos para la danza\",\"publisher\":{\"@id\":\"https:\\\/\\\/new.dinamicaballet.com\\\/de\\\/#organization\"},\"potentialAction\":[{\"@type\":\"SearchAction\",\"target\":{\"@type\":\"EntryPoint\",\"urlTemplate\":\"https:\\\/\\\/new.dinamicaballet.com\\\/de\\\/?s={search_term_string}\"},\"query-input\":{\"@type\":\"PropertyValueSpecification\",\"valueRequired\":true,\"valueName\":\"search_term_string\"}}],\"inLanguage\":\"de\"},{\"@type\":\"Organization\",\"@id\":\"https:\\\/\\\/new.dinamicaballet.com\\\/de\\\/#organization\",\"name\":\"Dinamica Ballet\",\"url\":\"https:\\\/\\\/new.dinamicaballet.com\\\/de\\\/\",\"logo\":{\"@type\":\"ImageObject\",\"inLanguage\":\"de\",\"@id\":\"https:\\\/\\\/new.dinamicaballet.com\\\/de\\\/#\\\/schema\\\/logo\\\/image\\\/\",\"url\":\"https:\\\/\\\/new.dinamicaballet.com\\\/wp-content\\\/uploads\\\/2022\\\/03\\\/logo_dinamica_ballet.svg\",\"contentUrl\":\"https:\\\/\\\/new.dinamicaballet.com\\\/wp-content\\\/uploads\\\/2022\\\/03\\\/logo_dinamica_ballet.svg\",\"width\":284,\"height\":51,\"caption\":\"Dinamica Ballet\"},\"image\":{\"@id\":\"https:\\\/\\\/new.dinamicaballet.com\\\/de\\\/#\\\/schema\\\/logo\\\/image\\\/\"},\"sameAs\":[\"https:\\\/\\\/www.facebook.com\\\/dinamicaballet\",\"https:\\\/\\\/www.instagram.com\\\/dinamicaballet\\\/\",\"http:\\\/\\\/www.linkedin.com\\\/company\\\/dinamica-ballet\",\"https:\\\/\\\/www.pinterest.com\\\/DinamicaBallet\\\/\"]}]}<\/script>\n<!-- \/ Yoast SEO plugin. -->","yoast_head_json":{"title":"Mobile Premium-Doppelstange Maurice | Online-Shop","description":"Die Maurice ist eine mobile Doppel Ballettstange mit Sockeln aus Gusseisen f\u00fcr Spezialisten entwickelt.","robots":{"index":"noindex","follow":"follow","max-snippet":"max-snippet:-1","max-image-preview":"max-image-preview:large","max-video-preview":"max-video-preview:-1"},"og_locale":"de_DE","og_type":"article","og_title":"Mobile Premium-Doppelstange Maurice | Online-Shop","og_description":"Die Maurice ist eine mobile Doppel Ballettstange mit Sockeln aus Gusseisen f\u00fcr Spezialisten entwickelt.","og_url":"https:\/\/new.dinamicaballet.com\/de\/producto\/maurice-die-mobile-premium-doppelstange\/","og_site_name":"Dinamica Ballet","article_publisher":"https:\/\/www.facebook.com\/dinamicaballet","article_modified_time":"2024-09-25T12:30:09+00:00","og_image":[{"width":600,"height":800,"url":"https:\/\/new.dinamicaballet.com\/wp-content\/uploads\/2020\/12\/dinamica_ballet_shop_maurice_02.jpg","type":"image\/jpeg"}],"twitter_card":"summary_large_image","twitter_misc":{"Gesch\u00e4tzte Lesezeit":"2\u00a0Minuten"},"schema":{"@context":"https:\/\/schema.org","@graph":[{"@type":"WebPage","@id":"https:\/\/new.dinamicaballet.com\/de\/producto\/maurice-die-mobile-premium-doppelstange\/","url":"https:\/\/new.dinamicaballet.com\/de\/producto\/maurice-die-mobile-premium-doppelstange\/","name":"Mobile Premium-Doppelstange Maurice | Online-Shop","isPartOf":{"@id":"https:\/\/new.dinamicaballet.com\/de\/#website"},"primaryImageOfPage":{"@id":"https:\/\/new.dinamicaballet.com\/de\/producto\/maurice-die-mobile-premium-doppelstange\/#primaryimage"},"image":{"@id":"https:\/\/new.dinamicaballet.com\/de\/producto\/maurice-die-mobile-premium-doppelstange\/#primaryimage"},"thumbnailUrl":"https:\/\/new.dinamicaballet.com\/wp-content\/uploads\/2020\/12\/dinamica_ballet_shop_maurice_02.jpg","datePublished":"2020-12-03T16:24:54+00:00","dateModified":"2024-09-25T12:30:09+00:00","description":"Die Maurice ist eine mobile Doppel Ballettstange mit Sockeln aus Gusseisen f\u00fcr Spezialisten entwickelt.","inLanguage":"de","potentialAction":[{"@type":"ReadAction","target":["https:\/\/new.dinamicaballet.com\/de\/producto\/maurice-die-mobile-premium-doppelstange\/"]}]},{"@type":"ImageObject","inLanguage":"de","@id":"https:\/\/new.dinamicaballet.com\/de\/producto\/maurice-die-mobile-premium-doppelstange\/#primaryimage","url":"https:\/\/new.dinamicaballet.com\/wp-content\/uploads\/2020\/12\/dinamica_ballet_shop_maurice_02.jpg","contentUrl":"https:\/\/new.dinamicaballet.com\/wp-content\/uploads\/2020\/12\/dinamica_ballet_shop_maurice_02.jpg","width":600,"height":800,"caption":"Maurice, die mobile Premium-Doppelstange"},{"@type":"WebSite","@id":"https:\/\/new.dinamicaballet.com\/de\/#website","url":"https:\/\/new.dinamicaballet.com\/de\/","name":"Dinamica Ballet","description":"Especialistas en barras de ballet y espejos para la danza","publisher":{"@id":"https:\/\/new.dinamicaballet.com\/de\/#organization"},"potentialAction":[{"@type":"SearchAction","target":{"@type":"EntryPoint","urlTemplate":"https:\/\/new.dinamicaballet.com\/de\/?s={search_term_string}"},"query-input":{"@type":"PropertyValueSpecification","valueRequired":true,"valueName":"search_term_string"}}],"inLanguage":"de"},{"@type":"Organization","@id":"https:\/\/new.dinamicaballet.com\/de\/#organization","name":"Dinamica Ballet","url":"https:\/\/new.dinamicaballet.com\/de\/","logo":{"@type":"ImageObject","inLanguage":"de","@id":"https:\/\/new.dinamicaballet.com\/de\/#\/schema\/logo\/image\/","url":"https:\/\/new.dinamicaballet.com\/wp-content\/uploads\/2022\/03\/logo_dinamica_ballet.svg","contentUrl":"https:\/\/new.dinamicaballet.com\/wp-content\/uploads\/2022\/03\/logo_dinamica_ballet.svg","width":284,"height":51,"caption":"Dinamica Ballet"},"image":{"@id":"https:\/\/new.dinamicaballet.com\/de\/#\/schema\/logo\/image\/"},"sameAs":["https:\/\/www.facebook.com\/dinamicaballet","https:\/\/www.instagram.com\/dinamicaballet\/","http:\/\/www.linkedin.com\/company\/dinamica-ballet","https:\/\/www.pinterest.com\/DinamicaBallet\/"]}]}},"taxonomy_info":{"product_cat":[{"value":174,"label":"Mobile Ballettstangen"},{"value":196,"label":"Premium-Ballettstangen"},{"value":186,"label":"Zwei Holzstangen"}],"product_tag":[{"value":177,"label":"movil"}]},"featured_image_src_large":["https:\/\/new.dinamicaballet.com\/wp-content\/uploads\/2020\/12\/dinamica_ballet_shop_maurice_02.jpg",600,800,false],"author_info":[],"comment_info":"","_links":{"self":[{"href":"https:\/\/new.dinamicaballet.com\/de\/wp-json\/wp\/v2\/product\/8077","targetHints":{"allow":["GET"]}}],"collection":[{"href":"https:\/\/new.dinamicaballet.com\/de\/wp-json\/wp\/v2\/product"}],"about":[{"href":"https:\/\/new.dinamicaballet.com\/de\/wp-json\/wp\/v2\/types\/product"}],"wp:featuredmedia":[{"embeddable":true,"href":"https:\/\/new.dinamicaballet.com\/de\/wp-json\/wp\/v2\/media\/8079"}],"wp:attachment":[{"href":"https:\/\/new.dinamicaballet.com\/de\/wp-json\/wp\/v2\/media?parent=8077"}],"wp:term":[{"taxonomy":"product_brand","embeddable":true,"href":"https:\/\/new.dinamicaballet.com\/de\/wp-json\/wp\/v2\/product_brand?post=8077"},{"taxonomy":"product_cat","embeddable":true,"href":"https:\/\/new.dinamicaballet.com\/de\/wp-json\/wp\/v2\/product_cat?post=8077"},{"taxonomy":"product_tag","embeddable":true,"href":"https:\/\/new.dinamicaballet.com\/de\/wp-json\/wp\/v2\/product_tag?post=8077"}],"curies":[{"name":"wp","href":"https:\/\/api.w.org\/{rel}","templated":true}]}}