{"id":8031,"date":"2020-12-03T16:24:53","date_gmt":"2020-12-03T16:24:53","guid":{"rendered":"https:\/\/www.dinamicaballet.com\/producto\/pina-die-mobile-doppelstange\/"},"modified":"2024-09-25T11:29:23","modified_gmt":"2024-09-25T10:29:23","slug":"pina-die-mobile-doppelstange","status":"publish","type":"product","link":"https:\/\/new.dinamicaballet.com\/de\/producto\/pina-die-mobile-doppelstange\/","title":{"rendered":"Doppelstange f\u00fcr Profis Pina"},"content":{"rendered":"<h3><strong>Eine Ballettstange zum Unterricht unterschiedlicher Altersstufen<\/strong><\/h3>\n<p>Die beiden im Abstand von 19 cm zueinander angeordneten Holzstangen erm\u00f6glichen es T\u00e4nzerinnen und T\u00e4nzern unterschiedlicher Gr\u00f6\u00dfe und Statur, gemeinsam zu trainieren. Auf diese Weise k\u00f6nnen Gruppen mit Sch\u00fclern unterschiedlichen Alters zusammengestellt werden. Der Aufbau der zylindrischen Stangenfassungen von Dinamica Ballet sorgt daf\u00fcr, dass sich die auf die Stangen einwirkenden Kr\u00e4fte gleichm\u00e4\u00dfig auf die gesamte Anlage verteilen. Von der Polytechnischen Universit\u00e4t von Barcelona durchgef\u00fchrte Materialpr\u00fcfungen bescheinigen den genutzten Materialien ungeminderte Tragkraft bei Belastungen bis nahezu 400 kg.<\/p>\n<h3><strong>Die Sockel: flach oder mit Rollen. Flexibilit\u00e4t f\u00fcr Ihr Ballettstudio<\/strong><\/h3>\n<p>Die mobile Ballettstange Pina z\u00e4hlt zum Profi-Sortiment von Dinamica Ballet. Die Stahlsockel sind in zwei Ausf\u00fchrungen verf\u00fcgbar: die leichtere Option verf\u00fcgt \u00fcber ein Gewicht von 10 kg und kommt ohne Rollen aus, der wuchtigere Sockel mit einem Gewicht von 20 kg ist mit Rollen ausgestattet. Diese Ausf\u00fchrung vereint hohe Stabilit\u00e4t mit besonders guter Transportf\u00e4higkeit. Zum Verschieben wird die Ballettstange in einem Winkel von 45 Grad geneigt, sodass die Gummirollen am Boden aufliegen. In der Ausf\u00fchrung mit flachen Sockeln ohne Rollen l\u00e4sst sich die Ballettstange zum Umstellen anheben, sodass die Sockel den Boden beim Transport nicht ber\u00fchren. Beide Sockeltypen sind mit bodenfreundlichen PVC-Kappen ausger\u00fcstet, die selbst Parkett vor Sch\u00e4den sch\u00fctzen. Wer Tourneen plant oder die Konfiguration des Trainingsraums h\u00e4ufig ver\u00e4ndert, dem kommen Sockeln mit Rollen zweifellos zugute. Wer die Ballettstange nur hin und wieder umstellt, kommt sicher ohne Gummirollen aus. Zwei Personen reichen zum Anheben und Tragen der Ballettstange mit flachen Sockeln aus. Die Ausf\u00fchrung mit Rollen kommt mit einer Holzstange von 2 m L\u00e4nge auf ein Gesamtgewicht von 52 kg, w\u00e4hrend die Anlage mit flachen Sockeln ohne Rollen insgesamt 36 kg wiegt.<\/p>\n<h3><strong>Stahl und Holz, die perfekte Kombination f\u00fcr hervorragende Ballettstangen<\/strong><\/h3>\n<p>Die Ballettstangen von Dinamica Ballet sind aus dem Holz der Terpentin-Kiefer gefertigt, einem wertvollen Rohstoff aus nachhaltiger Forstwirtschaft, der \u00fcber eine hohe Dichte verf\u00fcgt. Deshalb sind unsere Stangen so belastbar und bieten die f\u00fcr fortgeschrittene \u00dcbungen erforderliche Elastizit\u00e4t. Bei unseren gr\u00fcndlichen polierten Ballettstangen wird auf eine Lackierung zugunsten der hervorragenden Griffigkeit und der nat\u00fcrlichen Sch\u00f6nheit des Holzes verzichtet. Die Fassungen umschlie\u00dfen die Stange vollst\u00e4ndig und sorgen ganz ohne Bohrungen f\u00fcr sicheren, festen Halt. Das gew\u00e4hrleistet nicht nur die einfache Montage, sondern auch zahllose Stunden sorgenfreien Unterrichtens und Trainierens. Sowohl die Sockel als auch die Fassungen sind aus hochwertigem Stahl gefertigt und verf\u00fcgen \u00fcber eine widerstandsf\u00e4hige, kratzfeste PE-Beschichtung in Silber. Die Pina ist mit Stangen einer L\u00e4nge von 2 m und 3 m verf\u00fcgbar.<\/p>\n<a href=\"https:\/\/new.dinamicaballet.com\/wp-content\/uploads\/2021\/05\/FT-PINA-0421-4.pdf\" class=\"su-button su-button-style-default\" style=\"color:#006B7C;background-color:#FFF2D5;border-color:#ccc2ab;border-radius:5px\" target=\"_blank\" rel=\"noopener noreferrer\"><span style=\"color:#006B7C;padding:0px 16px;font-size:13px;line-height:26px;border-color:#fff6e2;border-radius:5px;text-shadow:none\"> Technische Details zum Download<\/span><\/a> <a href=\"https:\/\/new.dinamicaballet.com\/wp-content\/uploads\/2021\/07\/Instruccions-Pina.pdf\" class=\"su-button su-button-style-default\" style=\"color:#006B7C;background-color:#FFF2D5;border-color:#ccc2ab;border-radius:5px\" target=\"_blank\" rel=\"noopener noreferrer\"><span style=\"color:#006B7C;padding:0px 16px;font-size:13px;line-height:26px;border-color:#fff6e2;border-radius:5px;text-shadow:none\"> Download der Montageanleitung<\/span><\/a>\n<p>&nbsp;<\/p>\n<div class=\"su-youtube su-u-responsive-media-yes\"><iframe loading=\"lazy\" width=\"600\" height=\"400\" src=\"https:\/\/www.youtube.com\/embed\/CsouGLn98YY?autohide=2&amp;autoplay=0&amp;mute=1&amp;controls=1&amp;fs=1&amp;loop=0&amp;modestbranding=0&amp;rel=1&amp;showinfo=1&amp;theme=dark&amp;wmode=&amp;playsinline=0\" frameborder=\"0\" allowfullscreen allow=\"autoplay; encrypted-media; picture-in-picture\" title=\"Doppelstange f\u00fcr Profis Pina Dinamica Ballet\"><\/iframe><\/div>\n","protected":false},"excerpt":{"rendered":"<p>Die Pina ist eine mobile Doppelstange aus dem Dinamica Ballet Profi-Sortiment. Die beiden Holzstangen sind parallel zueinander auf einer H\u00f6he von 102 und 79,5 cm angeordnet. Seit \u00fcber zehn Jahren auf dem Markt, hat sich die Pina als eines der am h\u00e4ufigsten in Ballettschulen rund um den Erdball genutzten Modelle bew\u00e4hrt, denn Doppelstangen sind \u00fcberall dort von Vorteil, wo T\u00e4nzerinnen und T\u00e4nzer unterschiedlicher Altersstufen und K\u00f6rpergr\u00f6\u00dfe unterrichtet werden. Verf\u00fcgbar mit flachen Sockeln oder Sockeln mit Rollen, bietet diese leistungsstarke Ballettstange viel Flexibilit\u00e4t f\u00fcr Ihre Unterrichts und Trainingseinheiten.<\/p>\n<p><strong>VERSANDKOSTEN UND STEUERN INBEGRIFFEN<\/strong><\/p>\n","protected":false},"featured_media":8044,"template":"","meta":{"_editorskit_title_hidden":false,"_editorskit_reading_time":0,"_editorskit_is_block_options_detached":false,"_editorskit_block_options_position":"{}","inline_featured_image":false,"_kad_blocks_custom_css":"","_kad_blocks_head_custom_js":"","_kad_blocks_body_custom_js":"","_kad_blocks_footer_custom_js":""},"product_brand":[],"product_cat":[185,174,186],"product_tag":[177],"class_list":{"0":"post-8031","1":"product","2":"type-product","3":"status-publish","4":"has-post-thumbnail","6":"product_cat-ballettstangen-fur-profis","7":"product_cat-mobile-ballettstangen","8":"product_cat-zwei-holzstangen","9":"product_tag-movil-de","10":"post","11":"with-featured-image","13":"first","14":"instock","15":"taxable","16":"shipping-taxable","17":"purchasable","18":"product-type-variable"},"yoast_head":"<!-- This site is optimized with the Yoast SEO plugin v27.4 - https:\/\/yoast.com\/product\/yoast-seo-wordpress\/ -->\n<title>Mobile Doppelstange f\u00fcr Profis | Online-Shop |\u00a0Dinamica Ballet<\/title>\n<meta name=\"description\" content=\"Hat sich die Ballettstange Pina als eines der am h\u00e4ufigsten in Ballettschulen rund um den Erdball genutzten Modelle bew\u00e4hrt\" \/>\n<meta name=\"robots\" content=\"noindex, follow, max-snippet:-1, max-image-preview:large, max-video-preview:-1\" \/>\n<meta property=\"og:locale\" content=\"de_DE\" \/>\n<meta property=\"og:type\" content=\"article\" \/>\n<meta property=\"og:title\" content=\"Mobile Doppelstange f\u00fcr Profis | Online-Shop |\u00a0Dinamica Ballet\" \/>\n<meta property=\"og:description\" content=\"Hat sich die Ballettstange Pina als eines der am h\u00e4ufigsten in Ballettschulen rund um den Erdball genutzten Modelle bew\u00e4hrt\" \/>\n<meta property=\"og:url\" content=\"https:\/\/new.dinamicaballet.com\/de\/producto\/pina-die-mobile-doppelstange\/\" \/>\n<meta property=\"og:site_name\" content=\"Dinamica Ballet\" \/>\n<meta property=\"article:publisher\" content=\"https:\/\/www.facebook.com\/dinamicaballet\" \/>\n<meta property=\"article:modified_time\" content=\"2024-09-25T10:29:23+00:00\" \/>\n<meta property=\"og:image\" content=\"https:\/\/new.dinamicaballet.com\/wp-content\/uploads\/2020\/12\/dinamica_ballet_shop_pinamovil_01.jpg\" \/>\n\t<meta property=\"og:image:width\" content=\"600\" \/>\n\t<meta property=\"og:image:height\" content=\"800\" \/>\n\t<meta property=\"og:image:type\" content=\"image\/jpeg\" \/>\n<meta name=\"twitter:card\" content=\"summary_large_image\" \/>\n<meta name=\"twitter:label1\" content=\"Gesch\u00e4tzte Lesezeit\" \/>\n\t<meta name=\"twitter:data1\" content=\"3\u00a0Minuten\" \/>\n<script type=\"application\/ld+json\" class=\"yoast-schema-graph\">{\"@context\":\"https:\\\/\\\/schema.org\",\"@graph\":[{\"@type\":\"WebPage\",\"@id\":\"https:\\\/\\\/new.dinamicaballet.com\\\/de\\\/producto\\\/pina-die-mobile-doppelstange\\\/\",\"url\":\"https:\\\/\\\/new.dinamicaballet.com\\\/de\\\/producto\\\/pina-die-mobile-doppelstange\\\/\",\"name\":\"Mobile Doppelstange f\u00fcr Profis | Online-Shop |\u00a0Dinamica Ballet\",\"isPartOf\":{\"@id\":\"https:\\\/\\\/new.dinamicaballet.com\\\/de\\\/#website\"},\"primaryImageOfPage\":{\"@id\":\"https:\\\/\\\/new.dinamicaballet.com\\\/de\\\/producto\\\/pina-die-mobile-doppelstange\\\/#primaryimage\"},\"image\":{\"@id\":\"https:\\\/\\\/new.dinamicaballet.com\\\/de\\\/producto\\\/pina-die-mobile-doppelstange\\\/#primaryimage\"},\"thumbnailUrl\":\"https:\\\/\\\/new.dinamicaballet.com\\\/wp-content\\\/uploads\\\/2020\\\/12\\\/dinamica_ballet_shop_pinamovil_01.jpg\",\"datePublished\":\"2020-12-03T16:24:53+00:00\",\"dateModified\":\"2024-09-25T10:29:23+00:00\",\"description\":\"Hat sich die Ballettstange Pina als eines der am h\u00e4ufigsten in Ballettschulen rund um den Erdball genutzten Modelle bew\u00e4hrt\",\"inLanguage\":\"de\",\"potentialAction\":[{\"@type\":\"ReadAction\",\"target\":[\"https:\\\/\\\/new.dinamicaballet.com\\\/de\\\/producto\\\/pina-die-mobile-doppelstange\\\/\"]}]},{\"@type\":\"ImageObject\",\"inLanguage\":\"de\",\"@id\":\"https:\\\/\\\/new.dinamicaballet.com\\\/de\\\/producto\\\/pina-die-mobile-doppelstange\\\/#primaryimage\",\"url\":\"https:\\\/\\\/new.dinamicaballet.com\\\/wp-content\\\/uploads\\\/2020\\\/12\\\/dinamica_ballet_shop_pinamovil_01.jpg\",\"contentUrl\":\"https:\\\/\\\/new.dinamicaballet.com\\\/wp-content\\\/uploads\\\/2020\\\/12\\\/dinamica_ballet_shop_pinamovil_01.jpg\",\"width\":600,\"height\":800,\"caption\":\"Pina, die mobile Doppelstange\"},{\"@type\":\"WebSite\",\"@id\":\"https:\\\/\\\/new.dinamicaballet.com\\\/de\\\/#website\",\"url\":\"https:\\\/\\\/new.dinamicaballet.com\\\/de\\\/\",\"name\":\"Dinamica Ballet\",\"description\":\"Especialistas en barras de ballet y espejos para la danza\",\"publisher\":{\"@id\":\"https:\\\/\\\/new.dinamicaballet.com\\\/de\\\/#organization\"},\"potentialAction\":[{\"@type\":\"SearchAction\",\"target\":{\"@type\":\"EntryPoint\",\"urlTemplate\":\"https:\\\/\\\/new.dinamicaballet.com\\\/de\\\/?s={search_term_string}\"},\"query-input\":{\"@type\":\"PropertyValueSpecification\",\"valueRequired\":true,\"valueName\":\"search_term_string\"}}],\"inLanguage\":\"de\"},{\"@type\":\"Organization\",\"@id\":\"https:\\\/\\\/new.dinamicaballet.com\\\/de\\\/#organization\",\"name\":\"Dinamica Ballet\",\"url\":\"https:\\\/\\\/new.dinamicaballet.com\\\/de\\\/\",\"logo\":{\"@type\":\"ImageObject\",\"inLanguage\":\"de\",\"@id\":\"https:\\\/\\\/new.dinamicaballet.com\\\/de\\\/#\\\/schema\\\/logo\\\/image\\\/\",\"url\":\"https:\\\/\\\/new.dinamicaballet.com\\\/wp-content\\\/uploads\\\/2022\\\/03\\\/logo_dinamica_ballet.svg\",\"contentUrl\":\"https:\\\/\\\/new.dinamicaballet.com\\\/wp-content\\\/uploads\\\/2022\\\/03\\\/logo_dinamica_ballet.svg\",\"width\":284,\"height\":51,\"caption\":\"Dinamica Ballet\"},\"image\":{\"@id\":\"https:\\\/\\\/new.dinamicaballet.com\\\/de\\\/#\\\/schema\\\/logo\\\/image\\\/\"},\"sameAs\":[\"https:\\\/\\\/www.facebook.com\\\/dinamicaballet\",\"https:\\\/\\\/www.instagram.com\\\/dinamicaballet\\\/\",\"http:\\\/\\\/www.linkedin.com\\\/company\\\/dinamica-ballet\",\"https:\\\/\\\/www.pinterest.com\\\/DinamicaBallet\\\/\"]}]}<\/script>\n<!-- \/ Yoast SEO plugin. -->","yoast_head_json":{"title":"Mobile Doppelstange f\u00fcr Profis | Online-Shop |\u00a0Dinamica Ballet","description":"Hat sich die Ballettstange Pina als eines der am h\u00e4ufigsten in Ballettschulen rund um den Erdball genutzten Modelle bew\u00e4hrt","robots":{"index":"noindex","follow":"follow","max-snippet":"max-snippet:-1","max-image-preview":"max-image-preview:large","max-video-preview":"max-video-preview:-1"},"og_locale":"de_DE","og_type":"article","og_title":"Mobile Doppelstange f\u00fcr Profis | Online-Shop |\u00a0Dinamica Ballet","og_description":"Hat sich die Ballettstange Pina als eines der am h\u00e4ufigsten in Ballettschulen rund um den Erdball genutzten Modelle bew\u00e4hrt","og_url":"https:\/\/new.dinamicaballet.com\/de\/producto\/pina-die-mobile-doppelstange\/","og_site_name":"Dinamica Ballet","article_publisher":"https:\/\/www.facebook.com\/dinamicaballet","article_modified_time":"2024-09-25T10:29:23+00:00","og_image":[{"width":600,"height":800,"url":"https:\/\/new.dinamicaballet.com\/wp-content\/uploads\/2020\/12\/dinamica_ballet_shop_pinamovil_01.jpg","type":"image\/jpeg"}],"twitter_card":"summary_large_image","twitter_misc":{"Gesch\u00e4tzte Lesezeit":"3\u00a0Minuten"},"schema":{"@context":"https:\/\/schema.org","@graph":[{"@type":"WebPage","@id":"https:\/\/new.dinamicaballet.com\/de\/producto\/pina-die-mobile-doppelstange\/","url":"https:\/\/new.dinamicaballet.com\/de\/producto\/pina-die-mobile-doppelstange\/","name":"Mobile Doppelstange f\u00fcr Profis | Online-Shop |\u00a0Dinamica Ballet","isPartOf":{"@id":"https:\/\/new.dinamicaballet.com\/de\/#website"},"primaryImageOfPage":{"@id":"https:\/\/new.dinamicaballet.com\/de\/producto\/pina-die-mobile-doppelstange\/#primaryimage"},"image":{"@id":"https:\/\/new.dinamicaballet.com\/de\/producto\/pina-die-mobile-doppelstange\/#primaryimage"},"thumbnailUrl":"https:\/\/new.dinamicaballet.com\/wp-content\/uploads\/2020\/12\/dinamica_ballet_shop_pinamovil_01.jpg","datePublished":"2020-12-03T16:24:53+00:00","dateModified":"2024-09-25T10:29:23+00:00","description":"Hat sich die Ballettstange Pina als eines der am h\u00e4ufigsten in Ballettschulen rund um den Erdball genutzten Modelle bew\u00e4hrt","inLanguage":"de","potentialAction":[{"@type":"ReadAction","target":["https:\/\/new.dinamicaballet.com\/de\/producto\/pina-die-mobile-doppelstange\/"]}]},{"@type":"ImageObject","inLanguage":"de","@id":"https:\/\/new.dinamicaballet.com\/de\/producto\/pina-die-mobile-doppelstange\/#primaryimage","url":"https:\/\/new.dinamicaballet.com\/wp-content\/uploads\/2020\/12\/dinamica_ballet_shop_pinamovil_01.jpg","contentUrl":"https:\/\/new.dinamicaballet.com\/wp-content\/uploads\/2020\/12\/dinamica_ballet_shop_pinamovil_01.jpg","width":600,"height":800,"caption":"Pina, die mobile Doppelstange"},{"@type":"WebSite","@id":"https:\/\/new.dinamicaballet.com\/de\/#website","url":"https:\/\/new.dinamicaballet.com\/de\/","name":"Dinamica Ballet","description":"Especialistas en barras de ballet y espejos para la danza","publisher":{"@id":"https:\/\/new.dinamicaballet.com\/de\/#organization"},"potentialAction":[{"@type":"SearchAction","target":{"@type":"EntryPoint","urlTemplate":"https:\/\/new.dinamicaballet.com\/de\/?s={search_term_string}"},"query-input":{"@type":"PropertyValueSpecification","valueRequired":true,"valueName":"search_term_string"}}],"inLanguage":"de"},{"@type":"Organization","@id":"https:\/\/new.dinamicaballet.com\/de\/#organization","name":"Dinamica Ballet","url":"https:\/\/new.dinamicaballet.com\/de\/","logo":{"@type":"ImageObject","inLanguage":"de","@id":"https:\/\/new.dinamicaballet.com\/de\/#\/schema\/logo\/image\/","url":"https:\/\/new.dinamicaballet.com\/wp-content\/uploads\/2022\/03\/logo_dinamica_ballet.svg","contentUrl":"https:\/\/new.dinamicaballet.com\/wp-content\/uploads\/2022\/03\/logo_dinamica_ballet.svg","width":284,"height":51,"caption":"Dinamica Ballet"},"image":{"@id":"https:\/\/new.dinamicaballet.com\/de\/#\/schema\/logo\/image\/"},"sameAs":["https:\/\/www.facebook.com\/dinamicaballet","https:\/\/www.instagram.com\/dinamicaballet\/","http:\/\/www.linkedin.com\/company\/dinamica-ballet","https:\/\/www.pinterest.com\/DinamicaBallet\/"]}]}},"taxonomy_info":{"product_cat":[{"value":185,"label":"Ballettstangen f\u00fcr Profis"},{"value":174,"label":"Mobile Ballettstangen"},{"value":186,"label":"Zwei Holzstangen"}],"product_tag":[{"value":177,"label":"movil"}]},"featured_image_src_large":["https:\/\/new.dinamicaballet.com\/wp-content\/uploads\/2020\/12\/dinamica_ballet_shop_pinamovil_01.jpg",600,800,false],"author_info":[],"comment_info":"","_links":{"self":[{"href":"https:\/\/new.dinamicaballet.com\/de\/wp-json\/wp\/v2\/product\/8031","targetHints":{"allow":["GET"]}}],"collection":[{"href":"https:\/\/new.dinamicaballet.com\/de\/wp-json\/wp\/v2\/product"}],"about":[{"href":"https:\/\/new.dinamicaballet.com\/de\/wp-json\/wp\/v2\/types\/product"}],"wp:featuredmedia":[{"embeddable":true,"href":"https:\/\/new.dinamicaballet.com\/de\/wp-json\/wp\/v2\/media\/8044"}],"wp:attachment":[{"href":"https:\/\/new.dinamicaballet.com\/de\/wp-json\/wp\/v2\/media?parent=8031"}],"wp:term":[{"taxonomy":"product_brand","embeddable":true,"href":"https:\/\/new.dinamicaballet.com\/de\/wp-json\/wp\/v2\/product_brand?post=8031"},{"taxonomy":"product_cat","embeddable":true,"href":"https:\/\/new.dinamicaballet.com\/de\/wp-json\/wp\/v2\/product_cat?post=8031"},{"taxonomy":"product_tag","embeddable":true,"href":"https:\/\/new.dinamicaballet.com\/de\/wp-json\/wp\/v2\/product_tag?post=8031"}],"curies":[{"name":"wp","href":"https:\/\/api.w.org\/{rel}","templated":true}]}}