{"id":8007,"date":"2020-12-03T16:24:53","date_gmt":"2020-12-03T16:24:53","guid":{"rendered":"https:\/\/www.dinamicaballet.com\/producto\/isa-die-mobile-profistange-mit-hohenregulierung\/"},"modified":"2024-09-20T10:42:52","modified_gmt":"2024-09-20T09:42:52","slug":"isa-die-mobile-profistange-mit-hohenregulierung","status":"publish","type":"product","link":"https:\/\/new.dinamicaballet.com\/de\/producto\/isa-die-mobile-profistange-mit-hohenregulierung\/","title":{"rendered":"Profistange mit H\u00f6henregulierung Isa"},"content":{"rendered":"<h3><strong>Eine Stange f\u00fcr alle Niveaus und K\u00f6rpergr\u00f6\u00dfen<\/strong><\/h3>\n<p>Die Isa ist \u00fcberall zu Hause: in Tanzschulen, in Tanzstudios und Ballett-Akademien und auch in Privathaushalten. Mit gro\u00dfz\u00fcgigen 39 cm zwischen der untersten und der obersten Stufe und ihrer dank leistungsf\u00e4higer Stahlsockel hervorragenden Stabilit\u00e4t verleiht die Isa T\u00e4nzerinnen und T\u00e4nzern aller Altersstufen und K\u00f6rpergr\u00f6\u00dfen sicheren Halt beim Aufw\u00e4rmen, Trainieren und Ein\u00fcben. Die Anpassung auf die gew\u00fcnschte Position erfolgt rasch und einfach mit den handlichen Schraubgriffen. Die dem Dinamica Ballet Profi-Sortiment vorbehaltenen Stahlfassungen umschlie\u00dfen die Stange sicher und fest. Bohrungen am Holz sind nicht erforderlich. Das gew\u00e4hrleistet unz\u00e4hlige Stunden sorgenfreien Trainierens.<\/p>\n<h3><strong>Flache Sockel oder Sockel mit Rollen, ganz nach Ihren W\u00fcnschen<\/strong><\/h3>\n<p>Die mobile Ballettstange Isa geh\u00f6rt zum Profi-Sortiment von Dinamica Ballet. Die Stahlsockel sind in zwei Ausf\u00fchrungen verf\u00fcgbar: die leichtere Option verf\u00fcgt \u00fcber ein Gewicht von 10 kg und kommt ohne Rollen aus, die wuchtigere Variante mit einem Gewicht von 20 kg ist mit Rollen ausgestattet. Diese Ausf\u00fchrung vereint hohe Stabilit\u00e4t mit besonders guter Transportf\u00e4higkeit. Zum Verschieben wird die Ballettstange in einem Winkel von 45 Grad geneigt, sodass die Gummirollen am Boden aufliegen. Die flachen Sockel sind so konzipiert, dass die Ballettstange zum Umstellen angehoben werden kann. Beide Sockeltypen sind mit bodenfreundlichen PVC-Kappen ausger\u00fcstet, die selbst Parkett vor Sch\u00e4den sch\u00fctzen. Wer Tourneen plant oder die Konfiguration des Trainingsraums h\u00e4ufig ver\u00e4ndert, dem kommen die mit Rollen versehenen Sockel der Isa sicher zugute. Wird die Ballettstange hingegen nur hin und wieder neu platziert, sind Rollen nicht unbedingt erforderlich. Zwei Personen reichen zum Anheben und Tragen der Ballettstange mit flachen Sockeln aus. Die Ausf\u00fchrung mit Rollen kommt mit einer Holzstange von 2 m L\u00e4nge auf ein Gesamtgewicht von 50 kg. Die Anlage mit flachen Sockeln ohne Rollen wiegt hingegen 31 kg.<\/p>\n<h3><strong>Stahl und Holz, eine bew\u00e4hrte Kombination f\u00fcr den modernen Ballettsaal<\/strong><\/h3>\n<p>Die perfekte Ballettstange ist und bleibt die Holzstange. Die Stangen von Dinamica Ballet sind aus Terpentin-Kiefer gefertigt, einem Holz mit hoher Dichte aus nachhaltiger Forstwirtschaft. Sie sind \u00e4u\u00dferst belastbar und gew\u00e4hrleisten die f\u00fcr fortgeschrittene \u00dcbungen unerl\u00e4ssliche Biegsamkeit. Die gr\u00fcndliche Politur ohne Lackierung verleiht den Stangen hervorragende Griffigkeit und bringt die nat\u00fcrliche Sch\u00f6nheit des Holzes voll zur Geltung. An solchen Stangen wird das Einstudieren und Trainieren zum Vergn\u00fcgen. In Verbindung mit verl\u00e4sslichen und standfesten Stahlsockeln entsteht ein Produkt, auf das Profis und Amateure auf der ganzen Welt schw\u00f6ren.<\/p>\n<a href=\"https:\/\/new.dinamicaballet.com\/wp-content\/uploads\/2021\/05\/FT-ISA-0421-3.pdf\" class=\"su-button su-button-style-default\" style=\"color:#006B7C;background-color:#FFF2D5;border-color:#ccc2ab;border-radius:5px\" target=\"_blank\" rel=\"noopener noreferrer\"><span style=\"color:#006B7C;padding:0px 16px;font-size:13px;line-height:26px;border-color:#fff6e2;border-radius:5px;text-shadow:none\"> Technische Details zum Download<\/span><\/a> <a href=\"https:\/\/new.dinamicaballet.com\/wp-content\/uploads\/2021\/05\/FT-ISA-0421-3.pdf\" class=\"su-button su-button-style-default\" style=\"color:#006B7C;background-color:#FFF2D5;border-color:#ccc2ab;border-radius:5px\" target=\"_blank\" rel=\"noopener noreferrer\"><span style=\"color:#006B7C;padding:0px 16px;font-size:13px;line-height:26px;border-color:#fff6e2;border-radius:5px;text-shadow:none\"> Download der Montageanleitung<\/span><\/a>\n<p>&nbsp;<\/p>\n<div class=\"su-youtube su-u-responsive-media-yes\"><iframe loading=\"lazy\" width=\"600\" height=\"400\" src=\"https:\/\/www.youtube.com\/embed\/5AMBmNO3Afo?autohide=2&amp;autoplay=0&amp;mute=1&amp;controls=1&amp;fs=1&amp;loop=0&amp;modestbranding=0&amp;rel=1&amp;showinfo=1&amp;theme=dark&amp;wmode=&amp;playsinline=0\" frameborder=\"0\" allowfullscreen allow=\"autoplay; encrypted-media; picture-in-picture\" title=\"Profistange mit H\u00f6henregulierung Isa Dinamica Ballet\"><\/iframe><\/div>\n","protected":false},"excerpt":{"rendered":"<p>Die Isa ist die gefragteste h\u00f6henverstellbare Profistange von Dinamica Ballet. Balletprofis und Tanzbegeisterte auf der ganzen Welt schenken dieser auf 14 H\u00f6hen regulierbaren Ballettstange mit flachen Sockeln oder Sockeln mit Rollen ihr vollstes Vertrauen.<\/p>\n<p><strong>VERSANDKOSTEN UND STEUERN INBEGRIFFEN<\/strong><\/p>\n","protected":false},"featured_media":8024,"template":"","meta":{"_editorskit_title_hidden":false,"_editorskit_reading_time":0,"_editorskit_is_block_options_detached":false,"_editorskit_block_options_position":"{}","inline_featured_image":false,"_kad_blocks_custom_css":"","_kad_blocks_head_custom_js":"","_kad_blocks_body_custom_js":"","_kad_blocks_footer_custom_js":""},"product_brand":[],"product_cat":[185,182,174],"product_tag":[177],"class_list":{"0":"post-8007","1":"product","2":"type-product","3":"status-publish","4":"has-post-thumbnail","6":"product_cat-ballettstangen-fur-profis","7":"product_cat-hoehenverstellbaren-ballettstangen","8":"product_cat-mobile-ballettstangen","9":"product_tag-movil-de","10":"post","11":"with-featured-image","13":"first","14":"instock","15":"taxable","16":"shipping-taxable","17":"purchasable","18":"product-type-variable"},"yoast_head":"<!-- This site is optimized with the Yoast SEO plugin v27.4 - https:\/\/yoast.com\/product\/yoast-seo-wordpress\/ -->\n<title>Mobile Profistange mit H\u00f6henregulierung Isa | Online-shop<\/title>\n<meta name=\"description\" content=\"Die Isa ist \u00fcberall zu Hause: in Tanzschulen, in Tanzstudios und Ballett-Akademien und auch in Privathaushalten.\" \/>\n<meta name=\"robots\" content=\"noindex, follow, max-snippet:-1, max-image-preview:large, max-video-preview:-1\" \/>\n<meta property=\"og:locale\" content=\"de_DE\" \/>\n<meta property=\"og:type\" content=\"article\" \/>\n<meta property=\"og:title\" content=\"Mobile Profistange mit H\u00f6henregulierung Isa | Online-shop\" \/>\n<meta property=\"og:description\" content=\"Die Isa ist \u00fcberall zu Hause: in Tanzschulen, in Tanzstudios und Ballett-Akademien und auch in Privathaushalten.\" \/>\n<meta property=\"og:url\" content=\"https:\/\/new.dinamicaballet.com\/de\/producto\/isa-die-mobile-profistange-mit-hohenregulierung\/\" \/>\n<meta property=\"og:site_name\" content=\"Dinamica Ballet\" \/>\n<meta property=\"article:publisher\" content=\"https:\/\/www.facebook.com\/dinamicaballet\" \/>\n<meta property=\"article:modified_time\" content=\"2024-09-20T09:42:52+00:00\" \/>\n<meta property=\"og:image\" content=\"https:\/\/new.dinamicaballet.com\/wp-content\/uploads\/2020\/12\/dinamica_ballet_shop_isa_01.jpg\" \/>\n\t<meta property=\"og:image:width\" content=\"600\" \/>\n\t<meta property=\"og:image:height\" content=\"800\" \/>\n\t<meta property=\"og:image:type\" content=\"image\/jpeg\" \/>\n<meta name=\"twitter:card\" content=\"summary_large_image\" \/>\n<meta name=\"twitter:label1\" content=\"Gesch\u00e4tzte Lesezeit\" \/>\n\t<meta name=\"twitter:data1\" content=\"3\u00a0Minuten\" \/>\n<script type=\"application\/ld+json\" class=\"yoast-schema-graph\">{\"@context\":\"https:\\\/\\\/schema.org\",\"@graph\":[{\"@type\":\"WebPage\",\"@id\":\"https:\\\/\\\/new.dinamicaballet.com\\\/de\\\/producto\\\/isa-die-mobile-profistange-mit-hohenregulierung\\\/\",\"url\":\"https:\\\/\\\/new.dinamicaballet.com\\\/de\\\/producto\\\/isa-die-mobile-profistange-mit-hohenregulierung\\\/\",\"name\":\"Mobile Profistange mit H\u00f6henregulierung Isa | Online-shop\",\"isPartOf\":{\"@id\":\"https:\\\/\\\/new.dinamicaballet.com\\\/de\\\/#website\"},\"primaryImageOfPage\":{\"@id\":\"https:\\\/\\\/new.dinamicaballet.com\\\/de\\\/producto\\\/isa-die-mobile-profistange-mit-hohenregulierung\\\/#primaryimage\"},\"image\":{\"@id\":\"https:\\\/\\\/new.dinamicaballet.com\\\/de\\\/producto\\\/isa-die-mobile-profistange-mit-hohenregulierung\\\/#primaryimage\"},\"thumbnailUrl\":\"https:\\\/\\\/new.dinamicaballet.com\\\/wp-content\\\/uploads\\\/2020\\\/12\\\/dinamica_ballet_shop_isa_01.jpg\",\"datePublished\":\"2020-12-03T16:24:53+00:00\",\"dateModified\":\"2024-09-20T09:42:52+00:00\",\"description\":\"Die Isa ist \u00fcberall zu Hause: in Tanzschulen, in Tanzstudios und Ballett-Akademien und auch in Privathaushalten.\",\"inLanguage\":\"de\",\"potentialAction\":[{\"@type\":\"ReadAction\",\"target\":[\"https:\\\/\\\/new.dinamicaballet.com\\\/de\\\/producto\\\/isa-die-mobile-profistange-mit-hohenregulierung\\\/\"]}]},{\"@type\":\"ImageObject\",\"inLanguage\":\"de\",\"@id\":\"https:\\\/\\\/new.dinamicaballet.com\\\/de\\\/producto\\\/isa-die-mobile-profistange-mit-hohenregulierung\\\/#primaryimage\",\"url\":\"https:\\\/\\\/new.dinamicaballet.com\\\/wp-content\\\/uploads\\\/2020\\\/12\\\/dinamica_ballet_shop_isa_01.jpg\",\"contentUrl\":\"https:\\\/\\\/new.dinamicaballet.com\\\/wp-content\\\/uploads\\\/2020\\\/12\\\/dinamica_ballet_shop_isa_01.jpg\",\"width\":600,\"height\":800,\"caption\":\"Isa, die mobile Profistange mit H\u00f6henregulierung\"},{\"@type\":\"WebSite\",\"@id\":\"https:\\\/\\\/new.dinamicaballet.com\\\/de\\\/#website\",\"url\":\"https:\\\/\\\/new.dinamicaballet.com\\\/de\\\/\",\"name\":\"Dinamica Ballet\",\"description\":\"Especialistas en barras de ballet y espejos para la danza\",\"publisher\":{\"@id\":\"https:\\\/\\\/new.dinamicaballet.com\\\/de\\\/#organization\"},\"potentialAction\":[{\"@type\":\"SearchAction\",\"target\":{\"@type\":\"EntryPoint\",\"urlTemplate\":\"https:\\\/\\\/new.dinamicaballet.com\\\/de\\\/?s={search_term_string}\"},\"query-input\":{\"@type\":\"PropertyValueSpecification\",\"valueRequired\":true,\"valueName\":\"search_term_string\"}}],\"inLanguage\":\"de\"},{\"@type\":\"Organization\",\"@id\":\"https:\\\/\\\/new.dinamicaballet.com\\\/de\\\/#organization\",\"name\":\"Dinamica Ballet\",\"url\":\"https:\\\/\\\/new.dinamicaballet.com\\\/de\\\/\",\"logo\":{\"@type\":\"ImageObject\",\"inLanguage\":\"de\",\"@id\":\"https:\\\/\\\/new.dinamicaballet.com\\\/de\\\/#\\\/schema\\\/logo\\\/image\\\/\",\"url\":\"https:\\\/\\\/new.dinamicaballet.com\\\/wp-content\\\/uploads\\\/2022\\\/03\\\/logo_dinamica_ballet.svg\",\"contentUrl\":\"https:\\\/\\\/new.dinamicaballet.com\\\/wp-content\\\/uploads\\\/2022\\\/03\\\/logo_dinamica_ballet.svg\",\"width\":284,\"height\":51,\"caption\":\"Dinamica Ballet\"},\"image\":{\"@id\":\"https:\\\/\\\/new.dinamicaballet.com\\\/de\\\/#\\\/schema\\\/logo\\\/image\\\/\"},\"sameAs\":[\"https:\\\/\\\/www.facebook.com\\\/dinamicaballet\",\"https:\\\/\\\/www.instagram.com\\\/dinamicaballet\\\/\",\"http:\\\/\\\/www.linkedin.com\\\/company\\\/dinamica-ballet\",\"https:\\\/\\\/www.pinterest.com\\\/DinamicaBallet\\\/\"]}]}<\/script>\n<!-- \/ Yoast SEO plugin. -->","yoast_head_json":{"title":"Mobile Profistange mit H\u00f6henregulierung Isa | Online-shop","description":"Die Isa ist \u00fcberall zu Hause: in Tanzschulen, in Tanzstudios und Ballett-Akademien und auch in Privathaushalten.","robots":{"index":"noindex","follow":"follow","max-snippet":"max-snippet:-1","max-image-preview":"max-image-preview:large","max-video-preview":"max-video-preview:-1"},"og_locale":"de_DE","og_type":"article","og_title":"Mobile Profistange mit H\u00f6henregulierung Isa | Online-shop","og_description":"Die Isa ist \u00fcberall zu Hause: in Tanzschulen, in Tanzstudios und Ballett-Akademien und auch in Privathaushalten.","og_url":"https:\/\/new.dinamicaballet.com\/de\/producto\/isa-die-mobile-profistange-mit-hohenregulierung\/","og_site_name":"Dinamica Ballet","article_publisher":"https:\/\/www.facebook.com\/dinamicaballet","article_modified_time":"2024-09-20T09:42:52+00:00","og_image":[{"width":600,"height":800,"url":"https:\/\/new.dinamicaballet.com\/wp-content\/uploads\/2020\/12\/dinamica_ballet_shop_isa_01.jpg","type":"image\/jpeg"}],"twitter_card":"summary_large_image","twitter_misc":{"Gesch\u00e4tzte Lesezeit":"3\u00a0Minuten"},"schema":{"@context":"https:\/\/schema.org","@graph":[{"@type":"WebPage","@id":"https:\/\/new.dinamicaballet.com\/de\/producto\/isa-die-mobile-profistange-mit-hohenregulierung\/","url":"https:\/\/new.dinamicaballet.com\/de\/producto\/isa-die-mobile-profistange-mit-hohenregulierung\/","name":"Mobile Profistange mit H\u00f6henregulierung Isa | Online-shop","isPartOf":{"@id":"https:\/\/new.dinamicaballet.com\/de\/#website"},"primaryImageOfPage":{"@id":"https:\/\/new.dinamicaballet.com\/de\/producto\/isa-die-mobile-profistange-mit-hohenregulierung\/#primaryimage"},"image":{"@id":"https:\/\/new.dinamicaballet.com\/de\/producto\/isa-die-mobile-profistange-mit-hohenregulierung\/#primaryimage"},"thumbnailUrl":"https:\/\/new.dinamicaballet.com\/wp-content\/uploads\/2020\/12\/dinamica_ballet_shop_isa_01.jpg","datePublished":"2020-12-03T16:24:53+00:00","dateModified":"2024-09-20T09:42:52+00:00","description":"Die Isa ist \u00fcberall zu Hause: in Tanzschulen, in Tanzstudios und Ballett-Akademien und auch in Privathaushalten.","inLanguage":"de","potentialAction":[{"@type":"ReadAction","target":["https:\/\/new.dinamicaballet.com\/de\/producto\/isa-die-mobile-profistange-mit-hohenregulierung\/"]}]},{"@type":"ImageObject","inLanguage":"de","@id":"https:\/\/new.dinamicaballet.com\/de\/producto\/isa-die-mobile-profistange-mit-hohenregulierung\/#primaryimage","url":"https:\/\/new.dinamicaballet.com\/wp-content\/uploads\/2020\/12\/dinamica_ballet_shop_isa_01.jpg","contentUrl":"https:\/\/new.dinamicaballet.com\/wp-content\/uploads\/2020\/12\/dinamica_ballet_shop_isa_01.jpg","width":600,"height":800,"caption":"Isa, die mobile Profistange mit H\u00f6henregulierung"},{"@type":"WebSite","@id":"https:\/\/new.dinamicaballet.com\/de\/#website","url":"https:\/\/new.dinamicaballet.com\/de\/","name":"Dinamica Ballet","description":"Especialistas en barras de ballet y espejos para la danza","publisher":{"@id":"https:\/\/new.dinamicaballet.com\/de\/#organization"},"potentialAction":[{"@type":"SearchAction","target":{"@type":"EntryPoint","urlTemplate":"https:\/\/new.dinamicaballet.com\/de\/?s={search_term_string}"},"query-input":{"@type":"PropertyValueSpecification","valueRequired":true,"valueName":"search_term_string"}}],"inLanguage":"de"},{"@type":"Organization","@id":"https:\/\/new.dinamicaballet.com\/de\/#organization","name":"Dinamica Ballet","url":"https:\/\/new.dinamicaballet.com\/de\/","logo":{"@type":"ImageObject","inLanguage":"de","@id":"https:\/\/new.dinamicaballet.com\/de\/#\/schema\/logo\/image\/","url":"https:\/\/new.dinamicaballet.com\/wp-content\/uploads\/2022\/03\/logo_dinamica_ballet.svg","contentUrl":"https:\/\/new.dinamicaballet.com\/wp-content\/uploads\/2022\/03\/logo_dinamica_ballet.svg","width":284,"height":51,"caption":"Dinamica Ballet"},"image":{"@id":"https:\/\/new.dinamicaballet.com\/de\/#\/schema\/logo\/image\/"},"sameAs":["https:\/\/www.facebook.com\/dinamicaballet","https:\/\/www.instagram.com\/dinamicaballet\/","http:\/\/www.linkedin.com\/company\/dinamica-ballet","https:\/\/www.pinterest.com\/DinamicaBallet\/"]}]}},"taxonomy_info":{"product_cat":[{"value":185,"label":"Ballettstangen f\u00fcr Profis"},{"value":182,"label":"H\u00f6henverstellbaren Ballettstangen"},{"value":174,"label":"Mobile Ballettstangen"}],"product_tag":[{"value":177,"label":"movil"}]},"featured_image_src_large":["https:\/\/new.dinamicaballet.com\/wp-content\/uploads\/2020\/12\/dinamica_ballet_shop_isa_01.jpg",600,800,false],"author_info":[],"comment_info":"","_links":{"self":[{"href":"https:\/\/new.dinamicaballet.com\/de\/wp-json\/wp\/v2\/product\/8007","targetHints":{"allow":["GET"]}}],"collection":[{"href":"https:\/\/new.dinamicaballet.com\/de\/wp-json\/wp\/v2\/product"}],"about":[{"href":"https:\/\/new.dinamicaballet.com\/de\/wp-json\/wp\/v2\/types\/product"}],"wp:featuredmedia":[{"embeddable":true,"href":"https:\/\/new.dinamicaballet.com\/de\/wp-json\/wp\/v2\/media\/8024"}],"wp:attachment":[{"href":"https:\/\/new.dinamicaballet.com\/de\/wp-json\/wp\/v2\/media?parent=8007"}],"wp:term":[{"taxonomy":"product_brand","embeddable":true,"href":"https:\/\/new.dinamicaballet.com\/de\/wp-json\/wp\/v2\/product_brand?post=8007"},{"taxonomy":"product_cat","embeddable":true,"href":"https:\/\/new.dinamicaballet.com\/de\/wp-json\/wp\/v2\/product_cat?post=8007"},{"taxonomy":"product_tag","embeddable":true,"href":"https:\/\/new.dinamicaballet.com\/de\/wp-json\/wp\/v2\/product_tag?post=8007"}],"curies":[{"name":"wp","href":"https:\/\/api.w.org\/{rel}","templated":true}]}}