{"id":7983,"date":"2020-12-03T16:24:54","date_gmt":"2020-12-03T16:24:54","guid":{"rendered":"https:\/\/www.dinamicaballet.com\/producto\/avant-die-mobile-ballettstange-fur-profis\/"},"modified":"2025-05-16T11:10:03","modified_gmt":"2025-05-16T10:10:03","slug":"avant-die-mobile-ballettstange-fur-profis","status":"publish","type":"product","link":"https:\/\/new.dinamicaballet.com\/de\/producto\/avant-die-mobile-ballettstange-fur-profis\/","title":{"rendered":"Ballettstange f\u00fcr Profis Avant"},"content":{"rendered":"<h3><strong>Estabilidad y resistencia profesional<\/strong><\/h3>\n<p>El dise\u00f1o exclusivo de los soportes de nuestra gama profesional distribuye la presi\u00f3n que ejerce la bailarina sobre la barra de madera, y las bases de acero aportan gran estabilidad al conjunto. Hemos realizado estudios en el laboratorio de elasticidad de materiales de la Universidad Polit\u00e9cnica de Catalunya que prueban resistencia a fuerzas de casi 400 kg. La Avant se ha convertido en una barra reconocida tanto por profesionales que buscan alto rendimiento en el aula como por aficionados a la danza que buscan m\u00e1xima estabilidad para los ejercicios en casa m\u00e1s exigentes<strong>.<\/strong><\/p>\n<h3><strong>Base con ruedas y base plana; la movilidad que se adapta a ti<\/strong><\/h3>\n<p>La Avant forma parte de nuestra gama de barras de ballet m\u00f3viles profesionales. Te ofrecemos dos tipos de bases de acero: una base con dos ruedas y un peso de 20 kg y otra base plana sin ruedas, m\u00e1s ligera, con un peso de 10 kg cada una. La base con ruedas de goma de alta densidad te ofrece una gran estabilidad y te permitir\u00e1 trasladar la barra sin esfuerzo inclinando el conjunto 45 grados desde una posici\u00f3n central.<\/p>\n<p>La base plana est\u00e1 pensada para que puedas mover todo el conjunto sin apoyarlo en el suelo. En ambos casos, las bases est\u00e1n equipadas con topes de goma para evitar cualquier da\u00f1o en el suelo aunque sea de parquet.\u00a0 Si vas a llevar la Avant de gira o necesitas mover la barra de ballet a menudo, recomendamos la base con ruedas; si vas a trasladarla ocasionalmente o entre dos personas, la base plana puede irte bien. El peso total del conjunto de la base con ruedas equipada con barra de madera de 2 m es de 48 kg. El peso del conjunto con bases planas sin ruedas es de 32 kg.<\/p>\n<h3><strong>Disfruta del tacto inigualable de la madera<\/strong><\/h3>\n<p>Nuestras barras de madera de pino Melis de bosques sostenibles son resistentes y aportan una ligera flexibilidad ideal para ejercicios avanzados. La madera perfectamente pulida y sin barnizar aporta un tacto agradable, agarre firme y una belleza org\u00e1nica para disfrutar al m\u00e1ximo de tus pr\u00e1cticas.La barra de ballet m\u00f3vil profesional Avant est\u00e1 disponible con barras de madera de 1,5 m, 2 m y 3 m.<\/p>\n<a href=\"https:\/\/new.dinamicaballet.com\/wp-content\/uploads\/2021\/05\/FT-AVANT-0421-3.pdf\" class=\"su-button su-button-style-default\" style=\"color:#006B7C;background-color:#FFF2D5;border-color:#ccc2ab;border-radius:5px\" target=\"_blank\" rel=\"noopener noreferrer\"><span style=\"color:#006B7C;padding:0px 16px;font-size:13px;line-height:26px;border-color:#fff6e2;border-radius:5px;text-shadow:none\"> Technische Details zum Download<\/span><\/a> <a href=\"https:\/\/new.dinamicaballet.com\/wp-content\/uploads\/2021\/07\/Instruccions-Avant.pdf\" class=\"su-button su-button-style-default\" style=\"color:#006B7C;background-color:#FFF2D5;border-color:#ccc2ab;border-radius:5px\" target=\"_blank\" rel=\"noopener noreferrer\"><span style=\"color:#006B7C;padding:0px 16px;font-size:13px;line-height:26px;border-color:#fff6e2;border-radius:5px;text-shadow:none\"> Download der Montageanleitung<\/span><\/a>\n<p>&nbsp;<\/p>\n<div class=\"su-youtube su-u-responsive-media-yes\"><iframe loading=\"lazy\" width=\"600\" height=\"400\" src=\"https:\/\/www.youtube.com\/embed\/GpvSn3xFP98?autohide=2&amp;autoplay=0&amp;mute=1&amp;controls=1&amp;fs=1&amp;loop=0&amp;modestbranding=0&amp;rel=1&amp;showinfo=1&amp;theme=dark&amp;wmode=&amp;playsinline=0\" frameborder=\"0\" allowfullscreen allow=\"autoplay; encrypted-media; picture-in-picture\" title=\"Ballettstange f\u00fcr Profis Avant Dinamica Ballet\"><\/iframe><\/div>\n","protected":false},"excerpt":{"rendered":"<p>Die Avant ist eine Profistange aus Holz und mit zwei unterschiedlichen Sockeltypen erh\u00e4ltlich. Mit einer H\u00f6he von 103 cm \u00fcber dem Boden bietet diese leistungsf\u00e4hige Ballettstange ausgezeichnete Stabilit\u00e4t und die richtige Balance f\u00fcr den Unterricht im Studio und f\u00fcrs Training zu Hause.<\/p>\n<p><strong>VERSANDKOSTEN UND STEUERN INBEGRIFFEN<\/strong><\/p>\n","protected":false},"featured_media":8000,"template":"","meta":{"_editorskit_title_hidden":false,"_editorskit_reading_time":0,"_editorskit_is_block_options_detached":false,"_editorskit_block_options_position":"{}","inline_featured_image":false,"_kad_blocks_custom_css":"","_kad_blocks_head_custom_js":"","_kad_blocks_body_custom_js":"","_kad_blocks_footer_custom_js":""},"product_brand":[],"product_cat":[185,175,174],"product_tag":[177],"class_list":{"0":"post-7983","1":"product","2":"type-product","3":"status-publish","4":"has-post-thumbnail","6":"product_cat-ballettstangen-fur-profis","7":"product_cat-einer-holzstange","8":"product_cat-mobile-ballettstangen","9":"product_tag-movil-de","10":"post","11":"with-featured-image","13":"first","14":"instock","15":"taxable","16":"shipping-taxable","17":"purchasable","18":"product-type-variable"},"yoast_head":"<!-- This site is optimized with the Yoast SEO plugin v27.4 - https:\/\/yoast.com\/product\/yoast-seo-wordpress\/ -->\n<title>Mobile Ballettstange f\u00fcr Profis | Online-Shop | Dinamica Ballet<\/title>\n<meta name=\"description\" content=\"Diese leistungsf\u00e4hige Ballettstange ausgezeichnete Stabilit\u00e4t und die richtige Balance f\u00fcr den Unterricht im Studio und zu Hause.\" \/>\n<meta name=\"robots\" content=\"noindex, follow, max-snippet:-1, max-image-preview:large, max-video-preview:-1\" \/>\n<meta property=\"og:locale\" content=\"de_DE\" \/>\n<meta property=\"og:type\" content=\"article\" \/>\n<meta property=\"og:title\" content=\"Mobile Ballettstange f\u00fcr Profis | Online-Shop | Dinamica Ballet\" \/>\n<meta property=\"og:description\" content=\"Diese leistungsf\u00e4hige Ballettstange ausgezeichnete Stabilit\u00e4t und die richtige Balance f\u00fcr den Unterricht im Studio und zu Hause.\" \/>\n<meta property=\"og:url\" content=\"https:\/\/new.dinamicaballet.com\/de\/producto\/avant-die-mobile-ballettstange-fur-profis\/\" \/>\n<meta property=\"og:site_name\" content=\"Dinamica Ballet\" \/>\n<meta property=\"article:publisher\" content=\"https:\/\/www.facebook.com\/dinamicaballet\" \/>\n<meta property=\"article:modified_time\" content=\"2025-05-16T10:10:03+00:00\" \/>\n<meta property=\"og:image\" content=\"https:\/\/new.dinamicaballet.com\/wp-content\/uploads\/2020\/12\/dinamica_ballet_shop_avant_01.jpg\" \/>\n\t<meta property=\"og:image:width\" content=\"600\" \/>\n\t<meta property=\"og:image:height\" content=\"800\" \/>\n\t<meta property=\"og:image:type\" content=\"image\/jpeg\" \/>\n<meta name=\"twitter:card\" content=\"summary_large_image\" \/>\n<meta name=\"twitter:label1\" content=\"Gesch\u00e4tzte Lesezeit\" \/>\n\t<meta name=\"twitter:data1\" content=\"3\u00a0Minuten\" \/>\n<script type=\"application\/ld+json\" class=\"yoast-schema-graph\">{\"@context\":\"https:\\\/\\\/schema.org\",\"@graph\":[{\"@type\":\"WebPage\",\"@id\":\"https:\\\/\\\/new.dinamicaballet.com\\\/de\\\/producto\\\/avant-die-mobile-ballettstange-fur-profis\\\/\",\"url\":\"https:\\\/\\\/new.dinamicaballet.com\\\/de\\\/producto\\\/avant-die-mobile-ballettstange-fur-profis\\\/\",\"name\":\"Mobile Ballettstange f\u00fcr Profis | Online-Shop | Dinamica Ballet\",\"isPartOf\":{\"@id\":\"https:\\\/\\\/new.dinamicaballet.com\\\/de\\\/#website\"},\"primaryImageOfPage\":{\"@id\":\"https:\\\/\\\/new.dinamicaballet.com\\\/de\\\/producto\\\/avant-die-mobile-ballettstange-fur-profis\\\/#primaryimage\"},\"image\":{\"@id\":\"https:\\\/\\\/new.dinamicaballet.com\\\/de\\\/producto\\\/avant-die-mobile-ballettstange-fur-profis\\\/#primaryimage\"},\"thumbnailUrl\":\"https:\\\/\\\/new.dinamicaballet.com\\\/wp-content\\\/uploads\\\/2020\\\/12\\\/dinamica_ballet_shop_avant_01.jpg\",\"datePublished\":\"2020-12-03T16:24:54+00:00\",\"dateModified\":\"2025-05-16T10:10:03+00:00\",\"description\":\"Diese leistungsf\u00e4hige Ballettstange ausgezeichnete Stabilit\u00e4t und die richtige Balance f\u00fcr den Unterricht im Studio und zu Hause.\",\"inLanguage\":\"de\",\"potentialAction\":[{\"@type\":\"ReadAction\",\"target\":[\"https:\\\/\\\/new.dinamicaballet.com\\\/de\\\/producto\\\/avant-die-mobile-ballettstange-fur-profis\\\/\"]}]},{\"@type\":\"ImageObject\",\"inLanguage\":\"de\",\"@id\":\"https:\\\/\\\/new.dinamicaballet.com\\\/de\\\/producto\\\/avant-die-mobile-ballettstange-fur-profis\\\/#primaryimage\",\"url\":\"https:\\\/\\\/new.dinamicaballet.com\\\/wp-content\\\/uploads\\\/2020\\\/12\\\/dinamica_ballet_shop_avant_01.jpg\",\"contentUrl\":\"https:\\\/\\\/new.dinamicaballet.com\\\/wp-content\\\/uploads\\\/2020\\\/12\\\/dinamica_ballet_shop_avant_01.jpg\",\"width\":600,\"height\":800,\"caption\":\"Avant, die mobile Ballettstange f\u00fcr Profis\"},{\"@type\":\"WebSite\",\"@id\":\"https:\\\/\\\/new.dinamicaballet.com\\\/de\\\/#website\",\"url\":\"https:\\\/\\\/new.dinamicaballet.com\\\/de\\\/\",\"name\":\"Dinamica Ballet\",\"description\":\"Especialistas en barras de ballet y espejos para la danza\",\"publisher\":{\"@id\":\"https:\\\/\\\/new.dinamicaballet.com\\\/de\\\/#organization\"},\"potentialAction\":[{\"@type\":\"SearchAction\",\"target\":{\"@type\":\"EntryPoint\",\"urlTemplate\":\"https:\\\/\\\/new.dinamicaballet.com\\\/de\\\/?s={search_term_string}\"},\"query-input\":{\"@type\":\"PropertyValueSpecification\",\"valueRequired\":true,\"valueName\":\"search_term_string\"}}],\"inLanguage\":\"de\"},{\"@type\":\"Organization\",\"@id\":\"https:\\\/\\\/new.dinamicaballet.com\\\/de\\\/#organization\",\"name\":\"Dinamica Ballet\",\"url\":\"https:\\\/\\\/new.dinamicaballet.com\\\/de\\\/\",\"logo\":{\"@type\":\"ImageObject\",\"inLanguage\":\"de\",\"@id\":\"https:\\\/\\\/new.dinamicaballet.com\\\/de\\\/#\\\/schema\\\/logo\\\/image\\\/\",\"url\":\"https:\\\/\\\/new.dinamicaballet.com\\\/wp-content\\\/uploads\\\/2022\\\/03\\\/logo_dinamica_ballet.svg\",\"contentUrl\":\"https:\\\/\\\/new.dinamicaballet.com\\\/wp-content\\\/uploads\\\/2022\\\/03\\\/logo_dinamica_ballet.svg\",\"width\":284,\"height\":51,\"caption\":\"Dinamica Ballet\"},\"image\":{\"@id\":\"https:\\\/\\\/new.dinamicaballet.com\\\/de\\\/#\\\/schema\\\/logo\\\/image\\\/\"},\"sameAs\":[\"https:\\\/\\\/www.facebook.com\\\/dinamicaballet\",\"https:\\\/\\\/www.instagram.com\\\/dinamicaballet\\\/\",\"http:\\\/\\\/www.linkedin.com\\\/company\\\/dinamica-ballet\",\"https:\\\/\\\/www.pinterest.com\\\/DinamicaBallet\\\/\"]}]}<\/script>\n<!-- \/ Yoast SEO plugin. -->","yoast_head_json":{"title":"Mobile Ballettstange f\u00fcr Profis | Online-Shop | Dinamica Ballet","description":"Diese leistungsf\u00e4hige Ballettstange ausgezeichnete Stabilit\u00e4t und die richtige Balance f\u00fcr den Unterricht im Studio und zu Hause.","robots":{"index":"noindex","follow":"follow","max-snippet":"max-snippet:-1","max-image-preview":"max-image-preview:large","max-video-preview":"max-video-preview:-1"},"og_locale":"de_DE","og_type":"article","og_title":"Mobile Ballettstange f\u00fcr Profis | Online-Shop | Dinamica Ballet","og_description":"Diese leistungsf\u00e4hige Ballettstange ausgezeichnete Stabilit\u00e4t und die richtige Balance f\u00fcr den Unterricht im Studio und zu Hause.","og_url":"https:\/\/new.dinamicaballet.com\/de\/producto\/avant-die-mobile-ballettstange-fur-profis\/","og_site_name":"Dinamica Ballet","article_publisher":"https:\/\/www.facebook.com\/dinamicaballet","article_modified_time":"2025-05-16T10:10:03+00:00","og_image":[{"width":600,"height":800,"url":"https:\/\/new.dinamicaballet.com\/wp-content\/uploads\/2020\/12\/dinamica_ballet_shop_avant_01.jpg","type":"image\/jpeg"}],"twitter_card":"summary_large_image","twitter_misc":{"Gesch\u00e4tzte Lesezeit":"3\u00a0Minuten"},"schema":{"@context":"https:\/\/schema.org","@graph":[{"@type":"WebPage","@id":"https:\/\/new.dinamicaballet.com\/de\/producto\/avant-die-mobile-ballettstange-fur-profis\/","url":"https:\/\/new.dinamicaballet.com\/de\/producto\/avant-die-mobile-ballettstange-fur-profis\/","name":"Mobile Ballettstange f\u00fcr Profis | Online-Shop | Dinamica Ballet","isPartOf":{"@id":"https:\/\/new.dinamicaballet.com\/de\/#website"},"primaryImageOfPage":{"@id":"https:\/\/new.dinamicaballet.com\/de\/producto\/avant-die-mobile-ballettstange-fur-profis\/#primaryimage"},"image":{"@id":"https:\/\/new.dinamicaballet.com\/de\/producto\/avant-die-mobile-ballettstange-fur-profis\/#primaryimage"},"thumbnailUrl":"https:\/\/new.dinamicaballet.com\/wp-content\/uploads\/2020\/12\/dinamica_ballet_shop_avant_01.jpg","datePublished":"2020-12-03T16:24:54+00:00","dateModified":"2025-05-16T10:10:03+00:00","description":"Diese leistungsf\u00e4hige Ballettstange ausgezeichnete Stabilit\u00e4t und die richtige Balance f\u00fcr den Unterricht im Studio und zu Hause.","inLanguage":"de","potentialAction":[{"@type":"ReadAction","target":["https:\/\/new.dinamicaballet.com\/de\/producto\/avant-die-mobile-ballettstange-fur-profis\/"]}]},{"@type":"ImageObject","inLanguage":"de","@id":"https:\/\/new.dinamicaballet.com\/de\/producto\/avant-die-mobile-ballettstange-fur-profis\/#primaryimage","url":"https:\/\/new.dinamicaballet.com\/wp-content\/uploads\/2020\/12\/dinamica_ballet_shop_avant_01.jpg","contentUrl":"https:\/\/new.dinamicaballet.com\/wp-content\/uploads\/2020\/12\/dinamica_ballet_shop_avant_01.jpg","width":600,"height":800,"caption":"Avant, die mobile Ballettstange f\u00fcr Profis"},{"@type":"WebSite","@id":"https:\/\/new.dinamicaballet.com\/de\/#website","url":"https:\/\/new.dinamicaballet.com\/de\/","name":"Dinamica Ballet","description":"Especialistas en barras de ballet y espejos para la danza","publisher":{"@id":"https:\/\/new.dinamicaballet.com\/de\/#organization"},"potentialAction":[{"@type":"SearchAction","target":{"@type":"EntryPoint","urlTemplate":"https:\/\/new.dinamicaballet.com\/de\/?s={search_term_string}"},"query-input":{"@type":"PropertyValueSpecification","valueRequired":true,"valueName":"search_term_string"}}],"inLanguage":"de"},{"@type":"Organization","@id":"https:\/\/new.dinamicaballet.com\/de\/#organization","name":"Dinamica Ballet","url":"https:\/\/new.dinamicaballet.com\/de\/","logo":{"@type":"ImageObject","inLanguage":"de","@id":"https:\/\/new.dinamicaballet.com\/de\/#\/schema\/logo\/image\/","url":"https:\/\/new.dinamicaballet.com\/wp-content\/uploads\/2022\/03\/logo_dinamica_ballet.svg","contentUrl":"https:\/\/new.dinamicaballet.com\/wp-content\/uploads\/2022\/03\/logo_dinamica_ballet.svg","width":284,"height":51,"caption":"Dinamica Ballet"},"image":{"@id":"https:\/\/new.dinamicaballet.com\/de\/#\/schema\/logo\/image\/"},"sameAs":["https:\/\/www.facebook.com\/dinamicaballet","https:\/\/www.instagram.com\/dinamicaballet\/","http:\/\/www.linkedin.com\/company\/dinamica-ballet","https:\/\/www.pinterest.com\/DinamicaBallet\/"]}]}},"taxonomy_info":{"product_cat":[{"value":185,"label":"Ballettstangen f\u00fcr Profis"},{"value":175,"label":"Einer Holzstange"},{"value":174,"label":"Mobile Ballettstangen"}],"product_tag":[{"value":177,"label":"movil"}]},"featured_image_src_large":["https:\/\/new.dinamicaballet.com\/wp-content\/uploads\/2020\/12\/dinamica_ballet_shop_avant_01.jpg",600,800,false],"author_info":[],"comment_info":"","_links":{"self":[{"href":"https:\/\/new.dinamicaballet.com\/de\/wp-json\/wp\/v2\/product\/7983","targetHints":{"allow":["GET"]}}],"collection":[{"href":"https:\/\/new.dinamicaballet.com\/de\/wp-json\/wp\/v2\/product"}],"about":[{"href":"https:\/\/new.dinamicaballet.com\/de\/wp-json\/wp\/v2\/types\/product"}],"wp:featuredmedia":[{"embeddable":true,"href":"https:\/\/new.dinamicaballet.com\/de\/wp-json\/wp\/v2\/media\/8000"}],"wp:attachment":[{"href":"https:\/\/new.dinamicaballet.com\/de\/wp-json\/wp\/v2\/media?parent=7983"}],"wp:term":[{"taxonomy":"product_brand","embeddable":true,"href":"https:\/\/new.dinamicaballet.com\/de\/wp-json\/wp\/v2\/product_brand?post=7983"},{"taxonomy":"product_cat","embeddable":true,"href":"https:\/\/new.dinamicaballet.com\/de\/wp-json\/wp\/v2\/product_cat?post=7983"},{"taxonomy":"product_tag","embeddable":true,"href":"https:\/\/new.dinamicaballet.com\/de\/wp-json\/wp\/v2\/product_tag?post=7983"}],"curies":[{"name":"wp","href":"https:\/\/api.w.org\/{rel}","templated":true}]}}