{"id":7957,"date":"2020-12-03T16:24:55","date_gmt":"2020-12-03T16:24:55","guid":{"rendered":"https:\/\/www.dinamicaballet.com\/producto\/arabesque-black-die-ballettstange-mit-schwarzen-wandhalterungen\/"},"modified":"2025-07-10T10:50:57","modified_gmt":"2025-07-10T09:50:57","slug":"arabesque-black-die-ballettstange-mit-schwarzen-wandhalterungen","status":"publish","type":"product","link":"https:\/\/new.dinamicaballet.com\/de\/producto\/arabesque-black-die-ballettstange-mit-schwarzen-wandhalterungen\/","title":{"rendered":"Ballettstange zur Wandmontage Arabesque Black"},"content":{"rendered":"<h3><strong>Eine starke Verbindung<\/strong><\/h3>\n<p>Die Arabesque Black eignet sich auch als Verbindungselement zwischen zwei Ballettstangen aus Holz. So entstehen durchgehende, wandmontierte Ballettstangen, die an jedem beliebigen Punkt absolute Stabilit\u00e4t und Sicherheit bieten. Die Holzstangen werden im Inneren der zylindrischen Fassung verdeckt mit kleinen Schrauben verbunden, ohne dass das Holz seine Festigkeit und Stabilit\u00e4t dabei einb\u00fc\u00dft.<\/p>\n<h3><strong>Eine Wandhalterung, die h\u00e4lt, was sie verspricht<\/strong><\/h3>\n<p>Stahl ist eine Eisenlegierung mit einem kleinen Anteil nat\u00fcrlichen Kohlenstoffs, der dem Material seine Belastbarkeit und Widerstandskraft gegen Schlagwirkungen, Temperaturschwankungen und Korrosion verleiht und es zum idealen Werkstoff f\u00fcr Ballettstangen-Wandhalterungen macht. Die Montageplatte aus Stahl gew\u00e4hrleistet sichere Stabilit\u00e4t und festen Halt an der Wand. Die zylindrische Stangenfassung umschlie\u00dft die Stange vollst\u00e4ndig und verteilt die Zug- und Spannkr\u00e4fte, die w\u00e4hrend der Nutzung auftreten, entlang der gesamten Stange. Daher keine Sorge. Situationen, in denen ein Teil der Sch\u00fcler dehnt, w\u00e4hrend andere Positionen am der Stange \u00fcben, bew\u00e4ltigt die Arabesque Black spielend. Diese Wandhalterung wird mit aus unterschiedlichen Winkeln einwirkenden Kr\u00e4ften ganz sicher fertig und bewegt sich keinen Millimeter.<\/p>\n<h3><strong>Eine gelungene Kombination<\/strong><\/h3>\n<p>Die Arabesque Black verf\u00fcgt \u00fcber eine kratzfeste, schwarze Beschichtung, die hervorragend mit der nat\u00fcrlichen W\u00e4rme des Holzes der Terpentin-Kiefer harmoniert. Die Belastbarkeit und Widerstandskraft des Stahls sind gemeinsam mit der Flexibilit\u00e4t, Griffigkeit und W\u00e4rme des Holzes der Schl\u00fcssel zu gehaltvollen und gewinnbringenden \u00dcbungen \u00e0 la barre. Die schwarzen Schrauben und die D\u00fcbel zur Montage der Wandhalterung und der Stange sind im Lieferumfang inbegriffen. Die Arabesque Black wird Ihnen \u00fcber viele Jahre hinweg Halt und Sicherheit beim Einstudieren und Trainieren verleihen.<\/p>\n<a href=\"https:\/\/new.dinamicaballet.com\/wp-content\/uploads\/2021\/05\/FT-ARABESQUE-DOBLE-1223_compressed.pdf\" class=\"su-button su-button-style-default\" style=\"color:#006B7C;background-color:#FFF2D5;border-color:#ccc2ab;border-radius:5px\" target=\"_blank\" rel=\"noopener noreferrer\"><span style=\"color:#006B7C;padding:0px 16px;font-size:13px;line-height:26px;border-color:#fff6e2;border-radius:5px;text-shadow:none\"> Technische Details zum Download<\/span><\/a> <a href=\"https:\/\/new.dinamicaballet.com\/wp-content\/uploads\/2021\/05\/FT-ARABESQUE-DOBLE-1223_compressed.pdf\" class=\"su-button su-button-style-default\" style=\"color:#006B7C;background-color:#FFF2D5;border-color:#ccc2ab;border-radius:5px\" target=\"_blank\" rel=\"noopener noreferrer\"><span style=\"color:#006B7C;padding:0px 16px;font-size:13px;line-height:26px;border-color:#fff6e2;border-radius:5px;text-shadow:none\"> Download der Montageanleitung<\/span><\/a>\n<p>&nbsp;<\/p>\n<p>&nbsp;<\/p>\n<div class=\"su-youtube su-u-responsive-media-yes\"><iframe loading=\"lazy\" width=\"600\" height=\"400\" src=\"https:\/\/www.youtube.com\/embed\/qzBwWuUF0fc?autohide=2&amp;autoplay=0&amp;mute=1&amp;controls=1&amp;fs=1&amp;loop=0&amp;modestbranding=0&amp;rel=1&amp;showinfo=1&amp;theme=dark&amp;wmode=&amp;playsinline=0\" frameborder=\"0\" allowfullscreen allow=\"autoplay; encrypted-media; picture-in-picture\" title=\"Ballettstange zur Wandmontage Arabesque Black Dinamica Ballet\"><\/iframe><\/div>\n","protected":false},"excerpt":{"rendered":"<p>Die Arabesque Black brilliert mit Belastbarkeit und Eleganz. Ganz gleich, welche \u00dcbungen Sie einstudieren, diese Wandhalterung h\u00e4lt spielend mit. Das edle Schwarz der Wandhalterungen entwickelt sich im Zusammenspiel mit der nat\u00fcrlichen Sch\u00f6nheit des Holzes zum Blickfang in Ihrem Studio. Ob im privaten Ballettraum oder in der Ballettschule, mit der Arabesque Black lassen meterlange Ballettstangen mit dem gewissen Etwas schaffen..<\/p>\n<p><strong>VERSANDKOSTEN UND STEUERN INBEGRIFFEN<\/strong><\/p>\n","protected":false},"featured_media":7971,"template":"","meta":{"_editorskit_title_hidden":false,"_editorskit_reading_time":0,"_editorskit_is_block_options_detached":false,"_editorskit_block_options_position":"{}","inline_featured_image":false,"_kad_blocks_custom_css":"","_kad_blocks_head_custom_js":"","_kad_blocks_body_custom_js":"","_kad_blocks_footer_custom_js":""},"product_brand":[],"product_cat":[185,176,175,184],"product_tag":[],"class_list":{"0":"post-7957","1":"product","2":"type-product","3":"status-publish","4":"has-post-thumbnail","6":"product_cat-ballettstangen-fur-profis","7":"product_cat-ballettstangen-fur-zu-hause","8":"product_cat-einer-holzstange","9":"product_cat-wandmontierte-ballettstangen","10":"post","11":"with-featured-image","13":"first","14":"instock","15":"taxable","16":"shipping-taxable","17":"purchasable","18":"product-type-variable"},"yoast_head":"<!-- This site is optimized with the Yoast SEO plugin v27.4 - https:\/\/yoast.com\/product\/yoast-seo-wordpress\/ -->\n<title>Ballettstange mit Wandhalterungen Arabesque Black | Online-Shop<\/title>\n<meta name=\"description\" content=\"Die Arabesque brilliert mit Belastbarkeit und Eleganz. Ganz gleich, welche \u00dcbungen Sie einstudieren, diese Wandhalterung h\u00e4lt spielend mit.\" \/>\n<meta name=\"robots\" content=\"noindex, follow, max-snippet:-1, max-image-preview:large, max-video-preview:-1\" \/>\n<meta property=\"og:locale\" content=\"de_DE\" \/>\n<meta property=\"og:type\" content=\"article\" \/>\n<meta property=\"og:title\" content=\"Ballettstange mit Wandhalterungen Arabesque Black | Online-Shop\" \/>\n<meta property=\"og:description\" content=\"Die Arabesque brilliert mit Belastbarkeit und Eleganz. Ganz gleich, welche \u00dcbungen Sie einstudieren, diese Wandhalterung h\u00e4lt spielend mit.\" \/>\n<meta property=\"og:url\" content=\"https:\/\/new.dinamicaballet.com\/de\/producto\/arabesque-black-die-ballettstange-mit-schwarzen-wandhalterungen\/\" \/>\n<meta property=\"og:site_name\" content=\"Dinamica Ballet\" \/>\n<meta property=\"article:publisher\" content=\"https:\/\/www.facebook.com\/dinamicaballet\" \/>\n<meta property=\"article:modified_time\" content=\"2025-07-10T09:50:57+00:00\" \/>\n<meta property=\"og:image\" content=\"https:\/\/new.dinamicaballet.com\/wp-content\/uploads\/2020\/12\/dinamica_ballet_shop_arabesqueblack_simple_01.jpg\" \/>\n\t<meta property=\"og:image:width\" content=\"600\" \/>\n\t<meta property=\"og:image:height\" content=\"800\" \/>\n\t<meta property=\"og:image:type\" content=\"image\/jpeg\" \/>\n<meta name=\"twitter:card\" content=\"summary_large_image\" \/>\n<meta name=\"twitter:label1\" content=\"Gesch\u00e4tzte Lesezeit\" \/>\n\t<meta name=\"twitter:data1\" content=\"2\u00a0Minuten\" \/>\n<script type=\"application\/ld+json\" class=\"yoast-schema-graph\">{\"@context\":\"https:\\\/\\\/schema.org\",\"@graph\":[{\"@type\":\"WebPage\",\"@id\":\"https:\\\/\\\/new.dinamicaballet.com\\\/de\\\/producto\\\/arabesque-black-die-ballettstange-mit-schwarzen-wandhalterungen\\\/\",\"url\":\"https:\\\/\\\/new.dinamicaballet.com\\\/de\\\/producto\\\/arabesque-black-die-ballettstange-mit-schwarzen-wandhalterungen\\\/\",\"name\":\"Ballettstange mit Wandhalterungen Arabesque Black | Online-Shop\",\"isPartOf\":{\"@id\":\"https:\\\/\\\/new.dinamicaballet.com\\\/de\\\/#website\"},\"primaryImageOfPage\":{\"@id\":\"https:\\\/\\\/new.dinamicaballet.com\\\/de\\\/producto\\\/arabesque-black-die-ballettstange-mit-schwarzen-wandhalterungen\\\/#primaryimage\"},\"image\":{\"@id\":\"https:\\\/\\\/new.dinamicaballet.com\\\/de\\\/producto\\\/arabesque-black-die-ballettstange-mit-schwarzen-wandhalterungen\\\/#primaryimage\"},\"thumbnailUrl\":\"https:\\\/\\\/new.dinamicaballet.com\\\/wp-content\\\/uploads\\\/2020\\\/12\\\/dinamica_ballet_shop_arabesqueblack_simple_01.jpg\",\"datePublished\":\"2020-12-03T16:24:55+00:00\",\"dateModified\":\"2025-07-10T09:50:57+00:00\",\"description\":\"Die Arabesque brilliert mit Belastbarkeit und Eleganz. Ganz gleich, welche \u00dcbungen Sie einstudieren, diese Wandhalterung h\u00e4lt spielend mit.\",\"inLanguage\":\"de\",\"potentialAction\":[{\"@type\":\"ReadAction\",\"target\":[\"https:\\\/\\\/new.dinamicaballet.com\\\/de\\\/producto\\\/arabesque-black-die-ballettstange-mit-schwarzen-wandhalterungen\\\/\"]}]},{\"@type\":\"ImageObject\",\"inLanguage\":\"de\",\"@id\":\"https:\\\/\\\/new.dinamicaballet.com\\\/de\\\/producto\\\/arabesque-black-die-ballettstange-mit-schwarzen-wandhalterungen\\\/#primaryimage\",\"url\":\"https:\\\/\\\/new.dinamicaballet.com\\\/wp-content\\\/uploads\\\/2020\\\/12\\\/dinamica_ballet_shop_arabesqueblack_simple_01.jpg\",\"contentUrl\":\"https:\\\/\\\/new.dinamicaballet.com\\\/wp-content\\\/uploads\\\/2020\\\/12\\\/dinamica_ballet_shop_arabesqueblack_simple_01.jpg\",\"width\":600,\"height\":800,\"caption\":\"Arabesque Black, die Ballettstange mit schwarzen Wandhalterungen\"},{\"@type\":\"WebSite\",\"@id\":\"https:\\\/\\\/new.dinamicaballet.com\\\/de\\\/#website\",\"url\":\"https:\\\/\\\/new.dinamicaballet.com\\\/de\\\/\",\"name\":\"Dinamica Ballet\",\"description\":\"Especialistas en barras de ballet y espejos para la danza\",\"publisher\":{\"@id\":\"https:\\\/\\\/new.dinamicaballet.com\\\/de\\\/#organization\"},\"potentialAction\":[{\"@type\":\"SearchAction\",\"target\":{\"@type\":\"EntryPoint\",\"urlTemplate\":\"https:\\\/\\\/new.dinamicaballet.com\\\/de\\\/?s={search_term_string}\"},\"query-input\":{\"@type\":\"PropertyValueSpecification\",\"valueRequired\":true,\"valueName\":\"search_term_string\"}}],\"inLanguage\":\"de\"},{\"@type\":\"Organization\",\"@id\":\"https:\\\/\\\/new.dinamicaballet.com\\\/de\\\/#organization\",\"name\":\"Dinamica Ballet\",\"url\":\"https:\\\/\\\/new.dinamicaballet.com\\\/de\\\/\",\"logo\":{\"@type\":\"ImageObject\",\"inLanguage\":\"de\",\"@id\":\"https:\\\/\\\/new.dinamicaballet.com\\\/de\\\/#\\\/schema\\\/logo\\\/image\\\/\",\"url\":\"https:\\\/\\\/new.dinamicaballet.com\\\/wp-content\\\/uploads\\\/2022\\\/03\\\/logo_dinamica_ballet.svg\",\"contentUrl\":\"https:\\\/\\\/new.dinamicaballet.com\\\/wp-content\\\/uploads\\\/2022\\\/03\\\/logo_dinamica_ballet.svg\",\"width\":284,\"height\":51,\"caption\":\"Dinamica Ballet\"},\"image\":{\"@id\":\"https:\\\/\\\/new.dinamicaballet.com\\\/de\\\/#\\\/schema\\\/logo\\\/image\\\/\"},\"sameAs\":[\"https:\\\/\\\/www.facebook.com\\\/dinamicaballet\",\"https:\\\/\\\/www.instagram.com\\\/dinamicaballet\\\/\",\"http:\\\/\\\/www.linkedin.com\\\/company\\\/dinamica-ballet\",\"https:\\\/\\\/www.pinterest.com\\\/DinamicaBallet\\\/\"]}]}<\/script>\n<!-- \/ Yoast SEO plugin. -->","yoast_head_json":{"title":"Ballettstange mit Wandhalterungen Arabesque Black | Online-Shop","description":"Die Arabesque brilliert mit Belastbarkeit und Eleganz. Ganz gleich, welche \u00dcbungen Sie einstudieren, diese Wandhalterung h\u00e4lt spielend mit.","robots":{"index":"noindex","follow":"follow","max-snippet":"max-snippet:-1","max-image-preview":"max-image-preview:large","max-video-preview":"max-video-preview:-1"},"og_locale":"de_DE","og_type":"article","og_title":"Ballettstange mit Wandhalterungen Arabesque Black | Online-Shop","og_description":"Die Arabesque brilliert mit Belastbarkeit und Eleganz. Ganz gleich, welche \u00dcbungen Sie einstudieren, diese Wandhalterung h\u00e4lt spielend mit.","og_url":"https:\/\/new.dinamicaballet.com\/de\/producto\/arabesque-black-die-ballettstange-mit-schwarzen-wandhalterungen\/","og_site_name":"Dinamica Ballet","article_publisher":"https:\/\/www.facebook.com\/dinamicaballet","article_modified_time":"2025-07-10T09:50:57+00:00","og_image":[{"width":600,"height":800,"url":"https:\/\/new.dinamicaballet.com\/wp-content\/uploads\/2020\/12\/dinamica_ballet_shop_arabesqueblack_simple_01.jpg","type":"image\/jpeg"}],"twitter_card":"summary_large_image","twitter_misc":{"Gesch\u00e4tzte Lesezeit":"2\u00a0Minuten"},"schema":{"@context":"https:\/\/schema.org","@graph":[{"@type":"WebPage","@id":"https:\/\/new.dinamicaballet.com\/de\/producto\/arabesque-black-die-ballettstange-mit-schwarzen-wandhalterungen\/","url":"https:\/\/new.dinamicaballet.com\/de\/producto\/arabesque-black-die-ballettstange-mit-schwarzen-wandhalterungen\/","name":"Ballettstange mit Wandhalterungen Arabesque Black | Online-Shop","isPartOf":{"@id":"https:\/\/new.dinamicaballet.com\/de\/#website"},"primaryImageOfPage":{"@id":"https:\/\/new.dinamicaballet.com\/de\/producto\/arabesque-black-die-ballettstange-mit-schwarzen-wandhalterungen\/#primaryimage"},"image":{"@id":"https:\/\/new.dinamicaballet.com\/de\/producto\/arabesque-black-die-ballettstange-mit-schwarzen-wandhalterungen\/#primaryimage"},"thumbnailUrl":"https:\/\/new.dinamicaballet.com\/wp-content\/uploads\/2020\/12\/dinamica_ballet_shop_arabesqueblack_simple_01.jpg","datePublished":"2020-12-03T16:24:55+00:00","dateModified":"2025-07-10T09:50:57+00:00","description":"Die Arabesque brilliert mit Belastbarkeit und Eleganz. Ganz gleich, welche \u00dcbungen Sie einstudieren, diese Wandhalterung h\u00e4lt spielend mit.","inLanguage":"de","potentialAction":[{"@type":"ReadAction","target":["https:\/\/new.dinamicaballet.com\/de\/producto\/arabesque-black-die-ballettstange-mit-schwarzen-wandhalterungen\/"]}]},{"@type":"ImageObject","inLanguage":"de","@id":"https:\/\/new.dinamicaballet.com\/de\/producto\/arabesque-black-die-ballettstange-mit-schwarzen-wandhalterungen\/#primaryimage","url":"https:\/\/new.dinamicaballet.com\/wp-content\/uploads\/2020\/12\/dinamica_ballet_shop_arabesqueblack_simple_01.jpg","contentUrl":"https:\/\/new.dinamicaballet.com\/wp-content\/uploads\/2020\/12\/dinamica_ballet_shop_arabesqueblack_simple_01.jpg","width":600,"height":800,"caption":"Arabesque Black, die Ballettstange mit schwarzen Wandhalterungen"},{"@type":"WebSite","@id":"https:\/\/new.dinamicaballet.com\/de\/#website","url":"https:\/\/new.dinamicaballet.com\/de\/","name":"Dinamica Ballet","description":"Especialistas en barras de ballet y espejos para la danza","publisher":{"@id":"https:\/\/new.dinamicaballet.com\/de\/#organization"},"potentialAction":[{"@type":"SearchAction","target":{"@type":"EntryPoint","urlTemplate":"https:\/\/new.dinamicaballet.com\/de\/?s={search_term_string}"},"query-input":{"@type":"PropertyValueSpecification","valueRequired":true,"valueName":"search_term_string"}}],"inLanguage":"de"},{"@type":"Organization","@id":"https:\/\/new.dinamicaballet.com\/de\/#organization","name":"Dinamica Ballet","url":"https:\/\/new.dinamicaballet.com\/de\/","logo":{"@type":"ImageObject","inLanguage":"de","@id":"https:\/\/new.dinamicaballet.com\/de\/#\/schema\/logo\/image\/","url":"https:\/\/new.dinamicaballet.com\/wp-content\/uploads\/2022\/03\/logo_dinamica_ballet.svg","contentUrl":"https:\/\/new.dinamicaballet.com\/wp-content\/uploads\/2022\/03\/logo_dinamica_ballet.svg","width":284,"height":51,"caption":"Dinamica Ballet"},"image":{"@id":"https:\/\/new.dinamicaballet.com\/de\/#\/schema\/logo\/image\/"},"sameAs":["https:\/\/www.facebook.com\/dinamicaballet","https:\/\/www.instagram.com\/dinamicaballet\/","http:\/\/www.linkedin.com\/company\/dinamica-ballet","https:\/\/www.pinterest.com\/DinamicaBallet\/"]}]}},"taxonomy_info":{"product_cat":[{"value":185,"label":"Ballettstangen f\u00fcr Profis"},{"value":176,"label":"Ballettstangen f\u00fcr zu Hause"},{"value":175,"label":"Einer Holzstange"},{"value":184,"label":"Wandmontierte Ballettstangen"}]},"featured_image_src_large":["https:\/\/new.dinamicaballet.com\/wp-content\/uploads\/2020\/12\/dinamica_ballet_shop_arabesqueblack_simple_01.jpg",600,800,false],"author_info":[],"comment_info":"","_links":{"self":[{"href":"https:\/\/new.dinamicaballet.com\/de\/wp-json\/wp\/v2\/product\/7957","targetHints":{"allow":["GET"]}}],"collection":[{"href":"https:\/\/new.dinamicaballet.com\/de\/wp-json\/wp\/v2\/product"}],"about":[{"href":"https:\/\/new.dinamicaballet.com\/de\/wp-json\/wp\/v2\/types\/product"}],"wp:featuredmedia":[{"embeddable":true,"href":"https:\/\/new.dinamicaballet.com\/de\/wp-json\/wp\/v2\/media\/7971"}],"wp:attachment":[{"href":"https:\/\/new.dinamicaballet.com\/de\/wp-json\/wp\/v2\/media?parent=7957"}],"wp:term":[{"taxonomy":"product_brand","embeddable":true,"href":"https:\/\/new.dinamicaballet.com\/de\/wp-json\/wp\/v2\/product_brand?post=7957"},{"taxonomy":"product_cat","embeddable":true,"href":"https:\/\/new.dinamicaballet.com\/de\/wp-json\/wp\/v2\/product_cat?post=7957"},{"taxonomy":"product_tag","embeddable":true,"href":"https:\/\/new.dinamicaballet.com\/de\/wp-json\/wp\/v2\/product_tag?post=7957"}],"curies":[{"name":"wp","href":"https:\/\/api.w.org\/{rel}","templated":true}]}}