{"id":7939,"date":"2020-12-03T16:24:53","date_gmt":"2020-12-03T16:24:53","guid":{"rendered":"https:\/\/www.dinamicaballet.com\/producto\/arabesque-doppelt-die-doppelte-ballettstange-zur-wandmontage\/"},"modified":"2025-03-31T10:14:52","modified_gmt":"2025-03-31T09:14:52","slug":"arabesque-doppelt-die-doppelte-ballettstange-zur-wandmontage","status":"publish","type":"product","link":"https:\/\/new.dinamicaballet.com\/de\/producto\/arabesque-doppelt-die-doppelte-ballettstange-zur-wandmontage\/","title":{"rendered":"Ballettstange zur Wandmontage Arabesque Doppelt | Silberfarbe"},"content":{"rendered":"<h3><strong>Die 4-in-1-Wandhalterung<\/strong><\/h3>\n<p>Die Arabesque Doppelt fungiert als Verbindungselement f\u00fcr zwei auf unterschiedlicher H\u00f6he verlaufende Ballettstangen. So entstehen durchgehende wandmontierte Doppelballettstangen, die an jedem beliebigen Punkt absolute Stabilit\u00e4t und Sicherheit bieten. Die Holzstangen werden im Inneren der zylindrischen Fassungen verdeckt mit kleinen Schrauben verbunden, ohne dass das Holz seine Festigkeit und Stabilit\u00e4t dabei einb\u00fc\u00dft.<\/p>\n<h3><strong>Absolut zugfest<\/strong><\/h3>\n<p>Die Montageplatte der Arabesque Doppelt wurde f\u00fcr sichere Stabilit\u00e4t und festen Halt an der Wand konzipiert. Die zylindrischen Stangenfassungen umfassen die Stangen vollst\u00e4ndig und verteilen die Zug- und Spannkr\u00e4fte, die w\u00e4hrend der Nutzung auftreten, entlang der gesamten Stangenl\u00e4nge. Situationen, in denen ein Teil der Sch\u00fcler dehnt, w\u00e4hrend andere gleichzeitig Positionen ein\u00fcben, bew\u00e4ltigt die Arabesque Doppelt spielend. Diese Wandhalterung f\u00fcr Doppelballettstangen wird mit aus unterschiedlichen Winkeln einwirkenden Kr\u00e4ften ganz sicher fertig und bewegt sich keinen Millimeter.<\/p>\n<h3><strong>Die Arabesque Doppelt l\u00e4sst Sie nicht im Stich <\/strong><\/h3>\n<p>Gemeinsam mit den aus dem Holz der Terpentin-Kiefer gefertigten Holzstangen bieten die Arabesque Doppelt Stahlwandhalterungen absolute Sicherheit beim Trainieren und Einstudieren. Die St\u00e4rke und Belastbarkeit des Stahls sind gemeinsam mit der Flexibilit\u00e4t, Griffigkeit und W\u00e4rme des Holzes der Ausgangspunkt f\u00fcr gehaltvolles und gewinnbringendes Training. Die Schrauben und D\u00fcbel zur Montage der Wandhalterung und der Stange sind im Lieferumfang inbegriffen.<\/p>\n<a href=\"https:\/\/new.dinamicaballet.com\/wp-content\/uploads\/2021\/05\/FT-ARABESQUE-DOBLE-1223_compressed.pdf\" class=\"su-button su-button-style-default\" style=\"color:#006B7C;background-color:#FFF2D5;border-color:#ccc2ab;border-radius:5px\" target=\"_blank\" rel=\"noopener noreferrer\"><span style=\"color:#006B7C;padding:0px 16px;font-size:13px;line-height:26px;border-color:#fff6e2;border-radius:5px;text-shadow:none\"> Technische Details zum Download<\/span><\/a> <a href=\"https:\/\/new.dinamicaballet.com\/wp-content\/uploads\/2021\/05\/FT-ARABESQUE-DOBLE-1223_compressed.pdf\" class=\"su-button su-button-style-default\" style=\"color:#006B7C;background-color:#FFF2D5;border-color:#ccc2ab;border-radius:5px\" target=\"_blank\" rel=\"noopener noreferrer\"><span style=\"color:#006B7C;padding:0px 16px;font-size:13px;line-height:26px;border-color:#fff6e2;border-radius:5px;text-shadow:none\"> Download der Montageanleitung<\/span><\/a>\n<p>&nbsp;<\/p>\n<div class=\"su-youtube su-u-responsive-media-yes\"><iframe loading=\"lazy\" width=\"600\" height=\"400\" src=\"https:\/\/www.youtube.com\/embed\/sUob8h-oBwU?autohide=2&amp;autoplay=0&amp;mute=1&amp;controls=1&amp;fs=1&amp;loop=0&amp;modestbranding=0&amp;rel=1&amp;showinfo=1&amp;theme=dark&amp;wmode=&amp;playsinline=0\" frameborder=\"0\" allowfullscreen allow=\"autoplay; encrypted-media; picture-in-picture\" title=\"Ballettstange zur Wandmontage Arabesque Doppelt | Silberfarbe Dinamica Ballet\"><\/iframe><\/div>\n","protected":false},"excerpt":{"rendered":"<p>Die Arabesque Doppelt beeindruckt mit maximaler Widerstandskraft und Pr\u00e4zision. Mit dieser Wandhalterung lassen sich beliebig lange, durchgehende Ballettstangen mit zwei H\u00f6hen anlegen. Die aus Stahl gefertigte, Silber beschichtete Wandhalterung Arabesque Doppelt ist heute ein Klassiker, auf den Laien, Profis und Unterrichtende gleicherma\u00dfen schw\u00f6ren.<\/p>\n<p><strong>VERSANDKOSTEN UND STEUERN INBEGRIFFEN<\/strong><\/p>\n","protected":false},"featured_media":7953,"template":"","meta":{"_editorskit_title_hidden":false,"_editorskit_reading_time":0,"_editorskit_is_block_options_detached":false,"_editorskit_block_options_position":"{}","inline_featured_image":false,"_kad_blocks_custom_css":"","_kad_blocks_head_custom_js":"","_kad_blocks_body_custom_js":"","_kad_blocks_footer_custom_js":""},"product_brand":[],"product_cat":[185,176,184,186],"product_tag":[],"class_list":{"0":"post-7939","1":"product","2":"type-product","3":"status-publish","4":"has-post-thumbnail","6":"product_cat-ballettstangen-fur-profis","7":"product_cat-ballettstangen-fur-zu-hause","8":"product_cat-wandmontierte-ballettstangen","9":"product_cat-zwei-holzstangen","10":"post","11":"with-featured-image","13":"first","14":"instock","15":"taxable","16":"shipping-taxable","17":"purchasable","18":"product-type-variable"},"yoast_head":"<!-- This site is optimized with the Yoast SEO plugin v27.4 - https:\/\/yoast.com\/product\/yoast-seo-wordpress\/ -->\n<title>Doppelte Ballettstange zur Wandmontage | Online-Shop<\/title>\n<meta name=\"description\" content=\"Die Arabesque Doppelt ist heute ein Klassiker, auf den Laien, Profis und Unterrichtende gleicherma\u00dfen.\" \/>\n<meta name=\"robots\" content=\"noindex, follow, max-snippet:-1, max-image-preview:large, max-video-preview:-1\" \/>\n<meta property=\"og:locale\" content=\"de_DE\" \/>\n<meta property=\"og:type\" content=\"article\" \/>\n<meta property=\"og:title\" content=\"Doppelte Ballettstange zur Wandmontage | Online-Shop\" \/>\n<meta property=\"og:description\" content=\"Die Arabesque Doppelt ist heute ein Klassiker, auf den Laien, Profis und Unterrichtende gleicherma\u00dfen.\" \/>\n<meta property=\"og:url\" content=\"https:\/\/new.dinamicaballet.com\/de\/producto\/arabesque-doppelt-die-doppelte-ballettstange-zur-wandmontage\/\" \/>\n<meta property=\"og:site_name\" content=\"Dinamica Ballet\" \/>\n<meta property=\"article:publisher\" content=\"https:\/\/www.facebook.com\/dinamicaballet\" \/>\n<meta property=\"article:modified_time\" content=\"2025-03-31T09:14:52+00:00\" \/>\n<meta property=\"og:image\" content=\"https:\/\/new.dinamicaballet.com\/wp-content\/uploads\/2020\/12\/dinamica_ballet_shop_arabesque_doble_01.jpg\" \/>\n\t<meta property=\"og:image:width\" content=\"600\" \/>\n\t<meta property=\"og:image:height\" content=\"800\" \/>\n\t<meta property=\"og:image:type\" content=\"image\/jpeg\" \/>\n<meta name=\"twitter:card\" content=\"summary_large_image\" \/>\n<meta name=\"twitter:label1\" content=\"Gesch\u00e4tzte Lesezeit\" \/>\n\t<meta name=\"twitter:data1\" content=\"2\u00a0Minuten\" \/>\n<script type=\"application\/ld+json\" class=\"yoast-schema-graph\">{\"@context\":\"https:\\\/\\\/schema.org\",\"@graph\":[{\"@type\":\"WebPage\",\"@id\":\"https:\\\/\\\/new.dinamicaballet.com\\\/de\\\/producto\\\/arabesque-doppelt-die-doppelte-ballettstange-zur-wandmontage\\\/\",\"url\":\"https:\\\/\\\/new.dinamicaballet.com\\\/de\\\/producto\\\/arabesque-doppelt-die-doppelte-ballettstange-zur-wandmontage\\\/\",\"name\":\"Doppelte Ballettstange zur Wandmontage | Online-Shop\",\"isPartOf\":{\"@id\":\"https:\\\/\\\/new.dinamicaballet.com\\\/de\\\/#website\"},\"primaryImageOfPage\":{\"@id\":\"https:\\\/\\\/new.dinamicaballet.com\\\/de\\\/producto\\\/arabesque-doppelt-die-doppelte-ballettstange-zur-wandmontage\\\/#primaryimage\"},\"image\":{\"@id\":\"https:\\\/\\\/new.dinamicaballet.com\\\/de\\\/producto\\\/arabesque-doppelt-die-doppelte-ballettstange-zur-wandmontage\\\/#primaryimage\"},\"thumbnailUrl\":\"https:\\\/\\\/new.dinamicaballet.com\\\/wp-content\\\/uploads\\\/2020\\\/12\\\/dinamica_ballet_shop_arabesque_doble_01.jpg\",\"datePublished\":\"2020-12-03T16:24:53+00:00\",\"dateModified\":\"2025-03-31T09:14:52+00:00\",\"description\":\"Die Arabesque Doppelt ist heute ein Klassiker, auf den Laien, Profis und Unterrichtende gleicherma\u00dfen.\",\"inLanguage\":\"de\",\"potentialAction\":[{\"@type\":\"ReadAction\",\"target\":[\"https:\\\/\\\/new.dinamicaballet.com\\\/de\\\/producto\\\/arabesque-doppelt-die-doppelte-ballettstange-zur-wandmontage\\\/\"]}]},{\"@type\":\"ImageObject\",\"inLanguage\":\"de\",\"@id\":\"https:\\\/\\\/new.dinamicaballet.com\\\/de\\\/producto\\\/arabesque-doppelt-die-doppelte-ballettstange-zur-wandmontage\\\/#primaryimage\",\"url\":\"https:\\\/\\\/new.dinamicaballet.com\\\/wp-content\\\/uploads\\\/2020\\\/12\\\/dinamica_ballet_shop_arabesque_doble_01.jpg\",\"contentUrl\":\"https:\\\/\\\/new.dinamicaballet.com\\\/wp-content\\\/uploads\\\/2020\\\/12\\\/dinamica_ballet_shop_arabesque_doble_01.jpg\",\"width\":600,\"height\":800,\"caption\":\"Arabesque Doppelt, die doppelte Ballettstange zur Wandmontage\"},{\"@type\":\"WebSite\",\"@id\":\"https:\\\/\\\/new.dinamicaballet.com\\\/de\\\/#website\",\"url\":\"https:\\\/\\\/new.dinamicaballet.com\\\/de\\\/\",\"name\":\"Dinamica Ballet\",\"description\":\"Especialistas en barras de ballet y espejos para la danza\",\"publisher\":{\"@id\":\"https:\\\/\\\/new.dinamicaballet.com\\\/de\\\/#organization\"},\"potentialAction\":[{\"@type\":\"SearchAction\",\"target\":{\"@type\":\"EntryPoint\",\"urlTemplate\":\"https:\\\/\\\/new.dinamicaballet.com\\\/de\\\/?s={search_term_string}\"},\"query-input\":{\"@type\":\"PropertyValueSpecification\",\"valueRequired\":true,\"valueName\":\"search_term_string\"}}],\"inLanguage\":\"de\"},{\"@type\":\"Organization\",\"@id\":\"https:\\\/\\\/new.dinamicaballet.com\\\/de\\\/#organization\",\"name\":\"Dinamica Ballet\",\"url\":\"https:\\\/\\\/new.dinamicaballet.com\\\/de\\\/\",\"logo\":{\"@type\":\"ImageObject\",\"inLanguage\":\"de\",\"@id\":\"https:\\\/\\\/new.dinamicaballet.com\\\/de\\\/#\\\/schema\\\/logo\\\/image\\\/\",\"url\":\"https:\\\/\\\/new.dinamicaballet.com\\\/wp-content\\\/uploads\\\/2022\\\/03\\\/logo_dinamica_ballet.svg\",\"contentUrl\":\"https:\\\/\\\/new.dinamicaballet.com\\\/wp-content\\\/uploads\\\/2022\\\/03\\\/logo_dinamica_ballet.svg\",\"width\":284,\"height\":51,\"caption\":\"Dinamica Ballet\"},\"image\":{\"@id\":\"https:\\\/\\\/new.dinamicaballet.com\\\/de\\\/#\\\/schema\\\/logo\\\/image\\\/\"},\"sameAs\":[\"https:\\\/\\\/www.facebook.com\\\/dinamicaballet\",\"https:\\\/\\\/www.instagram.com\\\/dinamicaballet\\\/\",\"http:\\\/\\\/www.linkedin.com\\\/company\\\/dinamica-ballet\",\"https:\\\/\\\/www.pinterest.com\\\/DinamicaBallet\\\/\"]}]}<\/script>\n<!-- \/ Yoast SEO plugin. -->","yoast_head_json":{"title":"Doppelte Ballettstange zur Wandmontage | Online-Shop","description":"Die Arabesque Doppelt ist heute ein Klassiker, auf den Laien, Profis und Unterrichtende gleicherma\u00dfen.","robots":{"index":"noindex","follow":"follow","max-snippet":"max-snippet:-1","max-image-preview":"max-image-preview:large","max-video-preview":"max-video-preview:-1"},"og_locale":"de_DE","og_type":"article","og_title":"Doppelte Ballettstange zur Wandmontage | Online-Shop","og_description":"Die Arabesque Doppelt ist heute ein Klassiker, auf den Laien, Profis und Unterrichtende gleicherma\u00dfen.","og_url":"https:\/\/new.dinamicaballet.com\/de\/producto\/arabesque-doppelt-die-doppelte-ballettstange-zur-wandmontage\/","og_site_name":"Dinamica Ballet","article_publisher":"https:\/\/www.facebook.com\/dinamicaballet","article_modified_time":"2025-03-31T09:14:52+00:00","og_image":[{"width":600,"height":800,"url":"https:\/\/new.dinamicaballet.com\/wp-content\/uploads\/2020\/12\/dinamica_ballet_shop_arabesque_doble_01.jpg","type":"image\/jpeg"}],"twitter_card":"summary_large_image","twitter_misc":{"Gesch\u00e4tzte Lesezeit":"2\u00a0Minuten"},"schema":{"@context":"https:\/\/schema.org","@graph":[{"@type":"WebPage","@id":"https:\/\/new.dinamicaballet.com\/de\/producto\/arabesque-doppelt-die-doppelte-ballettstange-zur-wandmontage\/","url":"https:\/\/new.dinamicaballet.com\/de\/producto\/arabesque-doppelt-die-doppelte-ballettstange-zur-wandmontage\/","name":"Doppelte Ballettstange zur Wandmontage | Online-Shop","isPartOf":{"@id":"https:\/\/new.dinamicaballet.com\/de\/#website"},"primaryImageOfPage":{"@id":"https:\/\/new.dinamicaballet.com\/de\/producto\/arabesque-doppelt-die-doppelte-ballettstange-zur-wandmontage\/#primaryimage"},"image":{"@id":"https:\/\/new.dinamicaballet.com\/de\/producto\/arabesque-doppelt-die-doppelte-ballettstange-zur-wandmontage\/#primaryimage"},"thumbnailUrl":"https:\/\/new.dinamicaballet.com\/wp-content\/uploads\/2020\/12\/dinamica_ballet_shop_arabesque_doble_01.jpg","datePublished":"2020-12-03T16:24:53+00:00","dateModified":"2025-03-31T09:14:52+00:00","description":"Die Arabesque Doppelt ist heute ein Klassiker, auf den Laien, Profis und Unterrichtende gleicherma\u00dfen.","inLanguage":"de","potentialAction":[{"@type":"ReadAction","target":["https:\/\/new.dinamicaballet.com\/de\/producto\/arabesque-doppelt-die-doppelte-ballettstange-zur-wandmontage\/"]}]},{"@type":"ImageObject","inLanguage":"de","@id":"https:\/\/new.dinamicaballet.com\/de\/producto\/arabesque-doppelt-die-doppelte-ballettstange-zur-wandmontage\/#primaryimage","url":"https:\/\/new.dinamicaballet.com\/wp-content\/uploads\/2020\/12\/dinamica_ballet_shop_arabesque_doble_01.jpg","contentUrl":"https:\/\/new.dinamicaballet.com\/wp-content\/uploads\/2020\/12\/dinamica_ballet_shop_arabesque_doble_01.jpg","width":600,"height":800,"caption":"Arabesque Doppelt, die doppelte Ballettstange zur Wandmontage"},{"@type":"WebSite","@id":"https:\/\/new.dinamicaballet.com\/de\/#website","url":"https:\/\/new.dinamicaballet.com\/de\/","name":"Dinamica Ballet","description":"Especialistas en barras de ballet y espejos para la danza","publisher":{"@id":"https:\/\/new.dinamicaballet.com\/de\/#organization"},"potentialAction":[{"@type":"SearchAction","target":{"@type":"EntryPoint","urlTemplate":"https:\/\/new.dinamicaballet.com\/de\/?s={search_term_string}"},"query-input":{"@type":"PropertyValueSpecification","valueRequired":true,"valueName":"search_term_string"}}],"inLanguage":"de"},{"@type":"Organization","@id":"https:\/\/new.dinamicaballet.com\/de\/#organization","name":"Dinamica Ballet","url":"https:\/\/new.dinamicaballet.com\/de\/","logo":{"@type":"ImageObject","inLanguage":"de","@id":"https:\/\/new.dinamicaballet.com\/de\/#\/schema\/logo\/image\/","url":"https:\/\/new.dinamicaballet.com\/wp-content\/uploads\/2022\/03\/logo_dinamica_ballet.svg","contentUrl":"https:\/\/new.dinamicaballet.com\/wp-content\/uploads\/2022\/03\/logo_dinamica_ballet.svg","width":284,"height":51,"caption":"Dinamica Ballet"},"image":{"@id":"https:\/\/new.dinamicaballet.com\/de\/#\/schema\/logo\/image\/"},"sameAs":["https:\/\/www.facebook.com\/dinamicaballet","https:\/\/www.instagram.com\/dinamicaballet\/","http:\/\/www.linkedin.com\/company\/dinamica-ballet","https:\/\/www.pinterest.com\/DinamicaBallet\/"]}]}},"taxonomy_info":{"product_cat":[{"value":185,"label":"Ballettstangen f\u00fcr Profis"},{"value":176,"label":"Ballettstangen f\u00fcr zu Hause"},{"value":184,"label":"Wandmontierte Ballettstangen"},{"value":186,"label":"Zwei Holzstangen"}]},"featured_image_src_large":["https:\/\/new.dinamicaballet.com\/wp-content\/uploads\/2020\/12\/dinamica_ballet_shop_arabesque_doble_01.jpg",600,800,false],"author_info":[],"comment_info":"","_links":{"self":[{"href":"https:\/\/new.dinamicaballet.com\/de\/wp-json\/wp\/v2\/product\/7939","targetHints":{"allow":["GET"]}}],"collection":[{"href":"https:\/\/new.dinamicaballet.com\/de\/wp-json\/wp\/v2\/product"}],"about":[{"href":"https:\/\/new.dinamicaballet.com\/de\/wp-json\/wp\/v2\/types\/product"}],"wp:featuredmedia":[{"embeddable":true,"href":"https:\/\/new.dinamicaballet.com\/de\/wp-json\/wp\/v2\/media\/7953"}],"wp:attachment":[{"href":"https:\/\/new.dinamicaballet.com\/de\/wp-json\/wp\/v2\/media?parent=7939"}],"wp:term":[{"taxonomy":"product_brand","embeddable":true,"href":"https:\/\/new.dinamicaballet.com\/de\/wp-json\/wp\/v2\/product_brand?post=7939"},{"taxonomy":"product_cat","embeddable":true,"href":"https:\/\/new.dinamicaballet.com\/de\/wp-json\/wp\/v2\/product_cat?post=7939"},{"taxonomy":"product_tag","embeddable":true,"href":"https:\/\/new.dinamicaballet.com\/de\/wp-json\/wp\/v2\/product_tag?post=7939"}],"curies":[{"name":"wp","href":"https:\/\/api.w.org\/{rel}","templated":true}]}}