{"id":7912,"date":"2020-12-03T16:30:31","date_gmt":"2020-12-03T16:30:31","guid":{"rendered":"https:\/\/www.dinamicaballet.com\/producto\/juliette-die-hohenverstellbare-ballettstange-fur-zu-hause\/"},"modified":"2024-09-20T10:29:27","modified_gmt":"2024-09-20T09:29:27","slug":"juliette-die-hohenverstellbare-ballettstange-fur-zu-hause","status":"publish","type":"product","link":"https:\/\/new.dinamicaballet.com\/de\/producto\/juliette-die-hohenverstellbare-ballettstange-fur-zu-hause\/","title":{"rendered":"Ballettstange mit H\u00f6henregulierung f\u00fcr zu Hause Juliette"},"content":{"rendered":"<h3><strong>Eine Ballettstange f\u00fcr die ganze Familie<\/strong><\/h3>\n<p>Die Juliette l\u00e4sst sich spielend leicht auf zw\u00f6lf verschiedene H\u00f6hen anpassen. Der Abstand zwischen der untersten und der obersten Stufe betr\u00e4gt gro\u00dfz\u00fcgige 33 Zentimeter. F\u00fcr den Einstieg gedacht, ist die Juliette f\u00fcr kleine und gro\u00dfe Ballerinen geschaffen, die ihrer Leidenschaft auch zu Hause fr\u00f6nen m\u00f6chten. Die Stahlsockel mit einem Gewicht von je 6 kg bieten Stabilit\u00e4t und Sicherheit zur Durchf\u00fchrung grundlegender \u00dcbungen und sind zum Schutz vor Abdr\u00fccken an empfindlichen B\u00f6den mit PVC-Kappen ausger\u00fcstet.<\/p>\n<h3><strong>Die nat\u00fcrlich warme Terpentin-Kiefer bietet sicheren Halt<\/strong><\/h3>\n<p>Zur Herstellung von Ballettstangen nutzt Dinamica Ballet ausschlie\u00dflich die am besten geeigneten H\u00f6lzer aus nachhaltiger Forstwirtschaft. Juliette ist mit Stangen aus dem Holz der Terpentin-Kiefer in den L\u00e4ngen 1 m, 1,5 m und 2 m erh\u00e4ltlich. Der Rohstoff f\u00fcr die gebrauchsfertig polierten, griffigen Massivholzstangen vereint die n\u00f6tige Biegsamkeit mit nat\u00fcrlicher Sch\u00f6nheit.<\/p>\n<h3><b>Juliette ist schneller fertig als eine Tasse Tee<\/b><\/h3>\n<p>Bei der Entwicklung unserer Produkte legen wir besonderes Augenmerk auf die beiden wichtigsten Anspr\u00fcche unserer Kunden: Maximale Lebensdauer und einfache, rasche Montage.<\/p>\n<p>Die Juliette l\u00e4sst sich nach Anleitung mit einem Schraubenzieher und dem beiliegenden Inbusschl\u00fcssel in wenigen Minuten aufbauen. Diese Ballettstange ist in unserem Online-Shop erh\u00e4ltlich und wird nach Hause geliefert.<\/p>\n<a href=\"https:\/\/new.dinamicaballet.com\/wp-content\/uploads\/2021\/05\/FT-JULIETTE-0521-2.pdf\" class=\"su-button su-button-style-default\" style=\"color:#006B7C;background-color:#FFF2D5;border-color:#ccc2ab;border-radius:5px\" target=\"_blank\" rel=\"noopener noreferrer\"><span style=\"color:#006B7C;padding:0px 16px;font-size:13px;line-height:26px;border-color:#fff6e2;border-radius:5px;text-shadow:none\"> Technische Details zum Download<\/span><\/a> <a href=\"https:\/\/new.dinamicaballet.com\/wp-content\/uploads\/2021\/03\/Instruccions-Juliette-1.pdf\" class=\"su-button su-button-style-default\" style=\"color:#006B7C;background-color:#FFF2D5;border-color:#ccc2ab;border-radius:5px\" target=\"_blank\" rel=\"noopener noreferrer\"><span style=\"color:#006B7C;padding:0px 16px;font-size:13px;line-height:26px;border-color:#fff6e2;border-radius:5px;text-shadow:none\"> Download der Montageanleitung<\/span><\/a>\n<p>&nbsp;<\/p>\n<div class=\"su-youtube su-u-responsive-media-yes\"><iframe loading=\"lazy\" width=\"600\" height=\"400\" src=\"https:\/\/www.youtube.com\/embed\/HPNgsyrm8BE?autohide=2&amp;autoplay=0&amp;mute=1&amp;controls=1&amp;fs=1&amp;loop=0&amp;modestbranding=0&amp;rel=1&amp;showinfo=1&amp;theme=dark&amp;wmode=&amp;playsinline=0\" frameborder=\"0\" allowfullscreen allow=\"autoplay; encrypted-media; picture-in-picture\" title=\"Ballettstange mit H\u00f6henregulierung f\u00fcr zu Hause Juliette | Dinamica Ballet\"><\/iframe><\/div>\n","protected":false},"excerpt":{"rendered":"<p class=\"et_pb_text et_pb_module et_pb_bg_layout_light et_pb_text_align_left resumen et_pb_text_1\">Die h\u00f6henverstellbare Ballettstange Juliette ist f\u00fcr das Training zu Hause gedacht. Die leichte Konstruktion erm\u00f6glicht die einfache Positionierung der Stange am gew\u00fcnschten Ort und sorgt dennoch f\u00fcr die n\u00f6tige Stabilit\u00e4t zur pr\u00e4zisen Ausf\u00fchrung der Arbeit <em>\u00e0 la barre<\/em>. Juliette ist h\u00f6henverstellbar. Mit zw\u00f6lf unterschiedlichen Positionen ist an das Heranwachsen der kleinen T\u00e4nzerinnen und T\u00e4nzer gedacht.<\/p>\n<p class=\"et_pb_text et_pb_module et_pb_bg_layout_light et_pb_text_align_left resumen et_pb_text_1\"><strong>VERSANDKOSTEN UND STEUERN INBEGRIFFEN<\/strong><\/p>\n","protected":false},"featured_media":7919,"template":"","meta":{"_editorskit_title_hidden":false,"_editorskit_reading_time":0,"_editorskit_is_block_options_detached":false,"_editorskit_block_options_position":"{}","inline_featured_image":false,"_kad_blocks_custom_css":"","_kad_blocks_head_custom_js":"","_kad_blocks_body_custom_js":"","_kad_blocks_footer_custom_js":""},"product_brand":[],"product_cat":[176,175,182,174],"product_tag":[177],"class_list":{"0":"post-7912","1":"product","2":"type-product","3":"status-publish","4":"has-post-thumbnail","6":"product_cat-ballettstangen-fur-zu-hause","7":"product_cat-einer-holzstange","8":"product_cat-hoehenverstellbaren-ballettstangen","9":"product_cat-mobile-ballettstangen","10":"product_tag-movil-de","11":"post","12":"with-featured-image","14":"first","15":"instock","16":"taxable","17":"shipping-taxable","18":"purchasable","19":"product-type-variable"},"yoast_head":"<!-- This site is optimized with the Yoast SEO plugin v27.4 - https:\/\/yoast.com\/product\/yoast-seo-wordpress\/ -->\n<title>H\u00f6henverstellbare Ballettstange f\u00fcr zu Hause | Online-Shop<\/title>\n<meta name=\"description\" content=\"Juliette ist h\u00f6henverstellbar. Mit zw\u00f6lf unterschiedlichen Positionen ist an das Heranwachsen der kleinen T\u00e4nzerinnen und T\u00e4nzer gedacht.\" \/>\n<meta name=\"robots\" content=\"noindex, follow, max-snippet:-1, max-image-preview:large, max-video-preview:-1\" \/>\n<meta property=\"og:locale\" content=\"de_DE\" \/>\n<meta property=\"og:type\" content=\"article\" \/>\n<meta property=\"og:title\" content=\"H\u00f6henverstellbare Ballettstange f\u00fcr zu Hause | Online-Shop\" \/>\n<meta property=\"og:description\" content=\"Juliette ist h\u00f6henverstellbar. Mit zw\u00f6lf unterschiedlichen Positionen ist an das Heranwachsen der kleinen T\u00e4nzerinnen und T\u00e4nzer gedacht.\" \/>\n<meta property=\"og:url\" content=\"https:\/\/new.dinamicaballet.com\/de\/producto\/juliette-die-hohenverstellbare-ballettstange-fur-zu-hause\/\" \/>\n<meta property=\"og:site_name\" content=\"Dinamica Ballet\" \/>\n<meta property=\"article:publisher\" content=\"https:\/\/www.facebook.com\/dinamicaballet\" \/>\n<meta property=\"article:modified_time\" content=\"2024-09-20T09:29:27+00:00\" \/>\n<meta property=\"og:image\" content=\"https:\/\/new.dinamicaballet.com\/wp-content\/uploads\/2020\/12\/dinamica_ballet_shop_juliette_01.jpg\" \/>\n\t<meta property=\"og:image:width\" content=\"600\" \/>\n\t<meta property=\"og:image:height\" content=\"800\" \/>\n\t<meta property=\"og:image:type\" content=\"image\/jpeg\" \/>\n<meta name=\"twitter:card\" content=\"summary_large_image\" \/>\n<meta name=\"twitter:label1\" content=\"Gesch\u00e4tzte Lesezeit\" \/>\n\t<meta name=\"twitter:data1\" content=\"2\u00a0Minuten\" \/>\n<script type=\"application\/ld+json\" class=\"yoast-schema-graph\">{\"@context\":\"https:\\\/\\\/schema.org\",\"@graph\":[{\"@type\":\"WebPage\",\"@id\":\"https:\\\/\\\/new.dinamicaballet.com\\\/de\\\/producto\\\/juliette-die-hohenverstellbare-ballettstange-fur-zu-hause\\\/\",\"url\":\"https:\\\/\\\/new.dinamicaballet.com\\\/de\\\/producto\\\/juliette-die-hohenverstellbare-ballettstange-fur-zu-hause\\\/\",\"name\":\"H\u00f6henverstellbare Ballettstange f\u00fcr zu Hause | Online-Shop\",\"isPartOf\":{\"@id\":\"https:\\\/\\\/new.dinamicaballet.com\\\/de\\\/#website\"},\"primaryImageOfPage\":{\"@id\":\"https:\\\/\\\/new.dinamicaballet.com\\\/de\\\/producto\\\/juliette-die-hohenverstellbare-ballettstange-fur-zu-hause\\\/#primaryimage\"},\"image\":{\"@id\":\"https:\\\/\\\/new.dinamicaballet.com\\\/de\\\/producto\\\/juliette-die-hohenverstellbare-ballettstange-fur-zu-hause\\\/#primaryimage\"},\"thumbnailUrl\":\"https:\\\/\\\/new.dinamicaballet.com\\\/wp-content\\\/uploads\\\/2020\\\/12\\\/dinamica_ballet_shop_juliette_01.jpg\",\"datePublished\":\"2020-12-03T16:30:31+00:00\",\"dateModified\":\"2024-09-20T09:29:27+00:00\",\"description\":\"Juliette ist h\u00f6henverstellbar. Mit zw\u00f6lf unterschiedlichen Positionen ist an das Heranwachsen der kleinen T\u00e4nzerinnen und T\u00e4nzer gedacht.\",\"inLanguage\":\"de\",\"potentialAction\":[{\"@type\":\"ReadAction\",\"target\":[\"https:\\\/\\\/new.dinamicaballet.com\\\/de\\\/producto\\\/juliette-die-hohenverstellbare-ballettstange-fur-zu-hause\\\/\"]}]},{\"@type\":\"ImageObject\",\"inLanguage\":\"de\",\"@id\":\"https:\\\/\\\/new.dinamicaballet.com\\\/de\\\/producto\\\/juliette-die-hohenverstellbare-ballettstange-fur-zu-hause\\\/#primaryimage\",\"url\":\"https:\\\/\\\/new.dinamicaballet.com\\\/wp-content\\\/uploads\\\/2020\\\/12\\\/dinamica_ballet_shop_juliette_01.jpg\",\"contentUrl\":\"https:\\\/\\\/new.dinamicaballet.com\\\/wp-content\\\/uploads\\\/2020\\\/12\\\/dinamica_ballet_shop_juliette_01.jpg\",\"width\":600,\"height\":800,\"caption\":\"Juliette, die h\u00f6henverstellbare Ballettstange f\u00fcr zu Hause\"},{\"@type\":\"WebSite\",\"@id\":\"https:\\\/\\\/new.dinamicaballet.com\\\/de\\\/#website\",\"url\":\"https:\\\/\\\/new.dinamicaballet.com\\\/de\\\/\",\"name\":\"Dinamica Ballet\",\"description\":\"Especialistas en barras de ballet y espejos para la danza\",\"publisher\":{\"@id\":\"https:\\\/\\\/new.dinamicaballet.com\\\/de\\\/#organization\"},\"potentialAction\":[{\"@type\":\"SearchAction\",\"target\":{\"@type\":\"EntryPoint\",\"urlTemplate\":\"https:\\\/\\\/new.dinamicaballet.com\\\/de\\\/?s={search_term_string}\"},\"query-input\":{\"@type\":\"PropertyValueSpecification\",\"valueRequired\":true,\"valueName\":\"search_term_string\"}}],\"inLanguage\":\"de\"},{\"@type\":\"Organization\",\"@id\":\"https:\\\/\\\/new.dinamicaballet.com\\\/de\\\/#organization\",\"name\":\"Dinamica Ballet\",\"url\":\"https:\\\/\\\/new.dinamicaballet.com\\\/de\\\/\",\"logo\":{\"@type\":\"ImageObject\",\"inLanguage\":\"de\",\"@id\":\"https:\\\/\\\/new.dinamicaballet.com\\\/de\\\/#\\\/schema\\\/logo\\\/image\\\/\",\"url\":\"https:\\\/\\\/new.dinamicaballet.com\\\/wp-content\\\/uploads\\\/2022\\\/03\\\/logo_dinamica_ballet.svg\",\"contentUrl\":\"https:\\\/\\\/new.dinamicaballet.com\\\/wp-content\\\/uploads\\\/2022\\\/03\\\/logo_dinamica_ballet.svg\",\"width\":284,\"height\":51,\"caption\":\"Dinamica Ballet\"},\"image\":{\"@id\":\"https:\\\/\\\/new.dinamicaballet.com\\\/de\\\/#\\\/schema\\\/logo\\\/image\\\/\"},\"sameAs\":[\"https:\\\/\\\/www.facebook.com\\\/dinamicaballet\",\"https:\\\/\\\/www.instagram.com\\\/dinamicaballet\\\/\",\"http:\\\/\\\/www.linkedin.com\\\/company\\\/dinamica-ballet\",\"https:\\\/\\\/www.pinterest.com\\\/DinamicaBallet\\\/\"]}]}<\/script>\n<!-- \/ Yoast SEO plugin. -->","yoast_head_json":{"title":"H\u00f6henverstellbare Ballettstange f\u00fcr zu Hause | Online-Shop","description":"Juliette ist h\u00f6henverstellbar. Mit zw\u00f6lf unterschiedlichen Positionen ist an das Heranwachsen der kleinen T\u00e4nzerinnen und T\u00e4nzer gedacht.","robots":{"index":"noindex","follow":"follow","max-snippet":"max-snippet:-1","max-image-preview":"max-image-preview:large","max-video-preview":"max-video-preview:-1"},"og_locale":"de_DE","og_type":"article","og_title":"H\u00f6henverstellbare Ballettstange f\u00fcr zu Hause | Online-Shop","og_description":"Juliette ist h\u00f6henverstellbar. Mit zw\u00f6lf unterschiedlichen Positionen ist an das Heranwachsen der kleinen T\u00e4nzerinnen und T\u00e4nzer gedacht.","og_url":"https:\/\/new.dinamicaballet.com\/de\/producto\/juliette-die-hohenverstellbare-ballettstange-fur-zu-hause\/","og_site_name":"Dinamica Ballet","article_publisher":"https:\/\/www.facebook.com\/dinamicaballet","article_modified_time":"2024-09-20T09:29:27+00:00","og_image":[{"width":600,"height":800,"url":"https:\/\/new.dinamicaballet.com\/wp-content\/uploads\/2020\/12\/dinamica_ballet_shop_juliette_01.jpg","type":"image\/jpeg"}],"twitter_card":"summary_large_image","twitter_misc":{"Gesch\u00e4tzte Lesezeit":"2\u00a0Minuten"},"schema":{"@context":"https:\/\/schema.org","@graph":[{"@type":"WebPage","@id":"https:\/\/new.dinamicaballet.com\/de\/producto\/juliette-die-hohenverstellbare-ballettstange-fur-zu-hause\/","url":"https:\/\/new.dinamicaballet.com\/de\/producto\/juliette-die-hohenverstellbare-ballettstange-fur-zu-hause\/","name":"H\u00f6henverstellbare Ballettstange f\u00fcr zu Hause | Online-Shop","isPartOf":{"@id":"https:\/\/new.dinamicaballet.com\/de\/#website"},"primaryImageOfPage":{"@id":"https:\/\/new.dinamicaballet.com\/de\/producto\/juliette-die-hohenverstellbare-ballettstange-fur-zu-hause\/#primaryimage"},"image":{"@id":"https:\/\/new.dinamicaballet.com\/de\/producto\/juliette-die-hohenverstellbare-ballettstange-fur-zu-hause\/#primaryimage"},"thumbnailUrl":"https:\/\/new.dinamicaballet.com\/wp-content\/uploads\/2020\/12\/dinamica_ballet_shop_juliette_01.jpg","datePublished":"2020-12-03T16:30:31+00:00","dateModified":"2024-09-20T09:29:27+00:00","description":"Juliette ist h\u00f6henverstellbar. Mit zw\u00f6lf unterschiedlichen Positionen ist an das Heranwachsen der kleinen T\u00e4nzerinnen und T\u00e4nzer gedacht.","inLanguage":"de","potentialAction":[{"@type":"ReadAction","target":["https:\/\/new.dinamicaballet.com\/de\/producto\/juliette-die-hohenverstellbare-ballettstange-fur-zu-hause\/"]}]},{"@type":"ImageObject","inLanguage":"de","@id":"https:\/\/new.dinamicaballet.com\/de\/producto\/juliette-die-hohenverstellbare-ballettstange-fur-zu-hause\/#primaryimage","url":"https:\/\/new.dinamicaballet.com\/wp-content\/uploads\/2020\/12\/dinamica_ballet_shop_juliette_01.jpg","contentUrl":"https:\/\/new.dinamicaballet.com\/wp-content\/uploads\/2020\/12\/dinamica_ballet_shop_juliette_01.jpg","width":600,"height":800,"caption":"Juliette, die h\u00f6henverstellbare Ballettstange f\u00fcr zu Hause"},{"@type":"WebSite","@id":"https:\/\/new.dinamicaballet.com\/de\/#website","url":"https:\/\/new.dinamicaballet.com\/de\/","name":"Dinamica Ballet","description":"Especialistas en barras de ballet y espejos para la danza","publisher":{"@id":"https:\/\/new.dinamicaballet.com\/de\/#organization"},"potentialAction":[{"@type":"SearchAction","target":{"@type":"EntryPoint","urlTemplate":"https:\/\/new.dinamicaballet.com\/de\/?s={search_term_string}"},"query-input":{"@type":"PropertyValueSpecification","valueRequired":true,"valueName":"search_term_string"}}],"inLanguage":"de"},{"@type":"Organization","@id":"https:\/\/new.dinamicaballet.com\/de\/#organization","name":"Dinamica Ballet","url":"https:\/\/new.dinamicaballet.com\/de\/","logo":{"@type":"ImageObject","inLanguage":"de","@id":"https:\/\/new.dinamicaballet.com\/de\/#\/schema\/logo\/image\/","url":"https:\/\/new.dinamicaballet.com\/wp-content\/uploads\/2022\/03\/logo_dinamica_ballet.svg","contentUrl":"https:\/\/new.dinamicaballet.com\/wp-content\/uploads\/2022\/03\/logo_dinamica_ballet.svg","width":284,"height":51,"caption":"Dinamica Ballet"},"image":{"@id":"https:\/\/new.dinamicaballet.com\/de\/#\/schema\/logo\/image\/"},"sameAs":["https:\/\/www.facebook.com\/dinamicaballet","https:\/\/www.instagram.com\/dinamicaballet\/","http:\/\/www.linkedin.com\/company\/dinamica-ballet","https:\/\/www.pinterest.com\/DinamicaBallet\/"]}]}},"taxonomy_info":{"product_cat":[{"value":176,"label":"Ballettstangen f\u00fcr zu Hause"},{"value":175,"label":"Einer Holzstange"},{"value":182,"label":"H\u00f6henverstellbaren Ballettstangen"},{"value":174,"label":"Mobile Ballettstangen"}],"product_tag":[{"value":177,"label":"movil"}]},"featured_image_src_large":["https:\/\/new.dinamicaballet.com\/wp-content\/uploads\/2020\/12\/dinamica_ballet_shop_juliette_01.jpg",600,800,false],"author_info":[],"comment_info":"","_links":{"self":[{"href":"https:\/\/new.dinamicaballet.com\/de\/wp-json\/wp\/v2\/product\/7912","targetHints":{"allow":["GET"]}}],"collection":[{"href":"https:\/\/new.dinamicaballet.com\/de\/wp-json\/wp\/v2\/product"}],"about":[{"href":"https:\/\/new.dinamicaballet.com\/de\/wp-json\/wp\/v2\/types\/product"}],"wp:featuredmedia":[{"embeddable":true,"href":"https:\/\/new.dinamicaballet.com\/de\/wp-json\/wp\/v2\/media\/7919"}],"wp:attachment":[{"href":"https:\/\/new.dinamicaballet.com\/de\/wp-json\/wp\/v2\/media?parent=7912"}],"wp:term":[{"taxonomy":"product_brand","embeddable":true,"href":"https:\/\/new.dinamicaballet.com\/de\/wp-json\/wp\/v2\/product_brand?post=7912"},{"taxonomy":"product_cat","embeddable":true,"href":"https:\/\/new.dinamicaballet.com\/de\/wp-json\/wp\/v2\/product_cat?post=7912"},{"taxonomy":"product_tag","embeddable":true,"href":"https:\/\/new.dinamicaballet.com\/de\/wp-json\/wp\/v2\/product_tag?post=7912"}],"curies":[{"name":"wp","href":"https:\/\/api.w.org\/{rel}","templated":true}]}}