{"id":7897,"date":"2020-12-03T16:24:53","date_gmt":"2021-12-16T14:58:45","guid":{"rendered":"https:\/\/www.dinamicaballet.com\/?post_type=product&#038;p=7897"},"modified":"2024-09-20T10:20:35","modified_gmt":"2024-09-20T09:20:35","slug":"mobile-ballettstange-fur-zu-hause-prima","status":"publish","type":"product","link":"https:\/\/new.dinamicaballet.com\/de\/producto\/mobile-ballettstange-fur-zu-hause-prima\/","title":{"rendered":"Ballettstange f\u00fcr zu Hause Prima"},"content":{"rendered":"<h3>Die mobile Ballettstange f\u00fcr zu Hause<\/h3>\n<p>Die Prima ist die ideale Ballettstange f\u00fcr den Einstieg und zum \u00dcben zwischen den Ballettstunden. Die Stahlsockel mit einem Gewicht von je 6 kg verf\u00fcgen \u00fcber PVC-Kappen, die vor Abdr\u00fccken auf empfindlichen B\u00f6den sch\u00fctzen und beim Aufw\u00e4rmen sowie beim Techniktraining f\u00fcr sicheren Stand sorgen. Mit einem Gesamtgewicht von 17 kg ist die Prima unsere leichteste Ballettstange, sie l\u00e4sst sich nach der Nutzung ganz einfach wegr\u00e4umen. Oder vielleicht doch einfach stehen lassen? Die weichen Linien und das edle Design der Prima verleihen dem Raum das luftige Flair eines Ballettsaals\u2026<\/p>\n<h3>Minimalistisches Design und professionelle Materialen<\/h3>\n<p>Genau wie ihre gr\u00f6\u00dferen Schwestern gl\u00e4nzt die Prima mit Qualit\u00e4t: wie bei allen unseren Ballettstangen kommen auch hier nur Materialien von h\u00f6chster G\u00fcte zum Einsatz. Die aus Stahl gefertigten Sockel und Standbeine verf\u00fcgen \u00fcber eine silberfarbene, kratzfeste EP-Beschichtung. Die mit Schrauben direkt an der Halterung montierte, aus dem Holz der Terpentin-Kiefer gefertigte Stange sorgt f\u00fcr den sicheren und angenehmen Griff. Die Prima ist die preiswerteste Ballettstange unserer Kollektion und dennoch ein hochwertiges Ger\u00e4t, mit dem die Freude am Tanzen viele Jahre lang erhalten bleibt. Bei der Prima stehen Stangen mit einer L\u00e4nge von 1 m, 1,5 m und 2 m zur Auswahl.<\/p>\n<h3>Nach Hause liefern lassen und f\u00fcnf Minuten sp\u00e4ter tanzen<\/h3>\n<p>Die Prima ist jene Ballettstange, auf die die Mehrzahl unserer Kunden zu Hause vertraut. Lassen auch Sie sich diese in unserem Online-Shop erh\u00e4ltliche Ballettstange einfach an die Haust\u00fcr liefern. Ein Schraubenzieher und der mitgelieferte Inbusschl\u00fcssel ist alles, was Sie zur Montage dieser Ballettstange f\u00fcr zu Hause ben\u00f6tigen.<\/p>\n<a href=\"https:\/\/new.dinamicaballet.com\/wp-content\/uploads\/2021\/05\/FT-PRIMA-0521-2.pdf\" class=\"su-button su-button-style-default\" style=\"color:#006B7C;background-color:#FFF2D5;border-color:#ccc2ab;border-radius:5px\" target=\"_blank\" rel=\"noopener noreferrer\"><span style=\"color:#006B7C;padding:0px 16px;font-size:13px;line-height:26px;border-color:#fff6e2;border-radius:5px;text-shadow:none\"> Technische Details zum Download<\/span><\/a> <a href=\"https:\/\/new.dinamicaballet.com\/wp-content\/uploads\/2022\/01\/Instruccions-Prima.pdf\" class=\"su-button su-button-style-default\" style=\"color:#006B7C;background-color:#FFF2D5;border-color:#ccc2ab;border-radius:5px\" target=\"_blank\" rel=\"noopener noreferrer\"><span style=\"color:#006B7C;padding:0px 16px;font-size:13px;line-height:26px;border-color:#fff6e2;border-radius:5px;text-shadow:none\"> Download der Montageanleitung<\/span><\/a>\n<p>&nbsp;<\/p>\n<div class=\"su-youtube su-u-responsive-media-yes\"><iframe loading=\"lazy\" width=\"600\" height=\"400\" src=\"https:\/\/www.youtube.com\/embed\/IvazRLqA2Uk?autohide=2&amp;autoplay=0&amp;mute=1&amp;controls=1&amp;fs=1&amp;loop=0&amp;modestbranding=0&amp;rel=1&amp;showinfo=1&amp;theme=dark&amp;wmode=&amp;playsinline=0\" frameborder=\"0\" allowfullscreen allow=\"autoplay; encrypted-media; picture-in-picture\" title=\"\"><\/iframe><\/div>\n","protected":false},"excerpt":{"rendered":"<p>Mit der Prima k\u00f6nnen kleine und gro\u00dfe Tanztalente bequem in den eigenen vier W\u00e4nden \u00fcben und tanzen. Diese leichte Ballettstange l\u00e4sst sich m\u00fchelos am gew\u00fcnschten Ort platzieren und bietet ausreichend Stabilit\u00e4t. So gelingt das <em>battement fondu<\/em> ganz sicher!<\/p>\n<p><strong>VERSANDKOSTEN UND STEUERN INBEGRIFFEN<\/strong><\/p>\n","protected":false},"featured_media":7908,"template":"","meta":{"_editorskit_title_hidden":false,"_editorskit_reading_time":0,"_editorskit_is_block_options_detached":false,"_editorskit_block_options_position":"{}","inline_featured_image":false,"_kad_blocks_custom_css":"","_kad_blocks_head_custom_js":"","_kad_blocks_body_custom_js":"","_kad_blocks_footer_custom_js":""},"product_brand":[],"product_cat":[176,175,174],"product_tag":[177,178],"class_list":{"0":"post-7897","1":"product","2":"type-product","3":"status-publish","4":"has-post-thumbnail","6":"product_cat-ballettstangen-fur-zu-hause","7":"product_cat-einer-holzstange","8":"product_cat-mobile-ballettstangen","9":"product_tag-movil-de","10":"product_tag-prima-de","11":"post","12":"with-featured-image","14":"first","15":"instock","16":"taxable","17":"shipping-taxable","18":"purchasable","19":"product-type-variable"},"yoast_head":"<!-- This site is optimized with the Yoast SEO plugin v27.4 - https:\/\/yoast.com\/product\/yoast-seo-wordpress\/ -->\n<title>Mobile Ballettstange f\u00fcr zu Hause Prima | Online-shop | Dinamica Ballet<\/title>\n<meta name=\"description\" content=\"Diese leichte Ballettstange l\u00e4sst sich m\u00fchelos am gew\u00fcnschten Ort platzieren und bietet ausreichend Stabilit\u00e4t.\" \/>\n<meta name=\"robots\" content=\"noindex, follow, max-snippet:-1, max-image-preview:large, max-video-preview:-1\" \/>\n<meta property=\"og:locale\" content=\"de_DE\" \/>\n<meta property=\"og:type\" content=\"article\" \/>\n<meta property=\"og:title\" content=\"Mobile Ballettstange f\u00fcr zu Hause Prima | Online-shop | Dinamica Ballet\" \/>\n<meta property=\"og:description\" content=\"Diese leichte Ballettstange l\u00e4sst sich m\u00fchelos am gew\u00fcnschten Ort platzieren und bietet ausreichend Stabilit\u00e4t.\" \/>\n<meta property=\"og:url\" content=\"https:\/\/new.dinamicaballet.com\/de\/producto\/mobile-ballettstange-fur-zu-hause-prima\/\" \/>\n<meta property=\"og:site_name\" content=\"Dinamica Ballet\" \/>\n<meta property=\"article:publisher\" content=\"https:\/\/www.facebook.com\/dinamicaballet\" \/>\n<meta property=\"article:modified_time\" content=\"2024-09-20T09:20:35+00:00\" \/>\n<meta property=\"og:image\" content=\"https:\/\/new.dinamicaballet.com\/wp-content\/uploads\/2020\/12\/dinamica_ballet_shop_prima_01.jpg\" \/>\n\t<meta property=\"og:image:width\" content=\"600\" \/>\n\t<meta property=\"og:image:height\" content=\"800\" \/>\n\t<meta property=\"og:image:type\" content=\"image\/jpeg\" \/>\n<meta name=\"twitter:card\" content=\"summary_large_image\" \/>\n<meta name=\"twitter:label1\" content=\"Gesch\u00e4tzte Lesezeit\" \/>\n\t<meta name=\"twitter:data1\" content=\"2\u00a0Minuten\" \/>\n<script type=\"application\/ld+json\" class=\"yoast-schema-graph\">{\"@context\":\"https:\\\/\\\/schema.org\",\"@graph\":[{\"@type\":\"WebPage\",\"@id\":\"https:\\\/\\\/new.dinamicaballet.com\\\/de\\\/producto\\\/mobile-ballettstange-fur-zu-hause-prima\\\/\",\"url\":\"https:\\\/\\\/new.dinamicaballet.com\\\/de\\\/producto\\\/mobile-ballettstange-fur-zu-hause-prima\\\/\",\"name\":\"Mobile Ballettstange f\u00fcr zu Hause Prima | Online-shop | Dinamica Ballet\",\"isPartOf\":{\"@id\":\"https:\\\/\\\/new.dinamicaballet.com\\\/de\\\/#website\"},\"primaryImageOfPage\":{\"@id\":\"https:\\\/\\\/new.dinamicaballet.com\\\/de\\\/producto\\\/mobile-ballettstange-fur-zu-hause-prima\\\/#primaryimage\"},\"image\":{\"@id\":\"https:\\\/\\\/new.dinamicaballet.com\\\/de\\\/producto\\\/mobile-ballettstange-fur-zu-hause-prima\\\/#primaryimage\"},\"thumbnailUrl\":\"https:\\\/\\\/new.dinamicaballet.com\\\/wp-content\\\/uploads\\\/2020\\\/12\\\/dinamica_ballet_shop_prima_01.jpg\",\"datePublished\":\"2021-12-16T14:58:45+00:00\",\"dateModified\":\"2024-09-20T09:20:35+00:00\",\"description\":\"Diese leichte Ballettstange l\u00e4sst sich m\u00fchelos am gew\u00fcnschten Ort platzieren und bietet ausreichend Stabilit\u00e4t.\",\"inLanguage\":\"de\",\"potentialAction\":[{\"@type\":\"ReadAction\",\"target\":[\"https:\\\/\\\/new.dinamicaballet.com\\\/de\\\/producto\\\/mobile-ballettstange-fur-zu-hause-prima\\\/\"]}]},{\"@type\":\"ImageObject\",\"inLanguage\":\"de\",\"@id\":\"https:\\\/\\\/new.dinamicaballet.com\\\/de\\\/producto\\\/mobile-ballettstange-fur-zu-hause-prima\\\/#primaryimage\",\"url\":\"https:\\\/\\\/new.dinamicaballet.com\\\/wp-content\\\/uploads\\\/2020\\\/12\\\/dinamica_ballet_shop_prima_01.jpg\",\"contentUrl\":\"https:\\\/\\\/new.dinamicaballet.com\\\/wp-content\\\/uploads\\\/2020\\\/12\\\/dinamica_ballet_shop_prima_01.jpg\",\"width\":600,\"height\":800},{\"@type\":\"WebSite\",\"@id\":\"https:\\\/\\\/new.dinamicaballet.com\\\/de\\\/#website\",\"url\":\"https:\\\/\\\/new.dinamicaballet.com\\\/de\\\/\",\"name\":\"Dinamica Ballet\",\"description\":\"Especialistas en barras de ballet y espejos para la danza\",\"publisher\":{\"@id\":\"https:\\\/\\\/new.dinamicaballet.com\\\/de\\\/#organization\"},\"potentialAction\":[{\"@type\":\"SearchAction\",\"target\":{\"@type\":\"EntryPoint\",\"urlTemplate\":\"https:\\\/\\\/new.dinamicaballet.com\\\/de\\\/?s={search_term_string}\"},\"query-input\":{\"@type\":\"PropertyValueSpecification\",\"valueRequired\":true,\"valueName\":\"search_term_string\"}}],\"inLanguage\":\"de\"},{\"@type\":\"Organization\",\"@id\":\"https:\\\/\\\/new.dinamicaballet.com\\\/de\\\/#organization\",\"name\":\"Dinamica Ballet\",\"url\":\"https:\\\/\\\/new.dinamicaballet.com\\\/de\\\/\",\"logo\":{\"@type\":\"ImageObject\",\"inLanguage\":\"de\",\"@id\":\"https:\\\/\\\/new.dinamicaballet.com\\\/de\\\/#\\\/schema\\\/logo\\\/image\\\/\",\"url\":\"https:\\\/\\\/new.dinamicaballet.com\\\/wp-content\\\/uploads\\\/2022\\\/03\\\/logo_dinamica_ballet.svg\",\"contentUrl\":\"https:\\\/\\\/new.dinamicaballet.com\\\/wp-content\\\/uploads\\\/2022\\\/03\\\/logo_dinamica_ballet.svg\",\"width\":284,\"height\":51,\"caption\":\"Dinamica Ballet\"},\"image\":{\"@id\":\"https:\\\/\\\/new.dinamicaballet.com\\\/de\\\/#\\\/schema\\\/logo\\\/image\\\/\"},\"sameAs\":[\"https:\\\/\\\/www.facebook.com\\\/dinamicaballet\",\"https:\\\/\\\/www.instagram.com\\\/dinamicaballet\\\/\",\"http:\\\/\\\/www.linkedin.com\\\/company\\\/dinamica-ballet\",\"https:\\\/\\\/www.pinterest.com\\\/DinamicaBallet\\\/\"]}]}<\/script>\n<!-- \/ Yoast SEO plugin. -->","yoast_head_json":{"title":"Mobile Ballettstange f\u00fcr zu Hause Prima | Online-shop | Dinamica Ballet","description":"Diese leichte Ballettstange l\u00e4sst sich m\u00fchelos am gew\u00fcnschten Ort platzieren und bietet ausreichend Stabilit\u00e4t.","robots":{"index":"noindex","follow":"follow","max-snippet":"max-snippet:-1","max-image-preview":"max-image-preview:large","max-video-preview":"max-video-preview:-1"},"og_locale":"de_DE","og_type":"article","og_title":"Mobile Ballettstange f\u00fcr zu Hause Prima | Online-shop | Dinamica Ballet","og_description":"Diese leichte Ballettstange l\u00e4sst sich m\u00fchelos am gew\u00fcnschten Ort platzieren und bietet ausreichend Stabilit\u00e4t.","og_url":"https:\/\/new.dinamicaballet.com\/de\/producto\/mobile-ballettstange-fur-zu-hause-prima\/","og_site_name":"Dinamica Ballet","article_publisher":"https:\/\/www.facebook.com\/dinamicaballet","article_modified_time":"2024-09-20T09:20:35+00:00","og_image":[{"width":600,"height":800,"url":"https:\/\/new.dinamicaballet.com\/wp-content\/uploads\/2020\/12\/dinamica_ballet_shop_prima_01.jpg","type":"image\/jpeg"}],"twitter_card":"summary_large_image","twitter_misc":{"Gesch\u00e4tzte Lesezeit":"2\u00a0Minuten"},"schema":{"@context":"https:\/\/schema.org","@graph":[{"@type":"WebPage","@id":"https:\/\/new.dinamicaballet.com\/de\/producto\/mobile-ballettstange-fur-zu-hause-prima\/","url":"https:\/\/new.dinamicaballet.com\/de\/producto\/mobile-ballettstange-fur-zu-hause-prima\/","name":"Mobile Ballettstange f\u00fcr zu Hause Prima | Online-shop | Dinamica Ballet","isPartOf":{"@id":"https:\/\/new.dinamicaballet.com\/de\/#website"},"primaryImageOfPage":{"@id":"https:\/\/new.dinamicaballet.com\/de\/producto\/mobile-ballettstange-fur-zu-hause-prima\/#primaryimage"},"image":{"@id":"https:\/\/new.dinamicaballet.com\/de\/producto\/mobile-ballettstange-fur-zu-hause-prima\/#primaryimage"},"thumbnailUrl":"https:\/\/new.dinamicaballet.com\/wp-content\/uploads\/2020\/12\/dinamica_ballet_shop_prima_01.jpg","datePublished":"2021-12-16T14:58:45+00:00","dateModified":"2024-09-20T09:20:35+00:00","description":"Diese leichte Ballettstange l\u00e4sst sich m\u00fchelos am gew\u00fcnschten Ort platzieren und bietet ausreichend Stabilit\u00e4t.","inLanguage":"de","potentialAction":[{"@type":"ReadAction","target":["https:\/\/new.dinamicaballet.com\/de\/producto\/mobile-ballettstange-fur-zu-hause-prima\/"]}]},{"@type":"ImageObject","inLanguage":"de","@id":"https:\/\/new.dinamicaballet.com\/de\/producto\/mobile-ballettstange-fur-zu-hause-prima\/#primaryimage","url":"https:\/\/new.dinamicaballet.com\/wp-content\/uploads\/2020\/12\/dinamica_ballet_shop_prima_01.jpg","contentUrl":"https:\/\/new.dinamicaballet.com\/wp-content\/uploads\/2020\/12\/dinamica_ballet_shop_prima_01.jpg","width":600,"height":800},{"@type":"WebSite","@id":"https:\/\/new.dinamicaballet.com\/de\/#website","url":"https:\/\/new.dinamicaballet.com\/de\/","name":"Dinamica Ballet","description":"Especialistas en barras de ballet y espejos para la danza","publisher":{"@id":"https:\/\/new.dinamicaballet.com\/de\/#organization"},"potentialAction":[{"@type":"SearchAction","target":{"@type":"EntryPoint","urlTemplate":"https:\/\/new.dinamicaballet.com\/de\/?s={search_term_string}"},"query-input":{"@type":"PropertyValueSpecification","valueRequired":true,"valueName":"search_term_string"}}],"inLanguage":"de"},{"@type":"Organization","@id":"https:\/\/new.dinamicaballet.com\/de\/#organization","name":"Dinamica Ballet","url":"https:\/\/new.dinamicaballet.com\/de\/","logo":{"@type":"ImageObject","inLanguage":"de","@id":"https:\/\/new.dinamicaballet.com\/de\/#\/schema\/logo\/image\/","url":"https:\/\/new.dinamicaballet.com\/wp-content\/uploads\/2022\/03\/logo_dinamica_ballet.svg","contentUrl":"https:\/\/new.dinamicaballet.com\/wp-content\/uploads\/2022\/03\/logo_dinamica_ballet.svg","width":284,"height":51,"caption":"Dinamica Ballet"},"image":{"@id":"https:\/\/new.dinamicaballet.com\/de\/#\/schema\/logo\/image\/"},"sameAs":["https:\/\/www.facebook.com\/dinamicaballet","https:\/\/www.instagram.com\/dinamicaballet\/","http:\/\/www.linkedin.com\/company\/dinamica-ballet","https:\/\/www.pinterest.com\/DinamicaBallet\/"]}]}},"taxonomy_info":{"product_cat":[{"value":176,"label":"Ballettstangen f\u00fcr zu Hause"},{"value":175,"label":"Einer Holzstange"},{"value":174,"label":"Mobile Ballettstangen"}],"product_tag":[{"value":177,"label":"movil"},{"value":178,"label":"prima"}]},"featured_image_src_large":["https:\/\/new.dinamicaballet.com\/wp-content\/uploads\/2020\/12\/dinamica_ballet_shop_prima_01.jpg",600,800,false],"author_info":[],"comment_info":"","_links":{"self":[{"href":"https:\/\/new.dinamicaballet.com\/de\/wp-json\/wp\/v2\/product\/7897","targetHints":{"allow":["GET"]}}],"collection":[{"href":"https:\/\/new.dinamicaballet.com\/de\/wp-json\/wp\/v2\/product"}],"about":[{"href":"https:\/\/new.dinamicaballet.com\/de\/wp-json\/wp\/v2\/types\/product"}],"wp:featuredmedia":[{"embeddable":true,"href":"https:\/\/new.dinamicaballet.com\/de\/wp-json\/wp\/v2\/media\/7908"}],"wp:attachment":[{"href":"https:\/\/new.dinamicaballet.com\/de\/wp-json\/wp\/v2\/media?parent=7897"}],"wp:term":[{"taxonomy":"product_brand","embeddable":true,"href":"https:\/\/new.dinamicaballet.com\/de\/wp-json\/wp\/v2\/product_brand?post=7897"},{"taxonomy":"product_cat","embeddable":true,"href":"https:\/\/new.dinamicaballet.com\/de\/wp-json\/wp\/v2\/product_cat?post=7897"},{"taxonomy":"product_tag","embeddable":true,"href":"https:\/\/new.dinamicaballet.com\/de\/wp-json\/wp\/v2\/product_tag?post=7897"}],"curies":[{"name":"wp","href":"https:\/\/api.w.org\/{rel}","templated":true}]}}