{"id":73468,"date":"2022-02-11T09:07:12","date_gmt":"2022-02-11T09:07:12","guid":{"rendered":"https:\/\/www.dinamicaballet.com\/tienda\/unkategorisiert\/zweiseitiget-anzmatte\/"},"modified":"2024-09-09T17:15:03","modified_gmt":"2024-09-09T16:15:03","slug":"zweiseitige-tanzmatte","status":"publish","type":"product","link":"https:\/\/new.dinamicaballet.com\/de\/producto\/zweiseitige-tanzmatte\/","title":{"rendered":"Zweiseitige Tanzmatte"},"content":{"rendered":"<h3 class=\"p1\"><b>F\u00fcr h\u00f6chste Anspr\u00fcche: zwei Matten in einer<\/b><\/h3>\n<p class=\"p2\">Sie verf\u00fcgt \u00fcber eine schwarze und eine graue Seite, die beide dieselbe Funktion bieten. F\u00fcr eine gleichm\u00e4\u00dfige Nutzung empfiehlt es sich, beide Seiten der Matte abwechselnd als Tanzfl\u00e4che zu nutzen. Die Tanzteppich ist weich, verf\u00fcgt \u00fcber sehr gute sto\u00dfd\u00e4mpfende Eigenschaften und bietet perfekten Halt bei \u00dcbungen aller Tanzdisziplinen, ganz gleich, ob das Training frei oder an der Stange erfolgt. Die beiden rutschfesten PVC-Schichten haften sehr gut auf allen Bodentypen, wer auf Nummer sicher gehen will, kann die Matte zus\u00e4tzlich mit Klebeband fixieren.<\/p>\n<p class=\"p2\">F\u00fcr den Eigengebrauch ist die Tanzteppich in drei unterschiedlichen Gr\u00f6\u00dfen erh\u00e4ltlich:<\/p>\n<ul class=\"ul1\">\n<li class=\"li2\">200 x 100 cm<\/li>\n<li class=\"li2\">200 x 150 cm<\/li>\n<li class=\"li2\">200 x 195 cm<\/li>\n<\/ul>\n<a href=\"https:\/\/new.dinamicaballet.com\" class=\"su-button su-button-style-default\" style=\"color:#006B7C;background-color:#FFF2D5;border-color:#ccc2ab;border-radius:5px\" target=\"_blank\" rel=\"noopener noreferrer\"><span style=\"color:#006B7C;padding:0px 16px;font-size:13px;line-height:26px;border-color:#fff6e2;border-radius:5px;text-shadow:none\"> Download technischer Informationen<\/span><\/a>\n","protected":false},"excerpt":{"rendered":"<p class=\"p1\">Die Tanzmatte bietet gelenkschonende Federung und bietet perfekte Stabilit\u00e4t zum Ausf\u00fchren von \u00dcbungen, so wie zum Aufw\u00e4rmen <i>\u00e1 terre<\/i> \u2013 jederzeit und \u00fcberall. Die zweiseitige Matte besteht aus zwei weichen und rutschfesten PVC-Bahnen. Mit dieser Tanzmatte k\u00f6nnen Drehbewegungen sicher und unbeschwert ge\u00fcbt werden. Die in drei Gr\u00f6\u00dfen erh\u00e4ltliche Tanzteppich erleichtert das Training zu Hause und das Aufw\u00e4rmen bei Proben. Von Hip-Hop \u00fcber zeitgen\u00f6ssischen Tanz, Jazztanz bis hin zu Flamenco und Stepptanz&#8230;. die Tanzteppich ist Ihre perfekte Verb\u00fcndete beim Aufw\u00e4rmen, Trainieren und Proben.<\/p>\n<p class=\"p1\"><b>VERSANDKOSTEN UND STEUERN INBEGRIFFEN<\/b><\/p>\n","protected":false},"featured_media":62085,"template":"","meta":{"_editorskit_title_hidden":false,"_editorskit_reading_time":0,"_editorskit_is_block_options_detached":false,"_editorskit_block_options_position":"{}","inline_featured_image":false,"_kad_blocks_custom_css":"","_kad_blocks_head_custom_js":"","_kad_blocks_body_custom_js":"","_kad_blocks_footer_custom_js":""},"product_brand":[],"product_cat":[176,329],"product_tag":[],"class_list":{"0":"post-73468","1":"product","2":"type-product","3":"status-publish","4":"has-post-thumbnail","6":"product_cat-ballettstangen-fur-zu-hause","7":"product_cat-zubehoer","8":"post","9":"with-featured-image","11":"first","12":"instock","13":"taxable","14":"shipping-taxable","15":"purchasable","16":"product-type-variable"},"yoast_head":"<!-- This site is optimized with the Yoast SEO plugin v27.4 - https:\/\/yoast.com\/product\/yoast-seo-wordpress\/ -->\n<title>Zweiseitige Tanzmatte | Dinamica Ballet<\/title>\n<meta name=\"description\" content=\"Die Tanzmatte bietet gelenkschonende Federung und bietet perfekte Stabilit\u00e4t zum Ausf\u00fchren von \u00dcbungen, so wie zum Aufw\u00e4rmen \u00e1 terre \u2013 jederzeit und \u00fcberall\" \/>\n<meta name=\"robots\" content=\"noindex, follow, max-snippet:-1, max-image-preview:large, max-video-preview:-1\" \/>\n<meta property=\"og:locale\" content=\"de_DE\" \/>\n<meta property=\"og:type\" content=\"article\" \/>\n<meta property=\"og:title\" content=\"Zweiseitige Tanzmatte | Dinamica Ballet\" \/>\n<meta property=\"og:description\" content=\"Die Tanzmatte bietet gelenkschonende Federung und bietet perfekte Stabilit\u00e4t zum Ausf\u00fchren von \u00dcbungen, so wie zum Aufw\u00e4rmen \u00e1 terre \u2013 jederzeit und \u00fcberall\" \/>\n<meta property=\"og:url\" content=\"https:\/\/new.dinamicaballet.com\/de\/producto\/zweiseitige-tanzmatte\/\" \/>\n<meta property=\"og:site_name\" content=\"Dinamica Ballet\" \/>\n<meta property=\"article:publisher\" content=\"https:\/\/www.facebook.com\/dinamicaballet\" \/>\n<meta property=\"article:modified_time\" content=\"2024-09-09T16:15:03+00:00\" \/>\n<meta property=\"og:image\" content=\"https:\/\/new.dinamicaballet.com\/wp-content\/uploads\/2022\/02\/esterilla_dinamica_ballet.jpg\" \/>\n\t<meta property=\"og:image:width\" content=\"600\" \/>\n\t<meta property=\"og:image:height\" content=\"800\" \/>\n\t<meta property=\"og:image:type\" content=\"image\/jpeg\" \/>\n<meta name=\"twitter:card\" content=\"summary_large_image\" \/>\n<meta name=\"twitter:label1\" content=\"Gesch\u00e4tzte Lesezeit\" \/>\n\t<meta name=\"twitter:data1\" content=\"1\u00a0Minute\" \/>\n<script type=\"application\/ld+json\" class=\"yoast-schema-graph\">{\"@context\":\"https:\\\/\\\/schema.org\",\"@graph\":[{\"@type\":\"WebPage\",\"@id\":\"https:\\\/\\\/new.dinamicaballet.com\\\/de\\\/producto\\\/zweiseitige-tanzmatte\\\/\",\"url\":\"https:\\\/\\\/new.dinamicaballet.com\\\/de\\\/producto\\\/zweiseitige-tanzmatte\\\/\",\"name\":\"Zweiseitige Tanzmatte | Dinamica Ballet\",\"isPartOf\":{\"@id\":\"https:\\\/\\\/new.dinamicaballet.com\\\/de\\\/#website\"},\"primaryImageOfPage\":{\"@id\":\"https:\\\/\\\/new.dinamicaballet.com\\\/de\\\/producto\\\/zweiseitige-tanzmatte\\\/#primaryimage\"},\"image\":{\"@id\":\"https:\\\/\\\/new.dinamicaballet.com\\\/de\\\/producto\\\/zweiseitige-tanzmatte\\\/#primaryimage\"},\"thumbnailUrl\":\"https:\\\/\\\/new.dinamicaballet.com\\\/wp-content\\\/uploads\\\/2022\\\/02\\\/esterilla_dinamica_ballet.jpg\",\"datePublished\":\"2022-02-11T09:07:12+00:00\",\"dateModified\":\"2024-09-09T16:15:03+00:00\",\"description\":\"Die Tanzmatte bietet gelenkschonende Federung und bietet perfekte Stabilit\u00e4t zum Ausf\u00fchren von \u00dcbungen, so wie zum Aufw\u00e4rmen \u00e1 terre \u2013 jederzeit und \u00fcberall\",\"inLanguage\":\"de\",\"potentialAction\":[{\"@type\":\"ReadAction\",\"target\":[\"https:\\\/\\\/new.dinamicaballet.com\\\/de\\\/producto\\\/zweiseitige-tanzmatte\\\/\"]}]},{\"@type\":\"ImageObject\",\"inLanguage\":\"de\",\"@id\":\"https:\\\/\\\/new.dinamicaballet.com\\\/de\\\/producto\\\/zweiseitige-tanzmatte\\\/#primaryimage\",\"url\":\"https:\\\/\\\/new.dinamicaballet.com\\\/wp-content\\\/uploads\\\/2022\\\/02\\\/esterilla_dinamica_ballet.jpg\",\"contentUrl\":\"https:\\\/\\\/new.dinamicaballet.com\\\/wp-content\\\/uploads\\\/2022\\\/02\\\/esterilla_dinamica_ballet.jpg\",\"width\":600,\"height\":800,\"caption\":\"Zweiseitige Tanzmatte\"},{\"@type\":\"WebSite\",\"@id\":\"https:\\\/\\\/new.dinamicaballet.com\\\/de\\\/#website\",\"url\":\"https:\\\/\\\/new.dinamicaballet.com\\\/de\\\/\",\"name\":\"Dinamica Ballet\",\"description\":\"Especialistas en barras de ballet y espejos para la danza\",\"publisher\":{\"@id\":\"https:\\\/\\\/new.dinamicaballet.com\\\/de\\\/#organization\"},\"potentialAction\":[{\"@type\":\"SearchAction\",\"target\":{\"@type\":\"EntryPoint\",\"urlTemplate\":\"https:\\\/\\\/new.dinamicaballet.com\\\/de\\\/?s={search_term_string}\"},\"query-input\":{\"@type\":\"PropertyValueSpecification\",\"valueRequired\":true,\"valueName\":\"search_term_string\"}}],\"inLanguage\":\"de\"},{\"@type\":\"Organization\",\"@id\":\"https:\\\/\\\/new.dinamicaballet.com\\\/de\\\/#organization\",\"name\":\"Dinamica Ballet\",\"url\":\"https:\\\/\\\/new.dinamicaballet.com\\\/de\\\/\",\"logo\":{\"@type\":\"ImageObject\",\"inLanguage\":\"de\",\"@id\":\"https:\\\/\\\/new.dinamicaballet.com\\\/de\\\/#\\\/schema\\\/logo\\\/image\\\/\",\"url\":\"https:\\\/\\\/new.dinamicaballet.com\\\/wp-content\\\/uploads\\\/2022\\\/03\\\/logo_dinamica_ballet.svg\",\"contentUrl\":\"https:\\\/\\\/new.dinamicaballet.com\\\/wp-content\\\/uploads\\\/2022\\\/03\\\/logo_dinamica_ballet.svg\",\"width\":284,\"height\":51,\"caption\":\"Dinamica Ballet\"},\"image\":{\"@id\":\"https:\\\/\\\/new.dinamicaballet.com\\\/de\\\/#\\\/schema\\\/logo\\\/image\\\/\"},\"sameAs\":[\"https:\\\/\\\/www.facebook.com\\\/dinamicaballet\",\"https:\\\/\\\/www.instagram.com\\\/dinamicaballet\\\/\",\"http:\\\/\\\/www.linkedin.com\\\/company\\\/dinamica-ballet\",\"https:\\\/\\\/www.pinterest.com\\\/DinamicaBallet\\\/\"]}]}<\/script>\n<!-- \/ Yoast SEO plugin. -->","yoast_head_json":{"title":"Zweiseitige Tanzmatte | Dinamica Ballet","description":"Die Tanzmatte bietet gelenkschonende Federung und bietet perfekte Stabilit\u00e4t zum Ausf\u00fchren von \u00dcbungen, so wie zum Aufw\u00e4rmen \u00e1 terre \u2013 jederzeit und \u00fcberall","robots":{"index":"noindex","follow":"follow","max-snippet":"max-snippet:-1","max-image-preview":"max-image-preview:large","max-video-preview":"max-video-preview:-1"},"og_locale":"de_DE","og_type":"article","og_title":"Zweiseitige Tanzmatte | Dinamica Ballet","og_description":"Die Tanzmatte bietet gelenkschonende Federung und bietet perfekte Stabilit\u00e4t zum Ausf\u00fchren von \u00dcbungen, so wie zum Aufw\u00e4rmen \u00e1 terre \u2013 jederzeit und \u00fcberall","og_url":"https:\/\/new.dinamicaballet.com\/de\/producto\/zweiseitige-tanzmatte\/","og_site_name":"Dinamica Ballet","article_publisher":"https:\/\/www.facebook.com\/dinamicaballet","article_modified_time":"2024-09-09T16:15:03+00:00","og_image":[{"width":600,"height":800,"url":"https:\/\/new.dinamicaballet.com\/wp-content\/uploads\/2022\/02\/esterilla_dinamica_ballet.jpg","type":"image\/jpeg"}],"twitter_card":"summary_large_image","twitter_misc":{"Gesch\u00e4tzte Lesezeit":"1\u00a0Minute"},"schema":{"@context":"https:\/\/schema.org","@graph":[{"@type":"WebPage","@id":"https:\/\/new.dinamicaballet.com\/de\/producto\/zweiseitige-tanzmatte\/","url":"https:\/\/new.dinamicaballet.com\/de\/producto\/zweiseitige-tanzmatte\/","name":"Zweiseitige Tanzmatte | Dinamica Ballet","isPartOf":{"@id":"https:\/\/new.dinamicaballet.com\/de\/#website"},"primaryImageOfPage":{"@id":"https:\/\/new.dinamicaballet.com\/de\/producto\/zweiseitige-tanzmatte\/#primaryimage"},"image":{"@id":"https:\/\/new.dinamicaballet.com\/de\/producto\/zweiseitige-tanzmatte\/#primaryimage"},"thumbnailUrl":"https:\/\/new.dinamicaballet.com\/wp-content\/uploads\/2022\/02\/esterilla_dinamica_ballet.jpg","datePublished":"2022-02-11T09:07:12+00:00","dateModified":"2024-09-09T16:15:03+00:00","description":"Die Tanzmatte bietet gelenkschonende Federung und bietet perfekte Stabilit\u00e4t zum Ausf\u00fchren von \u00dcbungen, so wie zum Aufw\u00e4rmen \u00e1 terre \u2013 jederzeit und \u00fcberall","inLanguage":"de","potentialAction":[{"@type":"ReadAction","target":["https:\/\/new.dinamicaballet.com\/de\/producto\/zweiseitige-tanzmatte\/"]}]},{"@type":"ImageObject","inLanguage":"de","@id":"https:\/\/new.dinamicaballet.com\/de\/producto\/zweiseitige-tanzmatte\/#primaryimage","url":"https:\/\/new.dinamicaballet.com\/wp-content\/uploads\/2022\/02\/esterilla_dinamica_ballet.jpg","contentUrl":"https:\/\/new.dinamicaballet.com\/wp-content\/uploads\/2022\/02\/esterilla_dinamica_ballet.jpg","width":600,"height":800,"caption":"Zweiseitige Tanzmatte"},{"@type":"WebSite","@id":"https:\/\/new.dinamicaballet.com\/de\/#website","url":"https:\/\/new.dinamicaballet.com\/de\/","name":"Dinamica Ballet","description":"Especialistas en barras de ballet y espejos para la danza","publisher":{"@id":"https:\/\/new.dinamicaballet.com\/de\/#organization"},"potentialAction":[{"@type":"SearchAction","target":{"@type":"EntryPoint","urlTemplate":"https:\/\/new.dinamicaballet.com\/de\/?s={search_term_string}"},"query-input":{"@type":"PropertyValueSpecification","valueRequired":true,"valueName":"search_term_string"}}],"inLanguage":"de"},{"@type":"Organization","@id":"https:\/\/new.dinamicaballet.com\/de\/#organization","name":"Dinamica Ballet","url":"https:\/\/new.dinamicaballet.com\/de\/","logo":{"@type":"ImageObject","inLanguage":"de","@id":"https:\/\/new.dinamicaballet.com\/de\/#\/schema\/logo\/image\/","url":"https:\/\/new.dinamicaballet.com\/wp-content\/uploads\/2022\/03\/logo_dinamica_ballet.svg","contentUrl":"https:\/\/new.dinamicaballet.com\/wp-content\/uploads\/2022\/03\/logo_dinamica_ballet.svg","width":284,"height":51,"caption":"Dinamica Ballet"},"image":{"@id":"https:\/\/new.dinamicaballet.com\/de\/#\/schema\/logo\/image\/"},"sameAs":["https:\/\/www.facebook.com\/dinamicaballet","https:\/\/www.instagram.com\/dinamicaballet\/","http:\/\/www.linkedin.com\/company\/dinamica-ballet","https:\/\/www.pinterest.com\/DinamicaBallet\/"]}]}},"taxonomy_info":{"product_cat":[{"value":176,"label":"Ballettstangen f\u00fcr zu Hause"},{"value":329,"label":"Zubeh\u00f6r"}]},"featured_image_src_large":["https:\/\/new.dinamicaballet.com\/wp-content\/uploads\/2022\/02\/esterilla_dinamica_ballet.jpg",600,800,false],"author_info":[],"comment_info":"","_links":{"self":[{"href":"https:\/\/new.dinamicaballet.com\/de\/wp-json\/wp\/v2\/product\/73468","targetHints":{"allow":["GET"]}}],"collection":[{"href":"https:\/\/new.dinamicaballet.com\/de\/wp-json\/wp\/v2\/product"}],"about":[{"href":"https:\/\/new.dinamicaballet.com\/de\/wp-json\/wp\/v2\/types\/product"}],"wp:featuredmedia":[{"embeddable":true,"href":"https:\/\/new.dinamicaballet.com\/de\/wp-json\/wp\/v2\/media\/62085"}],"wp:attachment":[{"href":"https:\/\/new.dinamicaballet.com\/de\/wp-json\/wp\/v2\/media?parent=73468"}],"wp:term":[{"taxonomy":"product_brand","embeddable":true,"href":"https:\/\/new.dinamicaballet.com\/de\/wp-json\/wp\/v2\/product_brand?post=73468"},{"taxonomy":"product_cat","embeddable":true,"href":"https:\/\/new.dinamicaballet.com\/de\/wp-json\/wp\/v2\/product_cat?post=73468"},{"taxonomy":"product_tag","embeddable":true,"href":"https:\/\/new.dinamicaballet.com\/de\/wp-json\/wp\/v2\/product_tag?post=73468"}],"curies":[{"name":"wp","href":"https:\/\/api.w.org\/{rel}","templated":true}]}}