{"id":69638,"date":"2023-03-24T11:52:59","date_gmt":"2023-03-24T10:52:59","guid":{"rendered":"https:\/\/www.dinamicaballet.com\/?post_type=product&#038;p=69638"},"modified":"2025-09-10T08:30:26","modified_gmt":"2025-09-10T07:30:26","slug":"set-3-wandspiegel-mit-ballettstange-zur-wandmontage-3m","status":"publish","type":"product","link":"https:\/\/new.dinamicaballet.com\/de\/producto\/set-3-wandspiegel-mit-ballettstange-zur-wandmontage-3m\/","title":{"rendered":"Set 3 Wandspiegel Amadeus mit Ballettstange zur Wandmontage"},"content":{"rendered":"<h3><strong>Nutzen Sie Ihren Raum auf optimale Weise<\/strong><\/h3>\n<p>Wenn es um die gelungene Kombination von Wandspiegeln und wandmontierten Ballettstangen geht, ist Amadeus die richtige Antwort. Der 20 x 10 cm gro\u00dfe Einlass im Wandspiegel ist so ausgef\u00fchrt, dass die Montage beider Elemente \u2013 Wandspiegel und Ballettstange \u2013 die Gesamtstruktur in keinster Weise belastet oder schw\u00e4cht. Die Wandplatte der Arabesque f\u00fcgt sich perfekt in die \u00d6ffnung im Spiegel ein und wird so an der Wand montiert, dass sie an keinem Punkt auf dem Spiegel lastet. Dieses ma\u00dfgeschneiderte System und die Glasst\u00e4rke von 4 mm sorgen f\u00fcr maximale Sicherheit. Frei im Raum positionierte Akteure k\u00f6nnen das Gesamtbild ihrer Darbietung mit diesem Spiegel genau und verzerrungsfrei beobachten.<\/p>\n<p>&nbsp;<\/p>\n<h3><strong>Ein Sicherheitsspiegel mit Splitterschutz<\/strong><\/h3>\n<p>Die St\u00e4rke des Glases, der sch\u00fctzende Aluminiumrahmen und die sichere Wandaufh\u00e4ngung verleihen dem Amadeus au\u00dfergew\u00f6hnliche Bruchfestigkeit. Damit es selbst bei erheblichen Schlagwirkungen nicht zu Verletzungen kommt, ist der Spiegel mit einem Schutzfilm versehen, der verhindert, dass sich bei einem Aufprall Splitter l\u00f6sen und die Anwesenden in Gefahr bringen.<\/p>\n<p>&nbsp;<\/p>\n<h3><strong>Kleine Details, gro\u00dfer Unterschied<\/strong><\/h3>\n<p>Die rostfreie Wandaufh\u00e4ngung und der Spiegelrahmen verf\u00fcgen \u00fcber ein montagefreundliches System, mit dem sich der Spiegel einfach und sicher einh\u00e4ngen l\u00e4sst. Durch die Montage oberhalb der Fu\u00dfleiste liegt die gesamte Spiegelr\u00fcckseite an der Wand auf und das Gewicht des Spiegels verteilt sich so gleichm\u00e4\u00dfig. Dies erm\u00f6glicht die einheitliche Ausrichtung beliebig vieler Spiegel zur Kreation durchgehender Raster-Spiegelw\u00e4nde. Der den Spiegel vollst\u00e4ndig umfassende Aluminiumrahmen und die passgenauen Einl\u00e4sse f\u00fcr die Stangenhalterungen bieten den Spiegelwandsegmenten Schutz und erm\u00f6glichen deren sichere, einheitliche Montage.<\/p>\n<h3><\/h3>\n<h3><span style=\"font-size: 20px;\"><a href=\"https:\/\/new.dinamicaballet.com\/wp-content\/uploads\/2021\/07\/FT-AMADEUS-0925.pdf\" class=\"su-button su-button-style-default\" style=\"color:#006B7C;background-color:#FFF2D5;border-color:#ccc2ab;border-radius:5px\" target=\"_blank\" rel=\"noopener noreferrer\"><span style=\"color:#006B7C;padding:0px 16px;font-size:13px;line-height:26px;border-color:#fff6e2;border-radius:5px;text-shadow:none\"> Technisches Datenblatt<\/span><\/a> <a href=\"https:\/\/new.dinamicaballet.com\/wp-content\/uploads\/2021\/07\/Instruccions-Amadeus.pdf\" class=\"su-button su-button-style-default\" style=\"color:#006B7C;background-color:#FFF2D5;border-color:#ccc2ab;border-radius:5px\" target=\"_blank\" rel=\"noopener noreferrer\"><span style=\"color:#006B7C;padding:0px 16px;font-size:13px;line-height:26px;border-color:#fff6e2;border-radius:5px;text-shadow:none\"> Montageanleitungen<\/span><\/a><\/span><\/h3>\n<p>&nbsp;<\/p>\n<div class=\"su-youtube su-u-responsive-media-yes\"><iframe loading=\"lazy\" width=\"600\" height=\"400\" src=\"https:\/\/www.youtube.com\/embed\/wjAG0Slm6Zg?\" frameborder=\"0\" allowfullscreen allow=\"autoplay; encrypted-media; picture-in-picture\" title=\"\"><\/iframe><\/div>\n","protected":false},"excerpt":{"rendered":"<p>Der Amadeus ist ein professioneller Spiegel zur Kombination mit den wandmontierten Ballettstangen von Dinamica Ballet. Dieser Spiegel verf\u00fcgt \u00fcber die erforderlichen Einl\u00e4sse zur Montage der Ballettstangen-Wandhalterungen Arabesque. Amadeus harmoniert perfekt mit der wandmontierten Ballettstange und wird dank seines klaren Spiegelbildes zum unerl\u00e4sslichen Werkzeug f\u00fcr die Perfektionierung Ihrer Fertigkeiten und die wirtschaftliche Nutzung der r\u00e4umlichen Gegebenheiten.<\/p>\n<p>Das Set beinhaltet:<br \/>\n&#8211; 2 Wandspiegel mit \u00d6ffnung Amadeus 2x1m<br \/>\n&#8211; 1 Wandsiegel Figaro 2x1m<br \/>\n&#8211; 2 Wandhalterungen Arabesque Silber<br \/>\n&#8211; 1 Holzstange 3m<\/p>\n<p><strong>VERSANDKOSTEN UND STEUERN INBEGRIFFEN<\/strong><\/p>\n","protected":false},"featured_media":69646,"template":"","meta":{"_editorskit_title_hidden":false,"_editorskit_reading_time":0,"_editorskit_is_block_options_detached":false,"_editorskit_block_options_position":"{}","inline_featured_image":false,"_kad_blocks_custom_css":"","_kad_blocks_head_custom_js":"","_kad_blocks_body_custom_js":"","_kad_blocks_footer_custom_js":""},"product_brand":[],"product_cat":[196,199,184],"product_tag":[],"class_list":{"0":"post-69638","1":"product","2":"type-product","3":"status-publish","4":"has-post-thumbnail","6":"product_cat-premium-ballettstangen-de","7":"product_cat-tanzspiegel","8":"product_cat-wandmontierte-ballettstangen","9":"post","10":"with-featured-image","12":"first","13":"instock","14":"sold-individually","15":"taxable","16":"shipping-taxable","17":"purchasable","18":"product-type-simple"},"yoast_head":"<!-- This site is optimized with the Yoast SEO plugin v27.4 - https:\/\/yoast.com\/product\/yoast-seo-wordpress\/ -->\n<title>Set 3 Wandspiegel Amadeus mit Ballettstange zur Wandmontage<\/title>\n<meta name=\"description\" content=\"Die St\u00e4rke des Glases, der sch\u00fctzende Aluminiumrahmen und die sichere Wandaufh\u00e4ngung verleihen dem Amadeus au\u00dfergew\u00f6hnliche Bruchfestigkeit\" \/>\n<meta name=\"robots\" content=\"noindex, follow, max-snippet:-1, max-image-preview:large, max-video-preview:-1\" \/>\n<meta property=\"og:locale\" content=\"de_DE\" \/>\n<meta property=\"og:type\" content=\"article\" \/>\n<meta property=\"og:title\" content=\"Set 3 Wandspiegel Amadeus mit Ballettstange zur Wandmontage\" \/>\n<meta property=\"og:description\" content=\"Die St\u00e4rke des Glases, der sch\u00fctzende Aluminiumrahmen und die sichere Wandaufh\u00e4ngung verleihen dem Amadeus au\u00dfergew\u00f6hnliche Bruchfestigkeit\" \/>\n<meta property=\"og:url\" content=\"https:\/\/new.dinamicaballet.com\/de\/producto\/set-3-wandspiegel-mit-ballettstange-zur-wandmontage-3m\/\" \/>\n<meta property=\"og:site_name\" content=\"Dinamica Ballet\" \/>\n<meta property=\"article:publisher\" content=\"https:\/\/www.facebook.com\/dinamicaballet\" \/>\n<meta property=\"article:modified_time\" content=\"2025-09-10T07:30:26+00:00\" \/>\n<meta property=\"og:image\" content=\"https:\/\/new.dinamicaballet.com\/wp-content\/uploads\/2023\/03\/AmadeusArabesque-3m.png\" \/>\n\t<meta property=\"og:image:width\" content=\"600\" \/>\n\t<meta property=\"og:image:height\" content=\"800\" \/>\n\t<meta property=\"og:image:type\" content=\"image\/png\" \/>\n<meta name=\"twitter:card\" content=\"summary_large_image\" \/>\n<meta name=\"twitter:label1\" content=\"Gesch\u00e4tzte Lesezeit\" \/>\n\t<meta name=\"twitter:data1\" content=\"2\u00a0Minuten\" \/>\n<script type=\"application\/ld+json\" class=\"yoast-schema-graph\">{\"@context\":\"https:\\\/\\\/schema.org\",\"@graph\":[{\"@type\":\"WebPage\",\"@id\":\"https:\\\/\\\/new.dinamicaballet.com\\\/de\\\/producto\\\/set-3-wandspiegel-mit-ballettstange-zur-wandmontage-3m\\\/\",\"url\":\"https:\\\/\\\/new.dinamicaballet.com\\\/de\\\/producto\\\/set-3-wandspiegel-mit-ballettstange-zur-wandmontage-3m\\\/\",\"name\":\"Set 3 Wandspiegel Amadeus mit Ballettstange zur Wandmontage\",\"isPartOf\":{\"@id\":\"https:\\\/\\\/new.dinamicaballet.com\\\/de\\\/#website\"},\"primaryImageOfPage\":{\"@id\":\"https:\\\/\\\/new.dinamicaballet.com\\\/de\\\/producto\\\/set-3-wandspiegel-mit-ballettstange-zur-wandmontage-3m\\\/#primaryimage\"},\"image\":{\"@id\":\"https:\\\/\\\/new.dinamicaballet.com\\\/de\\\/producto\\\/set-3-wandspiegel-mit-ballettstange-zur-wandmontage-3m\\\/#primaryimage\"},\"thumbnailUrl\":\"https:\\\/\\\/new.dinamicaballet.com\\\/wp-content\\\/uploads\\\/2023\\\/03\\\/AmadeusArabesque-3m.png\",\"datePublished\":\"2023-03-24T10:52:59+00:00\",\"dateModified\":\"2025-09-10T07:30:26+00:00\",\"description\":\"Die St\u00e4rke des Glases, der sch\u00fctzende Aluminiumrahmen und die sichere Wandaufh\u00e4ngung verleihen dem Amadeus au\u00dfergew\u00f6hnliche Bruchfestigkeit\",\"inLanguage\":\"de\",\"potentialAction\":[{\"@type\":\"ReadAction\",\"target\":[\"https:\\\/\\\/new.dinamicaballet.com\\\/de\\\/producto\\\/set-3-wandspiegel-mit-ballettstange-zur-wandmontage-3m\\\/\"]}]},{\"@type\":\"ImageObject\",\"inLanguage\":\"de\",\"@id\":\"https:\\\/\\\/new.dinamicaballet.com\\\/de\\\/producto\\\/set-3-wandspiegel-mit-ballettstange-zur-wandmontage-3m\\\/#primaryimage\",\"url\":\"https:\\\/\\\/new.dinamicaballet.com\\\/wp-content\\\/uploads\\\/2023\\\/03\\\/AmadeusArabesque-3m.png\",\"contentUrl\":\"https:\\\/\\\/new.dinamicaballet.com\\\/wp-content\\\/uploads\\\/2023\\\/03\\\/AmadeusArabesque-3m.png\",\"width\":600,\"height\":800,\"caption\":\"Wall mirror with wall ballet barre\"},{\"@type\":\"WebSite\",\"@id\":\"https:\\\/\\\/new.dinamicaballet.com\\\/de\\\/#website\",\"url\":\"https:\\\/\\\/new.dinamicaballet.com\\\/de\\\/\",\"name\":\"Dinamica Ballet\",\"description\":\"Especialistas en barras de ballet y espejos para la danza\",\"publisher\":{\"@id\":\"https:\\\/\\\/new.dinamicaballet.com\\\/de\\\/#organization\"},\"potentialAction\":[{\"@type\":\"SearchAction\",\"target\":{\"@type\":\"EntryPoint\",\"urlTemplate\":\"https:\\\/\\\/new.dinamicaballet.com\\\/de\\\/?s={search_term_string}\"},\"query-input\":{\"@type\":\"PropertyValueSpecification\",\"valueRequired\":true,\"valueName\":\"search_term_string\"}}],\"inLanguage\":\"de\"},{\"@type\":\"Organization\",\"@id\":\"https:\\\/\\\/new.dinamicaballet.com\\\/de\\\/#organization\",\"name\":\"Dinamica Ballet\",\"url\":\"https:\\\/\\\/new.dinamicaballet.com\\\/de\\\/\",\"logo\":{\"@type\":\"ImageObject\",\"inLanguage\":\"de\",\"@id\":\"https:\\\/\\\/new.dinamicaballet.com\\\/de\\\/#\\\/schema\\\/logo\\\/image\\\/\",\"url\":\"https:\\\/\\\/new.dinamicaballet.com\\\/wp-content\\\/uploads\\\/2022\\\/03\\\/logo_dinamica_ballet.svg\",\"contentUrl\":\"https:\\\/\\\/new.dinamicaballet.com\\\/wp-content\\\/uploads\\\/2022\\\/03\\\/logo_dinamica_ballet.svg\",\"width\":284,\"height\":51,\"caption\":\"Dinamica Ballet\"},\"image\":{\"@id\":\"https:\\\/\\\/new.dinamicaballet.com\\\/de\\\/#\\\/schema\\\/logo\\\/image\\\/\"},\"sameAs\":[\"https:\\\/\\\/www.facebook.com\\\/dinamicaballet\",\"https:\\\/\\\/www.instagram.com\\\/dinamicaballet\\\/\",\"http:\\\/\\\/www.linkedin.com\\\/company\\\/dinamica-ballet\",\"https:\\\/\\\/www.pinterest.com\\\/DinamicaBallet\\\/\"]}]}<\/script>\n<!-- \/ Yoast SEO plugin. -->","yoast_head_json":{"title":"Set 3 Wandspiegel Amadeus mit Ballettstange zur Wandmontage","description":"Die St\u00e4rke des Glases, der sch\u00fctzende Aluminiumrahmen und die sichere Wandaufh\u00e4ngung verleihen dem Amadeus au\u00dfergew\u00f6hnliche Bruchfestigkeit","robots":{"index":"noindex","follow":"follow","max-snippet":"max-snippet:-1","max-image-preview":"max-image-preview:large","max-video-preview":"max-video-preview:-1"},"og_locale":"de_DE","og_type":"article","og_title":"Set 3 Wandspiegel Amadeus mit Ballettstange zur Wandmontage","og_description":"Die St\u00e4rke des Glases, der sch\u00fctzende Aluminiumrahmen und die sichere Wandaufh\u00e4ngung verleihen dem Amadeus au\u00dfergew\u00f6hnliche Bruchfestigkeit","og_url":"https:\/\/new.dinamicaballet.com\/de\/producto\/set-3-wandspiegel-mit-ballettstange-zur-wandmontage-3m\/","og_site_name":"Dinamica Ballet","article_publisher":"https:\/\/www.facebook.com\/dinamicaballet","article_modified_time":"2025-09-10T07:30:26+00:00","og_image":[{"width":600,"height":800,"url":"https:\/\/new.dinamicaballet.com\/wp-content\/uploads\/2023\/03\/AmadeusArabesque-3m.png","type":"image\/png"}],"twitter_card":"summary_large_image","twitter_misc":{"Gesch\u00e4tzte Lesezeit":"2\u00a0Minuten"},"schema":{"@context":"https:\/\/schema.org","@graph":[{"@type":"WebPage","@id":"https:\/\/new.dinamicaballet.com\/de\/producto\/set-3-wandspiegel-mit-ballettstange-zur-wandmontage-3m\/","url":"https:\/\/new.dinamicaballet.com\/de\/producto\/set-3-wandspiegel-mit-ballettstange-zur-wandmontage-3m\/","name":"Set 3 Wandspiegel Amadeus mit Ballettstange zur Wandmontage","isPartOf":{"@id":"https:\/\/new.dinamicaballet.com\/de\/#website"},"primaryImageOfPage":{"@id":"https:\/\/new.dinamicaballet.com\/de\/producto\/set-3-wandspiegel-mit-ballettstange-zur-wandmontage-3m\/#primaryimage"},"image":{"@id":"https:\/\/new.dinamicaballet.com\/de\/producto\/set-3-wandspiegel-mit-ballettstange-zur-wandmontage-3m\/#primaryimage"},"thumbnailUrl":"https:\/\/new.dinamicaballet.com\/wp-content\/uploads\/2023\/03\/AmadeusArabesque-3m.png","datePublished":"2023-03-24T10:52:59+00:00","dateModified":"2025-09-10T07:30:26+00:00","description":"Die St\u00e4rke des Glases, der sch\u00fctzende Aluminiumrahmen und die sichere Wandaufh\u00e4ngung verleihen dem Amadeus au\u00dfergew\u00f6hnliche Bruchfestigkeit","inLanguage":"de","potentialAction":[{"@type":"ReadAction","target":["https:\/\/new.dinamicaballet.com\/de\/producto\/set-3-wandspiegel-mit-ballettstange-zur-wandmontage-3m\/"]}]},{"@type":"ImageObject","inLanguage":"de","@id":"https:\/\/new.dinamicaballet.com\/de\/producto\/set-3-wandspiegel-mit-ballettstange-zur-wandmontage-3m\/#primaryimage","url":"https:\/\/new.dinamicaballet.com\/wp-content\/uploads\/2023\/03\/AmadeusArabesque-3m.png","contentUrl":"https:\/\/new.dinamicaballet.com\/wp-content\/uploads\/2023\/03\/AmadeusArabesque-3m.png","width":600,"height":800,"caption":"Wall mirror with wall ballet barre"},{"@type":"WebSite","@id":"https:\/\/new.dinamicaballet.com\/de\/#website","url":"https:\/\/new.dinamicaballet.com\/de\/","name":"Dinamica Ballet","description":"Especialistas en barras de ballet y espejos para la danza","publisher":{"@id":"https:\/\/new.dinamicaballet.com\/de\/#organization"},"potentialAction":[{"@type":"SearchAction","target":{"@type":"EntryPoint","urlTemplate":"https:\/\/new.dinamicaballet.com\/de\/?s={search_term_string}"},"query-input":{"@type":"PropertyValueSpecification","valueRequired":true,"valueName":"search_term_string"}}],"inLanguage":"de"},{"@type":"Organization","@id":"https:\/\/new.dinamicaballet.com\/de\/#organization","name":"Dinamica Ballet","url":"https:\/\/new.dinamicaballet.com\/de\/","logo":{"@type":"ImageObject","inLanguage":"de","@id":"https:\/\/new.dinamicaballet.com\/de\/#\/schema\/logo\/image\/","url":"https:\/\/new.dinamicaballet.com\/wp-content\/uploads\/2022\/03\/logo_dinamica_ballet.svg","contentUrl":"https:\/\/new.dinamicaballet.com\/wp-content\/uploads\/2022\/03\/logo_dinamica_ballet.svg","width":284,"height":51,"caption":"Dinamica Ballet"},"image":{"@id":"https:\/\/new.dinamicaballet.com\/de\/#\/schema\/logo\/image\/"},"sameAs":["https:\/\/www.facebook.com\/dinamicaballet","https:\/\/www.instagram.com\/dinamicaballet\/","http:\/\/www.linkedin.com\/company\/dinamica-ballet","https:\/\/www.pinterest.com\/DinamicaBallet\/"]}]}},"taxonomy_info":{"product_cat":[{"value":196,"label":"Premium-Ballettstangen"},{"value":199,"label":"Tanz und Studiospiegel"},{"value":184,"label":"Wandmontierte Ballettstangen"}]},"featured_image_src_large":["https:\/\/new.dinamicaballet.com\/wp-content\/uploads\/2023\/03\/AmadeusArabesque-3m.png",600,800,false],"author_info":[],"comment_info":"","_links":{"self":[{"href":"https:\/\/new.dinamicaballet.com\/de\/wp-json\/wp\/v2\/product\/69638","targetHints":{"allow":["GET"]}}],"collection":[{"href":"https:\/\/new.dinamicaballet.com\/de\/wp-json\/wp\/v2\/product"}],"about":[{"href":"https:\/\/new.dinamicaballet.com\/de\/wp-json\/wp\/v2\/types\/product"}],"wp:featuredmedia":[{"embeddable":true,"href":"https:\/\/new.dinamicaballet.com\/de\/wp-json\/wp\/v2\/media\/69646"}],"wp:attachment":[{"href":"https:\/\/new.dinamicaballet.com\/de\/wp-json\/wp\/v2\/media?parent=69638"}],"wp:term":[{"taxonomy":"product_brand","embeddable":true,"href":"https:\/\/new.dinamicaballet.com\/de\/wp-json\/wp\/v2\/product_brand?post=69638"},{"taxonomy":"product_cat","embeddable":true,"href":"https:\/\/new.dinamicaballet.com\/de\/wp-json\/wp\/v2\/product_cat?post=69638"},{"taxonomy":"product_tag","embeddable":true,"href":"https:\/\/new.dinamicaballet.com\/de\/wp-json\/wp\/v2\/product_tag?post=69638"}],"curies":[{"name":"wp","href":"https:\/\/api.w.org\/{rel}","templated":true}]}}