{"id":11241,"date":"2022-02-14T10:53:29","date_gmt":"2022-02-14T10:53:29","guid":{"rendered":"https:\/\/www.dinamicaballet.com\/?page_id=11241"},"modified":"2025-06-03T10:45:05","modified_gmt":"2025-06-03T09:45:05","slug":"agb","status":"publish","type":"page","link":"https:\/\/new.dinamicaballet.com\/de\/agb\/","title":{"rendered":"AGB"},"content":{"rendered":"\n<h2 class=\"wp-block-heading\">Identit\u00e4t des Inhabers<\/h2>\n\n\n\n<p><strong>DINAMICA COMPLEMENTS S.L<\/strong><br>CIF: B63387237<br>C.\/ Llull, 51-53 5o 3a &#8211; 08005 Barcelona<\/p>\n\n\n\n<div style=\"height:50px\" aria-hidden=\"true\" class=\"wp-block-spacer\"><\/div>\n\n\n\n<h2 class=\"wp-block-heading\">Gesch\u00e4ftsbedingungen<\/h2>\n\n\n\n<p>Alle von uns angegebenen Verkaufspreise im Online-Shop verstehen sich inklusive der gesetzlich festgelegten spanischen Mehrwertsteuer von 21%. Steuerpflichtige Subjekte (Firmen, K\u00f6rperschaften und\/oder Organisationen), die ihren Sitz in der Europ\u00e4ischen Union haben und \u00fcber eine Umsatzsteuer-Identifikationsnummer verf\u00fcgen, k\u00f6nnen f\u00fcr ihre Eink\u00e4ufe von der Mehrwertsteuer befreit werden.<\/p>\n\n\n\n<p>F\u00fcr nicht EU-L\u00e4nder entf\u00e4llt keine MwSt., jedoch entfallen entsprechende Importgeb\u00fchren die vom Kunden im Zielland zu bezahlen sind.<\/p>\n\n\n\n<p>Eink\u00e4ufe von nat\u00fcrlichen oder juristischen Personen, die in Nicht-EU-L\u00e4ndern ihren Wohnsitz haben, sind von der spanischen Mehrwertsteuer (I.V.A.) befreit. Dabei gelten auf Grund des g\u00fcltigen Steuerrechts bei diesen Eink\u00e4ufen\/Versendungen auch die Kanarischen Inseln sowie die Exklaven Ceuta und Melilla als Nicht-EU-L\u00e4nder. (Die ausgeschriebenen Versandkosten verstehen sich jeweils ohne Einfuhrzoll, der im Empf\u00e4ngerland vom Empf\u00e4nger bezahlt werden muss.)<\/p>\n\n\n\n<p>\u00dcblicherweise wird der Einfuhrzoll von dem Transportunternehmen bezahlt. Dem Empf\u00e4nger werden dann bei der Lieferung die entsprechenden Kosten in Rechnung gestellt. Dinamica Ballet kann und wird keine R\u00fcckgabe einer Ware einleiten, sofern die Ware aufgrund nicht bezahlter Einfuhrz\u00f6lle\/Importdokumente durch den Kunden nicht ausgeliefert werden konnte.<\/p>\n\n\n\n<p>In der Schweiz sind die Versandbedingungen DDP VAT unpaid (INCOTERM 2020). Der Preis umfasst auch die Transport-, Export- und Importkosten, jedoch nicht die lokale Mehrwertsteuer. Der Kunde muss die MwSt. beim Erhalt der Ware bezahlen. Im Falle einer R\u00fcckgabe zahlen wir 100% des Produktpreises (ohne Transportkosten, Import- und Exportsteuern, Mehrwertsteuer und Dokumentationskosten).<\/p>\n\n\n\n<div style=\"height:50px\" aria-hidden=\"true\" class=\"wp-block-spacer\"><\/div>\n\n\n\n<h2 class=\"wp-block-heading\">R\u00fcckgabe-\/Widerrufsrecht<\/h2>\n\n\n\n<p>Sie haben das Recht die Ware binnen 14 Tagen und ohne Angabe von Gr\u00fcnden, gegen eine volle R\u00fcckerstattung an uns zur\u00fcckzusenden. Kontaktieren Sie uns via Telefon oder E-Mail, um eine R\u00fcckerstattungsnummer zu erhalten. Die Ware muss unbenutzt, unge\u00f6ffnet, mit der Originalverpackung und den dazugeh\u00f6rigen Dokumenten zur\u00fccksendet werden. Sie bekommen eine volle R\u00fcckerstattung, tragen jedoch die unmittelbaren Kosten der R\u00fccksendung selbst.<\/p>\n\n\n\n<p>Sollten Sie die falsche Ware erhalten haben, sprich nicht dasselbe Produkt wie bei Ihrer Bestellbest\u00e4tigung, dann setzen Sie sich bitte mit unserem Kundendienst in Verbindung: dinamicaballettanz@dinamicaballet.com.&nbsp;Dinamica Ballet wird Ihnen einen unmittelbaren Austausch der falsch zugesandten Ware anbieten und dabei jegliche Kosten \u00fcbernehmen.<\/p>\n\n\n\n<p>Falls Sie Ihre Bestellung im Nachhinein stornieren oder modifizieren m\u00f6chten, senden Sie uns bitte hierf\u00fcr eine E-Mail mit der Referenznummer Ihrer Bestellung zu, und zwar vor 09.30 Uhr (GMT +1) des Folgetages.&nbsp;Im Falle, dass Ihre bestellte Ware nicht auf Lager sein sollte oder sich die Lieferung aus irgendeinem Grund verz\u00f6gert, wird Dinamica Ballet Sie vorher via E-Mail kontaktieren. Nach Ihrer Bestellung erhalten Sie dann von Dinamica Ballet eine Bestellbest\u00e4tigung via E-Mail.<\/p>\n\n\n\n<div style=\"height:50px\" aria-hidden=\"true\" class=\"wp-block-spacer\"><\/div>\n\n\n\n<h2 class=\"wp-block-heading\">Garantie<\/h2>\n\n\n\n<p>Dinamica Ballet bietet eine Garantie von 36 Monaten an, welche nur Herstellungsfehler und irreparable Defekte deckt. In diesem Fall, senden Sie bitte eine E-Mail an unseren Kundendienst: dinamicaballettanz@dinamicaballet.com und weisen Sie auf die bestehenden Sch\u00e4den Ihrer bestellten Ware hin. Dinamica Ballet wird nach der \u00dcberpr\u00fcfung der Sch\u00e4den bzw. der Defekte, eine R\u00fcckerstattung oder Zusendung einer Fehlerfreien Ware einleiten und dabei alle unmittelbaren Kosten \u00fcbernehmen.<\/p>\n\n\n\n<p>Die von Dinamica Ballet angebotene Garantie deckt unter keinen Umst\u00e4nden: Sch\u00e4den oder Defekte die durch Eigenverschulden oder Manipulation des Materials entstanden sind sowie Abnutzung der Ware w\u00e4hrend dem normalem Gebrauch. Sollten Sie eine fehlerhafte oder besch\u00e4digte Ware erhalten, nehmen Sie die Lieferung nicht an oder vermerken Sie die dies bitte auf dem Lieferschein der Spedition (in Papierform oder elektronisch). Andernfalls sind nachtr\u00e4gliche Reklamationen bei der Spedition oder bei Dinamica Ballet nicht mehr m\u00f6glich.<\/p>\n\n\n\n<div style=\"height:50px\" aria-hidden=\"true\" class=\"wp-block-spacer\"><\/div>\n\n\n\n<h2 class=\"wp-block-heading\">Zahlungsm\u00f6glichkeiten<\/h2>\n\n\n\n<p>Dinamica Ballet bietet die folgenden Zahlungsm\u00f6glichkeiten an: Visa, Mastercard und PayPal. Die Ware wird von unserem Hauptlager (Barcelona) versendet.<\/p>\n\n\n\n<p>Soweit nicht anders vermerkt, befindet sich, die im Online Shop aufgef\u00fchrte Ware, auf Lager und die Bestellung wird daraufhin innerhalb eines Werktages nach Bestelleingang bearbeitet.<\/p>\n\n\n\n<div style=\"height:50px\" aria-hidden=\"true\" class=\"wp-block-spacer\"><\/div>\n\n\n\n<h2 class=\"wp-block-heading\">Lieferfrist<\/h2>\n\n\n\n<p>Standardm\u00e4\u00dfig: Zwischen 7 und 10 Werktage.<\/p>\n\n\n\n<div style=\"height:50px\" aria-hidden=\"true\" class=\"wp-block-spacer\"><\/div>\n","protected":false},"excerpt":{"rendered":"<p>Identit\u00e4t des Inhabers DINAMICA COMPLEMENTS S.LCIF: B63387237C.\/ Llull, 51-53 5o 3a &#8211; 08005 Barcelona Gesch\u00e4ftsbedingungen Alle von uns angegebenen Verkaufspreise im Online-Shop verstehen sich inklusive der gesetzlich festgelegten spanischen Mehrwertsteuer von 21%. Steuerpflichtige Subjekte (Firmen, K\u00f6rperschaften und\/oder Organisationen), die ihren Sitz in der Europ\u00e4ischen Union haben und \u00fcber eine Umsatzsteuer-Identifikationsnummer verf\u00fcgen, k\u00f6nnen f\u00fcr ihre Eink\u00e4ufe &hellip;<\/p>\n","protected":false},"author":1,"featured_media":0,"parent":0,"menu_order":0,"comment_status":"closed","ping_status":"closed","template":"templates\/template-builder.php","meta":{"_editorskit_title_hidden":false,"_editorskit_reading_time":2,"_editorskit_is_block_options_detached":false,"_editorskit_block_options_position":"{}","inline_featured_image":false,"_kad_blocks_custom_css":"","_kad_blocks_head_custom_js":"","_kad_blocks_body_custom_js":"","_kad_blocks_footer_custom_js":"","footnotes":""},"class_list":["post-11241","page","type-page","status-publish","hentry","post","without-featured-image"],"yoast_head":"<!-- This site is optimized with the Yoast SEO plugin v27.4 - https:\/\/yoast.com\/product\/yoast-seo-wordpress\/ -->\n<title>AGB - Dinamica Ballet<\/title>\n<meta name=\"robots\" content=\"noindex, follow, max-snippet:-1, max-image-preview:large, max-video-preview:-1\" \/>\n<meta property=\"og:locale\" content=\"de_DE\" \/>\n<meta property=\"og:type\" content=\"article\" \/>\n<meta property=\"og:title\" content=\"AGB - Dinamica Ballet\" \/>\n<meta property=\"og:description\" content=\"Identit\u00e4t des Inhabers DINAMICA COMPLEMENTS S.LCIF: B63387237C.\/ Llull, 51-53 5o 3a &#8211; 08005 Barcelona Gesch\u00e4ftsbedingungen Alle von uns angegebenen Verkaufspreise im Online-Shop verstehen sich inklusive der gesetzlich festgelegten spanischen Mehrwertsteuer von 21%. Steuerpflichtige Subjekte (Firmen, K\u00f6rperschaften und\/oder Organisationen), die ihren Sitz in der Europ\u00e4ischen Union haben und \u00fcber eine Umsatzsteuer-Identifikationsnummer verf\u00fcgen, k\u00f6nnen f\u00fcr ihre Eink\u00e4ufe &hellip;\" \/>\n<meta property=\"og:url\" content=\"https:\/\/new.dinamicaballet.com\/de\/agb\/\" \/>\n<meta property=\"og:site_name\" content=\"Dinamica Ballet\" \/>\n<meta property=\"article:publisher\" content=\"https:\/\/www.facebook.com\/dinamicaballet\" \/>\n<meta property=\"article:modified_time\" content=\"2025-06-03T09:45:05+00:00\" \/>\n<meta name=\"twitter:card\" content=\"summary_large_image\" \/>\n<meta name=\"twitter:label1\" content=\"Gesch\u00e4tzte Lesezeit\" \/>\n\t<meta name=\"twitter:data1\" content=\"3\u00a0Minuten\" \/>\n<script type=\"application\/ld+json\" class=\"yoast-schema-graph\">{\"@context\":\"https:\\\/\\\/schema.org\",\"@graph\":[{\"@type\":\"WebPage\",\"@id\":\"https:\\\/\\\/new.dinamicaballet.com\\\/de\\\/agb\\\/\",\"url\":\"https:\\\/\\\/new.dinamicaballet.com\\\/de\\\/agb\\\/\",\"name\":\"AGB - Dinamica Ballet\",\"isPartOf\":{\"@id\":\"https:\\\/\\\/new.dinamicaballet.com\\\/de\\\/#website\"},\"datePublished\":\"2022-02-14T10:53:29+00:00\",\"dateModified\":\"2025-06-03T09:45:05+00:00\",\"inLanguage\":\"de\",\"potentialAction\":[{\"@type\":\"ReadAction\",\"target\":[\"https:\\\/\\\/new.dinamicaballet.com\\\/de\\\/agb\\\/\"]}]},{\"@type\":\"WebSite\",\"@id\":\"https:\\\/\\\/new.dinamicaballet.com\\\/de\\\/#website\",\"url\":\"https:\\\/\\\/new.dinamicaballet.com\\\/de\\\/\",\"name\":\"Dinamica Ballet\",\"description\":\"Especialistas en barras de ballet y espejos para la danza\",\"publisher\":{\"@id\":\"https:\\\/\\\/new.dinamicaballet.com\\\/de\\\/#organization\"},\"potentialAction\":[{\"@type\":\"SearchAction\",\"target\":{\"@type\":\"EntryPoint\",\"urlTemplate\":\"https:\\\/\\\/new.dinamicaballet.com\\\/de\\\/?s={search_term_string}\"},\"query-input\":{\"@type\":\"PropertyValueSpecification\",\"valueRequired\":true,\"valueName\":\"search_term_string\"}}],\"inLanguage\":\"de\"},{\"@type\":\"Organization\",\"@id\":\"https:\\\/\\\/new.dinamicaballet.com\\\/de\\\/#organization\",\"name\":\"Dinamica Ballet\",\"url\":\"https:\\\/\\\/new.dinamicaballet.com\\\/de\\\/\",\"logo\":{\"@type\":\"ImageObject\",\"inLanguage\":\"de\",\"@id\":\"https:\\\/\\\/new.dinamicaballet.com\\\/de\\\/#\\\/schema\\\/logo\\\/image\\\/\",\"url\":\"https:\\\/\\\/new.dinamicaballet.com\\\/wp-content\\\/uploads\\\/2022\\\/03\\\/logo_dinamica_ballet.svg\",\"contentUrl\":\"https:\\\/\\\/new.dinamicaballet.com\\\/wp-content\\\/uploads\\\/2022\\\/03\\\/logo_dinamica_ballet.svg\",\"width\":284,\"height\":51,\"caption\":\"Dinamica Ballet\"},\"image\":{\"@id\":\"https:\\\/\\\/new.dinamicaballet.com\\\/de\\\/#\\\/schema\\\/logo\\\/image\\\/\"},\"sameAs\":[\"https:\\\/\\\/www.facebook.com\\\/dinamicaballet\",\"https:\\\/\\\/www.instagram.com\\\/dinamicaballet\\\/\",\"http:\\\/\\\/www.linkedin.com\\\/company\\\/dinamica-ballet\",\"https:\\\/\\\/www.pinterest.com\\\/DinamicaBallet\\\/\"]}]}<\/script>\n<!-- \/ Yoast SEO plugin. -->","yoast_head_json":{"title":"AGB - Dinamica Ballet","robots":{"index":"noindex","follow":"follow","max-snippet":"max-snippet:-1","max-image-preview":"max-image-preview:large","max-video-preview":"max-video-preview:-1"},"og_locale":"de_DE","og_type":"article","og_title":"AGB - Dinamica Ballet","og_description":"Identit\u00e4t des Inhabers DINAMICA COMPLEMENTS S.LCIF: B63387237C.\/ Llull, 51-53 5o 3a &#8211; 08005 Barcelona Gesch\u00e4ftsbedingungen Alle von uns angegebenen Verkaufspreise im Online-Shop verstehen sich inklusive der gesetzlich festgelegten spanischen Mehrwertsteuer von 21%. Steuerpflichtige Subjekte (Firmen, K\u00f6rperschaften und\/oder Organisationen), die ihren Sitz in der Europ\u00e4ischen Union haben und \u00fcber eine Umsatzsteuer-Identifikationsnummer verf\u00fcgen, k\u00f6nnen f\u00fcr ihre Eink\u00e4ufe &hellip;","og_url":"https:\/\/new.dinamicaballet.com\/de\/agb\/","og_site_name":"Dinamica Ballet","article_publisher":"https:\/\/www.facebook.com\/dinamicaballet","article_modified_time":"2025-06-03T09:45:05+00:00","twitter_card":"summary_large_image","twitter_misc":{"Gesch\u00e4tzte Lesezeit":"3\u00a0Minuten"},"schema":{"@context":"https:\/\/schema.org","@graph":[{"@type":"WebPage","@id":"https:\/\/new.dinamicaballet.com\/de\/agb\/","url":"https:\/\/new.dinamicaballet.com\/de\/agb\/","name":"AGB - Dinamica Ballet","isPartOf":{"@id":"https:\/\/new.dinamicaballet.com\/de\/#website"},"datePublished":"2022-02-14T10:53:29+00:00","dateModified":"2025-06-03T09:45:05+00:00","inLanguage":"de","potentialAction":[{"@type":"ReadAction","target":["https:\/\/new.dinamicaballet.com\/de\/agb\/"]}]},{"@type":"WebSite","@id":"https:\/\/new.dinamicaballet.com\/de\/#website","url":"https:\/\/new.dinamicaballet.com\/de\/","name":"Dinamica Ballet","description":"Especialistas en barras de ballet y espejos para la danza","publisher":{"@id":"https:\/\/new.dinamicaballet.com\/de\/#organization"},"potentialAction":[{"@type":"SearchAction","target":{"@type":"EntryPoint","urlTemplate":"https:\/\/new.dinamicaballet.com\/de\/?s={search_term_string}"},"query-input":{"@type":"PropertyValueSpecification","valueRequired":true,"valueName":"search_term_string"}}],"inLanguage":"de"},{"@type":"Organization","@id":"https:\/\/new.dinamicaballet.com\/de\/#organization","name":"Dinamica Ballet","url":"https:\/\/new.dinamicaballet.com\/de\/","logo":{"@type":"ImageObject","inLanguage":"de","@id":"https:\/\/new.dinamicaballet.com\/de\/#\/schema\/logo\/image\/","url":"https:\/\/new.dinamicaballet.com\/wp-content\/uploads\/2022\/03\/logo_dinamica_ballet.svg","contentUrl":"https:\/\/new.dinamicaballet.com\/wp-content\/uploads\/2022\/03\/logo_dinamica_ballet.svg","width":284,"height":51,"caption":"Dinamica Ballet"},"image":{"@id":"https:\/\/new.dinamicaballet.com\/de\/#\/schema\/logo\/image\/"},"sameAs":["https:\/\/www.facebook.com\/dinamicaballet","https:\/\/www.instagram.com\/dinamicaballet\/","http:\/\/www.linkedin.com\/company\/dinamica-ballet","https:\/\/www.pinterest.com\/DinamicaBallet\/"]}]}},"taxonomy_info":[],"featured_image_src_large":false,"author_info":{"display_name":false,"author_link":"https:\/\/new.dinamicaballet.com\/de\/author\/ideadmin\/"},"comment_info":0,"featured_image_src":null,"featured_image_src_square":null,"_links":{"self":[{"href":"https:\/\/new.dinamicaballet.com\/de\/wp-json\/wp\/v2\/pages\/11241","targetHints":{"allow":["GET"]}}],"collection":[{"href":"https:\/\/new.dinamicaballet.com\/de\/wp-json\/wp\/v2\/pages"}],"about":[{"href":"https:\/\/new.dinamicaballet.com\/de\/wp-json\/wp\/v2\/types\/page"}],"author":[{"embeddable":true,"href":"https:\/\/new.dinamicaballet.com\/de\/wp-json\/wp\/v2\/users\/1"}],"replies":[{"embeddable":true,"href":"https:\/\/new.dinamicaballet.com\/de\/wp-json\/wp\/v2\/comments?post=11241"}],"version-history":[{"count":5,"href":"https:\/\/new.dinamicaballet.com\/de\/wp-json\/wp\/v2\/pages\/11241\/revisions"}],"predecessor-version":[{"id":103462,"href":"https:\/\/new.dinamicaballet.com\/de\/wp-json\/wp\/v2\/pages\/11241\/revisions\/103462"}],"wp:attachment":[{"href":"https:\/\/new.dinamicaballet.com\/de\/wp-json\/wp\/v2\/media?parent=11241"}],"curies":[{"name":"wp","href":"https:\/\/api.w.org\/{rel}","templated":true}]}}