{"id":11226,"date":"2022-02-14T10:42:01","date_gmt":"2022-02-14T10:42:01","guid":{"rendered":"https:\/\/www.dinamicaballet.com\/?page_id=11226"},"modified":"2022-02-14T16:05:28","modified_gmt":"2022-02-14T16:05:28","slug":"rechtlicher-hinweis","status":"publish","type":"page","link":"https:\/\/new.dinamicaballet.com\/de\/rechtlicher-hinweis\/","title":{"rendered":"Rechtlicher Hinweis"},"content":{"rendered":"\n<h3 class=\"wp-block-heading\">Identifizierungsdaten:<\/h3>\n\n\n\n<p>Die Website www.dinamicaballet.com geh\u00f6rt zum Unternehmen Dinamica Complements S.L. Der Hauptsitz der Gesellschaft liegt in Spanien, Barcelona C.\/ Llull, 51-53, 5.St.-3\u00aa. Steuer-Id. Nr.: ESB63387237<\/p>\n\n\n\n<h3 class=\"wp-block-heading\">Geistiges Eigentum der Webseite:<\/h3>\n\n\n\n<p>Alle Rechte am geistigen Eigentum des Inhalts dieser Webseite, ihrem grafischen Design und ihrer Quellcodes sind ausschlie\u00dfliches Eigentum des Unternehmens Dinamica Complements S.L., dem die Nutzungsrechte zustehen. In diesem Sinne ist die Vervielf\u00e4ltigung, Verbreitung, \u00f6ffentliche Wiedergabe und Ver\u00e4nderung, ohne ausdr\u00fcckliche Genehmigung von Dinamica Complements S.L., untersagt. Desgleichen sind alle Handelsnamen, Marken oder sonstige Zeichen gleich welcher Art, die in dieser Webseite enthalten sind, rechtlich gesch\u00fctzt.<\/p>\n\n\n\n<h3 class=\"wp-block-heading\">Inhalt der Website &amp; Links:<\/h3>\n\n\n\n<p>Dinamica Complements S.L. haftet nicht im Falle eines Missbrauchs der Inhalte seiner Webseite www.dinamicaballet.com. Haftbar ist ausschlie\u00dflich die Person, die auf diese zugreift und sie verwendet. Wir \u00fcbernehmen ebenfalls keine Verantwortung f\u00fcr jegliche Angaben oder Informationen aus Seiten Dritter.<\/p>\n\n\n\n<h3 class=\"wp-block-heading\">Austausch und Verbreitung von Informationen:<\/h3>\n\n\n\n<p>Dinamica Complements S.L. lehnt jede Verantwortung ab, die sich aus dem Austausch von Information unter den Benutzern \u00fcber seine Webseite ergibt. Dinamica Complements S.L. haftet nicht f\u00fcr den Umstand, dass die Inhalte der Website m\u00f6glicherweise f\u00fcr Minderj\u00e4hrige ungeeignet sein k\u00f6nnen.<\/p>\n\n\n\n<p><strong>Aktualisierung und Modifizierung der Webseite:<\/strong> Dinamica Complements S.L. beh\u00e4lt sich das Recht vor, jederzeit und ohne Vorank\u00fcndigung, seine Webseite und die Konfiguration oder Pr\u00e4sentation dieser zu aktualisieren, ver\u00e4ndern oder Informationen von der Webseite zu l\u00f6schen.<\/p>\n\n\n\n<h3 class=\"wp-block-heading\">Hinweise zur Wartung und Aspekte der Anwendungstechnik:<\/h3>\n\n\n\n<p>Dinamica Complements S.L. haftet nicht f\u00fcr etwaige technische Probleme oder Ausf\u00e4lle informatischer Systeme, die nicht unserem Unternehmen zuzuschreiben sind, die w\u00e4hrend der Verbindung mit dem Internet entstehen, und auch nicht f\u00fcr Sch\u00e4den, die Dritte au\u00dferhalb des Einflussbereichs von Dinamica Complements S.L. durch unrechtm\u00e4\u00dfiges Eindringen verursacht haben k\u00f6nnten.<\/p>\n\n\n\n<p>Des Weiteren haften wir nicht f\u00fcr m\u00f6gliche Sch\u00e4den, die der Nutzer aufgrund von Fehlern, M\u00e4ngeln oder Auslassungen in der Information, die wir zur Verf\u00fcgung stellen erleidet, wenn diese aus Quellen Dritter stammen.<\/p>\n\n\n\n<p>Dinamica Complements S.L. verpflichtet si<strong>ch, der Geh<\/strong>eimhaltungspflicht in Bezug a<strong>uf die pe<\/strong>rso<strong>nenbezogenen Daten sowie der Pflicht zu dere<\/strong>n Verwahrung nachzukommen und alle n\u00f6tigen Ma\u00dfnahmen zu ergreifen, um deren \u00c4nderung, Verlust, unbefugte Verarbeitung und den unerlaubten Zugriff unter Ber\u00fccksichtigung des Stands der Technik zu verhindern.<\/p>\n\n\n\n<p>Die Kunden von Dinamica Complements S.L. k\u00f6nnen jederzeit Ihr Recht auf Zugriff, \u00c4nderung, L\u00f6schung und Widerspruch via E-Mail: <a href=\"mailto:dinamicaballettanz@dinamica.com\">dinamicaballettanz@dinamica.com<\/a>, bei uns geltend machen.<\/p>\n\n\n\n<h3 class=\"wp-block-heading\">Haftungsbeschr\u00e4nkung:<\/h3>\n\n\n\n<p>Die Praktizierung des Tanzes sowie \u00e4hnliche Aktivit\u00e4ten k\u00f6nnen zu Verletzungen f\u00fchren. Da die Produkte von Dinamica Ballet unter der eigenen Verantwortung des Kunden eingesetzt werden, ist dieser f\u00fcr Verletzungen und Sch\u00e4den w\u00e4hrend der Aus\u00fcbung selbst verantwortlich<\/p>\n\n\n\n<h3 class=\"wp-block-heading\">Gesetzgebung und Rechtsprechung:<\/h3>\n\n\n\n<p>Die vorliegenden allgemeinen Bedingungen werden gem\u00e4\u00df der in Spanien in der Sache geltenden Gesetzgebung ausgelegt, die hilfsweise f\u00fcr alles was in diesen Bedingungen nicht vorgesehen ist, Anwendung findet (Im Wesentlichen das Gesetz 34\/2002 vom 11. Juli \u00fcber die Dienstleistungen der Informationsgesellschaft und \u00fcber elektronischen Handel \u2013 LSSICE). Die User dieser Webseite sind sich aller Angaben bewusst und akzeptieren diese freiwillig.<\/p>\n\n\n\n<h2 class=\"wp-block-heading\">DATENSCHUTZERKL\u00c4RUNG<\/h2>\n\n\n\n<p><strong>Datenschutzrichtlinie:&nbsp;<\/strong>In Einhaltung des Gesetzes Ley Org\u00e1nica 15\/1999, vom 13. Dezember, \u00fcber den Schutz pers\u00f6nlicher Daten, informieren wir Sie dar\u00fcber, dass die pers\u00f6nlichen Daten, die Sie uns zur Verf\u00fcgung stellen, in unserer automatischen Datenbank, die Eigentum und in der Verantwortung von Dinamica Complements S.L. ist, eingef\u00fcgt und dort verwaltet werden. Das Ziel dieser Datenbank ist es die von Ihnen erbetenen Leistungen zu erbringen, sowie Sie \u00fcber die Produkte und Dienstleistungen, die von Dinamica Complements S.L. vertrieben werden, zu informieren, auch mit Hilfe von elektronischen Medien. Wir erinnern, dass Sie als Kunde von Dinamica Complements S.L. das Recht haben, Zugang zu ihren pers\u00f6nlichen Daten zu erhalten, diese zu korrigieren, zu l\u00f6schen und ihnen zu widersprechen. Diese Rechte k\u00f6nnen Sie an die folgende Emailadresse gerichtet aus\u00fcben.: dinamicaballettanz@dinamicaballet.com<\/p>\n\n\n\n<h2 class=\"wp-block-heading\">Cookie-Richtlinien: <\/h2>\n\n\n\n<p>Unsere Webseite verwendet Cookies, um Sie von anderen Nutzern unserer Webseite zu unterscheiden. Das hilft uns dabei, Ihnen gute Erfahrungen beim Besuch unserer Webseite zu erm\u00f6glichen und auch unsere Seite kundenspezifischer zu gestalten. Ein Cookie ist eine kleine Textdatei, die von Ihrem Webbrowser auf der Festplatte Ihres Computers abgelegt wird, wenn Sie zum ersten Mal die Website besuchen. Cookies k\u00f6nnen keine Programme ausf\u00fchren oder Viren auf Ihren Computer \u00fcbertragen. Cookies sind ausschlie\u00dflich Ihnen zugeordnet und k\u00f6nnen nur von einem Internetserver in der Domain gelesen werden, die die Cookies an Sie ausgegeben hat.<\/p>\n\n\n\n<p>Dinamicaballet.com nutzt zwei verschiedene Cookies, eigene und technische, diese werden ben\u00f6tigt um die Leistungsf\u00e4higkeit sowie die Erbringung von Dienstleistungen der Webseite zu verbessern. Dazu setzen wir auch Google Analytics ein, einen Webanalysedienst der Google Inc. Google Analytics verwendet \u201eCookies\u201c, um eine Analyse der Benutzung der Website durch Sie zu erm\u00f6glichen. Cookies selbst identifizieren nur anonym die IP-Adresse des Computers f\u00fcr eine statistische Nutzung der Analyse und speichern keine pers\u00f6nlichen Informationen, wie beispielsweise Ihren Namen.<\/p>\n","protected":false},"excerpt":{"rendered":"<p>Identifizierungsdaten: Die Website www.dinamicaballet.com geh\u00f6rt zum Unternehmen Dinamica Complements S.L. Der Hauptsitz der Gesellschaft liegt in Spanien, Barcelona C.\/ Llull, 51-53, 5.St.-3\u00aa. Steuer-Id. Nr.: ESB63387237 Geistiges Eigentum der Webseite: Alle Rechte am geistigen Eigentum des Inhalts dieser Webseite, ihrem grafischen Design und ihrer Quellcodes sind ausschlie\u00dfliches Eigentum des Unternehmens Dinamica Complements S.L., dem die Nutzungsrechte &hellip;<\/p>\n","protected":false},"author":1,"featured_media":0,"parent":0,"menu_order":52,"comment_status":"closed","ping_status":"closed","template":"","meta":{"_editorskit_title_hidden":false,"_editorskit_reading_time":0,"_editorskit_is_block_options_detached":false,"_editorskit_block_options_position":"{}","inline_featured_image":false,"_kad_blocks_custom_css":"","_kad_blocks_head_custom_js":"","_kad_blocks_body_custom_js":"","_kad_blocks_footer_custom_js":"","footnotes":""},"class_list":["post-11226","page","type-page","status-publish","hentry","post","without-featured-image"],"yoast_head":"<!-- This site is optimized with the Yoast SEO plugin v27.4 - https:\/\/yoast.com\/product\/yoast-seo-wordpress\/ -->\n<title>Rechtlicher Hinweis - Dinamica Ballet<\/title>\n<meta name=\"robots\" content=\"noindex, follow, max-snippet:-1, max-image-preview:large, max-video-preview:-1\" \/>\n<meta property=\"og:locale\" content=\"de_DE\" \/>\n<meta property=\"og:type\" content=\"article\" \/>\n<meta property=\"og:title\" content=\"Rechtlicher Hinweis - Dinamica Ballet\" \/>\n<meta property=\"og:description\" content=\"Identifizierungsdaten: Die Website www.dinamicaballet.com geh\u00f6rt zum Unternehmen Dinamica Complements S.L. Der Hauptsitz der Gesellschaft liegt in Spanien, Barcelona C.\/ Llull, 51-53, 5.St.-3\u00aa. Steuer-Id. Nr.: ESB63387237 Geistiges Eigentum der Webseite: Alle Rechte am geistigen Eigentum des Inhalts dieser Webseite, ihrem grafischen Design und ihrer Quellcodes sind ausschlie\u00dfliches Eigentum des Unternehmens Dinamica Complements S.L., dem die Nutzungsrechte &hellip;\" \/>\n<meta property=\"og:url\" content=\"https:\/\/new.dinamicaballet.com\/de\/rechtlicher-hinweis\/\" \/>\n<meta property=\"og:site_name\" content=\"Dinamica Ballet\" \/>\n<meta property=\"article:publisher\" content=\"https:\/\/www.facebook.com\/dinamicaballet\" \/>\n<meta property=\"article:modified_time\" content=\"2022-02-14T16:05:28+00:00\" \/>\n<meta name=\"twitter:card\" content=\"summary_large_image\" \/>\n<meta name=\"twitter:label1\" content=\"Gesch\u00e4tzte Lesezeit\" \/>\n\t<meta name=\"twitter:data1\" content=\"4\u00a0Minuten\" \/>\n<script type=\"application\/ld+json\" class=\"yoast-schema-graph\">{\"@context\":\"https:\\\/\\\/schema.org\",\"@graph\":[{\"@type\":\"WebPage\",\"@id\":\"https:\\\/\\\/new.dinamicaballet.com\\\/de\\\/rechtlicher-hinweis\\\/\",\"url\":\"https:\\\/\\\/new.dinamicaballet.com\\\/de\\\/rechtlicher-hinweis\\\/\",\"name\":\"Rechtlicher Hinweis - Dinamica Ballet\",\"isPartOf\":{\"@id\":\"https:\\\/\\\/new.dinamicaballet.com\\\/de\\\/#website\"},\"datePublished\":\"2022-02-14T10:42:01+00:00\",\"dateModified\":\"2022-02-14T16:05:28+00:00\",\"inLanguage\":\"de\",\"potentialAction\":[{\"@type\":\"ReadAction\",\"target\":[\"https:\\\/\\\/new.dinamicaballet.com\\\/de\\\/rechtlicher-hinweis\\\/\"]}]},{\"@type\":\"WebSite\",\"@id\":\"https:\\\/\\\/new.dinamicaballet.com\\\/de\\\/#website\",\"url\":\"https:\\\/\\\/new.dinamicaballet.com\\\/de\\\/\",\"name\":\"Dinamica Ballet\",\"description\":\"Especialistas en barras de ballet y espejos para la danza\",\"publisher\":{\"@id\":\"https:\\\/\\\/new.dinamicaballet.com\\\/de\\\/#organization\"},\"potentialAction\":[{\"@type\":\"SearchAction\",\"target\":{\"@type\":\"EntryPoint\",\"urlTemplate\":\"https:\\\/\\\/new.dinamicaballet.com\\\/de\\\/?s={search_term_string}\"},\"query-input\":{\"@type\":\"PropertyValueSpecification\",\"valueRequired\":true,\"valueName\":\"search_term_string\"}}],\"inLanguage\":\"de\"},{\"@type\":\"Organization\",\"@id\":\"https:\\\/\\\/new.dinamicaballet.com\\\/de\\\/#organization\",\"name\":\"Dinamica Ballet\",\"url\":\"https:\\\/\\\/new.dinamicaballet.com\\\/de\\\/\",\"logo\":{\"@type\":\"ImageObject\",\"inLanguage\":\"de\",\"@id\":\"https:\\\/\\\/new.dinamicaballet.com\\\/de\\\/#\\\/schema\\\/logo\\\/image\\\/\",\"url\":\"https:\\\/\\\/new.dinamicaballet.com\\\/wp-content\\\/uploads\\\/2022\\\/03\\\/logo_dinamica_ballet.svg\",\"contentUrl\":\"https:\\\/\\\/new.dinamicaballet.com\\\/wp-content\\\/uploads\\\/2022\\\/03\\\/logo_dinamica_ballet.svg\",\"width\":284,\"height\":51,\"caption\":\"Dinamica Ballet\"},\"image\":{\"@id\":\"https:\\\/\\\/new.dinamicaballet.com\\\/de\\\/#\\\/schema\\\/logo\\\/image\\\/\"},\"sameAs\":[\"https:\\\/\\\/www.facebook.com\\\/dinamicaballet\",\"https:\\\/\\\/www.instagram.com\\\/dinamicaballet\\\/\",\"http:\\\/\\\/www.linkedin.com\\\/company\\\/dinamica-ballet\",\"https:\\\/\\\/www.pinterest.com\\\/DinamicaBallet\\\/\"]}]}<\/script>\n<!-- \/ Yoast SEO plugin. -->","yoast_head_json":{"title":"Rechtlicher Hinweis - Dinamica Ballet","robots":{"index":"noindex","follow":"follow","max-snippet":"max-snippet:-1","max-image-preview":"max-image-preview:large","max-video-preview":"max-video-preview:-1"},"og_locale":"de_DE","og_type":"article","og_title":"Rechtlicher Hinweis - Dinamica Ballet","og_description":"Identifizierungsdaten: Die Website www.dinamicaballet.com geh\u00f6rt zum Unternehmen Dinamica Complements S.L. Der Hauptsitz der Gesellschaft liegt in Spanien, Barcelona C.\/ Llull, 51-53, 5.St.-3\u00aa. Steuer-Id. Nr.: ESB63387237 Geistiges Eigentum der Webseite: Alle Rechte am geistigen Eigentum des Inhalts dieser Webseite, ihrem grafischen Design und ihrer Quellcodes sind ausschlie\u00dfliches Eigentum des Unternehmens Dinamica Complements S.L., dem die Nutzungsrechte &hellip;","og_url":"https:\/\/new.dinamicaballet.com\/de\/rechtlicher-hinweis\/","og_site_name":"Dinamica Ballet","article_publisher":"https:\/\/www.facebook.com\/dinamicaballet","article_modified_time":"2022-02-14T16:05:28+00:00","twitter_card":"summary_large_image","twitter_misc":{"Gesch\u00e4tzte Lesezeit":"4\u00a0Minuten"},"schema":{"@context":"https:\/\/schema.org","@graph":[{"@type":"WebPage","@id":"https:\/\/new.dinamicaballet.com\/de\/rechtlicher-hinweis\/","url":"https:\/\/new.dinamicaballet.com\/de\/rechtlicher-hinweis\/","name":"Rechtlicher Hinweis - Dinamica Ballet","isPartOf":{"@id":"https:\/\/new.dinamicaballet.com\/de\/#website"},"datePublished":"2022-02-14T10:42:01+00:00","dateModified":"2022-02-14T16:05:28+00:00","inLanguage":"de","potentialAction":[{"@type":"ReadAction","target":["https:\/\/new.dinamicaballet.com\/de\/rechtlicher-hinweis\/"]}]},{"@type":"WebSite","@id":"https:\/\/new.dinamicaballet.com\/de\/#website","url":"https:\/\/new.dinamicaballet.com\/de\/","name":"Dinamica Ballet","description":"Especialistas en barras de ballet y espejos para la danza","publisher":{"@id":"https:\/\/new.dinamicaballet.com\/de\/#organization"},"potentialAction":[{"@type":"SearchAction","target":{"@type":"EntryPoint","urlTemplate":"https:\/\/new.dinamicaballet.com\/de\/?s={search_term_string}"},"query-input":{"@type":"PropertyValueSpecification","valueRequired":true,"valueName":"search_term_string"}}],"inLanguage":"de"},{"@type":"Organization","@id":"https:\/\/new.dinamicaballet.com\/de\/#organization","name":"Dinamica Ballet","url":"https:\/\/new.dinamicaballet.com\/de\/","logo":{"@type":"ImageObject","inLanguage":"de","@id":"https:\/\/new.dinamicaballet.com\/de\/#\/schema\/logo\/image\/","url":"https:\/\/new.dinamicaballet.com\/wp-content\/uploads\/2022\/03\/logo_dinamica_ballet.svg","contentUrl":"https:\/\/new.dinamicaballet.com\/wp-content\/uploads\/2022\/03\/logo_dinamica_ballet.svg","width":284,"height":51,"caption":"Dinamica Ballet"},"image":{"@id":"https:\/\/new.dinamicaballet.com\/de\/#\/schema\/logo\/image\/"},"sameAs":["https:\/\/www.facebook.com\/dinamicaballet","https:\/\/www.instagram.com\/dinamicaballet\/","http:\/\/www.linkedin.com\/company\/dinamica-ballet","https:\/\/www.pinterest.com\/DinamicaBallet\/"]}]}},"taxonomy_info":[],"featured_image_src_large":false,"author_info":{"display_name":false,"author_link":"https:\/\/new.dinamicaballet.com\/de\/author\/ideadmin\/"},"comment_info":0,"featured_image_src":null,"featured_image_src_square":null,"_links":{"self":[{"href":"https:\/\/new.dinamicaballet.com\/de\/wp-json\/wp\/v2\/pages\/11226","targetHints":{"allow":["GET"]}}],"collection":[{"href":"https:\/\/new.dinamicaballet.com\/de\/wp-json\/wp\/v2\/pages"}],"about":[{"href":"https:\/\/new.dinamicaballet.com\/de\/wp-json\/wp\/v2\/types\/page"}],"author":[{"embeddable":true,"href":"https:\/\/new.dinamicaballet.com\/de\/wp-json\/wp\/v2\/users\/1"}],"replies":[{"embeddable":true,"href":"https:\/\/new.dinamicaballet.com\/de\/wp-json\/wp\/v2\/comments?post=11226"}],"version-history":[{"count":3,"href":"https:\/\/new.dinamicaballet.com\/de\/wp-json\/wp\/v2\/pages\/11226\/revisions"}],"predecessor-version":[{"id":11312,"href":"https:\/\/new.dinamicaballet.com\/de\/wp-json\/wp\/v2\/pages\/11226\/revisions\/11312"}],"wp:attachment":[{"href":"https:\/\/new.dinamicaballet.com\/de\/wp-json\/wp\/v2\/media?parent=11226"}],"curies":[{"name":"wp","href":"https:\/\/api.w.org\/{rel}","templated":true}]}}