{"id":98769,"date":"2024-06-19T15:07:52","date_gmt":"2024-06-19T14:07:52","guid":{"rendered":"https:\/\/www.dinamicaballet.com\/?post_type=product&#038;p=98769"},"modified":"2024-07-01T12:33:23","modified_gmt":"2024-07-01T11:33:23","slug":"pack-barra-de-ballet-per-casa-prima-de-1-5m-i-tapis-de-dansa-ondine","status":"publish","type":"product","link":"https:\/\/new.dinamicaballet.com\/ca\/producto\/pack-barra-de-ballet-per-casa-prima-de-1-5m-i-tapis-de-dansa-ondine\/","title":{"rendered":"Pack amb barra de ballet per casa Prima de 1.5m i tap\u00eds de dansa Ondine"},"content":{"rendered":"<h3>Prima, la barra de ballet m\u00f2bil per practicar a casa<\/h3>\n<p>La Prima \u00e9s una barra ideal per iniciar-se en la dansa i practicar a casa. Les bases d\u2019acer, de 6 quilograms cadascuna, porten taps de pvc per protegir el terra i aporten l\u2019estabilitat suficient per fer l\u2019escalfament i els exercicis amb precisi\u00f3. D\u2019un pes total de 16 quilograms, la Prima \u00e9s la nostra barra m\u00f2bil m\u00e9s lleugera; la podr\u00e0s moure i retirar quan acabis els entrenaments, tot i que el seu disseny elegant i de l\u00ednies suaus pot integrar-se b\u00e9 en la decoraci\u00f3 de casa.<\/p>\n<h3>Disseny minimalista amb materials professionals<\/h3>\n<p>La Prima est\u00e0 constru\u00efda amb els mateixos materials que utilitzem per a les nostres barres professionals. Les bases i les columnes s\u00f3n d\u2019acer amb acabats en epoxi de color plata per protegir-les millor de cops i ratllades. La barra de fusta de pi melis, cargolada directament sobre les platines, t\u2019aportar\u00e0 un tacte agradable i una subjecci\u00f3 \u00f2ptima. La Prima \u00e9s la barra de ballet m\u00f2bil m\u00e9s assequible de la nostra col\u00b7lecci\u00f3, per\u00f2 et garantim que podr\u00e0s gaudir-la durant molt\u00edssims anys.<\/p>\n<h3>Et portem la barra a casa i en menys de 5 minuts l\u2019estar\u00e0s gaudint<\/h3>\n<p>La Prima \u00e9s la nostra barra de ballet que es troba en m\u00e9s llars. Si vols que te l\u2019enviem a casa la pots comprar c\u00f2modament a la nostra botiga en l\u00ednia. La podr\u00e0s muntar r\u00e0pidament tan sols amb un tornav\u00eds i la clau Allen que trobar\u00e0s en la caixa, i tot seguit comen\u00e7ar a gaudir-la.<\/p>\n<h3>Dos tapissos en un per a ballarines exigents<\/h3>\n<p>Aquest \u00e9s un tap\u00eds d\u2019escenari reversible, gris d\u2019una banda i negre per un altra perqu\u00e8 puguis combinar-ho al teu gust. Desenrotlla el tap\u00eds i fes-lo servir per tots dos costats per a minimitzar el seu desgast i combinar-lo amb els colors del teu espai. El tap\u00eds t\u00e9 un tacte suau i ofereix l\u2019amortiment i l\u2019adher\u00e8ncia perfecta per a exercicis de qualsevol disciplina de dansa amb barra de ballet o sense ella. Les dues capes de PVC antilliscants s\u2019adhereixen a tota mena de s\u00f2ls i si vols assegurar-te fixaci\u00f3 total al terra, pots utilitzar cinta adhesiva d\u2019una sola cara.<\/p>\n<p>Pesos tap\u00eds de dansa Ondine:<\/p>\n<ul>\n<li>200 x 100 cm: 4,2kg<\/li>\n<li>200 x 150 cm: 6,3 kg<\/li>\n<li>200 x 195 cm: 8,4 kg<\/li>\n<\/ul>\n<a href=\"https:\/\/new.dinamicaballet.com\/wp-content\/uploads\/2021\/05\/FT-PRIMA-0521-2.pdf\" class=\"su-button su-button-style-default\" style=\"color:#006B7C;background-color:#FFF2D5;border-color:#ccc2ab;border-radius:5px\" target=\"_blank\" rel=\"noopener noreferrer\"><span style=\"color:#006B7C;padding:0px 16px;font-size:13px;line-height:26px;border-color:#fff6e2;border-radius:5px;text-shadow:none\"> Descarregar fitxa t\u00e8cnica de la Prima<\/span><\/a> <a href=\"https:\/\/new.dinamicaballet.com\/wp-content\/uploads\/2022\/01\/Instruccions-Prima.pdf\" class=\"su-button su-button-style-default\" style=\"color:#006B7C;background-color:#FFF2D5;border-color:#ccc2ab;border-radius:5px\" target=\"_blank\" rel=\"noopener noreferrer\"><span style=\"color:#006B7C;padding:0px 16px;font-size:13px;line-height:26px;border-color:#fff6e2;border-radius:5px;text-shadow:none\"> Descarregar instruccions Prima<\/span><\/a>\n","protected":false},"excerpt":{"rendered":"<p class=\"et_pb_text et_pb_module et_pb_bg_layout_light et_pb_text_align_left resumen et_pb_text_1\">La <strong>barra de ballet Prima<\/strong> est\u00e0 dissenyada perqu\u00e8 petits i grans ballarins puguin entrenar a casa amb comoditat. \u00c9s una barra lleugera perqu\u00e8 la puguis moure d\u2019una habitaci\u00f3 a l\u2019altra amb facilitat i amb prou estabilitat per poder practicar tranquil\u00b7lament les teves<em>\u00a0battement fondu<\/em>.<\/p>\n<p>El <strong>mat de dansa\u00a0Ondine<\/strong> t\u2019ofereix l\u2019amortiment i l\u2019estabilitat perfecta per a practicar els teus exercicis de dansa. \u00c9s un tap\u00eds d\u2019escenari reversible fabricat amb dues capes de PVC suaus i antilliscants que et donar\u00e0 total confian\u00e7a fins i tot quan facis moviments amb girs. Podr\u00e0s entrenar a casa portar-t\u2019ho c\u00f2modament a assajos i gires sigui quina sigui la teva especialitat. Des de la dansa cl\u00e0ssica al hip hop, passant per la contempor\u00e0nia, el jazz o fins i tot danses de percussi\u00f3 com el flamenc o el claqu\u00e9, el mat Ondine es convertir\u00e0 en el teu aliat perfecte en els teus assajos.<\/p>\n<p>Aquest pack inclou una<strong> barra de ballet d&#8217;iniciaci\u00f3 regulable Prima de 1.5m i un<\/strong><strong>\u00a0tap\u00eds de dansa reversible Ondine de la mesura que tr\u00efis: <\/strong><strong>2m x 1m, <\/strong><strong>2m x 1.5m o <\/strong><strong>2m x 1.95m<\/strong><\/p>\n<p class=\"et_pb_text et_pb_module et_pb_bg_layout_light et_pb_text_align_left resumen et_pb_text_1\"><strong>ENVIAMENT I\u00a0 IVA INCLOSOS<\/strong><\/p>\n","protected":false},"featured_media":96213,"template":"","meta":{"_editorskit_title_hidden":false,"_editorskit_reading_time":0,"_editorskit_is_block_options_detached":false,"_editorskit_block_options_position":"{}","inline_featured_image":false,"_kad_blocks_custom_css":"","_kad_blocks_head_custom_js":"","_kad_blocks_body_custom_js":"","_kad_blocks_footer_custom_js":""},"product_brand":[],"product_cat":[326,100,101,105,103],"product_tag":[123],"class_list":{"0":"post-98769","1":"product","2":"type-product","3":"status-publish","4":"has-post-thumbnail","6":"product_cat-accesoris","7":"product_cat-barres-mobils","8":"product_cat-barres-regulables","9":"product_cat-iniciacio-casa","10":"product_cat-una-barra-ca","11":"product_tag-mobil","12":"post","13":"with-featured-image","15":"first","16":"instock","17":"taxable","18":"shipping-taxable","19":"purchasable","20":"product-type-variable","21":"has-default-attributes"},"yoast_head":"<!-- This site is optimized with the Yoast SEO plugin v27.4 - https:\/\/yoast.com\/product\/yoast-seo-wordpress\/ -->\n<title>Pack barra de ballet per casa Prima i tap\u00eds reversible Ondine<\/title>\n<meta name=\"description\" content=\"La Prima \u00e9s una barra de ballet lleugera que pots traslladar f\u00e0cilment i el tap\u00eds Ondine ofereix l&#039;adher\u00e8ncia perfecta per la pr\u00e0ctica de la dansa\" \/>\n<meta name=\"robots\" content=\"noindex, follow, max-snippet:-1, max-image-preview:large, max-video-preview:-1\" \/>\n<meta property=\"og:locale\" content=\"ca_ES\" \/>\n<meta property=\"og:type\" content=\"article\" \/>\n<meta property=\"og:title\" content=\"Pack barra de ballet per casa Prima i tap\u00eds reversible Ondine\" \/>\n<meta property=\"og:description\" content=\"La Prima \u00e9s una barra de ballet lleugera que pots traslladar f\u00e0cilment i el tap\u00eds Ondine ofereix l&#039;adher\u00e8ncia perfecta per la pr\u00e0ctica de la dansa\" \/>\n<meta property=\"og:url\" content=\"https:\/\/new.dinamicaballet.com\/ca\/producto\/pack-barra-de-ballet-per-casa-prima-de-1-5m-i-tapis-de-dansa-ondine\/\" \/>\n<meta property=\"og:site_name\" content=\"Dinamica Ballet\" \/>\n<meta property=\"article:publisher\" content=\"https:\/\/www.facebook.com\/dinamicaballet\" \/>\n<meta property=\"article:modified_time\" content=\"2024-07-01T11:33:23+00:00\" \/>\n<meta property=\"og:image\" content=\"https:\/\/new.dinamicaballet.com\/wp-content\/uploads\/2024\/01\/Pack-Prima-Ondine.png\" \/>\n\t<meta property=\"og:image:width\" content=\"600\" \/>\n\t<meta property=\"og:image:height\" content=\"800\" \/>\n\t<meta property=\"og:image:type\" content=\"image\/png\" \/>\n<meta name=\"twitter:card\" content=\"summary_large_image\" \/>\n<meta name=\"twitter:label1\" content=\"Temps estimat de lectura\" \/>\n\t<meta name=\"twitter:data1\" content=\"3 minuts\" \/>\n<script type=\"application\/ld+json\" class=\"yoast-schema-graph\">{\"@context\":\"https:\\\/\\\/schema.org\",\"@graph\":[{\"@type\":\"WebPage\",\"@id\":\"https:\\\/\\\/new.dinamicaballet.com\\\/ca\\\/producto\\\/pack-barra-de-ballet-per-casa-prima-de-1-5m-i-tapis-de-dansa-ondine\\\/\",\"url\":\"https:\\\/\\\/new.dinamicaballet.com\\\/ca\\\/producto\\\/pack-barra-de-ballet-per-casa-prima-de-1-5m-i-tapis-de-dansa-ondine\\\/\",\"name\":\"Pack barra de ballet per casa Prima i tap\u00eds reversible Ondine\",\"isPartOf\":{\"@id\":\"https:\\\/\\\/new.dinamicaballet.com\\\/ca\\\/#website\"},\"primaryImageOfPage\":{\"@id\":\"https:\\\/\\\/new.dinamicaballet.com\\\/ca\\\/producto\\\/pack-barra-de-ballet-per-casa-prima-de-1-5m-i-tapis-de-dansa-ondine\\\/#primaryimage\"},\"image\":{\"@id\":\"https:\\\/\\\/new.dinamicaballet.com\\\/ca\\\/producto\\\/pack-barra-de-ballet-per-casa-prima-de-1-5m-i-tapis-de-dansa-ondine\\\/#primaryimage\"},\"thumbnailUrl\":\"https:\\\/\\\/new.dinamicaballet.com\\\/wp-content\\\/uploads\\\/2024\\\/01\\\/Pack-Prima-Ondine.png\",\"datePublished\":\"2024-06-19T14:07:52+00:00\",\"dateModified\":\"2024-07-01T11:33:23+00:00\",\"description\":\"La Prima \u00e9s una barra de ballet lleugera que pots traslladar f\u00e0cilment i el tap\u00eds Ondine ofereix l'adher\u00e8ncia perfecta per la pr\u00e0ctica de la dansa\",\"inLanguage\":\"ca\",\"potentialAction\":[{\"@type\":\"ReadAction\",\"target\":[\"https:\\\/\\\/new.dinamicaballet.com\\\/ca\\\/producto\\\/pack-barra-de-ballet-per-casa-prima-de-1-5m-i-tapis-de-dansa-ondine\\\/\"]}]},{\"@type\":\"ImageObject\",\"inLanguage\":\"ca\",\"@id\":\"https:\\\/\\\/new.dinamicaballet.com\\\/ca\\\/producto\\\/pack-barra-de-ballet-per-casa-prima-de-1-5m-i-tapis-de-dansa-ondine\\\/#primaryimage\",\"url\":\"https:\\\/\\\/new.dinamicaballet.com\\\/wp-content\\\/uploads\\\/2024\\\/01\\\/Pack-Prima-Ondine.png\",\"contentUrl\":\"https:\\\/\\\/new.dinamicaballet.com\\\/wp-content\\\/uploads\\\/2024\\\/01\\\/Pack-Prima-Ondine.png\",\"width\":600,\"height\":800},{\"@type\":\"WebSite\",\"@id\":\"https:\\\/\\\/new.dinamicaballet.com\\\/ca\\\/#website\",\"url\":\"https:\\\/\\\/new.dinamicaballet.com\\\/ca\\\/\",\"name\":\"Dinamica Ballet\",\"description\":\"Especialistas en barras de ballet y espejos para la danza\",\"publisher\":{\"@id\":\"https:\\\/\\\/new.dinamicaballet.com\\\/ca\\\/#organization\"},\"potentialAction\":[{\"@type\":\"SearchAction\",\"target\":{\"@type\":\"EntryPoint\",\"urlTemplate\":\"https:\\\/\\\/new.dinamicaballet.com\\\/ca\\\/?s={search_term_string}\"},\"query-input\":{\"@type\":\"PropertyValueSpecification\",\"valueRequired\":true,\"valueName\":\"search_term_string\"}}],\"inLanguage\":\"ca\"},{\"@type\":\"Organization\",\"@id\":\"https:\\\/\\\/new.dinamicaballet.com\\\/ca\\\/#organization\",\"name\":\"Dinamica Ballet\",\"url\":\"https:\\\/\\\/new.dinamicaballet.com\\\/ca\\\/\",\"logo\":{\"@type\":\"ImageObject\",\"inLanguage\":\"ca\",\"@id\":\"https:\\\/\\\/new.dinamicaballet.com\\\/ca\\\/#\\\/schema\\\/logo\\\/image\\\/\",\"url\":\"https:\\\/\\\/new.dinamicaballet.com\\\/wp-content\\\/uploads\\\/2022\\\/03\\\/logo_dinamica_ballet.svg\",\"contentUrl\":\"https:\\\/\\\/new.dinamicaballet.com\\\/wp-content\\\/uploads\\\/2022\\\/03\\\/logo_dinamica_ballet.svg\",\"width\":284,\"height\":51,\"caption\":\"Dinamica Ballet\"},\"image\":{\"@id\":\"https:\\\/\\\/new.dinamicaballet.com\\\/ca\\\/#\\\/schema\\\/logo\\\/image\\\/\"},\"sameAs\":[\"https:\\\/\\\/www.facebook.com\\\/dinamicaballet\",\"https:\\\/\\\/www.instagram.com\\\/dinamicaballet\\\/\",\"http:\\\/\\\/www.linkedin.com\\\/company\\\/dinamica-ballet\",\"https:\\\/\\\/www.pinterest.com\\\/DinamicaBallet\\\/\"]}]}<\/script>\n<!-- \/ Yoast SEO plugin. -->","yoast_head_json":{"title":"Pack barra de ballet per casa Prima i tap\u00eds reversible Ondine","description":"La Prima \u00e9s una barra de ballet lleugera que pots traslladar f\u00e0cilment i el tap\u00eds Ondine ofereix l'adher\u00e8ncia perfecta per la pr\u00e0ctica de la dansa","robots":{"index":"noindex","follow":"follow","max-snippet":"max-snippet:-1","max-image-preview":"max-image-preview:large","max-video-preview":"max-video-preview:-1"},"og_locale":"ca_ES","og_type":"article","og_title":"Pack barra de ballet per casa Prima i tap\u00eds reversible Ondine","og_description":"La Prima \u00e9s una barra de ballet lleugera que pots traslladar f\u00e0cilment i el tap\u00eds Ondine ofereix l'adher\u00e8ncia perfecta per la pr\u00e0ctica de la dansa","og_url":"https:\/\/new.dinamicaballet.com\/ca\/producto\/pack-barra-de-ballet-per-casa-prima-de-1-5m-i-tapis-de-dansa-ondine\/","og_site_name":"Dinamica Ballet","article_publisher":"https:\/\/www.facebook.com\/dinamicaballet","article_modified_time":"2024-07-01T11:33:23+00:00","og_image":[{"width":600,"height":800,"url":"https:\/\/new.dinamicaballet.com\/wp-content\/uploads\/2024\/01\/Pack-Prima-Ondine.png","type":"image\/png"}],"twitter_card":"summary_large_image","twitter_misc":{"Temps estimat de lectura":"3 minuts"},"schema":{"@context":"https:\/\/schema.org","@graph":[{"@type":"WebPage","@id":"https:\/\/new.dinamicaballet.com\/ca\/producto\/pack-barra-de-ballet-per-casa-prima-de-1-5m-i-tapis-de-dansa-ondine\/","url":"https:\/\/new.dinamicaballet.com\/ca\/producto\/pack-barra-de-ballet-per-casa-prima-de-1-5m-i-tapis-de-dansa-ondine\/","name":"Pack barra de ballet per casa Prima i tap\u00eds reversible Ondine","isPartOf":{"@id":"https:\/\/new.dinamicaballet.com\/ca\/#website"},"primaryImageOfPage":{"@id":"https:\/\/new.dinamicaballet.com\/ca\/producto\/pack-barra-de-ballet-per-casa-prima-de-1-5m-i-tapis-de-dansa-ondine\/#primaryimage"},"image":{"@id":"https:\/\/new.dinamicaballet.com\/ca\/producto\/pack-barra-de-ballet-per-casa-prima-de-1-5m-i-tapis-de-dansa-ondine\/#primaryimage"},"thumbnailUrl":"https:\/\/new.dinamicaballet.com\/wp-content\/uploads\/2024\/01\/Pack-Prima-Ondine.png","datePublished":"2024-06-19T14:07:52+00:00","dateModified":"2024-07-01T11:33:23+00:00","description":"La Prima \u00e9s una barra de ballet lleugera que pots traslladar f\u00e0cilment i el tap\u00eds Ondine ofereix l'adher\u00e8ncia perfecta per la pr\u00e0ctica de la dansa","inLanguage":"ca","potentialAction":[{"@type":"ReadAction","target":["https:\/\/new.dinamicaballet.com\/ca\/producto\/pack-barra-de-ballet-per-casa-prima-de-1-5m-i-tapis-de-dansa-ondine\/"]}]},{"@type":"ImageObject","inLanguage":"ca","@id":"https:\/\/new.dinamicaballet.com\/ca\/producto\/pack-barra-de-ballet-per-casa-prima-de-1-5m-i-tapis-de-dansa-ondine\/#primaryimage","url":"https:\/\/new.dinamicaballet.com\/wp-content\/uploads\/2024\/01\/Pack-Prima-Ondine.png","contentUrl":"https:\/\/new.dinamicaballet.com\/wp-content\/uploads\/2024\/01\/Pack-Prima-Ondine.png","width":600,"height":800},{"@type":"WebSite","@id":"https:\/\/new.dinamicaballet.com\/ca\/#website","url":"https:\/\/new.dinamicaballet.com\/ca\/","name":"Dinamica Ballet","description":"Especialistas en barras de ballet y espejos para la danza","publisher":{"@id":"https:\/\/new.dinamicaballet.com\/ca\/#organization"},"potentialAction":[{"@type":"SearchAction","target":{"@type":"EntryPoint","urlTemplate":"https:\/\/new.dinamicaballet.com\/ca\/?s={search_term_string}"},"query-input":{"@type":"PropertyValueSpecification","valueRequired":true,"valueName":"search_term_string"}}],"inLanguage":"ca"},{"@type":"Organization","@id":"https:\/\/new.dinamicaballet.com\/ca\/#organization","name":"Dinamica Ballet","url":"https:\/\/new.dinamicaballet.com\/ca\/","logo":{"@type":"ImageObject","inLanguage":"ca","@id":"https:\/\/new.dinamicaballet.com\/ca\/#\/schema\/logo\/image\/","url":"https:\/\/new.dinamicaballet.com\/wp-content\/uploads\/2022\/03\/logo_dinamica_ballet.svg","contentUrl":"https:\/\/new.dinamicaballet.com\/wp-content\/uploads\/2022\/03\/logo_dinamica_ballet.svg","width":284,"height":51,"caption":"Dinamica Ballet"},"image":{"@id":"https:\/\/new.dinamicaballet.com\/ca\/#\/schema\/logo\/image\/"},"sameAs":["https:\/\/www.facebook.com\/dinamicaballet","https:\/\/www.instagram.com\/dinamicaballet\/","http:\/\/www.linkedin.com\/company\/dinamica-ballet","https:\/\/www.pinterest.com\/DinamicaBallet\/"]}]}},"taxonomy_info":{"product_cat":[{"value":326,"label":"Accesoris"},{"value":100,"label":"Barres m\u00f2bils"},{"value":101,"label":"Barres regulables"},{"value":105,"label":"Iniciaci\u00f3\/casa"},{"value":103,"label":"Una barra"}],"product_tag":[{"value":123,"label":"m\u00f2bil"}]},"featured_image_src_large":["https:\/\/new.dinamicaballet.com\/wp-content\/uploads\/2024\/01\/Pack-Prima-Ondine.png",600,800,false],"author_info":[],"comment_info":"","_links":{"self":[{"href":"https:\/\/new.dinamicaballet.com\/ca\/wp-json\/wp\/v2\/product\/98769","targetHints":{"allow":["GET"]}}],"collection":[{"href":"https:\/\/new.dinamicaballet.com\/ca\/wp-json\/wp\/v2\/product"}],"about":[{"href":"https:\/\/new.dinamicaballet.com\/ca\/wp-json\/wp\/v2\/types\/product"}],"wp:featuredmedia":[{"embeddable":true,"href":"https:\/\/new.dinamicaballet.com\/ca\/wp-json\/wp\/v2\/media\/96213"}],"wp:attachment":[{"href":"https:\/\/new.dinamicaballet.com\/ca\/wp-json\/wp\/v2\/media?parent=98769"}],"wp:term":[{"taxonomy":"product_brand","embeddable":true,"href":"https:\/\/new.dinamicaballet.com\/ca\/wp-json\/wp\/v2\/product_brand?post=98769"},{"taxonomy":"product_cat","embeddable":true,"href":"https:\/\/new.dinamicaballet.com\/ca\/wp-json\/wp\/v2\/product_cat?post=98769"},{"taxonomy":"product_tag","embeddable":true,"href":"https:\/\/new.dinamicaballet.com\/ca\/wp-json\/wp\/v2\/product_tag?post=98769"}],"curies":[{"name":"wp","href":"https:\/\/api.w.org\/{rel}","templated":true}]}}