{"id":94192,"date":"2024-01-15T13:29:06","date_gmt":"2024-01-15T12:29:06","guid":{"rendered":"https:\/\/www.dinamicaballet.com\/?post_type=product&#038;p=94192"},"modified":"2024-02-01T13:35:37","modified_gmt":"2024-02-01T12:35:37","slug":"pack-barra-ballet-juliette-i-tapis-dansa-ondine","status":"publish","type":"product","link":"https:\/\/new.dinamicaballet.com\/ca\/producto\/pack-barra-ballet-juliette-i-tapis-dansa-ondine\/","title":{"rendered":"Pack amb barra de ballet regulable Juliette de  1.5m i mat de dansa de 2 x 1.5m"},"content":{"rendered":"<h3><strong>Juliette, una barra de ballet dissenyada perqu\u00e8 tota la fam\u00edlia balli a casa<\/strong><\/h3>\n<p>La barra de ballet Juliette es pot ajustar de manera senzilla i r\u00e0pida a 12 altures diferents, amb un recorregut de 33 cent\u00edmetres entre l\u2019altura m\u00e0xima i la m\u00ednima. Dissenyada per a la iniciaci\u00f3 al ballet, la Juliette s\u2019adaptar\u00e0 perfectament als petits i grans de casa. Les seves bases d\u2019acer de 6 quilograms cadascuna aporten l\u2019estabilitat suficient per poder executar exercicis senzills amb total seguretat i estan protegides amb taps de pvc que ofereixen subjecci\u00f3 i no marquen el terra.<\/p>\n<h3><strong>El tacte natural, c\u00e0lid, agradable i prec\u00eds de la fusta de pi melis<\/strong><\/h3>\n<p>A Dinamica Ballet nom\u00e9s treballem amb les fustes m\u00e9s adequades per a la pr\u00e0ctica del ballet. La Juliette t\u00e9 una barra de fusta de pi melis procedents de boscos de gesti\u00f3 sostenible certificada. La fusta \u00e9s un material viu que combina gran resist\u00e8ncia a la pressi\u00f3 amb una lleugera flexibilitat i subjecci\u00f3 \u00f2ptima.<\/p>\n<h3><strong>Podr\u00e0s gaudir de la Juliette en tan sols l\u2019estona de prepar-te un caf\u00e8<\/strong><\/h3>\n<p>Quan dissenyem els nostres productes, estudiem com podem utilitzar el m\u00ednim nombre de peces possibles pensant en dos objectius: maximitzar la durabilitat dels nostres productes i aconseguir un muntatge f\u00e0cil i r\u00e0pid. Podr\u00e0s muntar la Juliette seguint les instruccions que et proporcionarem en pocs minuts amb l\u2019\u00fanica ajuda d\u2019un tornav\u00eds i la clau Allen inclosa. Pots comprar la Juliette a la nostra botiga en l\u00ednia i te l\u2019enviarem a casa.<\/p>\n<h3><strong>Dos tapissos en un per a ballarines exigents<\/strong><\/h3>\n<p>Aquest \u00e9s un tap\u00eds d\u2019escenari reversible, gris d\u2019una banda i negre per un altra perqu\u00e8 puguis combinar-ho al teu gust. Desenrotlla el tap\u00eds i fes-lo servir per tots dos costats per a minimitzar el seu desgast i combinar-lo amb els colors del teu espai. El tap\u00eds t\u00e9 un tacte suau i ofereix l\u2019amortiment i l\u2019adher\u00e8ncia perfecta per a exercicis de qualsevol disciplina de dansa amb barra de ballet o sense ella. Les dues capes de PVC antilliscants s\u2019adhereixen a tota mena de s\u00f2ls i si vols assegurar-te fixaci\u00f3 total al terra, pots utilitzar cinta adhesiva d\u2019una sola cara.<\/p>\n<p><strong>Pes del tap\u00eds<\/strong>: 6,3 kg<\/p>\n<a href=\"https:\/\/new.dinamicaballet.com\/wp-content\/uploads\/2021\/05\/FT-JULIETTE-0521-2.pdf\" class=\"su-button su-button-style-default\" style=\"color:#006B7C;background-color:#FFF2D5;border-color:#ccc2ab;border-radius:5px\" target=\"_blank\" rel=\"noopener noreferrer\"><span style=\"color:#006B7C;padding:0px 16px;font-size:13px;line-height:26px;border-color:#fff6e2;border-radius:5px;text-shadow:none\"> Descarregar la fitxa t\u00e8cnica de la Juliette<\/span><\/a> <a href=\"https:\/\/new.dinamicaballet.com\/wp-content\/uploads\/2021\/03\/Instruccions-Juliette-1.pdf\" class=\"su-button su-button-style-default\" style=\"color:#006B7C;background-color:#FFF2D5;border-color:#ccc2ab;border-radius:5px\" target=\"_blank\" rel=\"noopener noreferrer\"><span style=\"color:#006B7C;padding:0px 16px;font-size:13px;line-height:26px;border-color:#fff6e2;border-radius:5px;text-shadow:none\"> Descarregar instruccions de la Juliette<\/span><\/a>\n","protected":false},"excerpt":{"rendered":"<p class=\"et_pb_text et_pb_module et_pb_bg_layout_light et_pb_text_align_left resumen et_pb_text_1\">La<strong> Juliette<\/strong> <strong>\u00e9s una barra de ballet d\u2019altura regulable dissenyada per practicar a casa<\/strong>. \u00c9s una barra lleugera que pots traslladar f\u00e0cilment i que mant\u00e9 un bon grau d\u2019estabilitat per poder fer exercicis d\u2019escalfament amb tranquil\u00b7litat. La Juliette es pot fixar a 12 altures diferents i adaptar-se a mesura que els petits ballarins i ballarines de casa van creixent.<\/p>\n<p>El <strong>mat de\u00a0dansa Ondine<\/strong> t\u2019ofereix l\u2019amortiment i l\u2019estabilitat perfecta per a practicar els teus exercicis de dansa. \u00c9s un tap\u00eds d\u2019escenari reversible fabricat amb dues capes de PVC suaus i antilliscants que et donar\u00e0 total confian\u00e7a fins i tot quan facis moviments amb girs. Podr\u00e0s entrenar a casa portar-t\u2019ho c\u00f2modament a assajos i gires sigui quina sigui la teva especialitat. Des de la dansa cl\u00e0ssica al hip hop, passant per la contempor\u00e0nia, el jazz o fins i tot danses de percussi\u00f3 com el flamenc o el claqu\u00e9, el mat Ondine es convertir\u00e0 en el teu aliat perfecte en els teus assajos.<\/p>\n<p>Aquest pack inclou:<\/p>\n<ul>\n<li><strong>Barra de ballet d&#8217;iniciaci\u00f3 regulable Juliette de 1.5m<\/strong><\/li>\n<li><strong>Tap\u00eds de dansa reversible Ondine de 2m x 1.5m<\/strong><\/li>\n<\/ul>\n<p class=\"et_pb_text et_pb_module et_pb_bg_layout_light et_pb_text_align_left resumen et_pb_text_1\"><strong>ENVIAMENT GRATU\u00cfT | IVA INCL\u00d2S<\/strong><\/p>\n","protected":false},"featured_media":94217,"template":"","meta":{"_editorskit_title_hidden":false,"_editorskit_reading_time":0,"_editorskit_is_block_options_detached":false,"_editorskit_block_options_position":"{}","inline_featured_image":false,"_kad_blocks_custom_css":"","_kad_blocks_head_custom_js":"","_kad_blocks_body_custom_js":"","_kad_blocks_footer_custom_js":""},"product_brand":[],"product_cat":[326,100,101,105,103],"product_tag":[123],"class_list":{"0":"post-94192","1":"product","2":"type-product","3":"status-publish","4":"has-post-thumbnail","6":"product_cat-accesoris","7":"product_cat-barres-mobils","8":"product_cat-barres-regulables","9":"product_cat-iniciacio-casa","10":"product_cat-una-barra-ca","11":"product_tag-mobil","12":"post","13":"with-featured-image","15":"first","16":"instock","17":"taxable","18":"shipping-taxable","19":"purchasable","20":"product-type-simple"},"yoast_head":"<!-- This site is optimized with the Yoast SEO plugin v27.4 - https:\/\/yoast.com\/product\/yoast-seo-wordpress\/ -->\n<title>Pack barra de ballet regulable Juliette i tap\u00eds reversible Ondine<\/title>\n<meta name=\"description\" content=\"La Juliette \u00e9s una arra de ballet lleugera que pots traslladar f\u00e0cilment i el tap\u00eds Ondine ofereix l&#039;adher\u00e8ncia perfecta per la pr\u00e0ctica de la dansa\" \/>\n<meta name=\"robots\" content=\"noindex, follow, max-snippet:-1, max-image-preview:large, max-video-preview:-1\" \/>\n<meta property=\"og:locale\" content=\"ca_ES\" \/>\n<meta property=\"og:type\" content=\"article\" \/>\n<meta property=\"og:title\" content=\"Pack barra de ballet regulable Juliette i tap\u00eds reversible Ondine\" \/>\n<meta property=\"og:description\" content=\"La Juliette \u00e9s una arra de ballet lleugera que pots traslladar f\u00e0cilment i el tap\u00eds Ondine ofereix l&#039;adher\u00e8ncia perfecta per la pr\u00e0ctica de la dansa\" \/>\n<meta property=\"og:url\" content=\"https:\/\/new.dinamicaballet.com\/ca\/producto\/pack-barra-ballet-juliette-i-tapis-dansa-ondine\/\" \/>\n<meta property=\"og:site_name\" content=\"Dinamica Ballet\" \/>\n<meta property=\"article:publisher\" content=\"https:\/\/www.facebook.com\/dinamicaballet\" \/>\n<meta property=\"article:modified_time\" content=\"2024-02-01T12:35:37+00:00\" \/>\n<meta property=\"og:image\" content=\"https:\/\/new.dinamicaballet.com\/wp-content\/uploads\/2024\/01\/1.png\" \/>\n\t<meta property=\"og:image:width\" content=\"600\" \/>\n\t<meta property=\"og:image:height\" content=\"800\" \/>\n\t<meta property=\"og:image:type\" content=\"image\/png\" \/>\n<meta name=\"twitter:card\" content=\"summary_large_image\" \/>\n<meta name=\"twitter:label1\" content=\"Temps estimat de lectura\" \/>\n\t<meta name=\"twitter:data1\" content=\"2 minuts\" \/>\n<script type=\"application\/ld+json\" class=\"yoast-schema-graph\">{\"@context\":\"https:\\\/\\\/schema.org\",\"@graph\":[{\"@type\":\"WebPage\",\"@id\":\"https:\\\/\\\/new.dinamicaballet.com\\\/ca\\\/producto\\\/pack-barra-ballet-juliette-i-tapis-dansa-ondine\\\/\",\"url\":\"https:\\\/\\\/new.dinamicaballet.com\\\/ca\\\/producto\\\/pack-barra-ballet-juliette-i-tapis-dansa-ondine\\\/\",\"name\":\"Pack barra de ballet regulable Juliette i tap\u00eds reversible Ondine\",\"isPartOf\":{\"@id\":\"https:\\\/\\\/new.dinamicaballet.com\\\/ca\\\/#website\"},\"primaryImageOfPage\":{\"@id\":\"https:\\\/\\\/new.dinamicaballet.com\\\/ca\\\/producto\\\/pack-barra-ballet-juliette-i-tapis-dansa-ondine\\\/#primaryimage\"},\"image\":{\"@id\":\"https:\\\/\\\/new.dinamicaballet.com\\\/ca\\\/producto\\\/pack-barra-ballet-juliette-i-tapis-dansa-ondine\\\/#primaryimage\"},\"thumbnailUrl\":\"https:\\\/\\\/new.dinamicaballet.com\\\/wp-content\\\/uploads\\\/2024\\\/01\\\/1.png\",\"datePublished\":\"2024-01-15T12:29:06+00:00\",\"dateModified\":\"2024-02-01T12:35:37+00:00\",\"description\":\"La Juliette \u00e9s una arra de ballet lleugera que pots traslladar f\u00e0cilment i el tap\u00eds Ondine ofereix l'adher\u00e8ncia perfecta per la pr\u00e0ctica de la dansa\",\"inLanguage\":\"ca\",\"potentialAction\":[{\"@type\":\"ReadAction\",\"target\":[\"https:\\\/\\\/new.dinamicaballet.com\\\/ca\\\/producto\\\/pack-barra-ballet-juliette-i-tapis-dansa-ondine\\\/\"]}]},{\"@type\":\"ImageObject\",\"inLanguage\":\"ca\",\"@id\":\"https:\\\/\\\/new.dinamicaballet.com\\\/ca\\\/producto\\\/pack-barra-ballet-juliette-i-tapis-dansa-ondine\\\/#primaryimage\",\"url\":\"https:\\\/\\\/new.dinamicaballet.com\\\/wp-content\\\/uploads\\\/2024\\\/01\\\/1.png\",\"contentUrl\":\"https:\\\/\\\/new.dinamicaballet.com\\\/wp-content\\\/uploads\\\/2024\\\/01\\\/1.png\",\"width\":600,\"height\":800},{\"@type\":\"WebSite\",\"@id\":\"https:\\\/\\\/new.dinamicaballet.com\\\/ca\\\/#website\",\"url\":\"https:\\\/\\\/new.dinamicaballet.com\\\/ca\\\/\",\"name\":\"Dinamica Ballet\",\"description\":\"Especialistas en barras de ballet y espejos para la danza\",\"publisher\":{\"@id\":\"https:\\\/\\\/new.dinamicaballet.com\\\/ca\\\/#organization\"},\"potentialAction\":[{\"@type\":\"SearchAction\",\"target\":{\"@type\":\"EntryPoint\",\"urlTemplate\":\"https:\\\/\\\/new.dinamicaballet.com\\\/ca\\\/?s={search_term_string}\"},\"query-input\":{\"@type\":\"PropertyValueSpecification\",\"valueRequired\":true,\"valueName\":\"search_term_string\"}}],\"inLanguage\":\"ca\"},{\"@type\":\"Organization\",\"@id\":\"https:\\\/\\\/new.dinamicaballet.com\\\/ca\\\/#organization\",\"name\":\"Dinamica Ballet\",\"url\":\"https:\\\/\\\/new.dinamicaballet.com\\\/ca\\\/\",\"logo\":{\"@type\":\"ImageObject\",\"inLanguage\":\"ca\",\"@id\":\"https:\\\/\\\/new.dinamicaballet.com\\\/ca\\\/#\\\/schema\\\/logo\\\/image\\\/\",\"url\":\"https:\\\/\\\/new.dinamicaballet.com\\\/wp-content\\\/uploads\\\/2022\\\/03\\\/logo_dinamica_ballet.svg\",\"contentUrl\":\"https:\\\/\\\/new.dinamicaballet.com\\\/wp-content\\\/uploads\\\/2022\\\/03\\\/logo_dinamica_ballet.svg\",\"width\":284,\"height\":51,\"caption\":\"Dinamica Ballet\"},\"image\":{\"@id\":\"https:\\\/\\\/new.dinamicaballet.com\\\/ca\\\/#\\\/schema\\\/logo\\\/image\\\/\"},\"sameAs\":[\"https:\\\/\\\/www.facebook.com\\\/dinamicaballet\",\"https:\\\/\\\/www.instagram.com\\\/dinamicaballet\\\/\",\"http:\\\/\\\/www.linkedin.com\\\/company\\\/dinamica-ballet\",\"https:\\\/\\\/www.pinterest.com\\\/DinamicaBallet\\\/\"]}]}<\/script>\n<!-- \/ Yoast SEO plugin. -->","yoast_head_json":{"title":"Pack barra de ballet regulable Juliette i tap\u00eds reversible Ondine","description":"La Juliette \u00e9s una arra de ballet lleugera que pots traslladar f\u00e0cilment i el tap\u00eds Ondine ofereix l'adher\u00e8ncia perfecta per la pr\u00e0ctica de la dansa","robots":{"index":"noindex","follow":"follow","max-snippet":"max-snippet:-1","max-image-preview":"max-image-preview:large","max-video-preview":"max-video-preview:-1"},"og_locale":"ca_ES","og_type":"article","og_title":"Pack barra de ballet regulable Juliette i tap\u00eds reversible Ondine","og_description":"La Juliette \u00e9s una arra de ballet lleugera que pots traslladar f\u00e0cilment i el tap\u00eds Ondine ofereix l'adher\u00e8ncia perfecta per la pr\u00e0ctica de la dansa","og_url":"https:\/\/new.dinamicaballet.com\/ca\/producto\/pack-barra-ballet-juliette-i-tapis-dansa-ondine\/","og_site_name":"Dinamica Ballet","article_publisher":"https:\/\/www.facebook.com\/dinamicaballet","article_modified_time":"2024-02-01T12:35:37+00:00","og_image":[{"width":600,"height":800,"url":"https:\/\/new.dinamicaballet.com\/wp-content\/uploads\/2024\/01\/1.png","type":"image\/png"}],"twitter_card":"summary_large_image","twitter_misc":{"Temps estimat de lectura":"2 minuts"},"schema":{"@context":"https:\/\/schema.org","@graph":[{"@type":"WebPage","@id":"https:\/\/new.dinamicaballet.com\/ca\/producto\/pack-barra-ballet-juliette-i-tapis-dansa-ondine\/","url":"https:\/\/new.dinamicaballet.com\/ca\/producto\/pack-barra-ballet-juliette-i-tapis-dansa-ondine\/","name":"Pack barra de ballet regulable Juliette i tap\u00eds reversible Ondine","isPartOf":{"@id":"https:\/\/new.dinamicaballet.com\/ca\/#website"},"primaryImageOfPage":{"@id":"https:\/\/new.dinamicaballet.com\/ca\/producto\/pack-barra-ballet-juliette-i-tapis-dansa-ondine\/#primaryimage"},"image":{"@id":"https:\/\/new.dinamicaballet.com\/ca\/producto\/pack-barra-ballet-juliette-i-tapis-dansa-ondine\/#primaryimage"},"thumbnailUrl":"https:\/\/new.dinamicaballet.com\/wp-content\/uploads\/2024\/01\/1.png","datePublished":"2024-01-15T12:29:06+00:00","dateModified":"2024-02-01T12:35:37+00:00","description":"La Juliette \u00e9s una arra de ballet lleugera que pots traslladar f\u00e0cilment i el tap\u00eds Ondine ofereix l'adher\u00e8ncia perfecta per la pr\u00e0ctica de la dansa","inLanguage":"ca","potentialAction":[{"@type":"ReadAction","target":["https:\/\/new.dinamicaballet.com\/ca\/producto\/pack-barra-ballet-juliette-i-tapis-dansa-ondine\/"]}]},{"@type":"ImageObject","inLanguage":"ca","@id":"https:\/\/new.dinamicaballet.com\/ca\/producto\/pack-barra-ballet-juliette-i-tapis-dansa-ondine\/#primaryimage","url":"https:\/\/new.dinamicaballet.com\/wp-content\/uploads\/2024\/01\/1.png","contentUrl":"https:\/\/new.dinamicaballet.com\/wp-content\/uploads\/2024\/01\/1.png","width":600,"height":800},{"@type":"WebSite","@id":"https:\/\/new.dinamicaballet.com\/ca\/#website","url":"https:\/\/new.dinamicaballet.com\/ca\/","name":"Dinamica Ballet","description":"Especialistas en barras de ballet y espejos para la danza","publisher":{"@id":"https:\/\/new.dinamicaballet.com\/ca\/#organization"},"potentialAction":[{"@type":"SearchAction","target":{"@type":"EntryPoint","urlTemplate":"https:\/\/new.dinamicaballet.com\/ca\/?s={search_term_string}"},"query-input":{"@type":"PropertyValueSpecification","valueRequired":true,"valueName":"search_term_string"}}],"inLanguage":"ca"},{"@type":"Organization","@id":"https:\/\/new.dinamicaballet.com\/ca\/#organization","name":"Dinamica Ballet","url":"https:\/\/new.dinamicaballet.com\/ca\/","logo":{"@type":"ImageObject","inLanguage":"ca","@id":"https:\/\/new.dinamicaballet.com\/ca\/#\/schema\/logo\/image\/","url":"https:\/\/new.dinamicaballet.com\/wp-content\/uploads\/2022\/03\/logo_dinamica_ballet.svg","contentUrl":"https:\/\/new.dinamicaballet.com\/wp-content\/uploads\/2022\/03\/logo_dinamica_ballet.svg","width":284,"height":51,"caption":"Dinamica Ballet"},"image":{"@id":"https:\/\/new.dinamicaballet.com\/ca\/#\/schema\/logo\/image\/"},"sameAs":["https:\/\/www.facebook.com\/dinamicaballet","https:\/\/www.instagram.com\/dinamicaballet\/","http:\/\/www.linkedin.com\/company\/dinamica-ballet","https:\/\/www.pinterest.com\/DinamicaBallet\/"]}]}},"taxonomy_info":{"product_cat":[{"value":326,"label":"Accesoris"},{"value":100,"label":"Barres m\u00f2bils"},{"value":101,"label":"Barres regulables"},{"value":105,"label":"Iniciaci\u00f3\/casa"},{"value":103,"label":"Una barra"}],"product_tag":[{"value":123,"label":"m\u00f2bil"}]},"featured_image_src_large":["https:\/\/new.dinamicaballet.com\/wp-content\/uploads\/2024\/01\/1.png",600,800,false],"author_info":[],"comment_info":"","_links":{"self":[{"href":"https:\/\/new.dinamicaballet.com\/ca\/wp-json\/wp\/v2\/product\/94192","targetHints":{"allow":["GET"]}}],"collection":[{"href":"https:\/\/new.dinamicaballet.com\/ca\/wp-json\/wp\/v2\/product"}],"about":[{"href":"https:\/\/new.dinamicaballet.com\/ca\/wp-json\/wp\/v2\/types\/product"}],"wp:featuredmedia":[{"embeddable":true,"href":"https:\/\/new.dinamicaballet.com\/ca\/wp-json\/wp\/v2\/media\/94217"}],"wp:attachment":[{"href":"https:\/\/new.dinamicaballet.com\/ca\/wp-json\/wp\/v2\/media?parent=94192"}],"wp:term":[{"taxonomy":"product_brand","embeddable":true,"href":"https:\/\/new.dinamicaballet.com\/ca\/wp-json\/wp\/v2\/product_brand?post=94192"},{"taxonomy":"product_cat","embeddable":true,"href":"https:\/\/new.dinamicaballet.com\/ca\/wp-json\/wp\/v2\/product_cat?post=94192"},{"taxonomy":"product_tag","embeddable":true,"href":"https:\/\/new.dinamicaballet.com\/ca\/wp-json\/wp\/v2\/product_tag?post=94192"}],"curies":[{"name":"wp","href":"https:\/\/api.w.org\/{rel}","templated":true}]}}