{"id":7314,"date":"2020-12-03T16:24:53","date_gmt":"2020-12-03T16:24:53","guid":{"rendered":"https:\/\/www.dinamicaballet.com\/producto\/barra-de-ballet-fixa-a-paret-arabesque-doble\/"},"modified":"2025-03-31T10:12:30","modified_gmt":"2025-03-31T09:12:30","slug":"barra-de-ballet-fixa-a-paret-arabesque-doble","status":"publish","type":"product","link":"https:\/\/new.dinamicaballet.com\/ca\/producto\/barra-de-ballet-fixa-a-paret-arabesque-doble\/","title":{"rendered":"Barra de ballet de paret Arabesque Doble plata"},"content":{"rendered":"<h3>Un suport 4 en 1<\/h3>\n<p>Els suports de l\u2019Arabesque Doble estan dissenyats per unir quatre barres, dues barres de fusta a l\u2019interior de cada cilindre. Aix\u00f2 permet muntar una barra doble de ballet cont\u00ednua en l\u2019estudi sense cap buit i mantenint total estabilitat en tots els punts. Les barres de fusta s\u2019uneixen en la part central del suport amb petits caragols invisibles que no malmeten la fusta i en mantenen les propietats intactes.<\/p>\n<h3>A prova d\u2019estirades<\/h3>\n<p>La base d\u2019acer d\u2019uni\u00f3 a la paret t\u00e9 la dimensi\u00f3 calculada per garantir una estabilitat total. La forma cil\u00edndrica que abra\u00e7a les barres de fusta dispersa la pressi\u00f3 que exerceixen les ballarines. No et preocupis si a les classes es treballa amb grups d\u2019estudiants estirant o practicant els seus moviments alhora en la barra superior i inferior, el suport de paret Arabesque Doble resisteix forces des de qualsevol angle i no es mour\u00e0 ni un mil\u00b7l\u00edmetre del seu lloc.<\/p>\n<h3>No t\u2019acabar\u00e0s l\u2019Arabesque Doble<\/h3>\n<p>L\u2019acer del suport i les barres de fusta de pi melis aporten les propietats ideals per a la pr\u00e0ctica de la dansa. La fortalesa i resist\u00e8ncia de l\u2019acer amb la flexibilitat, la subjecci\u00f3 \u00f2ptima i el tacte c\u00e0lid de la fusta et permetran gaudir al m\u00e0xim dels exercicis. Proporcionem els caragols i els tacs Fischer per unir cada suport a la paret i les barres de fusta.<\/p>\n<a href=\"https:\/\/new.dinamicaballet.com\/wp-content\/uploads\/2021\/05\/FT-ARABESQUE-DOBLE-1223_compressed.pdf\" class=\"su-button su-button-style-default\" style=\"color:#006B7C;background-color:#FFF2D5;border-color:#ccc2ab;border-radius:5px\" target=\"_blank\" rel=\"noopener noreferrer\"><span style=\"color:#006B7C;padding:0px 16px;font-size:13px;line-height:26px;border-color:#fff6e2;border-radius:5px;text-shadow:none\"> Descaregar la fitxa t\u00e8cnica<\/span><\/a> <a href=\"https:\/\/new.dinamicaballet.com\/wp-content\/uploads\/2021\/05\/FT-ARABESQUE-DOBLE-1223_compressed.pdf\" class=\"su-button su-button-style-default\" style=\"color:#006B7C;background-color:#FFF2D5;border-color:#ccc2ab;border-radius:5px\" target=\"_blank\" rel=\"noopener noreferrer\"><span style=\"color:#006B7C;padding:0px 16px;font-size:13px;line-height:26px;border-color:#fff6e2;border-radius:5px;text-shadow:none\"> Descarregar instruccions<\/span><\/a>\n<p>&nbsp;<\/p>\n<div class=\"su-youtube su-u-responsive-media-yes\"><iframe loading=\"lazy\" width=\"600\" height=\"400\" src=\"https:\/\/www.youtube.com\/embed\/sUob8h-oBwU?autohide=2&amp;autoplay=0&amp;mute=1&amp;controls=1&amp;fs=1&amp;loop=0&amp;modestbranding=0&amp;rel=1&amp;showinfo=1&amp;theme=dark&amp;wmode=&amp;playsinline=0\" frameborder=\"0\" allowfullscreen allow=\"autoplay; encrypted-media; picture-in-picture\" title=\"Barra de ballet de paret Arabesque doble Dinamica Ballet\"><\/iframe><\/div>\n<p>&nbsp;<\/p>\n","protected":false},"excerpt":{"rendered":"<p>Els suports de paret Arabesque Doble aporten la m\u00e0xima resist\u00e8ncia a la pressi\u00f3 i la uni\u00f3 perfecta entre barres per crear espais amb els metres lineals que necessitis. Constru\u00efts en acer amb acabat en color plata i per a dues barres de fusta, l\u2019Arabesque Doble s\u2019ha convertit en un cl\u00e0ssic per a aficionats a la dansa i professionals que treballen amb alumnes de diferents edats.<\/p>\n<p><strong>ENVIAMENT GRATU\u00cfT |\u00a0IVA INCL\u00d2S<\/strong><\/p>\n","protected":false},"featured_media":7328,"template":"","meta":{"_editorskit_title_hidden":false,"_editorskit_reading_time":0,"_editorskit_is_block_options_detached":false,"_editorskit_block_options_position":"{}","inline_featured_image":false,"_kad_blocks_custom_css":"","_kad_blocks_head_custom_js":"","_kad_blocks_body_custom_js":"","_kad_blocks_footer_custom_js":""},"product_brand":[],"product_cat":[99,104,105,106],"product_tag":[],"class_list":{"0":"post-7314","1":"product","2":"type-product","3":"status-publish","4":"has-post-thumbnail","6":"product_cat-barres-de-paret","7":"product_cat-dues-barres","8":"product_cat-iniciacio-casa","9":"product_cat-professional","10":"post","11":"with-featured-image","13":"first","14":"instock","15":"taxable","16":"shipping-taxable","17":"purchasable","18":"product-type-variable"},"yoast_head":"<!-- This site is optimized with the Yoast SEO plugin v27.4 - https:\/\/yoast.com\/product\/yoast-seo-wordpress\/ -->\n<title>Barra de ballet fixa a paret Arabesque Doble | Botiga online<\/title>\n<meta name=\"description\" content=\"Aquesta barra de paret s\u2019ha convertit en un cl\u00e0ssic per a aficionats a la dansa i professionals que treballen amb alumnes de diferents edat.\" \/>\n<meta name=\"robots\" content=\"noindex, follow, max-snippet:-1, max-image-preview:large, max-video-preview:-1\" \/>\n<meta property=\"og:locale\" content=\"ca_ES\" \/>\n<meta property=\"og:type\" content=\"article\" \/>\n<meta property=\"og:title\" content=\"Barra de ballet fixa a paret Arabesque Doble | Botiga online\" \/>\n<meta property=\"og:description\" content=\"Aquesta barra de paret s\u2019ha convertit en un cl\u00e0ssic per a aficionats a la dansa i professionals que treballen amb alumnes de diferents edat.\" \/>\n<meta property=\"og:url\" content=\"https:\/\/new.dinamicaballet.com\/ca\/producto\/barra-de-ballet-fixa-a-paret-arabesque-doble\/\" \/>\n<meta property=\"og:site_name\" content=\"Dinamica Ballet\" \/>\n<meta property=\"article:publisher\" content=\"https:\/\/www.facebook.com\/dinamicaballet\" \/>\n<meta property=\"article:modified_time\" content=\"2025-03-31T09:12:30+00:00\" \/>\n<meta property=\"og:image\" content=\"https:\/\/new.dinamicaballet.com\/wp-content\/uploads\/2020\/12\/dinamica_ballet_shop_arabesque_doble_01.jpg\" \/>\n\t<meta property=\"og:image:width\" content=\"600\" \/>\n\t<meta property=\"og:image:height\" content=\"800\" \/>\n\t<meta property=\"og:image:type\" content=\"image\/jpeg\" \/>\n<meta name=\"twitter:card\" content=\"summary_large_image\" \/>\n<meta name=\"twitter:label1\" content=\"Temps estimat de lectura\" \/>\n\t<meta name=\"twitter:data1\" content=\"2 minuts\" \/>\n<script type=\"application\/ld+json\" class=\"yoast-schema-graph\">{\"@context\":\"https:\\\/\\\/schema.org\",\"@graph\":[{\"@type\":\"WebPage\",\"@id\":\"https:\\\/\\\/new.dinamicaballet.com\\\/ca\\\/producto\\\/barra-de-ballet-fixa-a-paret-arabesque-doble\\\/\",\"url\":\"https:\\\/\\\/new.dinamicaballet.com\\\/ca\\\/producto\\\/barra-de-ballet-fixa-a-paret-arabesque-doble\\\/\",\"name\":\"Barra de ballet fixa a paret Arabesque Doble | Botiga online\",\"isPartOf\":{\"@id\":\"https:\\\/\\\/new.dinamicaballet.com\\\/ca\\\/#website\"},\"primaryImageOfPage\":{\"@id\":\"https:\\\/\\\/new.dinamicaballet.com\\\/ca\\\/producto\\\/barra-de-ballet-fixa-a-paret-arabesque-doble\\\/#primaryimage\"},\"image\":{\"@id\":\"https:\\\/\\\/new.dinamicaballet.com\\\/ca\\\/producto\\\/barra-de-ballet-fixa-a-paret-arabesque-doble\\\/#primaryimage\"},\"thumbnailUrl\":\"https:\\\/\\\/new.dinamicaballet.com\\\/wp-content\\\/uploads\\\/2020\\\/12\\\/dinamica_ballet_shop_arabesque_doble_01.jpg\",\"datePublished\":\"2020-12-03T16:24:53+00:00\",\"dateModified\":\"2025-03-31T09:12:30+00:00\",\"description\":\"Aquesta barra de paret s\u2019ha convertit en un cl\u00e0ssic per a aficionats a la dansa i professionals que treballen amb alumnes de diferents edat.\",\"inLanguage\":\"ca\",\"potentialAction\":[{\"@type\":\"ReadAction\",\"target\":[\"https:\\\/\\\/new.dinamicaballet.com\\\/ca\\\/producto\\\/barra-de-ballet-fixa-a-paret-arabesque-doble\\\/\"]}]},{\"@type\":\"ImageObject\",\"inLanguage\":\"ca\",\"@id\":\"https:\\\/\\\/new.dinamicaballet.com\\\/ca\\\/producto\\\/barra-de-ballet-fixa-a-paret-arabesque-doble\\\/#primaryimage\",\"url\":\"https:\\\/\\\/new.dinamicaballet.com\\\/wp-content\\\/uploads\\\/2020\\\/12\\\/dinamica_ballet_shop_arabesque_doble_01.jpg\",\"contentUrl\":\"https:\\\/\\\/new.dinamicaballet.com\\\/wp-content\\\/uploads\\\/2020\\\/12\\\/dinamica_ballet_shop_arabesque_doble_01.jpg\",\"width\":600,\"height\":800,\"caption\":\"Barra de ballet fixa a paret Arabesque Doble\"},{\"@type\":\"WebSite\",\"@id\":\"https:\\\/\\\/new.dinamicaballet.com\\\/ca\\\/#website\",\"url\":\"https:\\\/\\\/new.dinamicaballet.com\\\/ca\\\/\",\"name\":\"Dinamica Ballet\",\"description\":\"Especialistas en barras de ballet y espejos para la danza\",\"publisher\":{\"@id\":\"https:\\\/\\\/new.dinamicaballet.com\\\/ca\\\/#organization\"},\"potentialAction\":[{\"@type\":\"SearchAction\",\"target\":{\"@type\":\"EntryPoint\",\"urlTemplate\":\"https:\\\/\\\/new.dinamicaballet.com\\\/ca\\\/?s={search_term_string}\"},\"query-input\":{\"@type\":\"PropertyValueSpecification\",\"valueRequired\":true,\"valueName\":\"search_term_string\"}}],\"inLanguage\":\"ca\"},{\"@type\":\"Organization\",\"@id\":\"https:\\\/\\\/new.dinamicaballet.com\\\/ca\\\/#organization\",\"name\":\"Dinamica Ballet\",\"url\":\"https:\\\/\\\/new.dinamicaballet.com\\\/ca\\\/\",\"logo\":{\"@type\":\"ImageObject\",\"inLanguage\":\"ca\",\"@id\":\"https:\\\/\\\/new.dinamicaballet.com\\\/ca\\\/#\\\/schema\\\/logo\\\/image\\\/\",\"url\":\"https:\\\/\\\/new.dinamicaballet.com\\\/wp-content\\\/uploads\\\/2022\\\/03\\\/logo_dinamica_ballet.svg\",\"contentUrl\":\"https:\\\/\\\/new.dinamicaballet.com\\\/wp-content\\\/uploads\\\/2022\\\/03\\\/logo_dinamica_ballet.svg\",\"width\":284,\"height\":51,\"caption\":\"Dinamica Ballet\"},\"image\":{\"@id\":\"https:\\\/\\\/new.dinamicaballet.com\\\/ca\\\/#\\\/schema\\\/logo\\\/image\\\/\"},\"sameAs\":[\"https:\\\/\\\/www.facebook.com\\\/dinamicaballet\",\"https:\\\/\\\/www.instagram.com\\\/dinamicaballet\\\/\",\"http:\\\/\\\/www.linkedin.com\\\/company\\\/dinamica-ballet\",\"https:\\\/\\\/www.pinterest.com\\\/DinamicaBallet\\\/\"]}]}<\/script>\n<!-- \/ Yoast SEO plugin. -->","yoast_head_json":{"title":"Barra de ballet fixa a paret Arabesque Doble | Botiga online","description":"Aquesta barra de paret s\u2019ha convertit en un cl\u00e0ssic per a aficionats a la dansa i professionals que treballen amb alumnes de diferents edat.","robots":{"index":"noindex","follow":"follow","max-snippet":"max-snippet:-1","max-image-preview":"max-image-preview:large","max-video-preview":"max-video-preview:-1"},"og_locale":"ca_ES","og_type":"article","og_title":"Barra de ballet fixa a paret Arabesque Doble | Botiga online","og_description":"Aquesta barra de paret s\u2019ha convertit en un cl\u00e0ssic per a aficionats a la dansa i professionals que treballen amb alumnes de diferents edat.","og_url":"https:\/\/new.dinamicaballet.com\/ca\/producto\/barra-de-ballet-fixa-a-paret-arabesque-doble\/","og_site_name":"Dinamica Ballet","article_publisher":"https:\/\/www.facebook.com\/dinamicaballet","article_modified_time":"2025-03-31T09:12:30+00:00","og_image":[{"width":600,"height":800,"url":"https:\/\/new.dinamicaballet.com\/wp-content\/uploads\/2020\/12\/dinamica_ballet_shop_arabesque_doble_01.jpg","type":"image\/jpeg"}],"twitter_card":"summary_large_image","twitter_misc":{"Temps estimat de lectura":"2 minuts"},"schema":{"@context":"https:\/\/schema.org","@graph":[{"@type":"WebPage","@id":"https:\/\/new.dinamicaballet.com\/ca\/producto\/barra-de-ballet-fixa-a-paret-arabesque-doble\/","url":"https:\/\/new.dinamicaballet.com\/ca\/producto\/barra-de-ballet-fixa-a-paret-arabesque-doble\/","name":"Barra de ballet fixa a paret Arabesque Doble | Botiga online","isPartOf":{"@id":"https:\/\/new.dinamicaballet.com\/ca\/#website"},"primaryImageOfPage":{"@id":"https:\/\/new.dinamicaballet.com\/ca\/producto\/barra-de-ballet-fixa-a-paret-arabesque-doble\/#primaryimage"},"image":{"@id":"https:\/\/new.dinamicaballet.com\/ca\/producto\/barra-de-ballet-fixa-a-paret-arabesque-doble\/#primaryimage"},"thumbnailUrl":"https:\/\/new.dinamicaballet.com\/wp-content\/uploads\/2020\/12\/dinamica_ballet_shop_arabesque_doble_01.jpg","datePublished":"2020-12-03T16:24:53+00:00","dateModified":"2025-03-31T09:12:30+00:00","description":"Aquesta barra de paret s\u2019ha convertit en un cl\u00e0ssic per a aficionats a la dansa i professionals que treballen amb alumnes de diferents edat.","inLanguage":"ca","potentialAction":[{"@type":"ReadAction","target":["https:\/\/new.dinamicaballet.com\/ca\/producto\/barra-de-ballet-fixa-a-paret-arabesque-doble\/"]}]},{"@type":"ImageObject","inLanguage":"ca","@id":"https:\/\/new.dinamicaballet.com\/ca\/producto\/barra-de-ballet-fixa-a-paret-arabesque-doble\/#primaryimage","url":"https:\/\/new.dinamicaballet.com\/wp-content\/uploads\/2020\/12\/dinamica_ballet_shop_arabesque_doble_01.jpg","contentUrl":"https:\/\/new.dinamicaballet.com\/wp-content\/uploads\/2020\/12\/dinamica_ballet_shop_arabesque_doble_01.jpg","width":600,"height":800,"caption":"Barra de ballet fixa a paret Arabesque Doble"},{"@type":"WebSite","@id":"https:\/\/new.dinamicaballet.com\/ca\/#website","url":"https:\/\/new.dinamicaballet.com\/ca\/","name":"Dinamica Ballet","description":"Especialistas en barras de ballet y espejos para la danza","publisher":{"@id":"https:\/\/new.dinamicaballet.com\/ca\/#organization"},"potentialAction":[{"@type":"SearchAction","target":{"@type":"EntryPoint","urlTemplate":"https:\/\/new.dinamicaballet.com\/ca\/?s={search_term_string}"},"query-input":{"@type":"PropertyValueSpecification","valueRequired":true,"valueName":"search_term_string"}}],"inLanguage":"ca"},{"@type":"Organization","@id":"https:\/\/new.dinamicaballet.com\/ca\/#organization","name":"Dinamica Ballet","url":"https:\/\/new.dinamicaballet.com\/ca\/","logo":{"@type":"ImageObject","inLanguage":"ca","@id":"https:\/\/new.dinamicaballet.com\/ca\/#\/schema\/logo\/image\/","url":"https:\/\/new.dinamicaballet.com\/wp-content\/uploads\/2022\/03\/logo_dinamica_ballet.svg","contentUrl":"https:\/\/new.dinamicaballet.com\/wp-content\/uploads\/2022\/03\/logo_dinamica_ballet.svg","width":284,"height":51,"caption":"Dinamica Ballet"},"image":{"@id":"https:\/\/new.dinamicaballet.com\/ca\/#\/schema\/logo\/image\/"},"sameAs":["https:\/\/www.facebook.com\/dinamicaballet","https:\/\/www.instagram.com\/dinamicaballet\/","http:\/\/www.linkedin.com\/company\/dinamica-ballet","https:\/\/www.pinterest.com\/DinamicaBallet\/"]}]}},"taxonomy_info":{"product_cat":[{"value":99,"label":"Barres de Paret"},{"value":104,"label":"Dues barres"},{"value":105,"label":"Iniciaci\u00f3\/casa"},{"value":106,"label":"Professional"}]},"featured_image_src_large":["https:\/\/new.dinamicaballet.com\/wp-content\/uploads\/2020\/12\/dinamica_ballet_shop_arabesque_doble_01.jpg",600,800,false],"author_info":[],"comment_info":"","_links":{"self":[{"href":"https:\/\/new.dinamicaballet.com\/ca\/wp-json\/wp\/v2\/product\/7314","targetHints":{"allow":["GET"]}}],"collection":[{"href":"https:\/\/new.dinamicaballet.com\/ca\/wp-json\/wp\/v2\/product"}],"about":[{"href":"https:\/\/new.dinamicaballet.com\/ca\/wp-json\/wp\/v2\/types\/product"}],"wp:featuredmedia":[{"embeddable":true,"href":"https:\/\/new.dinamicaballet.com\/ca\/wp-json\/wp\/v2\/media\/7328"}],"wp:attachment":[{"href":"https:\/\/new.dinamicaballet.com\/ca\/wp-json\/wp\/v2\/media?parent=7314"}],"wp:term":[{"taxonomy":"product_brand","embeddable":true,"href":"https:\/\/new.dinamicaballet.com\/ca\/wp-json\/wp\/v2\/product_brand?post=7314"},{"taxonomy":"product_cat","embeddable":true,"href":"https:\/\/new.dinamicaballet.com\/ca\/wp-json\/wp\/v2\/product_cat?post=7314"},{"taxonomy":"product_tag","embeddable":true,"href":"https:\/\/new.dinamicaballet.com\/ca\/wp-json\/wp\/v2\/product_tag?post=7314"}],"curies":[{"name":"wp","href":"https:\/\/api.w.org\/{rel}","templated":true}]}}