{"id":7298,"date":"2020-12-03T16:24:53","date_gmt":"2020-12-03T16:24:53","guid":{"rendered":"https:\/\/www.dinamicaballet.com\/producto\/barra-de-ballet-fixa-a-paret-arabesque\/"},"modified":"2024-09-20T13:22:48","modified_gmt":"2024-09-20T12:22:48","slug":"barra-de-ballet-fixa-a-paret-arabesque","status":"publish","type":"product","link":"https:\/\/new.dinamicaballet.com\/ca\/producto\/barra-de-ballet-fixa-a-paret-arabesque\/","title":{"rendered":"Barra de ballet de paret Arabesque plata"},"content":{"rendered":"<h3>La uni\u00f3 fa la for\u00e7a<\/h3>\n<p>Els suports de l\u2019Arabesque estan dissenyats per unir dues barres de fusta en el seu interior. Aix\u00f2 permet muntar a l\u2019estudi una barra cont\u00ednua sense cap buit i mantenint una estabilitat total en tots els punts. Les barres de fusta s\u2019uneixen a la part central del suport amb petits caragols invisibles que no malmeten la fusta i en mantenen les propietats intactes.<\/p>\n<h3>Aguanta la pressi\u00f3 des de qualsevol angle<\/h3>\n<p>La base d\u2019acer d\u2019uni\u00f3 a la paret t\u00e9 la dimensi\u00f3 calculada per garantir una estabilitat total. La forma cil\u00edndrica que abra\u00e7a la barra de fusta dispersa la pressi\u00f3 que exerceixen les ballarines. No et preocupis si a les classes hi ha grups d\u2019estudiants fent estiraments o practicant moviments alhora, el suport de paret Arabesque resisteix forces des de qualsevol angle i no es mour\u00e0 ni un mil\u00b7l\u00edmetre del seu lloc.<\/p>\n<h3>Materials superresistents<\/h3>\n<p>L\u2019acer \u00e9s un aliatge de ferro amb un petit percentatge de carboni present a la natura que aporta la duresa i la resist\u00e8ncia a l\u2019impacte, l\u2019oscil\u00b7laci\u00f3 t\u00e8rmica i la corrosi\u00f3 ideals per a un suport de ballet d\u2019\u00fas intensiu. La fortalesa i resist\u00e8ncia de l\u2019acer amb la flexibilitat, la subjecci\u00f3 \u00f2ptima i el tacte c\u00e0lid de la fusta et permetran gaudir al m\u00e0xim dels exercicis. Proporcionem quatre caragols i quatre tacs Fischer per unir cada suport a la paret i a les barres de fusta. Segur que gaudir\u00e0s de la barra de ballet de paret Arabesque durant molt\u00edssims anys.<\/p>\n<a href=\"https:\/\/new.dinamicaballet.com\/wp-content\/uploads\/2021\/05\/FT-ARABESQUE-SIMPLE-1223_compressed.pdf\" class=\"su-button su-button-style-default\" style=\"color:#006B7C;background-color:#FFF2D5;border-color:#ccc2ab;border-radius:5px\" target=\"_blank\" rel=\"noopener noreferrer\"><span style=\"color:#006B7C;padding:0px 16px;font-size:13px;line-height:26px;border-color:#fff6e2;border-radius:5px;text-shadow:none\"> Descaregar la fitxa t\u00e8cnica<\/span><\/a> <a href=\"https:\/\/new.dinamicaballet.com\/wp-content\/uploads\/2021\/07\/Instruccions-Arabesque.pdf\" class=\"su-button su-button-style-default\" style=\"color:#006B7C;background-color:#FFF2D5;border-color:#ccc2ab;border-radius:5px\" target=\"_blank\" rel=\"noopener noreferrer\"><span style=\"color:#006B7C;padding:0px 16px;font-size:13px;line-height:26px;border-color:#fff6e2;border-radius:5px;text-shadow:none\"> Descarregar instruccions<\/span><\/a>\n<p>&nbsp;<\/p>\n<div class=\"su-youtube su-u-responsive-media-yes\"><iframe loading=\"lazy\" width=\"600\" height=\"400\" src=\"https:\/\/www.youtube.com\/embed\/qzBwWuUF0fc?autohide=2&amp;autoplay=0&amp;mute=1&amp;controls=1&amp;fs=1&amp;loop=0&amp;modestbranding=0&amp;rel=1&amp;showinfo=1&amp;theme=dark&amp;wmode=&amp;playsinline=0\" frameborder=\"0\" allowfullscreen allow=\"autoplay; encrypted-media; picture-in-picture\" title=\"Barra de ballet de pared Arabesque\"><\/iframe><\/div>\n","protected":false},"excerpt":{"rendered":"<p>El disseny dels suports de paret Arabesque aconsegueix la m\u00e0xima resist\u00e8ncia a la pressi\u00f3 i la uni\u00f3 perfecta entre barres per crear espais amb els metres lineals que necessitis. Fabricats en acer amb acabat en color plata i per a una sola barra de fusta de 40 mil\u00b7l\u00edmetres de di\u00e0metre, l\u2019Arabesque \u00e9s popular tant en escoles de dansa d\u2019arreu del m\u00f3n com en cases particulars.<\/p>\n<p><strong>ENVIAMENT GRATU\u00cfT | IVA INCL\u00d2S<\/strong><\/p>\n","protected":false},"featured_media":7310,"template":"","meta":{"_editorskit_title_hidden":false,"_editorskit_reading_time":0,"_editorskit_is_block_options_detached":false,"_editorskit_block_options_position":"{}","inline_featured_image":false,"_kad_blocks_custom_css":"","_kad_blocks_head_custom_js":"","_kad_blocks_body_custom_js":"","_kad_blocks_footer_custom_js":""},"product_brand":[],"product_cat":[99,105,106,103],"product_tag":[],"class_list":{"0":"post-7298","1":"product","2":"type-product","3":"status-publish","4":"has-post-thumbnail","6":"product_cat-barres-de-paret","7":"product_cat-iniciacio-casa","8":"product_cat-professional","9":"product_cat-una-barra-ca","10":"post","11":"with-featured-image","13":"first","14":"instock","15":"taxable","16":"shipping-taxable","17":"purchasable","18":"product-type-variable"},"yoast_head":"<!-- This site is optimized with the Yoast SEO plugin v27.4 - https:\/\/yoast.com\/product\/yoast-seo-wordpress\/ -->\n<title>Barra de ballet de paret per una barra de fusta Arabesque<\/title>\n<meta name=\"description\" content=\"Els suports de paret Arabesque resisteixen la pressi\u00f3 i permeten la uni\u00f3 entre barres per crear espais amb els metres lineals que necessitis.\" \/>\n<meta name=\"robots\" content=\"noindex, follow, max-snippet:-1, max-image-preview:large, max-video-preview:-1\" \/>\n<meta property=\"og:locale\" content=\"ca_ES\" \/>\n<meta property=\"og:type\" content=\"article\" \/>\n<meta property=\"og:title\" content=\"Barra de ballet de paret per una barra de fusta Arabesque\" \/>\n<meta property=\"og:description\" content=\"Els suports de paret Arabesque resisteixen la pressi\u00f3 i permeten la uni\u00f3 entre barres per crear espais amb els metres lineals que necessitis.\" \/>\n<meta property=\"og:url\" content=\"https:\/\/new.dinamicaballet.com\/ca\/producto\/barra-de-ballet-fixa-a-paret-arabesque\/\" \/>\n<meta property=\"og:site_name\" content=\"Dinamica Ballet\" \/>\n<meta property=\"article:publisher\" content=\"https:\/\/www.facebook.com\/dinamicaballet\" \/>\n<meta property=\"article:modified_time\" content=\"2024-09-20T12:22:48+00:00\" \/>\n<meta property=\"og:image\" content=\"https:\/\/new.dinamicaballet.com\/wp-content\/uploads\/2020\/12\/dinamica_ballet_shop_arabesque_simple_01.jpg\" \/>\n\t<meta property=\"og:image:width\" content=\"600\" \/>\n\t<meta property=\"og:image:height\" content=\"800\" \/>\n\t<meta property=\"og:image:type\" content=\"image\/jpeg\" \/>\n<meta name=\"twitter:card\" content=\"summary_large_image\" \/>\n<meta name=\"twitter:label1\" content=\"Temps estimat de lectura\" \/>\n\t<meta name=\"twitter:data1\" content=\"2 minuts\" \/>\n<script type=\"application\/ld+json\" class=\"yoast-schema-graph\">{\"@context\":\"https:\\\/\\\/schema.org\",\"@graph\":[{\"@type\":\"WebPage\",\"@id\":\"https:\\\/\\\/new.dinamicaballet.com\\\/ca\\\/producto\\\/barra-de-ballet-fixa-a-paret-arabesque\\\/\",\"url\":\"https:\\\/\\\/new.dinamicaballet.com\\\/ca\\\/producto\\\/barra-de-ballet-fixa-a-paret-arabesque\\\/\",\"name\":\"Barra de ballet de paret per una barra de fusta Arabesque\",\"isPartOf\":{\"@id\":\"https:\\\/\\\/new.dinamicaballet.com\\\/ca\\\/#website\"},\"primaryImageOfPage\":{\"@id\":\"https:\\\/\\\/new.dinamicaballet.com\\\/ca\\\/producto\\\/barra-de-ballet-fixa-a-paret-arabesque\\\/#primaryimage\"},\"image\":{\"@id\":\"https:\\\/\\\/new.dinamicaballet.com\\\/ca\\\/producto\\\/barra-de-ballet-fixa-a-paret-arabesque\\\/#primaryimage\"},\"thumbnailUrl\":\"https:\\\/\\\/new.dinamicaballet.com\\\/wp-content\\\/uploads\\\/2020\\\/12\\\/dinamica_ballet_shop_arabesque_simple_01.jpg\",\"datePublished\":\"2020-12-03T16:24:53+00:00\",\"dateModified\":\"2024-09-20T12:22:48+00:00\",\"description\":\"Els suports de paret Arabesque resisteixen la pressi\u00f3 i permeten la uni\u00f3 entre barres per crear espais amb els metres lineals que necessitis.\",\"inLanguage\":\"ca\",\"potentialAction\":[{\"@type\":\"ReadAction\",\"target\":[\"https:\\\/\\\/new.dinamicaballet.com\\\/ca\\\/producto\\\/barra-de-ballet-fixa-a-paret-arabesque\\\/\"]}]},{\"@type\":\"ImageObject\",\"inLanguage\":\"ca\",\"@id\":\"https:\\\/\\\/new.dinamicaballet.com\\\/ca\\\/producto\\\/barra-de-ballet-fixa-a-paret-arabesque\\\/#primaryimage\",\"url\":\"https:\\\/\\\/new.dinamicaballet.com\\\/wp-content\\\/uploads\\\/2020\\\/12\\\/dinamica_ballet_shop_arabesque_simple_01.jpg\",\"contentUrl\":\"https:\\\/\\\/new.dinamicaballet.com\\\/wp-content\\\/uploads\\\/2020\\\/12\\\/dinamica_ballet_shop_arabesque_simple_01.jpg\",\"width\":600,\"height\":800,\"caption\":\"Barra de ballet fixa a paret Arabesque\"},{\"@type\":\"WebSite\",\"@id\":\"https:\\\/\\\/new.dinamicaballet.com\\\/ca\\\/#website\",\"url\":\"https:\\\/\\\/new.dinamicaballet.com\\\/ca\\\/\",\"name\":\"Dinamica Ballet\",\"description\":\"Especialistas en barras de ballet y espejos para la danza\",\"publisher\":{\"@id\":\"https:\\\/\\\/new.dinamicaballet.com\\\/ca\\\/#organization\"},\"potentialAction\":[{\"@type\":\"SearchAction\",\"target\":{\"@type\":\"EntryPoint\",\"urlTemplate\":\"https:\\\/\\\/new.dinamicaballet.com\\\/ca\\\/?s={search_term_string}\"},\"query-input\":{\"@type\":\"PropertyValueSpecification\",\"valueRequired\":true,\"valueName\":\"search_term_string\"}}],\"inLanguage\":\"ca\"},{\"@type\":\"Organization\",\"@id\":\"https:\\\/\\\/new.dinamicaballet.com\\\/ca\\\/#organization\",\"name\":\"Dinamica Ballet\",\"url\":\"https:\\\/\\\/new.dinamicaballet.com\\\/ca\\\/\",\"logo\":{\"@type\":\"ImageObject\",\"inLanguage\":\"ca\",\"@id\":\"https:\\\/\\\/new.dinamicaballet.com\\\/ca\\\/#\\\/schema\\\/logo\\\/image\\\/\",\"url\":\"https:\\\/\\\/new.dinamicaballet.com\\\/wp-content\\\/uploads\\\/2022\\\/03\\\/logo_dinamica_ballet.svg\",\"contentUrl\":\"https:\\\/\\\/new.dinamicaballet.com\\\/wp-content\\\/uploads\\\/2022\\\/03\\\/logo_dinamica_ballet.svg\",\"width\":284,\"height\":51,\"caption\":\"Dinamica Ballet\"},\"image\":{\"@id\":\"https:\\\/\\\/new.dinamicaballet.com\\\/ca\\\/#\\\/schema\\\/logo\\\/image\\\/\"},\"sameAs\":[\"https:\\\/\\\/www.facebook.com\\\/dinamicaballet\",\"https:\\\/\\\/www.instagram.com\\\/dinamicaballet\\\/\",\"http:\\\/\\\/www.linkedin.com\\\/company\\\/dinamica-ballet\",\"https:\\\/\\\/www.pinterest.com\\\/DinamicaBallet\\\/\"]}]}<\/script>\n<!-- \/ Yoast SEO plugin. -->","yoast_head_json":{"title":"Barra de ballet de paret per una barra de fusta Arabesque","description":"Els suports de paret Arabesque resisteixen la pressi\u00f3 i permeten la uni\u00f3 entre barres per crear espais amb els metres lineals que necessitis.","robots":{"index":"noindex","follow":"follow","max-snippet":"max-snippet:-1","max-image-preview":"max-image-preview:large","max-video-preview":"max-video-preview:-1"},"og_locale":"ca_ES","og_type":"article","og_title":"Barra de ballet de paret per una barra de fusta Arabesque","og_description":"Els suports de paret Arabesque resisteixen la pressi\u00f3 i permeten la uni\u00f3 entre barres per crear espais amb els metres lineals que necessitis.","og_url":"https:\/\/new.dinamicaballet.com\/ca\/producto\/barra-de-ballet-fixa-a-paret-arabesque\/","og_site_name":"Dinamica Ballet","article_publisher":"https:\/\/www.facebook.com\/dinamicaballet","article_modified_time":"2024-09-20T12:22:48+00:00","og_image":[{"width":600,"height":800,"url":"https:\/\/new.dinamicaballet.com\/wp-content\/uploads\/2020\/12\/dinamica_ballet_shop_arabesque_simple_01.jpg","type":"image\/jpeg"}],"twitter_card":"summary_large_image","twitter_misc":{"Temps estimat de lectura":"2 minuts"},"schema":{"@context":"https:\/\/schema.org","@graph":[{"@type":"WebPage","@id":"https:\/\/new.dinamicaballet.com\/ca\/producto\/barra-de-ballet-fixa-a-paret-arabesque\/","url":"https:\/\/new.dinamicaballet.com\/ca\/producto\/barra-de-ballet-fixa-a-paret-arabesque\/","name":"Barra de ballet de paret per una barra de fusta Arabesque","isPartOf":{"@id":"https:\/\/new.dinamicaballet.com\/ca\/#website"},"primaryImageOfPage":{"@id":"https:\/\/new.dinamicaballet.com\/ca\/producto\/barra-de-ballet-fixa-a-paret-arabesque\/#primaryimage"},"image":{"@id":"https:\/\/new.dinamicaballet.com\/ca\/producto\/barra-de-ballet-fixa-a-paret-arabesque\/#primaryimage"},"thumbnailUrl":"https:\/\/new.dinamicaballet.com\/wp-content\/uploads\/2020\/12\/dinamica_ballet_shop_arabesque_simple_01.jpg","datePublished":"2020-12-03T16:24:53+00:00","dateModified":"2024-09-20T12:22:48+00:00","description":"Els suports de paret Arabesque resisteixen la pressi\u00f3 i permeten la uni\u00f3 entre barres per crear espais amb els metres lineals que necessitis.","inLanguage":"ca","potentialAction":[{"@type":"ReadAction","target":["https:\/\/new.dinamicaballet.com\/ca\/producto\/barra-de-ballet-fixa-a-paret-arabesque\/"]}]},{"@type":"ImageObject","inLanguage":"ca","@id":"https:\/\/new.dinamicaballet.com\/ca\/producto\/barra-de-ballet-fixa-a-paret-arabesque\/#primaryimage","url":"https:\/\/new.dinamicaballet.com\/wp-content\/uploads\/2020\/12\/dinamica_ballet_shop_arabesque_simple_01.jpg","contentUrl":"https:\/\/new.dinamicaballet.com\/wp-content\/uploads\/2020\/12\/dinamica_ballet_shop_arabesque_simple_01.jpg","width":600,"height":800,"caption":"Barra de ballet fixa a paret Arabesque"},{"@type":"WebSite","@id":"https:\/\/new.dinamicaballet.com\/ca\/#website","url":"https:\/\/new.dinamicaballet.com\/ca\/","name":"Dinamica Ballet","description":"Especialistas en barras de ballet y espejos para la danza","publisher":{"@id":"https:\/\/new.dinamicaballet.com\/ca\/#organization"},"potentialAction":[{"@type":"SearchAction","target":{"@type":"EntryPoint","urlTemplate":"https:\/\/new.dinamicaballet.com\/ca\/?s={search_term_string}"},"query-input":{"@type":"PropertyValueSpecification","valueRequired":true,"valueName":"search_term_string"}}],"inLanguage":"ca"},{"@type":"Organization","@id":"https:\/\/new.dinamicaballet.com\/ca\/#organization","name":"Dinamica Ballet","url":"https:\/\/new.dinamicaballet.com\/ca\/","logo":{"@type":"ImageObject","inLanguage":"ca","@id":"https:\/\/new.dinamicaballet.com\/ca\/#\/schema\/logo\/image\/","url":"https:\/\/new.dinamicaballet.com\/wp-content\/uploads\/2022\/03\/logo_dinamica_ballet.svg","contentUrl":"https:\/\/new.dinamicaballet.com\/wp-content\/uploads\/2022\/03\/logo_dinamica_ballet.svg","width":284,"height":51,"caption":"Dinamica Ballet"},"image":{"@id":"https:\/\/new.dinamicaballet.com\/ca\/#\/schema\/logo\/image\/"},"sameAs":["https:\/\/www.facebook.com\/dinamicaballet","https:\/\/www.instagram.com\/dinamicaballet\/","http:\/\/www.linkedin.com\/company\/dinamica-ballet","https:\/\/www.pinterest.com\/DinamicaBallet\/"]}]}},"taxonomy_info":{"product_cat":[{"value":99,"label":"Barres de Paret"},{"value":105,"label":"Iniciaci\u00f3\/casa"},{"value":106,"label":"Professional"},{"value":103,"label":"Una barra"}]},"featured_image_src_large":["https:\/\/new.dinamicaballet.com\/wp-content\/uploads\/2020\/12\/dinamica_ballet_shop_arabesque_simple_01.jpg",600,800,false],"author_info":[],"comment_info":"","_links":{"self":[{"href":"https:\/\/new.dinamicaballet.com\/ca\/wp-json\/wp\/v2\/product\/7298","targetHints":{"allow":["GET"]}}],"collection":[{"href":"https:\/\/new.dinamicaballet.com\/ca\/wp-json\/wp\/v2\/product"}],"about":[{"href":"https:\/\/new.dinamicaballet.com\/ca\/wp-json\/wp\/v2\/types\/product"}],"wp:featuredmedia":[{"embeddable":true,"href":"https:\/\/new.dinamicaballet.com\/ca\/wp-json\/wp\/v2\/media\/7310"}],"wp:attachment":[{"href":"https:\/\/new.dinamicaballet.com\/ca\/wp-json\/wp\/v2\/media?parent=7298"}],"wp:term":[{"taxonomy":"product_brand","embeddable":true,"href":"https:\/\/new.dinamicaballet.com\/ca\/wp-json\/wp\/v2\/product_brand?post=7298"},{"taxonomy":"product_cat","embeddable":true,"href":"https:\/\/new.dinamicaballet.com\/ca\/wp-json\/wp\/v2\/product_cat?post=7298"},{"taxonomy":"product_tag","embeddable":true,"href":"https:\/\/new.dinamicaballet.com\/ca\/wp-json\/wp\/v2\/product_tag?post=7298"}],"curies":[{"name":"wp","href":"https:\/\/api.w.org\/{rel}","templated":true}]}}