{"id":7283,"date":"2020-12-03T16:24:53","date_gmt":"2020-12-03T16:24:53","guid":{"rendered":"https:\/\/www.dinamicaballet.com\/producto\/barra-de-ballet-diniciacio-prima\/"},"modified":"2024-09-20T10:18:42","modified_gmt":"2024-09-20T09:18:42","slug":"barra-de-ballet-diniciacio-prima","status":"publish","type":"product","link":"https:\/\/new.dinamicaballet.com\/ca\/producto\/barra-de-ballet-diniciacio-prima\/","title":{"rendered":"Barra de ballet per casa Prima"},"content":{"rendered":"<h3>La barra de ballet m\u00f2bil per practicar a casa<\/h3>\n<p>La Prima \u00e9s una barra ideal per iniciar-se en la dansa i practicar a casa. Les bases d\u2019acer, de 6 quilograms cadascuna, porten taps de pvc per protegir el terra i aporten l\u2019estabilitat suficient per fer l\u2019escalfament i els exercicis amb precisi\u00f3. D\u2019un pes total de 17 quilograms, la Prima \u00e9s la nostra barra m\u00f2bil m\u00e9s lleugera; la podr\u00e0s moure i retirar quan acabis els entrenaments, tot i que el seu disseny elegant i de l\u00ednies suaus pot integrar-se b\u00e9 en la decoraci\u00f3 de casa.<\/p>\n<h3>Disseny minimalista amb materials professionals<\/h3>\n<p>La Prima est\u00e0 constru\u00efda amb els mateixos materials que utilitzem per a les nostres barres professionals. Les bases i les columnes s\u00f3n d\u2019acer amb acabats en epoxi de color plata per protegir-les millor de cops i ratllades. La barra de fusta de pi melis, cargolada directament sobre les platines, t\u2019aportar\u00e0 un tacte agradable i una subjecci\u00f3 \u00f2ptima. La Prima \u00e9s la barra de ballet m\u00f2bil m\u00e9s assequible de la nostra col\u00b7lecci\u00f3, per\u00f2 et garantim que podr\u00e0s gaudir-la durant molt\u00edssims anys. Disponible en una barra de fusta d\u20191 metre, d\u20191,5 metres i de 2 metres.<\/p>\n<h3>Te la portem a casa i en menys de 5 minuts l\u2019estar\u00e0s gaudint<\/h3>\n<p>La Prima \u00e9s la nostra barra de ballet que es troba en m\u00e9s llars. Si vols que te l\u2019enviem a casa la pots comprar c\u00f2modament a la nostra botiga en l\u00ednia. La podr\u00e0s muntar r\u00e0pidament tan sols amb un tornav\u00eds i la clau Allen que trobar\u00e0s en la caixa, i tot seguit comen\u00e7ar a gaudir-la.<\/p>\n<a href=\"https:\/\/new.dinamicaballet.com\/wp-content\/uploads\/2021\/05\/FT-PRIMA-0521-2.pdf\" class=\"su-button su-button-style-default\" style=\"color:#006B7C;background-color:#FFF2D5;border-color:#ccc2ab;border-radius:5px\" target=\"_blank\" rel=\"noopener noreferrer\"><span style=\"color:#006B7C;padding:0px 16px;font-size:13px;line-height:26px;border-color:#fff6e2;border-radius:5px;text-shadow:none\"> Descaregar la fitxa t\u00e8cnica<\/span><\/a> <a href=\"https:\/\/new.dinamicaballet.com\/wp-content\/uploads\/2022\/01\/Instruccions-Prima.pdf\" class=\"su-button su-button-style-default\" style=\"color:#006B7C;background-color:#FFF2D5;border-color:#ccc2ab;border-radius:5px\" target=\"_blank\" rel=\"noopener noreferrer\"><span style=\"color:#006B7C;padding:0px 16px;font-size:13px;line-height:26px;border-color:#fff6e2;border-radius:5px;text-shadow:none\"> Descarregar instruccions<\/span><\/a>\n<p>&nbsp;<\/p>\n<div class=\"su-youtube su-u-responsive-media-yes\"><iframe loading=\"lazy\" width=\"600\" height=\"400\" src=\"https:\/\/www.youtube.com\/embed\/IvazRLqA2Uk?autohide=2&amp;autoplay=0&amp;mute=1&amp;controls=1&amp;fs=1&amp;loop=0&amp;modestbranding=0&amp;rel=1&amp;showinfo=1&amp;theme=dark&amp;wmode=&amp;playsinline=0\" frameborder=\"0\" allowfullscreen allow=\"autoplay; encrypted-media; picture-in-picture\" title=\"\"><\/iframe><\/div>\n","protected":false},"excerpt":{"rendered":"<p>La barra de ballet Prima est\u00e0 dissenyada perqu\u00e8 petits i grans ballarins puguin entrenar a casa amb comoditat. \u00c9s una barra lleugera perqu\u00e8 la puguis moure d\u2019una habitaci\u00f3 a l\u2019altra amb facilitat i amb prou estabilitat per poder practicar tranquil\u00b7lament les teves<em> battement fondu<\/em>.<\/p>\n<p><strong>ENVIAMENT GRATU\u00cfT |\u00a0IVA INCL\u00d2S<\/strong><\/p>\n","protected":false},"featured_media":7294,"template":"","meta":{"_editorskit_title_hidden":false,"_editorskit_reading_time":0,"_editorskit_is_block_options_detached":false,"_editorskit_block_options_position":"{}","inline_featured_image":false,"_kad_blocks_custom_css":"","_kad_blocks_head_custom_js":"","_kad_blocks_body_custom_js":"","_kad_blocks_footer_custom_js":""},"product_brand":[],"product_cat":[100,105,103],"product_tag":[123,331],"class_list":{"0":"post-7283","1":"product","2":"type-product","3":"status-publish","4":"has-post-thumbnail","6":"product_cat-barres-mobils","7":"product_cat-iniciacio-casa","8":"product_cat-una-barra-ca","9":"product_tag-mobil","10":"product_tag-prima-ca","11":"post","12":"with-featured-image","14":"first","15":"instock","16":"taxable","17":"shipping-taxable","18":"purchasable","19":"product-type-variable"},"yoast_head":"<!-- This site is optimized with the Yoast SEO plugin v27.4 - https:\/\/yoast.com\/product\/yoast-seo-wordpress\/ -->\n<title>Barra de ballet per casa Prima | Botiga online | Dinamica Ballet<\/title>\n<meta name=\"description\" content=\"Les bases d\u2019acer de la barra ballet per casa Prima aporten l\u2019estabilitat suficient per fer l\u2019escalfament i els exercicis amb precisi\u00f3.\" \/>\n<meta name=\"robots\" content=\"noindex, follow, max-snippet:-1, max-image-preview:large, max-video-preview:-1\" \/>\n<meta property=\"og:locale\" content=\"ca_ES\" \/>\n<meta property=\"og:type\" content=\"article\" \/>\n<meta property=\"og:title\" content=\"Barra de ballet per casa Prima | Botiga online | Dinamica Ballet\" \/>\n<meta property=\"og:description\" content=\"Les bases d\u2019acer de la barra ballet per casa Prima aporten l\u2019estabilitat suficient per fer l\u2019escalfament i els exercicis amb precisi\u00f3.\" \/>\n<meta property=\"og:url\" content=\"https:\/\/new.dinamicaballet.com\/ca\/producto\/barra-de-ballet-diniciacio-prima\/\" \/>\n<meta property=\"og:site_name\" content=\"Dinamica Ballet\" \/>\n<meta property=\"article:publisher\" content=\"https:\/\/www.facebook.com\/dinamicaballet\" \/>\n<meta property=\"article:modified_time\" content=\"2024-09-20T09:18:42+00:00\" \/>\n<meta property=\"og:image\" content=\"https:\/\/new.dinamicaballet.com\/wp-content\/uploads\/2020\/12\/dinamica_ballet_shop_prima_01.jpg\" \/>\n\t<meta property=\"og:image:width\" content=\"600\" \/>\n\t<meta property=\"og:image:height\" content=\"800\" \/>\n\t<meta property=\"og:image:type\" content=\"image\/jpeg\" \/>\n<meta name=\"twitter:card\" content=\"summary_large_image\" \/>\n<meta name=\"twitter:label1\" content=\"Temps estimat de lectura\" \/>\n\t<meta name=\"twitter:data1\" content=\"2 minuts\" \/>\n<script type=\"application\/ld+json\" class=\"yoast-schema-graph\">{\"@context\":\"https:\\\/\\\/schema.org\",\"@graph\":[{\"@type\":\"WebPage\",\"@id\":\"https:\\\/\\\/new.dinamicaballet.com\\\/ca\\\/producto\\\/barra-de-ballet-diniciacio-prima\\\/\",\"url\":\"https:\\\/\\\/new.dinamicaballet.com\\\/ca\\\/producto\\\/barra-de-ballet-diniciacio-prima\\\/\",\"name\":\"Barra de ballet per casa Prima | Botiga online | Dinamica Ballet\",\"isPartOf\":{\"@id\":\"https:\\\/\\\/new.dinamicaballet.com\\\/ca\\\/#website\"},\"primaryImageOfPage\":{\"@id\":\"https:\\\/\\\/new.dinamicaballet.com\\\/ca\\\/producto\\\/barra-de-ballet-diniciacio-prima\\\/#primaryimage\"},\"image\":{\"@id\":\"https:\\\/\\\/new.dinamicaballet.com\\\/ca\\\/producto\\\/barra-de-ballet-diniciacio-prima\\\/#primaryimage\"},\"thumbnailUrl\":\"https:\\\/\\\/new.dinamicaballet.com\\\/wp-content\\\/uploads\\\/2020\\\/12\\\/dinamica_ballet_shop_prima_01.jpg\",\"datePublished\":\"2020-12-03T16:24:53+00:00\",\"dateModified\":\"2024-09-20T09:18:42+00:00\",\"description\":\"Les bases d\u2019acer de la barra ballet per casa Prima aporten l\u2019estabilitat suficient per fer l\u2019escalfament i els exercicis amb precisi\u00f3.\",\"inLanguage\":\"ca\",\"potentialAction\":[{\"@type\":\"ReadAction\",\"target\":[\"https:\\\/\\\/new.dinamicaballet.com\\\/ca\\\/producto\\\/barra-de-ballet-diniciacio-prima\\\/\"]}]},{\"@type\":\"ImageObject\",\"inLanguage\":\"ca\",\"@id\":\"https:\\\/\\\/new.dinamicaballet.com\\\/ca\\\/producto\\\/barra-de-ballet-diniciacio-prima\\\/#primaryimage\",\"url\":\"https:\\\/\\\/new.dinamicaballet.com\\\/wp-content\\\/uploads\\\/2020\\\/12\\\/dinamica_ballet_shop_prima_01.jpg\",\"contentUrl\":\"https:\\\/\\\/new.dinamicaballet.com\\\/wp-content\\\/uploads\\\/2020\\\/12\\\/dinamica_ballet_shop_prima_01.jpg\",\"width\":600,\"height\":800,\"caption\":\"Barra de ballet d\u2019iniciaci\u00f3 Prima\"},{\"@type\":\"WebSite\",\"@id\":\"https:\\\/\\\/new.dinamicaballet.com\\\/ca\\\/#website\",\"url\":\"https:\\\/\\\/new.dinamicaballet.com\\\/ca\\\/\",\"name\":\"Dinamica Ballet\",\"description\":\"Especialistas en barras de ballet y espejos para la danza\",\"publisher\":{\"@id\":\"https:\\\/\\\/new.dinamicaballet.com\\\/ca\\\/#organization\"},\"potentialAction\":[{\"@type\":\"SearchAction\",\"target\":{\"@type\":\"EntryPoint\",\"urlTemplate\":\"https:\\\/\\\/new.dinamicaballet.com\\\/ca\\\/?s={search_term_string}\"},\"query-input\":{\"@type\":\"PropertyValueSpecification\",\"valueRequired\":true,\"valueName\":\"search_term_string\"}}],\"inLanguage\":\"ca\"},{\"@type\":\"Organization\",\"@id\":\"https:\\\/\\\/new.dinamicaballet.com\\\/ca\\\/#organization\",\"name\":\"Dinamica Ballet\",\"url\":\"https:\\\/\\\/new.dinamicaballet.com\\\/ca\\\/\",\"logo\":{\"@type\":\"ImageObject\",\"inLanguage\":\"ca\",\"@id\":\"https:\\\/\\\/new.dinamicaballet.com\\\/ca\\\/#\\\/schema\\\/logo\\\/image\\\/\",\"url\":\"https:\\\/\\\/new.dinamicaballet.com\\\/wp-content\\\/uploads\\\/2022\\\/03\\\/logo_dinamica_ballet.svg\",\"contentUrl\":\"https:\\\/\\\/new.dinamicaballet.com\\\/wp-content\\\/uploads\\\/2022\\\/03\\\/logo_dinamica_ballet.svg\",\"width\":284,\"height\":51,\"caption\":\"Dinamica Ballet\"},\"image\":{\"@id\":\"https:\\\/\\\/new.dinamicaballet.com\\\/ca\\\/#\\\/schema\\\/logo\\\/image\\\/\"},\"sameAs\":[\"https:\\\/\\\/www.facebook.com\\\/dinamicaballet\",\"https:\\\/\\\/www.instagram.com\\\/dinamicaballet\\\/\",\"http:\\\/\\\/www.linkedin.com\\\/company\\\/dinamica-ballet\",\"https:\\\/\\\/www.pinterest.com\\\/DinamicaBallet\\\/\"]}]}<\/script>\n<!-- \/ Yoast SEO plugin. -->","yoast_head_json":{"title":"Barra de ballet per casa Prima | Botiga online | Dinamica Ballet","description":"Les bases d\u2019acer de la barra ballet per casa Prima aporten l\u2019estabilitat suficient per fer l\u2019escalfament i els exercicis amb precisi\u00f3.","robots":{"index":"noindex","follow":"follow","max-snippet":"max-snippet:-1","max-image-preview":"max-image-preview:large","max-video-preview":"max-video-preview:-1"},"og_locale":"ca_ES","og_type":"article","og_title":"Barra de ballet per casa Prima | Botiga online | Dinamica Ballet","og_description":"Les bases d\u2019acer de la barra ballet per casa Prima aporten l\u2019estabilitat suficient per fer l\u2019escalfament i els exercicis amb precisi\u00f3.","og_url":"https:\/\/new.dinamicaballet.com\/ca\/producto\/barra-de-ballet-diniciacio-prima\/","og_site_name":"Dinamica Ballet","article_publisher":"https:\/\/www.facebook.com\/dinamicaballet","article_modified_time":"2024-09-20T09:18:42+00:00","og_image":[{"width":600,"height":800,"url":"https:\/\/new.dinamicaballet.com\/wp-content\/uploads\/2020\/12\/dinamica_ballet_shop_prima_01.jpg","type":"image\/jpeg"}],"twitter_card":"summary_large_image","twitter_misc":{"Temps estimat de lectura":"2 minuts"},"schema":{"@context":"https:\/\/schema.org","@graph":[{"@type":"WebPage","@id":"https:\/\/new.dinamicaballet.com\/ca\/producto\/barra-de-ballet-diniciacio-prima\/","url":"https:\/\/new.dinamicaballet.com\/ca\/producto\/barra-de-ballet-diniciacio-prima\/","name":"Barra de ballet per casa Prima | Botiga online | Dinamica Ballet","isPartOf":{"@id":"https:\/\/new.dinamicaballet.com\/ca\/#website"},"primaryImageOfPage":{"@id":"https:\/\/new.dinamicaballet.com\/ca\/producto\/barra-de-ballet-diniciacio-prima\/#primaryimage"},"image":{"@id":"https:\/\/new.dinamicaballet.com\/ca\/producto\/barra-de-ballet-diniciacio-prima\/#primaryimage"},"thumbnailUrl":"https:\/\/new.dinamicaballet.com\/wp-content\/uploads\/2020\/12\/dinamica_ballet_shop_prima_01.jpg","datePublished":"2020-12-03T16:24:53+00:00","dateModified":"2024-09-20T09:18:42+00:00","description":"Les bases d\u2019acer de la barra ballet per casa Prima aporten l\u2019estabilitat suficient per fer l\u2019escalfament i els exercicis amb precisi\u00f3.","inLanguage":"ca","potentialAction":[{"@type":"ReadAction","target":["https:\/\/new.dinamicaballet.com\/ca\/producto\/barra-de-ballet-diniciacio-prima\/"]}]},{"@type":"ImageObject","inLanguage":"ca","@id":"https:\/\/new.dinamicaballet.com\/ca\/producto\/barra-de-ballet-diniciacio-prima\/#primaryimage","url":"https:\/\/new.dinamicaballet.com\/wp-content\/uploads\/2020\/12\/dinamica_ballet_shop_prima_01.jpg","contentUrl":"https:\/\/new.dinamicaballet.com\/wp-content\/uploads\/2020\/12\/dinamica_ballet_shop_prima_01.jpg","width":600,"height":800,"caption":"Barra de ballet d\u2019iniciaci\u00f3 Prima"},{"@type":"WebSite","@id":"https:\/\/new.dinamicaballet.com\/ca\/#website","url":"https:\/\/new.dinamicaballet.com\/ca\/","name":"Dinamica Ballet","description":"Especialistas en barras de ballet y espejos para la danza","publisher":{"@id":"https:\/\/new.dinamicaballet.com\/ca\/#organization"},"potentialAction":[{"@type":"SearchAction","target":{"@type":"EntryPoint","urlTemplate":"https:\/\/new.dinamicaballet.com\/ca\/?s={search_term_string}"},"query-input":{"@type":"PropertyValueSpecification","valueRequired":true,"valueName":"search_term_string"}}],"inLanguage":"ca"},{"@type":"Organization","@id":"https:\/\/new.dinamicaballet.com\/ca\/#organization","name":"Dinamica Ballet","url":"https:\/\/new.dinamicaballet.com\/ca\/","logo":{"@type":"ImageObject","inLanguage":"ca","@id":"https:\/\/new.dinamicaballet.com\/ca\/#\/schema\/logo\/image\/","url":"https:\/\/new.dinamicaballet.com\/wp-content\/uploads\/2022\/03\/logo_dinamica_ballet.svg","contentUrl":"https:\/\/new.dinamicaballet.com\/wp-content\/uploads\/2022\/03\/logo_dinamica_ballet.svg","width":284,"height":51,"caption":"Dinamica Ballet"},"image":{"@id":"https:\/\/new.dinamicaballet.com\/ca\/#\/schema\/logo\/image\/"},"sameAs":["https:\/\/www.facebook.com\/dinamicaballet","https:\/\/www.instagram.com\/dinamicaballet\/","http:\/\/www.linkedin.com\/company\/dinamica-ballet","https:\/\/www.pinterest.com\/DinamicaBallet\/"]}]}},"taxonomy_info":{"product_cat":[{"value":100,"label":"Barres m\u00f2bils"},{"value":105,"label":"Iniciaci\u00f3\/casa"},{"value":103,"label":"Una barra"}],"product_tag":[{"value":123,"label":"m\u00f2bil"},{"value":331,"label":"prima"}]},"featured_image_src_large":["https:\/\/new.dinamicaballet.com\/wp-content\/uploads\/2020\/12\/dinamica_ballet_shop_prima_01.jpg",600,800,false],"author_info":[],"comment_info":"","_links":{"self":[{"href":"https:\/\/new.dinamicaballet.com\/ca\/wp-json\/wp\/v2\/product\/7283","targetHints":{"allow":["GET"]}}],"collection":[{"href":"https:\/\/new.dinamicaballet.com\/ca\/wp-json\/wp\/v2\/product"}],"about":[{"href":"https:\/\/new.dinamicaballet.com\/ca\/wp-json\/wp\/v2\/types\/product"}],"wp:featuredmedia":[{"embeddable":true,"href":"https:\/\/new.dinamicaballet.com\/ca\/wp-json\/wp\/v2\/media\/7294"}],"wp:attachment":[{"href":"https:\/\/new.dinamicaballet.com\/ca\/wp-json\/wp\/v2\/media?parent=7283"}],"wp:term":[{"taxonomy":"product_brand","embeddable":true,"href":"https:\/\/new.dinamicaballet.com\/ca\/wp-json\/wp\/v2\/product_brand?post=7283"},{"taxonomy":"product_cat","embeddable":true,"href":"https:\/\/new.dinamicaballet.com\/ca\/wp-json\/wp\/v2\/product_cat?post=7283"},{"taxonomy":"product_tag","embeddable":true,"href":"https:\/\/new.dinamicaballet.com\/ca\/wp-json\/wp\/v2\/product_tag?post=7283"}],"curies":[{"name":"wp","href":"https:\/\/api.w.org\/{rel}","templated":true}]}}