{"id":7259,"date":"2020-12-03T16:24:53","date_gmt":"2020-12-03T16:24:53","guid":{"rendered":"https:\/\/www.dinamicaballet.com\/producto\/barra-de-ballet-mobil-professional-daltura-regulable-isa\/"},"modified":"2024-09-20T10:40:23","modified_gmt":"2024-09-20T09:40:23","slug":"barra-de-ballet-mobil-professional-daltura-regulable-isa","status":"publish","type":"product","link":"https:\/\/new.dinamicaballet.com\/ca\/producto\/barra-de-ballet-mobil-professional-daltura-regulable-isa\/","title":{"rendered":"Barra de ballet professional regulable Isa"},"content":{"rendered":"<h3>Una barra de ballet per a ballarines de qualsevol nivell i al\u00e7ada<\/h3>\n<p>Podem trobar la barra de ballet regulable Isa tant en escoles de dansa com a cases particulars. Els seus 39 cent\u00edmetres de recorregut i l\u2019excel\u00b7lent estabilitat de les seves bases d\u2019acer ofereixen molt bon rendiment a ballarins de qualsevol edat, al\u00e7ada i pes. Podr\u00e0s fixar l\u2019altura de la Isa a catorze posicions diferents amb un mecanisme r\u00e0pid i f\u00e0cil d\u2019ajustar. Els suports d\u2019acer exclusius de la gamma professional de Dinamica Ballet subjecten la barra amb total fermesa sense necessitat de foradar la fusta, cosa que garanteix molt\u00edssimes hores de pr\u00e0ctica.<\/p>\n<h3>Base plana i base amb rodes; tria la que millor s\u2019adapti a tu<\/h3>\n<p>La Isa forma part de la nostra gamma de barres de ballet m\u00f2bils professionals. T\u2019oferim dos tipus de bases d\u2019acer: una base amb dues rodes i un pes de 20 quilograms, i una altra de plana sense rodes de 10 quilograms cadascuna. La base amb rodes de goma d\u2019alta densitat t\u2019ofereix una gran estabilitat i et permet traslladar la barra sense esfor\u00e7 inclinant el conjunt 45 graus des d\u2019una posici\u00f3 central. La base plana est\u00e0 pensada perqu\u00e8 puguis moure la barra aixecant tot el conjunt sense recolzar-lo al terra. En tots dos casos, les bases estan equipades amb topalls de pvc per evitar qualsevol dany o desperfecte al terra, encara que sigui de fusta. Si t\u2019has d\u2019endur la barra de gira o l\u2019has de moure de lloc, et recomanem la base amb rodes; si l\u2019has de traslladar ocasionalment o entre dues persones, et pot anar b\u00e9 la base plana. El pes total del conjunt amb la base amb rodes equipada amb la barra de fusta de 2 metres, \u00e9s de 50 quilograms. El pes del conjunt amb bases planes sense rodes \u00e9s de 31 quilograms.<\/p>\n<h3>Acer i fusta; una combinaci\u00f3 ancestral de materials perfectes per a la dansa<\/h3>\n<p>Creiem que les barres perfectes per al ballet han de ser de fusta. Les nostres barres de fusta de pi melis de boscos sostenibles certificats s\u00f3n resistents i aporten una lleugera flexibilitat ideal per a exercicis de dansa. La nostra fusta perfectament polida i sense envernissar aporta un tacte agradable, una subjecci\u00f3 \u00f2ptima i una bellesa org\u00e0nica ideals per perfeccionar les teves grand rond de jambe. Combinades amb els nostres suports exclusius i bases d\u2019acer, hem creat un producte en qu\u00e8 confien ballarines professionals i aficionats d\u2019arreu del m\u00f3n.<\/p>\n<a href=\"https:\/\/new.dinamicaballet.com\/wp-content\/uploads\/2021\/05\/FT-ISA-0421-3.pdf\" class=\"su-button su-button-style-default\" style=\"color:#006B7C;background-color:#FFF2D5;border-color:#ccc2ab;border-radius:5px\" target=\"_blank\" rel=\"noopener noreferrer\"><span style=\"color:#006B7C;padding:0px 16px;font-size:13px;line-height:26px;border-color:#fff6e2;border-radius:5px;text-shadow:none\"> Descaregar la fitxa t\u00e8cnica<\/span><\/a> <a href=\"https:\/\/new.dinamicaballet.com\/wp-content\/uploads\/2021\/05\/FT-ISA-0421-3.pdf\" class=\"su-button su-button-style-default\" style=\"color:#006B7C;background-color:#FFF2D5;border-color:#ccc2ab;border-radius:5px\" target=\"_blank\" rel=\"noopener noreferrer\"><span style=\"color:#006B7C;padding:0px 16px;font-size:13px;line-height:26px;border-color:#fff6e2;border-radius:5px;text-shadow:none\"> Descarregar instruccions<\/span><\/a>\n<p>&nbsp;<\/p>\n<div class=\"su-youtube su-u-responsive-media-yes\"><iframe loading=\"lazy\" width=\"600\" height=\"400\" src=\"https:\/\/www.youtube.com\/embed\/5AMBmNO3Afo?autohide=2&amp;autoplay=0&amp;mute=1&amp;controls=1&amp;fs=1&amp;loop=0&amp;modestbranding=0&amp;rel=1&amp;showinfo=1&amp;theme=dark&amp;wmode=&amp;playsinline=0\" frameborder=\"0\" allowfullscreen allow=\"autoplay; encrypted-media; picture-in-picture\" title=\"Barra de ballet professional regulable Isa Dinamica Ballet\"><\/iframe><\/div>\n","protected":false},"excerpt":{"rendered":"<p>La Isa \u00e9s la barra de ballet m\u00f2bil professional d\u2019altura regulable m\u00e9s popular de Dinamica Ballet. Disponibles amb dos tipus de base, amb rodes i plana, i regulable en altura a catorze posicions, la Isa s\u2019ha guanyat la confian\u00e7a de professionals i aficionats de la dansa arreu del m\u00f3n.<\/p>\n<p><strong>ENVIAMENT GRATU\u00cfT |\u00a0IVA INCL\u00d2S<\/strong><\/p>\n","protected":false},"featured_media":7276,"template":"","meta":{"_editorskit_title_hidden":false,"_editorskit_reading_time":0,"_editorskit_is_block_options_detached":false,"_editorskit_block_options_position":"{}","inline_featured_image":false,"_kad_blocks_custom_css":"","_kad_blocks_head_custom_js":"","_kad_blocks_body_custom_js":"","_kad_blocks_footer_custom_js":""},"product_brand":[],"product_cat":[100,101,106],"product_tag":[123],"class_list":{"0":"post-7259","1":"product","2":"type-product","3":"status-publish","4":"has-post-thumbnail","6":"product_cat-barres-mobils","7":"product_cat-barres-regulables","8":"product_cat-professional","9":"product_tag-mobil","10":"post","11":"with-featured-image","13":"first","14":"instock","15":"taxable","16":"shipping-taxable","17":"purchasable","18":"product-type-variable"},"yoast_head":"<!-- This site is optimized with the Yoast SEO plugin v27.4 - https:\/\/yoast.com\/product\/yoast-seo-wordpress\/ -->\n<title>Barra de ballet m\u00f2bil professional d\u2019altura regulable Isa<\/title>\n<meta name=\"description\" content=\"Disponibles amb dos tipus de base i regulable en altura, la Isa s\u2019ha guanyat la confian\u00e7a de professionals i aficionats de la dansa.\" \/>\n<meta name=\"robots\" content=\"noindex, follow, max-snippet:-1, max-image-preview:large, max-video-preview:-1\" \/>\n<meta property=\"og:locale\" content=\"ca_ES\" \/>\n<meta property=\"og:type\" content=\"article\" \/>\n<meta property=\"og:title\" content=\"Barra de ballet m\u00f2bil professional d\u2019altura regulable Isa\" \/>\n<meta property=\"og:description\" content=\"Disponibles amb dos tipus de base i regulable en altura, la Isa s\u2019ha guanyat la confian\u00e7a de professionals i aficionats de la dansa.\" \/>\n<meta property=\"og:url\" content=\"https:\/\/new.dinamicaballet.com\/ca\/producto\/barra-de-ballet-mobil-professional-daltura-regulable-isa\/\" \/>\n<meta property=\"og:site_name\" content=\"Dinamica Ballet\" \/>\n<meta property=\"article:publisher\" content=\"https:\/\/www.facebook.com\/dinamicaballet\" \/>\n<meta property=\"article:modified_time\" content=\"2024-09-20T09:40:23+00:00\" \/>\n<meta property=\"og:image\" content=\"https:\/\/new.dinamicaballet.com\/wp-content\/uploads\/2020\/12\/dinamica_ballet_shop_isa_01.jpg\" \/>\n\t<meta property=\"og:image:width\" content=\"600\" \/>\n\t<meta property=\"og:image:height\" content=\"800\" \/>\n\t<meta property=\"og:image:type\" content=\"image\/jpeg\" \/>\n<meta name=\"twitter:card\" content=\"summary_large_image\" \/>\n<meta name=\"twitter:label1\" content=\"Temps estimat de lectura\" \/>\n\t<meta name=\"twitter:data1\" content=\"3 minuts\" \/>\n<script type=\"application\/ld+json\" class=\"yoast-schema-graph\">{\"@context\":\"https:\\\/\\\/schema.org\",\"@graph\":[{\"@type\":\"WebPage\",\"@id\":\"https:\\\/\\\/new.dinamicaballet.com\\\/ca\\\/producto\\\/barra-de-ballet-mobil-professional-daltura-regulable-isa\\\/\",\"url\":\"https:\\\/\\\/new.dinamicaballet.com\\\/ca\\\/producto\\\/barra-de-ballet-mobil-professional-daltura-regulable-isa\\\/\",\"name\":\"Barra de ballet m\u00f2bil professional d\u2019altura regulable Isa\",\"isPartOf\":{\"@id\":\"https:\\\/\\\/new.dinamicaballet.com\\\/ca\\\/#website\"},\"primaryImageOfPage\":{\"@id\":\"https:\\\/\\\/new.dinamicaballet.com\\\/ca\\\/producto\\\/barra-de-ballet-mobil-professional-daltura-regulable-isa\\\/#primaryimage\"},\"image\":{\"@id\":\"https:\\\/\\\/new.dinamicaballet.com\\\/ca\\\/producto\\\/barra-de-ballet-mobil-professional-daltura-regulable-isa\\\/#primaryimage\"},\"thumbnailUrl\":\"https:\\\/\\\/new.dinamicaballet.com\\\/wp-content\\\/uploads\\\/2020\\\/12\\\/dinamica_ballet_shop_isa_01.jpg\",\"datePublished\":\"2020-12-03T16:24:53+00:00\",\"dateModified\":\"2024-09-20T09:40:23+00:00\",\"description\":\"Disponibles amb dos tipus de base i regulable en altura, la Isa s\u2019ha guanyat la confian\u00e7a de professionals i aficionats de la dansa.\",\"inLanguage\":\"ca\",\"potentialAction\":[{\"@type\":\"ReadAction\",\"target\":[\"https:\\\/\\\/new.dinamicaballet.com\\\/ca\\\/producto\\\/barra-de-ballet-mobil-professional-daltura-regulable-isa\\\/\"]}]},{\"@type\":\"ImageObject\",\"inLanguage\":\"ca\",\"@id\":\"https:\\\/\\\/new.dinamicaballet.com\\\/ca\\\/producto\\\/barra-de-ballet-mobil-professional-daltura-regulable-isa\\\/#primaryimage\",\"url\":\"https:\\\/\\\/new.dinamicaballet.com\\\/wp-content\\\/uploads\\\/2020\\\/12\\\/dinamica_ballet_shop_isa_01.jpg\",\"contentUrl\":\"https:\\\/\\\/new.dinamicaballet.com\\\/wp-content\\\/uploads\\\/2020\\\/12\\\/dinamica_ballet_shop_isa_01.jpg\",\"width\":600,\"height\":800,\"caption\":\"Barra de ballet m\u00f2bil professional d\u2019altura regulable Isa\"},{\"@type\":\"WebSite\",\"@id\":\"https:\\\/\\\/new.dinamicaballet.com\\\/ca\\\/#website\",\"url\":\"https:\\\/\\\/new.dinamicaballet.com\\\/ca\\\/\",\"name\":\"Dinamica Ballet\",\"description\":\"Especialistas en barras de ballet y espejos para la danza\",\"publisher\":{\"@id\":\"https:\\\/\\\/new.dinamicaballet.com\\\/ca\\\/#organization\"},\"potentialAction\":[{\"@type\":\"SearchAction\",\"target\":{\"@type\":\"EntryPoint\",\"urlTemplate\":\"https:\\\/\\\/new.dinamicaballet.com\\\/ca\\\/?s={search_term_string}\"},\"query-input\":{\"@type\":\"PropertyValueSpecification\",\"valueRequired\":true,\"valueName\":\"search_term_string\"}}],\"inLanguage\":\"ca\"},{\"@type\":\"Organization\",\"@id\":\"https:\\\/\\\/new.dinamicaballet.com\\\/ca\\\/#organization\",\"name\":\"Dinamica Ballet\",\"url\":\"https:\\\/\\\/new.dinamicaballet.com\\\/ca\\\/\",\"logo\":{\"@type\":\"ImageObject\",\"inLanguage\":\"ca\",\"@id\":\"https:\\\/\\\/new.dinamicaballet.com\\\/ca\\\/#\\\/schema\\\/logo\\\/image\\\/\",\"url\":\"https:\\\/\\\/new.dinamicaballet.com\\\/wp-content\\\/uploads\\\/2022\\\/03\\\/logo_dinamica_ballet.svg\",\"contentUrl\":\"https:\\\/\\\/new.dinamicaballet.com\\\/wp-content\\\/uploads\\\/2022\\\/03\\\/logo_dinamica_ballet.svg\",\"width\":284,\"height\":51,\"caption\":\"Dinamica Ballet\"},\"image\":{\"@id\":\"https:\\\/\\\/new.dinamicaballet.com\\\/ca\\\/#\\\/schema\\\/logo\\\/image\\\/\"},\"sameAs\":[\"https:\\\/\\\/www.facebook.com\\\/dinamicaballet\",\"https:\\\/\\\/www.instagram.com\\\/dinamicaballet\\\/\",\"http:\\\/\\\/www.linkedin.com\\\/company\\\/dinamica-ballet\",\"https:\\\/\\\/www.pinterest.com\\\/DinamicaBallet\\\/\"]}]}<\/script>\n<!-- \/ Yoast SEO plugin. -->","yoast_head_json":{"title":"Barra de ballet m\u00f2bil professional d\u2019altura regulable Isa","description":"Disponibles amb dos tipus de base i regulable en altura, la Isa s\u2019ha guanyat la confian\u00e7a de professionals i aficionats de la dansa.","robots":{"index":"noindex","follow":"follow","max-snippet":"max-snippet:-1","max-image-preview":"max-image-preview:large","max-video-preview":"max-video-preview:-1"},"og_locale":"ca_ES","og_type":"article","og_title":"Barra de ballet m\u00f2bil professional d\u2019altura regulable Isa","og_description":"Disponibles amb dos tipus de base i regulable en altura, la Isa s\u2019ha guanyat la confian\u00e7a de professionals i aficionats de la dansa.","og_url":"https:\/\/new.dinamicaballet.com\/ca\/producto\/barra-de-ballet-mobil-professional-daltura-regulable-isa\/","og_site_name":"Dinamica Ballet","article_publisher":"https:\/\/www.facebook.com\/dinamicaballet","article_modified_time":"2024-09-20T09:40:23+00:00","og_image":[{"width":600,"height":800,"url":"https:\/\/new.dinamicaballet.com\/wp-content\/uploads\/2020\/12\/dinamica_ballet_shop_isa_01.jpg","type":"image\/jpeg"}],"twitter_card":"summary_large_image","twitter_misc":{"Temps estimat de lectura":"3 minuts"},"schema":{"@context":"https:\/\/schema.org","@graph":[{"@type":"WebPage","@id":"https:\/\/new.dinamicaballet.com\/ca\/producto\/barra-de-ballet-mobil-professional-daltura-regulable-isa\/","url":"https:\/\/new.dinamicaballet.com\/ca\/producto\/barra-de-ballet-mobil-professional-daltura-regulable-isa\/","name":"Barra de ballet m\u00f2bil professional d\u2019altura regulable Isa","isPartOf":{"@id":"https:\/\/new.dinamicaballet.com\/ca\/#website"},"primaryImageOfPage":{"@id":"https:\/\/new.dinamicaballet.com\/ca\/producto\/barra-de-ballet-mobil-professional-daltura-regulable-isa\/#primaryimage"},"image":{"@id":"https:\/\/new.dinamicaballet.com\/ca\/producto\/barra-de-ballet-mobil-professional-daltura-regulable-isa\/#primaryimage"},"thumbnailUrl":"https:\/\/new.dinamicaballet.com\/wp-content\/uploads\/2020\/12\/dinamica_ballet_shop_isa_01.jpg","datePublished":"2020-12-03T16:24:53+00:00","dateModified":"2024-09-20T09:40:23+00:00","description":"Disponibles amb dos tipus de base i regulable en altura, la Isa s\u2019ha guanyat la confian\u00e7a de professionals i aficionats de la dansa.","inLanguage":"ca","potentialAction":[{"@type":"ReadAction","target":["https:\/\/new.dinamicaballet.com\/ca\/producto\/barra-de-ballet-mobil-professional-daltura-regulable-isa\/"]}]},{"@type":"ImageObject","inLanguage":"ca","@id":"https:\/\/new.dinamicaballet.com\/ca\/producto\/barra-de-ballet-mobil-professional-daltura-regulable-isa\/#primaryimage","url":"https:\/\/new.dinamicaballet.com\/wp-content\/uploads\/2020\/12\/dinamica_ballet_shop_isa_01.jpg","contentUrl":"https:\/\/new.dinamicaballet.com\/wp-content\/uploads\/2020\/12\/dinamica_ballet_shop_isa_01.jpg","width":600,"height":800,"caption":"Barra de ballet m\u00f2bil professional d\u2019altura regulable Isa"},{"@type":"WebSite","@id":"https:\/\/new.dinamicaballet.com\/ca\/#website","url":"https:\/\/new.dinamicaballet.com\/ca\/","name":"Dinamica Ballet","description":"Especialistas en barras de ballet y espejos para la danza","publisher":{"@id":"https:\/\/new.dinamicaballet.com\/ca\/#organization"},"potentialAction":[{"@type":"SearchAction","target":{"@type":"EntryPoint","urlTemplate":"https:\/\/new.dinamicaballet.com\/ca\/?s={search_term_string}"},"query-input":{"@type":"PropertyValueSpecification","valueRequired":true,"valueName":"search_term_string"}}],"inLanguage":"ca"},{"@type":"Organization","@id":"https:\/\/new.dinamicaballet.com\/ca\/#organization","name":"Dinamica Ballet","url":"https:\/\/new.dinamicaballet.com\/ca\/","logo":{"@type":"ImageObject","inLanguage":"ca","@id":"https:\/\/new.dinamicaballet.com\/ca\/#\/schema\/logo\/image\/","url":"https:\/\/new.dinamicaballet.com\/wp-content\/uploads\/2022\/03\/logo_dinamica_ballet.svg","contentUrl":"https:\/\/new.dinamicaballet.com\/wp-content\/uploads\/2022\/03\/logo_dinamica_ballet.svg","width":284,"height":51,"caption":"Dinamica Ballet"},"image":{"@id":"https:\/\/new.dinamicaballet.com\/ca\/#\/schema\/logo\/image\/"},"sameAs":["https:\/\/www.facebook.com\/dinamicaballet","https:\/\/www.instagram.com\/dinamicaballet\/","http:\/\/www.linkedin.com\/company\/dinamica-ballet","https:\/\/www.pinterest.com\/DinamicaBallet\/"]}]}},"taxonomy_info":{"product_cat":[{"value":100,"label":"Barres m\u00f2bils"},{"value":101,"label":"Barres regulables"},{"value":106,"label":"Professional"}],"product_tag":[{"value":123,"label":"m\u00f2bil"}]},"featured_image_src_large":["https:\/\/new.dinamicaballet.com\/wp-content\/uploads\/2020\/12\/dinamica_ballet_shop_isa_01.jpg",600,800,false],"author_info":[],"comment_info":"","_links":{"self":[{"href":"https:\/\/new.dinamicaballet.com\/ca\/wp-json\/wp\/v2\/product\/7259","targetHints":{"allow":["GET"]}}],"collection":[{"href":"https:\/\/new.dinamicaballet.com\/ca\/wp-json\/wp\/v2\/product"}],"about":[{"href":"https:\/\/new.dinamicaballet.com\/ca\/wp-json\/wp\/v2\/types\/product"}],"wp:featuredmedia":[{"embeddable":true,"href":"https:\/\/new.dinamicaballet.com\/ca\/wp-json\/wp\/v2\/media\/7276"}],"wp:attachment":[{"href":"https:\/\/new.dinamicaballet.com\/ca\/wp-json\/wp\/v2\/media?parent=7259"}],"wp:term":[{"taxonomy":"product_brand","embeddable":true,"href":"https:\/\/new.dinamicaballet.com\/ca\/wp-json\/wp\/v2\/product_brand?post=7259"},{"taxonomy":"product_cat","embeddable":true,"href":"https:\/\/new.dinamicaballet.com\/ca\/wp-json\/wp\/v2\/product_cat?post=7259"},{"taxonomy":"product_tag","embeddable":true,"href":"https:\/\/new.dinamicaballet.com\/ca\/wp-json\/wp\/v2\/product_tag?post=7259"}],"curies":[{"name":"wp","href":"https:\/\/api.w.org\/{rel}","templated":true}]}}