{"id":7239,"date":"2020-12-03T16:24:53","date_gmt":"2020-12-03T16:24:53","guid":{"rendered":"https:\/\/www.dinamicaballet.com\/producto\/barra-de-ballet-professional-mobil-doble-pina\/"},"modified":"2024-09-25T11:26:31","modified_gmt":"2024-09-25T10:26:31","slug":"barra-de-ballet-professional-mobil-doble-pina","status":"publish","type":"product","link":"https:\/\/new.dinamicaballet.com\/ca\/producto\/barra-de-ballet-professional-mobil-doble-pina\/","title":{"rendered":"Barra de ballet professional doble Pina"},"content":{"rendered":"<h3>Una barra per a classes amb ballarines de diferents edats<\/h3>\n<p>El disseny exclusiu dels suports dobles de Dinamica Ballet distribueix la pressi\u00f3 que exerceix el ballar\u00ed a les barres de fusta; hem fet estudis en el Laboratori d\u2019Elasticitat i Resist\u00e8ncia de Materials de la Universitat Polit\u00e8cnica de Barcelona que proven resist\u00e8ncies a forces de fins a gaireb\u00e9 400 quilograms.. Les dues barres de fustes, situades a 19 cent\u00edmetres de dist\u00e0ncia entre elles, permeten que dos ballarins d\u2019al\u00e7ades diferents practiquin alhora i aix\u00ed puguis treballar a l\u2019aula amb grups de diferents edats.<\/p>\n<h3>Base amb rodes i base plana; flexibilitat per al teu espai de treball<\/h3>\n<p>La Pina forma part de la nostra gamma de barres de ballet m\u00f2bils professionals. T\u2019oferim dos tipus de bases d\u2019acer: una amb dues rodes i un pes de 20 quilograms, i una altra de plana sense rodes de 10 quilograms cadascuna. La base amb rodes de goma d\u2019alta densitat t\u2019ofereix una gran estabilitat i et permetr\u00e0 traslladar la barra sense esfor\u00e7 inclinant el conjunt 45 graus des d\u2019una posici\u00f3 central. La base plana est\u00e0 dissenyada perqu\u00e8 puguis moure la barra aixecant tot el conjunt sense recolzar-lo al terra. En tots dos casos, les bases estan equipades amb topalls de goma per evitar qualsevol dany o desperfecte al terra encara que sigui de parquet. Si necessites moure sovint la barra de ballet, et recomanem la base amb rodes; si l\u2019has de traslladar ocasionalment, o entre dues persones, la base plana et pot anar b\u00e9. El pes total del conjunt amb la base amb rodes equipada amb barra de fusta de 2 metres \u00e9s de 36 quilograms. El pes del conjunt amb bases planes sense rodes \u00e9s de 52 quilograms.<\/p>\n<h3>Acer i fusta, la combinaci\u00f3 perfecta per crear una barra de ballet excel\u00b7lent<\/h3>\n<p>Les nostres barres de fusta de pi melis de boscos sostenibles s\u00f3n resistents i aporten una lleugera flexibilitat ideal per a exercicis avan\u00e7ats. La fusta perfectament polida i sense envernissar aporta un tacte agradable, una subjecci\u00f3 \u00f2ptima i una bellesa org\u00e0nica per gaudir al m\u00e0xim de la pr\u00e0ctica. Els suports subjecten amb total fermesa les barres de fusta sense la necessitat de fer-hi forats, la qual cosa assegura milers d\u2019hores de pr\u00e0ctica i facilitat de muntatge. Les bases i els suports estan constru\u00efts amb acer de primera qualitat amb un acabat en epoxi platejat que ofereix alta resist\u00e8ncia a cops i ratllades. La Pina est\u00e0 disponible amb barres de fusta de 2 i 3 metres.<\/p>\n<a href=\"https:\/\/new.dinamicaballet.com\/wp-content\/uploads\/2021\/05\/FT-PINA-0421-4.pdf\" class=\"su-button su-button-style-default\" style=\"color:#006B7C;background-color:#FFF2D5;border-color:#ccc2ab;border-radius:5px\" target=\"_blank\" rel=\"noopener noreferrer\"><span style=\"color:#006B7C;padding:0px 16px;font-size:13px;line-height:26px;border-color:#fff6e2;border-radius:5px;text-shadow:none\"> Descaregar la fitxa t\u00e8cnica<\/span><\/a> <a href=\"https:\/\/new.dinamicaballet.com\/wp-content\/uploads\/2021\/07\/Instruccions-Pina.pdf\" class=\"su-button su-button-style-default\" style=\"color:#006B7C;background-color:#FFF2D5;border-color:#ccc2ab;border-radius:5px\" target=\"_blank\" rel=\"noopener noreferrer\"><span style=\"color:#006B7C;padding:0px 16px;font-size:13px;line-height:26px;border-color:#fff6e2;border-radius:5px;text-shadow:none\"> Descarregar instruccions<\/span><\/a>\n<div class=\"su-youtube su-u-responsive-media-yes\"><iframe loading=\"lazy\" width=\"600\" height=\"400\" src=\"https:\/\/www.youtube.com\/embed\/CsouGLn98YY?autohide=2&amp;autoplay=0&amp;mute=1&amp;controls=1&amp;fs=1&amp;loop=0&amp;modestbranding=0&amp;rel=1&amp;showinfo=1&amp;theme=dark&amp;wmode=&amp;playsinline=0\" frameborder=\"0\" allowfullscreen allow=\"autoplay; encrypted-media; picture-in-picture\" title=\"Barra de ballet professional doble m\u00f2bil Pina Dinamica Ballet\"><\/iframe><\/div>\n","protected":false},"excerpt":{"rendered":"<p>La Pina \u00e9s una barra de ballet port\u00e0til de gamma professional amb suports per a dues barres de fusta fixades a dues altures diferents: 102 cent\u00edmetres i 79,5 cent\u00edmetres. Amb m\u00e9s de deu anys al mercat, la Pina continua sent un dels models m\u00e9s usats en escoles de dansa d\u2019arreu del m\u00f3n que treballen amb ballarins de diferents edats i al\u00e7ades. Els dos tipus de base disponibles, amb rodes o plana, t\u2019aportaran flexibilitat a l\u2019hora d\u2019organitzar les sessions d\u2019entrenament.<\/p>\n<p><strong>ENVIAMENT GRATU\u00cfT | IVA INCL\u00d2S<\/strong><\/p>\n","protected":false},"featured_media":7252,"template":"","meta":{"_editorskit_title_hidden":false,"_editorskit_reading_time":0,"_editorskit_is_block_options_detached":false,"_editorskit_block_options_position":"{}","inline_featured_image":false,"_kad_blocks_custom_css":"","_kad_blocks_head_custom_js":"","_kad_blocks_body_custom_js":"","_kad_blocks_footer_custom_js":""},"product_brand":[],"product_cat":[100,104,106],"product_tag":[123],"class_list":{"0":"post-7239","1":"product","2":"type-product","3":"status-publish","4":"has-post-thumbnail","6":"product_cat-barres-mobils","7":"product_cat-dues-barres","8":"product_cat-professional","9":"product_tag-mobil","10":"post","11":"with-featured-image","13":"first","14":"instock","15":"taxable","16":"shipping-taxable","17":"purchasable","18":"product-type-variable"},"yoast_head":"<!-- This site is optimized with the Yoast SEO plugin v27.4 - https:\/\/yoast.com\/product\/yoast-seo-wordpress\/ -->\n<title>Barra de ballet professional m\u00f2bil doble Pina | Botiga online<\/title>\n<meta name=\"description\" content=\"Amb m\u00e9s de deu anys al mercat, la barra de ballet doble Pina continua sent un dels models m\u00e9s usats en escoles de dansa d\u2019arreu del m\u00f3n.\" \/>\n<meta name=\"robots\" content=\"noindex, follow, max-snippet:-1, max-image-preview:large, max-video-preview:-1\" \/>\n<meta property=\"og:locale\" content=\"ca_ES\" \/>\n<meta property=\"og:type\" content=\"article\" \/>\n<meta property=\"og:title\" content=\"Barra de ballet professional m\u00f2bil doble Pina | Botiga online\" \/>\n<meta property=\"og:description\" content=\"Amb m\u00e9s de deu anys al mercat, la barra de ballet doble Pina continua sent un dels models m\u00e9s usats en escoles de dansa d\u2019arreu del m\u00f3n.\" \/>\n<meta property=\"og:url\" content=\"https:\/\/new.dinamicaballet.com\/ca\/producto\/barra-de-ballet-professional-mobil-doble-pina\/\" \/>\n<meta property=\"og:site_name\" content=\"Dinamica Ballet\" \/>\n<meta property=\"article:publisher\" content=\"https:\/\/www.facebook.com\/dinamicaballet\" \/>\n<meta property=\"article:modified_time\" content=\"2024-09-25T10:26:31+00:00\" \/>\n<meta property=\"og:image\" content=\"https:\/\/new.dinamicaballet.com\/wp-content\/uploads\/2020\/12\/dinamica_ballet_shop_pinamovil_01.jpg\" \/>\n\t<meta property=\"og:image:width\" content=\"600\" \/>\n\t<meta property=\"og:image:height\" content=\"800\" \/>\n\t<meta property=\"og:image:type\" content=\"image\/jpeg\" \/>\n<meta name=\"twitter:card\" content=\"summary_large_image\" \/>\n<meta name=\"twitter:label1\" content=\"Temps estimat de lectura\" \/>\n\t<meta name=\"twitter:data1\" content=\"3 minuts\" \/>\n<script type=\"application\/ld+json\" class=\"yoast-schema-graph\">{\"@context\":\"https:\\\/\\\/schema.org\",\"@graph\":[{\"@type\":\"WebPage\",\"@id\":\"https:\\\/\\\/new.dinamicaballet.com\\\/ca\\\/producto\\\/barra-de-ballet-professional-mobil-doble-pina\\\/\",\"url\":\"https:\\\/\\\/new.dinamicaballet.com\\\/ca\\\/producto\\\/barra-de-ballet-professional-mobil-doble-pina\\\/\",\"name\":\"Barra de ballet professional m\u00f2bil doble Pina | Botiga online\",\"isPartOf\":{\"@id\":\"https:\\\/\\\/new.dinamicaballet.com\\\/ca\\\/#website\"},\"primaryImageOfPage\":{\"@id\":\"https:\\\/\\\/new.dinamicaballet.com\\\/ca\\\/producto\\\/barra-de-ballet-professional-mobil-doble-pina\\\/#primaryimage\"},\"image\":{\"@id\":\"https:\\\/\\\/new.dinamicaballet.com\\\/ca\\\/producto\\\/barra-de-ballet-professional-mobil-doble-pina\\\/#primaryimage\"},\"thumbnailUrl\":\"https:\\\/\\\/new.dinamicaballet.com\\\/wp-content\\\/uploads\\\/2020\\\/12\\\/dinamica_ballet_shop_pinamovil_01.jpg\",\"datePublished\":\"2020-12-03T16:24:53+00:00\",\"dateModified\":\"2024-09-25T10:26:31+00:00\",\"description\":\"Amb m\u00e9s de deu anys al mercat, la barra de ballet doble Pina continua sent un dels models m\u00e9s usats en escoles de dansa d\u2019arreu del m\u00f3n.\",\"inLanguage\":\"ca\",\"potentialAction\":[{\"@type\":\"ReadAction\",\"target\":[\"https:\\\/\\\/new.dinamicaballet.com\\\/ca\\\/producto\\\/barra-de-ballet-professional-mobil-doble-pina\\\/\"]}]},{\"@type\":\"ImageObject\",\"inLanguage\":\"ca\",\"@id\":\"https:\\\/\\\/new.dinamicaballet.com\\\/ca\\\/producto\\\/barra-de-ballet-professional-mobil-doble-pina\\\/#primaryimage\",\"url\":\"https:\\\/\\\/new.dinamicaballet.com\\\/wp-content\\\/uploads\\\/2020\\\/12\\\/dinamica_ballet_shop_pinamovil_01.jpg\",\"contentUrl\":\"https:\\\/\\\/new.dinamicaballet.com\\\/wp-content\\\/uploads\\\/2020\\\/12\\\/dinamica_ballet_shop_pinamovil_01.jpg\",\"width\":600,\"height\":800,\"caption\":\"Barra de ballet professional m\u00f2bil doble Pina\"},{\"@type\":\"WebSite\",\"@id\":\"https:\\\/\\\/new.dinamicaballet.com\\\/ca\\\/#website\",\"url\":\"https:\\\/\\\/new.dinamicaballet.com\\\/ca\\\/\",\"name\":\"Dinamica Ballet\",\"description\":\"Especialistas en barras de ballet y espejos para la danza\",\"publisher\":{\"@id\":\"https:\\\/\\\/new.dinamicaballet.com\\\/ca\\\/#organization\"},\"potentialAction\":[{\"@type\":\"SearchAction\",\"target\":{\"@type\":\"EntryPoint\",\"urlTemplate\":\"https:\\\/\\\/new.dinamicaballet.com\\\/ca\\\/?s={search_term_string}\"},\"query-input\":{\"@type\":\"PropertyValueSpecification\",\"valueRequired\":true,\"valueName\":\"search_term_string\"}}],\"inLanguage\":\"ca\"},{\"@type\":\"Organization\",\"@id\":\"https:\\\/\\\/new.dinamicaballet.com\\\/ca\\\/#organization\",\"name\":\"Dinamica Ballet\",\"url\":\"https:\\\/\\\/new.dinamicaballet.com\\\/ca\\\/\",\"logo\":{\"@type\":\"ImageObject\",\"inLanguage\":\"ca\",\"@id\":\"https:\\\/\\\/new.dinamicaballet.com\\\/ca\\\/#\\\/schema\\\/logo\\\/image\\\/\",\"url\":\"https:\\\/\\\/new.dinamicaballet.com\\\/wp-content\\\/uploads\\\/2022\\\/03\\\/logo_dinamica_ballet.svg\",\"contentUrl\":\"https:\\\/\\\/new.dinamicaballet.com\\\/wp-content\\\/uploads\\\/2022\\\/03\\\/logo_dinamica_ballet.svg\",\"width\":284,\"height\":51,\"caption\":\"Dinamica Ballet\"},\"image\":{\"@id\":\"https:\\\/\\\/new.dinamicaballet.com\\\/ca\\\/#\\\/schema\\\/logo\\\/image\\\/\"},\"sameAs\":[\"https:\\\/\\\/www.facebook.com\\\/dinamicaballet\",\"https:\\\/\\\/www.instagram.com\\\/dinamicaballet\\\/\",\"http:\\\/\\\/www.linkedin.com\\\/company\\\/dinamica-ballet\",\"https:\\\/\\\/www.pinterest.com\\\/DinamicaBallet\\\/\"]}]}<\/script>\n<!-- \/ Yoast SEO plugin. -->","yoast_head_json":{"title":"Barra de ballet professional m\u00f2bil doble Pina | Botiga online","description":"Amb m\u00e9s de deu anys al mercat, la barra de ballet doble Pina continua sent un dels models m\u00e9s usats en escoles de dansa d\u2019arreu del m\u00f3n.","robots":{"index":"noindex","follow":"follow","max-snippet":"max-snippet:-1","max-image-preview":"max-image-preview:large","max-video-preview":"max-video-preview:-1"},"og_locale":"ca_ES","og_type":"article","og_title":"Barra de ballet professional m\u00f2bil doble Pina | Botiga online","og_description":"Amb m\u00e9s de deu anys al mercat, la barra de ballet doble Pina continua sent un dels models m\u00e9s usats en escoles de dansa d\u2019arreu del m\u00f3n.","og_url":"https:\/\/new.dinamicaballet.com\/ca\/producto\/barra-de-ballet-professional-mobil-doble-pina\/","og_site_name":"Dinamica Ballet","article_publisher":"https:\/\/www.facebook.com\/dinamicaballet","article_modified_time":"2024-09-25T10:26:31+00:00","og_image":[{"width":600,"height":800,"url":"https:\/\/new.dinamicaballet.com\/wp-content\/uploads\/2020\/12\/dinamica_ballet_shop_pinamovil_01.jpg","type":"image\/jpeg"}],"twitter_card":"summary_large_image","twitter_misc":{"Temps estimat de lectura":"3 minuts"},"schema":{"@context":"https:\/\/schema.org","@graph":[{"@type":"WebPage","@id":"https:\/\/new.dinamicaballet.com\/ca\/producto\/barra-de-ballet-professional-mobil-doble-pina\/","url":"https:\/\/new.dinamicaballet.com\/ca\/producto\/barra-de-ballet-professional-mobil-doble-pina\/","name":"Barra de ballet professional m\u00f2bil doble Pina | Botiga online","isPartOf":{"@id":"https:\/\/new.dinamicaballet.com\/ca\/#website"},"primaryImageOfPage":{"@id":"https:\/\/new.dinamicaballet.com\/ca\/producto\/barra-de-ballet-professional-mobil-doble-pina\/#primaryimage"},"image":{"@id":"https:\/\/new.dinamicaballet.com\/ca\/producto\/barra-de-ballet-professional-mobil-doble-pina\/#primaryimage"},"thumbnailUrl":"https:\/\/new.dinamicaballet.com\/wp-content\/uploads\/2020\/12\/dinamica_ballet_shop_pinamovil_01.jpg","datePublished":"2020-12-03T16:24:53+00:00","dateModified":"2024-09-25T10:26:31+00:00","description":"Amb m\u00e9s de deu anys al mercat, la barra de ballet doble Pina continua sent un dels models m\u00e9s usats en escoles de dansa d\u2019arreu del m\u00f3n.","inLanguage":"ca","potentialAction":[{"@type":"ReadAction","target":["https:\/\/new.dinamicaballet.com\/ca\/producto\/barra-de-ballet-professional-mobil-doble-pina\/"]}]},{"@type":"ImageObject","inLanguage":"ca","@id":"https:\/\/new.dinamicaballet.com\/ca\/producto\/barra-de-ballet-professional-mobil-doble-pina\/#primaryimage","url":"https:\/\/new.dinamicaballet.com\/wp-content\/uploads\/2020\/12\/dinamica_ballet_shop_pinamovil_01.jpg","contentUrl":"https:\/\/new.dinamicaballet.com\/wp-content\/uploads\/2020\/12\/dinamica_ballet_shop_pinamovil_01.jpg","width":600,"height":800,"caption":"Barra de ballet professional m\u00f2bil doble Pina"},{"@type":"WebSite","@id":"https:\/\/new.dinamicaballet.com\/ca\/#website","url":"https:\/\/new.dinamicaballet.com\/ca\/","name":"Dinamica Ballet","description":"Especialistas en barras de ballet y espejos para la danza","publisher":{"@id":"https:\/\/new.dinamicaballet.com\/ca\/#organization"},"potentialAction":[{"@type":"SearchAction","target":{"@type":"EntryPoint","urlTemplate":"https:\/\/new.dinamicaballet.com\/ca\/?s={search_term_string}"},"query-input":{"@type":"PropertyValueSpecification","valueRequired":true,"valueName":"search_term_string"}}],"inLanguage":"ca"},{"@type":"Organization","@id":"https:\/\/new.dinamicaballet.com\/ca\/#organization","name":"Dinamica Ballet","url":"https:\/\/new.dinamicaballet.com\/ca\/","logo":{"@type":"ImageObject","inLanguage":"ca","@id":"https:\/\/new.dinamicaballet.com\/ca\/#\/schema\/logo\/image\/","url":"https:\/\/new.dinamicaballet.com\/wp-content\/uploads\/2022\/03\/logo_dinamica_ballet.svg","contentUrl":"https:\/\/new.dinamicaballet.com\/wp-content\/uploads\/2022\/03\/logo_dinamica_ballet.svg","width":284,"height":51,"caption":"Dinamica Ballet"},"image":{"@id":"https:\/\/new.dinamicaballet.com\/ca\/#\/schema\/logo\/image\/"},"sameAs":["https:\/\/www.facebook.com\/dinamicaballet","https:\/\/www.instagram.com\/dinamicaballet\/","http:\/\/www.linkedin.com\/company\/dinamica-ballet","https:\/\/www.pinterest.com\/DinamicaBallet\/"]}]}},"taxonomy_info":{"product_cat":[{"value":100,"label":"Barres m\u00f2bils"},{"value":104,"label":"Dues barres"},{"value":106,"label":"Professional"}],"product_tag":[{"value":123,"label":"m\u00f2bil"}]},"featured_image_src_large":["https:\/\/new.dinamicaballet.com\/wp-content\/uploads\/2020\/12\/dinamica_ballet_shop_pinamovil_01.jpg",600,800,false],"author_info":[],"comment_info":"","_links":{"self":[{"href":"https:\/\/new.dinamicaballet.com\/ca\/wp-json\/wp\/v2\/product\/7239","targetHints":{"allow":["GET"]}}],"collection":[{"href":"https:\/\/new.dinamicaballet.com\/ca\/wp-json\/wp\/v2\/product"}],"about":[{"href":"https:\/\/new.dinamicaballet.com\/ca\/wp-json\/wp\/v2\/types\/product"}],"wp:featuredmedia":[{"embeddable":true,"href":"https:\/\/new.dinamicaballet.com\/ca\/wp-json\/wp\/v2\/media\/7252"}],"wp:attachment":[{"href":"https:\/\/new.dinamicaballet.com\/ca\/wp-json\/wp\/v2\/media?parent=7239"}],"wp:term":[{"taxonomy":"product_brand","embeddable":true,"href":"https:\/\/new.dinamicaballet.com\/ca\/wp-json\/wp\/v2\/product_brand?post=7239"},{"taxonomy":"product_cat","embeddable":true,"href":"https:\/\/new.dinamicaballet.com\/ca\/wp-json\/wp\/v2\/product_cat?post=7239"},{"taxonomy":"product_tag","embeddable":true,"href":"https:\/\/new.dinamicaballet.com\/ca\/wp-json\/wp\/v2\/product_tag?post=7239"}],"curies":[{"name":"wp","href":"https:\/\/api.w.org\/{rel}","templated":true}]}}