{"id":7197,"date":"2020-12-03T16:24:54","date_gmt":"2020-12-03T16:24:54","guid":{"rendered":"https:\/\/www.dinamicaballet.com\/producto\/avant-barra-de-ballet-mobil-professional\/"},"modified":"2025-05-16T11:06:56","modified_gmt":"2025-05-16T10:06:56","slug":"avant-barra-de-ballet-mobil-professional","status":"publish","type":"product","link":"https:\/\/new.dinamicaballet.com\/ca\/producto\/avant-barra-de-ballet-mobil-professional\/","title":{"rendered":"Barra de ballet m\u00f2bil professional Avant"},"content":{"rendered":"<h2>Estabilitat i resist\u00e8ncia professional<\/h2>\n<p>El disseny exclusiu dels suports de la nostra gamma professional distribueix la pressi\u00f3 que exerceix la ballarina sobre la barra de fusta, i les bases d\u2019acer aporten gran estabilitat al conjunt. Hem fet estudis en el Laboratori d\u2019Elasticitat i Resist\u00e8ncia de Materials de la Universitat Polit\u00e8cnica de Catalunya que proven resist\u00e8ncia a forces de fins a gaireb\u00e9 400 quilograms.<\/p>\n<p>La barra ha obtingut el reconeixement tant de professionals que busquen alt rendiment a l\u2019aula com d\u2019per a aficionats a la dansa que necessiten una barra amb bona estabilitat per fer els exercicis m\u00e9s exigents a casa.<\/p>\n<p>&nbsp;<\/p>\n<h2>Base amb rodes i base plana; la mobilitat que s\u2019adapta a tu<\/h2>\n<p>L\u2019Avant forma part de la nostra gamma de barres de ballet m\u00f2bils professionals. T\u2019oferim dos tipus de bases d\u2019acer: una base amb dues rodes i un pes de 20 quilograms, i una altra base plana sense rodes, m\u00e9s lleugera, de 10 quilograms cadascuna. La base amb rodes de goma d\u2019alta densitat t\u2019ofereix gran estabilitat i et permet traslladar la barra sense esfor\u00e7 inclinant el conjunt 45 graus des d\u2019una posici\u00f3 central. La base plana est\u00e0 pensada perqu\u00e8 puguis moure tot el conjunt sense recolzar-lo al terra.<\/p>\n<p>En tots dos casos, les bases estan equipades amb topalls de goma per evitar qualsevol dany o desperfecte\u00a0 al terra, encara que sigui de fusta. Si t\u2019has d\u2019endur l\u2019Avant de gira o la necessites moure de lloc sovint, et recomanem la base amb rodes; si l\u2019has de traslladar ocasionalment o entre dues persones, la base plana et pot anar b\u00e9. El pes total del conjunt de la base amb rodes equipada amb barra de fusta de 2 metres \u00e9s de 48 quilograms. El pes del conjunt amb bases planes sense rodes \u00e9s de 32 quilograms.<\/p>\n<p>&nbsp;<\/p>\n<h2>Gaudeix del tacte inigualable de la fusta<\/h2>\n<p>Les nostres barres de fusta de pi melis de boscos sostenibles s\u00f3n resistents i aporten una lleugera flexibilitat ideal per a exercicis avan\u00e7ats. La fusta perfectament polida i sense envernissar aporta un tacte agradable, una subjecci\u00f3 \u00f2ptima i una bellesa org\u00e0nica per gaudir al m\u00e0xim de les teves pr\u00e0ctiques. L\u2019Avant est\u00e0 disponible amb barres de fusta d\u20191,5, de 2 i de 3 metres.<\/p>\n<p>&nbsp;<\/p>\n<a href=\"https:\/\/new.dinamicaballet.com\/wp-content\/uploads\/2021\/05\/FT-AVANT-0421-3.pdf\" class=\"su-button su-button-style-default\" style=\"color:#006B7C;background-color:#FFF2D5;border-color:#ccc2ab;border-radius:5px\" target=\"_blank\" rel=\"noopener noreferrer\"><span style=\"color:#006B7C;padding:0px 16px;font-size:13px;line-height:26px;border-color:#fff6e2;border-radius:5px;text-shadow:none\"> Descarregar fitxa t\u00e8cnica<\/span><\/a> <a href=\"https:\/\/new.dinamicaballet.com\/wp-content\/uploads\/2021\/07\/Instruccions-Avant.pdf\" class=\"su-button su-button-style-default\" style=\"color:#006B7C;background-color:#FFF2D5;border-color:#ccc2ab;border-radius:5px\" target=\"_blank\" rel=\"noopener noreferrer\"><span style=\"color:#006B7C;padding:0px 16px;font-size:13px;line-height:26px;border-color:#fff6e2;border-radius:5px;text-shadow:none\"> Descarregar instruccions<\/span><\/a>\n<p>&nbsp;<\/p>\n<div class=\"su-youtube su-u-responsive-media-yes\"><iframe loading=\"lazy\" width=\"600\" height=\"400\" src=\"https:\/\/www.youtube.com\/embed\/GpvSn3xFP98?autohide=2&amp;autoplay=0&amp;mute=1&amp;controls=1&amp;fs=1&amp;loop=0&amp;modestbranding=0&amp;rel=1&amp;showinfo=1&amp;theme=dark&amp;wmode=&amp;playsinline=0\" frameborder=\"0\" allowfullscreen allow=\"autoplay; encrypted-media; picture-in-picture\" title=\"Barra de ballet m\u00f2bil professional Avant Dinamica Ballet\"><\/iframe><\/div>\n","protected":false},"excerpt":{"rendered":"<p>L\u2019Avant \u00e9s una barra de ballet professional per a una barra de fusta i dos tipus de base disponibles. Amb una altura fixa a 103 cent\u00edmetres del terra, es tracta d\u2019un model que aporta bon rendiment tant en el treball a l\u2019acad\u00e8mia de dansa com practicant exercicis a casa.<\/p>\n<p><strong>ENVIAMENT GRATU\u00cfT | IVA INCL\u00d2S<\/strong><\/p>\n","protected":false},"featured_media":7214,"template":"","meta":{"_editorskit_title_hidden":false,"_editorskit_reading_time":0,"_editorskit_is_block_options_detached":false,"_editorskit_block_options_position":"{}","inline_featured_image":false,"_kad_blocks_custom_css":"","_kad_blocks_head_custom_js":"","_kad_blocks_body_custom_js":"","_kad_blocks_footer_custom_js":""},"product_brand":[],"product_cat":[100,106,103],"product_tag":[123],"class_list":{"0":"post-7197","1":"product","2":"type-product","3":"status-publish","4":"has-post-thumbnail","6":"product_cat-barres-mobils","7":"product_cat-professional","8":"product_cat-una-barra-ca","9":"product_tag-mobil","10":"post","11":"with-featured-image","13":"first","14":"instock","15":"taxable","16":"shipping-taxable","17":"purchasable","18":"product-type-variable"},"yoast_head":"<!-- This site is optimized with the Yoast SEO plugin v27.4 - https:\/\/yoast.com\/product\/yoast-seo-wordpress\/ -->\n<title>Barra de ballet m\u00f2bil professional Avant | Botiga online |<\/title>\n<meta name=\"description\" content=\"La barra de ballet Avant aporta bon rendiment tant en el treball a l\u2019acad\u00e8mia de dansa com practicant exercicis a casa.\" \/>\n<meta name=\"robots\" content=\"noindex, follow, max-snippet:-1, max-image-preview:large, max-video-preview:-1\" \/>\n<meta property=\"og:locale\" content=\"ca_ES\" \/>\n<meta property=\"og:type\" content=\"article\" \/>\n<meta property=\"og:title\" content=\"Barra de ballet m\u00f2bil professional Avant | Botiga online |\" \/>\n<meta property=\"og:description\" content=\"La barra de ballet Avant aporta bon rendiment tant en el treball a l\u2019acad\u00e8mia de dansa com practicant exercicis a casa.\" \/>\n<meta property=\"og:url\" content=\"https:\/\/new.dinamicaballet.com\/ca\/producto\/avant-barra-de-ballet-mobil-professional\/\" \/>\n<meta property=\"og:site_name\" content=\"Dinamica Ballet\" \/>\n<meta property=\"article:publisher\" content=\"https:\/\/www.facebook.com\/dinamicaballet\" \/>\n<meta property=\"article:modified_time\" content=\"2025-05-16T10:06:56+00:00\" \/>\n<meta property=\"og:image\" content=\"https:\/\/new.dinamicaballet.com\/wp-content\/uploads\/2020\/12\/dinamica_ballet_shop_avant_01.jpg\" \/>\n\t<meta property=\"og:image:width\" content=\"600\" \/>\n\t<meta property=\"og:image:height\" content=\"800\" \/>\n\t<meta property=\"og:image:type\" content=\"image\/jpeg\" \/>\n<meta name=\"twitter:card\" content=\"summary_large_image\" \/>\n<meta name=\"twitter:label1\" content=\"Temps estimat de lectura\" \/>\n\t<meta name=\"twitter:data1\" content=\"2 minuts\" \/>\n<script type=\"application\/ld+json\" class=\"yoast-schema-graph\">{\"@context\":\"https:\\\/\\\/schema.org\",\"@graph\":[{\"@type\":\"WebPage\",\"@id\":\"https:\\\/\\\/new.dinamicaballet.com\\\/ca\\\/producto\\\/avant-barra-de-ballet-mobil-professional\\\/\",\"url\":\"https:\\\/\\\/new.dinamicaballet.com\\\/ca\\\/producto\\\/avant-barra-de-ballet-mobil-professional\\\/\",\"name\":\"Barra de ballet m\u00f2bil professional Avant | Botiga online |\",\"isPartOf\":{\"@id\":\"https:\\\/\\\/new.dinamicaballet.com\\\/ca\\\/#website\"},\"primaryImageOfPage\":{\"@id\":\"https:\\\/\\\/new.dinamicaballet.com\\\/ca\\\/producto\\\/avant-barra-de-ballet-mobil-professional\\\/#primaryimage\"},\"image\":{\"@id\":\"https:\\\/\\\/new.dinamicaballet.com\\\/ca\\\/producto\\\/avant-barra-de-ballet-mobil-professional\\\/#primaryimage\"},\"thumbnailUrl\":\"https:\\\/\\\/new.dinamicaballet.com\\\/wp-content\\\/uploads\\\/2020\\\/12\\\/dinamica_ballet_shop_avant_01.jpg\",\"datePublished\":\"2020-12-03T16:24:54+00:00\",\"dateModified\":\"2025-05-16T10:06:56+00:00\",\"description\":\"La barra de ballet Avant aporta bon rendiment tant en el treball a l\u2019acad\u00e8mia de dansa com practicant exercicis a casa.\",\"inLanguage\":\"ca\",\"potentialAction\":[{\"@type\":\"ReadAction\",\"target\":[\"https:\\\/\\\/new.dinamicaballet.com\\\/ca\\\/producto\\\/avant-barra-de-ballet-mobil-professional\\\/\"]}]},{\"@type\":\"ImageObject\",\"inLanguage\":\"ca\",\"@id\":\"https:\\\/\\\/new.dinamicaballet.com\\\/ca\\\/producto\\\/avant-barra-de-ballet-mobil-professional\\\/#primaryimage\",\"url\":\"https:\\\/\\\/new.dinamicaballet.com\\\/wp-content\\\/uploads\\\/2020\\\/12\\\/dinamica_ballet_shop_avant_01.jpg\",\"contentUrl\":\"https:\\\/\\\/new.dinamicaballet.com\\\/wp-content\\\/uploads\\\/2020\\\/12\\\/dinamica_ballet_shop_avant_01.jpg\",\"width\":600,\"height\":800,\"caption\":\"Avant, barra de ballet m\u00f2bil professional\"},{\"@type\":\"WebSite\",\"@id\":\"https:\\\/\\\/new.dinamicaballet.com\\\/ca\\\/#website\",\"url\":\"https:\\\/\\\/new.dinamicaballet.com\\\/ca\\\/\",\"name\":\"Dinamica Ballet\",\"description\":\"Especialistas en barras de ballet y espejos para la danza\",\"publisher\":{\"@id\":\"https:\\\/\\\/new.dinamicaballet.com\\\/ca\\\/#organization\"},\"potentialAction\":[{\"@type\":\"SearchAction\",\"target\":{\"@type\":\"EntryPoint\",\"urlTemplate\":\"https:\\\/\\\/new.dinamicaballet.com\\\/ca\\\/?s={search_term_string}\"},\"query-input\":{\"@type\":\"PropertyValueSpecification\",\"valueRequired\":true,\"valueName\":\"search_term_string\"}}],\"inLanguage\":\"ca\"},{\"@type\":\"Organization\",\"@id\":\"https:\\\/\\\/new.dinamicaballet.com\\\/ca\\\/#organization\",\"name\":\"Dinamica Ballet\",\"url\":\"https:\\\/\\\/new.dinamicaballet.com\\\/ca\\\/\",\"logo\":{\"@type\":\"ImageObject\",\"inLanguage\":\"ca\",\"@id\":\"https:\\\/\\\/new.dinamicaballet.com\\\/ca\\\/#\\\/schema\\\/logo\\\/image\\\/\",\"url\":\"https:\\\/\\\/new.dinamicaballet.com\\\/wp-content\\\/uploads\\\/2022\\\/03\\\/logo_dinamica_ballet.svg\",\"contentUrl\":\"https:\\\/\\\/new.dinamicaballet.com\\\/wp-content\\\/uploads\\\/2022\\\/03\\\/logo_dinamica_ballet.svg\",\"width\":284,\"height\":51,\"caption\":\"Dinamica Ballet\"},\"image\":{\"@id\":\"https:\\\/\\\/new.dinamicaballet.com\\\/ca\\\/#\\\/schema\\\/logo\\\/image\\\/\"},\"sameAs\":[\"https:\\\/\\\/www.facebook.com\\\/dinamicaballet\",\"https:\\\/\\\/www.instagram.com\\\/dinamicaballet\\\/\",\"http:\\\/\\\/www.linkedin.com\\\/company\\\/dinamica-ballet\",\"https:\\\/\\\/www.pinterest.com\\\/DinamicaBallet\\\/\"]}]}<\/script>\n<!-- \/ Yoast SEO plugin. -->","yoast_head_json":{"title":"Barra de ballet m\u00f2bil professional Avant | Botiga online |","description":"La barra de ballet Avant aporta bon rendiment tant en el treball a l\u2019acad\u00e8mia de dansa com practicant exercicis a casa.","robots":{"index":"noindex","follow":"follow","max-snippet":"max-snippet:-1","max-image-preview":"max-image-preview:large","max-video-preview":"max-video-preview:-1"},"og_locale":"ca_ES","og_type":"article","og_title":"Barra de ballet m\u00f2bil professional Avant | Botiga online |","og_description":"La barra de ballet Avant aporta bon rendiment tant en el treball a l\u2019acad\u00e8mia de dansa com practicant exercicis a casa.","og_url":"https:\/\/new.dinamicaballet.com\/ca\/producto\/avant-barra-de-ballet-mobil-professional\/","og_site_name":"Dinamica Ballet","article_publisher":"https:\/\/www.facebook.com\/dinamicaballet","article_modified_time":"2025-05-16T10:06:56+00:00","og_image":[{"width":600,"height":800,"url":"https:\/\/new.dinamicaballet.com\/wp-content\/uploads\/2020\/12\/dinamica_ballet_shop_avant_01.jpg","type":"image\/jpeg"}],"twitter_card":"summary_large_image","twitter_misc":{"Temps estimat de lectura":"2 minuts"},"schema":{"@context":"https:\/\/schema.org","@graph":[{"@type":"WebPage","@id":"https:\/\/new.dinamicaballet.com\/ca\/producto\/avant-barra-de-ballet-mobil-professional\/","url":"https:\/\/new.dinamicaballet.com\/ca\/producto\/avant-barra-de-ballet-mobil-professional\/","name":"Barra de ballet m\u00f2bil professional Avant | Botiga online |","isPartOf":{"@id":"https:\/\/new.dinamicaballet.com\/ca\/#website"},"primaryImageOfPage":{"@id":"https:\/\/new.dinamicaballet.com\/ca\/producto\/avant-barra-de-ballet-mobil-professional\/#primaryimage"},"image":{"@id":"https:\/\/new.dinamicaballet.com\/ca\/producto\/avant-barra-de-ballet-mobil-professional\/#primaryimage"},"thumbnailUrl":"https:\/\/new.dinamicaballet.com\/wp-content\/uploads\/2020\/12\/dinamica_ballet_shop_avant_01.jpg","datePublished":"2020-12-03T16:24:54+00:00","dateModified":"2025-05-16T10:06:56+00:00","description":"La barra de ballet Avant aporta bon rendiment tant en el treball a l\u2019acad\u00e8mia de dansa com practicant exercicis a casa.","inLanguage":"ca","potentialAction":[{"@type":"ReadAction","target":["https:\/\/new.dinamicaballet.com\/ca\/producto\/avant-barra-de-ballet-mobil-professional\/"]}]},{"@type":"ImageObject","inLanguage":"ca","@id":"https:\/\/new.dinamicaballet.com\/ca\/producto\/avant-barra-de-ballet-mobil-professional\/#primaryimage","url":"https:\/\/new.dinamicaballet.com\/wp-content\/uploads\/2020\/12\/dinamica_ballet_shop_avant_01.jpg","contentUrl":"https:\/\/new.dinamicaballet.com\/wp-content\/uploads\/2020\/12\/dinamica_ballet_shop_avant_01.jpg","width":600,"height":800,"caption":"Avant, barra de ballet m\u00f2bil professional"},{"@type":"WebSite","@id":"https:\/\/new.dinamicaballet.com\/ca\/#website","url":"https:\/\/new.dinamicaballet.com\/ca\/","name":"Dinamica Ballet","description":"Especialistas en barras de ballet y espejos para la danza","publisher":{"@id":"https:\/\/new.dinamicaballet.com\/ca\/#organization"},"potentialAction":[{"@type":"SearchAction","target":{"@type":"EntryPoint","urlTemplate":"https:\/\/new.dinamicaballet.com\/ca\/?s={search_term_string}"},"query-input":{"@type":"PropertyValueSpecification","valueRequired":true,"valueName":"search_term_string"}}],"inLanguage":"ca"},{"@type":"Organization","@id":"https:\/\/new.dinamicaballet.com\/ca\/#organization","name":"Dinamica Ballet","url":"https:\/\/new.dinamicaballet.com\/ca\/","logo":{"@type":"ImageObject","inLanguage":"ca","@id":"https:\/\/new.dinamicaballet.com\/ca\/#\/schema\/logo\/image\/","url":"https:\/\/new.dinamicaballet.com\/wp-content\/uploads\/2022\/03\/logo_dinamica_ballet.svg","contentUrl":"https:\/\/new.dinamicaballet.com\/wp-content\/uploads\/2022\/03\/logo_dinamica_ballet.svg","width":284,"height":51,"caption":"Dinamica Ballet"},"image":{"@id":"https:\/\/new.dinamicaballet.com\/ca\/#\/schema\/logo\/image\/"},"sameAs":["https:\/\/www.facebook.com\/dinamicaballet","https:\/\/www.instagram.com\/dinamicaballet\/","http:\/\/www.linkedin.com\/company\/dinamica-ballet","https:\/\/www.pinterest.com\/DinamicaBallet\/"]}]}},"taxonomy_info":{"product_cat":[{"value":100,"label":"Barres m\u00f2bils"},{"value":106,"label":"Professional"},{"value":103,"label":"Una barra"}],"product_tag":[{"value":123,"label":"m\u00f2bil"}]},"featured_image_src_large":["https:\/\/new.dinamicaballet.com\/wp-content\/uploads\/2020\/12\/dinamica_ballet_shop_avant_01.jpg",600,800,false],"author_info":[],"comment_info":"","_links":{"self":[{"href":"https:\/\/new.dinamicaballet.com\/ca\/wp-json\/wp\/v2\/product\/7197","targetHints":{"allow":["GET"]}}],"collection":[{"href":"https:\/\/new.dinamicaballet.com\/ca\/wp-json\/wp\/v2\/product"}],"about":[{"href":"https:\/\/new.dinamicaballet.com\/ca\/wp-json\/wp\/v2\/types\/product"}],"wp:featuredmedia":[{"embeddable":true,"href":"https:\/\/new.dinamicaballet.com\/ca\/wp-json\/wp\/v2\/media\/7214"}],"wp:attachment":[{"href":"https:\/\/new.dinamicaballet.com\/ca\/wp-json\/wp\/v2\/media?parent=7197"}],"wp:term":[{"taxonomy":"product_brand","embeddable":true,"href":"https:\/\/new.dinamicaballet.com\/ca\/wp-json\/wp\/v2\/product_brand?post=7197"},{"taxonomy":"product_cat","embeddable":true,"href":"https:\/\/new.dinamicaballet.com\/ca\/wp-json\/wp\/v2\/product_cat?post=7197"},{"taxonomy":"product_tag","embeddable":true,"href":"https:\/\/new.dinamicaballet.com\/ca\/wp-json\/wp\/v2\/product_tag?post=7197"}],"curies":[{"name":"wp","href":"https:\/\/api.w.org\/{rel}","templated":true}]}}